{"id":10057,"date":"2021-09-22T15:40:41","date_gmt":"2023-11-16T21:46:17","guid":{"rendered":"https:\/\/redleafaquascaping.com\/?post_type=product&#038;p=10057"},"modified":"2024-09-11T22:37:26","modified_gmt":"2024-09-12T02:37:26","slug":"co2art-pro-elite-series","status":"publish","type":"product","link":"https:\/\/redleafaquascaping.com\/fr\/produit\/co2art-pro-elite-series\/","title":{"rendered":"CO2Art Pro-Elite Series"},"content":{"rendered":"<p>S\u00e9rie Pro-Elite &#8211; Le R\u00e9gulateur de CO2 \u00e0 Double \u00c9tape le Plus Avanc\u00e9 pour Aquariums<\/p>\n<p>D\u00e9couvrez la nouvelle g\u00e9n\u00e9ration de notre r\u00e9gulateur \u00e0 double \u00e9tape le mieux not\u00e9, sp\u00e9cialement con\u00e7u pour la s\u00e9curit\u00e9 des aquariums et une pr\u00e9cision fine. Adapt\u00e9 aux aquariums de 5 \u00e0 5000 litres !<\/p>\n<p>Sa construction \u00e0 double \u00e9tape minimise l&rsquo;augmentation de la pression de sortie lorsque la pression baisse dans la bouteille de gaz, \u00e9vitant ainsi tout d\u00e9versement de la bouteille, quelle que soit sa taille.<\/p>\n<p>Dot\u00e9 d&rsquo;un bloc de sol\u00e9no\u00efde enti\u00e8rement personnalis\u00e9 avec des vannes \u00e0 aiguille \u00e0 haute pr\u00e9cision int\u00e9gr\u00e9es et un compte-bulles.<\/p>\n<p>Caract\u00e9ristiques :<\/p>\n<p>&#8211; Vanne sol\u00e9no\u00efde int\u00e9gr\u00e9e s\u00fbre de 12V DC<br \/>\n&#8211; Adaptateur secteur avec tension universelle 100V-240V<br \/>\n&#8211; Pression de travail r\u00e9glable jusqu&rsquo;\u00e0 5 bars<br \/>\n&#8211; Indicateurs de pression \u00e0 double jauge en acier inoxydable (volume du r\u00e9servoir et pression de flux \/ pression de travail)<br \/>\n&#8211; Vanne \u00e0 aiguille int\u00e9gr\u00e9e de haute pr\u00e9cision<br \/>\n&#8211; Compte-bulles avec clapet anti-retour int\u00e9gr\u00e9<br \/>\n&#8211; Bloc collecteur extensible<br \/>\n&#8211; Compatible avec des bouteilles de CO2 de toutes tailles gr\u00e2ce \u00e0 sa construction \u00e0 deux \u00e9tapes<br \/>\n&#8211; Filetage selon la norme nord-am\u00e9ricaine CGA320<\/p>\n<p>Vous souhaitez injecter du CO2 dans deux, trois ou plus d&rsquo;aquariums ? Votre aquarium fait plus de 500L et n\u00e9cessite plus de diffuseurs ?<\/p>\n<p>Vous pouvez d\u00e9sormais ajouter autant de sorties que vous le souhaitez. Avec une installation facile, vous pouvez ajouter ou retirer des blocs suppl\u00e9mentaires \u00e0 tout moment. Profitez d&rsquo;une distribution optimale du CO2 pour vos aquariums, en toute simplicit\u00e9.<\/p>\n<div><\/div>\n<p><a title=\"Manifold Block\" href=\"https:\/\/www.co2art.eu\/collections\/co2-regulators\/products\/manifold-block-for-pro-elite-series-regulator\"><img decoding=\"async\" src=\"https:\/\/cdn.shopify.com\/s\/files\/1\/0306\/3417\/products\/manifold-block_medium.jpg?v=1506089521\" alt=\"\" \/><\/a><\/p>\n<p><a href=\"https:\/\/redleafaquascaping.com\/product\/co2-art-manifold\u2026series-regulator\/\" target=\"_blank\" rel=\"noopener\">CO2 ART Bloc supl\u00e9mentaire<\/a><\/p>\n","protected":false},"excerpt":{"rendered":"<ul>\n<li>con\u00e7u pour la s\u00e9curit\u00e9<\/li>\n<li>construction \u00e0 double \u00e9tape<\/li>\n<li>vannes \u00e0 aiguille \u00e0 haute pr\u00e9cision<\/li>\n<li>Bloc collecteur extensible, modulable<\/li>\n<\/ul>\n","protected":false},"featured_media":4301,"template":"","meta":{"site-sidebar-layout":"default","site-content-layout":"","ast-site-content-layout":"default","site-content-style":"default","site-sidebar-style":"default","ast-global-header-display":"","ast-banner-title-visibility":"","ast-main-header-display":"","ast-hfb-above-header-display":"","ast-hfb-below-header-display":"","ast-hfb-mobile-header-display":"","site-post-title":"","ast-breadcrumbs-content":"","ast-featured-img":"","footer-sml-layout":"","ast-disable-related-posts":"","theme-transparent-header-meta":"default","adv-header-id-meta":"","stick-header-meta":"","header-above-stick-meta":"","header-main-stick-meta":"","header-below-stick-meta":"","astra-migrate-meta-layouts":"set","ast-page-background-enabled":"default","ast-page-background-meta":{"desktop":{"background-color":"","background-image":"","background-repeat":"repeat","background-position":"center center","background-size":"auto","background-attachment":"scroll","background-type":"","background-media":"","overlay-type":"","overlay-color":"","overlay-opacity":"","overlay-gradient":""},"tablet":{"background-color":"","background-image":"","background-repeat":"repeat","background-position":"center center","background-size":"auto","background-attachment":"scroll","background-type":"","background-media":"","overlay-type":"","overlay-color":"","overlay-opacity":"","overlay-gradient":""},"mobile":{"background-color":"","background-image":"","background-repeat":"repeat","background-position":"center center","background-size":"auto","background-attachment":"scroll","background-type":"","background-media":"","overlay-type":"","overlay-color":"","overlay-opacity":"","overlay-gradient":""}},"ast-content-background-meta":{"desktop":{"background-color":"var(--ast-global-color-5)","background-image":"","background-repeat":"repeat","background-position":"center center","background-size":"auto","background-attachment":"scroll","background-type":"","background-media":"","overlay-type":"","overlay-color":"","overlay-opacity":"","overlay-gradient":""},"tablet":{"background-color":"var(--ast-global-color-5)","background-image":"","background-repeat":"repeat","background-position":"center center","background-size":"auto","background-attachment":"scroll","background-type":"","background-media":"","overlay-type":"","overlay-color":"","overlay-opacity":"","overlay-gradient":""},"mobile":{"background-color":"var(--ast-global-color-5)","background-image":"","background-repeat":"repeat","background-position":"center center","background-size":"auto","background-attachment":"scroll","background-type":"","background-media":"","overlay-type":"","overlay-color":"","overlay-opacity":"","overlay-gradient":""}}},"product_brand":[],"product_cat":[1367,472,469],"product_tag":[1107,1359],"class_list":{"0":"post-10057","1":"product","2":"type-product","3":"status-publish","4":"has-post-thumbnail","6":"product_cat-co2art-fr","7":"product_cat-controleurs-de-co2","8":"product_cat-systemes-de-co2","9":"product_tag-co2-fr","10":"product_tag-regulator-fr","11":"desktop-align-left","12":"tablet-align-left","13":"mobile-align-left","14":"ast-product-gallery-layout-horizontal-slider","15":"ast-product-tabs-layout-horizontal","17":"first","18":"outofstock","19":"taxable","20":"shipping-taxable","21":"purchasable","22":"product-type-simple"},"yoast_head":"<!-- This site is optimized with the Yoast SEO plugin v27.2 - https:\/\/yoast.com\/product\/yoast-seo-wordpress\/ -->\n<title>CO2Art Pro-Elite Series | Red Leaf Aquascaping<\/title>\n<meta name=\"robots\" content=\"index, follow, max-snippet:-1, max-image-preview:large, max-video-preview:-1\" \/>\n<link rel=\"canonical\" href=\"https:\/\/redleafaquascaping.com\/fr\/produit\/co2art-pro-elite-series\/\" \/>\n<meta property=\"og:locale\" content=\"fr_FR\" \/>\n<meta property=\"og:type\" content=\"article\" \/>\n<meta property=\"og:title\" content=\"CO2Art Pro-Elite Series | Red Leaf Aquascaping\" \/>\n<meta property=\"og:description\" content=\"con\u00e7u pour la s\u00e9curit\u00e9  construction \u00e0 double \u00e9tape  vannes \u00e0 aiguille \u00e0 haute pr\u00e9cision  Bloc collecteur extensible, modulable\" \/>\n<meta property=\"og:url\" content=\"https:\/\/redleafaquascaping.com\/fr\/produit\/co2art-pro-elite-series\/\" \/>\n<meta property=\"og:site_name\" content=\"Red Leaf Aquascaping\" \/>\n<meta property=\"article:publisher\" content=\"https:\/\/www.facebook.com\/Redleafaqua\" \/>\n<meta property=\"article:modified_time\" content=\"2024-09-12T02:37:26+00:00\" \/>\n<meta property=\"og:image\" content=\"https:\/\/redleafaquascaping.com\/wp-content\/uploads\/2021\/09\/Pro-Elite-Series_0c37e3b2-2916-46f1-8f64-321db3116fc7_900x.jpg\" \/>\n\t<meta property=\"og:image:width\" content=\"900\" \/>\n\t<meta property=\"og:image:height\" content=\"585\" \/>\n\t<meta property=\"og:image:type\" content=\"image\/jpeg\" \/>\n<meta name=\"twitter:card\" content=\"summary_large_image\" \/>\n<meta name=\"twitter:label1\" content=\"Dur\u00e9e de lecture estim\u00e9e\" \/>\n\t<meta name=\"twitter:data1\" content=\"2 minutes\" \/>\n<script type=\"application\/ld+json\" class=\"yoast-schema-graph\">{\"@context\":\"https:\/\/schema.org\",\"@graph\":[{\"@type\":\"WebPage\",\"@id\":\"https:\/\/redleafaquascaping.com\/fr\/produit\/co2art-pro-elite-series\/\",\"url\":\"https:\/\/redleafaquascaping.com\/fr\/produit\/co2art-pro-elite-series\/\",\"name\":\"CO2Art Pro-Elite Series | Red Leaf Aquascaping\",\"isPartOf\":{\"@id\":\"https:\/\/redleafaquascaping.com\/#website\"},\"primaryImageOfPage\":{\"@id\":\"https:\/\/redleafaquascaping.com\/fr\/produit\/co2art-pro-elite-series\/#primaryimage\"},\"image\":{\"@id\":\"https:\/\/redleafaquascaping.com\/fr\/produit\/co2art-pro-elite-series\/#primaryimage\"},\"thumbnailUrl\":\"https:\/\/redleafaquascaping.com\/wp-content\/uploads\/2021\/09\/Pro-Elite-Series_0c37e3b2-2916-46f1-8f64-321db3116fc7_900x.jpg\",\"datePublished\":\"2023-11-16T21:46:17+00:00\",\"dateModified\":\"2024-09-12T02:37:26+00:00\",\"breadcrumb\":{\"@id\":\"https:\/\/redleafaquascaping.com\/fr\/produit\/co2art-pro-elite-series\/#breadcrumb\"},\"inLanguage\":\"fr-FR\",\"potentialAction\":[{\"@type\":\"ReadAction\",\"target\":[\"https:\/\/redleafaquascaping.com\/fr\/produit\/co2art-pro-elite-series\/\"]}]},{\"@type\":\"ImageObject\",\"inLanguage\":\"fr-FR\",\"@id\":\"https:\/\/redleafaquascaping.com\/fr\/produit\/co2art-pro-elite-series\/#primaryimage\",\"url\":\"https:\/\/redleafaquascaping.com\/wp-content\/uploads\/2021\/09\/Pro-Elite-Series_0c37e3b2-2916-46f1-8f64-321db3116fc7_900x.jpg\",\"contentUrl\":\"https:\/\/redleafaquascaping.com\/wp-content\/uploads\/2021\/09\/Pro-Elite-Series_0c37e3b2-2916-46f1-8f64-321db3116fc7_900x.jpg\",\"width\":900,\"height\":585},{\"@type\":\"BreadcrumbList\",\"@id\":\"https:\/\/redleafaquascaping.com\/fr\/produit\/co2art-pro-elite-series\/#breadcrumb\",\"itemListElement\":[{\"@type\":\"ListItem\",\"position\":1,\"name\":\"Home\",\"item\":\"https:\/\/redleafaquascaping.com\/fr\/\"},{\"@type\":\"ListItem\",\"position\":2,\"name\":\"Magasinez\",\"item\":\"https:\/\/redleafaquascaping.com\/fr\/magasinez\/\"},{\"@type\":\"ListItem\",\"position\":3,\"name\":\"CO2Art Pro-Elite Series\"}]},{\"@type\":\"WebSite\",\"@id\":\"https:\/\/redleafaquascaping.com\/#website\",\"url\":\"https:\/\/redleafaquascaping.com\/\",\"name\":\"Red Leaf Aquascaping\",\"description\":\"Online Aquascaping Equipment Store\",\"publisher\":{\"@id\":\"https:\/\/redleafaquascaping.com\/#organization\"},\"potentialAction\":[{\"@type\":\"SearchAction\",\"target\":{\"@type\":\"EntryPoint\",\"urlTemplate\":\"https:\/\/redleafaquascaping.com\/?s={search_term_string}\"},\"query-input\":{\"@type\":\"PropertyValueSpecification\",\"valueRequired\":true,\"valueName\":\"search_term_string\"}}],\"inLanguage\":\"fr-FR\"},{\"@type\":\"Organization\",\"@id\":\"https:\/\/redleafaquascaping.com\/#organization\",\"name\":\"Aquascaping Red Leaf\",\"alternateName\":\"Red Leaf\",\"url\":\"https:\/\/redleafaquascaping.com\/\",\"logo\":{\"@type\":\"ImageObject\",\"inLanguage\":\"fr-FR\",\"@id\":\"https:\/\/redleafaquascaping.com\/#\/schema\/logo\/image\/\",\"url\":\"https:\/\/redleafaquascaping.com\/wp-content\/uploads\/2024\/08\/logo-seo.jpg\",\"contentUrl\":\"https:\/\/redleafaquascaping.com\/wp-content\/uploads\/2024\/08\/logo-seo.jpg\",\"width\":696,\"height\":696,\"caption\":\"Aquascaping Red Leaf\"},\"image\":{\"@id\":\"https:\/\/redleafaquascaping.com\/#\/schema\/logo\/image\/\"},\"sameAs\":[\"https:\/\/www.facebook.com\/Redleafaqua\"]}]}<\/script>\n<!-- \/ Yoast SEO plugin. -->","yoast_head_json":{"title":"CO2Art Pro-Elite Series | Red Leaf Aquascaping","robots":{"index":"index","follow":"follow","max-snippet":"max-snippet:-1","max-image-preview":"max-image-preview:large","max-video-preview":"max-video-preview:-1"},"canonical":"https:\/\/redleafaquascaping.com\/fr\/produit\/co2art-pro-elite-series\/","og_locale":"fr_FR","og_type":"article","og_title":"CO2Art Pro-Elite Series | Red Leaf Aquascaping","og_description":"con\u00e7u pour la s\u00e9curit\u00e9  construction \u00e0 double \u00e9tape  vannes \u00e0 aiguille \u00e0 haute pr\u00e9cision  Bloc collecteur extensible, modulable","og_url":"https:\/\/redleafaquascaping.com\/fr\/produit\/co2art-pro-elite-series\/","og_site_name":"Red Leaf Aquascaping","article_publisher":"https:\/\/www.facebook.com\/Redleafaqua","article_modified_time":"2024-09-12T02:37:26+00:00","og_image":[{"width":900,"height":585,"url":"https:\/\/redleafaquascaping.com\/wp-content\/uploads\/2021\/09\/Pro-Elite-Series_0c37e3b2-2916-46f1-8f64-321db3116fc7_900x.jpg","type":"image\/jpeg"}],"twitter_card":"summary_large_image","twitter_misc":{"Dur\u00e9e de lecture estim\u00e9e":"2 minutes"},"schema":{"@context":"https:\/\/schema.org","@graph":[{"@type":"WebPage","@id":"https:\/\/redleafaquascaping.com\/fr\/produit\/co2art-pro-elite-series\/","url":"https:\/\/redleafaquascaping.com\/fr\/produit\/co2art-pro-elite-series\/","name":"CO2Art Pro-Elite Series | Red Leaf Aquascaping","isPartOf":{"@id":"https:\/\/redleafaquascaping.com\/#website"},"primaryImageOfPage":{"@id":"https:\/\/redleafaquascaping.com\/fr\/produit\/co2art-pro-elite-series\/#primaryimage"},"image":{"@id":"https:\/\/redleafaquascaping.com\/fr\/produit\/co2art-pro-elite-series\/#primaryimage"},"thumbnailUrl":"https:\/\/redleafaquascaping.com\/wp-content\/uploads\/2021\/09\/Pro-Elite-Series_0c37e3b2-2916-46f1-8f64-321db3116fc7_900x.jpg","datePublished":"2023-11-16T21:46:17+00:00","dateModified":"2024-09-12T02:37:26+00:00","breadcrumb":{"@id":"https:\/\/redleafaquascaping.com\/fr\/produit\/co2art-pro-elite-series\/#breadcrumb"},"inLanguage":"fr-FR","potentialAction":[{"@type":"ReadAction","target":["https:\/\/redleafaquascaping.com\/fr\/produit\/co2art-pro-elite-series\/"]}]},{"@type":"ImageObject","inLanguage":"fr-FR","@id":"https:\/\/redleafaquascaping.com\/fr\/produit\/co2art-pro-elite-series\/#primaryimage","url":"https:\/\/redleafaquascaping.com\/wp-content\/uploads\/2021\/09\/Pro-Elite-Series_0c37e3b2-2916-46f1-8f64-321db3116fc7_900x.jpg","contentUrl":"https:\/\/redleafaquascaping.com\/wp-content\/uploads\/2021\/09\/Pro-Elite-Series_0c37e3b2-2916-46f1-8f64-321db3116fc7_900x.jpg","width":900,"height":585},{"@type":"BreadcrumbList","@id":"https:\/\/redleafaquascaping.com\/fr\/produit\/co2art-pro-elite-series\/#breadcrumb","itemListElement":[{"@type":"ListItem","position":1,"name":"Home","item":"https:\/\/redleafaquascaping.com\/fr\/"},{"@type":"ListItem","position":2,"name":"Magasinez","item":"https:\/\/redleafaquascaping.com\/fr\/magasinez\/"},{"@type":"ListItem","position":3,"name":"CO2Art Pro-Elite Series"}]},{"@type":"WebSite","@id":"https:\/\/redleafaquascaping.com\/#website","url":"https:\/\/redleafaquascaping.com\/","name":"Red Leaf Aquascaping","description":"Online Aquascaping Equipment Store","publisher":{"@id":"https:\/\/redleafaquascaping.com\/#organization"},"potentialAction":[{"@type":"SearchAction","target":{"@type":"EntryPoint","urlTemplate":"https:\/\/redleafaquascaping.com\/?s={search_term_string}"},"query-input":{"@type":"PropertyValueSpecification","valueRequired":true,"valueName":"search_term_string"}}],"inLanguage":"fr-FR"},{"@type":"Organization","@id":"https:\/\/redleafaquascaping.com\/#organization","name":"Aquascaping Red Leaf","alternateName":"Red Leaf","url":"https:\/\/redleafaquascaping.com\/","logo":{"@type":"ImageObject","inLanguage":"fr-FR","@id":"https:\/\/redleafaquascaping.com\/#\/schema\/logo\/image\/","url":"https:\/\/redleafaquascaping.com\/wp-content\/uploads\/2024\/08\/logo-seo.jpg","contentUrl":"https:\/\/redleafaquascaping.com\/wp-content\/uploads\/2024\/08\/logo-seo.jpg","width":696,"height":696,"caption":"Aquascaping Red Leaf"},"image":{"@id":"https:\/\/redleafaquascaping.com\/#\/schema\/logo\/image\/"},"sameAs":["https:\/\/www.facebook.com\/Redleafaqua"]}]}},"_links":{"self":[{"href":"https:\/\/redleafaquascaping.com\/fr\/wp-json\/wp\/v2\/product\/10057","targetHints":{"allow":["GET"]}}],"collection":[{"href":"https:\/\/redleafaquascaping.com\/fr\/wp-json\/wp\/v2\/product"}],"about":[{"href":"https:\/\/redleafaquascaping.com\/fr\/wp-json\/wp\/v2\/types\/product"}],"wp:featuredmedia":[{"embeddable":true,"href":"https:\/\/redleafaquascaping.com\/fr\/wp-json\/wp\/v2\/media\/4301"}],"wp:attachment":[{"href":"https:\/\/redleafaquascaping.com\/fr\/wp-json\/wp\/v2\/media?parent=10057"}],"wp:term":[{"taxonomy":"product_brand","embeddable":true,"href":"https:\/\/redleafaquascaping.com\/fr\/wp-json\/wp\/v2\/product_brand?post=10057"},{"taxonomy":"product_cat","embeddable":true,"href":"https:\/\/redleafaquascaping.com\/fr\/wp-json\/wp\/v2\/product_cat?post=10057"},{"taxonomy":"product_tag","embeddable":true,"href":"https:\/\/redleafaquascaping.com\/fr\/wp-json\/wp\/v2\/product_tag?post=10057"}],"curies":[{"name":"wp","href":"https:\/\/api.w.org\/{rel}","templated":true}]}}