{"id":10088,"date":"2023-11-09T15:21:19","date_gmt":"2023-11-22T17:47:32","guid":{"rendered":"https:\/\/redleafaquascaping.com\/?post_type=product&#038;p=10088"},"modified":"2023-11-22T12:50:55","modified_gmt":"2023-11-22T17:50:55","slug":"benibachi-shrimp-food-50g","status":"publish","type":"product","link":"https:\/\/redleafaquascaping.com\/fr\/produit\/benibachi-shrimp-food-50g\/","title":{"rendered":"Benibachi Shrimp Food 50g"},"content":{"rendered":"<p>Pr\u00e9sentation de la Nourriture pour Crevettes Benibachi &#8211; Votre Recette pour des Crevettes \u00c9clatantes !<\/p>\n<p>Transformez votre exp\u00e9rience d&rsquo;\u00e9levage de crevettes avec notre nourriture premium pour crevettes Benibachi (anciennement connue sous le nom de Benibachi Gold Food). Fabriqu\u00e9e avec le plus grand soin et une attention m\u00e9ticuleuse aux d\u00e9tails, cette nourriture exceptionnelle est con\u00e7ue pour choyer vos esp\u00e8ces de caridina.<\/p>\n<p>Pourquoi choisir la Nourriture pour Crevettes Benibachi ?<\/p>\n<p><strong>Ingr\u00e9dients 100% Naturels<\/strong> : Nous avons exploit\u00e9 la puissance de M\u00e8re Nature en combinant de la poudre de varech, de la levure, du calcium, des vitamines, des min\u00e9raux, de la chitine et des extraits naturels de chitosane pour offrir une alimentation saine \u00e0 vos crevettes bien-aim\u00e9es.<\/p>\n<p><strong>Coloration Am\u00e9lior\u00e9e :<\/strong> Rehaussez l&rsquo;\u00e9clat des couleurs de vos crevettes avec notre formule sp\u00e9cialis\u00e9e. La teneur \u00e9lev\u00e9e en calcium de notre nourriture favorise une carapace plus \u00e9paisse, aboutissant \u00e0 une coloration magnifique et vive.<\/p>\n<p><strong>Booster de Croissance :<\/strong> Observez vos crevettes s&rsquo;\u00e9panouir en devenant plus fortes et plus vibrantes. La Nourriture pour Crevettes Benibachi favorise leur croissance et leur vitalit\u00e9, garantissant des crevettes heureuses et en bonne sant\u00e9 dans votre aquarium.<\/p>\n<p><strong>Alimentation Polyvalente :<\/strong> Notre produit comprend 20g de petits granul\u00e9s et 30g de grandes pastilles ovales, convenant aussi bien aux crevettes adultes qu&rsquo;aux jeunes. C&rsquo;est la solution alimentaire id\u00e9ale pour l&rsquo;ensemble de votre communaut\u00e9 de crevettes.<\/p>\n<p>\u00c9levez votre \u00e9levage de crevettes avec la Nourriture pour Crevettes Benibachi. Offrez \u00e0 vos pr\u00e9cieuses esp\u00e8ces de caridina le meilleur en termes de nutrition et de soins, et constatez par vous-m\u00eame les r\u00e9sultats remarquables. Commandez le v\u00f4tre d\u00e8s aujourd&rsquo;hui et d\u00e9couvrez la diff\u00e9rence Benibachi !<\/p>\n","protected":false},"excerpt":{"rendered":"<ul>\n<li>Deux tailles de granul\u00e9s dans le m\u00eame paquet (pour adultes et juv\u00e9niles)<\/li>\n<li>Excellent pour la coloration<\/li>\n<li>Stimule la croissance<\/li>\n<\/ul>\n","protected":false},"featured_media":9948,"template":"","meta":{"site-sidebar-layout":"default","site-content-layout":"","ast-site-content-layout":"default","site-content-style":"default","site-sidebar-style":"default","ast-global-header-display":"","ast-banner-title-visibility":"","ast-main-header-display":"","ast-hfb-above-header-display":"","ast-hfb-below-header-display":"","ast-hfb-mobile-header-display":"","site-post-title":"","ast-breadcrumbs-content":"","ast-featured-img":"","footer-sml-layout":"","ast-disable-related-posts":"","theme-transparent-header-meta":"default","adv-header-id-meta":"","stick-header-meta":"","header-above-stick-meta":"","header-main-stick-meta":"","header-below-stick-meta":"","astra-migrate-meta-layouts":"set","ast-page-background-enabled":"default","ast-page-background-meta":{"desktop":{"background-color":"","background-image":"","background-repeat":"repeat","background-position":"center center","background-size":"auto","background-attachment":"scroll","background-type":"","background-media":"","overlay-type":"","overlay-color":"","overlay-opacity":"","overlay-gradient":""},"tablet":{"background-color":"","background-image":"","background-repeat":"repeat","background-position":"center center","background-size":"auto","background-attachment":"scroll","background-type":"","background-media":"","overlay-type":"","overlay-color":"","overlay-opacity":"","overlay-gradient":""},"mobile":{"background-color":"","background-image":"","background-repeat":"repeat","background-position":"center center","background-size":"auto","background-attachment":"scroll","background-type":"","background-media":"","overlay-type":"","overlay-color":"","overlay-opacity":"","overlay-gradient":""}},"ast-content-background-meta":{"desktop":{"background-color":"var(--ast-global-color-5)","background-image":"","background-repeat":"repeat","background-position":"center center","background-size":"auto","background-attachment":"scroll","background-type":"","background-media":"","overlay-type":"","overlay-color":"","overlay-opacity":"","overlay-gradient":""},"tablet":{"background-color":"var(--ast-global-color-5)","background-image":"","background-repeat":"repeat","background-position":"center center","background-size":"auto","background-attachment":"scroll","background-type":"","background-media":"","overlay-type":"","overlay-color":"","overlay-opacity":"","overlay-gradient":""},"mobile":{"background-color":"var(--ast-global-color-5)","background-image":"","background-repeat":"repeat","background-position":"center center","background-size":"auto","background-attachment":"scroll","background-type":"","background-media":"","overlay-type":"","overlay-color":"","overlay-opacity":"","overlay-gradient":""}}},"product_brand":[],"product_cat":[1366,962,1389],"product_tag":[1091,1037],"class_list":{"0":"post-10088","1":"product","2":"type-product","3":"status-publish","4":"has-post-thumbnail","6":"product_cat-benibachi-fr","7":"product_cat-crevettes","8":"product_cat-nutrition-pour-crevettes","9":"product_tag-food-fr","10":"product_tag-shrimp-fr-2","11":"desktop-align-left","12":"tablet-align-left","13":"mobile-align-left","14":"ast-product-gallery-layout-horizontal-slider","15":"ast-product-gallery-with-no-image","16":"ast-product-tabs-layout-horizontal","18":"first","19":"instock","20":"taxable","21":"shipping-taxable","22":"purchasable","23":"product-type-simple"},"yoast_head":"<!-- This site is optimized with the Yoast SEO plugin v27.2 - https:\/\/yoast.com\/product\/yoast-seo-wordpress\/ -->\n<title>Benibachi Shrimp Food 50g | Red Leaf Aquascaping<\/title>\n<meta name=\"robots\" content=\"index, follow, max-snippet:-1, max-image-preview:large, max-video-preview:-1\" \/>\n<link rel=\"canonical\" href=\"https:\/\/redleafaquascaping.com\/fr\/produit\/benibachi-shrimp-food-50g\/\" \/>\n<meta property=\"og:locale\" content=\"fr_FR\" \/>\n<meta property=\"og:type\" content=\"article\" \/>\n<meta property=\"og:title\" content=\"Benibachi Shrimp Food 50g | Red Leaf Aquascaping\" \/>\n<meta property=\"og:description\" content=\"Deux tailles de granul\u00e9s dans le m\u00eame paquet (pour adultes et juv\u00e9niles)  Excellent pour la coloration  Stimule la croissance\" \/>\n<meta property=\"og:url\" content=\"https:\/\/redleafaquascaping.com\/fr\/produit\/benibachi-shrimp-food-50g\/\" \/>\n<meta property=\"og:site_name\" content=\"Red Leaf Aquascaping\" \/>\n<meta property=\"article:publisher\" content=\"https:\/\/www.facebook.com\/Redleafaqua\" \/>\n<meta property=\"article:modified_time\" content=\"2023-11-22T17:50:55+00:00\" \/>\n<meta property=\"og:image\" content=\"https:\/\/redleafaquascaping.com\/wp-content\/uploads\/2023\/11\/BENIBACHI-Gold-Shrimp-Food-50g-Pokarm-Krewetka.jpg\" \/>\n\t<meta property=\"og:image:width\" content=\"1108\" \/>\n\t<meta property=\"og:image:height\" content=\"900\" \/>\n\t<meta property=\"og:image:type\" content=\"image\/jpeg\" \/>\n<meta name=\"twitter:card\" content=\"summary_large_image\" \/>\n<meta name=\"twitter:label1\" content=\"Dur\u00e9e de lecture estim\u00e9e\" \/>\n\t<meta name=\"twitter:data1\" content=\"2 minutes\" \/>\n<script type=\"application\/ld+json\" class=\"yoast-schema-graph\">{\"@context\":\"https:\/\/schema.org\",\"@graph\":[{\"@type\":\"WebPage\",\"@id\":\"https:\/\/redleafaquascaping.com\/fr\/produit\/benibachi-shrimp-food-50g\/\",\"url\":\"https:\/\/redleafaquascaping.com\/fr\/produit\/benibachi-shrimp-food-50g\/\",\"name\":\"Benibachi Shrimp Food 50g | Red Leaf Aquascaping\",\"isPartOf\":{\"@id\":\"https:\/\/redleafaquascaping.com\/#website\"},\"primaryImageOfPage\":{\"@id\":\"https:\/\/redleafaquascaping.com\/fr\/produit\/benibachi-shrimp-food-50g\/#primaryimage\"},\"image\":{\"@id\":\"https:\/\/redleafaquascaping.com\/fr\/produit\/benibachi-shrimp-food-50g\/#primaryimage\"},\"thumbnailUrl\":\"https:\/\/redleafaquascaping.com\/wp-content\/uploads\/2023\/11\/BENIBACHI-Gold-Shrimp-Food-50g-Pokarm-Krewetka.jpg\",\"datePublished\":\"2023-11-22T17:47:32+00:00\",\"dateModified\":\"2023-11-22T17:50:55+00:00\",\"breadcrumb\":{\"@id\":\"https:\/\/redleafaquascaping.com\/fr\/produit\/benibachi-shrimp-food-50g\/#breadcrumb\"},\"inLanguage\":\"fr-FR\",\"potentialAction\":[{\"@type\":\"ReadAction\",\"target\":[\"https:\/\/redleafaquascaping.com\/fr\/produit\/benibachi-shrimp-food-50g\/\"]}]},{\"@type\":\"ImageObject\",\"inLanguage\":\"fr-FR\",\"@id\":\"https:\/\/redleafaquascaping.com\/fr\/produit\/benibachi-shrimp-food-50g\/#primaryimage\",\"url\":\"https:\/\/redleafaquascaping.com\/wp-content\/uploads\/2023\/11\/BENIBACHI-Gold-Shrimp-Food-50g-Pokarm-Krewetka.jpg\",\"contentUrl\":\"https:\/\/redleafaquascaping.com\/wp-content\/uploads\/2023\/11\/BENIBACHI-Gold-Shrimp-Food-50g-Pokarm-Krewetka.jpg\",\"width\":1108,\"height\":900},{\"@type\":\"BreadcrumbList\",\"@id\":\"https:\/\/redleafaquascaping.com\/fr\/produit\/benibachi-shrimp-food-50g\/#breadcrumb\",\"itemListElement\":[{\"@type\":\"ListItem\",\"position\":1,\"name\":\"Home\",\"item\":\"https:\/\/redleafaquascaping.com\/fr\/\"},{\"@type\":\"ListItem\",\"position\":2,\"name\":\"Magasinez\",\"item\":\"https:\/\/redleafaquascaping.com\/fr\/magasinez\/\"},{\"@type\":\"ListItem\",\"position\":3,\"name\":\"Benibachi Shrimp Food 50g\"}]},{\"@type\":\"WebSite\",\"@id\":\"https:\/\/redleafaquascaping.com\/#website\",\"url\":\"https:\/\/redleafaquascaping.com\/\",\"name\":\"Red Leaf Aquascaping\",\"description\":\"Online Aquascaping Equipment Store\",\"publisher\":{\"@id\":\"https:\/\/redleafaquascaping.com\/#organization\"},\"potentialAction\":[{\"@type\":\"SearchAction\",\"target\":{\"@type\":\"EntryPoint\",\"urlTemplate\":\"https:\/\/redleafaquascaping.com\/?s={search_term_string}\"},\"query-input\":{\"@type\":\"PropertyValueSpecification\",\"valueRequired\":true,\"valueName\":\"search_term_string\"}}],\"inLanguage\":\"fr-FR\"},{\"@type\":\"Organization\",\"@id\":\"https:\/\/redleafaquascaping.com\/#organization\",\"name\":\"Aquascaping Red Leaf\",\"alternateName\":\"Red Leaf\",\"url\":\"https:\/\/redleafaquascaping.com\/\",\"logo\":{\"@type\":\"ImageObject\",\"inLanguage\":\"fr-FR\",\"@id\":\"https:\/\/redleafaquascaping.com\/#\/schema\/logo\/image\/\",\"url\":\"https:\/\/redleafaquascaping.com\/wp-content\/uploads\/2024\/08\/logo-seo.jpg\",\"contentUrl\":\"https:\/\/redleafaquascaping.com\/wp-content\/uploads\/2024\/08\/logo-seo.jpg\",\"width\":696,\"height\":696,\"caption\":\"Aquascaping Red Leaf\"},\"image\":{\"@id\":\"https:\/\/redleafaquascaping.com\/#\/schema\/logo\/image\/\"},\"sameAs\":[\"https:\/\/www.facebook.com\/Redleafaqua\"]}]}<\/script>\n<!-- \/ Yoast SEO plugin. -->","yoast_head_json":{"title":"Benibachi Shrimp Food 50g | Red Leaf Aquascaping","robots":{"index":"index","follow":"follow","max-snippet":"max-snippet:-1","max-image-preview":"max-image-preview:large","max-video-preview":"max-video-preview:-1"},"canonical":"https:\/\/redleafaquascaping.com\/fr\/produit\/benibachi-shrimp-food-50g\/","og_locale":"fr_FR","og_type":"article","og_title":"Benibachi Shrimp Food 50g | Red Leaf Aquascaping","og_description":"Deux tailles de granul\u00e9s dans le m\u00eame paquet (pour adultes et juv\u00e9niles)  Excellent pour la coloration  Stimule la croissance","og_url":"https:\/\/redleafaquascaping.com\/fr\/produit\/benibachi-shrimp-food-50g\/","og_site_name":"Red Leaf Aquascaping","article_publisher":"https:\/\/www.facebook.com\/Redleafaqua","article_modified_time":"2023-11-22T17:50:55+00:00","og_image":[{"width":1108,"height":900,"url":"https:\/\/redleafaquascaping.com\/wp-content\/uploads\/2023\/11\/BENIBACHI-Gold-Shrimp-Food-50g-Pokarm-Krewetka.jpg","type":"image\/jpeg"}],"twitter_card":"summary_large_image","twitter_misc":{"Dur\u00e9e de lecture estim\u00e9e":"2 minutes"},"schema":{"@context":"https:\/\/schema.org","@graph":[{"@type":"WebPage","@id":"https:\/\/redleafaquascaping.com\/fr\/produit\/benibachi-shrimp-food-50g\/","url":"https:\/\/redleafaquascaping.com\/fr\/produit\/benibachi-shrimp-food-50g\/","name":"Benibachi Shrimp Food 50g | Red Leaf Aquascaping","isPartOf":{"@id":"https:\/\/redleafaquascaping.com\/#website"},"primaryImageOfPage":{"@id":"https:\/\/redleafaquascaping.com\/fr\/produit\/benibachi-shrimp-food-50g\/#primaryimage"},"image":{"@id":"https:\/\/redleafaquascaping.com\/fr\/produit\/benibachi-shrimp-food-50g\/#primaryimage"},"thumbnailUrl":"https:\/\/redleafaquascaping.com\/wp-content\/uploads\/2023\/11\/BENIBACHI-Gold-Shrimp-Food-50g-Pokarm-Krewetka.jpg","datePublished":"2023-11-22T17:47:32+00:00","dateModified":"2023-11-22T17:50:55+00:00","breadcrumb":{"@id":"https:\/\/redleafaquascaping.com\/fr\/produit\/benibachi-shrimp-food-50g\/#breadcrumb"},"inLanguage":"fr-FR","potentialAction":[{"@type":"ReadAction","target":["https:\/\/redleafaquascaping.com\/fr\/produit\/benibachi-shrimp-food-50g\/"]}]},{"@type":"ImageObject","inLanguage":"fr-FR","@id":"https:\/\/redleafaquascaping.com\/fr\/produit\/benibachi-shrimp-food-50g\/#primaryimage","url":"https:\/\/redleafaquascaping.com\/wp-content\/uploads\/2023\/11\/BENIBACHI-Gold-Shrimp-Food-50g-Pokarm-Krewetka.jpg","contentUrl":"https:\/\/redleafaquascaping.com\/wp-content\/uploads\/2023\/11\/BENIBACHI-Gold-Shrimp-Food-50g-Pokarm-Krewetka.jpg","width":1108,"height":900},{"@type":"BreadcrumbList","@id":"https:\/\/redleafaquascaping.com\/fr\/produit\/benibachi-shrimp-food-50g\/#breadcrumb","itemListElement":[{"@type":"ListItem","position":1,"name":"Home","item":"https:\/\/redleafaquascaping.com\/fr\/"},{"@type":"ListItem","position":2,"name":"Magasinez","item":"https:\/\/redleafaquascaping.com\/fr\/magasinez\/"},{"@type":"ListItem","position":3,"name":"Benibachi Shrimp Food 50g"}]},{"@type":"WebSite","@id":"https:\/\/redleafaquascaping.com\/#website","url":"https:\/\/redleafaquascaping.com\/","name":"Red Leaf Aquascaping","description":"Online Aquascaping Equipment Store","publisher":{"@id":"https:\/\/redleafaquascaping.com\/#organization"},"potentialAction":[{"@type":"SearchAction","target":{"@type":"EntryPoint","urlTemplate":"https:\/\/redleafaquascaping.com\/?s={search_term_string}"},"query-input":{"@type":"PropertyValueSpecification","valueRequired":true,"valueName":"search_term_string"}}],"inLanguage":"fr-FR"},{"@type":"Organization","@id":"https:\/\/redleafaquascaping.com\/#organization","name":"Aquascaping Red Leaf","alternateName":"Red Leaf","url":"https:\/\/redleafaquascaping.com\/","logo":{"@type":"ImageObject","inLanguage":"fr-FR","@id":"https:\/\/redleafaquascaping.com\/#\/schema\/logo\/image\/","url":"https:\/\/redleafaquascaping.com\/wp-content\/uploads\/2024\/08\/logo-seo.jpg","contentUrl":"https:\/\/redleafaquascaping.com\/wp-content\/uploads\/2024\/08\/logo-seo.jpg","width":696,"height":696,"caption":"Aquascaping Red Leaf"},"image":{"@id":"https:\/\/redleafaquascaping.com\/#\/schema\/logo\/image\/"},"sameAs":["https:\/\/www.facebook.com\/Redleafaqua"]}]}},"_links":{"self":[{"href":"https:\/\/redleafaquascaping.com\/fr\/wp-json\/wp\/v2\/product\/10088","targetHints":{"allow":["GET"]}}],"collection":[{"href":"https:\/\/redleafaquascaping.com\/fr\/wp-json\/wp\/v2\/product"}],"about":[{"href":"https:\/\/redleafaquascaping.com\/fr\/wp-json\/wp\/v2\/types\/product"}],"wp:featuredmedia":[{"embeddable":true,"href":"https:\/\/redleafaquascaping.com\/fr\/wp-json\/wp\/v2\/media\/9948"}],"wp:attachment":[{"href":"https:\/\/redleafaquascaping.com\/fr\/wp-json\/wp\/v2\/media?parent=10088"}],"wp:term":[{"taxonomy":"product_brand","embeddable":true,"href":"https:\/\/redleafaquascaping.com\/fr\/wp-json\/wp\/v2\/product_brand?post=10088"},{"taxonomy":"product_cat","embeddable":true,"href":"https:\/\/redleafaquascaping.com\/fr\/wp-json\/wp\/v2\/product_cat?post=10088"},{"taxonomy":"product_tag","embeddable":true,"href":"https:\/\/redleafaquascaping.com\/fr\/wp-json\/wp\/v2\/product_tag?post=10088"}],"curies":[{"name":"wp","href":"https:\/\/api.w.org\/{rel}","templated":true}]}}