{"id":10097,"date":"2023-11-14T12:38:44","date_gmt":"2023-11-22T18:16:13","guid":{"rendered":"https:\/\/redleafaquascaping.com\/?post_type=product&#038;p=10097"},"modified":"2024-03-15T13:31:40","modified_gmt":"2024-03-15T17:31:40","slug":"benibachi-red-bee-ambitious-30g","status":"publish","type":"product","link":"https:\/\/redleafaquascaping.com\/fr\/produit\/benibachi-red-bee-ambitious-30g\/","title":{"rendered":"BENIBACHI Red Bee Ambitious 30g"},"content":{"rendered":"<p>Benibachi Red Bee Ambitious se pr\u00e9sente comme un compl\u00e9ment alimentaire de qualit\u00e9 sup\u00e9rieure m\u00e9ticuleusement con\u00e7u pour les crevettes d&rsquo;aquarium afin de stimuler leur croissance et d&rsquo;am\u00e9liorer leur coloration. Sa composition naturelle, comprenant de la spiruline, du chou kale et du krill, offre une nutrition optimale, soutenant les crevettes pendant leurs phases de croissance et de d\u00e9veloppement.<\/p>\n<p>Principallement adapt\u00e9 aux esp\u00e8ces telles que la crevette Red Bee et d&rsquo;autres variantes de Caridina, o\u00f9 une coloration rouge vibrante et une croissance robuste sont hautement recherch\u00e9es, ce compl\u00e9ment constitue un atout pr\u00e9cieux. Une utilisation r\u00e9guli\u00e8re de Benibachi Red Bee Ambitious peut consid\u00e9rablement am\u00e9liorer le taux de croissance de vos crevettes et intensifier leur couleur, favorisant leur sant\u00e9 globale et leur vitalit\u00e9.<\/p>\n<p>Formul\u00e9 avec des ingr\u00e9dients de qualit\u00e9 sup\u00e9rieure, ce compl\u00e9ment exclut les produits chimiques nocifs ou les additifs qui pourraient mettre en danger les crevettes ou d&rsquo;autres organismes aquatiques.<\/p>\n<p>L&rsquo;administration de Benibachi Red Bee Ambitious est simple : consultez les instructions du paquet pour d\u00e9terminer le dosage appropri\u00e9 en fonction de la taille de votre aquarium et de la population de crevettes. Il peut \u00eatre int\u00e9gr\u00e9 sans effort dans l&rsquo;alimentation habituelle de vos crevettes ou ajout\u00e9 directement \u00e0 l&rsquo;eau de l&rsquo;aquarium pour des r\u00e9sultats optimaux.<\/p>\n<p>En r\u00e9sum\u00e9, Benibachi Red Bee Ambitious est un compl\u00e9ment alimentaire puissant et s\u00fbr, favorisant la croissance optimale et la coloration vibrante de vos crevettes tout en pr\u00e9servant leur bien-\u00eatre global. Une utilisation r\u00e9guli\u00e8re garantit le maintien d&rsquo;une communaut\u00e9 de crevettes d&rsquo;aquarium anim\u00e9e et prosp\u00e8re.<\/p>\n<p>Nourrissez vos crevettes 2 \u00e0 3 fois par jour, en leur offrant une quantit\u00e9 qu&rsquo;elles peuvent consommer dans un d\u00e9lai de 1 \u00e0 2 heures.<\/p>\n","protected":false},"excerpt":{"rendered":"<ul>\n<li>chou kale biologique<\/li>\n<li>contient des min\u00e9raux et des enzymes favorisant la croissance<\/li>\n<li>se dissolve lentement, pouvant \u00eatre consomm\u00e9 par les juv\u00e9niles de crevettes.<\/li>\n<\/ul>\n","protected":false},"featured_media":9974,"template":"","meta":{"site-sidebar-layout":"default","site-content-layout":"","ast-site-content-layout":"default","site-content-style":"default","site-sidebar-style":"default","ast-global-header-display":"","ast-banner-title-visibility":"","ast-main-header-display":"","ast-hfb-above-header-display":"","ast-hfb-below-header-display":"","ast-hfb-mobile-header-display":"","site-post-title":"","ast-breadcrumbs-content":"","ast-featured-img":"","footer-sml-layout":"","ast-disable-related-posts":"","theme-transparent-header-meta":"default","adv-header-id-meta":"","stick-header-meta":"","header-above-stick-meta":"","header-main-stick-meta":"","header-below-stick-meta":"","astra-migrate-meta-layouts":"set","ast-page-background-enabled":"default","ast-page-background-meta":{"desktop":{"background-color":"","background-image":"","background-repeat":"repeat","background-position":"center center","background-size":"auto","background-attachment":"scroll","background-type":"","background-media":"","overlay-type":"","overlay-color":"","overlay-opacity":"","overlay-gradient":""},"tablet":{"background-color":"","background-image":"","background-repeat":"repeat","background-position":"center center","background-size":"auto","background-attachment":"scroll","background-type":"","background-media":"","overlay-type":"","overlay-color":"","overlay-opacity":"","overlay-gradient":""},"mobile":{"background-color":"","background-image":"","background-repeat":"repeat","background-position":"center center","background-size":"auto","background-attachment":"scroll","background-type":"","background-media":"","overlay-type":"","overlay-color":"","overlay-opacity":"","overlay-gradient":""}},"ast-content-background-meta":{"desktop":{"background-color":"var(--ast-global-color-5)","background-image":"","background-repeat":"repeat","background-position":"center center","background-size":"auto","background-attachment":"scroll","background-type":"","background-media":"","overlay-type":"","overlay-color":"","overlay-opacity":"","overlay-gradient":""},"tablet":{"background-color":"var(--ast-global-color-5)","background-image":"","background-repeat":"repeat","background-position":"center center","background-size":"auto","background-attachment":"scroll","background-type":"","background-media":"","overlay-type":"","overlay-color":"","overlay-opacity":"","overlay-gradient":""},"mobile":{"background-color":"var(--ast-global-color-5)","background-image":"","background-repeat":"repeat","background-position":"center center","background-size":"auto","background-attachment":"scroll","background-type":"","background-media":"","overlay-type":"","overlay-color":"","overlay-opacity":"","overlay-gradient":""}}},"product_brand":[],"product_cat":[1366,962,1389],"product_tag":[1041,1395,1091,1037],"class_list":{"0":"post-10097","1":"product","2":"type-product","3":"status-publish","4":"has-post-thumbnail","6":"product_cat-benibachi-fr","7":"product_cat-crevettes","8":"product_cat-nutrition-pour-crevettes","9":"product_tag-abeille","10":"product_tag-benibachi-fr","11":"product_tag-food-fr","12":"product_tag-shrimp-fr-2","13":"desktop-align-left","14":"tablet-align-left","15":"mobile-align-left","16":"ast-product-gallery-layout-horizontal-slider","17":"ast-product-gallery-with-no-image","18":"ast-product-tabs-layout-horizontal","20":"first","21":"outofstock","22":"taxable","23":"shipping-taxable","24":"purchasable","25":"product-type-simple"},"yoast_head":"<!-- This site is optimized with the Yoast SEO plugin v27.2 - https:\/\/yoast.com\/product\/yoast-seo-wordpress\/ -->\n<title>BENIBACHI Red Bee Ambitious 30g | Red Leaf Aquascaping<\/title>\n<meta name=\"description\" content=\"Boostez la couleur et la sant\u00e9 de vos crevettes avec BENIBACHI Red Bee Ambitious. Ce compl\u00e9ment alimentaire de 30g est con\u00e7u pour am\u00e9liorer la vitalit\u00e9 et l&#039;\u00e9clat des crevettes Red Bee. Offrez-leur une alimentation de qualit\u00e9 avec BENIBACHI Red Bee Ambitious.\" \/>\n<meta name=\"robots\" content=\"index, follow, max-snippet:-1, max-image-preview:large, max-video-preview:-1\" \/>\n<link rel=\"canonical\" href=\"https:\/\/redleafaquascaping.com\/fr\/produit\/benibachi-red-bee-ambitious-30g\/\" \/>\n<meta property=\"og:locale\" content=\"fr_FR\" \/>\n<meta property=\"og:type\" content=\"article\" \/>\n<meta property=\"og:title\" content=\"BENIBACHI Red Bee Ambitious 30g | Red Leaf Aquascaping\" \/>\n<meta property=\"og:description\" content=\"Boostez la couleur et la sant\u00e9 de vos crevettes avec BENIBACHI Red Bee Ambitious. Ce compl\u00e9ment alimentaire de 30g est con\u00e7u pour am\u00e9liorer la vitalit\u00e9 et l&#039;\u00e9clat des crevettes Red Bee. Offrez-leur une alimentation de qualit\u00e9 avec BENIBACHI Red Bee Ambitious.\" \/>\n<meta property=\"og:url\" content=\"https:\/\/redleafaquascaping.com\/fr\/produit\/benibachi-red-bee-ambitious-30g\/\" \/>\n<meta property=\"og:site_name\" content=\"Red Leaf Aquascaping\" \/>\n<meta property=\"article:publisher\" content=\"https:\/\/www.facebook.com\/Redleafaqua\" \/>\n<meta property=\"article:modified_time\" content=\"2024-03-15T17:31:40+00:00\" \/>\n<meta property=\"og:image\" content=\"https:\/\/redleafaquascaping.com\/wp-content\/uploads\/2023\/11\/benibachi_red_bee_anbitious_30g.webp\" \/>\n\t<meta property=\"og:image:width\" content=\"500\" \/>\n\t<meta property=\"og:image:height\" content=\"500\" \/>\n\t<meta property=\"og:image:type\" content=\"image\/webp\" \/>\n<meta name=\"twitter:card\" content=\"summary_large_image\" \/>\n<meta name=\"twitter:label1\" content=\"Dur\u00e9e de lecture estim\u00e9e\" \/>\n\t<meta name=\"twitter:data1\" content=\"2 minutes\" \/>\n<script type=\"application\/ld+json\" class=\"yoast-schema-graph\">{\"@context\":\"https:\/\/schema.org\",\"@graph\":[{\"@type\":\"WebPage\",\"@id\":\"https:\/\/redleafaquascaping.com\/fr\/produit\/benibachi-red-bee-ambitious-30g\/\",\"url\":\"https:\/\/redleafaquascaping.com\/fr\/produit\/benibachi-red-bee-ambitious-30g\/\",\"name\":\"BENIBACHI Red Bee Ambitious 30g | Red Leaf Aquascaping\",\"isPartOf\":{\"@id\":\"https:\/\/redleafaquascaping.com\/#website\"},\"primaryImageOfPage\":{\"@id\":\"https:\/\/redleafaquascaping.com\/fr\/produit\/benibachi-red-bee-ambitious-30g\/#primaryimage\"},\"image\":{\"@id\":\"https:\/\/redleafaquascaping.com\/fr\/produit\/benibachi-red-bee-ambitious-30g\/#primaryimage\"},\"thumbnailUrl\":\"https:\/\/redleafaquascaping.com\/wp-content\/uploads\/2023\/11\/benibachi_red_bee_anbitious_30g.webp\",\"datePublished\":\"2023-11-22T18:16:13+00:00\",\"dateModified\":\"2024-03-15T17:31:40+00:00\",\"description\":\"Boostez la couleur et la sant\u00e9 de vos crevettes avec BENIBACHI Red Bee Ambitious. Ce compl\u00e9ment alimentaire de 30g est con\u00e7u pour am\u00e9liorer la vitalit\u00e9 et l'\u00e9clat des crevettes Red Bee. Offrez-leur une alimentation de qualit\u00e9 avec BENIBACHI Red Bee Ambitious.\",\"breadcrumb\":{\"@id\":\"https:\/\/redleafaquascaping.com\/fr\/produit\/benibachi-red-bee-ambitious-30g\/#breadcrumb\"},\"inLanguage\":\"fr-FR\",\"potentialAction\":[{\"@type\":\"ReadAction\",\"target\":[\"https:\/\/redleafaquascaping.com\/fr\/produit\/benibachi-red-bee-ambitious-30g\/\"]}]},{\"@type\":\"ImageObject\",\"inLanguage\":\"fr-FR\",\"@id\":\"https:\/\/redleafaquascaping.com\/fr\/produit\/benibachi-red-bee-ambitious-30g\/#primaryimage\",\"url\":\"https:\/\/redleafaquascaping.com\/wp-content\/uploads\/2023\/11\/benibachi_red_bee_anbitious_30g.webp\",\"contentUrl\":\"https:\/\/redleafaquascaping.com\/wp-content\/uploads\/2023\/11\/benibachi_red_bee_anbitious_30g.webp\",\"width\":500,\"height\":500},{\"@type\":\"BreadcrumbList\",\"@id\":\"https:\/\/redleafaquascaping.com\/fr\/produit\/benibachi-red-bee-ambitious-30g\/#breadcrumb\",\"itemListElement\":[{\"@type\":\"ListItem\",\"position\":1,\"name\":\"Home\",\"item\":\"https:\/\/redleafaquascaping.com\/fr\/\"},{\"@type\":\"ListItem\",\"position\":2,\"name\":\"Magasinez\",\"item\":\"https:\/\/redleafaquascaping.com\/fr\/magasinez\/\"},{\"@type\":\"ListItem\",\"position\":3,\"name\":\"BENIBACHI Red Bee Ambitious 30g\"}]},{\"@type\":\"WebSite\",\"@id\":\"https:\/\/redleafaquascaping.com\/#website\",\"url\":\"https:\/\/redleafaquascaping.com\/\",\"name\":\"Red Leaf Aquascaping\",\"description\":\"Online Aquascaping Equipment Store\",\"publisher\":{\"@id\":\"https:\/\/redleafaquascaping.com\/#organization\"},\"potentialAction\":[{\"@type\":\"SearchAction\",\"target\":{\"@type\":\"EntryPoint\",\"urlTemplate\":\"https:\/\/redleafaquascaping.com\/?s={search_term_string}\"},\"query-input\":{\"@type\":\"PropertyValueSpecification\",\"valueRequired\":true,\"valueName\":\"search_term_string\"}}],\"inLanguage\":\"fr-FR\"},{\"@type\":\"Organization\",\"@id\":\"https:\/\/redleafaquascaping.com\/#organization\",\"name\":\"Aquascaping Red Leaf\",\"alternateName\":\"Red Leaf\",\"url\":\"https:\/\/redleafaquascaping.com\/\",\"logo\":{\"@type\":\"ImageObject\",\"inLanguage\":\"fr-FR\",\"@id\":\"https:\/\/redleafaquascaping.com\/#\/schema\/logo\/image\/\",\"url\":\"https:\/\/redleafaquascaping.com\/wp-content\/uploads\/2024\/08\/logo-seo.jpg\",\"contentUrl\":\"https:\/\/redleafaquascaping.com\/wp-content\/uploads\/2024\/08\/logo-seo.jpg\",\"width\":696,\"height\":696,\"caption\":\"Aquascaping Red Leaf\"},\"image\":{\"@id\":\"https:\/\/redleafaquascaping.com\/#\/schema\/logo\/image\/\"},\"sameAs\":[\"https:\/\/www.facebook.com\/Redleafaqua\"]}]}<\/script>\n<!-- \/ Yoast SEO plugin. -->","yoast_head_json":{"title":"BENIBACHI Red Bee Ambitious 30g | Red Leaf Aquascaping","description":"Boostez la couleur et la sant\u00e9 de vos crevettes avec BENIBACHI Red Bee Ambitious. Ce compl\u00e9ment alimentaire de 30g est con\u00e7u pour am\u00e9liorer la vitalit\u00e9 et l'\u00e9clat des crevettes Red Bee. Offrez-leur une alimentation de qualit\u00e9 avec BENIBACHI Red Bee Ambitious.","robots":{"index":"index","follow":"follow","max-snippet":"max-snippet:-1","max-image-preview":"max-image-preview:large","max-video-preview":"max-video-preview:-1"},"canonical":"https:\/\/redleafaquascaping.com\/fr\/produit\/benibachi-red-bee-ambitious-30g\/","og_locale":"fr_FR","og_type":"article","og_title":"BENIBACHI Red Bee Ambitious 30g | Red Leaf Aquascaping","og_description":"Boostez la couleur et la sant\u00e9 de vos crevettes avec BENIBACHI Red Bee Ambitious. Ce compl\u00e9ment alimentaire de 30g est con\u00e7u pour am\u00e9liorer la vitalit\u00e9 et l'\u00e9clat des crevettes Red Bee. Offrez-leur une alimentation de qualit\u00e9 avec BENIBACHI Red Bee Ambitious.","og_url":"https:\/\/redleafaquascaping.com\/fr\/produit\/benibachi-red-bee-ambitious-30g\/","og_site_name":"Red Leaf Aquascaping","article_publisher":"https:\/\/www.facebook.com\/Redleafaqua","article_modified_time":"2024-03-15T17:31:40+00:00","og_image":[{"width":500,"height":500,"url":"https:\/\/redleafaquascaping.com\/wp-content\/uploads\/2023\/11\/benibachi_red_bee_anbitious_30g.webp","type":"image\/webp"}],"twitter_card":"summary_large_image","twitter_misc":{"Dur\u00e9e de lecture estim\u00e9e":"2 minutes"},"schema":{"@context":"https:\/\/schema.org","@graph":[{"@type":"WebPage","@id":"https:\/\/redleafaquascaping.com\/fr\/produit\/benibachi-red-bee-ambitious-30g\/","url":"https:\/\/redleafaquascaping.com\/fr\/produit\/benibachi-red-bee-ambitious-30g\/","name":"BENIBACHI Red Bee Ambitious 30g | Red Leaf Aquascaping","isPartOf":{"@id":"https:\/\/redleafaquascaping.com\/#website"},"primaryImageOfPage":{"@id":"https:\/\/redleafaquascaping.com\/fr\/produit\/benibachi-red-bee-ambitious-30g\/#primaryimage"},"image":{"@id":"https:\/\/redleafaquascaping.com\/fr\/produit\/benibachi-red-bee-ambitious-30g\/#primaryimage"},"thumbnailUrl":"https:\/\/redleafaquascaping.com\/wp-content\/uploads\/2023\/11\/benibachi_red_bee_anbitious_30g.webp","datePublished":"2023-11-22T18:16:13+00:00","dateModified":"2024-03-15T17:31:40+00:00","description":"Boostez la couleur et la sant\u00e9 de vos crevettes avec BENIBACHI Red Bee Ambitious. Ce compl\u00e9ment alimentaire de 30g est con\u00e7u pour am\u00e9liorer la vitalit\u00e9 et l'\u00e9clat des crevettes Red Bee. Offrez-leur une alimentation de qualit\u00e9 avec BENIBACHI Red Bee Ambitious.","breadcrumb":{"@id":"https:\/\/redleafaquascaping.com\/fr\/produit\/benibachi-red-bee-ambitious-30g\/#breadcrumb"},"inLanguage":"fr-FR","potentialAction":[{"@type":"ReadAction","target":["https:\/\/redleafaquascaping.com\/fr\/produit\/benibachi-red-bee-ambitious-30g\/"]}]},{"@type":"ImageObject","inLanguage":"fr-FR","@id":"https:\/\/redleafaquascaping.com\/fr\/produit\/benibachi-red-bee-ambitious-30g\/#primaryimage","url":"https:\/\/redleafaquascaping.com\/wp-content\/uploads\/2023\/11\/benibachi_red_bee_anbitious_30g.webp","contentUrl":"https:\/\/redleafaquascaping.com\/wp-content\/uploads\/2023\/11\/benibachi_red_bee_anbitious_30g.webp","width":500,"height":500},{"@type":"BreadcrumbList","@id":"https:\/\/redleafaquascaping.com\/fr\/produit\/benibachi-red-bee-ambitious-30g\/#breadcrumb","itemListElement":[{"@type":"ListItem","position":1,"name":"Home","item":"https:\/\/redleafaquascaping.com\/fr\/"},{"@type":"ListItem","position":2,"name":"Magasinez","item":"https:\/\/redleafaquascaping.com\/fr\/magasinez\/"},{"@type":"ListItem","position":3,"name":"BENIBACHI Red Bee Ambitious 30g"}]},{"@type":"WebSite","@id":"https:\/\/redleafaquascaping.com\/#website","url":"https:\/\/redleafaquascaping.com\/","name":"Red Leaf Aquascaping","description":"Online Aquascaping Equipment Store","publisher":{"@id":"https:\/\/redleafaquascaping.com\/#organization"},"potentialAction":[{"@type":"SearchAction","target":{"@type":"EntryPoint","urlTemplate":"https:\/\/redleafaquascaping.com\/?s={search_term_string}"},"query-input":{"@type":"PropertyValueSpecification","valueRequired":true,"valueName":"search_term_string"}}],"inLanguage":"fr-FR"},{"@type":"Organization","@id":"https:\/\/redleafaquascaping.com\/#organization","name":"Aquascaping Red Leaf","alternateName":"Red Leaf","url":"https:\/\/redleafaquascaping.com\/","logo":{"@type":"ImageObject","inLanguage":"fr-FR","@id":"https:\/\/redleafaquascaping.com\/#\/schema\/logo\/image\/","url":"https:\/\/redleafaquascaping.com\/wp-content\/uploads\/2024\/08\/logo-seo.jpg","contentUrl":"https:\/\/redleafaquascaping.com\/wp-content\/uploads\/2024\/08\/logo-seo.jpg","width":696,"height":696,"caption":"Aquascaping Red Leaf"},"image":{"@id":"https:\/\/redleafaquascaping.com\/#\/schema\/logo\/image\/"},"sameAs":["https:\/\/www.facebook.com\/Redleafaqua"]}]}},"_links":{"self":[{"href":"https:\/\/redleafaquascaping.com\/fr\/wp-json\/wp\/v2\/product\/10097","targetHints":{"allow":["GET"]}}],"collection":[{"href":"https:\/\/redleafaquascaping.com\/fr\/wp-json\/wp\/v2\/product"}],"about":[{"href":"https:\/\/redleafaquascaping.com\/fr\/wp-json\/wp\/v2\/types\/product"}],"wp:featuredmedia":[{"embeddable":true,"href":"https:\/\/redleafaquascaping.com\/fr\/wp-json\/wp\/v2\/media\/9974"}],"wp:attachment":[{"href":"https:\/\/redleafaquascaping.com\/fr\/wp-json\/wp\/v2\/media?parent=10097"}],"wp:term":[{"taxonomy":"product_brand","embeddable":true,"href":"https:\/\/redleafaquascaping.com\/fr\/wp-json\/wp\/v2\/product_brand?post=10097"},{"taxonomy":"product_cat","embeddable":true,"href":"https:\/\/redleafaquascaping.com\/fr\/wp-json\/wp\/v2\/product_cat?post=10097"},{"taxonomy":"product_tag","embeddable":true,"href":"https:\/\/redleafaquascaping.com\/fr\/wp-json\/wp\/v2\/product_tag?post=10097"}],"curies":[{"name":"wp","href":"https:\/\/api.w.org\/{rel}","templated":true}]}}