{"id":10099,"date":"2023-11-14T15:58:37","date_gmt":"2023-11-22T18:20:47","guid":{"rendered":"https:\/\/redleafaquascaping.com\/?post_type=product&#038;p=10099"},"modified":"2024-03-15T13:30:39","modified_gmt":"2024-03-15T17:30:39","slug":"benibachi-dry-spinach-20g","status":"publish","type":"product","link":"https:\/\/redleafaquascaping.com\/fr\/produit\/benibachi-dry-spinach-20g\/","title":{"rendered":"Benibachi Dry Spinach 20g"},"content":{"rendered":"<p>Benibachi Dry Spinach est un \u00e9pinard s\u00e9ch\u00e9 de qualit\u00e9 premium con\u00e7u pour nourrir les crevettes d&rsquo;ornement et autres poissons d&rsquo;aquarium. Ce produit sert de source alimentaire riche en nutriments, favorisant la sant\u00e9 globale et le d\u00e9veloppement des animaux aquatiques en fournissant des vitamines et des min\u00e9raux naturels.<\/p>\n<p>L&rsquo;inclusion r\u00e9guli\u00e8re de Benibachi Dry Spinach dans l&rsquo;alimentation contribue \u00e0 une meilleure sant\u00e9 digestive, renforce les syst\u00e8mes immunitaires et soutient une reproduction saine chez les animaux d&rsquo;aquarium. L&rsquo;\u00e9pinard s\u00e9ch\u00e9 est conditionn\u00e9 de mani\u00e8re pratique pour une mesure et un stockage faciles, r\u00e9pondant aux besoins pratiques de chaque aquariophile.<\/p>\n<p>Cet \u00e9pinard sec biologique est exempt de pesticides.<\/p>\n<p>Utilisation :<br \/>\nL&rsquo;\u00e9pinard sec peut \u00eatre utilis\u00e9 comme alimentation quotidienne. Il suffit de l&rsquo;ajouter directement dans le r\u00e9servoir ou de le placer dans une tasse d&rsquo;eau du r\u00e9servoir jusqu&rsquo;\u00e0 ce que l&rsquo;\u00e9pinard coule compl\u00e8tement avant de l&rsquo;introduire dans le r\u00e9servoir.<\/p>\n","protected":false},"excerpt":{"rendered":"<ul>\n<li>\u00e9pinard s\u00e9ch\u00e9 de qualit\u00e9 premium<\/li>\n<li>source alimentaire riche en nutriments<\/li>\n<\/ul>\n","protected":false},"featured_media":9980,"template":"","meta":{"site-sidebar-layout":"default","site-content-layout":"","ast-site-content-layout":"default","site-content-style":"default","site-sidebar-style":"default","ast-global-header-display":"","ast-banner-title-visibility":"","ast-main-header-display":"","ast-hfb-above-header-display":"","ast-hfb-below-header-display":"","ast-hfb-mobile-header-display":"","site-post-title":"","ast-breadcrumbs-content":"","ast-featured-img":"","footer-sml-layout":"","ast-disable-related-posts":"","theme-transparent-header-meta":"default","adv-header-id-meta":"","stick-header-meta":"","header-above-stick-meta":"","header-main-stick-meta":"","header-below-stick-meta":"","astra-migrate-meta-layouts":"set","ast-page-background-enabled":"default","ast-page-background-meta":{"desktop":{"background-color":"","background-image":"","background-repeat":"repeat","background-position":"center center","background-size":"auto","background-attachment":"scroll","background-type":"","background-media":"","overlay-type":"","overlay-color":"","overlay-opacity":"","overlay-gradient":""},"tablet":{"background-color":"","background-image":"","background-repeat":"repeat","background-position":"center center","background-size":"auto","background-attachment":"scroll","background-type":"","background-media":"","overlay-type":"","overlay-color":"","overlay-opacity":"","overlay-gradient":""},"mobile":{"background-color":"","background-image":"","background-repeat":"repeat","background-position":"center center","background-size":"auto","background-attachment":"scroll","background-type":"","background-media":"","overlay-type":"","overlay-color":"","overlay-opacity":"","overlay-gradient":""}},"ast-content-background-meta":{"desktop":{"background-color":"var(--ast-global-color-5)","background-image":"","background-repeat":"repeat","background-position":"center center","background-size":"auto","background-attachment":"scroll","background-type":"","background-media":"","overlay-type":"","overlay-color":"","overlay-opacity":"","overlay-gradient":""},"tablet":{"background-color":"var(--ast-global-color-5)","background-image":"","background-repeat":"repeat","background-position":"center center","background-size":"auto","background-attachment":"scroll","background-type":"","background-media":"","overlay-type":"","overlay-color":"","overlay-opacity":"","overlay-gradient":""},"mobile":{"background-color":"var(--ast-global-color-5)","background-image":"","background-repeat":"repeat","background-position":"center center","background-size":"auto","background-attachment":"scroll","background-type":"","background-media":"","overlay-type":"","overlay-color":"","overlay-opacity":"","overlay-gradient":""}}},"product_brand":[],"product_cat":[1366,962,1389],"product_tag":[1395,1091,1037],"class_list":{"0":"post-10099","1":"product","2":"type-product","3":"status-publish","4":"has-post-thumbnail","6":"product_cat-benibachi-fr","7":"product_cat-crevettes","8":"product_cat-nutrition-pour-crevettes","9":"product_tag-benibachi-fr","10":"product_tag-food-fr","11":"product_tag-shrimp-fr-2","12":"desktop-align-left","13":"tablet-align-left","14":"mobile-align-left","15":"ast-product-gallery-layout-horizontal-slider","16":"ast-product-gallery-with-no-image","17":"ast-product-tabs-layout-horizontal","19":"first","20":"outofstock","21":"taxable","22":"shipping-taxable","23":"purchasable","24":"product-type-simple"},"yoast_head":"<!-- This site is optimized with the Yoast SEO plugin v27.2 - https:\/\/yoast.com\/product\/yoast-seo-wordpress\/ -->\n<title>Benibachi Dry Spinach 20g | Red Leaf Aquascaping<\/title>\n<meta name=\"description\" content=\"Enrichissez le r\u00e9gime alimentaire de vos crevettes avec Benibachi Dry Spinach. Contenant 20g, cette source de nutriments essentiels favorise la sant\u00e9 et la vitalit\u00e9 de vos invert\u00e9br\u00e9s aquatiques. Offrez-leur une alimentation de qualit\u00e9 avec Benibachi Dry Spinach.\" \/>\n<meta name=\"robots\" content=\"index, follow, max-snippet:-1, max-image-preview:large, max-video-preview:-1\" \/>\n<link rel=\"canonical\" href=\"https:\/\/redleafaquascaping.com\/fr\/produit\/benibachi-dry-spinach-20g\/\" \/>\n<meta property=\"og:locale\" content=\"fr_FR\" \/>\n<meta property=\"og:type\" content=\"article\" \/>\n<meta property=\"og:title\" content=\"Benibachi Dry Spinach 20g | Red Leaf Aquascaping\" \/>\n<meta property=\"og:description\" content=\"Enrichissez le r\u00e9gime alimentaire de vos crevettes avec Benibachi Dry Spinach. Contenant 20g, cette source de nutriments essentiels favorise la sant\u00e9 et la vitalit\u00e9 de vos invert\u00e9br\u00e9s aquatiques. Offrez-leur une alimentation de qualit\u00e9 avec Benibachi Dry Spinach.\" \/>\n<meta property=\"og:url\" content=\"https:\/\/redleafaquascaping.com\/fr\/produit\/benibachi-dry-spinach-20g\/\" \/>\n<meta property=\"og:site_name\" content=\"Red Leaf Aquascaping\" \/>\n<meta property=\"article:publisher\" content=\"https:\/\/www.facebook.com\/Redleafaqua\" \/>\n<meta property=\"article:modified_time\" content=\"2024-03-15T17:30:39+00:00\" \/>\n<meta property=\"og:image\" content=\"https:\/\/redleafaquascaping.com\/wp-content\/uploads\/2023\/11\/BENIBACHI-Dry-Spinach-20g-Pokarm-Kreweteki-Szpinak.webp\" \/>\n\t<meta property=\"og:image:width\" content=\"512\" \/>\n\t<meta property=\"og:image:height\" content=\"384\" \/>\n\t<meta property=\"og:image:type\" content=\"image\/webp\" \/>\n<meta name=\"twitter:card\" content=\"summary_large_image\" \/>\n<meta name=\"twitter:label1\" content=\"Dur\u00e9e de lecture estim\u00e9e\" \/>\n\t<meta name=\"twitter:data1\" content=\"1 minute\" \/>\n<script type=\"application\/ld+json\" class=\"yoast-schema-graph\">{\"@context\":\"https:\/\/schema.org\",\"@graph\":[{\"@type\":\"WebPage\",\"@id\":\"https:\/\/redleafaquascaping.com\/fr\/produit\/benibachi-dry-spinach-20g\/\",\"url\":\"https:\/\/redleafaquascaping.com\/fr\/produit\/benibachi-dry-spinach-20g\/\",\"name\":\"Benibachi Dry Spinach 20g | Red Leaf Aquascaping\",\"isPartOf\":{\"@id\":\"https:\/\/redleafaquascaping.com\/#website\"},\"primaryImageOfPage\":{\"@id\":\"https:\/\/redleafaquascaping.com\/fr\/produit\/benibachi-dry-spinach-20g\/#primaryimage\"},\"image\":{\"@id\":\"https:\/\/redleafaquascaping.com\/fr\/produit\/benibachi-dry-spinach-20g\/#primaryimage\"},\"thumbnailUrl\":\"https:\/\/redleafaquascaping.com\/wp-content\/uploads\/2023\/11\/BENIBACHI-Dry-Spinach-20g-Pokarm-Kreweteki-Szpinak.webp\",\"datePublished\":\"2023-11-22T18:20:47+00:00\",\"dateModified\":\"2024-03-15T17:30:39+00:00\",\"description\":\"Enrichissez le r\u00e9gime alimentaire de vos crevettes avec Benibachi Dry Spinach. Contenant 20g, cette source de nutriments essentiels favorise la sant\u00e9 et la vitalit\u00e9 de vos invert\u00e9br\u00e9s aquatiques. Offrez-leur une alimentation de qualit\u00e9 avec Benibachi Dry Spinach.\",\"breadcrumb\":{\"@id\":\"https:\/\/redleafaquascaping.com\/fr\/produit\/benibachi-dry-spinach-20g\/#breadcrumb\"},\"inLanguage\":\"fr-FR\",\"potentialAction\":[{\"@type\":\"ReadAction\",\"target\":[\"https:\/\/redleafaquascaping.com\/fr\/produit\/benibachi-dry-spinach-20g\/\"]}]},{\"@type\":\"ImageObject\",\"inLanguage\":\"fr-FR\",\"@id\":\"https:\/\/redleafaquascaping.com\/fr\/produit\/benibachi-dry-spinach-20g\/#primaryimage\",\"url\":\"https:\/\/redleafaquascaping.com\/wp-content\/uploads\/2023\/11\/BENIBACHI-Dry-Spinach-20g-Pokarm-Kreweteki-Szpinak.webp\",\"contentUrl\":\"https:\/\/redleafaquascaping.com\/wp-content\/uploads\/2023\/11\/BENIBACHI-Dry-Spinach-20g-Pokarm-Kreweteki-Szpinak.webp\",\"width\":512,\"height\":384},{\"@type\":\"BreadcrumbList\",\"@id\":\"https:\/\/redleafaquascaping.com\/fr\/produit\/benibachi-dry-spinach-20g\/#breadcrumb\",\"itemListElement\":[{\"@type\":\"ListItem\",\"position\":1,\"name\":\"Home\",\"item\":\"https:\/\/redleafaquascaping.com\/fr\/\"},{\"@type\":\"ListItem\",\"position\":2,\"name\":\"Magasinez\",\"item\":\"https:\/\/redleafaquascaping.com\/fr\/magasinez\/\"},{\"@type\":\"ListItem\",\"position\":3,\"name\":\"Benibachi Dry Spinach 20g\"}]},{\"@type\":\"WebSite\",\"@id\":\"https:\/\/redleafaquascaping.com\/#website\",\"url\":\"https:\/\/redleafaquascaping.com\/\",\"name\":\"Red Leaf Aquascaping\",\"description\":\"Online Aquascaping Equipment Store\",\"publisher\":{\"@id\":\"https:\/\/redleafaquascaping.com\/#organization\"},\"potentialAction\":[{\"@type\":\"SearchAction\",\"target\":{\"@type\":\"EntryPoint\",\"urlTemplate\":\"https:\/\/redleafaquascaping.com\/?s={search_term_string}\"},\"query-input\":{\"@type\":\"PropertyValueSpecification\",\"valueRequired\":true,\"valueName\":\"search_term_string\"}}],\"inLanguage\":\"fr-FR\"},{\"@type\":\"Organization\",\"@id\":\"https:\/\/redleafaquascaping.com\/#organization\",\"name\":\"Aquascaping Red Leaf\",\"alternateName\":\"Red Leaf\",\"url\":\"https:\/\/redleafaquascaping.com\/\",\"logo\":{\"@type\":\"ImageObject\",\"inLanguage\":\"fr-FR\",\"@id\":\"https:\/\/redleafaquascaping.com\/#\/schema\/logo\/image\/\",\"url\":\"https:\/\/redleafaquascaping.com\/wp-content\/uploads\/2024\/08\/logo-seo.jpg\",\"contentUrl\":\"https:\/\/redleafaquascaping.com\/wp-content\/uploads\/2024\/08\/logo-seo.jpg\",\"width\":696,\"height\":696,\"caption\":\"Aquascaping Red Leaf\"},\"image\":{\"@id\":\"https:\/\/redleafaquascaping.com\/#\/schema\/logo\/image\/\"},\"sameAs\":[\"https:\/\/www.facebook.com\/Redleafaqua\"]}]}<\/script>\n<!-- \/ Yoast SEO plugin. -->","yoast_head_json":{"title":"Benibachi Dry Spinach 20g | Red Leaf Aquascaping","description":"Enrichissez le r\u00e9gime alimentaire de vos crevettes avec Benibachi Dry Spinach. Contenant 20g, cette source de nutriments essentiels favorise la sant\u00e9 et la vitalit\u00e9 de vos invert\u00e9br\u00e9s aquatiques. Offrez-leur une alimentation de qualit\u00e9 avec Benibachi Dry Spinach.","robots":{"index":"index","follow":"follow","max-snippet":"max-snippet:-1","max-image-preview":"max-image-preview:large","max-video-preview":"max-video-preview:-1"},"canonical":"https:\/\/redleafaquascaping.com\/fr\/produit\/benibachi-dry-spinach-20g\/","og_locale":"fr_FR","og_type":"article","og_title":"Benibachi Dry Spinach 20g | Red Leaf Aquascaping","og_description":"Enrichissez le r\u00e9gime alimentaire de vos crevettes avec Benibachi Dry Spinach. Contenant 20g, cette source de nutriments essentiels favorise la sant\u00e9 et la vitalit\u00e9 de vos invert\u00e9br\u00e9s aquatiques. Offrez-leur une alimentation de qualit\u00e9 avec Benibachi Dry Spinach.","og_url":"https:\/\/redleafaquascaping.com\/fr\/produit\/benibachi-dry-spinach-20g\/","og_site_name":"Red Leaf Aquascaping","article_publisher":"https:\/\/www.facebook.com\/Redleafaqua","article_modified_time":"2024-03-15T17:30:39+00:00","og_image":[{"width":512,"height":384,"url":"https:\/\/redleafaquascaping.com\/wp-content\/uploads\/2023\/11\/BENIBACHI-Dry-Spinach-20g-Pokarm-Kreweteki-Szpinak.webp","type":"image\/webp"}],"twitter_card":"summary_large_image","twitter_misc":{"Dur\u00e9e de lecture estim\u00e9e":"1 minute"},"schema":{"@context":"https:\/\/schema.org","@graph":[{"@type":"WebPage","@id":"https:\/\/redleafaquascaping.com\/fr\/produit\/benibachi-dry-spinach-20g\/","url":"https:\/\/redleafaquascaping.com\/fr\/produit\/benibachi-dry-spinach-20g\/","name":"Benibachi Dry Spinach 20g | Red Leaf Aquascaping","isPartOf":{"@id":"https:\/\/redleafaquascaping.com\/#website"},"primaryImageOfPage":{"@id":"https:\/\/redleafaquascaping.com\/fr\/produit\/benibachi-dry-spinach-20g\/#primaryimage"},"image":{"@id":"https:\/\/redleafaquascaping.com\/fr\/produit\/benibachi-dry-spinach-20g\/#primaryimage"},"thumbnailUrl":"https:\/\/redleafaquascaping.com\/wp-content\/uploads\/2023\/11\/BENIBACHI-Dry-Spinach-20g-Pokarm-Kreweteki-Szpinak.webp","datePublished":"2023-11-22T18:20:47+00:00","dateModified":"2024-03-15T17:30:39+00:00","description":"Enrichissez le r\u00e9gime alimentaire de vos crevettes avec Benibachi Dry Spinach. Contenant 20g, cette source de nutriments essentiels favorise la sant\u00e9 et la vitalit\u00e9 de vos invert\u00e9br\u00e9s aquatiques. Offrez-leur une alimentation de qualit\u00e9 avec Benibachi Dry Spinach.","breadcrumb":{"@id":"https:\/\/redleafaquascaping.com\/fr\/produit\/benibachi-dry-spinach-20g\/#breadcrumb"},"inLanguage":"fr-FR","potentialAction":[{"@type":"ReadAction","target":["https:\/\/redleafaquascaping.com\/fr\/produit\/benibachi-dry-spinach-20g\/"]}]},{"@type":"ImageObject","inLanguage":"fr-FR","@id":"https:\/\/redleafaquascaping.com\/fr\/produit\/benibachi-dry-spinach-20g\/#primaryimage","url":"https:\/\/redleafaquascaping.com\/wp-content\/uploads\/2023\/11\/BENIBACHI-Dry-Spinach-20g-Pokarm-Kreweteki-Szpinak.webp","contentUrl":"https:\/\/redleafaquascaping.com\/wp-content\/uploads\/2023\/11\/BENIBACHI-Dry-Spinach-20g-Pokarm-Kreweteki-Szpinak.webp","width":512,"height":384},{"@type":"BreadcrumbList","@id":"https:\/\/redleafaquascaping.com\/fr\/produit\/benibachi-dry-spinach-20g\/#breadcrumb","itemListElement":[{"@type":"ListItem","position":1,"name":"Home","item":"https:\/\/redleafaquascaping.com\/fr\/"},{"@type":"ListItem","position":2,"name":"Magasinez","item":"https:\/\/redleafaquascaping.com\/fr\/magasinez\/"},{"@type":"ListItem","position":3,"name":"Benibachi Dry Spinach 20g"}]},{"@type":"WebSite","@id":"https:\/\/redleafaquascaping.com\/#website","url":"https:\/\/redleafaquascaping.com\/","name":"Red Leaf Aquascaping","description":"Online Aquascaping Equipment Store","publisher":{"@id":"https:\/\/redleafaquascaping.com\/#organization"},"potentialAction":[{"@type":"SearchAction","target":{"@type":"EntryPoint","urlTemplate":"https:\/\/redleafaquascaping.com\/?s={search_term_string}"},"query-input":{"@type":"PropertyValueSpecification","valueRequired":true,"valueName":"search_term_string"}}],"inLanguage":"fr-FR"},{"@type":"Organization","@id":"https:\/\/redleafaquascaping.com\/#organization","name":"Aquascaping Red Leaf","alternateName":"Red Leaf","url":"https:\/\/redleafaquascaping.com\/","logo":{"@type":"ImageObject","inLanguage":"fr-FR","@id":"https:\/\/redleafaquascaping.com\/#\/schema\/logo\/image\/","url":"https:\/\/redleafaquascaping.com\/wp-content\/uploads\/2024\/08\/logo-seo.jpg","contentUrl":"https:\/\/redleafaquascaping.com\/wp-content\/uploads\/2024\/08\/logo-seo.jpg","width":696,"height":696,"caption":"Aquascaping Red Leaf"},"image":{"@id":"https:\/\/redleafaquascaping.com\/#\/schema\/logo\/image\/"},"sameAs":["https:\/\/www.facebook.com\/Redleafaqua"]}]}},"_links":{"self":[{"href":"https:\/\/redleafaquascaping.com\/fr\/wp-json\/wp\/v2\/product\/10099","targetHints":{"allow":["GET"]}}],"collection":[{"href":"https:\/\/redleafaquascaping.com\/fr\/wp-json\/wp\/v2\/product"}],"about":[{"href":"https:\/\/redleafaquascaping.com\/fr\/wp-json\/wp\/v2\/types\/product"}],"wp:featuredmedia":[{"embeddable":true,"href":"https:\/\/redleafaquascaping.com\/fr\/wp-json\/wp\/v2\/media\/9980"}],"wp:attachment":[{"href":"https:\/\/redleafaquascaping.com\/fr\/wp-json\/wp\/v2\/media?parent=10099"}],"wp:term":[{"taxonomy":"product_brand","embeddable":true,"href":"https:\/\/redleafaquascaping.com\/fr\/wp-json\/wp\/v2\/product_brand?post=10099"},{"taxonomy":"product_cat","embeddable":true,"href":"https:\/\/redleafaquascaping.com\/fr\/wp-json\/wp\/v2\/product_cat?post=10099"},{"taxonomy":"product_tag","embeddable":true,"href":"https:\/\/redleafaquascaping.com\/fr\/wp-json\/wp\/v2\/product_tag?post=10099"}],"curies":[{"name":"wp","href":"https:\/\/api.w.org\/{rel}","templated":true}]}}