{"id":10100,"date":"2023-11-14T16:42:48","date_gmt":"2023-11-22T18:24:08","guid":{"rendered":"https:\/\/redleafaquascaping.com\/?post_type=product&#038;p=10100"},"modified":"2024-03-15T13:30:06","modified_gmt":"2024-03-15T17:30:06","slug":"mironekuton-powder-glass-bottle-with-150-g","status":"publish","type":"product","link":"https:\/\/redleafaquascaping.com\/fr\/produit\/mironekuton-powder-glass-bottle-with-150-g\/","title":{"rendered":"Mironekuton Powder, glass bottle with 150 g"},"content":{"rendered":"<p>Pr\u00e9sentation de l&rsquo;authentique Mironekuton\u00ae en provenance du Japon, une poudre min\u00e9rale 100 % naturelle sans additifs. Ce produit v\u00e9n\u00e9r\u00e9 a gagn\u00e9 une grande popularit\u00e9 parmi les \u00e9leveurs de crevettes japonais et les passionn\u00e9s de r\u00e9servoirs \u00e0 plantes en raison de ses nombreux avantages, surtout lorsqu&rsquo;il est associ\u00e9 \u00e0 des substrats de sol. Mironekuton\u00ae am\u00e9liore significativement la microbiologie cruciale, notamment les bact\u00e9ries et la faune associ\u00e9e.<\/p>\n<p>Utilis\u00e9 en tant que suppl\u00e9ment min\u00e9ral et conditionneur d&rsquo;eau lors de la phase de cyclage du r\u00e9servoir, Mironekuton\u00ae joue un r\u00f4le vital en favorisant le d\u00e9veloppement des microorganismes essentiels \u00e0 la fois dans le filtre et le substrat d\u00e8s le d\u00e9part. Pendant le fonctionnement de votre r\u00e9servoir, Mironekuton\u00ae lib\u00e8re continuellement des min\u00e9raux, r\u00e9pondant aux besoins des habitants et des organismes b\u00e9n\u00e9fiques \u00e0 l&rsquo;int\u00e9rieur du r\u00e9servoir.<\/p>\n<p>Outre ses caract\u00e9ristiques positives, Mironekuton\u00ae stabilise les niveaux de pH, pr\u00e9venant les fluctuations potentiellement nocives du pH. Il maintient la duret\u00e9 totale (GH), am\u00e9liore la qualit\u00e9 de l&rsquo;eau, renforce la capacit\u00e9 d&rsquo;\u00e9change ionique, et favorise une croissance sup\u00e9rieure des plantes et la formation des racines. Cela contribue \u00e0 stimuler la photosynth\u00e8se et la production d&rsquo;oxyg\u00e8ne. De plus, Mironekuton\u00ae agit comme un absorbant puissant, assurant une eau cristalline et \u00e9liminant les odeurs.<\/p>\n<p>Au Japon, la poudre est int\u00e9gr\u00e9e de mani\u00e8re transparente dans le substrat lors de la mise en place du r\u00e9servoir. Il suffit d&rsquo;ajouter une couche de substrat, de la recouvrir l\u00e9g\u00e8rement avec Mironekuton\u00ae, puis de compl\u00e9ter la couche de substrat. Apr\u00e8s avoir d\u00e9cor\u00e9 et rempli le r\u00e9servoir avec de l&rsquo;eau, saupoudrez une petite quantit\u00e9 de Mironekuton\u00ae \u00e0 la surface de l&rsquo;eau pour une distribution uniforme pendant qu&rsquo;il coule.<\/p>\n<p>Dosage dans l&rsquo;aquarium :<br \/>\nPour chaque 10 litres d&rsquo;eau de r\u00e9servoir, ajoutez la pointe d&rsquo;un couteau (environ 0,4 g) de poudre min\u00e9rale Mironekuton\u00ae tous les trois \u00e0 quatre jours.<\/p>\n<p>La poudre min\u00e9rale Mironekuton\u00ae est polyvalente et peut \u00eatre m\u00e9lang\u00e9e \u00e0 votre nourriture maison pour crevettes en tant que suppl\u00e9ment min\u00e9ral efficace. Elle est \u00e9galement adapt\u00e9e pour remin\u00e9raliser l&rsquo;eau de RO, l&rsquo;eau enti\u00e8rement et partiellement d\u00e9min\u00e9ralis\u00e9e, et pour conditionner et \u00e9liminer les substances nocives de l&rsquo;eau de pluie. Rehaussez votre exp\u00e9rience aquatique avec Mironekuton\u00ae pour un environnement aquatique prosp\u00e8re.<\/p>\n","protected":false},"excerpt":{"rendered":"<ul>\n<li>C&rsquo;est id\u00e9al pour les aquariums avec du sol<\/li>\n<li>am\u00e9liore le fonctionnement de la microbiologie<\/li>\n<li>maintient des param\u00e8tres d&rsquo;eau stables<\/li>\n<\/ul>\n","protected":false},"featured_media":9983,"template":"","meta":{"site-sidebar-layout":"default","site-content-layout":"","ast-site-content-layout":"default","site-content-style":"default","site-sidebar-style":"default","ast-global-header-display":"","ast-banner-title-visibility":"","ast-main-header-display":"","ast-hfb-above-header-display":"","ast-hfb-below-header-display":"","ast-hfb-mobile-header-display":"","site-post-title":"","ast-breadcrumbs-content":"","ast-featured-img":"","footer-sml-layout":"","ast-disable-related-posts":"","theme-transparent-header-meta":"default","adv-header-id-meta":"","stick-header-meta":"","header-above-stick-meta":"","header-main-stick-meta":"","header-below-stick-meta":"","astra-migrate-meta-layouts":"set","ast-page-background-enabled":"default","ast-page-background-meta":{"desktop":{"background-color":"","background-image":"","background-repeat":"repeat","background-position":"center center","background-size":"auto","background-attachment":"scroll","background-type":"","background-media":"","overlay-type":"","overlay-color":"","overlay-opacity":"","overlay-gradient":""},"tablet":{"background-color":"","background-image":"","background-repeat":"repeat","background-position":"center center","background-size":"auto","background-attachment":"scroll","background-type":"","background-media":"","overlay-type":"","overlay-color":"","overlay-opacity":"","overlay-gradient":""},"mobile":{"background-color":"","background-image":"","background-repeat":"repeat","background-position":"center center","background-size":"auto","background-attachment":"scroll","background-type":"","background-media":"","overlay-type":"","overlay-color":"","overlay-opacity":"","overlay-gradient":""}},"ast-content-background-meta":{"desktop":{"background-color":"var(--ast-global-color-5)","background-image":"","background-repeat":"repeat","background-position":"center center","background-size":"auto","background-attachment":"scroll","background-type":"","background-media":"","overlay-type":"","overlay-color":"","overlay-opacity":"","overlay-gradient":""},"tablet":{"background-color":"var(--ast-global-color-5)","background-image":"","background-repeat":"repeat","background-position":"center center","background-size":"auto","background-attachment":"scroll","background-type":"","background-media":"","overlay-type":"","overlay-color":"","overlay-opacity":"","overlay-gradient":""},"mobile":{"background-color":"var(--ast-global-color-5)","background-image":"","background-repeat":"repeat","background-position":"center center","background-size":"auto","background-attachment":"scroll","background-type":"","background-media":"","overlay-type":"","overlay-color":"","overlay-opacity":"","overlay-gradient":""}}},"product_brand":[],"product_cat":[1388,962,1371],"product_tag":[],"class_list":{"0":"post-10100","1":"product","2":"type-product","3":"status-publish","4":"has-post-thumbnail","6":"product_cat-additifs-pour-crevettes","7":"product_cat-crevettes","8":"product_cat-glas-garten-fr","9":"desktop-align-left","10":"tablet-align-left","11":"mobile-align-left","12":"ast-product-gallery-layout-horizontal-slider","13":"ast-product-gallery-with-no-image","14":"ast-product-tabs-layout-horizontal","16":"first","17":"instock","18":"taxable","19":"shipping-taxable","20":"purchasable","21":"product-type-simple"},"yoast_head":"<!-- This site is optimized with the Yoast SEO plugin v27.2 - https:\/\/yoast.com\/product\/yoast-seo-wordpress\/ -->\n<title>Mironekuton Powder, glass bottle with 150 g | Red Leaf Aquascaping<\/title>\n<meta name=\"description\" content=\"Am\u00e9liorez la qualit\u00e9 de l&#039;eau de votre aquarium avec la poudre Mironekuton. Contenue dans un flacon en verre de 150 g, cette formule unique enrichit l&#039;eau en min\u00e9raux essentiels pour la sant\u00e9 de vos poissons et plantes. Plongez dans un environnement aquatique vibrant et \u00e9quilibr\u00e9 avec Mironekuton.\" \/>\n<meta name=\"robots\" content=\"index, follow, max-snippet:-1, max-image-preview:large, max-video-preview:-1\" \/>\n<link rel=\"canonical\" href=\"https:\/\/redleafaquascaping.com\/fr\/produit\/mironekuton-powder-glass-bottle-with-150-g\/\" \/>\n<meta property=\"og:locale\" content=\"fr_FR\" \/>\n<meta property=\"og:type\" content=\"article\" \/>\n<meta property=\"og:title\" content=\"Mironekuton Powder, glass bottle with 150 g | Red Leaf Aquascaping\" \/>\n<meta property=\"og:description\" content=\"Am\u00e9liorez la qualit\u00e9 de l&#039;eau de votre aquarium avec la poudre Mironekuton. Contenue dans un flacon en verre de 150 g, cette formule unique enrichit l&#039;eau en min\u00e9raux essentiels pour la sant\u00e9 de vos poissons et plantes. Plongez dans un environnement aquatique vibrant et \u00e9quilibr\u00e9 avec Mironekuton.\" \/>\n<meta property=\"og:url\" content=\"https:\/\/redleafaquascaping.com\/fr\/produit\/mironekuton-powder-glass-bottle-with-150-g\/\" \/>\n<meta property=\"og:site_name\" content=\"Red Leaf Aquascaping\" \/>\n<meta property=\"article:publisher\" content=\"https:\/\/www.facebook.com\/Redleafaqua\" \/>\n<meta property=\"article:modified_time\" content=\"2024-03-15T17:30:06+00:00\" \/>\n<meta property=\"og:image\" content=\"https:\/\/redleafaquascaping.com\/wp-content\/uploads\/2023\/11\/893_0_mironekuton_mineral_powder_150.jpg\" \/>\n\t<meta property=\"og:image:width\" content=\"800\" \/>\n\t<meta property=\"og:image:height\" content=\"600\" \/>\n\t<meta property=\"og:image:type\" content=\"image\/jpeg\" \/>\n<meta name=\"twitter:card\" content=\"summary_large_image\" \/>\n<meta name=\"twitter:label1\" content=\"Dur\u00e9e de lecture estim\u00e9e\" \/>\n\t<meta name=\"twitter:data1\" content=\"2 minutes\" \/>\n<script type=\"application\/ld+json\" class=\"yoast-schema-graph\">{\"@context\":\"https:\/\/schema.org\",\"@graph\":[{\"@type\":\"WebPage\",\"@id\":\"https:\/\/redleafaquascaping.com\/fr\/produit\/mironekuton-powder-glass-bottle-with-150-g\/\",\"url\":\"https:\/\/redleafaquascaping.com\/fr\/produit\/mironekuton-powder-glass-bottle-with-150-g\/\",\"name\":\"Mironekuton Powder, glass bottle with 150 g | Red Leaf Aquascaping\",\"isPartOf\":{\"@id\":\"https:\/\/redleafaquascaping.com\/#website\"},\"primaryImageOfPage\":{\"@id\":\"https:\/\/redleafaquascaping.com\/fr\/produit\/mironekuton-powder-glass-bottle-with-150-g\/#primaryimage\"},\"image\":{\"@id\":\"https:\/\/redleafaquascaping.com\/fr\/produit\/mironekuton-powder-glass-bottle-with-150-g\/#primaryimage\"},\"thumbnailUrl\":\"https:\/\/redleafaquascaping.com\/wp-content\/uploads\/2023\/11\/893_0_mironekuton_mineral_powder_150.jpg\",\"datePublished\":\"2023-11-22T18:24:08+00:00\",\"dateModified\":\"2024-03-15T17:30:06+00:00\",\"description\":\"Am\u00e9liorez la qualit\u00e9 de l'eau de votre aquarium avec la poudre Mironekuton. Contenue dans un flacon en verre de 150 g, cette formule unique enrichit l'eau en min\u00e9raux essentiels pour la sant\u00e9 de vos poissons et plantes. Plongez dans un environnement aquatique vibrant et \u00e9quilibr\u00e9 avec Mironekuton.\",\"breadcrumb\":{\"@id\":\"https:\/\/redleafaquascaping.com\/fr\/produit\/mironekuton-powder-glass-bottle-with-150-g\/#breadcrumb\"},\"inLanguage\":\"fr-FR\",\"potentialAction\":[{\"@type\":\"ReadAction\",\"target\":[\"https:\/\/redleafaquascaping.com\/fr\/produit\/mironekuton-powder-glass-bottle-with-150-g\/\"]}]},{\"@type\":\"ImageObject\",\"inLanguage\":\"fr-FR\",\"@id\":\"https:\/\/redleafaquascaping.com\/fr\/produit\/mironekuton-powder-glass-bottle-with-150-g\/#primaryimage\",\"url\":\"https:\/\/redleafaquascaping.com\/wp-content\/uploads\/2023\/11\/893_0_mironekuton_mineral_powder_150.jpg\",\"contentUrl\":\"https:\/\/redleafaquascaping.com\/wp-content\/uploads\/2023\/11\/893_0_mironekuton_mineral_powder_150.jpg\",\"width\":800,\"height\":600},{\"@type\":\"BreadcrumbList\",\"@id\":\"https:\/\/redleafaquascaping.com\/fr\/produit\/mironekuton-powder-glass-bottle-with-150-g\/#breadcrumb\",\"itemListElement\":[{\"@type\":\"ListItem\",\"position\":1,\"name\":\"Home\",\"item\":\"https:\/\/redleafaquascaping.com\/fr\/\"},{\"@type\":\"ListItem\",\"position\":2,\"name\":\"Magasinez\",\"item\":\"https:\/\/redleafaquascaping.com\/fr\/magasinez\/\"},{\"@type\":\"ListItem\",\"position\":3,\"name\":\"Mironekuton Powder, glass bottle with 150 g\"}]},{\"@type\":\"WebSite\",\"@id\":\"https:\/\/redleafaquascaping.com\/#website\",\"url\":\"https:\/\/redleafaquascaping.com\/\",\"name\":\"Red Leaf Aquascaping\",\"description\":\"Online Aquascaping Equipment Store\",\"publisher\":{\"@id\":\"https:\/\/redleafaquascaping.com\/#organization\"},\"potentialAction\":[{\"@type\":\"SearchAction\",\"target\":{\"@type\":\"EntryPoint\",\"urlTemplate\":\"https:\/\/redleafaquascaping.com\/?s={search_term_string}\"},\"query-input\":{\"@type\":\"PropertyValueSpecification\",\"valueRequired\":true,\"valueName\":\"search_term_string\"}}],\"inLanguage\":\"fr-FR\"},{\"@type\":\"Organization\",\"@id\":\"https:\/\/redleafaquascaping.com\/#organization\",\"name\":\"Aquascaping Red Leaf\",\"alternateName\":\"Red Leaf\",\"url\":\"https:\/\/redleafaquascaping.com\/\",\"logo\":{\"@type\":\"ImageObject\",\"inLanguage\":\"fr-FR\",\"@id\":\"https:\/\/redleafaquascaping.com\/#\/schema\/logo\/image\/\",\"url\":\"https:\/\/redleafaquascaping.com\/wp-content\/uploads\/2024\/08\/logo-seo.jpg\",\"contentUrl\":\"https:\/\/redleafaquascaping.com\/wp-content\/uploads\/2024\/08\/logo-seo.jpg\",\"width\":696,\"height\":696,\"caption\":\"Aquascaping Red Leaf\"},\"image\":{\"@id\":\"https:\/\/redleafaquascaping.com\/#\/schema\/logo\/image\/\"},\"sameAs\":[\"https:\/\/www.facebook.com\/Redleafaqua\"]}]}<\/script>\n<!-- \/ Yoast SEO plugin. -->","yoast_head_json":{"title":"Mironekuton Powder, glass bottle with 150 g | Red Leaf Aquascaping","description":"Am\u00e9liorez la qualit\u00e9 de l'eau de votre aquarium avec la poudre Mironekuton. Contenue dans un flacon en verre de 150 g, cette formule unique enrichit l'eau en min\u00e9raux essentiels pour la sant\u00e9 de vos poissons et plantes. Plongez dans un environnement aquatique vibrant et \u00e9quilibr\u00e9 avec Mironekuton.","robots":{"index":"index","follow":"follow","max-snippet":"max-snippet:-1","max-image-preview":"max-image-preview:large","max-video-preview":"max-video-preview:-1"},"canonical":"https:\/\/redleafaquascaping.com\/fr\/produit\/mironekuton-powder-glass-bottle-with-150-g\/","og_locale":"fr_FR","og_type":"article","og_title":"Mironekuton Powder, glass bottle with 150 g | Red Leaf Aquascaping","og_description":"Am\u00e9liorez la qualit\u00e9 de l'eau de votre aquarium avec la poudre Mironekuton. Contenue dans un flacon en verre de 150 g, cette formule unique enrichit l'eau en min\u00e9raux essentiels pour la sant\u00e9 de vos poissons et plantes. Plongez dans un environnement aquatique vibrant et \u00e9quilibr\u00e9 avec Mironekuton.","og_url":"https:\/\/redleafaquascaping.com\/fr\/produit\/mironekuton-powder-glass-bottle-with-150-g\/","og_site_name":"Red Leaf Aquascaping","article_publisher":"https:\/\/www.facebook.com\/Redleafaqua","article_modified_time":"2024-03-15T17:30:06+00:00","og_image":[{"width":800,"height":600,"url":"https:\/\/redleafaquascaping.com\/wp-content\/uploads\/2023\/11\/893_0_mironekuton_mineral_powder_150.jpg","type":"image\/jpeg"}],"twitter_card":"summary_large_image","twitter_misc":{"Dur\u00e9e de lecture estim\u00e9e":"2 minutes"},"schema":{"@context":"https:\/\/schema.org","@graph":[{"@type":"WebPage","@id":"https:\/\/redleafaquascaping.com\/fr\/produit\/mironekuton-powder-glass-bottle-with-150-g\/","url":"https:\/\/redleafaquascaping.com\/fr\/produit\/mironekuton-powder-glass-bottle-with-150-g\/","name":"Mironekuton Powder, glass bottle with 150 g | Red Leaf Aquascaping","isPartOf":{"@id":"https:\/\/redleafaquascaping.com\/#website"},"primaryImageOfPage":{"@id":"https:\/\/redleafaquascaping.com\/fr\/produit\/mironekuton-powder-glass-bottle-with-150-g\/#primaryimage"},"image":{"@id":"https:\/\/redleafaquascaping.com\/fr\/produit\/mironekuton-powder-glass-bottle-with-150-g\/#primaryimage"},"thumbnailUrl":"https:\/\/redleafaquascaping.com\/wp-content\/uploads\/2023\/11\/893_0_mironekuton_mineral_powder_150.jpg","datePublished":"2023-11-22T18:24:08+00:00","dateModified":"2024-03-15T17:30:06+00:00","description":"Am\u00e9liorez la qualit\u00e9 de l'eau de votre aquarium avec la poudre Mironekuton. Contenue dans un flacon en verre de 150 g, cette formule unique enrichit l'eau en min\u00e9raux essentiels pour la sant\u00e9 de vos poissons et plantes. Plongez dans un environnement aquatique vibrant et \u00e9quilibr\u00e9 avec Mironekuton.","breadcrumb":{"@id":"https:\/\/redleafaquascaping.com\/fr\/produit\/mironekuton-powder-glass-bottle-with-150-g\/#breadcrumb"},"inLanguage":"fr-FR","potentialAction":[{"@type":"ReadAction","target":["https:\/\/redleafaquascaping.com\/fr\/produit\/mironekuton-powder-glass-bottle-with-150-g\/"]}]},{"@type":"ImageObject","inLanguage":"fr-FR","@id":"https:\/\/redleafaquascaping.com\/fr\/produit\/mironekuton-powder-glass-bottle-with-150-g\/#primaryimage","url":"https:\/\/redleafaquascaping.com\/wp-content\/uploads\/2023\/11\/893_0_mironekuton_mineral_powder_150.jpg","contentUrl":"https:\/\/redleafaquascaping.com\/wp-content\/uploads\/2023\/11\/893_0_mironekuton_mineral_powder_150.jpg","width":800,"height":600},{"@type":"BreadcrumbList","@id":"https:\/\/redleafaquascaping.com\/fr\/produit\/mironekuton-powder-glass-bottle-with-150-g\/#breadcrumb","itemListElement":[{"@type":"ListItem","position":1,"name":"Home","item":"https:\/\/redleafaquascaping.com\/fr\/"},{"@type":"ListItem","position":2,"name":"Magasinez","item":"https:\/\/redleafaquascaping.com\/fr\/magasinez\/"},{"@type":"ListItem","position":3,"name":"Mironekuton Powder, glass bottle with 150 g"}]},{"@type":"WebSite","@id":"https:\/\/redleafaquascaping.com\/#website","url":"https:\/\/redleafaquascaping.com\/","name":"Red Leaf Aquascaping","description":"Online Aquascaping Equipment Store","publisher":{"@id":"https:\/\/redleafaquascaping.com\/#organization"},"potentialAction":[{"@type":"SearchAction","target":{"@type":"EntryPoint","urlTemplate":"https:\/\/redleafaquascaping.com\/?s={search_term_string}"},"query-input":{"@type":"PropertyValueSpecification","valueRequired":true,"valueName":"search_term_string"}}],"inLanguage":"fr-FR"},{"@type":"Organization","@id":"https:\/\/redleafaquascaping.com\/#organization","name":"Aquascaping Red Leaf","alternateName":"Red Leaf","url":"https:\/\/redleafaquascaping.com\/","logo":{"@type":"ImageObject","inLanguage":"fr-FR","@id":"https:\/\/redleafaquascaping.com\/#\/schema\/logo\/image\/","url":"https:\/\/redleafaquascaping.com\/wp-content\/uploads\/2024\/08\/logo-seo.jpg","contentUrl":"https:\/\/redleafaquascaping.com\/wp-content\/uploads\/2024\/08\/logo-seo.jpg","width":696,"height":696,"caption":"Aquascaping Red Leaf"},"image":{"@id":"https:\/\/redleafaquascaping.com\/#\/schema\/logo\/image\/"},"sameAs":["https:\/\/www.facebook.com\/Redleafaqua"]}]}},"_links":{"self":[{"href":"https:\/\/redleafaquascaping.com\/fr\/wp-json\/wp\/v2\/product\/10100","targetHints":{"allow":["GET"]}}],"collection":[{"href":"https:\/\/redleafaquascaping.com\/fr\/wp-json\/wp\/v2\/product"}],"about":[{"href":"https:\/\/redleafaquascaping.com\/fr\/wp-json\/wp\/v2\/types\/product"}],"wp:featuredmedia":[{"embeddable":true,"href":"https:\/\/redleafaquascaping.com\/fr\/wp-json\/wp\/v2\/media\/9983"}],"wp:attachment":[{"href":"https:\/\/redleafaquascaping.com\/fr\/wp-json\/wp\/v2\/media?parent=10100"}],"wp:term":[{"taxonomy":"product_brand","embeddable":true,"href":"https:\/\/redleafaquascaping.com\/fr\/wp-json\/wp\/v2\/product_brand?post=10100"},{"taxonomy":"product_cat","embeddable":true,"href":"https:\/\/redleafaquascaping.com\/fr\/wp-json\/wp\/v2\/product_cat?post=10100"},{"taxonomy":"product_tag","embeddable":true,"href":"https:\/\/redleafaquascaping.com\/fr\/wp-json\/wp\/v2\/product_tag?post=10100"}],"curies":[{"name":"wp","href":"https:\/\/api.w.org\/{rel}","templated":true}]}}