{"id":10103,"date":"2023-11-15T15:29:10","date_gmt":"2023-11-22T20:21:42","guid":{"rendered":"https:\/\/redleafaquascaping.com\/?post_type=product&#038;p=10103"},"modified":"2024-03-15T13:24:26","modified_gmt":"2024-03-15T17:24:26","slug":"aquaillumination-nero-5","status":"publish","type":"product","link":"https:\/\/redleafaquascaping.com\/fr\/produit\/aquaillumination-nero-5\/","title":{"rendered":"AquaIllumination Nero 5"},"content":{"rendered":"<p>Plongez dans l&rsquo;excellence avec la Pompe Submersible Aqua Illumination Nero 5, une solution compacte, robuste et intelligente pour votre havre aquatique. S&rsquo;int\u00e9grant parfaitement \u00e0 votre univers aquatique, le Nero 5 est \u00e9quip\u00e9 d&rsquo;un contr\u00f4le Bluetooth int\u00e9gr\u00e9, permettant une connectivit\u00e9 sans effort \u00e0 l&rsquo;application myAI sur les appareils iOS et Android. Prenez le contr\u00f4le de votre aquarium avec facilit\u00e9, en cr\u00e9ant des programmes, en g\u00e9rant plusieurs pompes et en passant au mode manuel pour l&rsquo;alimentation, le tout \u00e0 port\u00e9e de main.<\/p>\n<p>Mesurant seulement 2,8 pouces de large, le Nero 5 d\u00e9fie sa taille en offrant un d\u00e9bit impressionnant allant jusqu&rsquo;\u00e0 3000 gallons par heure, garantissant des conditions d&rsquo;eau optimales pour les habitants de votre aquarium. Avec trois modes de pompe dynamiques, choisissez entre une vitesse constante adapt\u00e9e \u00e0 votre intensit\u00e9 d\u00e9sir\u00e9e, un mode puls\u00e9 pour des hauts et des bas uniformes, ou un r\u00e9glage al\u00e9atoire qui imite la vitalit\u00e9 d&rsquo;un environnement r\u00e9cifal \u00e0 haute \u00e9nergie.<\/p>\n<p>L&rsquo;adaptabilit\u00e9 est essentielle, et le Nero 5 offre une large gamme de mouvements directionnels, vous permettant de diriger le flux pr\u00e9cis\u00e9ment l\u00e0 o\u00f9 votre r\u00e9servoir en a le plus besoin. Sa fixation s\u00e9curis\u00e9e est assur\u00e9e par de puissants aimants de montage, garantissant une fixation solide sur les aquariums avec une \u00e9paisseur de verre allant jusqu&rsquo;\u00e0 0,5&Prime; (13 mm).<\/p>\n<p>D\u00e9couvrez un monde d&rsquo;innovation aquatique avec la Pompe Submersible AI Nero 5, livr\u00e9e avec un pilote int\u00e9gr\u00e9, des aimants de montage, un adaptateur secteur avec un ensemble d&rsquo;adaptateurs de prise universelle, et tout le mat\u00e9riel de montage n\u00e9cessaire. \u00c9levez votre aquascape \u00e0 de nouveaux sommets, commandez le Nero 5 et d\u00e9couvrez le summum de la technologie aquatique.<\/p>\n","protected":false},"excerpt":{"rendered":"<ul>\n<li>D\u00e9bit ajustable puissant de 3 000 gallons par heure<\/li>\n<li>Exceptionnellement petit, moins de 3 pouces de large<\/li>\n<li>Choisissez parmi trois modes de flux uniques selon vos besoins<\/li>\n<li>Compatible Bluetooth d\u00e8s la sortie de la bo\u00eete pour une configuration facile<\/li>\n<li>Se connecte \u00e0 l&rsquo;application myAI pour une programmation simple 24h\/24<\/li>\n<\/ul>\n","protected":false},"featured_media":10031,"template":"","meta":{"site-sidebar-layout":"default","site-content-layout":"","ast-site-content-layout":"default","site-content-style":"default","site-sidebar-style":"default","ast-global-header-display":"","ast-banner-title-visibility":"","ast-main-header-display":"","ast-hfb-above-header-display":"","ast-hfb-below-header-display":"","ast-hfb-mobile-header-display":"","site-post-title":"","ast-breadcrumbs-content":"","ast-featured-img":"","footer-sml-layout":"","ast-disable-related-posts":"","theme-transparent-header-meta":"default","adv-header-id-meta":"","stick-header-meta":"","header-above-stick-meta":"","header-main-stick-meta":"","header-below-stick-meta":"","astra-migrate-meta-layouts":"set","ast-page-background-enabled":"default","ast-page-background-meta":{"desktop":{"background-color":"","background-image":"","background-repeat":"repeat","background-position":"center center","background-size":"auto","background-attachment":"scroll","background-type":"","background-media":"","overlay-type":"","overlay-color":"","overlay-opacity":"","overlay-gradient":""},"tablet":{"background-color":"","background-image":"","background-repeat":"repeat","background-position":"center center","background-size":"auto","background-attachment":"scroll","background-type":"","background-media":"","overlay-type":"","overlay-color":"","overlay-opacity":"","overlay-gradient":""},"mobile":{"background-color":"","background-image":"","background-repeat":"repeat","background-position":"center center","background-size":"auto","background-attachment":"scroll","background-type":"","background-media":"","overlay-type":"","overlay-color":"","overlay-opacity":"","overlay-gradient":""}},"ast-content-background-meta":{"desktop":{"background-color":"var(--ast-global-color-5)","background-image":"","background-repeat":"repeat","background-position":"center center","background-size":"auto","background-attachment":"scroll","background-type":"","background-media":"","overlay-type":"","overlay-color":"","overlay-opacity":"","overlay-gradient":""},"tablet":{"background-color":"var(--ast-global-color-5)","background-image":"","background-repeat":"repeat","background-position":"center center","background-size":"auto","background-attachment":"scroll","background-type":"","background-media":"","overlay-type":"","overlay-color":"","overlay-opacity":"","overlay-gradient":""},"mobile":{"background-color":"var(--ast-global-color-5)","background-image":"","background-repeat":"repeat","background-position":"center center","background-size":"auto","background-attachment":"scroll","background-type":"","background-media":"","overlay-type":"","overlay-color":"","overlay-opacity":"","overlay-gradient":""}}},"product_brand":[],"product_cat":[1436,1403],"product_tag":[1406],"class_list":{"0":"post-10103","1":"product","2":"type-product","3":"status-publish","4":"has-post-thumbnail","6":"product_cat-aqua-illumination-fr","7":"product_cat-pompes-de-circulation","8":"product_tag-circulation-fr","9":"desktop-align-left","10":"tablet-align-left","11":"mobile-align-left","12":"ast-product-gallery-layout-horizontal-slider","13":"ast-product-tabs-layout-horizontal","15":"first","16":"instock","17":"taxable","18":"shipping-taxable","19":"purchasable","20":"product-type-simple"},"yoast_head":"<!-- This site is optimized with the Yoast SEO plugin v27.2 - https:\/\/yoast.com\/product\/yoast-seo-wordpress\/ -->\n<title>AquaIllumination Nero 5 | Red Leaf Aquascaping<\/title>\n<meta name=\"description\" content=\"D\u00e9couvrez des performances d&#039;\u00e9clairage exceptionnelles avec AquaIllumination Nero 5. Une solution compacte et puissante pour illuminer votre aquarium avec pr\u00e9cision. Plongez dans un monde de luminosit\u00e9 avec AquaIllumination.\" \/>\n<meta name=\"robots\" content=\"index, follow, max-snippet:-1, max-image-preview:large, max-video-preview:-1\" \/>\n<link rel=\"canonical\" href=\"https:\/\/redleafaquascaping.com\/fr\/produit\/aquaillumination-nero-5\/\" \/>\n<meta property=\"og:locale\" content=\"fr_FR\" \/>\n<meta property=\"og:type\" content=\"article\" \/>\n<meta property=\"og:title\" content=\"AquaIllumination Nero 5 | Red Leaf Aquascaping\" \/>\n<meta property=\"og:description\" content=\"D\u00e9couvrez des performances d&#039;\u00e9clairage exceptionnelles avec AquaIllumination Nero 5. Une solution compacte et puissante pour illuminer votre aquarium avec pr\u00e9cision. Plongez dans un monde de luminosit\u00e9 avec AquaIllumination.\" \/>\n<meta property=\"og:url\" content=\"https:\/\/redleafaquascaping.com\/fr\/produit\/aquaillumination-nero-5\/\" \/>\n<meta property=\"og:site_name\" content=\"Red Leaf Aquascaping\" \/>\n<meta property=\"article:publisher\" content=\"https:\/\/www.facebook.com\/Redleafaqua\" \/>\n<meta property=\"article:modified_time\" content=\"2024-03-15T17:24:26+00:00\" \/>\n<meta property=\"og:image\" content=\"https:\/\/redleafaquascaping.com\/wp-content\/uploads\/2023\/11\/0004945_ai-nero-5-wave-maker-pump_550.jpeg\" \/>\n\t<meta property=\"og:image:width\" content=\"550\" \/>\n\t<meta property=\"og:image:height\" content=\"550\" \/>\n\t<meta property=\"og:image:type\" content=\"image\/jpeg\" \/>\n<meta name=\"twitter:card\" content=\"summary_large_image\" \/>\n<meta name=\"twitter:label1\" content=\"Dur\u00e9e de lecture estim\u00e9e\" \/>\n\t<meta name=\"twitter:data1\" content=\"2 minutes\" \/>\n<script type=\"application\/ld+json\" class=\"yoast-schema-graph\">{\"@context\":\"https:\/\/schema.org\",\"@graph\":[{\"@type\":\"WebPage\",\"@id\":\"https:\/\/redleafaquascaping.com\/fr\/produit\/aquaillumination-nero-5\/\",\"url\":\"https:\/\/redleafaquascaping.com\/fr\/produit\/aquaillumination-nero-5\/\",\"name\":\"AquaIllumination Nero 5 | Red Leaf Aquascaping\",\"isPartOf\":{\"@id\":\"https:\/\/redleafaquascaping.com\/#website\"},\"primaryImageOfPage\":{\"@id\":\"https:\/\/redleafaquascaping.com\/fr\/produit\/aquaillumination-nero-5\/#primaryimage\"},\"image\":{\"@id\":\"https:\/\/redleafaquascaping.com\/fr\/produit\/aquaillumination-nero-5\/#primaryimage\"},\"thumbnailUrl\":\"https:\/\/redleafaquascaping.com\/wp-content\/uploads\/2023\/11\/0004945_ai-nero-5-wave-maker-pump_550.jpeg\",\"datePublished\":\"2023-11-22T20:21:42+00:00\",\"dateModified\":\"2024-03-15T17:24:26+00:00\",\"description\":\"D\u00e9couvrez des performances d'\u00e9clairage exceptionnelles avec AquaIllumination Nero 5. Une solution compacte et puissante pour illuminer votre aquarium avec pr\u00e9cision. Plongez dans un monde de luminosit\u00e9 avec AquaIllumination.\",\"breadcrumb\":{\"@id\":\"https:\/\/redleafaquascaping.com\/fr\/produit\/aquaillumination-nero-5\/#breadcrumb\"},\"inLanguage\":\"fr-FR\",\"potentialAction\":[{\"@type\":\"ReadAction\",\"target\":[\"https:\/\/redleafaquascaping.com\/fr\/produit\/aquaillumination-nero-5\/\"]}]},{\"@type\":\"ImageObject\",\"inLanguage\":\"fr-FR\",\"@id\":\"https:\/\/redleafaquascaping.com\/fr\/produit\/aquaillumination-nero-5\/#primaryimage\",\"url\":\"https:\/\/redleafaquascaping.com\/wp-content\/uploads\/2023\/11\/0004945_ai-nero-5-wave-maker-pump_550.jpeg\",\"contentUrl\":\"https:\/\/redleafaquascaping.com\/wp-content\/uploads\/2023\/11\/0004945_ai-nero-5-wave-maker-pump_550.jpeg\",\"width\":550,\"height\":550},{\"@type\":\"BreadcrumbList\",\"@id\":\"https:\/\/redleafaquascaping.com\/fr\/produit\/aquaillumination-nero-5\/#breadcrumb\",\"itemListElement\":[{\"@type\":\"ListItem\",\"position\":1,\"name\":\"Home\",\"item\":\"https:\/\/redleafaquascaping.com\/fr\/\"},{\"@type\":\"ListItem\",\"position\":2,\"name\":\"Magasinez\",\"item\":\"https:\/\/redleafaquascaping.com\/fr\/magasinez\/\"},{\"@type\":\"ListItem\",\"position\":3,\"name\":\"AquaIllumination Nero 5\"}]},{\"@type\":\"WebSite\",\"@id\":\"https:\/\/redleafaquascaping.com\/#website\",\"url\":\"https:\/\/redleafaquascaping.com\/\",\"name\":\"Red Leaf Aquascaping\",\"description\":\"Online Aquascaping Equipment Store\",\"publisher\":{\"@id\":\"https:\/\/redleafaquascaping.com\/#organization\"},\"potentialAction\":[{\"@type\":\"SearchAction\",\"target\":{\"@type\":\"EntryPoint\",\"urlTemplate\":\"https:\/\/redleafaquascaping.com\/?s={search_term_string}\"},\"query-input\":{\"@type\":\"PropertyValueSpecification\",\"valueRequired\":true,\"valueName\":\"search_term_string\"}}],\"inLanguage\":\"fr-FR\"},{\"@type\":\"Organization\",\"@id\":\"https:\/\/redleafaquascaping.com\/#organization\",\"name\":\"Aquascaping Red Leaf\",\"alternateName\":\"Red Leaf\",\"url\":\"https:\/\/redleafaquascaping.com\/\",\"logo\":{\"@type\":\"ImageObject\",\"inLanguage\":\"fr-FR\",\"@id\":\"https:\/\/redleafaquascaping.com\/#\/schema\/logo\/image\/\",\"url\":\"https:\/\/redleafaquascaping.com\/wp-content\/uploads\/2024\/08\/logo-seo.jpg\",\"contentUrl\":\"https:\/\/redleafaquascaping.com\/wp-content\/uploads\/2024\/08\/logo-seo.jpg\",\"width\":696,\"height\":696,\"caption\":\"Aquascaping Red Leaf\"},\"image\":{\"@id\":\"https:\/\/redleafaquascaping.com\/#\/schema\/logo\/image\/\"},\"sameAs\":[\"https:\/\/www.facebook.com\/Redleafaqua\"]}]}<\/script>\n<!-- \/ Yoast SEO plugin. -->","yoast_head_json":{"title":"AquaIllumination Nero 5 | Red Leaf Aquascaping","description":"D\u00e9couvrez des performances d'\u00e9clairage exceptionnelles avec AquaIllumination Nero 5. Une solution compacte et puissante pour illuminer votre aquarium avec pr\u00e9cision. Plongez dans un monde de luminosit\u00e9 avec AquaIllumination.","robots":{"index":"index","follow":"follow","max-snippet":"max-snippet:-1","max-image-preview":"max-image-preview:large","max-video-preview":"max-video-preview:-1"},"canonical":"https:\/\/redleafaquascaping.com\/fr\/produit\/aquaillumination-nero-5\/","og_locale":"fr_FR","og_type":"article","og_title":"AquaIllumination Nero 5 | Red Leaf Aquascaping","og_description":"D\u00e9couvrez des performances d'\u00e9clairage exceptionnelles avec AquaIllumination Nero 5. Une solution compacte et puissante pour illuminer votre aquarium avec pr\u00e9cision. Plongez dans un monde de luminosit\u00e9 avec AquaIllumination.","og_url":"https:\/\/redleafaquascaping.com\/fr\/produit\/aquaillumination-nero-5\/","og_site_name":"Red Leaf Aquascaping","article_publisher":"https:\/\/www.facebook.com\/Redleafaqua","article_modified_time":"2024-03-15T17:24:26+00:00","og_image":[{"width":550,"height":550,"url":"https:\/\/redleafaquascaping.com\/wp-content\/uploads\/2023\/11\/0004945_ai-nero-5-wave-maker-pump_550.jpeg","type":"image\/jpeg"}],"twitter_card":"summary_large_image","twitter_misc":{"Dur\u00e9e de lecture estim\u00e9e":"2 minutes"},"schema":{"@context":"https:\/\/schema.org","@graph":[{"@type":"WebPage","@id":"https:\/\/redleafaquascaping.com\/fr\/produit\/aquaillumination-nero-5\/","url":"https:\/\/redleafaquascaping.com\/fr\/produit\/aquaillumination-nero-5\/","name":"AquaIllumination Nero 5 | Red Leaf Aquascaping","isPartOf":{"@id":"https:\/\/redleafaquascaping.com\/#website"},"primaryImageOfPage":{"@id":"https:\/\/redleafaquascaping.com\/fr\/produit\/aquaillumination-nero-5\/#primaryimage"},"image":{"@id":"https:\/\/redleafaquascaping.com\/fr\/produit\/aquaillumination-nero-5\/#primaryimage"},"thumbnailUrl":"https:\/\/redleafaquascaping.com\/wp-content\/uploads\/2023\/11\/0004945_ai-nero-5-wave-maker-pump_550.jpeg","datePublished":"2023-11-22T20:21:42+00:00","dateModified":"2024-03-15T17:24:26+00:00","description":"D\u00e9couvrez des performances d'\u00e9clairage exceptionnelles avec AquaIllumination Nero 5. Une solution compacte et puissante pour illuminer votre aquarium avec pr\u00e9cision. Plongez dans un monde de luminosit\u00e9 avec AquaIllumination.","breadcrumb":{"@id":"https:\/\/redleafaquascaping.com\/fr\/produit\/aquaillumination-nero-5\/#breadcrumb"},"inLanguage":"fr-FR","potentialAction":[{"@type":"ReadAction","target":["https:\/\/redleafaquascaping.com\/fr\/produit\/aquaillumination-nero-5\/"]}]},{"@type":"ImageObject","inLanguage":"fr-FR","@id":"https:\/\/redleafaquascaping.com\/fr\/produit\/aquaillumination-nero-5\/#primaryimage","url":"https:\/\/redleafaquascaping.com\/wp-content\/uploads\/2023\/11\/0004945_ai-nero-5-wave-maker-pump_550.jpeg","contentUrl":"https:\/\/redleafaquascaping.com\/wp-content\/uploads\/2023\/11\/0004945_ai-nero-5-wave-maker-pump_550.jpeg","width":550,"height":550},{"@type":"BreadcrumbList","@id":"https:\/\/redleafaquascaping.com\/fr\/produit\/aquaillumination-nero-5\/#breadcrumb","itemListElement":[{"@type":"ListItem","position":1,"name":"Home","item":"https:\/\/redleafaquascaping.com\/fr\/"},{"@type":"ListItem","position":2,"name":"Magasinez","item":"https:\/\/redleafaquascaping.com\/fr\/magasinez\/"},{"@type":"ListItem","position":3,"name":"AquaIllumination Nero 5"}]},{"@type":"WebSite","@id":"https:\/\/redleafaquascaping.com\/#website","url":"https:\/\/redleafaquascaping.com\/","name":"Red Leaf Aquascaping","description":"Online Aquascaping Equipment Store","publisher":{"@id":"https:\/\/redleafaquascaping.com\/#organization"},"potentialAction":[{"@type":"SearchAction","target":{"@type":"EntryPoint","urlTemplate":"https:\/\/redleafaquascaping.com\/?s={search_term_string}"},"query-input":{"@type":"PropertyValueSpecification","valueRequired":true,"valueName":"search_term_string"}}],"inLanguage":"fr-FR"},{"@type":"Organization","@id":"https:\/\/redleafaquascaping.com\/#organization","name":"Aquascaping Red Leaf","alternateName":"Red Leaf","url":"https:\/\/redleafaquascaping.com\/","logo":{"@type":"ImageObject","inLanguage":"fr-FR","@id":"https:\/\/redleafaquascaping.com\/#\/schema\/logo\/image\/","url":"https:\/\/redleafaquascaping.com\/wp-content\/uploads\/2024\/08\/logo-seo.jpg","contentUrl":"https:\/\/redleafaquascaping.com\/wp-content\/uploads\/2024\/08\/logo-seo.jpg","width":696,"height":696,"caption":"Aquascaping Red Leaf"},"image":{"@id":"https:\/\/redleafaquascaping.com\/#\/schema\/logo\/image\/"},"sameAs":["https:\/\/www.facebook.com\/Redleafaqua"]}]}},"_links":{"self":[{"href":"https:\/\/redleafaquascaping.com\/fr\/wp-json\/wp\/v2\/product\/10103","targetHints":{"allow":["GET"]}}],"collection":[{"href":"https:\/\/redleafaquascaping.com\/fr\/wp-json\/wp\/v2\/product"}],"about":[{"href":"https:\/\/redleafaquascaping.com\/fr\/wp-json\/wp\/v2\/types\/product"}],"wp:featuredmedia":[{"embeddable":true,"href":"https:\/\/redleafaquascaping.com\/fr\/wp-json\/wp\/v2\/media\/10031"}],"wp:attachment":[{"href":"https:\/\/redleafaquascaping.com\/fr\/wp-json\/wp\/v2\/media?parent=10103"}],"wp:term":[{"taxonomy":"product_brand","embeddable":true,"href":"https:\/\/redleafaquascaping.com\/fr\/wp-json\/wp\/v2\/product_brand?post=10103"},{"taxonomy":"product_cat","embeddable":true,"href":"https:\/\/redleafaquascaping.com\/fr\/wp-json\/wp\/v2\/product_cat?post=10103"},{"taxonomy":"product_tag","embeddable":true,"href":"https:\/\/redleafaquascaping.com\/fr\/wp-json\/wp\/v2\/product_tag?post=10103"}],"curies":[{"name":"wp","href":"https:\/\/api.w.org\/{rel}","templated":true}]}}