{"id":10104,"date":"2023-11-15T15:28:40","date_gmt":"2023-11-22T20:25:25","guid":{"rendered":"https:\/\/redleafaquascaping.com\/?post_type=product&#038;p=10104"},"modified":"2024-03-15T13:25:00","modified_gmt":"2024-03-15T17:25:00","slug":"aquaillumination-nero-3","status":"publish","type":"product","link":"https:\/\/redleafaquascaping.com\/fr\/produit\/aquaillumination-nero-3\/","title":{"rendered":"Aquaillumination Nero 3"},"content":{"rendered":"<p>Explorez le summum de la technologie aquatique avec la pompe submersible Nero 3, un syst\u00e8me de vague de pointe minutieusement con\u00e7u pour les aquariums d&rsquo;eau douce et d&rsquo;eau sal\u00e9e. Dot\u00e9e d&rsquo;un syst\u00e8me de propulsion distinctif, cette pompe g\u00e9n\u00e8re un flux robuste mais doux, circulant efficacement les d\u00e9bris, la nourriture et les d\u00e9chets organiques vers les filtres sans nuire aux plantes d\u00e9licates.<\/p>\n<p>Con\u00e7ue en pensant \u00e0 la s\u00e9curit\u00e9, la Nero 3 est \u00e9quip\u00e9e d&rsquo;une solide protection pour les poissons, garantissant que les petits poissons curieux restent prot\u00e9g\u00e9s de l&rsquo;h\u00e9lice de la pompe. Profitez d&rsquo;un contr\u00f4le in\u00e9gal\u00e9 sur l&rsquo;environnement de votre aquarium, car le d\u00e9bit peut \u00eatre facilement ajust\u00e9 dans une plage de 15\u00b0. Le support magn\u00e9tique, avec deux aimants se couplant parfaitement sur des surfaces en verre de 1\/2 pouce ou moins, offre une installation pratique et s\u00e9curis\u00e9e.<\/p>\n<p>Immergez-vous dans l&rsquo;avenir de la gestion des aquariums avec les fonctionnalit\u00e9s avanc\u00e9es de la Nero 3. Cette pompe compatible Bluetooth int\u00e8gre des fonctionnalit\u00e9s intelligentes \u00e0 des performances puissantes, permettant un contr\u00f4le pr\u00e9cis directement depuis votre smartphone via l&rsquo;application MyAi. Les passionn\u00e9s d&rsquo;aquariophilie peuvent \u00e9laborer des horaires quotidiens personnalis\u00e9s avec divers modes, vitesses, intensit\u00e9s et motifs, activant et d\u00e9sactivant facilement la pompe.<\/p>\n<p>Choisissez parmi cinq modes de flux distincts : al\u00e9atoire, puls\u00e9, constant, programm\u00e9 et alimentation, chacun adapt\u00e9 \u00e0 des fonctions sp\u00e9cifiques, cr\u00e9ant des environnements r\u00e9cifaux \u00e0 haute \u00e9nergie ou reproduisant les doux motifs de vagues des lagons. Avec un d\u00e9bit maximal de 2000 gallons par heure et une consommation de seulement 20 watts, la Nero 3, pratiquement silencieuse, pr\u00e9sente un design futuriste et compact, en faisant un choix id\u00e9al pour les nano-aquariums qui mettent en valeur les habitants plut\u00f4t que l&rsquo;\u00e9quipement. Rehaussez votre exp\u00e9rience aquatique avec la pompe submersible Nero 3, l\u00e0 o\u00f9 l&rsquo;innovation rencontre l&rsquo;excellence aquatique.<\/p>\n<p>&nbsp;<\/p>\n<p>&nbsp;<\/p>\n","protected":false},"excerpt":{"rendered":"<ul>\n<li>Pompe \u00e0 ondes submersible de qualit\u00e9 professionnelle<\/li>\n<li>Compatible Bluetooth ; contr\u00f4lable via smartphone<\/li>\n<li>Vari\u00e9t\u00e9 de modes, vitesses, motifs et r\u00e9glage<\/li>\n<li>Offre une amplitude de mouvement de 15\u00b0<\/li>\n<li>Construction \u00e9l\u00e9gante et compacte<\/li>\n<\/ul>\n","protected":false},"featured_media":10021,"template":"","meta":{"site-sidebar-layout":"default","site-content-layout":"","ast-site-content-layout":"default","site-content-style":"default","site-sidebar-style":"default","ast-global-header-display":"","ast-banner-title-visibility":"","ast-main-header-display":"","ast-hfb-above-header-display":"","ast-hfb-below-header-display":"","ast-hfb-mobile-header-display":"","site-post-title":"","ast-breadcrumbs-content":"","ast-featured-img":"","footer-sml-layout":"","ast-disable-related-posts":"","theme-transparent-header-meta":"default","adv-header-id-meta":"","stick-header-meta":"","header-above-stick-meta":"","header-main-stick-meta":"","header-below-stick-meta":"","astra-migrate-meta-layouts":"set","ast-page-background-enabled":"default","ast-page-background-meta":{"desktop":{"background-color":"","background-image":"","background-repeat":"repeat","background-position":"center center","background-size":"auto","background-attachment":"scroll","background-type":"","background-media":"","overlay-type":"","overlay-color":"","overlay-opacity":"","overlay-gradient":""},"tablet":{"background-color":"","background-image":"","background-repeat":"repeat","background-position":"center center","background-size":"auto","background-attachment":"scroll","background-type":"","background-media":"","overlay-type":"","overlay-color":"","overlay-opacity":"","overlay-gradient":""},"mobile":{"background-color":"","background-image":"","background-repeat":"repeat","background-position":"center center","background-size":"auto","background-attachment":"scroll","background-type":"","background-media":"","overlay-type":"","overlay-color":"","overlay-opacity":"","overlay-gradient":""}},"ast-content-background-meta":{"desktop":{"background-color":"var(--ast-global-color-5)","background-image":"","background-repeat":"repeat","background-position":"center center","background-size":"auto","background-attachment":"scroll","background-type":"","background-media":"","overlay-type":"","overlay-color":"","overlay-opacity":"","overlay-gradient":""},"tablet":{"background-color":"var(--ast-global-color-5)","background-image":"","background-repeat":"repeat","background-position":"center center","background-size":"auto","background-attachment":"scroll","background-type":"","background-media":"","overlay-type":"","overlay-color":"","overlay-opacity":"","overlay-gradient":""},"mobile":{"background-color":"var(--ast-global-color-5)","background-image":"","background-repeat":"repeat","background-position":"center center","background-size":"auto","background-attachment":"scroll","background-type":"","background-media":"","overlay-type":"","overlay-color":"","overlay-opacity":"","overlay-gradient":""}}},"product_brand":[],"product_cat":[1436,1403],"product_tag":[1406],"class_list":{"0":"post-10104","1":"product","2":"type-product","3":"status-publish","4":"has-post-thumbnail","6":"product_cat-aqua-illumination-fr","7":"product_cat-pompes-de-circulation","8":"product_tag-circulation-fr","9":"desktop-align-left","10":"tablet-align-left","11":"mobile-align-left","12":"ast-product-gallery-layout-horizontal-slider","13":"ast-product-tabs-layout-horizontal","15":"first","16":"instock","17":"taxable","18":"shipping-taxable","19":"purchasable","20":"product-type-simple"},"yoast_head":"<!-- This site is optimized with the Yoast SEO plugin v27.2 - https:\/\/yoast.com\/product\/yoast-seo-wordpress\/ -->\n<title>Aquaillumination Nero 3 | Red Leaf Aquascaping<\/title>\n<meta name=\"description\" content=\"Illuminez votre aquarium avec AquaIllumination Nero 3. Une solution compacte et efficace pour un \u00e9clairage pr\u00e9cis et puissant. D\u00e9couvrez une nouvelle dimension de luminosit\u00e9 avec AquaIllumination.\" \/>\n<meta name=\"robots\" content=\"index, follow, max-snippet:-1, max-image-preview:large, max-video-preview:-1\" \/>\n<link rel=\"canonical\" href=\"https:\/\/redleafaquascaping.com\/fr\/produit\/aquaillumination-nero-3\/\" \/>\n<meta property=\"og:locale\" content=\"fr_FR\" \/>\n<meta property=\"og:type\" content=\"article\" \/>\n<meta property=\"og:title\" content=\"Aquaillumination Nero 3 | Red Leaf Aquascaping\" \/>\n<meta property=\"og:description\" content=\"Illuminez votre aquarium avec AquaIllumination Nero 3. Une solution compacte et efficace pour un \u00e9clairage pr\u00e9cis et puissant. D\u00e9couvrez une nouvelle dimension de luminosit\u00e9 avec AquaIllumination.\" \/>\n<meta property=\"og:url\" content=\"https:\/\/redleafaquascaping.com\/fr\/produit\/aquaillumination-nero-3\/\" \/>\n<meta property=\"og:site_name\" content=\"Red Leaf Aquascaping\" \/>\n<meta property=\"article:publisher\" content=\"https:\/\/www.facebook.com\/Redleafaqua\" \/>\n<meta property=\"article:modified_time\" content=\"2024-03-15T17:25:00+00:00\" \/>\n<meta property=\"og:image\" content=\"https:\/\/redleafaquascaping.com\/wp-content\/uploads\/2023\/11\/Aqua-illumination-Nero-3-Wavemaker.png\" \/>\n\t<meta property=\"og:image:width\" content=\"750\" \/>\n\t<meta property=\"og:image:height\" content=\"750\" \/>\n\t<meta property=\"og:image:type\" content=\"image\/png\" \/>\n<meta name=\"twitter:card\" content=\"summary_large_image\" \/>\n<meta name=\"twitter:label1\" content=\"Dur\u00e9e de lecture estim\u00e9e\" \/>\n\t<meta name=\"twitter:data1\" content=\"2 minutes\" \/>\n<script type=\"application\/ld+json\" class=\"yoast-schema-graph\">{\"@context\":\"https:\/\/schema.org\",\"@graph\":[{\"@type\":\"WebPage\",\"@id\":\"https:\/\/redleafaquascaping.com\/fr\/produit\/aquaillumination-nero-3\/\",\"url\":\"https:\/\/redleafaquascaping.com\/fr\/produit\/aquaillumination-nero-3\/\",\"name\":\"Aquaillumination Nero 3 | Red Leaf Aquascaping\",\"isPartOf\":{\"@id\":\"https:\/\/redleafaquascaping.com\/#website\"},\"primaryImageOfPage\":{\"@id\":\"https:\/\/redleafaquascaping.com\/fr\/produit\/aquaillumination-nero-3\/#primaryimage\"},\"image\":{\"@id\":\"https:\/\/redleafaquascaping.com\/fr\/produit\/aquaillumination-nero-3\/#primaryimage\"},\"thumbnailUrl\":\"https:\/\/redleafaquascaping.com\/wp-content\/uploads\/2023\/11\/Aqua-illumination-Nero-3-Wavemaker.png\",\"datePublished\":\"2023-11-22T20:25:25+00:00\",\"dateModified\":\"2024-03-15T17:25:00+00:00\",\"description\":\"Illuminez votre aquarium avec AquaIllumination Nero 3. Une solution compacte et efficace pour un \u00e9clairage pr\u00e9cis et puissant. D\u00e9couvrez une nouvelle dimension de luminosit\u00e9 avec AquaIllumination.\",\"breadcrumb\":{\"@id\":\"https:\/\/redleafaquascaping.com\/fr\/produit\/aquaillumination-nero-3\/#breadcrumb\"},\"inLanguage\":\"fr-FR\",\"potentialAction\":[{\"@type\":\"ReadAction\",\"target\":[\"https:\/\/redleafaquascaping.com\/fr\/produit\/aquaillumination-nero-3\/\"]}]},{\"@type\":\"ImageObject\",\"inLanguage\":\"fr-FR\",\"@id\":\"https:\/\/redleafaquascaping.com\/fr\/produit\/aquaillumination-nero-3\/#primaryimage\",\"url\":\"https:\/\/redleafaquascaping.com\/wp-content\/uploads\/2023\/11\/Aqua-illumination-Nero-3-Wavemaker.png\",\"contentUrl\":\"https:\/\/redleafaquascaping.com\/wp-content\/uploads\/2023\/11\/Aqua-illumination-Nero-3-Wavemaker.png\",\"width\":750,\"height\":750},{\"@type\":\"BreadcrumbList\",\"@id\":\"https:\/\/redleafaquascaping.com\/fr\/produit\/aquaillumination-nero-3\/#breadcrumb\",\"itemListElement\":[{\"@type\":\"ListItem\",\"position\":1,\"name\":\"Home\",\"item\":\"https:\/\/redleafaquascaping.com\/fr\/\"},{\"@type\":\"ListItem\",\"position\":2,\"name\":\"Magasinez\",\"item\":\"https:\/\/redleafaquascaping.com\/fr\/magasinez\/\"},{\"@type\":\"ListItem\",\"position\":3,\"name\":\"Aquaillumination Nero 3\"}]},{\"@type\":\"WebSite\",\"@id\":\"https:\/\/redleafaquascaping.com\/#website\",\"url\":\"https:\/\/redleafaquascaping.com\/\",\"name\":\"Red Leaf Aquascaping\",\"description\":\"Online Aquascaping Equipment Store\",\"publisher\":{\"@id\":\"https:\/\/redleafaquascaping.com\/#organization\"},\"potentialAction\":[{\"@type\":\"SearchAction\",\"target\":{\"@type\":\"EntryPoint\",\"urlTemplate\":\"https:\/\/redleafaquascaping.com\/?s={search_term_string}\"},\"query-input\":{\"@type\":\"PropertyValueSpecification\",\"valueRequired\":true,\"valueName\":\"search_term_string\"}}],\"inLanguage\":\"fr-FR\"},{\"@type\":\"Organization\",\"@id\":\"https:\/\/redleafaquascaping.com\/#organization\",\"name\":\"Aquascaping Red Leaf\",\"alternateName\":\"Red Leaf\",\"url\":\"https:\/\/redleafaquascaping.com\/\",\"logo\":{\"@type\":\"ImageObject\",\"inLanguage\":\"fr-FR\",\"@id\":\"https:\/\/redleafaquascaping.com\/#\/schema\/logo\/image\/\",\"url\":\"https:\/\/redleafaquascaping.com\/wp-content\/uploads\/2024\/08\/logo-seo.jpg\",\"contentUrl\":\"https:\/\/redleafaquascaping.com\/wp-content\/uploads\/2024\/08\/logo-seo.jpg\",\"width\":696,\"height\":696,\"caption\":\"Aquascaping Red Leaf\"},\"image\":{\"@id\":\"https:\/\/redleafaquascaping.com\/#\/schema\/logo\/image\/\"},\"sameAs\":[\"https:\/\/www.facebook.com\/Redleafaqua\"]}]}<\/script>\n<!-- \/ Yoast SEO plugin. -->","yoast_head_json":{"title":"Aquaillumination Nero 3 | Red Leaf Aquascaping","description":"Illuminez votre aquarium avec AquaIllumination Nero 3. Une solution compacte et efficace pour un \u00e9clairage pr\u00e9cis et puissant. D\u00e9couvrez une nouvelle dimension de luminosit\u00e9 avec AquaIllumination.","robots":{"index":"index","follow":"follow","max-snippet":"max-snippet:-1","max-image-preview":"max-image-preview:large","max-video-preview":"max-video-preview:-1"},"canonical":"https:\/\/redleafaquascaping.com\/fr\/produit\/aquaillumination-nero-3\/","og_locale":"fr_FR","og_type":"article","og_title":"Aquaillumination Nero 3 | Red Leaf Aquascaping","og_description":"Illuminez votre aquarium avec AquaIllumination Nero 3. Une solution compacte et efficace pour un \u00e9clairage pr\u00e9cis et puissant. D\u00e9couvrez une nouvelle dimension de luminosit\u00e9 avec AquaIllumination.","og_url":"https:\/\/redleafaquascaping.com\/fr\/produit\/aquaillumination-nero-3\/","og_site_name":"Red Leaf Aquascaping","article_publisher":"https:\/\/www.facebook.com\/Redleafaqua","article_modified_time":"2024-03-15T17:25:00+00:00","og_image":[{"width":750,"height":750,"url":"https:\/\/redleafaquascaping.com\/wp-content\/uploads\/2023\/11\/Aqua-illumination-Nero-3-Wavemaker.png","type":"image\/png"}],"twitter_card":"summary_large_image","twitter_misc":{"Dur\u00e9e de lecture estim\u00e9e":"2 minutes"},"schema":{"@context":"https:\/\/schema.org","@graph":[{"@type":"WebPage","@id":"https:\/\/redleafaquascaping.com\/fr\/produit\/aquaillumination-nero-3\/","url":"https:\/\/redleafaquascaping.com\/fr\/produit\/aquaillumination-nero-3\/","name":"Aquaillumination Nero 3 | Red Leaf Aquascaping","isPartOf":{"@id":"https:\/\/redleafaquascaping.com\/#website"},"primaryImageOfPage":{"@id":"https:\/\/redleafaquascaping.com\/fr\/produit\/aquaillumination-nero-3\/#primaryimage"},"image":{"@id":"https:\/\/redleafaquascaping.com\/fr\/produit\/aquaillumination-nero-3\/#primaryimage"},"thumbnailUrl":"https:\/\/redleafaquascaping.com\/wp-content\/uploads\/2023\/11\/Aqua-illumination-Nero-3-Wavemaker.png","datePublished":"2023-11-22T20:25:25+00:00","dateModified":"2024-03-15T17:25:00+00:00","description":"Illuminez votre aquarium avec AquaIllumination Nero 3. Une solution compacte et efficace pour un \u00e9clairage pr\u00e9cis et puissant. D\u00e9couvrez une nouvelle dimension de luminosit\u00e9 avec AquaIllumination.","breadcrumb":{"@id":"https:\/\/redleafaquascaping.com\/fr\/produit\/aquaillumination-nero-3\/#breadcrumb"},"inLanguage":"fr-FR","potentialAction":[{"@type":"ReadAction","target":["https:\/\/redleafaquascaping.com\/fr\/produit\/aquaillumination-nero-3\/"]}]},{"@type":"ImageObject","inLanguage":"fr-FR","@id":"https:\/\/redleafaquascaping.com\/fr\/produit\/aquaillumination-nero-3\/#primaryimage","url":"https:\/\/redleafaquascaping.com\/wp-content\/uploads\/2023\/11\/Aqua-illumination-Nero-3-Wavemaker.png","contentUrl":"https:\/\/redleafaquascaping.com\/wp-content\/uploads\/2023\/11\/Aqua-illumination-Nero-3-Wavemaker.png","width":750,"height":750},{"@type":"BreadcrumbList","@id":"https:\/\/redleafaquascaping.com\/fr\/produit\/aquaillumination-nero-3\/#breadcrumb","itemListElement":[{"@type":"ListItem","position":1,"name":"Home","item":"https:\/\/redleafaquascaping.com\/fr\/"},{"@type":"ListItem","position":2,"name":"Magasinez","item":"https:\/\/redleafaquascaping.com\/fr\/magasinez\/"},{"@type":"ListItem","position":3,"name":"Aquaillumination Nero 3"}]},{"@type":"WebSite","@id":"https:\/\/redleafaquascaping.com\/#website","url":"https:\/\/redleafaquascaping.com\/","name":"Red Leaf Aquascaping","description":"Online Aquascaping Equipment Store","publisher":{"@id":"https:\/\/redleafaquascaping.com\/#organization"},"potentialAction":[{"@type":"SearchAction","target":{"@type":"EntryPoint","urlTemplate":"https:\/\/redleafaquascaping.com\/?s={search_term_string}"},"query-input":{"@type":"PropertyValueSpecification","valueRequired":true,"valueName":"search_term_string"}}],"inLanguage":"fr-FR"},{"@type":"Organization","@id":"https:\/\/redleafaquascaping.com\/#organization","name":"Aquascaping Red Leaf","alternateName":"Red Leaf","url":"https:\/\/redleafaquascaping.com\/","logo":{"@type":"ImageObject","inLanguage":"fr-FR","@id":"https:\/\/redleafaquascaping.com\/#\/schema\/logo\/image\/","url":"https:\/\/redleafaquascaping.com\/wp-content\/uploads\/2024\/08\/logo-seo.jpg","contentUrl":"https:\/\/redleafaquascaping.com\/wp-content\/uploads\/2024\/08\/logo-seo.jpg","width":696,"height":696,"caption":"Aquascaping Red Leaf"},"image":{"@id":"https:\/\/redleafaquascaping.com\/#\/schema\/logo\/image\/"},"sameAs":["https:\/\/www.facebook.com\/Redleafaqua"]}]}},"_links":{"self":[{"href":"https:\/\/redleafaquascaping.com\/fr\/wp-json\/wp\/v2\/product\/10104","targetHints":{"allow":["GET"]}}],"collection":[{"href":"https:\/\/redleafaquascaping.com\/fr\/wp-json\/wp\/v2\/product"}],"about":[{"href":"https:\/\/redleafaquascaping.com\/fr\/wp-json\/wp\/v2\/types\/product"}],"wp:featuredmedia":[{"embeddable":true,"href":"https:\/\/redleafaquascaping.com\/fr\/wp-json\/wp\/v2\/media\/10021"}],"wp:attachment":[{"href":"https:\/\/redleafaquascaping.com\/fr\/wp-json\/wp\/v2\/media?parent=10104"}],"wp:term":[{"taxonomy":"product_brand","embeddable":true,"href":"https:\/\/redleafaquascaping.com\/fr\/wp-json\/wp\/v2\/product_brand?post=10104"},{"taxonomy":"product_cat","embeddable":true,"href":"https:\/\/redleafaquascaping.com\/fr\/wp-json\/wp\/v2\/product_cat?post=10104"},{"taxonomy":"product_tag","embeddable":true,"href":"https:\/\/redleafaquascaping.com\/fr\/wp-json\/wp\/v2\/product_tag?post=10104"}],"curies":[{"name":"wp","href":"https:\/\/api.w.org\/{rel}","templated":true}]}}