{"id":10112,"date":"2021-10-07T12:54:35","date_gmt":"2023-11-22T20:55:25","guid":{"rendered":"https:\/\/redleafaquascaping.com\/?post_type=product&#038;p=10112"},"modified":"2025-04-09T17:39:08","modified_gmt":"2025-04-09T21:39:08","slug":"co2art-io-diffuser-acrylic-series-diffuseur","status":"publish","type":"product","link":"https:\/\/redleafaquascaping.com\/fr\/produit\/co2art-io-diffuser-acrylic-series-diffuseur\/","title":{"rendered":"CO2Art IO Diffuser &#8211; Acrylic Series &#8211; Diffuseur"},"content":{"rendered":"<p>La s\u00e9rie Acrylique CO2Art NEW IO Diffuser &#8211; Diffuseur de CO2 dans le r\u00e9servoir &#8211; offre le taux de dissolution le plus fin au monde avec une membrane c\u00e9ramique interchangeable facile. Le corps en acrylique robuste prot\u00e8ge contre les fissures et les dommages.<\/p>\n<p>Disponible en deux tailles :<\/p>\n<p>Petite pour les aquariums de moins de 150L<br \/>\nGrande pour les aquariums de plus de 150L<\/p>\n<p>Des taux de dissolution de CO2 excellents gr\u00e2ce \u00e0 une nouvelle technologie de nano-brume de CO2, un entretien facile et des mat\u00e9riaux durables font du diffuseur IO un choix parfait pour les aquascapers novices et exp\u00e9riment\u00e9s. Con\u00e7u pour \u00eatre utilis\u00e9 comme un diffuseur d&rsquo;atomiseur de CO2 en verre ordinaire, mais offrant des taux de dissolution de CO2 plus \u00e9lev\u00e9s.<\/p>\n<p>Un diffuseur IO optimise l&rsquo;entr\u00e9e de CO2 dans l&rsquo;aquarium pour une absorption efficace par les plantes et moins de d\u00e9chets. Lorsque les bulles de CO2 passent \u00e0 travers le diffuseur poreux, elles se diffusent en de minuscules bulles. Avec une surface accrue, les minuscules bulles de CO2 se dissolvent facilement dans l&rsquo;eau, augmentant la saturation de CO2 dans l&rsquo;\u00e9cosyst\u00e8me de l&rsquo;aquarium.<\/p>\n<p><strong>Utilisation du diffuseur<\/strong><\/p>\n<p>Pour utiliser ce diffuseur d&rsquo;atomiseur de CO2, il suffit de connecter votre tuyau de CO2 au diffuseur.<br \/>\nIl est recommand\u00e9 de r\u00e9gler la pression de votre r\u00e9gulateur \u00e0 un minimum de 2 bars en tant que point de d\u00e9part. Veuillez laisser le diffuseur tremper dans l&rsquo;eau de l&rsquo;aquarium pendant au moins 2h avant de pressuriser le diffuseur.<\/p>\n<p>Veuillez noter ! Au d\u00e9but, le diffuseur produira de grosses bulles autour de l&rsquo;anneau. Au cours des premi\u00e8res 24 heures d&rsquo;utilisation, tous les pores de la c\u00e9ramique se rempliront d&rsquo;eau et la taille des bulles diminuera jusqu&rsquo;\u00e0 la taille optimale.<\/p>\n<p>Veuillez patienter quelques minutes pour permettre \u00e0 la pression de monter suffisamment pour permettre au CO2 de commencer \u00e0 passer ; cela peut ne pas commencer instantan\u00e9ment.<\/p>\n","protected":false},"excerpt":{"rendered":"<ul>\n<li>Taux de dissolution fin<\/li>\n<li>Membrane c\u00e9ramique interchangeable<\/li>\n<li>Corps en acrylique robuste<\/li>\n<\/ul>\n","protected":false},"featured_media":4344,"template":"","meta":{"site-sidebar-layout":"default","site-content-layout":"","ast-site-content-layout":"default","site-content-style":"default","site-sidebar-style":"default","ast-global-header-display":"","ast-banner-title-visibility":"","ast-main-header-display":"","ast-hfb-above-header-display":"","ast-hfb-below-header-display":"","ast-hfb-mobile-header-display":"","site-post-title":"","ast-breadcrumbs-content":"","ast-featured-img":"","footer-sml-layout":"","ast-disable-related-posts":"","theme-transparent-header-meta":"","adv-header-id-meta":"","stick-header-meta":"","header-above-stick-meta":"","header-main-stick-meta":"","header-below-stick-meta":"","astra-migrate-meta-layouts":"set","ast-page-background-enabled":"default","ast-page-background-meta":{"desktop":{"background-color":"","background-image":"","background-repeat":"repeat","background-position":"center center","background-size":"auto","background-attachment":"scroll","background-type":"","background-media":"","overlay-type":"","overlay-color":"","overlay-opacity":"","overlay-gradient":""},"tablet":{"background-color":"","background-image":"","background-repeat":"repeat","background-position":"center center","background-size":"auto","background-attachment":"scroll","background-type":"","background-media":"","overlay-type":"","overlay-color":"","overlay-opacity":"","overlay-gradient":""},"mobile":{"background-color":"","background-image":"","background-repeat":"repeat","background-position":"center center","background-size":"auto","background-attachment":"scroll","background-type":"","background-media":"","overlay-type":"","overlay-color":"","overlay-opacity":"","overlay-gradient":""}},"ast-content-background-meta":{"desktop":{"background-color":"var(--ast-global-color-5)","background-image":"","background-repeat":"repeat","background-position":"center center","background-size":"auto","background-attachment":"scroll","background-type":"","background-media":"","overlay-type":"","overlay-color":"","overlay-opacity":"","overlay-gradient":""},"tablet":{"background-color":"var(--ast-global-color-5)","background-image":"","background-repeat":"repeat","background-position":"center center","background-size":"auto","background-attachment":"scroll","background-type":"","background-media":"","overlay-type":"","overlay-color":"","overlay-opacity":"","overlay-gradient":""},"mobile":{"background-color":"var(--ast-global-color-5)","background-image":"","background-repeat":"repeat","background-position":"center center","background-size":"auto","background-attachment":"scroll","background-type":"","background-media":"","overlay-type":"","overlay-color":"","overlay-opacity":"","overlay-gradient":""}}},"product_brand":[],"product_cat":[1367,475,469],"product_tag":[1107],"class_list":{"0":"post-10112","1":"product","2":"type-product","3":"status-publish","4":"has-post-thumbnail","6":"product_cat-co2art-fr","7":"product_cat-diffuseurs-de-co2","8":"product_cat-systemes-de-co2","9":"product_tag-co2-fr","10":"desktop-align-left","11":"tablet-align-left","12":"mobile-align-left","13":"ast-product-gallery-layout-horizontal-slider","14":"ast-product-gallery-with-no-image","15":"ast-product-single-variable","16":"ast-product-tabs-layout-horizontal","18":"first","19":"instock","20":"taxable","21":"shipping-taxable","22":"purchasable","23":"product-type-variable"},"yoast_head":"<!-- This site is optimized with the Yoast SEO plugin v27.2 - https:\/\/yoast.com\/product\/yoast-seo-wordpress\/ -->\n<title>CO2Art IO Diffuser - Acrylic Series - Diffuseur | Red Leaf Aquascaping<\/title>\n<meta name=\"robots\" content=\"index, follow, max-snippet:-1, max-image-preview:large, max-video-preview:-1\" \/>\n<link rel=\"canonical\" href=\"https:\/\/redleafaquascaping.com\/fr\/produit\/co2art-io-diffuser-acrylic-series-diffuseur\/\" \/>\n<meta property=\"og:locale\" content=\"fr_FR\" \/>\n<meta property=\"og:type\" content=\"article\" \/>\n<meta property=\"og:title\" content=\"CO2Art IO Diffuser - Acrylic Series - Diffuseur | Red Leaf Aquascaping\" \/>\n<meta property=\"og:description\" content=\"Taux de dissolution fin  Membrane c\u00e9ramique interchangeable  Corps en acrylique robuste\" \/>\n<meta property=\"og:url\" content=\"https:\/\/redleafaquascaping.com\/fr\/produit\/co2art-io-diffuser-acrylic-series-diffuseur\/\" \/>\n<meta property=\"og:site_name\" content=\"Red Leaf Aquascaping\" \/>\n<meta property=\"article:publisher\" content=\"https:\/\/www.facebook.com\/Redleafaqua\" \/>\n<meta property=\"article:modified_time\" content=\"2025-04-09T21:39:08+00:00\" \/>\n<meta property=\"og:image\" content=\"https:\/\/redleafaquascaping.com\/wp-content\/uploads\/2021\/09\/CA-IOD-AS-L_2000x.jpg\" \/>\n\t<meta property=\"og:image:width\" content=\"2000\" \/>\n\t<meta property=\"og:image:height\" content=\"1500\" \/>\n\t<meta property=\"og:image:type\" content=\"image\/jpeg\" \/>\n<meta name=\"twitter:card\" content=\"summary_large_image\" \/>\n<meta name=\"twitter:label1\" content=\"Dur\u00e9e de lecture estim\u00e9e\" \/>\n\t<meta name=\"twitter:data1\" content=\"2 minutes\" \/>\n<script type=\"application\/ld+json\" class=\"yoast-schema-graph\">{\"@context\":\"https:\/\/schema.org\",\"@graph\":[{\"@type\":\"WebPage\",\"@id\":\"https:\/\/redleafaquascaping.com\/fr\/produit\/co2art-io-diffuser-acrylic-series-diffuseur\/\",\"url\":\"https:\/\/redleafaquascaping.com\/fr\/produit\/co2art-io-diffuser-acrylic-series-diffuseur\/\",\"name\":\"CO2Art IO Diffuser - Acrylic Series - Diffuseur | Red Leaf Aquascaping\",\"isPartOf\":{\"@id\":\"https:\/\/redleafaquascaping.com\/#website\"},\"primaryImageOfPage\":{\"@id\":\"https:\/\/redleafaquascaping.com\/fr\/produit\/co2art-io-diffuser-acrylic-series-diffuseur\/#primaryimage\"},\"image\":{\"@id\":\"https:\/\/redleafaquascaping.com\/fr\/produit\/co2art-io-diffuser-acrylic-series-diffuseur\/#primaryimage\"},\"thumbnailUrl\":\"https:\/\/redleafaquascaping.com\/wp-content\/uploads\/2021\/09\/CA-IOD-AS-L_2000x.jpg\",\"datePublished\":\"2023-11-22T20:55:25+00:00\",\"dateModified\":\"2025-04-09T21:39:08+00:00\",\"breadcrumb\":{\"@id\":\"https:\/\/redleafaquascaping.com\/fr\/produit\/co2art-io-diffuser-acrylic-series-diffuseur\/#breadcrumb\"},\"inLanguage\":\"fr-FR\",\"potentialAction\":[{\"@type\":\"ReadAction\",\"target\":[\"https:\/\/redleafaquascaping.com\/fr\/produit\/co2art-io-diffuser-acrylic-series-diffuseur\/\"]}]},{\"@type\":\"ImageObject\",\"inLanguage\":\"fr-FR\",\"@id\":\"https:\/\/redleafaquascaping.com\/fr\/produit\/co2art-io-diffuser-acrylic-series-diffuseur\/#primaryimage\",\"url\":\"https:\/\/redleafaquascaping.com\/wp-content\/uploads\/2021\/09\/CA-IOD-AS-L_2000x.jpg\",\"contentUrl\":\"https:\/\/redleafaquascaping.com\/wp-content\/uploads\/2021\/09\/CA-IOD-AS-L_2000x.jpg\",\"width\":2000,\"height\":1500},{\"@type\":\"BreadcrumbList\",\"@id\":\"https:\/\/redleafaquascaping.com\/fr\/produit\/co2art-io-diffuser-acrylic-series-diffuseur\/#breadcrumb\",\"itemListElement\":[{\"@type\":\"ListItem\",\"position\":1,\"name\":\"Home\",\"item\":\"https:\/\/redleafaquascaping.com\/fr\/\"},{\"@type\":\"ListItem\",\"position\":2,\"name\":\"Magasinez\",\"item\":\"https:\/\/redleafaquascaping.com\/fr\/magasinez\/\"},{\"@type\":\"ListItem\",\"position\":3,\"name\":\"CO2Art IO Diffuser &#8211; Acrylic Series &#8211; Diffuseur\"}]},{\"@type\":\"WebSite\",\"@id\":\"https:\/\/redleafaquascaping.com\/#website\",\"url\":\"https:\/\/redleafaquascaping.com\/\",\"name\":\"Red Leaf Aquascaping\",\"description\":\"Online Aquascaping Equipment Store\",\"publisher\":{\"@id\":\"https:\/\/redleafaquascaping.com\/#organization\"},\"potentialAction\":[{\"@type\":\"SearchAction\",\"target\":{\"@type\":\"EntryPoint\",\"urlTemplate\":\"https:\/\/redleafaquascaping.com\/?s={search_term_string}\"},\"query-input\":{\"@type\":\"PropertyValueSpecification\",\"valueRequired\":true,\"valueName\":\"search_term_string\"}}],\"inLanguage\":\"fr-FR\"},{\"@type\":\"Organization\",\"@id\":\"https:\/\/redleafaquascaping.com\/#organization\",\"name\":\"Aquascaping Red Leaf\",\"alternateName\":\"Red Leaf\",\"url\":\"https:\/\/redleafaquascaping.com\/\",\"logo\":{\"@type\":\"ImageObject\",\"inLanguage\":\"fr-FR\",\"@id\":\"https:\/\/redleafaquascaping.com\/#\/schema\/logo\/image\/\",\"url\":\"https:\/\/redleafaquascaping.com\/wp-content\/uploads\/2024\/08\/logo-seo.jpg\",\"contentUrl\":\"https:\/\/redleafaquascaping.com\/wp-content\/uploads\/2024\/08\/logo-seo.jpg\",\"width\":696,\"height\":696,\"caption\":\"Aquascaping Red Leaf\"},\"image\":{\"@id\":\"https:\/\/redleafaquascaping.com\/#\/schema\/logo\/image\/\"},\"sameAs\":[\"https:\/\/www.facebook.com\/Redleafaqua\"]}]}<\/script>\n<!-- \/ Yoast SEO plugin. -->","yoast_head_json":{"title":"CO2Art IO Diffuser - Acrylic Series - Diffuseur | Red Leaf Aquascaping","robots":{"index":"index","follow":"follow","max-snippet":"max-snippet:-1","max-image-preview":"max-image-preview:large","max-video-preview":"max-video-preview:-1"},"canonical":"https:\/\/redleafaquascaping.com\/fr\/produit\/co2art-io-diffuser-acrylic-series-diffuseur\/","og_locale":"fr_FR","og_type":"article","og_title":"CO2Art IO Diffuser - Acrylic Series - Diffuseur | Red Leaf Aquascaping","og_description":"Taux de dissolution fin  Membrane c\u00e9ramique interchangeable  Corps en acrylique robuste","og_url":"https:\/\/redleafaquascaping.com\/fr\/produit\/co2art-io-diffuser-acrylic-series-diffuseur\/","og_site_name":"Red Leaf Aquascaping","article_publisher":"https:\/\/www.facebook.com\/Redleafaqua","article_modified_time":"2025-04-09T21:39:08+00:00","og_image":[{"width":2000,"height":1500,"url":"https:\/\/redleafaquascaping.com\/wp-content\/uploads\/2021\/09\/CA-IOD-AS-L_2000x.jpg","type":"image\/jpeg"}],"twitter_card":"summary_large_image","twitter_misc":{"Dur\u00e9e de lecture estim\u00e9e":"2 minutes"},"schema":{"@context":"https:\/\/schema.org","@graph":[{"@type":"WebPage","@id":"https:\/\/redleafaquascaping.com\/fr\/produit\/co2art-io-diffuser-acrylic-series-diffuseur\/","url":"https:\/\/redleafaquascaping.com\/fr\/produit\/co2art-io-diffuser-acrylic-series-diffuseur\/","name":"CO2Art IO Diffuser - Acrylic Series - Diffuseur | Red Leaf Aquascaping","isPartOf":{"@id":"https:\/\/redleafaquascaping.com\/#website"},"primaryImageOfPage":{"@id":"https:\/\/redleafaquascaping.com\/fr\/produit\/co2art-io-diffuser-acrylic-series-diffuseur\/#primaryimage"},"image":{"@id":"https:\/\/redleafaquascaping.com\/fr\/produit\/co2art-io-diffuser-acrylic-series-diffuseur\/#primaryimage"},"thumbnailUrl":"https:\/\/redleafaquascaping.com\/wp-content\/uploads\/2021\/09\/CA-IOD-AS-L_2000x.jpg","datePublished":"2023-11-22T20:55:25+00:00","dateModified":"2025-04-09T21:39:08+00:00","breadcrumb":{"@id":"https:\/\/redleafaquascaping.com\/fr\/produit\/co2art-io-diffuser-acrylic-series-diffuseur\/#breadcrumb"},"inLanguage":"fr-FR","potentialAction":[{"@type":"ReadAction","target":["https:\/\/redleafaquascaping.com\/fr\/produit\/co2art-io-diffuser-acrylic-series-diffuseur\/"]}]},{"@type":"ImageObject","inLanguage":"fr-FR","@id":"https:\/\/redleafaquascaping.com\/fr\/produit\/co2art-io-diffuser-acrylic-series-diffuseur\/#primaryimage","url":"https:\/\/redleafaquascaping.com\/wp-content\/uploads\/2021\/09\/CA-IOD-AS-L_2000x.jpg","contentUrl":"https:\/\/redleafaquascaping.com\/wp-content\/uploads\/2021\/09\/CA-IOD-AS-L_2000x.jpg","width":2000,"height":1500},{"@type":"BreadcrumbList","@id":"https:\/\/redleafaquascaping.com\/fr\/produit\/co2art-io-diffuser-acrylic-series-diffuseur\/#breadcrumb","itemListElement":[{"@type":"ListItem","position":1,"name":"Home","item":"https:\/\/redleafaquascaping.com\/fr\/"},{"@type":"ListItem","position":2,"name":"Magasinez","item":"https:\/\/redleafaquascaping.com\/fr\/magasinez\/"},{"@type":"ListItem","position":3,"name":"CO2Art IO Diffuser &#8211; Acrylic Series &#8211; Diffuseur"}]},{"@type":"WebSite","@id":"https:\/\/redleafaquascaping.com\/#website","url":"https:\/\/redleafaquascaping.com\/","name":"Red Leaf Aquascaping","description":"Online Aquascaping Equipment Store","publisher":{"@id":"https:\/\/redleafaquascaping.com\/#organization"},"potentialAction":[{"@type":"SearchAction","target":{"@type":"EntryPoint","urlTemplate":"https:\/\/redleafaquascaping.com\/?s={search_term_string}"},"query-input":{"@type":"PropertyValueSpecification","valueRequired":true,"valueName":"search_term_string"}}],"inLanguage":"fr-FR"},{"@type":"Organization","@id":"https:\/\/redleafaquascaping.com\/#organization","name":"Aquascaping Red Leaf","alternateName":"Red Leaf","url":"https:\/\/redleafaquascaping.com\/","logo":{"@type":"ImageObject","inLanguage":"fr-FR","@id":"https:\/\/redleafaquascaping.com\/#\/schema\/logo\/image\/","url":"https:\/\/redleafaquascaping.com\/wp-content\/uploads\/2024\/08\/logo-seo.jpg","contentUrl":"https:\/\/redleafaquascaping.com\/wp-content\/uploads\/2024\/08\/logo-seo.jpg","width":696,"height":696,"caption":"Aquascaping Red Leaf"},"image":{"@id":"https:\/\/redleafaquascaping.com\/#\/schema\/logo\/image\/"},"sameAs":["https:\/\/www.facebook.com\/Redleafaqua"]}]}},"_links":{"self":[{"href":"https:\/\/redleafaquascaping.com\/fr\/wp-json\/wp\/v2\/product\/10112","targetHints":{"allow":["GET"]}}],"collection":[{"href":"https:\/\/redleafaquascaping.com\/fr\/wp-json\/wp\/v2\/product"}],"about":[{"href":"https:\/\/redleafaquascaping.com\/fr\/wp-json\/wp\/v2\/types\/product"}],"wp:featuredmedia":[{"embeddable":true,"href":"https:\/\/redleafaquascaping.com\/fr\/wp-json\/wp\/v2\/media\/4344"}],"wp:attachment":[{"href":"https:\/\/redleafaquascaping.com\/fr\/wp-json\/wp\/v2\/media?parent=10112"}],"wp:term":[{"taxonomy":"product_brand","embeddable":true,"href":"https:\/\/redleafaquascaping.com\/fr\/wp-json\/wp\/v2\/product_brand?post=10112"},{"taxonomy":"product_cat","embeddable":true,"href":"https:\/\/redleafaquascaping.com\/fr\/wp-json\/wp\/v2\/product_cat?post=10112"},{"taxonomy":"product_tag","embeddable":true,"href":"https:\/\/redleafaquascaping.com\/fr\/wp-json\/wp\/v2\/product_tag?post=10112"}],"curies":[{"name":"wp","href":"https:\/\/api.w.org\/{rel}","templated":true}]}}