{"id":10118,"date":"2021-10-07T12:41:12","date_gmt":"2023-11-22T21:01:46","guid":{"rendered":"https:\/\/redleafaquascaping.com\/?post_type=product&#038;p=10118"},"modified":"2023-11-22T16:01:48","modified_gmt":"2023-11-22T21:01:48","slug":"co2art-systeme-diffuseur-atomiseur-co2-en-ligne-pour-aquarium","status":"publish","type":"product","link":"https:\/\/redleafaquascaping.com\/fr\/produit\/co2art-systeme-diffuseur-atomiseur-co2-en-ligne-pour-aquarium\/","title":{"rendered":"CO2Art syst\u00e8me diffuseur\/atomiseur CO2 en ligne pour aquarium"},"content":{"rendered":"<p>Ces nouveaux diffuseurs en ligne permettent de r\u00e9duire le nombre d&rsquo;\u00e9quipements plac\u00e9s dans votre aquarium, offrant ainsi une configuration visuellement plus attrayante sans compromettre les besoins de vos plantes aquatiques.<\/p>\n<p>Points importants \u00e0 conna\u00eetre&#8230;<\/p>\n<p>Ce diffuseur de qualit\u00e9 professionnelle n\u00e9cessite une pression de fonctionnement minimale de 30 psi.<br \/>\nIl doit \u00eatre utilis\u00e9 uniquement avec un tuyau de CO2 r\u00e9sistant \u00e0 l&rsquo;acide et con\u00e7u pour une haute pression de travail, et non avec un tuyau en silicone.<br \/>\nNe pas utiliser avec un liquide de comptage de bulles ou d&rsquo;autres huiles de comptage de bulles. Remplissez le compteur de bulles uniquement avec de l&rsquo;eau pour \u00e9viter la contamination du diffuseur.<\/p>\n<p>Le Diffuseur de CO2<\/p>\n<p>Un diffuseur de CO2 optimise l&rsquo;entr\u00e9e de CO2 dans l&rsquo;aquarium pour une absorption efficace par les plantes et moins de gaspillage. Lorsque les bulles de CO2 passent \u00e0 travers le diffuseur poreux, elles se diffusent en de minuscules bulles. Avec une surface accrue, les minuscules bulles de CO2 se dissolvent rapidement dans l&rsquo;eau, augmentant la saturation de CO2 dans l&rsquo;\u00e9cosyst\u00e8me de l&rsquo;aquarium.<\/p>\n","protected":false},"excerpt":{"rendered":"<p>&nbsp;<\/p>\n<ul>\n<li>membrane c\u00e9ramique rempla\u00e7able<\/li>\n<li>deux tailles : 12\/16mm et 16\/22mm<\/li>\n<li>corps en m\u00e9tal durable et r\u00e9sistant aux fissures<\/li>\n<li>technologie de brouillard de nano CO2<\/li>\n<\/ul>\n","protected":false},"featured_media":4610,"template":"","meta":{"site-sidebar-layout":"default","site-content-layout":"default","ast-site-content-layout":"default","site-content-style":"default","site-sidebar-style":"default","ast-global-header-display":"","ast-banner-title-visibility":"","ast-main-header-display":"","ast-hfb-above-header-display":"","ast-hfb-below-header-display":"","ast-hfb-mobile-header-display":"","site-post-title":"","ast-breadcrumbs-content":"","ast-featured-img":"","footer-sml-layout":"","ast-disable-related-posts":"","theme-transparent-header-meta":"default","adv-header-id-meta":"","stick-header-meta":"","header-above-stick-meta":"","header-main-stick-meta":"","header-below-stick-meta":"","astra-migrate-meta-layouts":"set","ast-page-background-enabled":"default","ast-page-background-meta":{"desktop":{"background-color":"","background-image":"","background-repeat":"repeat","background-position":"center center","background-size":"auto","background-attachment":"scroll","background-type":"","background-media":"","overlay-type":"","overlay-color":"","overlay-opacity":"","overlay-gradient":""},"tablet":{"background-color":"","background-image":"","background-repeat":"repeat","background-position":"center center","background-size":"auto","background-attachment":"scroll","background-type":"","background-media":"","overlay-type":"","overlay-color":"","overlay-opacity":"","overlay-gradient":""},"mobile":{"background-color":"","background-image":"","background-repeat":"repeat","background-position":"center center","background-size":"auto","background-attachment":"scroll","background-type":"","background-media":"","overlay-type":"","overlay-color":"","overlay-opacity":"","overlay-gradient":""}},"ast-content-background-meta":{"desktop":{"background-color":"var(--ast-global-color-5)","background-image":"","background-repeat":"repeat","background-position":"center center","background-size":"auto","background-attachment":"scroll","background-type":"","background-media":"","overlay-type":"","overlay-color":"","overlay-opacity":"","overlay-gradient":""},"tablet":{"background-color":"var(--ast-global-color-5)","background-image":"","background-repeat":"repeat","background-position":"center center","background-size":"auto","background-attachment":"scroll","background-type":"","background-media":"","overlay-type":"","overlay-color":"","overlay-opacity":"","overlay-gradient":""},"mobile":{"background-color":"var(--ast-global-color-5)","background-image":"","background-repeat":"repeat","background-position":"center center","background-size":"auto","background-attachment":"scroll","background-type":"","background-media":"","overlay-type":"","overlay-color":"","overlay-opacity":"","overlay-gradient":""}}},"product_brand":[],"product_cat":[1367,475,469],"product_tag":[1107,1169],"class_list":{"0":"post-10118","1":"product","2":"type-product","3":"status-publish","4":"has-post-thumbnail","6":"product_cat-co2art-fr","7":"product_cat-diffuseurs-de-co2","8":"product_cat-systemes-de-co2","9":"product_tag-co2-fr","10":"product_tag-diffuser-fr","11":"desktop-align-left","12":"tablet-align-left","13":"mobile-align-left","14":"ast-product-gallery-layout-horizontal-slider","15":"ast-product-gallery-with-no-image","16":"ast-product-single-variable","17":"ast-product-tabs-layout-horizontal","19":"first","20":"instock","21":"taxable","22":"shipping-taxable","23":"purchasable","24":"product-type-variable"},"yoast_head":"<!-- This site is optimized with the Yoast SEO plugin v27.2 - https:\/\/yoast.com\/product\/yoast-seo-wordpress\/ -->\n<title>CO2Art syst\u00e8me diffuseur\/atomiseur CO2 en ligne pour aquarium | Red Leaf Aquascaping<\/title>\n<meta name=\"robots\" content=\"index, follow, max-snippet:-1, max-image-preview:large, max-video-preview:-1\" \/>\n<link rel=\"canonical\" href=\"https:\/\/redleafaquascaping.com\/fr\/produit\/co2art-systeme-diffuseur-atomiseur-co2-en-ligne-pour-aquarium\/\" \/>\n<meta property=\"og:locale\" content=\"fr_FR\" \/>\n<meta property=\"og:type\" content=\"article\" \/>\n<meta property=\"og:title\" content=\"CO2Art syst\u00e8me diffuseur\/atomiseur CO2 en ligne pour aquarium | Red Leaf Aquascaping\" \/>\n<meta property=\"og:description\" content=\"&nbsp;   membrane c\u00e9ramique rempla\u00e7able  deux tailles : 12\/16mm et 16\/22mm  corps en m\u00e9tal durable et r\u00e9sistant aux fissures  technologie de brouillard de nano CO2\" \/>\n<meta property=\"og:url\" content=\"https:\/\/redleafaquascaping.com\/fr\/produit\/co2art-systeme-diffuseur-atomiseur-co2-en-ligne-pour-aquarium\/\" \/>\n<meta property=\"og:site_name\" content=\"Red Leaf Aquascaping\" \/>\n<meta property=\"article:publisher\" content=\"https:\/\/www.facebook.com\/Redleafaqua\" \/>\n<meta property=\"article:modified_time\" content=\"2023-11-22T21:01:48+00:00\" \/>\n<meta property=\"og:image\" content=\"https:\/\/redleafaquascaping.com\/wp-content\/uploads\/2021\/10\/CA-V1_2_1200x.jpg\" \/>\n\t<meta property=\"og:image:width\" content=\"1200\" \/>\n\t<meta property=\"og:image:height\" content=\"900\" \/>\n\t<meta property=\"og:image:type\" content=\"image\/jpeg\" \/>\n<meta name=\"twitter:card\" content=\"summary_large_image\" \/>\n<meta name=\"twitter:label1\" content=\"Dur\u00e9e de lecture estim\u00e9e\" \/>\n\t<meta name=\"twitter:data1\" content=\"1 minute\" \/>\n<script type=\"application\/ld+json\" class=\"yoast-schema-graph\">{\"@context\":\"https:\/\/schema.org\",\"@graph\":[{\"@type\":\"WebPage\",\"@id\":\"https:\/\/redleafaquascaping.com\/fr\/produit\/co2art-systeme-diffuseur-atomiseur-co2-en-ligne-pour-aquarium\/\",\"url\":\"https:\/\/redleafaquascaping.com\/fr\/produit\/co2art-systeme-diffuseur-atomiseur-co2-en-ligne-pour-aquarium\/\",\"name\":\"CO2Art syst\u00e8me diffuseur\/atomiseur CO2 en ligne pour aquarium | Red Leaf Aquascaping\",\"isPartOf\":{\"@id\":\"https:\/\/redleafaquascaping.com\/#website\"},\"primaryImageOfPage\":{\"@id\":\"https:\/\/redleafaquascaping.com\/fr\/produit\/co2art-systeme-diffuseur-atomiseur-co2-en-ligne-pour-aquarium\/#primaryimage\"},\"image\":{\"@id\":\"https:\/\/redleafaquascaping.com\/fr\/produit\/co2art-systeme-diffuseur-atomiseur-co2-en-ligne-pour-aquarium\/#primaryimage\"},\"thumbnailUrl\":\"https:\/\/redleafaquascaping.com\/wp-content\/uploads\/2021\/10\/CA-V1_2_1200x.jpg\",\"datePublished\":\"2023-11-22T21:01:46+00:00\",\"dateModified\":\"2023-11-22T21:01:48+00:00\",\"breadcrumb\":{\"@id\":\"https:\/\/redleafaquascaping.com\/fr\/produit\/co2art-systeme-diffuseur-atomiseur-co2-en-ligne-pour-aquarium\/#breadcrumb\"},\"inLanguage\":\"fr-FR\",\"potentialAction\":[{\"@type\":\"ReadAction\",\"target\":[\"https:\/\/redleafaquascaping.com\/fr\/produit\/co2art-systeme-diffuseur-atomiseur-co2-en-ligne-pour-aquarium\/\"]}]},{\"@type\":\"ImageObject\",\"inLanguage\":\"fr-FR\",\"@id\":\"https:\/\/redleafaquascaping.com\/fr\/produit\/co2art-systeme-diffuseur-atomiseur-co2-en-ligne-pour-aquarium\/#primaryimage\",\"url\":\"https:\/\/redleafaquascaping.com\/wp-content\/uploads\/2021\/10\/CA-V1_2_1200x.jpg\",\"contentUrl\":\"https:\/\/redleafaquascaping.com\/wp-content\/uploads\/2021\/10\/CA-V1_2_1200x.jpg\",\"width\":1200,\"height\":900},{\"@type\":\"BreadcrumbList\",\"@id\":\"https:\/\/redleafaquascaping.com\/fr\/produit\/co2art-systeme-diffuseur-atomiseur-co2-en-ligne-pour-aquarium\/#breadcrumb\",\"itemListElement\":[{\"@type\":\"ListItem\",\"position\":1,\"name\":\"Home\",\"item\":\"https:\/\/redleafaquascaping.com\/fr\/\"},{\"@type\":\"ListItem\",\"position\":2,\"name\":\"Magasinez\",\"item\":\"https:\/\/redleafaquascaping.com\/fr\/magasinez\/\"},{\"@type\":\"ListItem\",\"position\":3,\"name\":\"CO2Art syst\u00e8me diffuseur\/atomiseur CO2 en ligne pour aquarium\"}]},{\"@type\":\"WebSite\",\"@id\":\"https:\/\/redleafaquascaping.com\/#website\",\"url\":\"https:\/\/redleafaquascaping.com\/\",\"name\":\"Red Leaf Aquascaping\",\"description\":\"Online Aquascaping Equipment Store\",\"publisher\":{\"@id\":\"https:\/\/redleafaquascaping.com\/#organization\"},\"potentialAction\":[{\"@type\":\"SearchAction\",\"target\":{\"@type\":\"EntryPoint\",\"urlTemplate\":\"https:\/\/redleafaquascaping.com\/?s={search_term_string}\"},\"query-input\":{\"@type\":\"PropertyValueSpecification\",\"valueRequired\":true,\"valueName\":\"search_term_string\"}}],\"inLanguage\":\"fr-FR\"},{\"@type\":\"Organization\",\"@id\":\"https:\/\/redleafaquascaping.com\/#organization\",\"name\":\"Aquascaping Red Leaf\",\"alternateName\":\"Red Leaf\",\"url\":\"https:\/\/redleafaquascaping.com\/\",\"logo\":{\"@type\":\"ImageObject\",\"inLanguage\":\"fr-FR\",\"@id\":\"https:\/\/redleafaquascaping.com\/#\/schema\/logo\/image\/\",\"url\":\"https:\/\/redleafaquascaping.com\/wp-content\/uploads\/2024\/08\/logo-seo.jpg\",\"contentUrl\":\"https:\/\/redleafaquascaping.com\/wp-content\/uploads\/2024\/08\/logo-seo.jpg\",\"width\":696,\"height\":696,\"caption\":\"Aquascaping Red Leaf\"},\"image\":{\"@id\":\"https:\/\/redleafaquascaping.com\/#\/schema\/logo\/image\/\"},\"sameAs\":[\"https:\/\/www.facebook.com\/Redleafaqua\"]}]}<\/script>\n<!-- \/ Yoast SEO plugin. -->","yoast_head_json":{"title":"CO2Art syst\u00e8me diffuseur\/atomiseur CO2 en ligne pour aquarium | Red Leaf Aquascaping","robots":{"index":"index","follow":"follow","max-snippet":"max-snippet:-1","max-image-preview":"max-image-preview:large","max-video-preview":"max-video-preview:-1"},"canonical":"https:\/\/redleafaquascaping.com\/fr\/produit\/co2art-systeme-diffuseur-atomiseur-co2-en-ligne-pour-aquarium\/","og_locale":"fr_FR","og_type":"article","og_title":"CO2Art syst\u00e8me diffuseur\/atomiseur CO2 en ligne pour aquarium | Red Leaf Aquascaping","og_description":"&nbsp;   membrane c\u00e9ramique rempla\u00e7able  deux tailles : 12\/16mm et 16\/22mm  corps en m\u00e9tal durable et r\u00e9sistant aux fissures  technologie de brouillard de nano CO2","og_url":"https:\/\/redleafaquascaping.com\/fr\/produit\/co2art-systeme-diffuseur-atomiseur-co2-en-ligne-pour-aquarium\/","og_site_name":"Red Leaf Aquascaping","article_publisher":"https:\/\/www.facebook.com\/Redleafaqua","article_modified_time":"2023-11-22T21:01:48+00:00","og_image":[{"width":1200,"height":900,"url":"https:\/\/redleafaquascaping.com\/wp-content\/uploads\/2021\/10\/CA-V1_2_1200x.jpg","type":"image\/jpeg"}],"twitter_card":"summary_large_image","twitter_misc":{"Dur\u00e9e de lecture estim\u00e9e":"1 minute"},"schema":{"@context":"https:\/\/schema.org","@graph":[{"@type":"WebPage","@id":"https:\/\/redleafaquascaping.com\/fr\/produit\/co2art-systeme-diffuseur-atomiseur-co2-en-ligne-pour-aquarium\/","url":"https:\/\/redleafaquascaping.com\/fr\/produit\/co2art-systeme-diffuseur-atomiseur-co2-en-ligne-pour-aquarium\/","name":"CO2Art syst\u00e8me diffuseur\/atomiseur CO2 en ligne pour aquarium | Red Leaf Aquascaping","isPartOf":{"@id":"https:\/\/redleafaquascaping.com\/#website"},"primaryImageOfPage":{"@id":"https:\/\/redleafaquascaping.com\/fr\/produit\/co2art-systeme-diffuseur-atomiseur-co2-en-ligne-pour-aquarium\/#primaryimage"},"image":{"@id":"https:\/\/redleafaquascaping.com\/fr\/produit\/co2art-systeme-diffuseur-atomiseur-co2-en-ligne-pour-aquarium\/#primaryimage"},"thumbnailUrl":"https:\/\/redleafaquascaping.com\/wp-content\/uploads\/2021\/10\/CA-V1_2_1200x.jpg","datePublished":"2023-11-22T21:01:46+00:00","dateModified":"2023-11-22T21:01:48+00:00","breadcrumb":{"@id":"https:\/\/redleafaquascaping.com\/fr\/produit\/co2art-systeme-diffuseur-atomiseur-co2-en-ligne-pour-aquarium\/#breadcrumb"},"inLanguage":"fr-FR","potentialAction":[{"@type":"ReadAction","target":["https:\/\/redleafaquascaping.com\/fr\/produit\/co2art-systeme-diffuseur-atomiseur-co2-en-ligne-pour-aquarium\/"]}]},{"@type":"ImageObject","inLanguage":"fr-FR","@id":"https:\/\/redleafaquascaping.com\/fr\/produit\/co2art-systeme-diffuseur-atomiseur-co2-en-ligne-pour-aquarium\/#primaryimage","url":"https:\/\/redleafaquascaping.com\/wp-content\/uploads\/2021\/10\/CA-V1_2_1200x.jpg","contentUrl":"https:\/\/redleafaquascaping.com\/wp-content\/uploads\/2021\/10\/CA-V1_2_1200x.jpg","width":1200,"height":900},{"@type":"BreadcrumbList","@id":"https:\/\/redleafaquascaping.com\/fr\/produit\/co2art-systeme-diffuseur-atomiseur-co2-en-ligne-pour-aquarium\/#breadcrumb","itemListElement":[{"@type":"ListItem","position":1,"name":"Home","item":"https:\/\/redleafaquascaping.com\/fr\/"},{"@type":"ListItem","position":2,"name":"Magasinez","item":"https:\/\/redleafaquascaping.com\/fr\/magasinez\/"},{"@type":"ListItem","position":3,"name":"CO2Art syst\u00e8me diffuseur\/atomiseur CO2 en ligne pour aquarium"}]},{"@type":"WebSite","@id":"https:\/\/redleafaquascaping.com\/#website","url":"https:\/\/redleafaquascaping.com\/","name":"Red Leaf Aquascaping","description":"Online Aquascaping Equipment Store","publisher":{"@id":"https:\/\/redleafaquascaping.com\/#organization"},"potentialAction":[{"@type":"SearchAction","target":{"@type":"EntryPoint","urlTemplate":"https:\/\/redleafaquascaping.com\/?s={search_term_string}"},"query-input":{"@type":"PropertyValueSpecification","valueRequired":true,"valueName":"search_term_string"}}],"inLanguage":"fr-FR"},{"@type":"Organization","@id":"https:\/\/redleafaquascaping.com\/#organization","name":"Aquascaping Red Leaf","alternateName":"Red Leaf","url":"https:\/\/redleafaquascaping.com\/","logo":{"@type":"ImageObject","inLanguage":"fr-FR","@id":"https:\/\/redleafaquascaping.com\/#\/schema\/logo\/image\/","url":"https:\/\/redleafaquascaping.com\/wp-content\/uploads\/2024\/08\/logo-seo.jpg","contentUrl":"https:\/\/redleafaquascaping.com\/wp-content\/uploads\/2024\/08\/logo-seo.jpg","width":696,"height":696,"caption":"Aquascaping Red Leaf"},"image":{"@id":"https:\/\/redleafaquascaping.com\/#\/schema\/logo\/image\/"},"sameAs":["https:\/\/www.facebook.com\/Redleafaqua"]}]}},"_links":{"self":[{"href":"https:\/\/redleafaquascaping.com\/fr\/wp-json\/wp\/v2\/product\/10118","targetHints":{"allow":["GET"]}}],"collection":[{"href":"https:\/\/redleafaquascaping.com\/fr\/wp-json\/wp\/v2\/product"}],"about":[{"href":"https:\/\/redleafaquascaping.com\/fr\/wp-json\/wp\/v2\/types\/product"}],"wp:featuredmedia":[{"embeddable":true,"href":"https:\/\/redleafaquascaping.com\/fr\/wp-json\/wp\/v2\/media\/4610"}],"wp:attachment":[{"href":"https:\/\/redleafaquascaping.com\/fr\/wp-json\/wp\/v2\/media?parent=10118"}],"wp:term":[{"taxonomy":"product_brand","embeddable":true,"href":"https:\/\/redleafaquascaping.com\/fr\/wp-json\/wp\/v2\/product_brand?post=10118"},{"taxonomy":"product_cat","embeddable":true,"href":"https:\/\/redleafaquascaping.com\/fr\/wp-json\/wp\/v2\/product_cat?post=10118"},{"taxonomy":"product_tag","embeddable":true,"href":"https:\/\/redleafaquascaping.com\/fr\/wp-json\/wp\/v2\/product_tag?post=10118"}],"curies":[{"name":"wp","href":"https:\/\/api.w.org\/{rel}","templated":true}]}}