{"id":10121,"date":"2021-10-05T14:27:20","date_gmt":"2023-11-22T21:07:01","guid":{"rendered":"https:\/\/redleafaquascaping.com\/?post_type=product&#038;p=10121"},"modified":"2023-11-22T16:07:03","modified_gmt":"2023-11-22T21:07:03","slug":"co2art-in-tank-bazooka-flux-diffuseur-de-co2","status":"publish","type":"product","link":"https:\/\/redleafaquascaping.com\/fr\/produit\/co2art-in-tank-bazooka-flux-diffuseur-de-co2\/","title":{"rendered":"CO2Art In-Tank Bazooka Flux Diffuseur de Co2"},"content":{"rendered":"<p>Le diffuseur de CO2 Bazooka In-Tank Flux_ est la pr\u00e9cision ultime pour les aquariums plant\u00e9s.<\/p>\n<p>Ce nouveau mod\u00e8le est disponible en deux tailles diff\u00e9rentes :<\/p>\n<p>Petite pour les aquariums de moins de 250L<br \/>\nGrande pour les aquariums de plus de 250L<\/p>\n<p>Gr\u00e2ce \u00e0 la nouvelle technologie de membrane nano pour la diffusion du CO2, ce diffuseur d&rsquo;aquarium offre d&rsquo;excellents taux de dissolution du CO2. Sa maintenance facile et ses mat\u00e9riaux durables en font le choix parfait pour les aquariophiles d\u00e9butants et exp\u00e9riment\u00e9s. Con\u00e7u pour \u00eatre utilis\u00e9 comme un diffuseur d&rsquo;atomiseur de CO2 en verre ordinaire, il offre cependant des taux de dissolution du CO2 plus \u00e9lev\u00e9s.<\/p>\n<p>Un diffuseur de CO2 Flux_ pour aquarium optimise l&rsquo;entr\u00e9e de CO2 dans l&rsquo;aquarium pour une absorption efficace par les plantes et moins de gaspillage. Lorsque les bulles de CO2 passent \u00e0 travers le diffuseur poreux, elles sont dispers\u00e9es en de minuscules bulles. Avec une surface accrue, ces microbulles de CO2 se dissolvent facilement dans l&rsquo;eau, augmentant la saturation de CO2 dans l&rsquo;\u00e9cosyst\u00e8me de l&rsquo;aquarium.<\/p>\n<p>Pour utiliser ce diffuseur d&rsquo;atomiseur de CO2, il suffit de connecter votre r\u00e9gulateur de bouteille de CO2 \u00e0 l&rsquo;atomiseur avec notre tuyau de CO2 et de serrer l&rsquo;\u00e9crou de s\u00e9curit\u00e9.<br \/>\nIl est recommand\u00e9 de r\u00e9gler la pression de votre r\u00e9gulateur \u00e0 un minimum de 2 bars comme point de d\u00e9part.<\/p>\n<p>Veuillez patienter quelques minutes pour que la pression suffisante se d\u00e9veloppe et permette au CO2 de commencer \u00e0 passer \u00e0 travers ; cela peut ne pas commencer instantan\u00e9ment.<\/p>\n<p>Ce diffuseur n\u00e9cessite au moins une pression de travail de 40 psi pour un fonctionnement optimal.<\/p>\n","protected":false},"excerpt":{"rendered":"<p>Le diffuseur de CO2 Bazooka In-Tank Flux_ est la pr\u00e9cision ultime pour les aquariums plant\u00e9s. Ce nouveau mod\u00e8le est disponible en deux tailles diff\u00e9rentes : Petite pour les aquariums de moins de 250L Grande pour les aquariums de plus de 250L Gr\u00e2ce \u00e0 la nouvelle technologie de membrane nano pour la diffusion du CO2, ce [&hellip;]<\/p>\n","protected":false},"featured_media":4400,"template":"","meta":{"site-sidebar-layout":"default","site-content-layout":"","ast-site-content-layout":"default","site-content-style":"default","site-sidebar-style":"default","ast-global-header-display":"","ast-banner-title-visibility":"","ast-main-header-display":"","ast-hfb-above-header-display":"","ast-hfb-below-header-display":"","ast-hfb-mobile-header-display":"","site-post-title":"","ast-breadcrumbs-content":"","ast-featured-img":"","footer-sml-layout":"","ast-disable-related-posts":"","theme-transparent-header-meta":"","adv-header-id-meta":"","stick-header-meta":"","header-above-stick-meta":"","header-main-stick-meta":"","header-below-stick-meta":"","astra-migrate-meta-layouts":"set","ast-page-background-enabled":"default","ast-page-background-meta":{"desktop":{"background-color":"","background-image":"","background-repeat":"repeat","background-position":"center center","background-size":"auto","background-attachment":"scroll","background-type":"","background-media":"","overlay-type":"","overlay-color":"","overlay-opacity":"","overlay-gradient":""},"tablet":{"background-color":"","background-image":"","background-repeat":"repeat","background-position":"center center","background-size":"auto","background-attachment":"scroll","background-type":"","background-media":"","overlay-type":"","overlay-color":"","overlay-opacity":"","overlay-gradient":""},"mobile":{"background-color":"","background-image":"","background-repeat":"repeat","background-position":"center center","background-size":"auto","background-attachment":"scroll","background-type":"","background-media":"","overlay-type":"","overlay-color":"","overlay-opacity":"","overlay-gradient":""}},"ast-content-background-meta":{"desktop":{"background-color":"var(--ast-global-color-5)","background-image":"","background-repeat":"repeat","background-position":"center center","background-size":"auto","background-attachment":"scroll","background-type":"","background-media":"","overlay-type":"","overlay-color":"","overlay-opacity":"","overlay-gradient":""},"tablet":{"background-color":"var(--ast-global-color-5)","background-image":"","background-repeat":"repeat","background-position":"center center","background-size":"auto","background-attachment":"scroll","background-type":"","background-media":"","overlay-type":"","overlay-color":"","overlay-opacity":"","overlay-gradient":""},"mobile":{"background-color":"var(--ast-global-color-5)","background-image":"","background-repeat":"repeat","background-position":"center center","background-size":"auto","background-attachment":"scroll","background-type":"","background-media":"","overlay-type":"","overlay-color":"","overlay-opacity":"","overlay-gradient":""}}},"product_brand":[],"product_cat":[1367,475,469],"product_tag":[1107,1169],"class_list":{"0":"post-10121","1":"product","2":"type-product","3":"status-publish","4":"has-post-thumbnail","6":"product_cat-co2art-fr","7":"product_cat-diffuseurs-de-co2","8":"product_cat-systemes-de-co2","9":"product_tag-co2-fr","10":"product_tag-diffuser-fr","11":"desktop-align-left","12":"tablet-align-left","13":"mobile-align-left","14":"ast-product-gallery-layout-horizontal-slider","15":"ast-product-gallery-with-no-image","16":"ast-product-single-variable","17":"ast-product-tabs-layout-horizontal","19":"first","20":"instock","21":"taxable","22":"shipping-taxable","23":"purchasable","24":"product-type-variable"},"yoast_head":"<!-- This site is optimized with the Yoast SEO plugin v27.2 - https:\/\/yoast.com\/product\/yoast-seo-wordpress\/ -->\n<title>CO2Art In-Tank Bazooka Flux Diffuseur de Co2 | Red Leaf Aquascaping<\/title>\n<meta name=\"robots\" content=\"index, follow, max-snippet:-1, max-image-preview:large, max-video-preview:-1\" \/>\n<link rel=\"canonical\" href=\"https:\/\/redleafaquascaping.com\/fr\/produit\/co2art-in-tank-bazooka-flux-diffuseur-de-co2\/\" \/>\n<meta property=\"og:locale\" content=\"fr_FR\" \/>\n<meta property=\"og:type\" content=\"article\" \/>\n<meta property=\"og:title\" content=\"CO2Art In-Tank Bazooka Flux Diffuseur de Co2 | Red Leaf Aquascaping\" \/>\n<meta property=\"og:description\" content=\"Le diffuseur de CO2 Bazooka In-Tank Flux_ est la pr\u00e9cision ultime pour les aquariums plant\u00e9s. Ce nouveau mod\u00e8le est disponible en deux tailles diff\u00e9rentes : Petite pour les aquariums de moins de 250L Grande pour les aquariums de plus de 250L Gr\u00e2ce \u00e0 la nouvelle technologie de membrane nano pour la diffusion du CO2, ce [&hellip;]\" \/>\n<meta property=\"og:url\" content=\"https:\/\/redleafaquascaping.com\/fr\/produit\/co2art-in-tank-bazooka-flux-diffuseur-de-co2\/\" \/>\n<meta property=\"og:site_name\" content=\"Red Leaf Aquascaping\" \/>\n<meta property=\"article:publisher\" content=\"https:\/\/www.facebook.com\/Redleafaqua\" \/>\n<meta property=\"article:modified_time\" content=\"2023-11-22T21:07:03+00:00\" \/>\n<meta property=\"og:image\" content=\"https:\/\/redleafaquascaping.com\/wp-content\/uploads\/2021\/09\/Flux-S_1_V2_1200x.jpg\" \/>\n\t<meta property=\"og:image:width\" content=\"1200\" \/>\n\t<meta property=\"og:image:height\" content=\"900\" \/>\n\t<meta property=\"og:image:type\" content=\"image\/jpeg\" \/>\n<meta name=\"twitter:card\" content=\"summary_large_image\" \/>\n<meta name=\"twitter:label1\" content=\"Dur\u00e9e de lecture estim\u00e9e\" \/>\n\t<meta name=\"twitter:data1\" content=\"2 minutes\" \/>\n<script type=\"application\/ld+json\" class=\"yoast-schema-graph\">{\"@context\":\"https:\/\/schema.org\",\"@graph\":[{\"@type\":\"WebPage\",\"@id\":\"https:\/\/redleafaquascaping.com\/fr\/produit\/co2art-in-tank-bazooka-flux-diffuseur-de-co2\/\",\"url\":\"https:\/\/redleafaquascaping.com\/fr\/produit\/co2art-in-tank-bazooka-flux-diffuseur-de-co2\/\",\"name\":\"CO2Art In-Tank Bazooka Flux Diffuseur de Co2 | Red Leaf Aquascaping\",\"isPartOf\":{\"@id\":\"https:\/\/redleafaquascaping.com\/#website\"},\"primaryImageOfPage\":{\"@id\":\"https:\/\/redleafaquascaping.com\/fr\/produit\/co2art-in-tank-bazooka-flux-diffuseur-de-co2\/#primaryimage\"},\"image\":{\"@id\":\"https:\/\/redleafaquascaping.com\/fr\/produit\/co2art-in-tank-bazooka-flux-diffuseur-de-co2\/#primaryimage\"},\"thumbnailUrl\":\"https:\/\/redleafaquascaping.com\/wp-content\/uploads\/2021\/09\/Flux-S_1_V2_1200x.jpg\",\"datePublished\":\"2023-11-22T21:07:01+00:00\",\"dateModified\":\"2023-11-22T21:07:03+00:00\",\"breadcrumb\":{\"@id\":\"https:\/\/redleafaquascaping.com\/fr\/produit\/co2art-in-tank-bazooka-flux-diffuseur-de-co2\/#breadcrumb\"},\"inLanguage\":\"fr-FR\",\"potentialAction\":[{\"@type\":\"ReadAction\",\"target\":[\"https:\/\/redleafaquascaping.com\/fr\/produit\/co2art-in-tank-bazooka-flux-diffuseur-de-co2\/\"]}]},{\"@type\":\"ImageObject\",\"inLanguage\":\"fr-FR\",\"@id\":\"https:\/\/redleafaquascaping.com\/fr\/produit\/co2art-in-tank-bazooka-flux-diffuseur-de-co2\/#primaryimage\",\"url\":\"https:\/\/redleafaquascaping.com\/wp-content\/uploads\/2021\/09\/Flux-S_1_V2_1200x.jpg\",\"contentUrl\":\"https:\/\/redleafaquascaping.com\/wp-content\/uploads\/2021\/09\/Flux-S_1_V2_1200x.jpg\",\"width\":1200,\"height\":900},{\"@type\":\"BreadcrumbList\",\"@id\":\"https:\/\/redleafaquascaping.com\/fr\/produit\/co2art-in-tank-bazooka-flux-diffuseur-de-co2\/#breadcrumb\",\"itemListElement\":[{\"@type\":\"ListItem\",\"position\":1,\"name\":\"Home\",\"item\":\"https:\/\/redleafaquascaping.com\/fr\/\"},{\"@type\":\"ListItem\",\"position\":2,\"name\":\"Magasinez\",\"item\":\"https:\/\/redleafaquascaping.com\/fr\/magasinez\/\"},{\"@type\":\"ListItem\",\"position\":3,\"name\":\"CO2Art In-Tank Bazooka Flux Diffuseur de Co2\"}]},{\"@type\":\"WebSite\",\"@id\":\"https:\/\/redleafaquascaping.com\/#website\",\"url\":\"https:\/\/redleafaquascaping.com\/\",\"name\":\"Red Leaf Aquascaping\",\"description\":\"Online Aquascaping Equipment Store\",\"publisher\":{\"@id\":\"https:\/\/redleafaquascaping.com\/#organization\"},\"potentialAction\":[{\"@type\":\"SearchAction\",\"target\":{\"@type\":\"EntryPoint\",\"urlTemplate\":\"https:\/\/redleafaquascaping.com\/?s={search_term_string}\"},\"query-input\":{\"@type\":\"PropertyValueSpecification\",\"valueRequired\":true,\"valueName\":\"search_term_string\"}}],\"inLanguage\":\"fr-FR\"},{\"@type\":\"Organization\",\"@id\":\"https:\/\/redleafaquascaping.com\/#organization\",\"name\":\"Aquascaping Red Leaf\",\"alternateName\":\"Red Leaf\",\"url\":\"https:\/\/redleafaquascaping.com\/\",\"logo\":{\"@type\":\"ImageObject\",\"inLanguage\":\"fr-FR\",\"@id\":\"https:\/\/redleafaquascaping.com\/#\/schema\/logo\/image\/\",\"url\":\"https:\/\/redleafaquascaping.com\/wp-content\/uploads\/2024\/08\/logo-seo.jpg\",\"contentUrl\":\"https:\/\/redleafaquascaping.com\/wp-content\/uploads\/2024\/08\/logo-seo.jpg\",\"width\":696,\"height\":696,\"caption\":\"Aquascaping Red Leaf\"},\"image\":{\"@id\":\"https:\/\/redleafaquascaping.com\/#\/schema\/logo\/image\/\"},\"sameAs\":[\"https:\/\/www.facebook.com\/Redleafaqua\"]}]}<\/script>\n<!-- \/ Yoast SEO plugin. -->","yoast_head_json":{"title":"CO2Art In-Tank Bazooka Flux Diffuseur de Co2 | Red Leaf Aquascaping","robots":{"index":"index","follow":"follow","max-snippet":"max-snippet:-1","max-image-preview":"max-image-preview:large","max-video-preview":"max-video-preview:-1"},"canonical":"https:\/\/redleafaquascaping.com\/fr\/produit\/co2art-in-tank-bazooka-flux-diffuseur-de-co2\/","og_locale":"fr_FR","og_type":"article","og_title":"CO2Art In-Tank Bazooka Flux Diffuseur de Co2 | Red Leaf Aquascaping","og_description":"Le diffuseur de CO2 Bazooka In-Tank Flux_ est la pr\u00e9cision ultime pour les aquariums plant\u00e9s. Ce nouveau mod\u00e8le est disponible en deux tailles diff\u00e9rentes : Petite pour les aquariums de moins de 250L Grande pour les aquariums de plus de 250L Gr\u00e2ce \u00e0 la nouvelle technologie de membrane nano pour la diffusion du CO2, ce [&hellip;]","og_url":"https:\/\/redleafaquascaping.com\/fr\/produit\/co2art-in-tank-bazooka-flux-diffuseur-de-co2\/","og_site_name":"Red Leaf Aquascaping","article_publisher":"https:\/\/www.facebook.com\/Redleafaqua","article_modified_time":"2023-11-22T21:07:03+00:00","og_image":[{"width":1200,"height":900,"url":"https:\/\/redleafaquascaping.com\/wp-content\/uploads\/2021\/09\/Flux-S_1_V2_1200x.jpg","type":"image\/jpeg"}],"twitter_card":"summary_large_image","twitter_misc":{"Dur\u00e9e de lecture estim\u00e9e":"2 minutes"},"schema":{"@context":"https:\/\/schema.org","@graph":[{"@type":"WebPage","@id":"https:\/\/redleafaquascaping.com\/fr\/produit\/co2art-in-tank-bazooka-flux-diffuseur-de-co2\/","url":"https:\/\/redleafaquascaping.com\/fr\/produit\/co2art-in-tank-bazooka-flux-diffuseur-de-co2\/","name":"CO2Art In-Tank Bazooka Flux Diffuseur de Co2 | Red Leaf Aquascaping","isPartOf":{"@id":"https:\/\/redleafaquascaping.com\/#website"},"primaryImageOfPage":{"@id":"https:\/\/redleafaquascaping.com\/fr\/produit\/co2art-in-tank-bazooka-flux-diffuseur-de-co2\/#primaryimage"},"image":{"@id":"https:\/\/redleafaquascaping.com\/fr\/produit\/co2art-in-tank-bazooka-flux-diffuseur-de-co2\/#primaryimage"},"thumbnailUrl":"https:\/\/redleafaquascaping.com\/wp-content\/uploads\/2021\/09\/Flux-S_1_V2_1200x.jpg","datePublished":"2023-11-22T21:07:01+00:00","dateModified":"2023-11-22T21:07:03+00:00","breadcrumb":{"@id":"https:\/\/redleafaquascaping.com\/fr\/produit\/co2art-in-tank-bazooka-flux-diffuseur-de-co2\/#breadcrumb"},"inLanguage":"fr-FR","potentialAction":[{"@type":"ReadAction","target":["https:\/\/redleafaquascaping.com\/fr\/produit\/co2art-in-tank-bazooka-flux-diffuseur-de-co2\/"]}]},{"@type":"ImageObject","inLanguage":"fr-FR","@id":"https:\/\/redleafaquascaping.com\/fr\/produit\/co2art-in-tank-bazooka-flux-diffuseur-de-co2\/#primaryimage","url":"https:\/\/redleafaquascaping.com\/wp-content\/uploads\/2021\/09\/Flux-S_1_V2_1200x.jpg","contentUrl":"https:\/\/redleafaquascaping.com\/wp-content\/uploads\/2021\/09\/Flux-S_1_V2_1200x.jpg","width":1200,"height":900},{"@type":"BreadcrumbList","@id":"https:\/\/redleafaquascaping.com\/fr\/produit\/co2art-in-tank-bazooka-flux-diffuseur-de-co2\/#breadcrumb","itemListElement":[{"@type":"ListItem","position":1,"name":"Home","item":"https:\/\/redleafaquascaping.com\/fr\/"},{"@type":"ListItem","position":2,"name":"Magasinez","item":"https:\/\/redleafaquascaping.com\/fr\/magasinez\/"},{"@type":"ListItem","position":3,"name":"CO2Art In-Tank Bazooka Flux Diffuseur de Co2"}]},{"@type":"WebSite","@id":"https:\/\/redleafaquascaping.com\/#website","url":"https:\/\/redleafaquascaping.com\/","name":"Red Leaf Aquascaping","description":"Online Aquascaping Equipment Store","publisher":{"@id":"https:\/\/redleafaquascaping.com\/#organization"},"potentialAction":[{"@type":"SearchAction","target":{"@type":"EntryPoint","urlTemplate":"https:\/\/redleafaquascaping.com\/?s={search_term_string}"},"query-input":{"@type":"PropertyValueSpecification","valueRequired":true,"valueName":"search_term_string"}}],"inLanguage":"fr-FR"},{"@type":"Organization","@id":"https:\/\/redleafaquascaping.com\/#organization","name":"Aquascaping Red Leaf","alternateName":"Red Leaf","url":"https:\/\/redleafaquascaping.com\/","logo":{"@type":"ImageObject","inLanguage":"fr-FR","@id":"https:\/\/redleafaquascaping.com\/#\/schema\/logo\/image\/","url":"https:\/\/redleafaquascaping.com\/wp-content\/uploads\/2024\/08\/logo-seo.jpg","contentUrl":"https:\/\/redleafaquascaping.com\/wp-content\/uploads\/2024\/08\/logo-seo.jpg","width":696,"height":696,"caption":"Aquascaping Red Leaf"},"image":{"@id":"https:\/\/redleafaquascaping.com\/#\/schema\/logo\/image\/"},"sameAs":["https:\/\/www.facebook.com\/Redleafaqua"]}]}},"_links":{"self":[{"href":"https:\/\/redleafaquascaping.com\/fr\/wp-json\/wp\/v2\/product\/10121","targetHints":{"allow":["GET"]}}],"collection":[{"href":"https:\/\/redleafaquascaping.com\/fr\/wp-json\/wp\/v2\/product"}],"about":[{"href":"https:\/\/redleafaquascaping.com\/fr\/wp-json\/wp\/v2\/types\/product"}],"wp:featuredmedia":[{"embeddable":true,"href":"https:\/\/redleafaquascaping.com\/fr\/wp-json\/wp\/v2\/media\/4400"}],"wp:attachment":[{"href":"https:\/\/redleafaquascaping.com\/fr\/wp-json\/wp\/v2\/media?parent=10121"}],"wp:term":[{"taxonomy":"product_brand","embeddable":true,"href":"https:\/\/redleafaquascaping.com\/fr\/wp-json\/wp\/v2\/product_brand?post=10121"},{"taxonomy":"product_cat","embeddable":true,"href":"https:\/\/redleafaquascaping.com\/fr\/wp-json\/wp\/v2\/product_cat?post=10121"},{"taxonomy":"product_tag","embeddable":true,"href":"https:\/\/redleafaquascaping.com\/fr\/wp-json\/wp\/v2\/product_tag?post=10121"}],"curies":[{"name":"wp","href":"https:\/\/api.w.org\/{rel}","templated":true}]}}