{"id":10154,"date":"2021-10-07T12:57:11","date_gmt":"2023-11-23T19:47:06","guid":{"rendered":"https:\/\/redleafaquascaping.com\/?post_type=product&#038;p=10154"},"modified":"2023-11-23T14:47:07","modified_gmt":"2023-11-23T19:47:07","slug":"co2art-pro-series-12v-solenoid-de-remplacement","status":"publish","type":"product","link":"https:\/\/redleafaquascaping.com\/fr\/produit\/co2art-pro-series-12v-solenoid-de-remplacement\/","title":{"rendered":"CO2Art Pro-Series 12V solenoid de remplacement"},"content":{"rendered":"<p>Remplacement de la Sol\u00e9no\u00efde 12V CC de la S\u00e9rie Pro.<\/p>\n<p>Sol\u00e9no\u00efde de haute qualit\u00e9 utilis\u00e9e dans tous les r\u00e9gulateurs de CO2Art de la s\u00e9rie Pro. Compatible \u00e9galement avec la plupart des anciens r\u00e9gulateurs CO2Art.<\/p>\n<p>Caract\u00e9ristiques principales de la bobine sol\u00e9no\u00efde :<\/p>\n<p>Alimentation \u00e9lectrique faible et s\u00fbre de 12V CC<br \/>\nCompatible avec l&rsquo;Adaptateur Universel 12V<br \/>\nLa bobine ne produit pas de chaleur en raison de son faible fonctionnement \u00e9lectrique<br \/>\nL&rsquo;alimentation CC emp\u00eache le sol\u00e9no\u00efde de produire un bruit de bourdonnement pendant le fonctionnement, ce qui peut se produire avec des sol\u00e9no\u00efdes aliment\u00e9s en CA\u00a0\u00bb<\/p>\n","protected":false},"excerpt":{"rendered":"<p>Remplacement de la Sol\u00e9no\u00efde 12V CC de la S\u00e9rie Pro. Sol\u00e9no\u00efde de haute qualit\u00e9 utilis\u00e9e dans tous les r\u00e9gulateurs de CO2Art de la s\u00e9rie Pro. Compatible \u00e9galement avec la plupart des anciens r\u00e9gulateurs CO2Art. Caract\u00e9ristiques principales de la bobine sol\u00e9no\u00efde : Alimentation \u00e9lectrique faible et s\u00fbre de 12V CC Compatible avec l&rsquo;Adaptateur Universel 12V La [&hellip;]<\/p>\n","protected":false},"featured_media":4317,"template":"","meta":{"site-sidebar-layout":"default","site-content-layout":"","ast-site-content-layout":"default","site-content-style":"default","site-sidebar-style":"default","ast-global-header-display":"","ast-banner-title-visibility":"","ast-main-header-display":"","ast-hfb-above-header-display":"","ast-hfb-below-header-display":"","ast-hfb-mobile-header-display":"","site-post-title":"","ast-breadcrumbs-content":"","ast-featured-img":"","footer-sml-layout":"","ast-disable-related-posts":"","theme-transparent-header-meta":"default","adv-header-id-meta":"","stick-header-meta":"","header-above-stick-meta":"","header-main-stick-meta":"","header-below-stick-meta":"","astra-migrate-meta-layouts":"set","ast-page-background-enabled":"default","ast-page-background-meta":{"desktop":{"background-color":"","background-image":"","background-repeat":"repeat","background-position":"center center","background-size":"auto","background-attachment":"scroll","background-type":"","background-media":"","overlay-type":"","overlay-color":"","overlay-opacity":"","overlay-gradient":""},"tablet":{"background-color":"","background-image":"","background-repeat":"repeat","background-position":"center center","background-size":"auto","background-attachment":"scroll","background-type":"","background-media":"","overlay-type":"","overlay-color":"","overlay-opacity":"","overlay-gradient":""},"mobile":{"background-color":"","background-image":"","background-repeat":"repeat","background-position":"center center","background-size":"auto","background-attachment":"scroll","background-type":"","background-media":"","overlay-type":"","overlay-color":"","overlay-opacity":"","overlay-gradient":""}},"ast-content-background-meta":{"desktop":{"background-color":"var(--ast-global-color-5)","background-image":"","background-repeat":"repeat","background-position":"center center","background-size":"auto","background-attachment":"scroll","background-type":"","background-media":"","overlay-type":"","overlay-color":"","overlay-opacity":"","overlay-gradient":""},"tablet":{"background-color":"var(--ast-global-color-5)","background-image":"","background-repeat":"repeat","background-position":"center center","background-size":"auto","background-attachment":"scroll","background-type":"","background-media":"","overlay-type":"","overlay-color":"","overlay-opacity":"","overlay-gradient":""},"mobile":{"background-color":"var(--ast-global-color-5)","background-image":"","background-repeat":"repeat","background-position":"center center","background-size":"auto","background-attachment":"scroll","background-type":"","background-media":"","overlay-type":"","overlay-color":"","overlay-opacity":"","overlay-gradient":""}}},"product_brand":[],"product_cat":[1367,481,469],"product_tag":[],"class_list":{"0":"post-10154","1":"product","2":"type-product","3":"status-publish","4":"has-post-thumbnail","6":"product_cat-co2art-fr","7":"product_cat-pieces-pour-co2","8":"product_cat-systemes-de-co2","9":"desktop-align-left","10":"tablet-align-left","11":"mobile-align-left","12":"ast-product-gallery-layout-horizontal-slider","13":"ast-product-gallery-with-no-image","14":"ast-product-tabs-layout-horizontal","16":"first","17":"instock","18":"taxable","19":"shipping-taxable","20":"purchasable","21":"product-type-simple"},"yoast_head":"<!-- This site is optimized with the Yoast SEO plugin v27.2 - https:\/\/yoast.com\/product\/yoast-seo-wordpress\/ -->\n<title>CO2Art Pro-Series 12V solenoid de remplacement | Red Leaf Aquascaping<\/title>\n<meta name=\"robots\" content=\"index, follow, max-snippet:-1, max-image-preview:large, max-video-preview:-1\" \/>\n<link rel=\"canonical\" href=\"https:\/\/redleafaquascaping.com\/fr\/produit\/co2art-pro-series-12v-solenoid-de-remplacement\/\" \/>\n<meta property=\"og:locale\" content=\"fr_FR\" \/>\n<meta property=\"og:type\" content=\"article\" \/>\n<meta property=\"og:title\" content=\"CO2Art Pro-Series 12V solenoid de remplacement | Red Leaf Aquascaping\" \/>\n<meta property=\"og:description\" content=\"Remplacement de la Sol\u00e9no\u00efde 12V CC de la S\u00e9rie Pro. Sol\u00e9no\u00efde de haute qualit\u00e9 utilis\u00e9e dans tous les r\u00e9gulateurs de CO2Art de la s\u00e9rie Pro. Compatible \u00e9galement avec la plupart des anciens r\u00e9gulateurs CO2Art. Caract\u00e9ristiques principales de la bobine sol\u00e9no\u00efde : Alimentation \u00e9lectrique faible et s\u00fbre de 12V CC Compatible avec l&rsquo;Adaptateur Universel 12V La [&hellip;]\" \/>\n<meta property=\"og:url\" content=\"https:\/\/redleafaquascaping.com\/fr\/produit\/co2art-pro-series-12v-solenoid-de-remplacement\/\" \/>\n<meta property=\"og:site_name\" content=\"Red Leaf Aquascaping\" \/>\n<meta property=\"article:publisher\" content=\"https:\/\/www.facebook.com\/Redleafaqua\" \/>\n<meta property=\"article:modified_time\" content=\"2023-11-23T19:47:07+00:00\" \/>\n<meta property=\"og:image\" content=\"https:\/\/redleafaquascaping.com\/wp-content\/uploads\/2021\/09\/CA-SC-12VDC_e5ea5d5b-3137-4fbf-9a41-f0dda32e8ddd_1200x.jpg\" \/>\n\t<meta property=\"og:image:width\" content=\"1200\" \/>\n\t<meta property=\"og:image:height\" content=\"900\" \/>\n\t<meta property=\"og:image:type\" content=\"image\/jpeg\" \/>\n<meta name=\"twitter:card\" content=\"summary_large_image\" \/>\n<meta name=\"twitter:label1\" content=\"Dur\u00e9e de lecture estim\u00e9e\" \/>\n\t<meta name=\"twitter:data1\" content=\"1 minute\" \/>\n<script type=\"application\/ld+json\" class=\"yoast-schema-graph\">{\"@context\":\"https:\/\/schema.org\",\"@graph\":[{\"@type\":\"WebPage\",\"@id\":\"https:\/\/redleafaquascaping.com\/fr\/produit\/co2art-pro-series-12v-solenoid-de-remplacement\/\",\"url\":\"https:\/\/redleafaquascaping.com\/fr\/produit\/co2art-pro-series-12v-solenoid-de-remplacement\/\",\"name\":\"CO2Art Pro-Series 12V solenoid de remplacement | Red Leaf Aquascaping\",\"isPartOf\":{\"@id\":\"https:\/\/redleafaquascaping.com\/#website\"},\"primaryImageOfPage\":{\"@id\":\"https:\/\/redleafaquascaping.com\/fr\/produit\/co2art-pro-series-12v-solenoid-de-remplacement\/#primaryimage\"},\"image\":{\"@id\":\"https:\/\/redleafaquascaping.com\/fr\/produit\/co2art-pro-series-12v-solenoid-de-remplacement\/#primaryimage\"},\"thumbnailUrl\":\"https:\/\/redleafaquascaping.com\/wp-content\/uploads\/2021\/09\/CA-SC-12VDC_e5ea5d5b-3137-4fbf-9a41-f0dda32e8ddd_1200x.jpg\",\"datePublished\":\"2023-11-23T19:47:06+00:00\",\"dateModified\":\"2023-11-23T19:47:07+00:00\",\"breadcrumb\":{\"@id\":\"https:\/\/redleafaquascaping.com\/fr\/produit\/co2art-pro-series-12v-solenoid-de-remplacement\/#breadcrumb\"},\"inLanguage\":\"fr-FR\",\"potentialAction\":[{\"@type\":\"ReadAction\",\"target\":[\"https:\/\/redleafaquascaping.com\/fr\/produit\/co2art-pro-series-12v-solenoid-de-remplacement\/\"]}]},{\"@type\":\"ImageObject\",\"inLanguage\":\"fr-FR\",\"@id\":\"https:\/\/redleafaquascaping.com\/fr\/produit\/co2art-pro-series-12v-solenoid-de-remplacement\/#primaryimage\",\"url\":\"https:\/\/redleafaquascaping.com\/wp-content\/uploads\/2021\/09\/CA-SC-12VDC_e5ea5d5b-3137-4fbf-9a41-f0dda32e8ddd_1200x.jpg\",\"contentUrl\":\"https:\/\/redleafaquascaping.com\/wp-content\/uploads\/2021\/09\/CA-SC-12VDC_e5ea5d5b-3137-4fbf-9a41-f0dda32e8ddd_1200x.jpg\",\"width\":1200,\"height\":900},{\"@type\":\"BreadcrumbList\",\"@id\":\"https:\/\/redleafaquascaping.com\/fr\/produit\/co2art-pro-series-12v-solenoid-de-remplacement\/#breadcrumb\",\"itemListElement\":[{\"@type\":\"ListItem\",\"position\":1,\"name\":\"Home\",\"item\":\"https:\/\/redleafaquascaping.com\/fr\/\"},{\"@type\":\"ListItem\",\"position\":2,\"name\":\"Magasinez\",\"item\":\"https:\/\/redleafaquascaping.com\/fr\/magasinez\/\"},{\"@type\":\"ListItem\",\"position\":3,\"name\":\"CO2Art Pro-Series 12V solenoid de remplacement\"}]},{\"@type\":\"WebSite\",\"@id\":\"https:\/\/redleafaquascaping.com\/#website\",\"url\":\"https:\/\/redleafaquascaping.com\/\",\"name\":\"Red Leaf Aquascaping\",\"description\":\"Online Aquascaping Equipment Store\",\"publisher\":{\"@id\":\"https:\/\/redleafaquascaping.com\/#organization\"},\"potentialAction\":[{\"@type\":\"SearchAction\",\"target\":{\"@type\":\"EntryPoint\",\"urlTemplate\":\"https:\/\/redleafaquascaping.com\/?s={search_term_string}\"},\"query-input\":{\"@type\":\"PropertyValueSpecification\",\"valueRequired\":true,\"valueName\":\"search_term_string\"}}],\"inLanguage\":\"fr-FR\"},{\"@type\":\"Organization\",\"@id\":\"https:\/\/redleafaquascaping.com\/#organization\",\"name\":\"Aquascaping Red Leaf\",\"alternateName\":\"Red Leaf\",\"url\":\"https:\/\/redleafaquascaping.com\/\",\"logo\":{\"@type\":\"ImageObject\",\"inLanguage\":\"fr-FR\",\"@id\":\"https:\/\/redleafaquascaping.com\/#\/schema\/logo\/image\/\",\"url\":\"https:\/\/redleafaquascaping.com\/wp-content\/uploads\/2024\/08\/logo-seo.jpg\",\"contentUrl\":\"https:\/\/redleafaquascaping.com\/wp-content\/uploads\/2024\/08\/logo-seo.jpg\",\"width\":696,\"height\":696,\"caption\":\"Aquascaping Red Leaf\"},\"image\":{\"@id\":\"https:\/\/redleafaquascaping.com\/#\/schema\/logo\/image\/\"},\"sameAs\":[\"https:\/\/www.facebook.com\/Redleafaqua\"]}]}<\/script>\n<!-- \/ Yoast SEO plugin. -->","yoast_head_json":{"title":"CO2Art Pro-Series 12V solenoid de remplacement | Red Leaf Aquascaping","robots":{"index":"index","follow":"follow","max-snippet":"max-snippet:-1","max-image-preview":"max-image-preview:large","max-video-preview":"max-video-preview:-1"},"canonical":"https:\/\/redleafaquascaping.com\/fr\/produit\/co2art-pro-series-12v-solenoid-de-remplacement\/","og_locale":"fr_FR","og_type":"article","og_title":"CO2Art Pro-Series 12V solenoid de remplacement | Red Leaf Aquascaping","og_description":"Remplacement de la Sol\u00e9no\u00efde 12V CC de la S\u00e9rie Pro. Sol\u00e9no\u00efde de haute qualit\u00e9 utilis\u00e9e dans tous les r\u00e9gulateurs de CO2Art de la s\u00e9rie Pro. Compatible \u00e9galement avec la plupart des anciens r\u00e9gulateurs CO2Art. Caract\u00e9ristiques principales de la bobine sol\u00e9no\u00efde : Alimentation \u00e9lectrique faible et s\u00fbre de 12V CC Compatible avec l&rsquo;Adaptateur Universel 12V La [&hellip;]","og_url":"https:\/\/redleafaquascaping.com\/fr\/produit\/co2art-pro-series-12v-solenoid-de-remplacement\/","og_site_name":"Red Leaf Aquascaping","article_publisher":"https:\/\/www.facebook.com\/Redleafaqua","article_modified_time":"2023-11-23T19:47:07+00:00","og_image":[{"width":1200,"height":900,"url":"https:\/\/redleafaquascaping.com\/wp-content\/uploads\/2021\/09\/CA-SC-12VDC_e5ea5d5b-3137-4fbf-9a41-f0dda32e8ddd_1200x.jpg","type":"image\/jpeg"}],"twitter_card":"summary_large_image","twitter_misc":{"Dur\u00e9e de lecture estim\u00e9e":"1 minute"},"schema":{"@context":"https:\/\/schema.org","@graph":[{"@type":"WebPage","@id":"https:\/\/redleafaquascaping.com\/fr\/produit\/co2art-pro-series-12v-solenoid-de-remplacement\/","url":"https:\/\/redleafaquascaping.com\/fr\/produit\/co2art-pro-series-12v-solenoid-de-remplacement\/","name":"CO2Art Pro-Series 12V solenoid de remplacement | Red Leaf Aquascaping","isPartOf":{"@id":"https:\/\/redleafaquascaping.com\/#website"},"primaryImageOfPage":{"@id":"https:\/\/redleafaquascaping.com\/fr\/produit\/co2art-pro-series-12v-solenoid-de-remplacement\/#primaryimage"},"image":{"@id":"https:\/\/redleafaquascaping.com\/fr\/produit\/co2art-pro-series-12v-solenoid-de-remplacement\/#primaryimage"},"thumbnailUrl":"https:\/\/redleafaquascaping.com\/wp-content\/uploads\/2021\/09\/CA-SC-12VDC_e5ea5d5b-3137-4fbf-9a41-f0dda32e8ddd_1200x.jpg","datePublished":"2023-11-23T19:47:06+00:00","dateModified":"2023-11-23T19:47:07+00:00","breadcrumb":{"@id":"https:\/\/redleafaquascaping.com\/fr\/produit\/co2art-pro-series-12v-solenoid-de-remplacement\/#breadcrumb"},"inLanguage":"fr-FR","potentialAction":[{"@type":"ReadAction","target":["https:\/\/redleafaquascaping.com\/fr\/produit\/co2art-pro-series-12v-solenoid-de-remplacement\/"]}]},{"@type":"ImageObject","inLanguage":"fr-FR","@id":"https:\/\/redleafaquascaping.com\/fr\/produit\/co2art-pro-series-12v-solenoid-de-remplacement\/#primaryimage","url":"https:\/\/redleafaquascaping.com\/wp-content\/uploads\/2021\/09\/CA-SC-12VDC_e5ea5d5b-3137-4fbf-9a41-f0dda32e8ddd_1200x.jpg","contentUrl":"https:\/\/redleafaquascaping.com\/wp-content\/uploads\/2021\/09\/CA-SC-12VDC_e5ea5d5b-3137-4fbf-9a41-f0dda32e8ddd_1200x.jpg","width":1200,"height":900},{"@type":"BreadcrumbList","@id":"https:\/\/redleafaquascaping.com\/fr\/produit\/co2art-pro-series-12v-solenoid-de-remplacement\/#breadcrumb","itemListElement":[{"@type":"ListItem","position":1,"name":"Home","item":"https:\/\/redleafaquascaping.com\/fr\/"},{"@type":"ListItem","position":2,"name":"Magasinez","item":"https:\/\/redleafaquascaping.com\/fr\/magasinez\/"},{"@type":"ListItem","position":3,"name":"CO2Art Pro-Series 12V solenoid de remplacement"}]},{"@type":"WebSite","@id":"https:\/\/redleafaquascaping.com\/#website","url":"https:\/\/redleafaquascaping.com\/","name":"Red Leaf Aquascaping","description":"Online Aquascaping Equipment Store","publisher":{"@id":"https:\/\/redleafaquascaping.com\/#organization"},"potentialAction":[{"@type":"SearchAction","target":{"@type":"EntryPoint","urlTemplate":"https:\/\/redleafaquascaping.com\/?s={search_term_string}"},"query-input":{"@type":"PropertyValueSpecification","valueRequired":true,"valueName":"search_term_string"}}],"inLanguage":"fr-FR"},{"@type":"Organization","@id":"https:\/\/redleafaquascaping.com\/#organization","name":"Aquascaping Red Leaf","alternateName":"Red Leaf","url":"https:\/\/redleafaquascaping.com\/","logo":{"@type":"ImageObject","inLanguage":"fr-FR","@id":"https:\/\/redleafaquascaping.com\/#\/schema\/logo\/image\/","url":"https:\/\/redleafaquascaping.com\/wp-content\/uploads\/2024\/08\/logo-seo.jpg","contentUrl":"https:\/\/redleafaquascaping.com\/wp-content\/uploads\/2024\/08\/logo-seo.jpg","width":696,"height":696,"caption":"Aquascaping Red Leaf"},"image":{"@id":"https:\/\/redleafaquascaping.com\/#\/schema\/logo\/image\/"},"sameAs":["https:\/\/www.facebook.com\/Redleafaqua"]}]}},"_links":{"self":[{"href":"https:\/\/redleafaquascaping.com\/fr\/wp-json\/wp\/v2\/product\/10154","targetHints":{"allow":["GET"]}}],"collection":[{"href":"https:\/\/redleafaquascaping.com\/fr\/wp-json\/wp\/v2\/product"}],"about":[{"href":"https:\/\/redleafaquascaping.com\/fr\/wp-json\/wp\/v2\/types\/product"}],"wp:featuredmedia":[{"embeddable":true,"href":"https:\/\/redleafaquascaping.com\/fr\/wp-json\/wp\/v2\/media\/4317"}],"wp:attachment":[{"href":"https:\/\/redleafaquascaping.com\/fr\/wp-json\/wp\/v2\/media?parent=10154"}],"wp:term":[{"taxonomy":"product_brand","embeddable":true,"href":"https:\/\/redleafaquascaping.com\/fr\/wp-json\/wp\/v2\/product_brand?post=10154"},{"taxonomy":"product_cat","embeddable":true,"href":"https:\/\/redleafaquascaping.com\/fr\/wp-json\/wp\/v2\/product_cat?post=10154"},{"taxonomy":"product_tag","embeddable":true,"href":"https:\/\/redleafaquascaping.com\/fr\/wp-json\/wp\/v2\/product_tag?post=10154"}],"curies":[{"name":"wp","href":"https:\/\/api.w.org\/{rel}","templated":true}]}}