{"id":10155,"date":"2021-10-07T12:56:44","date_gmt":"2023-11-23T19:49:41","guid":{"rendered":"https:\/\/redleafaquascaping.com\/?post_type=product&#038;p=10155"},"modified":"2023-11-23T15:04:57","modified_gmt":"2023-11-23T20:04:57","slug":"precision-pro-series-ensemble-de-conteur-de-bulle","status":"publish","type":"product","link":"https:\/\/redleafaquascaping.com\/fr\/produit\/precision-pro-series-ensemble-de-conteur-de-bulle\/","title":{"rendered":"Precision Pro-Series ensemble de conteur de bulle"},"content":{"rendered":"<p>\u00ab\u00a0Compteur de bulles de la s\u00e9rie Pro con\u00e7u avec une solution innovante ; un adaptateur suppl\u00e9mentaire pour l&rsquo;installation du r\u00e9gulateur M10x1 (compatible avec tous les r\u00e9gulateurs CO2Art).<\/p>\n<p>L&rsquo;unique adaptateur sur le march\u00e9 pour une installation en ligne et de r\u00e9gulateur. Deux ventouses suppl\u00e9mentaires pour une installation facile \u00e0 l&rsquo;ext\u00e9rieur du r\u00e9servoir.<\/p>\n<p>Un indispensable pour tout r\u00e9servoir avec injection de CO2, un compteur de bulles permet une estimation facile du d\u00e9bit d&rsquo;injection de CO2 en comptant le nombre de bulles passant \u00e0 travers le compteur par minute.<\/p>\n<p>Une soupape de non-retour int\u00e9gr\u00e9e emp\u00eache l&rsquo;eau de la chambre du compteur de bulles de refluer dans des \u00e9quipements fragiles et co\u00fbteux tels que les r\u00e9gulateurs et les sol\u00e9no\u00efdes de CO2.<\/p>\n<p>Utilisation du compteur de bulles :<\/p>\n<p>Retirez le capuchon (partie sup\u00e9rieure) et remplissez le r\u00e9servoir avec de l&rsquo;eau claire, puis vissez fermement le capuchon. Fixez le tuyau de CO2 selon les marques d&rsquo;entr\u00e9e et de sortie indiqu\u00e9es avec le n\u0153ud de vis.\u00a0\u00bb<\/p>\n","protected":false},"excerpt":{"rendered":"<p>\u00ab\u00a0Compteur de bulles de la s\u00e9rie Pro con\u00e7u avec une solution innovante ; un adaptateur suppl\u00e9mentaire pour l&rsquo;installation du r\u00e9gulateur M10x1 (compatible avec tous les r\u00e9gulateurs CO2Art). L&rsquo;unique adaptateur sur le march\u00e9 pour une installation en ligne et de r\u00e9gulateur. Deux ventouses suppl\u00e9mentaires pour une installation facile \u00e0 l&rsquo;ext\u00e9rieur du r\u00e9servoir. Un indispensable pour tout [&hellip;]<\/p>\n","protected":false},"featured_media":4321,"template":"","meta":{"site-sidebar-layout":"default","site-content-layout":"","ast-site-content-layout":"default","site-content-style":"default","site-sidebar-style":"default","ast-global-header-display":"","ast-banner-title-visibility":"","ast-main-header-display":"","ast-hfb-above-header-display":"","ast-hfb-below-header-display":"","ast-hfb-mobile-header-display":"","site-post-title":"","ast-breadcrumbs-content":"","ast-featured-img":"","footer-sml-layout":"","ast-disable-related-posts":"","theme-transparent-header-meta":"","adv-header-id-meta":"","stick-header-meta":"","header-above-stick-meta":"","header-main-stick-meta":"","header-below-stick-meta":"","astra-migrate-meta-layouts":"set","ast-page-background-enabled":"default","ast-page-background-meta":{"desktop":{"background-color":"","background-image":"","background-repeat":"repeat","background-position":"center center","background-size":"auto","background-attachment":"scroll","background-type":"","background-media":"","overlay-type":"","overlay-color":"","overlay-opacity":"","overlay-gradient":""},"tablet":{"background-color":"","background-image":"","background-repeat":"repeat","background-position":"center center","background-size":"auto","background-attachment":"scroll","background-type":"","background-media":"","overlay-type":"","overlay-color":"","overlay-opacity":"","overlay-gradient":""},"mobile":{"background-color":"","background-image":"","background-repeat":"repeat","background-position":"center center","background-size":"auto","background-attachment":"scroll","background-type":"","background-media":"","overlay-type":"","overlay-color":"","overlay-opacity":"","overlay-gradient":""}},"ast-content-background-meta":{"desktop":{"background-color":"var(--ast-global-color-5)","background-image":"","background-repeat":"repeat","background-position":"center center","background-size":"auto","background-attachment":"scroll","background-type":"","background-media":"","overlay-type":"","overlay-color":"","overlay-opacity":"","overlay-gradient":""},"tablet":{"background-color":"var(--ast-global-color-5)","background-image":"","background-repeat":"repeat","background-position":"center center","background-size":"auto","background-attachment":"scroll","background-type":"","background-media":"","overlay-type":"","overlay-color":"","overlay-opacity":"","overlay-gradient":""},"mobile":{"background-color":"var(--ast-global-color-5)","background-image":"","background-repeat":"repeat","background-position":"center center","background-size":"auto","background-attachment":"scroll","background-type":"","background-media":"","overlay-type":"","overlay-color":"","overlay-opacity":"","overlay-gradient":""}}},"product_brand":[],"product_cat":[1367,481,469],"product_tag":[1107],"class_list":{"0":"post-10155","1":"product","2":"type-product","3":"status-publish","4":"has-post-thumbnail","6":"product_cat-co2art-fr","7":"product_cat-pieces-pour-co2","8":"product_cat-systemes-de-co2","9":"product_tag-co2-fr","10":"desktop-align-left","11":"tablet-align-left","12":"mobile-align-left","13":"ast-product-gallery-layout-horizontal-slider","14":"ast-product-gallery-with-no-image","15":"ast-product-tabs-layout-horizontal","17":"first","18":"outofstock","19":"taxable","20":"shipping-taxable","21":"purchasable","22":"product-type-simple"},"yoast_head":"<!-- This site is optimized with the Yoast SEO plugin v27.2 - https:\/\/yoast.com\/product\/yoast-seo-wordpress\/ -->\n<title>Precision Pro-Series ensemble de conteur de bulle | Red Leaf Aquascaping<\/title>\n<meta name=\"robots\" content=\"index, follow, max-snippet:-1, max-image-preview:large, max-video-preview:-1\" \/>\n<link rel=\"canonical\" href=\"https:\/\/redleafaquascaping.com\/fr\/produit\/precision-pro-series-ensemble-de-conteur-de-bulle\/\" \/>\n<meta property=\"og:locale\" content=\"fr_FR\" \/>\n<meta property=\"og:type\" content=\"article\" \/>\n<meta property=\"og:title\" content=\"Precision Pro-Series ensemble de conteur de bulle | Red Leaf Aquascaping\" \/>\n<meta property=\"og:description\" content=\"\u00ab\u00a0Compteur de bulles de la s\u00e9rie Pro con\u00e7u avec une solution innovante ; un adaptateur suppl\u00e9mentaire pour l&rsquo;installation du r\u00e9gulateur M10x1 (compatible avec tous les r\u00e9gulateurs CO2Art). L&rsquo;unique adaptateur sur le march\u00e9 pour une installation en ligne et de r\u00e9gulateur. Deux ventouses suppl\u00e9mentaires pour une installation facile \u00e0 l&rsquo;ext\u00e9rieur du r\u00e9servoir. Un indispensable pour tout [&hellip;]\" \/>\n<meta property=\"og:url\" content=\"https:\/\/redleafaquascaping.com\/fr\/produit\/precision-pro-series-ensemble-de-conteur-de-bulle\/\" \/>\n<meta property=\"og:site_name\" content=\"Red Leaf Aquascaping\" \/>\n<meta property=\"article:publisher\" content=\"https:\/\/www.facebook.com\/Redleafaqua\" \/>\n<meta property=\"article:modified_time\" content=\"2023-11-23T20:04:57+00:00\" \/>\n<meta property=\"og:image\" content=\"https:\/\/redleafaquascaping.com\/wp-content\/uploads\/2021\/09\/CA-PS-BC-B_2000x.jpg\" \/>\n\t<meta property=\"og:image:width\" content=\"2000\" \/>\n\t<meta property=\"og:image:height\" content=\"1500\" \/>\n\t<meta property=\"og:image:type\" content=\"image\/jpeg\" \/>\n<meta name=\"twitter:card\" content=\"summary_large_image\" \/>\n<meta name=\"twitter:label1\" content=\"Dur\u00e9e de lecture estim\u00e9e\" \/>\n\t<meta name=\"twitter:data1\" content=\"1 minute\" \/>\n<script type=\"application\/ld+json\" class=\"yoast-schema-graph\">{\"@context\":\"https:\/\/schema.org\",\"@graph\":[{\"@type\":\"WebPage\",\"@id\":\"https:\/\/redleafaquascaping.com\/fr\/produit\/precision-pro-series-ensemble-de-conteur-de-bulle\/\",\"url\":\"https:\/\/redleafaquascaping.com\/fr\/produit\/precision-pro-series-ensemble-de-conteur-de-bulle\/\",\"name\":\"Precision Pro-Series ensemble de conteur de bulle | Red Leaf Aquascaping\",\"isPartOf\":{\"@id\":\"https:\/\/redleafaquascaping.com\/#website\"},\"primaryImageOfPage\":{\"@id\":\"https:\/\/redleafaquascaping.com\/fr\/produit\/precision-pro-series-ensemble-de-conteur-de-bulle\/#primaryimage\"},\"image\":{\"@id\":\"https:\/\/redleafaquascaping.com\/fr\/produit\/precision-pro-series-ensemble-de-conteur-de-bulle\/#primaryimage\"},\"thumbnailUrl\":\"https:\/\/redleafaquascaping.com\/wp-content\/uploads\/2021\/09\/CA-PS-BC-B_2000x.jpg\",\"datePublished\":\"2023-11-23T19:49:41+00:00\",\"dateModified\":\"2023-11-23T20:04:57+00:00\",\"breadcrumb\":{\"@id\":\"https:\/\/redleafaquascaping.com\/fr\/produit\/precision-pro-series-ensemble-de-conteur-de-bulle\/#breadcrumb\"},\"inLanguage\":\"fr-FR\",\"potentialAction\":[{\"@type\":\"ReadAction\",\"target\":[\"https:\/\/redleafaquascaping.com\/fr\/produit\/precision-pro-series-ensemble-de-conteur-de-bulle\/\"]}]},{\"@type\":\"ImageObject\",\"inLanguage\":\"fr-FR\",\"@id\":\"https:\/\/redleafaquascaping.com\/fr\/produit\/precision-pro-series-ensemble-de-conteur-de-bulle\/#primaryimage\",\"url\":\"https:\/\/redleafaquascaping.com\/wp-content\/uploads\/2021\/09\/CA-PS-BC-B_2000x.jpg\",\"contentUrl\":\"https:\/\/redleafaquascaping.com\/wp-content\/uploads\/2021\/09\/CA-PS-BC-B_2000x.jpg\",\"width\":2000,\"height\":1500},{\"@type\":\"BreadcrumbList\",\"@id\":\"https:\/\/redleafaquascaping.com\/fr\/produit\/precision-pro-series-ensemble-de-conteur-de-bulle\/#breadcrumb\",\"itemListElement\":[{\"@type\":\"ListItem\",\"position\":1,\"name\":\"Home\",\"item\":\"https:\/\/redleafaquascaping.com\/fr\/\"},{\"@type\":\"ListItem\",\"position\":2,\"name\":\"Magasinez\",\"item\":\"https:\/\/redleafaquascaping.com\/fr\/magasinez\/\"},{\"@type\":\"ListItem\",\"position\":3,\"name\":\"Precision Pro-Series ensemble de conteur de bulle\"}]},{\"@type\":\"WebSite\",\"@id\":\"https:\/\/redleafaquascaping.com\/#website\",\"url\":\"https:\/\/redleafaquascaping.com\/\",\"name\":\"Red Leaf Aquascaping\",\"description\":\"Online Aquascaping Equipment Store\",\"publisher\":{\"@id\":\"https:\/\/redleafaquascaping.com\/#organization\"},\"potentialAction\":[{\"@type\":\"SearchAction\",\"target\":{\"@type\":\"EntryPoint\",\"urlTemplate\":\"https:\/\/redleafaquascaping.com\/?s={search_term_string}\"},\"query-input\":{\"@type\":\"PropertyValueSpecification\",\"valueRequired\":true,\"valueName\":\"search_term_string\"}}],\"inLanguage\":\"fr-FR\"},{\"@type\":\"Organization\",\"@id\":\"https:\/\/redleafaquascaping.com\/#organization\",\"name\":\"Aquascaping Red Leaf\",\"alternateName\":\"Red Leaf\",\"url\":\"https:\/\/redleafaquascaping.com\/\",\"logo\":{\"@type\":\"ImageObject\",\"inLanguage\":\"fr-FR\",\"@id\":\"https:\/\/redleafaquascaping.com\/#\/schema\/logo\/image\/\",\"url\":\"https:\/\/redleafaquascaping.com\/wp-content\/uploads\/2024\/08\/logo-seo.jpg\",\"contentUrl\":\"https:\/\/redleafaquascaping.com\/wp-content\/uploads\/2024\/08\/logo-seo.jpg\",\"width\":696,\"height\":696,\"caption\":\"Aquascaping Red Leaf\"},\"image\":{\"@id\":\"https:\/\/redleafaquascaping.com\/#\/schema\/logo\/image\/\"},\"sameAs\":[\"https:\/\/www.facebook.com\/Redleafaqua\"]}]}<\/script>\n<!-- \/ Yoast SEO plugin. -->","yoast_head_json":{"title":"Precision Pro-Series ensemble de conteur de bulle | Red Leaf Aquascaping","robots":{"index":"index","follow":"follow","max-snippet":"max-snippet:-1","max-image-preview":"max-image-preview:large","max-video-preview":"max-video-preview:-1"},"canonical":"https:\/\/redleafaquascaping.com\/fr\/produit\/precision-pro-series-ensemble-de-conteur-de-bulle\/","og_locale":"fr_FR","og_type":"article","og_title":"Precision Pro-Series ensemble de conteur de bulle | Red Leaf Aquascaping","og_description":"\u00ab\u00a0Compteur de bulles de la s\u00e9rie Pro con\u00e7u avec une solution innovante ; un adaptateur suppl\u00e9mentaire pour l&rsquo;installation du r\u00e9gulateur M10x1 (compatible avec tous les r\u00e9gulateurs CO2Art). L&rsquo;unique adaptateur sur le march\u00e9 pour une installation en ligne et de r\u00e9gulateur. Deux ventouses suppl\u00e9mentaires pour une installation facile \u00e0 l&rsquo;ext\u00e9rieur du r\u00e9servoir. Un indispensable pour tout [&hellip;]","og_url":"https:\/\/redleafaquascaping.com\/fr\/produit\/precision-pro-series-ensemble-de-conteur-de-bulle\/","og_site_name":"Red Leaf Aquascaping","article_publisher":"https:\/\/www.facebook.com\/Redleafaqua","article_modified_time":"2023-11-23T20:04:57+00:00","og_image":[{"width":2000,"height":1500,"url":"https:\/\/redleafaquascaping.com\/wp-content\/uploads\/2021\/09\/CA-PS-BC-B_2000x.jpg","type":"image\/jpeg"}],"twitter_card":"summary_large_image","twitter_misc":{"Dur\u00e9e de lecture estim\u00e9e":"1 minute"},"schema":{"@context":"https:\/\/schema.org","@graph":[{"@type":"WebPage","@id":"https:\/\/redleafaquascaping.com\/fr\/produit\/precision-pro-series-ensemble-de-conteur-de-bulle\/","url":"https:\/\/redleafaquascaping.com\/fr\/produit\/precision-pro-series-ensemble-de-conteur-de-bulle\/","name":"Precision Pro-Series ensemble de conteur de bulle | Red Leaf Aquascaping","isPartOf":{"@id":"https:\/\/redleafaquascaping.com\/#website"},"primaryImageOfPage":{"@id":"https:\/\/redleafaquascaping.com\/fr\/produit\/precision-pro-series-ensemble-de-conteur-de-bulle\/#primaryimage"},"image":{"@id":"https:\/\/redleafaquascaping.com\/fr\/produit\/precision-pro-series-ensemble-de-conteur-de-bulle\/#primaryimage"},"thumbnailUrl":"https:\/\/redleafaquascaping.com\/wp-content\/uploads\/2021\/09\/CA-PS-BC-B_2000x.jpg","datePublished":"2023-11-23T19:49:41+00:00","dateModified":"2023-11-23T20:04:57+00:00","breadcrumb":{"@id":"https:\/\/redleafaquascaping.com\/fr\/produit\/precision-pro-series-ensemble-de-conteur-de-bulle\/#breadcrumb"},"inLanguage":"fr-FR","potentialAction":[{"@type":"ReadAction","target":["https:\/\/redleafaquascaping.com\/fr\/produit\/precision-pro-series-ensemble-de-conteur-de-bulle\/"]}]},{"@type":"ImageObject","inLanguage":"fr-FR","@id":"https:\/\/redleafaquascaping.com\/fr\/produit\/precision-pro-series-ensemble-de-conteur-de-bulle\/#primaryimage","url":"https:\/\/redleafaquascaping.com\/wp-content\/uploads\/2021\/09\/CA-PS-BC-B_2000x.jpg","contentUrl":"https:\/\/redleafaquascaping.com\/wp-content\/uploads\/2021\/09\/CA-PS-BC-B_2000x.jpg","width":2000,"height":1500},{"@type":"BreadcrumbList","@id":"https:\/\/redleafaquascaping.com\/fr\/produit\/precision-pro-series-ensemble-de-conteur-de-bulle\/#breadcrumb","itemListElement":[{"@type":"ListItem","position":1,"name":"Home","item":"https:\/\/redleafaquascaping.com\/fr\/"},{"@type":"ListItem","position":2,"name":"Magasinez","item":"https:\/\/redleafaquascaping.com\/fr\/magasinez\/"},{"@type":"ListItem","position":3,"name":"Precision Pro-Series ensemble de conteur de bulle"}]},{"@type":"WebSite","@id":"https:\/\/redleafaquascaping.com\/#website","url":"https:\/\/redleafaquascaping.com\/","name":"Red Leaf Aquascaping","description":"Online Aquascaping Equipment Store","publisher":{"@id":"https:\/\/redleafaquascaping.com\/#organization"},"potentialAction":[{"@type":"SearchAction","target":{"@type":"EntryPoint","urlTemplate":"https:\/\/redleafaquascaping.com\/?s={search_term_string}"},"query-input":{"@type":"PropertyValueSpecification","valueRequired":true,"valueName":"search_term_string"}}],"inLanguage":"fr-FR"},{"@type":"Organization","@id":"https:\/\/redleafaquascaping.com\/#organization","name":"Aquascaping Red Leaf","alternateName":"Red Leaf","url":"https:\/\/redleafaquascaping.com\/","logo":{"@type":"ImageObject","inLanguage":"fr-FR","@id":"https:\/\/redleafaquascaping.com\/#\/schema\/logo\/image\/","url":"https:\/\/redleafaquascaping.com\/wp-content\/uploads\/2024\/08\/logo-seo.jpg","contentUrl":"https:\/\/redleafaquascaping.com\/wp-content\/uploads\/2024\/08\/logo-seo.jpg","width":696,"height":696,"caption":"Aquascaping Red Leaf"},"image":{"@id":"https:\/\/redleafaquascaping.com\/#\/schema\/logo\/image\/"},"sameAs":["https:\/\/www.facebook.com\/Redleafaqua"]}]}},"_links":{"self":[{"href":"https:\/\/redleafaquascaping.com\/fr\/wp-json\/wp\/v2\/product\/10155","targetHints":{"allow":["GET"]}}],"collection":[{"href":"https:\/\/redleafaquascaping.com\/fr\/wp-json\/wp\/v2\/product"}],"about":[{"href":"https:\/\/redleafaquascaping.com\/fr\/wp-json\/wp\/v2\/types\/product"}],"wp:featuredmedia":[{"embeddable":true,"href":"https:\/\/redleafaquascaping.com\/fr\/wp-json\/wp\/v2\/media\/4321"}],"wp:attachment":[{"href":"https:\/\/redleafaquascaping.com\/fr\/wp-json\/wp\/v2\/media?parent=10155"}],"wp:term":[{"taxonomy":"product_brand","embeddable":true,"href":"https:\/\/redleafaquascaping.com\/fr\/wp-json\/wp\/v2\/product_brand?post=10155"},{"taxonomy":"product_cat","embeddable":true,"href":"https:\/\/redleafaquascaping.com\/fr\/wp-json\/wp\/v2\/product_cat?post=10155"},{"taxonomy":"product_tag","embeddable":true,"href":"https:\/\/redleafaquascaping.com\/fr\/wp-json\/wp\/v2\/product_tag?post=10155"}],"curies":[{"name":"wp","href":"https:\/\/api.w.org\/{rel}","templated":true}]}}