{"id":10174,"date":"2021-10-07T12:55:01","date_gmt":"2023-11-23T20:29:17","guid":{"rendered":"https:\/\/redleafaquascaping.com\/?post_type=product&#038;p=10174"},"modified":"2023-11-23T15:29:18","modified_gmt":"2023-11-23T20:29:18","slug":"co2art-aquarium-co2-drop-checker-solution-15ml","status":"publish","type":"product","link":"https:\/\/redleafaquascaping.com\/fr\/produit\/co2art-aquarium-co2-drop-checker-solution-15ml\/","title":{"rendered":"CO2Art Aquarium CO2 Drop Checker Solution 15ml"},"content":{"rendered":"<p>\u00ab\u00a0Aquarium CO2 Drop Checker Solution 15ml.<br \/>\nIl s&rsquo;agit d&rsquo;une solution 4dKH pr\u00e9fabriqu\u00e9e contenant la quantit\u00e9 appropri\u00e9e d&rsquo;indicateur. Facile \u00e0 utiliser, aucun m\u00e9lange requis. Il suffit d&rsquo;ouvrir le bouchon et de remplir le v\u00e9rificateur de CO2.<br \/>\n&#8211; Remplissez le v\u00e9rificateur de CO2 aux deux tiers de la solution de v\u00e9rification de CO2.<br \/>\n&#8211; Installez le v\u00e9rificateur de CO2 \u00e0 l&rsquo;int\u00e9rieur de l&rsquo;aquarium.<br \/>\n&#8211; Le niveau optimal de CO2 est atteint lorsque la solution indicatrice est d&rsquo;un vert profond.<br \/>\n&#8211; Remplacez la solution de v\u00e9rification de CO2 au moins une fois par mois pour maintenir la pr\u00e9cision.<\/p>\n<p>Lorsque le v\u00e9rificateur de CO2 est immerg\u00e9 dans l&rsquo;aquarium, le dioxyde de carbone se d\u00e9gazera de l&rsquo;eau de l&rsquo;aquarium dans l&rsquo;espace a\u00e9rien du v\u00e9rificateur et sera finalement absorb\u00e9 par la solution indicatrice. Le gaz carbonique cherchera un point d&rsquo;\u00e9quilibre entre la solution indicatrice et l&rsquo;eau de l&rsquo;aquarium. \u00c0 mesure que l&rsquo;\u00e9quilibre est atteint, la couleur de la solution indicatrice \u00e0 l&rsquo;int\u00e9rieur du v\u00e9rificateur changera en fonction de la concentration de CO2 dans l&rsquo;eau de l&rsquo;aquarium.<\/p>\n<p>Si la solution indicatrice est verte, alors les niveaux appropri\u00e9s de dioxyde de carbone existent dans l&rsquo;aquarium et aucune action n&rsquo;est requise. Si la solution dans le v\u00e9rificateur change pour devenir bleue ou jaune, alors les niveaux de CO2 dans l&rsquo;aquarium sont trop bas ou trop \u00e9lev\u00e9s, respectivement.\u00a0\u00bb<\/p>\n","protected":false},"excerpt":{"rendered":"<ul>\n<li>Solution pr\u00e9fabriqu\u00e9e 4dKH contenant un indicateur.<\/li>\n<li>Facile \u00e0 utiliser, aucun m\u00e9lange requis.<\/li>\n<li>Il suffit d&rsquo;ouvrir le bouchon et de remplir le v\u00e9rificateur de CO2.<\/li>\n<\/ul>\n","protected":false},"featured_media":4330,"template":"","meta":{"site-sidebar-layout":"default","site-content-layout":"","ast-site-content-layout":"default","site-content-style":"default","site-sidebar-style":"default","ast-global-header-display":"","ast-banner-title-visibility":"","ast-main-header-display":"","ast-hfb-above-header-display":"","ast-hfb-below-header-display":"","ast-hfb-mobile-header-display":"","site-post-title":"","ast-breadcrumbs-content":"","ast-featured-img":"","footer-sml-layout":"","ast-disable-related-posts":"","theme-transparent-header-meta":"default","adv-header-id-meta":"","stick-header-meta":"","header-above-stick-meta":"","header-main-stick-meta":"","header-below-stick-meta":"","astra-migrate-meta-layouts":"set","ast-page-background-enabled":"default","ast-page-background-meta":{"desktop":{"background-color":"","background-image":"","background-repeat":"repeat","background-position":"center center","background-size":"auto","background-attachment":"scroll","background-type":"","background-media":"","overlay-type":"","overlay-color":"","overlay-opacity":"","overlay-gradient":""},"tablet":{"background-color":"","background-image":"","background-repeat":"repeat","background-position":"center center","background-size":"auto","background-attachment":"scroll","background-type":"","background-media":"","overlay-type":"","overlay-color":"","overlay-opacity":"","overlay-gradient":""},"mobile":{"background-color":"","background-image":"","background-repeat":"repeat","background-position":"center center","background-size":"auto","background-attachment":"scroll","background-type":"","background-media":"","overlay-type":"","overlay-color":"","overlay-opacity":"","overlay-gradient":""}},"ast-content-background-meta":{"desktop":{"background-color":"var(--ast-global-color-5)","background-image":"","background-repeat":"repeat","background-position":"center center","background-size":"auto","background-attachment":"scroll","background-type":"","background-media":"","overlay-type":"","overlay-color":"","overlay-opacity":"","overlay-gradient":""},"tablet":{"background-color":"var(--ast-global-color-5)","background-image":"","background-repeat":"repeat","background-position":"center center","background-size":"auto","background-attachment":"scroll","background-type":"","background-media":"","overlay-type":"","overlay-color":"","overlay-opacity":"","overlay-gradient":""},"mobile":{"background-color":"var(--ast-global-color-5)","background-image":"","background-repeat":"repeat","background-position":"center center","background-size":"auto","background-attachment":"scroll","background-type":"","background-media":"","overlay-type":"","overlay-color":"","overlay-opacity":"","overlay-gradient":""}}},"product_brand":[],"product_cat":[1367,484,469],"product_tag":[1430,1107],"class_list":{"0":"post-10174","1":"product","2":"type-product","3":"status-publish","4":"has-post-thumbnail","6":"product_cat-co2art-fr","7":"product_cat-divers-co2","8":"product_cat-systemes-de-co2","9":"product_tag-checker-fr","10":"product_tag-co2-fr","11":"desktop-align-left","12":"tablet-align-left","13":"mobile-align-left","14":"ast-product-gallery-layout-horizontal-slider","15":"ast-product-gallery-with-no-image","16":"ast-product-tabs-layout-horizontal","18":"first","19":"instock","20":"taxable","21":"shipping-taxable","22":"purchasable","23":"product-type-simple"},"yoast_head":"<!-- This site is optimized with the Yoast SEO plugin v27.2 - https:\/\/yoast.com\/product\/yoast-seo-wordpress\/ -->\n<title>CO2Art Aquarium CO2 Drop Checker Solution 15ml | Red Leaf Aquascaping<\/title>\n<meta name=\"robots\" content=\"index, follow, max-snippet:-1, max-image-preview:large, max-video-preview:-1\" \/>\n<link rel=\"canonical\" href=\"https:\/\/redleafaquascaping.com\/produit\/co2-art-aquarium-co2-drop-checker-solution-15ml\/\" \/>\n<meta property=\"og:locale\" content=\"fr_FR\" \/>\n<meta property=\"og:type\" content=\"article\" \/>\n<meta property=\"og:title\" content=\"CO2Art Aquarium CO2 Drop Checker Solution 15ml | Red Leaf Aquascaping\" \/>\n<meta property=\"og:description\" content=\"Solution pr\u00e9fabriqu\u00e9e 4dKH contenant un indicateur.  Facile \u00e0 utiliser, aucun m\u00e9lange requis.  Il suffit d&#039;ouvrir le bouchon et de remplir le v\u00e9rificateur de CO2.\" \/>\n<meta property=\"og:url\" content=\"https:\/\/redleafaquascaping.com\/produit\/co2-art-aquarium-co2-drop-checker-solution-15ml\/\" \/>\n<meta property=\"og:site_name\" content=\"Red Leaf Aquascaping\" \/>\n<meta property=\"article:publisher\" content=\"https:\/\/www.facebook.com\/Redleafaqua\" \/>\n<meta property=\"article:modified_time\" content=\"2023-11-23T20:29:18+00:00\" \/>\n<meta property=\"og:image\" content=\"https:\/\/redleafaquascaping.com\/wp-content\/uploads\/2021\/09\/CA-DS-15_1200x.jpg\" \/>\n\t<meta property=\"og:image:width\" content=\"1200\" \/>\n\t<meta property=\"og:image:height\" content=\"900\" \/>\n\t<meta property=\"og:image:type\" content=\"image\/jpeg\" \/>\n<meta name=\"twitter:card\" content=\"summary_large_image\" \/>\n<meta name=\"twitter:label1\" content=\"Dur\u00e9e de lecture estim\u00e9e\" \/>\n\t<meta name=\"twitter:data1\" content=\"1 minute\" \/>\n<script type=\"application\/ld+json\" class=\"yoast-schema-graph\">{\"@context\":\"https:\/\/schema.org\",\"@graph\":[{\"@type\":\"WebPage\",\"@id\":\"https:\/\/redleafaquascaping.com\/produit\/co2-art-aquarium-co2-drop-checker-solution-15ml\/\",\"url\":\"https:\/\/redleafaquascaping.com\/produit\/co2-art-aquarium-co2-drop-checker-solution-15ml\/\",\"name\":\"CO2Art Aquarium CO2 Drop Checker Solution 15ml | Red Leaf Aquascaping\",\"isPartOf\":{\"@id\":\"https:\/\/redleafaquascaping.com\/#website\"},\"primaryImageOfPage\":{\"@id\":\"https:\/\/redleafaquascaping.com\/produit\/co2-art-aquarium-co2-drop-checker-solution-15ml\/#primaryimage\"},\"image\":{\"@id\":\"https:\/\/redleafaquascaping.com\/produit\/co2-art-aquarium-co2-drop-checker-solution-15ml\/#primaryimage\"},\"thumbnailUrl\":\"https:\/\/redleafaquascaping.com\/wp-content\/uploads\/2021\/09\/CA-DS-15_1200x.jpg\",\"datePublished\":\"2023-11-23T20:29:17+00:00\",\"dateModified\":\"2023-11-23T20:29:18+00:00\",\"breadcrumb\":{\"@id\":\"https:\/\/redleafaquascaping.com\/produit\/co2-art-aquarium-co2-drop-checker-solution-15ml\/#breadcrumb\"},\"inLanguage\":\"fr-FR\",\"potentialAction\":[{\"@type\":\"ReadAction\",\"target\":[\"https:\/\/redleafaquascaping.com\/produit\/co2-art-aquarium-co2-drop-checker-solution-15ml\/\"]}]},{\"@type\":\"ImageObject\",\"inLanguage\":\"fr-FR\",\"@id\":\"https:\/\/redleafaquascaping.com\/produit\/co2-art-aquarium-co2-drop-checker-solution-15ml\/#primaryimage\",\"url\":\"https:\/\/redleafaquascaping.com\/wp-content\/uploads\/2021\/09\/CA-DS-15_1200x.jpg\",\"contentUrl\":\"https:\/\/redleafaquascaping.com\/wp-content\/uploads\/2021\/09\/CA-DS-15_1200x.jpg\",\"width\":1200,\"height\":900},{\"@type\":\"BreadcrumbList\",\"@id\":\"https:\/\/redleafaquascaping.com\/produit\/co2-art-aquarium-co2-drop-checker-solution-15ml\/#breadcrumb\",\"itemListElement\":[{\"@type\":\"ListItem\",\"position\":1,\"name\":\"Home\",\"item\":\"https:\/\/redleafaquascaping.com\/fr\/\"},{\"@type\":\"ListItem\",\"position\":2,\"name\":\"Magasinez\",\"item\":\"https:\/\/redleafaquascaping.com\/fr\/magasinez\/\"},{\"@type\":\"ListItem\",\"position\":3,\"name\":\"CO2Art Aquarium CO2 Drop Checker Solution 15ml\"}]},{\"@type\":\"WebSite\",\"@id\":\"https:\/\/redleafaquascaping.com\/#website\",\"url\":\"https:\/\/redleafaquascaping.com\/\",\"name\":\"Red Leaf Aquascaping\",\"description\":\"Online Aquascaping Equipment Store\",\"publisher\":{\"@id\":\"https:\/\/redleafaquascaping.com\/#organization\"},\"potentialAction\":[{\"@type\":\"SearchAction\",\"target\":{\"@type\":\"EntryPoint\",\"urlTemplate\":\"https:\/\/redleafaquascaping.com\/?s={search_term_string}\"},\"query-input\":{\"@type\":\"PropertyValueSpecification\",\"valueRequired\":true,\"valueName\":\"search_term_string\"}}],\"inLanguage\":\"fr-FR\"},{\"@type\":\"Organization\",\"@id\":\"https:\/\/redleafaquascaping.com\/#organization\",\"name\":\"Aquascaping Red Leaf\",\"alternateName\":\"Red Leaf\",\"url\":\"https:\/\/redleafaquascaping.com\/\",\"logo\":{\"@type\":\"ImageObject\",\"inLanguage\":\"fr-FR\",\"@id\":\"https:\/\/redleafaquascaping.com\/#\/schema\/logo\/image\/\",\"url\":\"https:\/\/redleafaquascaping.com\/wp-content\/uploads\/2024\/08\/logo-seo.jpg\",\"contentUrl\":\"https:\/\/redleafaquascaping.com\/wp-content\/uploads\/2024\/08\/logo-seo.jpg\",\"width\":696,\"height\":696,\"caption\":\"Aquascaping Red Leaf\"},\"image\":{\"@id\":\"https:\/\/redleafaquascaping.com\/#\/schema\/logo\/image\/\"},\"sameAs\":[\"https:\/\/www.facebook.com\/Redleafaqua\"]}]}<\/script>\n<!-- \/ Yoast SEO plugin. -->","yoast_head_json":{"title":"CO2Art Aquarium CO2 Drop Checker Solution 15ml | Red Leaf Aquascaping","robots":{"index":"index","follow":"follow","max-snippet":"max-snippet:-1","max-image-preview":"max-image-preview:large","max-video-preview":"max-video-preview:-1"},"canonical":"https:\/\/redleafaquascaping.com\/produit\/co2-art-aquarium-co2-drop-checker-solution-15ml\/","og_locale":"fr_FR","og_type":"article","og_title":"CO2Art Aquarium CO2 Drop Checker Solution 15ml | Red Leaf Aquascaping","og_description":"Solution pr\u00e9fabriqu\u00e9e 4dKH contenant un indicateur.  Facile \u00e0 utiliser, aucun m\u00e9lange requis.  Il suffit d'ouvrir le bouchon et de remplir le v\u00e9rificateur de CO2.","og_url":"https:\/\/redleafaquascaping.com\/produit\/co2-art-aquarium-co2-drop-checker-solution-15ml\/","og_site_name":"Red Leaf Aquascaping","article_publisher":"https:\/\/www.facebook.com\/Redleafaqua","article_modified_time":"2023-11-23T20:29:18+00:00","og_image":[{"width":1200,"height":900,"url":"https:\/\/redleafaquascaping.com\/wp-content\/uploads\/2021\/09\/CA-DS-15_1200x.jpg","type":"image\/jpeg"}],"twitter_card":"summary_large_image","twitter_misc":{"Dur\u00e9e de lecture estim\u00e9e":"1 minute"},"schema":{"@context":"https:\/\/schema.org","@graph":[{"@type":"WebPage","@id":"https:\/\/redleafaquascaping.com\/produit\/co2-art-aquarium-co2-drop-checker-solution-15ml\/","url":"https:\/\/redleafaquascaping.com\/produit\/co2-art-aquarium-co2-drop-checker-solution-15ml\/","name":"CO2Art Aquarium CO2 Drop Checker Solution 15ml | Red Leaf Aquascaping","isPartOf":{"@id":"https:\/\/redleafaquascaping.com\/#website"},"primaryImageOfPage":{"@id":"https:\/\/redleafaquascaping.com\/produit\/co2-art-aquarium-co2-drop-checker-solution-15ml\/#primaryimage"},"image":{"@id":"https:\/\/redleafaquascaping.com\/produit\/co2-art-aquarium-co2-drop-checker-solution-15ml\/#primaryimage"},"thumbnailUrl":"https:\/\/redleafaquascaping.com\/wp-content\/uploads\/2021\/09\/CA-DS-15_1200x.jpg","datePublished":"2023-11-23T20:29:17+00:00","dateModified":"2023-11-23T20:29:18+00:00","breadcrumb":{"@id":"https:\/\/redleafaquascaping.com\/produit\/co2-art-aquarium-co2-drop-checker-solution-15ml\/#breadcrumb"},"inLanguage":"fr-FR","potentialAction":[{"@type":"ReadAction","target":["https:\/\/redleafaquascaping.com\/produit\/co2-art-aquarium-co2-drop-checker-solution-15ml\/"]}]},{"@type":"ImageObject","inLanguage":"fr-FR","@id":"https:\/\/redleafaquascaping.com\/produit\/co2-art-aquarium-co2-drop-checker-solution-15ml\/#primaryimage","url":"https:\/\/redleafaquascaping.com\/wp-content\/uploads\/2021\/09\/CA-DS-15_1200x.jpg","contentUrl":"https:\/\/redleafaquascaping.com\/wp-content\/uploads\/2021\/09\/CA-DS-15_1200x.jpg","width":1200,"height":900},{"@type":"BreadcrumbList","@id":"https:\/\/redleafaquascaping.com\/produit\/co2-art-aquarium-co2-drop-checker-solution-15ml\/#breadcrumb","itemListElement":[{"@type":"ListItem","position":1,"name":"Home","item":"https:\/\/redleafaquascaping.com\/fr\/"},{"@type":"ListItem","position":2,"name":"Magasinez","item":"https:\/\/redleafaquascaping.com\/fr\/magasinez\/"},{"@type":"ListItem","position":3,"name":"CO2Art Aquarium CO2 Drop Checker Solution 15ml"}]},{"@type":"WebSite","@id":"https:\/\/redleafaquascaping.com\/#website","url":"https:\/\/redleafaquascaping.com\/","name":"Red Leaf Aquascaping","description":"Online Aquascaping Equipment Store","publisher":{"@id":"https:\/\/redleafaquascaping.com\/#organization"},"potentialAction":[{"@type":"SearchAction","target":{"@type":"EntryPoint","urlTemplate":"https:\/\/redleafaquascaping.com\/?s={search_term_string}"},"query-input":{"@type":"PropertyValueSpecification","valueRequired":true,"valueName":"search_term_string"}}],"inLanguage":"fr-FR"},{"@type":"Organization","@id":"https:\/\/redleafaquascaping.com\/#organization","name":"Aquascaping Red Leaf","alternateName":"Red Leaf","url":"https:\/\/redleafaquascaping.com\/","logo":{"@type":"ImageObject","inLanguage":"fr-FR","@id":"https:\/\/redleafaquascaping.com\/#\/schema\/logo\/image\/","url":"https:\/\/redleafaquascaping.com\/wp-content\/uploads\/2024\/08\/logo-seo.jpg","contentUrl":"https:\/\/redleafaquascaping.com\/wp-content\/uploads\/2024\/08\/logo-seo.jpg","width":696,"height":696,"caption":"Aquascaping Red Leaf"},"image":{"@id":"https:\/\/redleafaquascaping.com\/#\/schema\/logo\/image\/"},"sameAs":["https:\/\/www.facebook.com\/Redleafaqua"]}]}},"_links":{"self":[{"href":"https:\/\/redleafaquascaping.com\/fr\/wp-json\/wp\/v2\/product\/10174","targetHints":{"allow":["GET"]}}],"collection":[{"href":"https:\/\/redleafaquascaping.com\/fr\/wp-json\/wp\/v2\/product"}],"about":[{"href":"https:\/\/redleafaquascaping.com\/fr\/wp-json\/wp\/v2\/types\/product"}],"wp:featuredmedia":[{"embeddable":true,"href":"https:\/\/redleafaquascaping.com\/fr\/wp-json\/wp\/v2\/media\/4330"}],"wp:attachment":[{"href":"https:\/\/redleafaquascaping.com\/fr\/wp-json\/wp\/v2\/media?parent=10174"}],"wp:term":[{"taxonomy":"product_brand","embeddable":true,"href":"https:\/\/redleafaquascaping.com\/fr\/wp-json\/wp\/v2\/product_brand?post=10174"},{"taxonomy":"product_cat","embeddable":true,"href":"https:\/\/redleafaquascaping.com\/fr\/wp-json\/wp\/v2\/product_cat?post=10174"},{"taxonomy":"product_tag","embeddable":true,"href":"https:\/\/redleafaquascaping.com\/fr\/wp-json\/wp\/v2\/product_tag?post=10174"}],"curies":[{"name":"wp","href":"https:\/\/api.w.org\/{rel}","templated":true}]}}