{"id":10309,"date":"2023-11-29T12:20:06","date_gmt":"2023-11-29T20:05:35","guid":{"rendered":"https:\/\/redleafaquascaping.com\/?post_type=product&#038;p=10309"},"modified":"2023-11-29T15:05:37","modified_gmt":"2023-11-29T20:05:37","slug":"ada-livre-de-produits-made-in-ada-concept-productsversion-anglaise","status":"publish","type":"product","link":"https:\/\/redleafaquascaping.com\/fr\/produit\/ada-livre-de-produits-made-in-ada-concept-productsversion-anglaise\/","title":{"rendered":"ADA Livre de produits \u00ab\u00a0MADE IN ADA CONCEPT &#038; PRODUCTS\u00a0\u00bb(\u00ab\u00a0Version anglaise\u00a0\u00bb)"},"content":{"rendered":"<p>Le livre de produits ADA \u00ab\u00a0MADE IN ADA Concept &amp; Products\u00a0\u00bb est d\u00e9sormais disponible en anglais. Cette \u00e9dition met en avant les caract\u00e9ristiques cl\u00e9s des principaux produits ADA, accompagn\u00e9es d&rsquo;histoires de d\u00e9veloppement. Chaque page est d\u00e9di\u00e9e \u00e0 une pr\u00e9sentation approfondie des produits, refl\u00e9tant la riche histoire d&rsquo;ADA et sa passion pour la culture des plantes aquatiques. De plus, le livre pr\u00e9sente les cr\u00e9ations d&rsquo;aquariums naturels de nos cr\u00e9ateurs Suikei et propose des exemples de terrariums aquatiques utilisant les produits DOOA.<\/p>\n<p>Langue : Anglais<br \/>\nNombre total de pages : 210 pages en couleur int\u00e9grale<\/p>\n","protected":false},"excerpt":{"rendered":"<ul>\n<li>210 pages en couleurs vives<\/li>\n<li>refl\u00e9tant la riche histoire d&rsquo;ADA<\/li>\n<li>fournit des exemples de terrariums aquatiques utilisant les produits DOOA<\/li>\n<\/ul>\n","protected":false},"featured_media":10211,"template":"","meta":{"site-sidebar-layout":"default","site-content-layout":"","ast-site-content-layout":"default","site-content-style":"default","site-sidebar-style":"default","ast-global-header-display":"","ast-banner-title-visibility":"","ast-main-header-display":"","ast-hfb-above-header-display":"","ast-hfb-below-header-display":"","ast-hfb-mobile-header-display":"","site-post-title":"","ast-breadcrumbs-content":"","ast-featured-img":"","footer-sml-layout":"","ast-disable-related-posts":"","theme-transparent-header-meta":"default","adv-header-id-meta":"","stick-header-meta":"","header-above-stick-meta":"","header-main-stick-meta":"","header-below-stick-meta":"","astra-migrate-meta-layouts":"set","ast-page-background-enabled":"default","ast-page-background-meta":{"desktop":{"background-color":"","background-image":"","background-repeat":"repeat","background-position":"center center","background-size":"auto","background-attachment":"scroll","background-type":"","background-media":"","overlay-type":"","overlay-color":"","overlay-opacity":"","overlay-gradient":""},"tablet":{"background-color":"","background-image":"","background-repeat":"repeat","background-position":"center center","background-size":"auto","background-attachment":"scroll","background-type":"","background-media":"","overlay-type":"","overlay-color":"","overlay-opacity":"","overlay-gradient":""},"mobile":{"background-color":"","background-image":"","background-repeat":"repeat","background-position":"center center","background-size":"auto","background-attachment":"scroll","background-type":"","background-media":"","overlay-type":"","overlay-color":"","overlay-opacity":"","overlay-gradient":""}},"ast-content-background-meta":{"desktop":{"background-color":"var(--ast-global-color-5)","background-image":"","background-repeat":"repeat","background-position":"center center","background-size":"auto","background-attachment":"scroll","background-type":"","background-media":"","overlay-type":"","overlay-color":"","overlay-opacity":"","overlay-gradient":""},"tablet":{"background-color":"var(--ast-global-color-5)","background-image":"","background-repeat":"repeat","background-position":"center center","background-size":"auto","background-attachment":"scroll","background-type":"","background-media":"","overlay-type":"","overlay-color":"","overlay-opacity":"","overlay-gradient":""},"mobile":{"background-color":"var(--ast-global-color-5)","background-image":"","background-repeat":"repeat","background-position":"center center","background-size":"auto","background-attachment":"scroll","background-type":"","background-media":"","overlay-type":"","overlay-color":"","overlay-opacity":"","overlay-gradient":""}}},"product_brand":[],"product_cat":[1376,1369,1410],"product_tag":[1553],"class_list":{"0":"post-10309","1":"product","2":"type-product","3":"status-publish","4":"has-post-thumbnail","6":"product_cat-ada-amano-design-aquarium-fr","7":"product_cat-dooa-fr","8":"product_cat-livres","9":"product_tag-ada-fr-2","10":"desktop-align-left","11":"tablet-align-left","12":"mobile-align-left","13":"ast-product-gallery-layout-horizontal-slider","14":"ast-product-tabs-layout-horizontal","16":"first","17":"instock","18":"taxable","19":"shipping-taxable","20":"purchasable","21":"product-type-simple"},"yoast_head":"<!-- This site is optimized with the Yoast SEO plugin v27.2 - https:\/\/yoast.com\/product\/yoast-seo-wordpress\/ -->\n<title>ADA Livre de produits &quot;MADE IN ADA CONCEPT &amp; PRODUCTS&quot;(&quot;Version anglaise&quot;) | Red Leaf Aquascaping<\/title>\n<meta name=\"robots\" content=\"index, follow, max-snippet:-1, max-image-preview:large, max-video-preview:-1\" \/>\n<link rel=\"canonical\" href=\"https:\/\/redleafaquascaping.com\/produit\/ada-product-book-made-in-ada-concept-productsenglish-version\/\" \/>\n<meta property=\"og:locale\" content=\"fr_FR\" \/>\n<meta property=\"og:type\" content=\"article\" \/>\n<meta property=\"og:title\" content=\"ADA Livre de produits &quot;MADE IN ADA CONCEPT &amp; PRODUCTS&quot;(&quot;Version anglaise&quot;) | Red Leaf Aquascaping\" \/>\n<meta property=\"og:description\" content=\"210 pages en couleurs vives  refl\u00e9tant la riche histoire d&#039;ADA  fournit des exemples de terrariums aquatiques utilisant les produits DOOA\" \/>\n<meta property=\"og:url\" content=\"https:\/\/redleafaquascaping.com\/produit\/ada-product-book-made-in-ada-concept-productsenglish-version\/\" \/>\n<meta property=\"og:site_name\" content=\"Red Leaf Aquascaping\" \/>\n<meta property=\"article:publisher\" content=\"https:\/\/www.facebook.com\/Redleafaqua\" \/>\n<meta property=\"article:modified_time\" content=\"2023-11-29T20:05:37+00:00\" \/>\n<meta property=\"og:image\" content=\"https:\/\/redleafaquascaping.com\/wp-content\/uploads\/2023\/11\/amano-made-in-ada-concept-products-katalog-produkte-information_1280x1280.jpg\" \/>\n\t<meta property=\"og:image:width\" content=\"1280\" \/>\n\t<meta property=\"og:image:height\" content=\"960\" \/>\n\t<meta property=\"og:image:type\" content=\"image\/jpeg\" \/>\n<meta name=\"twitter:card\" content=\"summary_large_image\" \/>\n<meta name=\"twitter:label1\" content=\"Dur\u00e9e de lecture estim\u00e9e\" \/>\n\t<meta name=\"twitter:data1\" content=\"1 minute\" \/>\n<script type=\"application\/ld+json\" class=\"yoast-schema-graph\">{\"@context\":\"https:\/\/schema.org\",\"@graph\":[{\"@type\":\"WebPage\",\"@id\":\"https:\/\/redleafaquascaping.com\/produit\/ada-product-book-made-in-ada-concept-productsenglish-version\/\",\"url\":\"https:\/\/redleafaquascaping.com\/produit\/ada-product-book-made-in-ada-concept-productsenglish-version\/\",\"name\":\"ADA Livre de produits \\\"MADE IN ADA CONCEPT & PRODUCTS\\\"(\\\"Version anglaise\\\") | Red Leaf Aquascaping\",\"isPartOf\":{\"@id\":\"https:\/\/redleafaquascaping.com\/#website\"},\"primaryImageOfPage\":{\"@id\":\"https:\/\/redleafaquascaping.com\/produit\/ada-product-book-made-in-ada-concept-productsenglish-version\/#primaryimage\"},\"image\":{\"@id\":\"https:\/\/redleafaquascaping.com\/produit\/ada-product-book-made-in-ada-concept-productsenglish-version\/#primaryimage\"},\"thumbnailUrl\":\"https:\/\/redleafaquascaping.com\/wp-content\/uploads\/2023\/11\/amano-made-in-ada-concept-products-katalog-produkte-information_1280x1280.jpg\",\"datePublished\":\"2023-11-29T20:05:35+00:00\",\"dateModified\":\"2023-11-29T20:05:37+00:00\",\"breadcrumb\":{\"@id\":\"https:\/\/redleafaquascaping.com\/produit\/ada-product-book-made-in-ada-concept-productsenglish-version\/#breadcrumb\"},\"inLanguage\":\"fr-FR\",\"potentialAction\":[{\"@type\":\"ReadAction\",\"target\":[\"https:\/\/redleafaquascaping.com\/produit\/ada-product-book-made-in-ada-concept-productsenglish-version\/\"]}]},{\"@type\":\"ImageObject\",\"inLanguage\":\"fr-FR\",\"@id\":\"https:\/\/redleafaquascaping.com\/produit\/ada-product-book-made-in-ada-concept-productsenglish-version\/#primaryimage\",\"url\":\"https:\/\/redleafaquascaping.com\/wp-content\/uploads\/2023\/11\/amano-made-in-ada-concept-products-katalog-produkte-information_1280x1280.jpg\",\"contentUrl\":\"https:\/\/redleafaquascaping.com\/wp-content\/uploads\/2023\/11\/amano-made-in-ada-concept-products-katalog-produkte-information_1280x1280.jpg\",\"width\":1280,\"height\":960},{\"@type\":\"BreadcrumbList\",\"@id\":\"https:\/\/redleafaquascaping.com\/produit\/ada-product-book-made-in-ada-concept-productsenglish-version\/#breadcrumb\",\"itemListElement\":[{\"@type\":\"ListItem\",\"position\":1,\"name\":\"Home\",\"item\":\"https:\/\/redleafaquascaping.com\/fr\/\"},{\"@type\":\"ListItem\",\"position\":2,\"name\":\"Magasinez\",\"item\":\"https:\/\/redleafaquascaping.com\/fr\/magasinez\/\"},{\"@type\":\"ListItem\",\"position\":3,\"name\":\"ADA Livre de produits &#8220;MADE IN ADA CONCEPT &#038; PRODUCTS&#8221;(&#8220;Version anglaise&#8221;)\"}]},{\"@type\":\"WebSite\",\"@id\":\"https:\/\/redleafaquascaping.com\/#website\",\"url\":\"https:\/\/redleafaquascaping.com\/\",\"name\":\"Red Leaf Aquascaping\",\"description\":\"Online Aquascaping Equipment Store\",\"publisher\":{\"@id\":\"https:\/\/redleafaquascaping.com\/#organization\"},\"potentialAction\":[{\"@type\":\"SearchAction\",\"target\":{\"@type\":\"EntryPoint\",\"urlTemplate\":\"https:\/\/redleafaquascaping.com\/?s={search_term_string}\"},\"query-input\":{\"@type\":\"PropertyValueSpecification\",\"valueRequired\":true,\"valueName\":\"search_term_string\"}}],\"inLanguage\":\"fr-FR\"},{\"@type\":\"Organization\",\"@id\":\"https:\/\/redleafaquascaping.com\/#organization\",\"name\":\"Aquascaping Red Leaf\",\"alternateName\":\"Red Leaf\",\"url\":\"https:\/\/redleafaquascaping.com\/\",\"logo\":{\"@type\":\"ImageObject\",\"inLanguage\":\"fr-FR\",\"@id\":\"https:\/\/redleafaquascaping.com\/#\/schema\/logo\/image\/\",\"url\":\"https:\/\/redleafaquascaping.com\/wp-content\/uploads\/2024\/08\/logo-seo.jpg\",\"contentUrl\":\"https:\/\/redleafaquascaping.com\/wp-content\/uploads\/2024\/08\/logo-seo.jpg\",\"width\":696,\"height\":696,\"caption\":\"Aquascaping Red Leaf\"},\"image\":{\"@id\":\"https:\/\/redleafaquascaping.com\/#\/schema\/logo\/image\/\"},\"sameAs\":[\"https:\/\/www.facebook.com\/Redleafaqua\"]}]}<\/script>\n<!-- \/ Yoast SEO plugin. -->","yoast_head_json":{"title":"ADA Livre de produits \"MADE IN ADA CONCEPT & PRODUCTS\"(\"Version anglaise\") | Red Leaf Aquascaping","robots":{"index":"index","follow":"follow","max-snippet":"max-snippet:-1","max-image-preview":"max-image-preview:large","max-video-preview":"max-video-preview:-1"},"canonical":"https:\/\/redleafaquascaping.com\/produit\/ada-product-book-made-in-ada-concept-productsenglish-version\/","og_locale":"fr_FR","og_type":"article","og_title":"ADA Livre de produits \"MADE IN ADA CONCEPT & PRODUCTS\"(\"Version anglaise\") | Red Leaf Aquascaping","og_description":"210 pages en couleurs vives  refl\u00e9tant la riche histoire d'ADA  fournit des exemples de terrariums aquatiques utilisant les produits DOOA","og_url":"https:\/\/redleafaquascaping.com\/produit\/ada-product-book-made-in-ada-concept-productsenglish-version\/","og_site_name":"Red Leaf Aquascaping","article_publisher":"https:\/\/www.facebook.com\/Redleafaqua","article_modified_time":"2023-11-29T20:05:37+00:00","og_image":[{"width":1280,"height":960,"url":"https:\/\/redleafaquascaping.com\/wp-content\/uploads\/2023\/11\/amano-made-in-ada-concept-products-katalog-produkte-information_1280x1280.jpg","type":"image\/jpeg"}],"twitter_card":"summary_large_image","twitter_misc":{"Dur\u00e9e de lecture estim\u00e9e":"1 minute"},"schema":{"@context":"https:\/\/schema.org","@graph":[{"@type":"WebPage","@id":"https:\/\/redleafaquascaping.com\/produit\/ada-product-book-made-in-ada-concept-productsenglish-version\/","url":"https:\/\/redleafaquascaping.com\/produit\/ada-product-book-made-in-ada-concept-productsenglish-version\/","name":"ADA Livre de produits \"MADE IN ADA CONCEPT & PRODUCTS\"(\"Version anglaise\") | Red Leaf Aquascaping","isPartOf":{"@id":"https:\/\/redleafaquascaping.com\/#website"},"primaryImageOfPage":{"@id":"https:\/\/redleafaquascaping.com\/produit\/ada-product-book-made-in-ada-concept-productsenglish-version\/#primaryimage"},"image":{"@id":"https:\/\/redleafaquascaping.com\/produit\/ada-product-book-made-in-ada-concept-productsenglish-version\/#primaryimage"},"thumbnailUrl":"https:\/\/redleafaquascaping.com\/wp-content\/uploads\/2023\/11\/amano-made-in-ada-concept-products-katalog-produkte-information_1280x1280.jpg","datePublished":"2023-11-29T20:05:35+00:00","dateModified":"2023-11-29T20:05:37+00:00","breadcrumb":{"@id":"https:\/\/redleafaquascaping.com\/produit\/ada-product-book-made-in-ada-concept-productsenglish-version\/#breadcrumb"},"inLanguage":"fr-FR","potentialAction":[{"@type":"ReadAction","target":["https:\/\/redleafaquascaping.com\/produit\/ada-product-book-made-in-ada-concept-productsenglish-version\/"]}]},{"@type":"ImageObject","inLanguage":"fr-FR","@id":"https:\/\/redleafaquascaping.com\/produit\/ada-product-book-made-in-ada-concept-productsenglish-version\/#primaryimage","url":"https:\/\/redleafaquascaping.com\/wp-content\/uploads\/2023\/11\/amano-made-in-ada-concept-products-katalog-produkte-information_1280x1280.jpg","contentUrl":"https:\/\/redleafaquascaping.com\/wp-content\/uploads\/2023\/11\/amano-made-in-ada-concept-products-katalog-produkte-information_1280x1280.jpg","width":1280,"height":960},{"@type":"BreadcrumbList","@id":"https:\/\/redleafaquascaping.com\/produit\/ada-product-book-made-in-ada-concept-productsenglish-version\/#breadcrumb","itemListElement":[{"@type":"ListItem","position":1,"name":"Home","item":"https:\/\/redleafaquascaping.com\/fr\/"},{"@type":"ListItem","position":2,"name":"Magasinez","item":"https:\/\/redleafaquascaping.com\/fr\/magasinez\/"},{"@type":"ListItem","position":3,"name":"ADA Livre de produits &#8220;MADE IN ADA CONCEPT &#038; PRODUCTS&#8221;(&#8220;Version anglaise&#8221;)"}]},{"@type":"WebSite","@id":"https:\/\/redleafaquascaping.com\/#website","url":"https:\/\/redleafaquascaping.com\/","name":"Red Leaf Aquascaping","description":"Online Aquascaping Equipment Store","publisher":{"@id":"https:\/\/redleafaquascaping.com\/#organization"},"potentialAction":[{"@type":"SearchAction","target":{"@type":"EntryPoint","urlTemplate":"https:\/\/redleafaquascaping.com\/?s={search_term_string}"},"query-input":{"@type":"PropertyValueSpecification","valueRequired":true,"valueName":"search_term_string"}}],"inLanguage":"fr-FR"},{"@type":"Organization","@id":"https:\/\/redleafaquascaping.com\/#organization","name":"Aquascaping Red Leaf","alternateName":"Red Leaf","url":"https:\/\/redleafaquascaping.com\/","logo":{"@type":"ImageObject","inLanguage":"fr-FR","@id":"https:\/\/redleafaquascaping.com\/#\/schema\/logo\/image\/","url":"https:\/\/redleafaquascaping.com\/wp-content\/uploads\/2024\/08\/logo-seo.jpg","contentUrl":"https:\/\/redleafaquascaping.com\/wp-content\/uploads\/2024\/08\/logo-seo.jpg","width":696,"height":696,"caption":"Aquascaping Red Leaf"},"image":{"@id":"https:\/\/redleafaquascaping.com\/#\/schema\/logo\/image\/"},"sameAs":["https:\/\/www.facebook.com\/Redleafaqua"]}]}},"_links":{"self":[{"href":"https:\/\/redleafaquascaping.com\/fr\/wp-json\/wp\/v2\/product\/10309","targetHints":{"allow":["GET"]}}],"collection":[{"href":"https:\/\/redleafaquascaping.com\/fr\/wp-json\/wp\/v2\/product"}],"about":[{"href":"https:\/\/redleafaquascaping.com\/fr\/wp-json\/wp\/v2\/types\/product"}],"wp:featuredmedia":[{"embeddable":true,"href":"https:\/\/redleafaquascaping.com\/fr\/wp-json\/wp\/v2\/media\/10211"}],"wp:attachment":[{"href":"https:\/\/redleafaquascaping.com\/fr\/wp-json\/wp\/v2\/media?parent=10309"}],"wp:term":[{"taxonomy":"product_brand","embeddable":true,"href":"https:\/\/redleafaquascaping.com\/fr\/wp-json\/wp\/v2\/product_brand?post=10309"},{"taxonomy":"product_cat","embeddable":true,"href":"https:\/\/redleafaquascaping.com\/fr\/wp-json\/wp\/v2\/product_cat?post=10309"},{"taxonomy":"product_tag","embeddable":true,"href":"https:\/\/redleafaquascaping.com\/fr\/wp-json\/wp\/v2\/product_tag?post=10309"}],"curies":[{"name":"wp","href":"https:\/\/api.w.org\/{rel}","templated":true}]}}