{"id":10310,"date":"2023-11-29T12:01:32","date_gmt":"2023-11-29T20:08:42","guid":{"rendered":"https:\/\/redleafaquascaping.com\/?post_type=product&#038;p=10310"},"modified":"2024-03-15T13:23:22","modified_gmt":"2024-03-15T17:23:22","slug":"ada-nature-aquarium-guide-60","status":"publish","type":"product","link":"https:\/\/redleafaquascaping.com\/fr\/produit\/ada-nature-aquarium-guide-60\/","title":{"rendered":"ADA nature aquarium guide 60"},"content":{"rendered":"<p>Le livret \u00ab\u00a0Guide de l&rsquo;Aquarium Nature\u00a0\u00bb par ADA couvre l&rsquo;installation et l&rsquo;entretien d&rsquo;un ADA 60-P. Du choix de l&#8217;emplacement id\u00e9al \u00e0 l&rsquo;agencement, la technologie et les soins g\u00e9n\u00e9raux, ce livret offre des perspectives pr\u00e9cieuses sur la philosophie ADA.<\/p>\n<p>Chaque \u00e9tape vers la r\u00e9alisation d&rsquo;une disposition optimale est expliqu\u00e9e en d\u00e9tail et accompagn\u00e9e de nombreuses illustrations. Cette approche rend accessible aux d\u00e9butants l&rsquo;immersion dans le monde d&rsquo;Aqua Design Amano. M\u00eame les aspects fondamentaux, tels que la d\u00e9termination des param\u00e8tres de l&rsquo;eau et la r\u00e9alisation des changements d&rsquo;eau, sont largement expliqu\u00e9s. Le guide comprend des instructions sur la taille des plantes, la r\u00e9solution des probl\u00e8mes et l&rsquo;aspect crucial de la conception de la disposition. Dans \u00ab\u00a0Nature Aquarium &#8211; Le Guide du 60\u00a0\u00bb, vous trouverez tout ce qu&rsquo;il faut pour entretenir avec succ\u00e8s un aquarium sur une longue p\u00e9riode.<\/p>\n","protected":false},"excerpt":{"rendered":"<ul>\n<li>Manuel complet<\/li>\n<li>Illustrations abondantes<\/li>\n<li>Couvrant tout, de l&rsquo;agencement \u00e0 l&rsquo;entretien<\/li>\n<li>Incluant des astuces et des conseils pratiques<\/li>\n<\/ul>\n","protected":false},"featured_media":10200,"template":"","meta":{"site-sidebar-layout":"default","site-content-layout":"","ast-site-content-layout":"default","site-content-style":"default","site-sidebar-style":"default","ast-global-header-display":"","ast-banner-title-visibility":"","ast-main-header-display":"","ast-hfb-above-header-display":"","ast-hfb-below-header-display":"","ast-hfb-mobile-header-display":"","site-post-title":"","ast-breadcrumbs-content":"","ast-featured-img":"","footer-sml-layout":"","ast-disable-related-posts":"","theme-transparent-header-meta":"default","adv-header-id-meta":"","stick-header-meta":"","header-above-stick-meta":"","header-main-stick-meta":"","header-below-stick-meta":"","astra-migrate-meta-layouts":"set","ast-page-background-enabled":"default","ast-page-background-meta":{"desktop":{"background-color":"","background-image":"","background-repeat":"repeat","background-position":"center center","background-size":"auto","background-attachment":"scroll","background-type":"","background-media":"","overlay-type":"","overlay-color":"","overlay-opacity":"","overlay-gradient":""},"tablet":{"background-color":"","background-image":"","background-repeat":"repeat","background-position":"center center","background-size":"auto","background-attachment":"scroll","background-type":"","background-media":"","overlay-type":"","overlay-color":"","overlay-opacity":"","overlay-gradient":""},"mobile":{"background-color":"","background-image":"","background-repeat":"repeat","background-position":"center center","background-size":"auto","background-attachment":"scroll","background-type":"","background-media":"","overlay-type":"","overlay-color":"","overlay-opacity":"","overlay-gradient":""}},"ast-content-background-meta":{"desktop":{"background-color":"var(--ast-global-color-5)","background-image":"","background-repeat":"repeat","background-position":"center center","background-size":"auto","background-attachment":"scroll","background-type":"","background-media":"","overlay-type":"","overlay-color":"","overlay-opacity":"","overlay-gradient":""},"tablet":{"background-color":"var(--ast-global-color-5)","background-image":"","background-repeat":"repeat","background-position":"center center","background-size":"auto","background-attachment":"scroll","background-type":"","background-media":"","overlay-type":"","overlay-color":"","overlay-opacity":"","overlay-gradient":""},"mobile":{"background-color":"var(--ast-global-color-5)","background-image":"","background-repeat":"repeat","background-position":"center center","background-size":"auto","background-attachment":"scroll","background-type":"","background-media":"","overlay-type":"","overlay-color":"","overlay-opacity":"","overlay-gradient":""}}},"product_brand":[],"product_cat":[1376,1410],"product_tag":[950,1420],"class_list":{"0":"post-10310","1":"product","2":"type-product","3":"status-publish","4":"has-post-thumbnail","6":"product_cat-ada-amano-design-aquarium-fr","7":"product_cat-livres","8":"product_tag-ada-fr","9":"product_tag-livre","10":"desktop-align-left","11":"tablet-align-left","12":"mobile-align-left","13":"ast-product-gallery-layout-horizontal-slider","14":"ast-product-tabs-layout-horizontal","16":"first","17":"instock","18":"taxable","19":"shipping-taxable","20":"purchasable","21":"product-type-simple"},"yoast_head":"<!-- This site is optimized with the Yoast SEO plugin v27.2 - https:\/\/yoast.com\/product\/yoast-seo-wordpress\/ -->\n<title>ADA nature aquarium guide 60 | Red Leaf Aquascaping<\/title>\n<meta name=\"description\" content=\"Explorez l&#039;art de l&#039;aquascaping avec le guide ADA Nature Aquarium Guide 60. Une ressource essentielle pour cr\u00e9er des paysages aquatiques \u00e9poustouflants. Plongez dans l&#039;inspiration avec ADA.\" \/>\n<meta name=\"robots\" content=\"index, follow, max-snippet:-1, max-image-preview:large, max-video-preview:-1\" \/>\n<link rel=\"canonical\" href=\"https:\/\/redleafaquascaping.com\/fr\/produit\/ada-nature-aquarium-guide-60\/\" \/>\n<meta property=\"og:locale\" content=\"fr_FR\" \/>\n<meta property=\"og:type\" content=\"article\" \/>\n<meta property=\"og:title\" content=\"ADA nature aquarium guide 60 | Red Leaf Aquascaping\" \/>\n<meta property=\"og:description\" content=\"Explorez l&#039;art de l&#039;aquascaping avec le guide ADA Nature Aquarium Guide 60. Une ressource essentielle pour cr\u00e9er des paysages aquatiques \u00e9poustouflants. Plongez dans l&#039;inspiration avec ADA.\" \/>\n<meta property=\"og:url\" content=\"https:\/\/redleafaquascaping.com\/fr\/produit\/ada-nature-aquarium-guide-60\/\" \/>\n<meta property=\"og:site_name\" content=\"Red Leaf Aquascaping\" \/>\n<meta property=\"article:publisher\" content=\"https:\/\/www.facebook.com\/Redleafaqua\" \/>\n<meta property=\"article:modified_time\" content=\"2024-03-15T17:23:22+00:00\" \/>\n<meta property=\"og:image\" content=\"https:\/\/redleafaquascaping.com\/wp-content\/uploads\/2023\/11\/1698032636.webp\" \/>\n\t<meta property=\"og:image:width\" content=\"768\" \/>\n\t<meta property=\"og:image:height\" content=\"1024\" \/>\n\t<meta property=\"og:image:type\" content=\"image\/webp\" \/>\n<meta name=\"twitter:card\" content=\"summary_large_image\" \/>\n<meta name=\"twitter:label1\" content=\"Dur\u00e9e de lecture estim\u00e9e\" \/>\n\t<meta name=\"twitter:data1\" content=\"1 minute\" \/>\n<script type=\"application\/ld+json\" class=\"yoast-schema-graph\">{\"@context\":\"https:\/\/schema.org\",\"@graph\":[{\"@type\":\"WebPage\",\"@id\":\"https:\/\/redleafaquascaping.com\/fr\/produit\/ada-nature-aquarium-guide-60\/\",\"url\":\"https:\/\/redleafaquascaping.com\/fr\/produit\/ada-nature-aquarium-guide-60\/\",\"name\":\"ADA nature aquarium guide 60 | Red Leaf Aquascaping\",\"isPartOf\":{\"@id\":\"https:\/\/redleafaquascaping.com\/#website\"},\"primaryImageOfPage\":{\"@id\":\"https:\/\/redleafaquascaping.com\/fr\/produit\/ada-nature-aquarium-guide-60\/#primaryimage\"},\"image\":{\"@id\":\"https:\/\/redleafaquascaping.com\/fr\/produit\/ada-nature-aquarium-guide-60\/#primaryimage\"},\"thumbnailUrl\":\"https:\/\/redleafaquascaping.com\/wp-content\/uploads\/2023\/11\/1698032636.webp\",\"datePublished\":\"2023-11-29T20:08:42+00:00\",\"dateModified\":\"2024-03-15T17:23:22+00:00\",\"description\":\"Explorez l'art de l'aquascaping avec le guide ADA Nature Aquarium Guide 60. Une ressource essentielle pour cr\u00e9er des paysages aquatiques \u00e9poustouflants. Plongez dans l'inspiration avec ADA.\",\"breadcrumb\":{\"@id\":\"https:\/\/redleafaquascaping.com\/fr\/produit\/ada-nature-aquarium-guide-60\/#breadcrumb\"},\"inLanguage\":\"fr-FR\",\"potentialAction\":[{\"@type\":\"ReadAction\",\"target\":[\"https:\/\/redleafaquascaping.com\/fr\/produit\/ada-nature-aquarium-guide-60\/\"]}]},{\"@type\":\"ImageObject\",\"inLanguage\":\"fr-FR\",\"@id\":\"https:\/\/redleafaquascaping.com\/fr\/produit\/ada-nature-aquarium-guide-60\/#primaryimage\",\"url\":\"https:\/\/redleafaquascaping.com\/wp-content\/uploads\/2023\/11\/1698032636.webp\",\"contentUrl\":\"https:\/\/redleafaquascaping.com\/wp-content\/uploads\/2023\/11\/1698032636.webp\",\"width\":768,\"height\":1024},{\"@type\":\"BreadcrumbList\",\"@id\":\"https:\/\/redleafaquascaping.com\/fr\/produit\/ada-nature-aquarium-guide-60\/#breadcrumb\",\"itemListElement\":[{\"@type\":\"ListItem\",\"position\":1,\"name\":\"Home\",\"item\":\"https:\/\/redleafaquascaping.com\/fr\/\"},{\"@type\":\"ListItem\",\"position\":2,\"name\":\"Magasinez\",\"item\":\"https:\/\/redleafaquascaping.com\/fr\/magasinez\/\"},{\"@type\":\"ListItem\",\"position\":3,\"name\":\"ADA nature aquarium guide 60\"}]},{\"@type\":\"WebSite\",\"@id\":\"https:\/\/redleafaquascaping.com\/#website\",\"url\":\"https:\/\/redleafaquascaping.com\/\",\"name\":\"Red Leaf Aquascaping\",\"description\":\"Online Aquascaping Equipment Store\",\"publisher\":{\"@id\":\"https:\/\/redleafaquascaping.com\/#organization\"},\"potentialAction\":[{\"@type\":\"SearchAction\",\"target\":{\"@type\":\"EntryPoint\",\"urlTemplate\":\"https:\/\/redleafaquascaping.com\/?s={search_term_string}\"},\"query-input\":{\"@type\":\"PropertyValueSpecification\",\"valueRequired\":true,\"valueName\":\"search_term_string\"}}],\"inLanguage\":\"fr-FR\"},{\"@type\":\"Organization\",\"@id\":\"https:\/\/redleafaquascaping.com\/#organization\",\"name\":\"Aquascaping Red Leaf\",\"alternateName\":\"Red Leaf\",\"url\":\"https:\/\/redleafaquascaping.com\/\",\"logo\":{\"@type\":\"ImageObject\",\"inLanguage\":\"fr-FR\",\"@id\":\"https:\/\/redleafaquascaping.com\/#\/schema\/logo\/image\/\",\"url\":\"https:\/\/redleafaquascaping.com\/wp-content\/uploads\/2024\/08\/logo-seo.jpg\",\"contentUrl\":\"https:\/\/redleafaquascaping.com\/wp-content\/uploads\/2024\/08\/logo-seo.jpg\",\"width\":696,\"height\":696,\"caption\":\"Aquascaping Red Leaf\"},\"image\":{\"@id\":\"https:\/\/redleafaquascaping.com\/#\/schema\/logo\/image\/\"},\"sameAs\":[\"https:\/\/www.facebook.com\/Redleafaqua\"]}]}<\/script>\n<!-- \/ Yoast SEO plugin. -->","yoast_head_json":{"title":"ADA nature aquarium guide 60 | Red Leaf Aquascaping","description":"Explorez l'art de l'aquascaping avec le guide ADA Nature Aquarium Guide 60. Une ressource essentielle pour cr\u00e9er des paysages aquatiques \u00e9poustouflants. Plongez dans l'inspiration avec ADA.","robots":{"index":"index","follow":"follow","max-snippet":"max-snippet:-1","max-image-preview":"max-image-preview:large","max-video-preview":"max-video-preview:-1"},"canonical":"https:\/\/redleafaquascaping.com\/fr\/produit\/ada-nature-aquarium-guide-60\/","og_locale":"fr_FR","og_type":"article","og_title":"ADA nature aquarium guide 60 | Red Leaf Aquascaping","og_description":"Explorez l'art de l'aquascaping avec le guide ADA Nature Aquarium Guide 60. Une ressource essentielle pour cr\u00e9er des paysages aquatiques \u00e9poustouflants. Plongez dans l'inspiration avec ADA.","og_url":"https:\/\/redleafaquascaping.com\/fr\/produit\/ada-nature-aquarium-guide-60\/","og_site_name":"Red Leaf Aquascaping","article_publisher":"https:\/\/www.facebook.com\/Redleafaqua","article_modified_time":"2024-03-15T17:23:22+00:00","og_image":[{"width":768,"height":1024,"url":"https:\/\/redleafaquascaping.com\/wp-content\/uploads\/2023\/11\/1698032636.webp","type":"image\/webp"}],"twitter_card":"summary_large_image","twitter_misc":{"Dur\u00e9e de lecture estim\u00e9e":"1 minute"},"schema":{"@context":"https:\/\/schema.org","@graph":[{"@type":"WebPage","@id":"https:\/\/redleafaquascaping.com\/fr\/produit\/ada-nature-aquarium-guide-60\/","url":"https:\/\/redleafaquascaping.com\/fr\/produit\/ada-nature-aquarium-guide-60\/","name":"ADA nature aquarium guide 60 | Red Leaf Aquascaping","isPartOf":{"@id":"https:\/\/redleafaquascaping.com\/#website"},"primaryImageOfPage":{"@id":"https:\/\/redleafaquascaping.com\/fr\/produit\/ada-nature-aquarium-guide-60\/#primaryimage"},"image":{"@id":"https:\/\/redleafaquascaping.com\/fr\/produit\/ada-nature-aquarium-guide-60\/#primaryimage"},"thumbnailUrl":"https:\/\/redleafaquascaping.com\/wp-content\/uploads\/2023\/11\/1698032636.webp","datePublished":"2023-11-29T20:08:42+00:00","dateModified":"2024-03-15T17:23:22+00:00","description":"Explorez l'art de l'aquascaping avec le guide ADA Nature Aquarium Guide 60. Une ressource essentielle pour cr\u00e9er des paysages aquatiques \u00e9poustouflants. Plongez dans l'inspiration avec ADA.","breadcrumb":{"@id":"https:\/\/redleafaquascaping.com\/fr\/produit\/ada-nature-aquarium-guide-60\/#breadcrumb"},"inLanguage":"fr-FR","potentialAction":[{"@type":"ReadAction","target":["https:\/\/redleafaquascaping.com\/fr\/produit\/ada-nature-aquarium-guide-60\/"]}]},{"@type":"ImageObject","inLanguage":"fr-FR","@id":"https:\/\/redleafaquascaping.com\/fr\/produit\/ada-nature-aquarium-guide-60\/#primaryimage","url":"https:\/\/redleafaquascaping.com\/wp-content\/uploads\/2023\/11\/1698032636.webp","contentUrl":"https:\/\/redleafaquascaping.com\/wp-content\/uploads\/2023\/11\/1698032636.webp","width":768,"height":1024},{"@type":"BreadcrumbList","@id":"https:\/\/redleafaquascaping.com\/fr\/produit\/ada-nature-aquarium-guide-60\/#breadcrumb","itemListElement":[{"@type":"ListItem","position":1,"name":"Home","item":"https:\/\/redleafaquascaping.com\/fr\/"},{"@type":"ListItem","position":2,"name":"Magasinez","item":"https:\/\/redleafaquascaping.com\/fr\/magasinez\/"},{"@type":"ListItem","position":3,"name":"ADA nature aquarium guide 60"}]},{"@type":"WebSite","@id":"https:\/\/redleafaquascaping.com\/#website","url":"https:\/\/redleafaquascaping.com\/","name":"Red Leaf Aquascaping","description":"Online Aquascaping Equipment Store","publisher":{"@id":"https:\/\/redleafaquascaping.com\/#organization"},"potentialAction":[{"@type":"SearchAction","target":{"@type":"EntryPoint","urlTemplate":"https:\/\/redleafaquascaping.com\/?s={search_term_string}"},"query-input":{"@type":"PropertyValueSpecification","valueRequired":true,"valueName":"search_term_string"}}],"inLanguage":"fr-FR"},{"@type":"Organization","@id":"https:\/\/redleafaquascaping.com\/#organization","name":"Aquascaping Red Leaf","alternateName":"Red Leaf","url":"https:\/\/redleafaquascaping.com\/","logo":{"@type":"ImageObject","inLanguage":"fr-FR","@id":"https:\/\/redleafaquascaping.com\/#\/schema\/logo\/image\/","url":"https:\/\/redleafaquascaping.com\/wp-content\/uploads\/2024\/08\/logo-seo.jpg","contentUrl":"https:\/\/redleafaquascaping.com\/wp-content\/uploads\/2024\/08\/logo-seo.jpg","width":696,"height":696,"caption":"Aquascaping Red Leaf"},"image":{"@id":"https:\/\/redleafaquascaping.com\/#\/schema\/logo\/image\/"},"sameAs":["https:\/\/www.facebook.com\/Redleafaqua"]}]}},"_links":{"self":[{"href":"https:\/\/redleafaquascaping.com\/fr\/wp-json\/wp\/v2\/product\/10310","targetHints":{"allow":["GET"]}}],"collection":[{"href":"https:\/\/redleafaquascaping.com\/fr\/wp-json\/wp\/v2\/product"}],"about":[{"href":"https:\/\/redleafaquascaping.com\/fr\/wp-json\/wp\/v2\/types\/product"}],"wp:featuredmedia":[{"embeddable":true,"href":"https:\/\/redleafaquascaping.com\/fr\/wp-json\/wp\/v2\/media\/10200"}],"wp:attachment":[{"href":"https:\/\/redleafaquascaping.com\/fr\/wp-json\/wp\/v2\/media?parent=10310"}],"wp:term":[{"taxonomy":"product_brand","embeddable":true,"href":"https:\/\/redleafaquascaping.com\/fr\/wp-json\/wp\/v2\/product_brand?post=10310"},{"taxonomy":"product_cat","embeddable":true,"href":"https:\/\/redleafaquascaping.com\/fr\/wp-json\/wp\/v2\/product_cat?post=10310"},{"taxonomy":"product_tag","embeddable":true,"href":"https:\/\/redleafaquascaping.com\/fr\/wp-json\/wp\/v2\/product_tag?post=10310"}],"curies":[{"name":"wp","href":"https:\/\/api.w.org\/{rel}","templated":true}]}}