{"id":10311,"date":"2023-11-29T11:52:56","date_gmt":"2023-11-29T20:12:32","guid":{"rendered":"https:\/\/redleafaquascaping.com\/?post_type=product&#038;p=10311"},"modified":"2024-03-15T13:23:55","modified_gmt":"2024-03-15T17:23:55","slug":"tropica-livre-danniversaire-50-years-under-the-surface","status":"publish","type":"product","link":"https:\/\/redleafaquascaping.com\/fr\/produit\/tropica-livre-danniversaire-50-years-under-the-surface\/","title":{"rendered":"Tropica Livre d&rsquo;anniversaire &#8211; 50 Years Under The Surface"},"content":{"rendered":"<p>\u00ab\u00a0En mai 1970, Tropica Aquarium Plants a pr\u00e9sent\u00e9 sa premi\u00e8re plante, marquant une \u00e9tape significative qui s&rsquo;\u00e9tend sur 50 ans. Issu de la vision d&rsquo;un passionn\u00e9, Holger Windel\u00f8v, et propuls\u00e9 vers l&rsquo;avenir par le groupe d&rsquo;entreprise d\u00e9vou\u00e9 JPS Clemens, Tropica Aquarium Plants est devenu un centre mondial pour les aquariophiles.<\/p>\n<p>C\u00e9l\u00e9brez ce parcours remarquable avec le livre du 50e anniversaire, qui vous plonge dans l&rsquo;histoire depuis le d\u00e9but des ann\u00e9es 70 et la cr\u00e9ation de l&rsquo;entreprise jusqu&rsquo;\u00e0 nos jours, avec des aper\u00e7us du futur. Les pages du livre d\u00e9voilent l&rsquo;essence de Tropica, la passion pour le passe-temps de l&rsquo;aquariophilie et la communaut\u00e9 dynamique qui s&rsquo;est \u00e9panouie au fil des ans. En explorant, vous obtiendrez \u00e9galement des id\u00e9es pr\u00e9cieuses et des outils pour naviguer dans l&rsquo;art de l&rsquo;aquascaping.\u00a0\u00bb<\/p>\n<p>&nbsp;<\/p>\n<p>**Anglais seulement**<\/p>\n","protected":false},"excerpt":{"rendered":"<p>&nbsp;<\/p>\n<ul>\n<li>50e anniversaire de Tropica<\/li>\n<li>Illustrations color\u00e9es<\/li>\n<li>Rapportage complet<\/li>\n<\/ul>\n","protected":false},"featured_media":10191,"template":"","meta":{"site-sidebar-layout":"default","site-content-layout":"","ast-site-content-layout":"default","site-content-style":"default","site-sidebar-style":"default","ast-global-header-display":"","ast-banner-title-visibility":"","ast-main-header-display":"","ast-hfb-above-header-display":"","ast-hfb-below-header-display":"","ast-hfb-mobile-header-display":"","site-post-title":"","ast-breadcrumbs-content":"","ast-featured-img":"","footer-sml-layout":"","ast-disable-related-posts":"","theme-transparent-header-meta":"default","adv-header-id-meta":"","stick-header-meta":"","header-above-stick-meta":"","header-main-stick-meta":"","header-below-stick-meta":"","astra-migrate-meta-layouts":"set","ast-page-background-enabled":"default","ast-page-background-meta":{"desktop":{"background-color":"","background-image":"","background-repeat":"repeat","background-position":"center center","background-size":"auto","background-attachment":"scroll","background-type":"","background-media":"","overlay-type":"","overlay-color":"","overlay-opacity":"","overlay-gradient":""},"tablet":{"background-color":"","background-image":"","background-repeat":"repeat","background-position":"center center","background-size":"auto","background-attachment":"scroll","background-type":"","background-media":"","overlay-type":"","overlay-color":"","overlay-opacity":"","overlay-gradient":""},"mobile":{"background-color":"","background-image":"","background-repeat":"repeat","background-position":"center center","background-size":"auto","background-attachment":"scroll","background-type":"","background-media":"","overlay-type":"","overlay-color":"","overlay-opacity":"","overlay-gradient":""}},"ast-content-background-meta":{"desktop":{"background-color":"var(--ast-global-color-5)","background-image":"","background-repeat":"repeat","background-position":"center center","background-size":"auto","background-attachment":"scroll","background-type":"","background-media":"","overlay-type":"","overlay-color":"","overlay-opacity":"","overlay-gradient":""},"tablet":{"background-color":"var(--ast-global-color-5)","background-image":"","background-repeat":"repeat","background-position":"center center","background-size":"auto","background-attachment":"scroll","background-type":"","background-media":"","overlay-type":"","overlay-color":"","overlay-opacity":"","overlay-gradient":""},"mobile":{"background-color":"var(--ast-global-color-5)","background-image":"","background-repeat":"repeat","background-position":"center center","background-size":"auto","background-attachment":"scroll","background-type":"","background-media":"","overlay-type":"","overlay-color":"","overlay-opacity":"","overlay-gradient":""}}},"product_brand":[],"product_cat":[1410],"product_tag":[994],"class_list":{"0":"post-10311","1":"product","2":"type-product","3":"status-publish","4":"has-post-thumbnail","6":"product_cat-livres","7":"product_tag-tropica-fr","8":"desktop-align-left","9":"tablet-align-left","10":"mobile-align-left","11":"ast-product-gallery-layout-horizontal-slider","12":"ast-product-tabs-layout-horizontal","14":"first","15":"instock","16":"taxable","17":"shipping-taxable","18":"purchasable","19":"product-type-simple"},"yoast_head":"<!-- This site is optimized with the Yoast SEO plugin v27.2 - https:\/\/yoast.com\/product\/yoast-seo-wordpress\/ -->\n<title>Tropica Livre d&#039;anniversaire - 50 Years Under The Surface | Red Leaf Aquascaping<\/title>\n<meta name=\"description\" content=\"C\u00e9l\u00e9brez 50 ans de passion aquatique avec le livre d&#039;anniversaire Tropica - 50 Years Under The Surface. Une r\u00e9trospective captivante sur l&#039;histoire de l&#039;aquascaping et de la culture des plantes aquatiques. Plongez dans l&#039;h\u00e9ritage de Tropica avec ce livre incontournable.\" \/>\n<meta name=\"robots\" content=\"index, follow, max-snippet:-1, max-image-preview:large, max-video-preview:-1\" \/>\n<link rel=\"canonical\" href=\"https:\/\/redleafaquascaping.com\/fr\/produit\/tropica-livre-danniversaire-50-years-under-the-surface\/\" \/>\n<meta property=\"og:locale\" content=\"fr_FR\" \/>\n<meta property=\"og:type\" content=\"article\" \/>\n<meta property=\"og:title\" content=\"Tropica Livre d&#039;anniversaire - 50 Years Under The Surface | Red Leaf Aquascaping\" \/>\n<meta property=\"og:description\" content=\"C\u00e9l\u00e9brez 50 ans de passion aquatique avec le livre d&#039;anniversaire Tropica - 50 Years Under The Surface. Une r\u00e9trospective captivante sur l&#039;histoire de l&#039;aquascaping et de la culture des plantes aquatiques. Plongez dans l&#039;h\u00e9ritage de Tropica avec ce livre incontournable.\" \/>\n<meta property=\"og:url\" content=\"https:\/\/redleafaquascaping.com\/fr\/produit\/tropica-livre-danniversaire-50-years-under-the-surface\/\" \/>\n<meta property=\"og:site_name\" content=\"Red Leaf Aquascaping\" \/>\n<meta property=\"article:publisher\" content=\"https:\/\/www.facebook.com\/Redleafaqua\" \/>\n<meta property=\"article:modified_time\" content=\"2024-03-15T17:23:55+00:00\" \/>\n<meta property=\"og:image\" content=\"https:\/\/redleafaquascaping.com\/wp-content\/uploads\/2023\/11\/tropica-booklet-50-years-under-the-surface-cover_1920x1920.jpg\" \/>\n\t<meta property=\"og:image:width\" content=\"1900\" \/>\n\t<meta property=\"og:image:height\" content=\"1425\" \/>\n\t<meta property=\"og:image:type\" content=\"image\/jpeg\" \/>\n<meta name=\"twitter:card\" content=\"summary_large_image\" \/>\n<meta name=\"twitter:label1\" content=\"Dur\u00e9e de lecture estim\u00e9e\" \/>\n\t<meta name=\"twitter:data1\" content=\"1 minute\" \/>\n<script type=\"application\/ld+json\" class=\"yoast-schema-graph\">{\"@context\":\"https:\/\/schema.org\",\"@graph\":[{\"@type\":\"WebPage\",\"@id\":\"https:\/\/redleafaquascaping.com\/fr\/produit\/tropica-livre-danniversaire-50-years-under-the-surface\/\",\"url\":\"https:\/\/redleafaquascaping.com\/fr\/produit\/tropica-livre-danniversaire-50-years-under-the-surface\/\",\"name\":\"Tropica Livre d'anniversaire - 50 Years Under The Surface | Red Leaf Aquascaping\",\"isPartOf\":{\"@id\":\"https:\/\/redleafaquascaping.com\/#website\"},\"primaryImageOfPage\":{\"@id\":\"https:\/\/redleafaquascaping.com\/fr\/produit\/tropica-livre-danniversaire-50-years-under-the-surface\/#primaryimage\"},\"image\":{\"@id\":\"https:\/\/redleafaquascaping.com\/fr\/produit\/tropica-livre-danniversaire-50-years-under-the-surface\/#primaryimage\"},\"thumbnailUrl\":\"https:\/\/redleafaquascaping.com\/wp-content\/uploads\/2023\/11\/tropica-booklet-50-years-under-the-surface-cover_1920x1920.jpg\",\"datePublished\":\"2023-11-29T20:12:32+00:00\",\"dateModified\":\"2024-03-15T17:23:55+00:00\",\"description\":\"C\u00e9l\u00e9brez 50 ans de passion aquatique avec le livre d'anniversaire Tropica - 50 Years Under The Surface. Une r\u00e9trospective captivante sur l'histoire de l'aquascaping et de la culture des plantes aquatiques. Plongez dans l'h\u00e9ritage de Tropica avec ce livre incontournable.\",\"breadcrumb\":{\"@id\":\"https:\/\/redleafaquascaping.com\/fr\/produit\/tropica-livre-danniversaire-50-years-under-the-surface\/#breadcrumb\"},\"inLanguage\":\"fr-FR\",\"potentialAction\":[{\"@type\":\"ReadAction\",\"target\":[\"https:\/\/redleafaquascaping.com\/fr\/produit\/tropica-livre-danniversaire-50-years-under-the-surface\/\"]}]},{\"@type\":\"ImageObject\",\"inLanguage\":\"fr-FR\",\"@id\":\"https:\/\/redleafaquascaping.com\/fr\/produit\/tropica-livre-danniversaire-50-years-under-the-surface\/#primaryimage\",\"url\":\"https:\/\/redleafaquascaping.com\/wp-content\/uploads\/2023\/11\/tropica-booklet-50-years-under-the-surface-cover_1920x1920.jpg\",\"contentUrl\":\"https:\/\/redleafaquascaping.com\/wp-content\/uploads\/2023\/11\/tropica-booklet-50-years-under-the-surface-cover_1920x1920.jpg\",\"width\":1900,\"height\":1425},{\"@type\":\"BreadcrumbList\",\"@id\":\"https:\/\/redleafaquascaping.com\/fr\/produit\/tropica-livre-danniversaire-50-years-under-the-surface\/#breadcrumb\",\"itemListElement\":[{\"@type\":\"ListItem\",\"position\":1,\"name\":\"Home\",\"item\":\"https:\/\/redleafaquascaping.com\/fr\/\"},{\"@type\":\"ListItem\",\"position\":2,\"name\":\"Magasinez\",\"item\":\"https:\/\/redleafaquascaping.com\/fr\/magasinez\/\"},{\"@type\":\"ListItem\",\"position\":3,\"name\":\"Tropica Livre d&#8217;anniversaire &#8211; 50 Years Under The Surface\"}]},{\"@type\":\"WebSite\",\"@id\":\"https:\/\/redleafaquascaping.com\/#website\",\"url\":\"https:\/\/redleafaquascaping.com\/\",\"name\":\"Red Leaf Aquascaping\",\"description\":\"Online Aquascaping Equipment Store\",\"publisher\":{\"@id\":\"https:\/\/redleafaquascaping.com\/#organization\"},\"potentialAction\":[{\"@type\":\"SearchAction\",\"target\":{\"@type\":\"EntryPoint\",\"urlTemplate\":\"https:\/\/redleafaquascaping.com\/?s={search_term_string}\"},\"query-input\":{\"@type\":\"PropertyValueSpecification\",\"valueRequired\":true,\"valueName\":\"search_term_string\"}}],\"inLanguage\":\"fr-FR\"},{\"@type\":\"Organization\",\"@id\":\"https:\/\/redleafaquascaping.com\/#organization\",\"name\":\"Aquascaping Red Leaf\",\"alternateName\":\"Red Leaf\",\"url\":\"https:\/\/redleafaquascaping.com\/\",\"logo\":{\"@type\":\"ImageObject\",\"inLanguage\":\"fr-FR\",\"@id\":\"https:\/\/redleafaquascaping.com\/#\/schema\/logo\/image\/\",\"url\":\"https:\/\/redleafaquascaping.com\/wp-content\/uploads\/2024\/08\/logo-seo.jpg\",\"contentUrl\":\"https:\/\/redleafaquascaping.com\/wp-content\/uploads\/2024\/08\/logo-seo.jpg\",\"width\":696,\"height\":696,\"caption\":\"Aquascaping Red Leaf\"},\"image\":{\"@id\":\"https:\/\/redleafaquascaping.com\/#\/schema\/logo\/image\/\"},\"sameAs\":[\"https:\/\/www.facebook.com\/Redleafaqua\"]}]}<\/script>\n<!-- \/ Yoast SEO plugin. -->","yoast_head_json":{"title":"Tropica Livre d'anniversaire - 50 Years Under The Surface | Red Leaf Aquascaping","description":"C\u00e9l\u00e9brez 50 ans de passion aquatique avec le livre d'anniversaire Tropica - 50 Years Under The Surface. Une r\u00e9trospective captivante sur l'histoire de l'aquascaping et de la culture des plantes aquatiques. Plongez dans l'h\u00e9ritage de Tropica avec ce livre incontournable.","robots":{"index":"index","follow":"follow","max-snippet":"max-snippet:-1","max-image-preview":"max-image-preview:large","max-video-preview":"max-video-preview:-1"},"canonical":"https:\/\/redleafaquascaping.com\/fr\/produit\/tropica-livre-danniversaire-50-years-under-the-surface\/","og_locale":"fr_FR","og_type":"article","og_title":"Tropica Livre d'anniversaire - 50 Years Under The Surface | Red Leaf Aquascaping","og_description":"C\u00e9l\u00e9brez 50 ans de passion aquatique avec le livre d'anniversaire Tropica - 50 Years Under The Surface. Une r\u00e9trospective captivante sur l'histoire de l'aquascaping et de la culture des plantes aquatiques. Plongez dans l'h\u00e9ritage de Tropica avec ce livre incontournable.","og_url":"https:\/\/redleafaquascaping.com\/fr\/produit\/tropica-livre-danniversaire-50-years-under-the-surface\/","og_site_name":"Red Leaf Aquascaping","article_publisher":"https:\/\/www.facebook.com\/Redleafaqua","article_modified_time":"2024-03-15T17:23:55+00:00","og_image":[{"width":1900,"height":1425,"url":"https:\/\/redleafaquascaping.com\/wp-content\/uploads\/2023\/11\/tropica-booklet-50-years-under-the-surface-cover_1920x1920.jpg","type":"image\/jpeg"}],"twitter_card":"summary_large_image","twitter_misc":{"Dur\u00e9e de lecture estim\u00e9e":"1 minute"},"schema":{"@context":"https:\/\/schema.org","@graph":[{"@type":"WebPage","@id":"https:\/\/redleafaquascaping.com\/fr\/produit\/tropica-livre-danniversaire-50-years-under-the-surface\/","url":"https:\/\/redleafaquascaping.com\/fr\/produit\/tropica-livre-danniversaire-50-years-under-the-surface\/","name":"Tropica Livre d'anniversaire - 50 Years Under The Surface | Red Leaf Aquascaping","isPartOf":{"@id":"https:\/\/redleafaquascaping.com\/#website"},"primaryImageOfPage":{"@id":"https:\/\/redleafaquascaping.com\/fr\/produit\/tropica-livre-danniversaire-50-years-under-the-surface\/#primaryimage"},"image":{"@id":"https:\/\/redleafaquascaping.com\/fr\/produit\/tropica-livre-danniversaire-50-years-under-the-surface\/#primaryimage"},"thumbnailUrl":"https:\/\/redleafaquascaping.com\/wp-content\/uploads\/2023\/11\/tropica-booklet-50-years-under-the-surface-cover_1920x1920.jpg","datePublished":"2023-11-29T20:12:32+00:00","dateModified":"2024-03-15T17:23:55+00:00","description":"C\u00e9l\u00e9brez 50 ans de passion aquatique avec le livre d'anniversaire Tropica - 50 Years Under The Surface. Une r\u00e9trospective captivante sur l'histoire de l'aquascaping et de la culture des plantes aquatiques. Plongez dans l'h\u00e9ritage de Tropica avec ce livre incontournable.","breadcrumb":{"@id":"https:\/\/redleafaquascaping.com\/fr\/produit\/tropica-livre-danniversaire-50-years-under-the-surface\/#breadcrumb"},"inLanguage":"fr-FR","potentialAction":[{"@type":"ReadAction","target":["https:\/\/redleafaquascaping.com\/fr\/produit\/tropica-livre-danniversaire-50-years-under-the-surface\/"]}]},{"@type":"ImageObject","inLanguage":"fr-FR","@id":"https:\/\/redleafaquascaping.com\/fr\/produit\/tropica-livre-danniversaire-50-years-under-the-surface\/#primaryimage","url":"https:\/\/redleafaquascaping.com\/wp-content\/uploads\/2023\/11\/tropica-booklet-50-years-under-the-surface-cover_1920x1920.jpg","contentUrl":"https:\/\/redleafaquascaping.com\/wp-content\/uploads\/2023\/11\/tropica-booklet-50-years-under-the-surface-cover_1920x1920.jpg","width":1900,"height":1425},{"@type":"BreadcrumbList","@id":"https:\/\/redleafaquascaping.com\/fr\/produit\/tropica-livre-danniversaire-50-years-under-the-surface\/#breadcrumb","itemListElement":[{"@type":"ListItem","position":1,"name":"Home","item":"https:\/\/redleafaquascaping.com\/fr\/"},{"@type":"ListItem","position":2,"name":"Magasinez","item":"https:\/\/redleafaquascaping.com\/fr\/magasinez\/"},{"@type":"ListItem","position":3,"name":"Tropica Livre d&#8217;anniversaire &#8211; 50 Years Under The Surface"}]},{"@type":"WebSite","@id":"https:\/\/redleafaquascaping.com\/#website","url":"https:\/\/redleafaquascaping.com\/","name":"Red Leaf Aquascaping","description":"Online Aquascaping Equipment Store","publisher":{"@id":"https:\/\/redleafaquascaping.com\/#organization"},"potentialAction":[{"@type":"SearchAction","target":{"@type":"EntryPoint","urlTemplate":"https:\/\/redleafaquascaping.com\/?s={search_term_string}"},"query-input":{"@type":"PropertyValueSpecification","valueRequired":true,"valueName":"search_term_string"}}],"inLanguage":"fr-FR"},{"@type":"Organization","@id":"https:\/\/redleafaquascaping.com\/#organization","name":"Aquascaping Red Leaf","alternateName":"Red Leaf","url":"https:\/\/redleafaquascaping.com\/","logo":{"@type":"ImageObject","inLanguage":"fr-FR","@id":"https:\/\/redleafaquascaping.com\/#\/schema\/logo\/image\/","url":"https:\/\/redleafaquascaping.com\/wp-content\/uploads\/2024\/08\/logo-seo.jpg","contentUrl":"https:\/\/redleafaquascaping.com\/wp-content\/uploads\/2024\/08\/logo-seo.jpg","width":696,"height":696,"caption":"Aquascaping Red Leaf"},"image":{"@id":"https:\/\/redleafaquascaping.com\/#\/schema\/logo\/image\/"},"sameAs":["https:\/\/www.facebook.com\/Redleafaqua"]}]}},"_links":{"self":[{"href":"https:\/\/redleafaquascaping.com\/fr\/wp-json\/wp\/v2\/product\/10311","targetHints":{"allow":["GET"]}}],"collection":[{"href":"https:\/\/redleafaquascaping.com\/fr\/wp-json\/wp\/v2\/product"}],"about":[{"href":"https:\/\/redleafaquascaping.com\/fr\/wp-json\/wp\/v2\/types\/product"}],"wp:featuredmedia":[{"embeddable":true,"href":"https:\/\/redleafaquascaping.com\/fr\/wp-json\/wp\/v2\/media\/10191"}],"wp:attachment":[{"href":"https:\/\/redleafaquascaping.com\/fr\/wp-json\/wp\/v2\/media?parent=10311"}],"wp:term":[{"taxonomy":"product_brand","embeddable":true,"href":"https:\/\/redleafaquascaping.com\/fr\/wp-json\/wp\/v2\/product_brand?post=10311"},{"taxonomy":"product_cat","embeddable":true,"href":"https:\/\/redleafaquascaping.com\/fr\/wp-json\/wp\/v2\/product_cat?post=10311"},{"taxonomy":"product_tag","embeddable":true,"href":"https:\/\/redleafaquascaping.com\/fr\/wp-json\/wp\/v2\/product_tag?post=10311"}],"curies":[{"name":"wp","href":"https:\/\/api.w.org\/{rel}","templated":true}]}}