{"id":10317,"date":"2023-11-15T13:45:26","date_gmt":"2023-11-29T21:05:41","guid":{"rendered":"https:\/\/redleafaquascaping.com\/?post_type=product&#038;p=10317"},"modified":"2024-03-15T13:26:16","modified_gmt":"2024-03-15T17:26:16","slug":"aquaillumination-prime-16-lumiere-del-eau-douce-noir","status":"publish","type":"product","link":"https:\/\/redleafaquascaping.com\/fr\/produit\/aquaillumination-prime-16-lumiere-del-eau-douce-noir\/","title":{"rendered":"AquaIllumination Prime 16 Lumi\u00e8re Del Eau Douce &#8211; Noir"},"content":{"rendered":"<p>&nbsp;<\/p>\n<h3><strong>AI Prime HD &#8211; Spectre d&rsquo;eau douce<\/strong><\/h3>\n<p>Bienvenue dans le monde des possibilit\u00e9s d&rsquo;\u00e9clairage illimit\u00e9es avec le spectre d&rsquo;eau douce AI Prime HD. Con\u00e7u pour r\u00e9pondre aux besoins exigeants de votre aquarium, cette solution d&rsquo;\u00e9clairage offre une gamme de combinaisons spectrales pour am\u00e9liorer la beaut\u00e9 de votre environnement aquatique.<\/p>\n<p><strong>Puissance impressionnante<\/strong><\/p>\n<p>Avec une large r\u00e9partition de 24&Prime; x 24&Prime;, l&rsquo;AI Prime Freshwater offre un pic de PAR de 86 \u00b5Mol \u00e0 une profondeur de 24 pouces. Cela le rend plus que capable de r\u00e9pondre aux besoins \u00e9nerg\u00e9tiques de vos habitants aquatiques les plus exigeants. Consommant au maximum 55 watts du mur, il maintient l&rsquo;efficacit\u00e9 l\u00e9gendaire de la famille.<\/p>\n<p><strong>Excellence optique<\/strong><\/p>\n<p>Dot\u00e9 de lentilles \u00e0 80 degr\u00e9s, l&rsquo;AI Prime Freshwater trouve le parfait \u00e9quilibre entre puissance et r\u00e9partition. Des optiques de lentilles sp\u00e9cialement con\u00e7ues affichent une efficacit\u00e9 optique de plus de 90 %, avec une surface de sortie diffuse pour un m\u00e9lange de couleurs am\u00e9lior\u00e9.<\/p>\n<p><strong>LED de pointe<\/strong><\/p>\n<p>En utilisant la derni\u00e8re technologie LED des principaux fabricants, l&rsquo;AI Prime Freshwater int\u00e8gre :<\/p>\n<p>&#8211; 6 Cree XP-G2 Cool White (&gt; 70 CRI)<br \/>\n&#8211; 4 Cree XP-G2 Warm White<br \/>\n&#8211; 1 Cree XP-E2 Blue<br \/>\n&#8211; 1 Cree XP-E Photo Red<br \/>\n&#8211; 1 Cree XP-E2 Green<\/p>\n<p><strong>Sp\u00e9cifications techniques<\/strong><\/p>\n<p>&#8211; Dimensions :<br \/>\n&#8211; Longueur : 4,88 pouces (12,4 cm)<br \/>\n&#8211; Largeur : 4,88 pouces (12,4 cm)<br \/>\n&#8211; Hauteur : 1,34 pouces (3,4 cm)<br \/>\n&#8211; Poids : 0,95 livres (0,43 kg)<\/p>\n<p><strong>Sp\u00e9cifications d&rsquo;alimentation<\/strong><\/p>\n<p>&#8211; Consommation d&rsquo;\u00e9nergie : 55 W \u00e0 pleine puissance<br \/>\n&#8211; Plage d&rsquo;entr\u00e9e universelle : 100 \u00e0 240 VCA \/ 50-60 Hz<br \/>\n&#8211; Longueur du c\u00e2ble : 10 pieds (3,048 m)<br \/>\n&#8211; Conformit\u00e9 r\u00e9glementaire de l&rsquo;adaptateur secteur : UL, CE et RoHS<\/p>\n<p><strong>Contenu de la bo\u00eete<\/strong><\/p>\n<p>&#8211; AI Prime HD<br \/>\n&#8211; Adaptateur secteur<br \/>\n&#8211; Guide de d\u00e9marrage rapide<\/p>\n<p>Rehaussez votre exp\u00e9rience d&rsquo;aquarium d&rsquo;eau douce avec le spectre d&rsquo;eau douce AI Prime HD, l\u00e0 o\u00f9 puissance, efficacit\u00e9 et personnalisation convergent pour la solution d&rsquo;\u00e9clairage aquatique optimale.<\/p>\n","protected":false},"excerpt":{"rendered":"<ul>\n<li>\u00c9talage de 24&Prime; x 24&Prime;<\/li>\n<li>55W \u00e0 pleine puissance<\/li>\n<li>Dimensions : 4,88 po de longueur x 4,88 po de largeur x 1,34 po de hauteur<\/li>\n<li>Contr\u00f4lable via une application<\/li>\n<\/ul>\n","protected":false},"featured_media":10010,"template":"","meta":{"site-sidebar-layout":"default","site-content-layout":"","ast-site-content-layout":"default","site-content-style":"default","site-sidebar-style":"default","ast-global-header-display":"","ast-banner-title-visibility":"","ast-main-header-display":"","ast-hfb-above-header-display":"","ast-hfb-below-header-display":"","ast-hfb-mobile-header-display":"","site-post-title":"","ast-breadcrumbs-content":"","ast-featured-img":"","footer-sml-layout":"","ast-disable-related-posts":"","theme-transparent-header-meta":"default","adv-header-id-meta":"","stick-header-meta":"","header-above-stick-meta":"","header-main-stick-meta":"","header-below-stick-meta":"","astra-migrate-meta-layouts":"set","ast-page-background-enabled":"default","ast-page-background-meta":{"desktop":{"background-color":"","background-image":"","background-repeat":"repeat","background-position":"center center","background-size":"auto","background-attachment":"scroll","background-type":"","background-media":"","overlay-type":"","overlay-color":"","overlay-opacity":"","overlay-gradient":""},"tablet":{"background-color":"","background-image":"","background-repeat":"repeat","background-position":"center center","background-size":"auto","background-attachment":"scroll","background-type":"","background-media":"","overlay-type":"","overlay-color":"","overlay-opacity":"","overlay-gradient":""},"mobile":{"background-color":"","background-image":"","background-repeat":"repeat","background-position":"center center","background-size":"auto","background-attachment":"scroll","background-type":"","background-media":"","overlay-type":"","overlay-color":"","overlay-opacity":"","overlay-gradient":""}},"ast-content-background-meta":{"desktop":{"background-color":"var(--ast-global-color-5)","background-image":"","background-repeat":"repeat","background-position":"center center","background-size":"auto","background-attachment":"scroll","background-type":"","background-media":"","overlay-type":"","overlay-color":"","overlay-opacity":"","overlay-gradient":""},"tablet":{"background-color":"var(--ast-global-color-5)","background-image":"","background-repeat":"repeat","background-position":"center center","background-size":"auto","background-attachment":"scroll","background-type":"","background-media":"","overlay-type":"","overlay-color":"","overlay-opacity":"","overlay-gradient":""},"mobile":{"background-color":"var(--ast-global-color-5)","background-image":"","background-repeat":"repeat","background-position":"center center","background-size":"auto","background-attachment":"scroll","background-type":"","background-media":"","overlay-type":"","overlay-color":"","overlay-opacity":"","overlay-gradient":""}}},"product_brand":[],"product_cat":[1436,424,415],"product_tag":[1180,1060],"class_list":{"0":"post-10317","1":"product","2":"type-product","3":"status-publish","4":"has-post-thumbnail","6":"product_cat-aqua-illumination-fr","7":"product_cat-aquaillumination-eclairage-fr","8":"product_cat-eclairage","9":"product_tag-lighting-fr","10":"product_tag-prime-fr","11":"desktop-align-left","12":"tablet-align-left","13":"mobile-align-left","14":"ast-product-gallery-layout-horizontal-slider","15":"ast-product-tabs-layout-horizontal","17":"first","18":"instock","19":"taxable","20":"shipping-taxable","21":"purchasable","22":"product-type-simple"},"yoast_head":"<!-- This site is optimized with the Yoast SEO plugin v27.2 - https:\/\/yoast.com\/product\/yoast-seo-wordpress\/ -->\n<title>AquaIllumination Prime 16 Lumi\u00e8re Del Eau Douce - Noir | Red Leaf Aquascaping<\/title>\n<meta name=\"description\" content=\"Illuminez votre aquarium d&#039;eau douce avec la puissante AquaIllumination Prime 16. Son design noir \u00e9l\u00e9gant s&#039;int\u00e8gre parfaitement \u00e0 votre environnement aquatique. D\u00e9couvrez une lumi\u00e8re vive et \u00e9quilibr\u00e9e pour sublimer vos plantes et poissons. Optez pour l&#039;excellence avec AquaIllumination.\" \/>\n<meta name=\"robots\" content=\"index, follow, max-snippet:-1, max-image-preview:large, max-video-preview:-1\" \/>\n<link rel=\"canonical\" href=\"https:\/\/redleafaquascaping.com\/fr\/produit\/aquaillumination-prime-16-lumiere-del-eau-douce-noir\/\" \/>\n<meta property=\"og:locale\" content=\"fr_FR\" \/>\n<meta property=\"og:type\" content=\"article\" \/>\n<meta property=\"og:title\" content=\"AquaIllumination Prime 16 Lumi\u00e8re Del Eau Douce - Noir | Red Leaf Aquascaping\" \/>\n<meta property=\"og:description\" content=\"Illuminez votre aquarium d&#039;eau douce avec la puissante AquaIllumination Prime 16. Son design noir \u00e9l\u00e9gant s&#039;int\u00e8gre parfaitement \u00e0 votre environnement aquatique. D\u00e9couvrez une lumi\u00e8re vive et \u00e9quilibr\u00e9e pour sublimer vos plantes et poissons. Optez pour l&#039;excellence avec AquaIllumination.\" \/>\n<meta property=\"og:url\" content=\"https:\/\/redleafaquascaping.com\/fr\/produit\/aquaillumination-prime-16-lumiere-del-eau-douce-noir\/\" \/>\n<meta property=\"og:site_name\" content=\"Red Leaf Aquascaping\" \/>\n<meta property=\"article:publisher\" content=\"https:\/\/www.facebook.com\/Redleafaqua\" \/>\n<meta property=\"article:modified_time\" content=\"2024-03-15T17:26:16+00:00\" \/>\n<meta property=\"og:image\" content=\"https:\/\/redleafaquascaping.com\/wp-content\/uploads\/2023\/11\/aquaillumination-aquaillumination-prime-freshwater.webp\" \/>\n\t<meta property=\"og:image:width\" content=\"770\" \/>\n\t<meta property=\"og:image:height\" content=\"924\" \/>\n\t<meta property=\"og:image:type\" content=\"image\/webp\" \/>\n<meta name=\"twitter:card\" content=\"summary_large_image\" \/>\n<meta name=\"twitter:label1\" content=\"Dur\u00e9e de lecture estim\u00e9e\" \/>\n\t<meta name=\"twitter:data1\" content=\"2 minutes\" \/>\n<script type=\"application\/ld+json\" class=\"yoast-schema-graph\">{\"@context\":\"https:\/\/schema.org\",\"@graph\":[{\"@type\":\"WebPage\",\"@id\":\"https:\/\/redleafaquascaping.com\/fr\/produit\/aquaillumination-prime-16-lumiere-del-eau-douce-noir\/\",\"url\":\"https:\/\/redleafaquascaping.com\/fr\/produit\/aquaillumination-prime-16-lumiere-del-eau-douce-noir\/\",\"name\":\"AquaIllumination Prime 16 Lumi\u00e8re Del Eau Douce - Noir | Red Leaf Aquascaping\",\"isPartOf\":{\"@id\":\"https:\/\/redleafaquascaping.com\/#website\"},\"primaryImageOfPage\":{\"@id\":\"https:\/\/redleafaquascaping.com\/fr\/produit\/aquaillumination-prime-16-lumiere-del-eau-douce-noir\/#primaryimage\"},\"image\":{\"@id\":\"https:\/\/redleafaquascaping.com\/fr\/produit\/aquaillumination-prime-16-lumiere-del-eau-douce-noir\/#primaryimage\"},\"thumbnailUrl\":\"https:\/\/redleafaquascaping.com\/wp-content\/uploads\/2023\/11\/aquaillumination-aquaillumination-prime-freshwater.webp\",\"datePublished\":\"2023-11-29T21:05:41+00:00\",\"dateModified\":\"2024-03-15T17:26:16+00:00\",\"description\":\"Illuminez votre aquarium d'eau douce avec la puissante AquaIllumination Prime 16. Son design noir \u00e9l\u00e9gant s'int\u00e8gre parfaitement \u00e0 votre environnement aquatique. D\u00e9couvrez une lumi\u00e8re vive et \u00e9quilibr\u00e9e pour sublimer vos plantes et poissons. Optez pour l'excellence avec AquaIllumination.\",\"breadcrumb\":{\"@id\":\"https:\/\/redleafaquascaping.com\/fr\/produit\/aquaillumination-prime-16-lumiere-del-eau-douce-noir\/#breadcrumb\"},\"inLanguage\":\"fr-FR\",\"potentialAction\":[{\"@type\":\"ReadAction\",\"target\":[\"https:\/\/redleafaquascaping.com\/fr\/produit\/aquaillumination-prime-16-lumiere-del-eau-douce-noir\/\"]}]},{\"@type\":\"ImageObject\",\"inLanguage\":\"fr-FR\",\"@id\":\"https:\/\/redleafaquascaping.com\/fr\/produit\/aquaillumination-prime-16-lumiere-del-eau-douce-noir\/#primaryimage\",\"url\":\"https:\/\/redleafaquascaping.com\/wp-content\/uploads\/2023\/11\/aquaillumination-aquaillumination-prime-freshwater.webp\",\"contentUrl\":\"https:\/\/redleafaquascaping.com\/wp-content\/uploads\/2023\/11\/aquaillumination-aquaillumination-prime-freshwater.webp\",\"width\":770,\"height\":924},{\"@type\":\"BreadcrumbList\",\"@id\":\"https:\/\/redleafaquascaping.com\/fr\/produit\/aquaillumination-prime-16-lumiere-del-eau-douce-noir\/#breadcrumb\",\"itemListElement\":[{\"@type\":\"ListItem\",\"position\":1,\"name\":\"Home\",\"item\":\"https:\/\/redleafaquascaping.com\/fr\/\"},{\"@type\":\"ListItem\",\"position\":2,\"name\":\"Magasinez\",\"item\":\"https:\/\/redleafaquascaping.com\/fr\/magasinez\/\"},{\"@type\":\"ListItem\",\"position\":3,\"name\":\"AquaIllumination Prime 16 Lumi\u00e8re Del Eau Douce &#8211; Noir\"}]},{\"@type\":\"WebSite\",\"@id\":\"https:\/\/redleafaquascaping.com\/#website\",\"url\":\"https:\/\/redleafaquascaping.com\/\",\"name\":\"Red Leaf Aquascaping\",\"description\":\"Online Aquascaping Equipment Store\",\"publisher\":{\"@id\":\"https:\/\/redleafaquascaping.com\/#organization\"},\"potentialAction\":[{\"@type\":\"SearchAction\",\"target\":{\"@type\":\"EntryPoint\",\"urlTemplate\":\"https:\/\/redleafaquascaping.com\/?s={search_term_string}\"},\"query-input\":{\"@type\":\"PropertyValueSpecification\",\"valueRequired\":true,\"valueName\":\"search_term_string\"}}],\"inLanguage\":\"fr-FR\"},{\"@type\":\"Organization\",\"@id\":\"https:\/\/redleafaquascaping.com\/#organization\",\"name\":\"Aquascaping Red Leaf\",\"alternateName\":\"Red Leaf\",\"url\":\"https:\/\/redleafaquascaping.com\/\",\"logo\":{\"@type\":\"ImageObject\",\"inLanguage\":\"fr-FR\",\"@id\":\"https:\/\/redleafaquascaping.com\/#\/schema\/logo\/image\/\",\"url\":\"https:\/\/redleafaquascaping.com\/wp-content\/uploads\/2024\/08\/logo-seo.jpg\",\"contentUrl\":\"https:\/\/redleafaquascaping.com\/wp-content\/uploads\/2024\/08\/logo-seo.jpg\",\"width\":696,\"height\":696,\"caption\":\"Aquascaping Red Leaf\"},\"image\":{\"@id\":\"https:\/\/redleafaquascaping.com\/#\/schema\/logo\/image\/\"},\"sameAs\":[\"https:\/\/www.facebook.com\/Redleafaqua\"]}]}<\/script>\n<!-- \/ Yoast SEO plugin. -->","yoast_head_json":{"title":"AquaIllumination Prime 16 Lumi\u00e8re Del Eau Douce - Noir | Red Leaf Aquascaping","description":"Illuminez votre aquarium d'eau douce avec la puissante AquaIllumination Prime 16. Son design noir \u00e9l\u00e9gant s'int\u00e8gre parfaitement \u00e0 votre environnement aquatique. D\u00e9couvrez une lumi\u00e8re vive et \u00e9quilibr\u00e9e pour sublimer vos plantes et poissons. Optez pour l'excellence avec AquaIllumination.","robots":{"index":"index","follow":"follow","max-snippet":"max-snippet:-1","max-image-preview":"max-image-preview:large","max-video-preview":"max-video-preview:-1"},"canonical":"https:\/\/redleafaquascaping.com\/fr\/produit\/aquaillumination-prime-16-lumiere-del-eau-douce-noir\/","og_locale":"fr_FR","og_type":"article","og_title":"AquaIllumination Prime 16 Lumi\u00e8re Del Eau Douce - Noir | Red Leaf Aquascaping","og_description":"Illuminez votre aquarium d'eau douce avec la puissante AquaIllumination Prime 16. Son design noir \u00e9l\u00e9gant s'int\u00e8gre parfaitement \u00e0 votre environnement aquatique. D\u00e9couvrez une lumi\u00e8re vive et \u00e9quilibr\u00e9e pour sublimer vos plantes et poissons. Optez pour l'excellence avec AquaIllumination.","og_url":"https:\/\/redleafaquascaping.com\/fr\/produit\/aquaillumination-prime-16-lumiere-del-eau-douce-noir\/","og_site_name":"Red Leaf Aquascaping","article_publisher":"https:\/\/www.facebook.com\/Redleafaqua","article_modified_time":"2024-03-15T17:26:16+00:00","og_image":[{"width":770,"height":924,"url":"https:\/\/redleafaquascaping.com\/wp-content\/uploads\/2023\/11\/aquaillumination-aquaillumination-prime-freshwater.webp","type":"image\/webp"}],"twitter_card":"summary_large_image","twitter_misc":{"Dur\u00e9e de lecture estim\u00e9e":"2 minutes"},"schema":{"@context":"https:\/\/schema.org","@graph":[{"@type":"WebPage","@id":"https:\/\/redleafaquascaping.com\/fr\/produit\/aquaillumination-prime-16-lumiere-del-eau-douce-noir\/","url":"https:\/\/redleafaquascaping.com\/fr\/produit\/aquaillumination-prime-16-lumiere-del-eau-douce-noir\/","name":"AquaIllumination Prime 16 Lumi\u00e8re Del Eau Douce - Noir | Red Leaf Aquascaping","isPartOf":{"@id":"https:\/\/redleafaquascaping.com\/#website"},"primaryImageOfPage":{"@id":"https:\/\/redleafaquascaping.com\/fr\/produit\/aquaillumination-prime-16-lumiere-del-eau-douce-noir\/#primaryimage"},"image":{"@id":"https:\/\/redleafaquascaping.com\/fr\/produit\/aquaillumination-prime-16-lumiere-del-eau-douce-noir\/#primaryimage"},"thumbnailUrl":"https:\/\/redleafaquascaping.com\/wp-content\/uploads\/2023\/11\/aquaillumination-aquaillumination-prime-freshwater.webp","datePublished":"2023-11-29T21:05:41+00:00","dateModified":"2024-03-15T17:26:16+00:00","description":"Illuminez votre aquarium d'eau douce avec la puissante AquaIllumination Prime 16. Son design noir \u00e9l\u00e9gant s'int\u00e8gre parfaitement \u00e0 votre environnement aquatique. D\u00e9couvrez une lumi\u00e8re vive et \u00e9quilibr\u00e9e pour sublimer vos plantes et poissons. Optez pour l'excellence avec AquaIllumination.","breadcrumb":{"@id":"https:\/\/redleafaquascaping.com\/fr\/produit\/aquaillumination-prime-16-lumiere-del-eau-douce-noir\/#breadcrumb"},"inLanguage":"fr-FR","potentialAction":[{"@type":"ReadAction","target":["https:\/\/redleafaquascaping.com\/fr\/produit\/aquaillumination-prime-16-lumiere-del-eau-douce-noir\/"]}]},{"@type":"ImageObject","inLanguage":"fr-FR","@id":"https:\/\/redleafaquascaping.com\/fr\/produit\/aquaillumination-prime-16-lumiere-del-eau-douce-noir\/#primaryimage","url":"https:\/\/redleafaquascaping.com\/wp-content\/uploads\/2023\/11\/aquaillumination-aquaillumination-prime-freshwater.webp","contentUrl":"https:\/\/redleafaquascaping.com\/wp-content\/uploads\/2023\/11\/aquaillumination-aquaillumination-prime-freshwater.webp","width":770,"height":924},{"@type":"BreadcrumbList","@id":"https:\/\/redleafaquascaping.com\/fr\/produit\/aquaillumination-prime-16-lumiere-del-eau-douce-noir\/#breadcrumb","itemListElement":[{"@type":"ListItem","position":1,"name":"Home","item":"https:\/\/redleafaquascaping.com\/fr\/"},{"@type":"ListItem","position":2,"name":"Magasinez","item":"https:\/\/redleafaquascaping.com\/fr\/magasinez\/"},{"@type":"ListItem","position":3,"name":"AquaIllumination Prime 16 Lumi\u00e8re Del Eau Douce &#8211; Noir"}]},{"@type":"WebSite","@id":"https:\/\/redleafaquascaping.com\/#website","url":"https:\/\/redleafaquascaping.com\/","name":"Red Leaf Aquascaping","description":"Online Aquascaping Equipment Store","publisher":{"@id":"https:\/\/redleafaquascaping.com\/#organization"},"potentialAction":[{"@type":"SearchAction","target":{"@type":"EntryPoint","urlTemplate":"https:\/\/redleafaquascaping.com\/?s={search_term_string}"},"query-input":{"@type":"PropertyValueSpecification","valueRequired":true,"valueName":"search_term_string"}}],"inLanguage":"fr-FR"},{"@type":"Organization","@id":"https:\/\/redleafaquascaping.com\/#organization","name":"Aquascaping Red Leaf","alternateName":"Red Leaf","url":"https:\/\/redleafaquascaping.com\/","logo":{"@type":"ImageObject","inLanguage":"fr-FR","@id":"https:\/\/redleafaquascaping.com\/#\/schema\/logo\/image\/","url":"https:\/\/redleafaquascaping.com\/wp-content\/uploads\/2024\/08\/logo-seo.jpg","contentUrl":"https:\/\/redleafaquascaping.com\/wp-content\/uploads\/2024\/08\/logo-seo.jpg","width":696,"height":696,"caption":"Aquascaping Red Leaf"},"image":{"@id":"https:\/\/redleafaquascaping.com\/#\/schema\/logo\/image\/"},"sameAs":["https:\/\/www.facebook.com\/Redleafaqua"]}]}},"_links":{"self":[{"href":"https:\/\/redleafaquascaping.com\/fr\/wp-json\/wp\/v2\/product\/10317","targetHints":{"allow":["GET"]}}],"collection":[{"href":"https:\/\/redleafaquascaping.com\/fr\/wp-json\/wp\/v2\/product"}],"about":[{"href":"https:\/\/redleafaquascaping.com\/fr\/wp-json\/wp\/v2\/types\/product"}],"wp:featuredmedia":[{"embeddable":true,"href":"https:\/\/redleafaquascaping.com\/fr\/wp-json\/wp\/v2\/media\/10010"}],"wp:attachment":[{"href":"https:\/\/redleafaquascaping.com\/fr\/wp-json\/wp\/v2\/media?parent=10317"}],"wp:term":[{"taxonomy":"product_brand","embeddable":true,"href":"https:\/\/redleafaquascaping.com\/fr\/wp-json\/wp\/v2\/product_brand?post=10317"},{"taxonomy":"product_cat","embeddable":true,"href":"https:\/\/redleafaquascaping.com\/fr\/wp-json\/wp\/v2\/product_cat?post=10317"},{"taxonomy":"product_tag","embeddable":true,"href":"https:\/\/redleafaquascaping.com\/fr\/wp-json\/wp\/v2\/product_tag?post=10317"}],"curies":[{"name":"wp","href":"https:\/\/api.w.org\/{rel}","templated":true}]}}