{"id":10377,"date":"2021-09-01T15:34:50","date_gmt":"2023-12-05T20:20:47","guid":{"rendered":"https:\/\/redleafaquascaping.com\/?post_type=product&#038;p=10377"},"modified":"2025-01-29T11:03:59","modified_gmt":"2025-01-29T16:03:59","slug":"eclairage-led-twinstar-s","status":"publish","type":"product","link":"https:\/\/redleafaquascaping.com\/fr\/produit\/eclairage-led-twinstar-s\/","title":{"rendered":"Twinstar DEL Lumi\u00e8re III SM (pattes Fixes)"},"content":{"rendered":"<p><strong>\u00c9clairage LED Twinstar S \u2013 Offrez une lumi\u00e8re parfaite \u00e0 votre aquarium<\/strong><\/p>\n<p>L\u2019<strong>\u00e9clairage LED Twinstar<\/strong>&lt;\/strong&gt; s\u00e9rie S est la solution id\u00e9ale pour illuminer votre aquarium tout en favorisant la croissance des plantes aquatiques. Son spectre lumineux \u00e9quilibr\u00e9 met en valeur les couleurs naturelles des plantes et des poissons. De plus, sa combinaison de LED RGB et blanches offre un rendu harmonieux et naturel.<\/p>\n<h3>Pourquoi choisir cet \u00e9clairage d\u2019aquarium ?<\/h3>\n<p>Tout d\u2019abord, ce mod\u00e8le Twinstar LED est con\u00e7u avec un dissipateur thermique int\u00e9gr\u00e9. Ainsi, il am\u00e9liore la dissipation de la chaleur pour assurer une durabilit\u00e9 prolong\u00e9e. Ensuite, il est disponible en plusieurs tailles pour convenir \u00e0 diff\u00e9rents aquariums.<\/p>\n<ul>\n<li><strong>Spectre lumineux optimis\u00e9 :<\/strong> Un m\u00e9lange parfait de longueurs d\u2019onde (400 \u00e0 700 nm) favorise la photosynth\u00e8se.<\/li>\n<li><strong>Gestion thermique efficace :<\/strong> Le dissipateur int\u00e9gr\u00e9 maintient une temp\u00e9rature stable et prolonge la dur\u00e9e de vie.<\/li>\n<li><strong>Des couleurs \u00e9clatantes :<\/strong> La lumi\u00e8re fait ressortir les teintes naturelles des plantes et des poissons.<\/li>\n<li><strong>Une adaptabilit\u00e9 parfaite :<\/strong> Plusieurs tailles sont disponibles pour r\u00e9pondre aux besoins de chaque aquarium.<\/li>\n<li><strong>D\u00e9velopp\u00e9 avec des experts :<\/strong> Ce mod\u00e8le a \u00e9t\u00e9 con\u00e7u en collaboration avec des aquascapers professionnels.<\/li>\n<\/ul>\n<h3>Un \u00e9clairage performant pour un aquascaping r\u00e9ussi<\/h3>\n<p>Par ailleurs, cet \u00e9clairage am\u00e9liore non seulement l\u2019esth\u00e9tique de votre aquarium, mais aussi la croissance des plantes. En choisissant l\u2019<strong>\u00e9clairage Twinstar<\/strong>, vous b\u00e9n\u00e9ficiez d\u2019une solution fiable et durable. Une combinaison gagnante pour votre aquascaping!<\/p>\n<p>N\u2019attendez plus et procurez-vous d\u00e8s maintenant l\u2019<strong>\u00e9clairage LED Twinstar<\/strong>&lt;\/strong&gt; s\u00e9rie S pour sublimer votre aquarium. Redleaf et Twinstar sont heureux de vous accompagner dans votre aventure aquariophile!<\/p>\n<p><a href=\"https:\/\/redleafaquascaping.com\/fr\/produit\/twinstar-gradateur\/\" target=\"_blank\" rel=\"noopener\">Twinstar gradateur<\/a><\/p>\n<p><a href=\"https:\/\/www.twinstarkorea.com\/twinstar_light\" target=\"_blank\" rel=\"noopener\">Site Twinstar<\/a><\/p>\n","protected":false},"excerpt":{"rendered":"<ul>\n<li>LED RGB \u00e0 spectre complet pour des couleurs vives<\/li>\n<li>Couleur lumineuse attrayante de 6 700 K<\/li>\n<li>Favorise une croissance optimale des plantes&amp;amp;lt;\/li&gt;<\/li>\n<li>Rend les couleurs des poissons plus lumineuses<\/li>\n<\/ul>\n","protected":false},"featured_media":10394,"template":"","meta":{"site-sidebar-layout":"default","site-content-layout":"default","ast-site-content-layout":"default","site-content-style":"default","site-sidebar-style":"default","ast-global-header-display":"","ast-banner-title-visibility":"","ast-main-header-display":"","ast-hfb-above-header-display":"","ast-hfb-below-header-display":"","ast-hfb-mobile-header-display":"","site-post-title":"","ast-breadcrumbs-content":"","ast-featured-img":"","footer-sml-layout":"","ast-disable-related-posts":"","theme-transparent-header-meta":"default","adv-header-id-meta":"","stick-header-meta":"","header-above-stick-meta":"","header-main-stick-meta":"","header-below-stick-meta":"","astra-migrate-meta-layouts":"set","ast-page-background-enabled":"default","ast-page-background-meta":{"desktop":{"background-color":"","background-image":"","background-repeat":"repeat","background-position":"center center","background-size":"auto","background-attachment":"scroll","background-type":"","background-media":"","overlay-type":"","overlay-color":"","overlay-opacity":"","overlay-gradient":""},"tablet":{"background-color":"","background-image":"","background-repeat":"repeat","background-position":"center center","background-size":"auto","background-attachment":"scroll","background-type":"","background-media":"","overlay-type":"","overlay-color":"","overlay-opacity":"","overlay-gradient":""},"mobile":{"background-color":"","background-image":"","background-repeat":"repeat","background-position":"center center","background-size":"auto","background-attachment":"scroll","background-type":"","background-media":"","overlay-type":"","overlay-color":"","overlay-opacity":"","overlay-gradient":""}},"ast-content-background-meta":{"desktop":{"background-color":"var(--ast-global-color-5)","background-image":"","background-repeat":"repeat","background-position":"center center","background-size":"auto","background-attachment":"scroll","background-type":"","background-media":"","overlay-type":"","overlay-color":"","overlay-opacity":"","overlay-gradient":""},"tablet":{"background-color":"var(--ast-global-color-5)","background-image":"","background-repeat":"repeat","background-position":"center center","background-size":"auto","background-attachment":"scroll","background-type":"","background-media":"","overlay-type":"","overlay-color":"","overlay-opacity":"","overlay-gradient":""},"mobile":{"background-color":"var(--ast-global-color-5)","background-image":"","background-repeat":"repeat","background-position":"center center","background-size":"auto","background-attachment":"scroll","background-type":"","background-media":"","overlay-type":"","overlay-color":"","overlay-opacity":"","overlay-gradient":""}}},"product_brand":[],"product_cat":[415,1375,421],"product_tag":[1183,1180,1027,1028,1033,1026,1032],"class_list":{"0":"post-10377","1":"product","2":"type-product","3":"status-publish","4":"has-post-thumbnail","6":"product_cat-eclairage","7":"product_cat-twinstar-fr","8":"product_cat-twinstar-eclairage-fr","9":"product_tag-led-fr","10":"product_tag-lighting-fr","11":"product_tag-lumens-fr","12":"product_tag-lumiere-fr","13":"product_tag-rgbw-fr","14":"product_tag-twinstar-fr","15":"product_tag-wrgb-fr","16":"desktop-align-left","17":"tablet-align-left","18":"mobile-align-left","19":"ast-product-gallery-layout-horizontal-slider","20":"ast-product-single-variable","21":"ast-product-tabs-layout-horizontal","23":"first","24":"instock","25":"taxable","26":"shipping-taxable","27":"purchasable","28":"product-type-variable"},"yoast_head":"<!-- This site is optimized with the Yoast SEO plugin v27.2 - https:\/\/yoast.com\/product\/yoast-seo-wordpress\/ -->\n<title>Twinstar DEL Lumi\u00e8re III SM (pattes Fixes) | \u00e9clairage LED Twinstar<\/title>\n<meta name=\"description\" content=\"L\u2019\u00e9clairage LED Twinstar s\u00e9rie S offre une lumi\u00e8re optimale pour des aquascapes \u00e9clatants avec des plantes luxuriante. L&#039;\u00e9clairage LED Twinstar s\u00e9rie S\" \/>\n<meta name=\"robots\" content=\"index, follow, max-snippet:-1, max-image-preview:large, max-video-preview:-1\" \/>\n<link rel=\"canonical\" href=\"https:\/\/redleafaquascaping.com\/fr\/produit\/eclairage-led-twinstar-s\/\" \/>\n<meta property=\"og:locale\" content=\"fr_FR\" \/>\n<meta property=\"og:type\" content=\"article\" \/>\n<meta property=\"og:title\" content=\"Twinstar DEL Lumi\u00e8re III SM (pattes Fixes) | \u00e9clairage LED Twinstar\" \/>\n<meta property=\"og:description\" content=\"L\u2019\u00e9clairage LED Twinstar s\u00e9rie S offre une lumi\u00e8re optimale pour des aquascapes \u00e9clatants avec des plantes luxuriante. L&#039;\u00e9clairage LED Twinstar s\u00e9rie S\" \/>\n<meta property=\"og:url\" content=\"https:\/\/redleafaquascaping.com\/fr\/produit\/eclairage-led-twinstar-s\/\" \/>\n<meta property=\"og:site_name\" content=\"Red Leaf Aquascaping\" \/>\n<meta property=\"article:publisher\" content=\"https:\/\/www.facebook.com\/Redleafaqua\" \/>\n<meta property=\"article:modified_time\" content=\"2025-01-29T16:03:59+00:00\" \/>\n<meta property=\"og:image\" content=\"https:\/\/redleafaquascaping.com\/wp-content\/uploads\/2021\/09\/twinstar-led-s-series-aquarium-light-fixture-30657277755592_600x.jpg\" \/>\n\t<meta property=\"og:image:width\" content=\"600\" \/>\n\t<meta property=\"og:image:height\" content=\"400\" \/>\n\t<meta property=\"og:image:type\" content=\"image\/jpeg\" \/>\n<meta name=\"twitter:card\" content=\"summary_large_image\" \/>\n<meta name=\"twitter:label1\" content=\"Dur\u00e9e de lecture estim\u00e9e\" \/>\n\t<meta name=\"twitter:data1\" content=\"2 minutes\" \/>\n<script type=\"application\/ld+json\" class=\"yoast-schema-graph\">{\"@context\":\"https:\/\/schema.org\",\"@graph\":[{\"@type\":\"WebPage\",\"@id\":\"https:\/\/redleafaquascaping.com\/fr\/produit\/eclairage-led-twinstar-s\/\",\"url\":\"https:\/\/redleafaquascaping.com\/fr\/produit\/eclairage-led-twinstar-s\/\",\"name\":\"Twinstar DEL Lumi\u00e8re III SM (pattes Fixes) | \u00e9clairage LED Twinstar\",\"isPartOf\":{\"@id\":\"https:\/\/redleafaquascaping.com\/#website\"},\"primaryImageOfPage\":{\"@id\":\"https:\/\/redleafaquascaping.com\/fr\/produit\/eclairage-led-twinstar-s\/#primaryimage\"},\"image\":{\"@id\":\"https:\/\/redleafaquascaping.com\/fr\/produit\/eclairage-led-twinstar-s\/#primaryimage\"},\"thumbnailUrl\":\"https:\/\/redleafaquascaping.com\/wp-content\/uploads\/2021\/09\/twinstar-led-s-series-aquarium-light-fixture-30657277755592_600x.jpg\",\"datePublished\":\"2023-12-05T20:20:47+00:00\",\"dateModified\":\"2025-01-29T16:03:59+00:00\",\"description\":\"L\u2019\u00e9clairage LED Twinstar s\u00e9rie S offre une lumi\u00e8re optimale pour des aquascapes \u00e9clatants avec des plantes luxuriante. L'\u00e9clairage LED Twinstar s\u00e9rie S\",\"breadcrumb\":{\"@id\":\"https:\/\/redleafaquascaping.com\/fr\/produit\/eclairage-led-twinstar-s\/#breadcrumb\"},\"inLanguage\":\"fr-FR\",\"potentialAction\":[{\"@type\":\"ReadAction\",\"target\":[\"https:\/\/redleafaquascaping.com\/fr\/produit\/eclairage-led-twinstar-s\/\"]}]},{\"@type\":\"ImageObject\",\"inLanguage\":\"fr-FR\",\"@id\":\"https:\/\/redleafaquascaping.com\/fr\/produit\/eclairage-led-twinstar-s\/#primaryimage\",\"url\":\"https:\/\/redleafaquascaping.com\/wp-content\/uploads\/2021\/09\/twinstar-led-s-series-aquarium-light-fixture-30657277755592_600x.jpg\",\"contentUrl\":\"https:\/\/redleafaquascaping.com\/wp-content\/uploads\/2021\/09\/twinstar-led-s-series-aquarium-light-fixture-30657277755592_600x.jpg\",\"width\":600,\"height\":400,\"caption\":\"\u00e9clairage LED Twinstar S\"},{\"@type\":\"BreadcrumbList\",\"@id\":\"https:\/\/redleafaquascaping.com\/fr\/produit\/eclairage-led-twinstar-s\/#breadcrumb\",\"itemListElement\":[{\"@type\":\"ListItem\",\"position\":1,\"name\":\"Home\",\"item\":\"https:\/\/redleafaquascaping.com\/fr\/\"},{\"@type\":\"ListItem\",\"position\":2,\"name\":\"Magasinez\",\"item\":\"https:\/\/redleafaquascaping.com\/fr\/magasinez\/\"},{\"@type\":\"ListItem\",\"position\":3,\"name\":\"Twinstar DEL Lumi\u00e8re III SM (pattes Fixes)\"}]},{\"@type\":\"WebSite\",\"@id\":\"https:\/\/redleafaquascaping.com\/#website\",\"url\":\"https:\/\/redleafaquascaping.com\/\",\"name\":\"Red Leaf Aquascaping\",\"description\":\"Online Aquascaping Equipment Store\",\"publisher\":{\"@id\":\"https:\/\/redleafaquascaping.com\/#organization\"},\"potentialAction\":[{\"@type\":\"SearchAction\",\"target\":{\"@type\":\"EntryPoint\",\"urlTemplate\":\"https:\/\/redleafaquascaping.com\/?s={search_term_string}\"},\"query-input\":{\"@type\":\"PropertyValueSpecification\",\"valueRequired\":true,\"valueName\":\"search_term_string\"}}],\"inLanguage\":\"fr-FR\"},{\"@type\":\"Organization\",\"@id\":\"https:\/\/redleafaquascaping.com\/#organization\",\"name\":\"Aquascaping Red Leaf\",\"alternateName\":\"Red Leaf\",\"url\":\"https:\/\/redleafaquascaping.com\/\",\"logo\":{\"@type\":\"ImageObject\",\"inLanguage\":\"fr-FR\",\"@id\":\"https:\/\/redleafaquascaping.com\/#\/schema\/logo\/image\/\",\"url\":\"https:\/\/redleafaquascaping.com\/wp-content\/uploads\/2024\/08\/logo-seo.jpg\",\"contentUrl\":\"https:\/\/redleafaquascaping.com\/wp-content\/uploads\/2024\/08\/logo-seo.jpg\",\"width\":696,\"height\":696,\"caption\":\"Aquascaping Red Leaf\"},\"image\":{\"@id\":\"https:\/\/redleafaquascaping.com\/#\/schema\/logo\/image\/\"},\"sameAs\":[\"https:\/\/www.facebook.com\/Redleafaqua\"]}]}<\/script>\n<!-- \/ Yoast SEO plugin. -->","yoast_head_json":{"title":"Twinstar DEL Lumi\u00e8re III SM (pattes Fixes) | \u00e9clairage LED Twinstar","description":"L\u2019\u00e9clairage LED Twinstar s\u00e9rie S offre une lumi\u00e8re optimale pour des aquascapes \u00e9clatants avec des plantes luxuriante. L'\u00e9clairage LED Twinstar s\u00e9rie S","robots":{"index":"index","follow":"follow","max-snippet":"max-snippet:-1","max-image-preview":"max-image-preview:large","max-video-preview":"max-video-preview:-1"},"canonical":"https:\/\/redleafaquascaping.com\/fr\/produit\/eclairage-led-twinstar-s\/","og_locale":"fr_FR","og_type":"article","og_title":"Twinstar DEL Lumi\u00e8re III SM (pattes Fixes) | \u00e9clairage LED Twinstar","og_description":"L\u2019\u00e9clairage LED Twinstar s\u00e9rie S offre une lumi\u00e8re optimale pour des aquascapes \u00e9clatants avec des plantes luxuriante. L'\u00e9clairage LED Twinstar s\u00e9rie S","og_url":"https:\/\/redleafaquascaping.com\/fr\/produit\/eclairage-led-twinstar-s\/","og_site_name":"Red Leaf Aquascaping","article_publisher":"https:\/\/www.facebook.com\/Redleafaqua","article_modified_time":"2025-01-29T16:03:59+00:00","og_image":[{"width":600,"height":400,"url":"https:\/\/redleafaquascaping.com\/wp-content\/uploads\/2021\/09\/twinstar-led-s-series-aquarium-light-fixture-30657277755592_600x.jpg","type":"image\/jpeg"}],"twitter_card":"summary_large_image","twitter_misc":{"Dur\u00e9e de lecture estim\u00e9e":"2 minutes"},"schema":{"@context":"https:\/\/schema.org","@graph":[{"@type":"WebPage","@id":"https:\/\/redleafaquascaping.com\/fr\/produit\/eclairage-led-twinstar-s\/","url":"https:\/\/redleafaquascaping.com\/fr\/produit\/eclairage-led-twinstar-s\/","name":"Twinstar DEL Lumi\u00e8re III SM (pattes Fixes) | \u00e9clairage LED Twinstar","isPartOf":{"@id":"https:\/\/redleafaquascaping.com\/#website"},"primaryImageOfPage":{"@id":"https:\/\/redleafaquascaping.com\/fr\/produit\/eclairage-led-twinstar-s\/#primaryimage"},"image":{"@id":"https:\/\/redleafaquascaping.com\/fr\/produit\/eclairage-led-twinstar-s\/#primaryimage"},"thumbnailUrl":"https:\/\/redleafaquascaping.com\/wp-content\/uploads\/2021\/09\/twinstar-led-s-series-aquarium-light-fixture-30657277755592_600x.jpg","datePublished":"2023-12-05T20:20:47+00:00","dateModified":"2025-01-29T16:03:59+00:00","description":"L\u2019\u00e9clairage LED Twinstar s\u00e9rie S offre une lumi\u00e8re optimale pour des aquascapes \u00e9clatants avec des plantes luxuriante. L'\u00e9clairage LED Twinstar s\u00e9rie S","breadcrumb":{"@id":"https:\/\/redleafaquascaping.com\/fr\/produit\/eclairage-led-twinstar-s\/#breadcrumb"},"inLanguage":"fr-FR","potentialAction":[{"@type":"ReadAction","target":["https:\/\/redleafaquascaping.com\/fr\/produit\/eclairage-led-twinstar-s\/"]}]},{"@type":"ImageObject","inLanguage":"fr-FR","@id":"https:\/\/redleafaquascaping.com\/fr\/produit\/eclairage-led-twinstar-s\/#primaryimage","url":"https:\/\/redleafaquascaping.com\/wp-content\/uploads\/2021\/09\/twinstar-led-s-series-aquarium-light-fixture-30657277755592_600x.jpg","contentUrl":"https:\/\/redleafaquascaping.com\/wp-content\/uploads\/2021\/09\/twinstar-led-s-series-aquarium-light-fixture-30657277755592_600x.jpg","width":600,"height":400,"caption":"\u00e9clairage LED Twinstar S"},{"@type":"BreadcrumbList","@id":"https:\/\/redleafaquascaping.com\/fr\/produit\/eclairage-led-twinstar-s\/#breadcrumb","itemListElement":[{"@type":"ListItem","position":1,"name":"Home","item":"https:\/\/redleafaquascaping.com\/fr\/"},{"@type":"ListItem","position":2,"name":"Magasinez","item":"https:\/\/redleafaquascaping.com\/fr\/magasinez\/"},{"@type":"ListItem","position":3,"name":"Twinstar DEL Lumi\u00e8re III SM (pattes Fixes)"}]},{"@type":"WebSite","@id":"https:\/\/redleafaquascaping.com\/#website","url":"https:\/\/redleafaquascaping.com\/","name":"Red Leaf Aquascaping","description":"Online Aquascaping Equipment Store","publisher":{"@id":"https:\/\/redleafaquascaping.com\/#organization"},"potentialAction":[{"@type":"SearchAction","target":{"@type":"EntryPoint","urlTemplate":"https:\/\/redleafaquascaping.com\/?s={search_term_string}"},"query-input":{"@type":"PropertyValueSpecification","valueRequired":true,"valueName":"search_term_string"}}],"inLanguage":"fr-FR"},{"@type":"Organization","@id":"https:\/\/redleafaquascaping.com\/#organization","name":"Aquascaping Red Leaf","alternateName":"Red Leaf","url":"https:\/\/redleafaquascaping.com\/","logo":{"@type":"ImageObject","inLanguage":"fr-FR","@id":"https:\/\/redleafaquascaping.com\/#\/schema\/logo\/image\/","url":"https:\/\/redleafaquascaping.com\/wp-content\/uploads\/2024\/08\/logo-seo.jpg","contentUrl":"https:\/\/redleafaquascaping.com\/wp-content\/uploads\/2024\/08\/logo-seo.jpg","width":696,"height":696,"caption":"Aquascaping Red Leaf"},"image":{"@id":"https:\/\/redleafaquascaping.com\/#\/schema\/logo\/image\/"},"sameAs":["https:\/\/www.facebook.com\/Redleafaqua"]}]}},"_links":{"self":[{"href":"https:\/\/redleafaquascaping.com\/fr\/wp-json\/wp\/v2\/product\/10377","targetHints":{"allow":["GET"]}}],"collection":[{"href":"https:\/\/redleafaquascaping.com\/fr\/wp-json\/wp\/v2\/product"}],"about":[{"href":"https:\/\/redleafaquascaping.com\/fr\/wp-json\/wp\/v2\/types\/product"}],"wp:featuredmedia":[{"embeddable":true,"href":"https:\/\/redleafaquascaping.com\/fr\/wp-json\/wp\/v2\/media\/10394"}],"wp:attachment":[{"href":"https:\/\/redleafaquascaping.com\/fr\/wp-json\/wp\/v2\/media?parent=10377"}],"wp:term":[{"taxonomy":"product_brand","embeddable":true,"href":"https:\/\/redleafaquascaping.com\/fr\/wp-json\/wp\/v2\/product_brand?post=10377"},{"taxonomy":"product_cat","embeddable":true,"href":"https:\/\/redleafaquascaping.com\/fr\/wp-json\/wp\/v2\/product_cat?post=10377"},{"taxonomy":"product_tag","embeddable":true,"href":"https:\/\/redleafaquascaping.com\/fr\/wp-json\/wp\/v2\/product_tag?post=10377"}],"curies":[{"name":"wp","href":"https:\/\/api.w.org\/{rel}","templated":true}]}}