{"id":10380,"date":"2023-11-15T10:52:46","date_gmt":"2023-12-05T22:15:05","guid":{"rendered":"https:\/\/redleafaquascaping.com\/?post_type=product&#038;p=10380"},"modified":"2024-03-15T13:28:47","modified_gmt":"2024-03-15T17:28:47","slug":"twinstar-gradateur","status":"publish","type":"product","link":"https:\/\/redleafaquascaping.com\/fr\/produit\/twinstar-gradateur\/","title":{"rendered":"TWINSTAR Gradateur"},"content":{"rendered":"<p>Pr\u00e9sentation du r\u00e9gulateur en ligne TWINSTAR pour un contr\u00f4le sans faille de l&rsquo;\u00e9clairage LED<\/p>\n<p>Rehaussez votre exp\u00e9rience d&rsquo;\u00e9clairage LED Twinstar avec le r\u00e9gulateur en ligne TWINSTAR. M\u00e9ticuleusement con\u00e7u pour \u00eatre compatible avec tous les mod\u00e8les de syst\u00e8me d&rsquo;\u00e9clairage LED Twinstar, cet appareil innovant offre toute une gamme de fonctionnalit\u00e9s, notamment une minuterie int\u00e9gr\u00e9e, un interrupteur pratique marche\/arr\u00eat et des fonctions Lever\/Coucher de soleil. Prenez le contr\u00f4le de l&rsquo;ambiance lumineuse de mani\u00e8re simple, garantissant une configuration d&rsquo;\u00e9clairage sur mesure et sophistiqu\u00e9e pour votre espace. Am\u00e9liorez votre aquarium ou votre environnement int\u00e9rieur avec pr\u00e9cision et facilit\u00e9 gr\u00e2ce au r\u00e9gulateur en ligne TWINSTAR.<\/p>\n<p>&nbsp;<\/p>\n<p>&nbsp;<\/p>\n<p><img fetchpriority=\"high\" decoding=\"async\" class=\"alignnone wp-image-10383\" src=\"https:\/\/redleafaquascaping.com\/wp-content\/uploads\/2023\/12\/0001-208x300.jpg\" alt=\"\" width=\"501\" height=\"723\" srcset=\"https:\/\/redleafaquascaping.com\/wp-content\/uploads\/2023\/12\/0001-208x300.jpg 208w, https:\/\/redleafaquascaping.com\/wp-content\/uploads\/2023\/12\/0001-710x1024.jpg 710w, https:\/\/redleafaquascaping.com\/wp-content\/uploads\/2023\/12\/0001-768x1107.jpg 768w, https:\/\/redleafaquascaping.com\/wp-content\/uploads\/2023\/12\/0001-600x865.jpg 600w, https:\/\/redleafaquascaping.com\/wp-content\/uploads\/2023\/12\/0001.jpg 828w\" sizes=\"(max-width: 501px) 100vw, 501px\" \/><\/p>\n","protected":false},"excerpt":{"rendered":"<ul>\n<li>compatible avec tous les mod\u00e8les de syst\u00e8me d&rsquo;\u00e9clairage LED Twinstar<\/li>\n<li>minuterie int\u00e9gr\u00e9e<\/li>\n<li>fonctions Lever\/Coucher de soleil<\/li>\n<li>interrupteur marche\/arr\u00eat pratique<\/li>\n<\/ul>\n","protected":false},"featured_media":9998,"template":"","meta":{"site-sidebar-layout":"default","site-content-layout":"","ast-site-content-layout":"default","site-content-style":"default","site-sidebar-style":"default","ast-global-header-display":"","ast-banner-title-visibility":"","ast-main-header-display":"","ast-hfb-above-header-display":"","ast-hfb-below-header-display":"","ast-hfb-mobile-header-display":"","site-post-title":"","ast-breadcrumbs-content":"","ast-featured-img":"","footer-sml-layout":"","ast-disable-related-posts":"","theme-transparent-header-meta":"default","adv-header-id-meta":"","stick-header-meta":"","header-above-stick-meta":"","header-main-stick-meta":"","header-below-stick-meta":"","astra-migrate-meta-layouts":"set","ast-page-background-enabled":"default","ast-page-background-meta":{"desktop":{"background-color":"","background-image":"","background-repeat":"repeat","background-position":"center center","background-size":"auto","background-attachment":"scroll","background-type":"","background-media":"","overlay-type":"","overlay-color":"","overlay-opacity":"","overlay-gradient":""},"tablet":{"background-color":"","background-image":"","background-repeat":"repeat","background-position":"center center","background-size":"auto","background-attachment":"scroll","background-type":"","background-media":"","overlay-type":"","overlay-color":"","overlay-opacity":"","overlay-gradient":""},"mobile":{"background-color":"","background-image":"","background-repeat":"repeat","background-position":"center center","background-size":"auto","background-attachment":"scroll","background-type":"","background-media":"","overlay-type":"","overlay-color":"","overlay-opacity":"","overlay-gradient":""}},"ast-content-background-meta":{"desktop":{"background-color":"var(--ast-global-color-5)","background-image":"","background-repeat":"repeat","background-position":"center center","background-size":"auto","background-attachment":"scroll","background-type":"","background-media":"","overlay-type":"","overlay-color":"","overlay-opacity":"","overlay-gradient":""},"tablet":{"background-color":"var(--ast-global-color-5)","background-image":"","background-repeat":"repeat","background-position":"center center","background-size":"auto","background-attachment":"scroll","background-type":"","background-media":"","overlay-type":"","overlay-color":"","overlay-opacity":"","overlay-gradient":""},"mobile":{"background-color":"var(--ast-global-color-5)","background-image":"","background-repeat":"repeat","background-position":"center center","background-size":"auto","background-attachment":"scroll","background-type":"","background-media":"","overlay-type":"","overlay-color":"","overlay-opacity":"","overlay-gradient":""}}},"product_brand":[],"product_cat":[415,1375,421],"product_tag":[1432,1026],"class_list":{"0":"post-10380","1":"product","2":"type-product","3":"status-publish","4":"has-post-thumbnail","6":"product_cat-eclairage","7":"product_cat-twinstar-fr","8":"product_cat-twinstar-eclairage-fr","9":"product_tag-dimmer-fr","10":"product_tag-twinstar-fr","11":"desktop-align-left","12":"tablet-align-left","13":"mobile-align-left","14":"ast-product-gallery-layout-horizontal-slider","15":"ast-product-tabs-layout-horizontal","17":"first","18":"instock","19":"taxable","20":"shipping-taxable","21":"purchasable","22":"product-type-simple"},"yoast_head":"<!-- This site is optimized with the Yoast SEO plugin v27.2 - https:\/\/yoast.com\/product\/yoast-seo-wordpress\/ -->\n<title>TWINSTAR Gradateur | Red Leaf Aquascaping<\/title>\n<meta name=\"description\" content=\"Ma\u00eetrisez l&#039;\u00e9clairage de votre aquarium avec le gradateur Twinstar. Offrant un contr\u00f4le pr\u00e9cis sur l&#039;intensit\u00e9 lumineuse, il garantit un environnement optimal pour vos plantes aquatiques. Plongez dans une exp\u00e9rience aquatique personnalis\u00e9e avec Twinstar.\" \/>\n<meta name=\"robots\" content=\"index, follow, max-snippet:-1, max-image-preview:large, max-video-preview:-1\" \/>\n<link rel=\"canonical\" href=\"https:\/\/redleafaquascaping.com\/fr\/produit\/twinstar-gradateur\/\" \/>\n<meta property=\"og:locale\" content=\"fr_FR\" \/>\n<meta property=\"og:type\" content=\"article\" \/>\n<meta property=\"og:title\" content=\"TWINSTAR Gradateur | Red Leaf Aquascaping\" \/>\n<meta property=\"og:description\" content=\"Ma\u00eetrisez l&#039;\u00e9clairage de votre aquarium avec le gradateur Twinstar. Offrant un contr\u00f4le pr\u00e9cis sur l&#039;intensit\u00e9 lumineuse, il garantit un environnement optimal pour vos plantes aquatiques. Plongez dans une exp\u00e9rience aquatique personnalis\u00e9e avec Twinstar.\" \/>\n<meta property=\"og:url\" content=\"https:\/\/redleafaquascaping.com\/fr\/produit\/twinstar-gradateur\/\" \/>\n<meta property=\"og:site_name\" content=\"Red Leaf Aquascaping\" \/>\n<meta property=\"article:publisher\" content=\"https:\/\/www.facebook.com\/Redleafaqua\" \/>\n<meta property=\"article:modified_time\" content=\"2024-03-15T17:28:47+00:00\" \/>\n<meta property=\"og:image\" content=\"https:\/\/redleafaquascaping.com\/wp-content\/uploads\/2023\/11\/Twinstar-led-dimmer.webp\" \/>\n\t<meta property=\"og:image:width\" content=\"600\" \/>\n\t<meta property=\"og:image:height\" content=\"600\" \/>\n\t<meta property=\"og:image:type\" content=\"image\/webp\" \/>\n<meta name=\"twitter:card\" content=\"summary_large_image\" \/>\n<meta name=\"twitter:label1\" content=\"Dur\u00e9e de lecture estim\u00e9e\" \/>\n\t<meta name=\"twitter:data1\" content=\"1 minute\" \/>\n<script type=\"application\/ld+json\" class=\"yoast-schema-graph\">{\"@context\":\"https:\/\/schema.org\",\"@graph\":[{\"@type\":\"WebPage\",\"@id\":\"https:\/\/redleafaquascaping.com\/fr\/produit\/twinstar-gradateur\/\",\"url\":\"https:\/\/redleafaquascaping.com\/fr\/produit\/twinstar-gradateur\/\",\"name\":\"TWINSTAR Gradateur | Red Leaf Aquascaping\",\"isPartOf\":{\"@id\":\"https:\/\/redleafaquascaping.com\/#website\"},\"primaryImageOfPage\":{\"@id\":\"https:\/\/redleafaquascaping.com\/fr\/produit\/twinstar-gradateur\/#primaryimage\"},\"image\":{\"@id\":\"https:\/\/redleafaquascaping.com\/fr\/produit\/twinstar-gradateur\/#primaryimage\"},\"thumbnailUrl\":\"https:\/\/redleafaquascaping.com\/wp-content\/uploads\/2023\/11\/Twinstar-led-dimmer.webp\",\"datePublished\":\"2023-12-05T22:15:05+00:00\",\"dateModified\":\"2024-03-15T17:28:47+00:00\",\"description\":\"Ma\u00eetrisez l'\u00e9clairage de votre aquarium avec le gradateur Twinstar. Offrant un contr\u00f4le pr\u00e9cis sur l'intensit\u00e9 lumineuse, il garantit un environnement optimal pour vos plantes aquatiques. Plongez dans une exp\u00e9rience aquatique personnalis\u00e9e avec Twinstar.\",\"breadcrumb\":{\"@id\":\"https:\/\/redleafaquascaping.com\/fr\/produit\/twinstar-gradateur\/#breadcrumb\"},\"inLanguage\":\"fr-FR\",\"potentialAction\":[{\"@type\":\"ReadAction\",\"target\":[\"https:\/\/redleafaquascaping.com\/fr\/produit\/twinstar-gradateur\/\"]}]},{\"@type\":\"ImageObject\",\"inLanguage\":\"fr-FR\",\"@id\":\"https:\/\/redleafaquascaping.com\/fr\/produit\/twinstar-gradateur\/#primaryimage\",\"url\":\"https:\/\/redleafaquascaping.com\/wp-content\/uploads\/2023\/11\/Twinstar-led-dimmer.webp\",\"contentUrl\":\"https:\/\/redleafaquascaping.com\/wp-content\/uploads\/2023\/11\/Twinstar-led-dimmer.webp\",\"width\":600,\"height\":600},{\"@type\":\"BreadcrumbList\",\"@id\":\"https:\/\/redleafaquascaping.com\/fr\/produit\/twinstar-gradateur\/#breadcrumb\",\"itemListElement\":[{\"@type\":\"ListItem\",\"position\":1,\"name\":\"Home\",\"item\":\"https:\/\/redleafaquascaping.com\/fr\/\"},{\"@type\":\"ListItem\",\"position\":2,\"name\":\"Magasinez\",\"item\":\"https:\/\/redleafaquascaping.com\/fr\/magasinez\/\"},{\"@type\":\"ListItem\",\"position\":3,\"name\":\"TWINSTAR Gradateur\"}]},{\"@type\":\"WebSite\",\"@id\":\"https:\/\/redleafaquascaping.com\/#website\",\"url\":\"https:\/\/redleafaquascaping.com\/\",\"name\":\"Red Leaf Aquascaping\",\"description\":\"Online Aquascaping Equipment Store\",\"publisher\":{\"@id\":\"https:\/\/redleafaquascaping.com\/#organization\"},\"potentialAction\":[{\"@type\":\"SearchAction\",\"target\":{\"@type\":\"EntryPoint\",\"urlTemplate\":\"https:\/\/redleafaquascaping.com\/?s={search_term_string}\"},\"query-input\":{\"@type\":\"PropertyValueSpecification\",\"valueRequired\":true,\"valueName\":\"search_term_string\"}}],\"inLanguage\":\"fr-FR\"},{\"@type\":\"Organization\",\"@id\":\"https:\/\/redleafaquascaping.com\/#organization\",\"name\":\"Aquascaping Red Leaf\",\"alternateName\":\"Red Leaf\",\"url\":\"https:\/\/redleafaquascaping.com\/\",\"logo\":{\"@type\":\"ImageObject\",\"inLanguage\":\"fr-FR\",\"@id\":\"https:\/\/redleafaquascaping.com\/#\/schema\/logo\/image\/\",\"url\":\"https:\/\/redleafaquascaping.com\/wp-content\/uploads\/2024\/08\/logo-seo.jpg\",\"contentUrl\":\"https:\/\/redleafaquascaping.com\/wp-content\/uploads\/2024\/08\/logo-seo.jpg\",\"width\":696,\"height\":696,\"caption\":\"Aquascaping Red Leaf\"},\"image\":{\"@id\":\"https:\/\/redleafaquascaping.com\/#\/schema\/logo\/image\/\"},\"sameAs\":[\"https:\/\/www.facebook.com\/Redleafaqua\"]}]}<\/script>\n<!-- \/ Yoast SEO plugin. -->","yoast_head_json":{"title":"TWINSTAR Gradateur | Red Leaf Aquascaping","description":"Ma\u00eetrisez l'\u00e9clairage de votre aquarium avec le gradateur Twinstar. Offrant un contr\u00f4le pr\u00e9cis sur l'intensit\u00e9 lumineuse, il garantit un environnement optimal pour vos plantes aquatiques. Plongez dans une exp\u00e9rience aquatique personnalis\u00e9e avec Twinstar.","robots":{"index":"index","follow":"follow","max-snippet":"max-snippet:-1","max-image-preview":"max-image-preview:large","max-video-preview":"max-video-preview:-1"},"canonical":"https:\/\/redleafaquascaping.com\/fr\/produit\/twinstar-gradateur\/","og_locale":"fr_FR","og_type":"article","og_title":"TWINSTAR Gradateur | Red Leaf Aquascaping","og_description":"Ma\u00eetrisez l'\u00e9clairage de votre aquarium avec le gradateur Twinstar. Offrant un contr\u00f4le pr\u00e9cis sur l'intensit\u00e9 lumineuse, il garantit un environnement optimal pour vos plantes aquatiques. Plongez dans une exp\u00e9rience aquatique personnalis\u00e9e avec Twinstar.","og_url":"https:\/\/redleafaquascaping.com\/fr\/produit\/twinstar-gradateur\/","og_site_name":"Red Leaf Aquascaping","article_publisher":"https:\/\/www.facebook.com\/Redleafaqua","article_modified_time":"2024-03-15T17:28:47+00:00","og_image":[{"width":600,"height":600,"url":"https:\/\/redleafaquascaping.com\/wp-content\/uploads\/2023\/11\/Twinstar-led-dimmer.webp","type":"image\/webp"}],"twitter_card":"summary_large_image","twitter_misc":{"Dur\u00e9e de lecture estim\u00e9e":"1 minute"},"schema":{"@context":"https:\/\/schema.org","@graph":[{"@type":"WebPage","@id":"https:\/\/redleafaquascaping.com\/fr\/produit\/twinstar-gradateur\/","url":"https:\/\/redleafaquascaping.com\/fr\/produit\/twinstar-gradateur\/","name":"TWINSTAR Gradateur | Red Leaf Aquascaping","isPartOf":{"@id":"https:\/\/redleafaquascaping.com\/#website"},"primaryImageOfPage":{"@id":"https:\/\/redleafaquascaping.com\/fr\/produit\/twinstar-gradateur\/#primaryimage"},"image":{"@id":"https:\/\/redleafaquascaping.com\/fr\/produit\/twinstar-gradateur\/#primaryimage"},"thumbnailUrl":"https:\/\/redleafaquascaping.com\/wp-content\/uploads\/2023\/11\/Twinstar-led-dimmer.webp","datePublished":"2023-12-05T22:15:05+00:00","dateModified":"2024-03-15T17:28:47+00:00","description":"Ma\u00eetrisez l'\u00e9clairage de votre aquarium avec le gradateur Twinstar. Offrant un contr\u00f4le pr\u00e9cis sur l'intensit\u00e9 lumineuse, il garantit un environnement optimal pour vos plantes aquatiques. Plongez dans une exp\u00e9rience aquatique personnalis\u00e9e avec Twinstar.","breadcrumb":{"@id":"https:\/\/redleafaquascaping.com\/fr\/produit\/twinstar-gradateur\/#breadcrumb"},"inLanguage":"fr-FR","potentialAction":[{"@type":"ReadAction","target":["https:\/\/redleafaquascaping.com\/fr\/produit\/twinstar-gradateur\/"]}]},{"@type":"ImageObject","inLanguage":"fr-FR","@id":"https:\/\/redleafaquascaping.com\/fr\/produit\/twinstar-gradateur\/#primaryimage","url":"https:\/\/redleafaquascaping.com\/wp-content\/uploads\/2023\/11\/Twinstar-led-dimmer.webp","contentUrl":"https:\/\/redleafaquascaping.com\/wp-content\/uploads\/2023\/11\/Twinstar-led-dimmer.webp","width":600,"height":600},{"@type":"BreadcrumbList","@id":"https:\/\/redleafaquascaping.com\/fr\/produit\/twinstar-gradateur\/#breadcrumb","itemListElement":[{"@type":"ListItem","position":1,"name":"Home","item":"https:\/\/redleafaquascaping.com\/fr\/"},{"@type":"ListItem","position":2,"name":"Magasinez","item":"https:\/\/redleafaquascaping.com\/fr\/magasinez\/"},{"@type":"ListItem","position":3,"name":"TWINSTAR Gradateur"}]},{"@type":"WebSite","@id":"https:\/\/redleafaquascaping.com\/#website","url":"https:\/\/redleafaquascaping.com\/","name":"Red Leaf Aquascaping","description":"Online Aquascaping Equipment Store","publisher":{"@id":"https:\/\/redleafaquascaping.com\/#organization"},"potentialAction":[{"@type":"SearchAction","target":{"@type":"EntryPoint","urlTemplate":"https:\/\/redleafaquascaping.com\/?s={search_term_string}"},"query-input":{"@type":"PropertyValueSpecification","valueRequired":true,"valueName":"search_term_string"}}],"inLanguage":"fr-FR"},{"@type":"Organization","@id":"https:\/\/redleafaquascaping.com\/#organization","name":"Aquascaping Red Leaf","alternateName":"Red Leaf","url":"https:\/\/redleafaquascaping.com\/","logo":{"@type":"ImageObject","inLanguage":"fr-FR","@id":"https:\/\/redleafaquascaping.com\/#\/schema\/logo\/image\/","url":"https:\/\/redleafaquascaping.com\/wp-content\/uploads\/2024\/08\/logo-seo.jpg","contentUrl":"https:\/\/redleafaquascaping.com\/wp-content\/uploads\/2024\/08\/logo-seo.jpg","width":696,"height":696,"caption":"Aquascaping Red Leaf"},"image":{"@id":"https:\/\/redleafaquascaping.com\/#\/schema\/logo\/image\/"},"sameAs":["https:\/\/www.facebook.com\/Redleafaqua"]}]}},"_links":{"self":[{"href":"https:\/\/redleafaquascaping.com\/fr\/wp-json\/wp\/v2\/product\/10380","targetHints":{"allow":["GET"]}}],"collection":[{"href":"https:\/\/redleafaquascaping.com\/fr\/wp-json\/wp\/v2\/product"}],"about":[{"href":"https:\/\/redleafaquascaping.com\/fr\/wp-json\/wp\/v2\/types\/product"}],"wp:featuredmedia":[{"embeddable":true,"href":"https:\/\/redleafaquascaping.com\/fr\/wp-json\/wp\/v2\/media\/9998"}],"wp:attachment":[{"href":"https:\/\/redleafaquascaping.com\/fr\/wp-json\/wp\/v2\/media?parent=10380"}],"wp:term":[{"taxonomy":"product_brand","embeddable":true,"href":"https:\/\/redleafaquascaping.com\/fr\/wp-json\/wp\/v2\/product_brand?post=10380"},{"taxonomy":"product_cat","embeddable":true,"href":"https:\/\/redleafaquascaping.com\/fr\/wp-json\/wp\/v2\/product_cat?post=10380"},{"taxonomy":"product_tag","embeddable":true,"href":"https:\/\/redleafaquascaping.com\/fr\/wp-json\/wp\/v2\/product_tag?post=10380"}],"curies":[{"name":"wp","href":"https:\/\/api.w.org\/{rel}","templated":true}]}}