{"id":10715,"date":"2024-02-07T09:27:32","date_gmt":"2024-02-07T14:32:25","guid":{"rendered":"https:\/\/redleafaquascaping.com\/?post_type=product&#038;p=10715"},"modified":"2024-03-15T13:20:17","modified_gmt":"2024-03-15T17:20:17","slug":"ada-cube-garden-nouveau-45f-aquarium-rimless-verre-ultra-haute-clarte","status":"publish","type":"product","link":"https:\/\/redleafaquascaping.com\/fr\/produit\/ada-cube-garden-nouveau-45f-aquarium-rimless-verre-ultra-haute-clarte\/","title":{"rendered":"ADA CUBE GARDEN NOUVEAU 45F AQUARIUM RIMLESS  (VERRE ULTRA HAUTE CLART\u00c9)"},"content":{"rendered":"<p><strong>ADA Cube Garden\u00a0: le summum des aquariums sans rebord<\/strong><\/p>\n<p>Depuis sa cr\u00e9ation en 1994, l&rsquo;ADA Cube Garden a red\u00e9fini les limites de la beaut\u00e9 aquatique, ouvrant la voie \u00e0 une nouvelle \u00e8re pour les amateurs d&rsquo;aquarium. R\u00e9put\u00e9 pour son design sans rebord, le Cube Garden offre une vue d\u00e9gag\u00e9e qui apporte des paysages aquatiques \u00e0 couper le souffle dans votre espace, m\u00ealant art et nature en parfaite harmonie.<\/p>\n<p>Fabriqu\u00e9 avec un d\u00e9vouement sans pr\u00e9c\u00e9dent \u00e0 la qualit\u00e9, chaque aquarium Cube Garden t\u00e9moigne d&rsquo;un savoir-faire authentique et des meilleurs mat\u00e9riaux. Notre engagement envers l&rsquo;excellence garantit que chaque pi\u00e8ce n&rsquo;est pas seulement un aquarium, mais une toile pour cr\u00e9er des paysages aquatiques fascinants qui incarnent notre philosophie : \u00ab\u00a0Cr\u00e9ez quelque chose de plus naturel que la nature. Apportez la nature dans votre vie quotidienne.\u00a0\u00bb<\/p>\n<p><strong>Introduire de nouvelles dimensions \u00e0 vos r\u00eaves d&rsquo;aquascaping<\/strong><\/p>\n<p>Nous sommes ravis d&rsquo;\u00e9largir les possibilit\u00e9s pour les amateurs d&rsquo;aquascaping avec l&rsquo;introduction de nouvelles tailles dans notre gamme Cube Garden. Nos derni\u00e8res offres incluent\u00a0:<\/p>\n<p>&#8211; <strong>L60\u00d7P30\u00d7H25 cm<\/strong> : Id\u00e9ale pour la fabrication de paludariums complexes, cette taille permet un m\u00e9lange parfait d&rsquo;\u00e9l\u00e9ments aquatiques et terrestres dans votre paysage aquatique.<br \/>\n&#8211; L45\u00d7P27\u00d7H20 cm : Sp\u00e9cialement con\u00e7ue pour ceux qui souhaitent explorer la beaut\u00e9 des plantes immerg\u00e9es et des petits mat\u00e9riaux d&rsquo;am\u00e9nagement, cette taille offre une plateforme unique pour la cr\u00e9ativit\u00e9.<\/p>\n<p>Ces ajouts sont soigneusement con\u00e7us pour r\u00e9pondre aux besoins changeants des artistes aquascapeurs, vous permettant de cr\u00e9er des environnements encore plus \u00e9poustouflants et naturalistes. Que vous souhaitiez concevoir une for\u00eat sous-marine luxuriante ou un jardin aquatique serein, les nouvelles tailles de l&rsquo;ADA Cube Garden offrent la polyvalence et l&rsquo;attrait esth\u00e9tique essentiels pour donner vie \u00e0 votre vision.<\/p>\n<p>Explorez les possibilit\u00e9s avec ADA Cube Garden et transformez votre espace en une tranche de nature \u00e0 couper le souffle.<\/p>\n","protected":false},"excerpt":{"rendered":"<ul>\n<li>Fabriqu\u00e9 \u00e0 la main par des artisans sp\u00e9cialis\u00e9s avec du verre de haute qualit\u00e9 et du silicium tr\u00e8s r\u00e9sistant.<\/li>\n<li>Dimension : 45x27x20cm (environ : 18&Prime;x10,63&Prime;x7,87&Prime;)<\/li>\n<li>\u00c9paisseur du verre : 5 mm<\/li>\n<li>Volume\u00a0: 5,8 gallons<\/li>\n<\/ul>\n","protected":false},"featured_media":10712,"template":"","meta":{"site-sidebar-layout":"default","site-content-layout":"","ast-site-content-layout":"default","site-content-style":"default","site-sidebar-style":"default","ast-global-header-display":"","ast-banner-title-visibility":"","ast-main-header-display":"","ast-hfb-above-header-display":"","ast-hfb-below-header-display":"","ast-hfb-mobile-header-display":"","site-post-title":"","ast-breadcrumbs-content":"","ast-featured-img":"","footer-sml-layout":"","ast-disable-related-posts":"","theme-transparent-header-meta":"default","adv-header-id-meta":"","stick-header-meta":"","header-above-stick-meta":"","header-main-stick-meta":"","header-below-stick-meta":"","astra-migrate-meta-layouts":"set","ast-page-background-enabled":"default","ast-page-background-meta":{"desktop":{"background-color":"","background-image":"","background-repeat":"repeat","background-position":"center center","background-size":"auto","background-attachment":"scroll","background-type":"","background-media":"","overlay-type":"","overlay-color":"","overlay-opacity":"","overlay-gradient":""},"tablet":{"background-color":"","background-image":"","background-repeat":"repeat","background-position":"center center","background-size":"auto","background-attachment":"scroll","background-type":"","background-media":"","overlay-type":"","overlay-color":"","overlay-opacity":"","overlay-gradient":""},"mobile":{"background-color":"","background-image":"","background-repeat":"repeat","background-position":"center center","background-size":"auto","background-attachment":"scroll","background-type":"","background-media":"","overlay-type":"","overlay-color":"","overlay-opacity":"","overlay-gradient":""}},"ast-content-background-meta":{"desktop":{"background-color":"var(--ast-global-color-5)","background-image":"","background-repeat":"repeat","background-position":"center center","background-size":"auto","background-attachment":"scroll","background-type":"","background-media":"","overlay-type":"","overlay-color":"","overlay-opacity":"","overlay-gradient":""},"tablet":{"background-color":"var(--ast-global-color-5)","background-image":"","background-repeat":"repeat","background-position":"center center","background-size":"auto","background-attachment":"scroll","background-type":"","background-media":"","overlay-type":"","overlay-color":"","overlay-opacity":"","overlay-gradient":""},"mobile":{"background-color":"var(--ast-global-color-5)","background-image":"","background-repeat":"repeat","background-position":"center center","background-size":"auto","background-attachment":"scroll","background-type":"","background-media":"","overlay-type":"","overlay-color":"","overlay-opacity":"","overlay-gradient":""}}},"product_brand":[],"product_cat":[375,1376,372],"product_tag":[1111,1136,1501,1148],"class_list":{"0":"post-10715","1":"product","2":"type-product","3":"status-publish","4":"has-post-thumbnail","6":"product_cat-ada-aquarium-fr","7":"product_cat-ada-amano-design-aquarium-fr","8":"product_cat-aquarium","9":"product_tag-aquarium-fr","10":"product_tag-cube","11":"product_tag-reservoirs","12":"product_tag-tank-fr","13":"desktop-align-left","14":"tablet-align-left","15":"mobile-align-left","16":"ast-product-gallery-layout-horizontal-slider","17":"ast-product-tabs-layout-horizontal","19":"first","20":"instock","21":"taxable","22":"shipping-taxable","23":"purchasable","24":"product-type-simple"},"yoast_head":"<!-- This site is optimized with the Yoast SEO plugin v27.2 - https:\/\/yoast.com\/product\/yoast-seo-wordpress\/ -->\n<title>ADA CUBE GARDEN NOUVEAU 45F AQUARIUM RIMLESS (VERRE ULTRA HAUTE CLART\u00c9) | Red Leaf Aquascaping<\/title>\n<meta name=\"description\" content=\"D\u00e9couvrez l&#039;excellence de l&#039;aquascaping avec Red Leaf Aquascaping et l&#039;aquarium sans bordure ADA Cube Garden 45F. Fabriqu\u00e9 avec un verre ultra haute clart\u00e9, cet aquarium offre une vue cristalline pour sublimer vos cr\u00e9ations aquatiques. Plongez dans un monde de beaut\u00e9 naturelle avec Red Leaf Aquascaping.\" \/>\n<meta name=\"robots\" content=\"index, follow, max-snippet:-1, max-image-preview:large, max-video-preview:-1\" \/>\n<link rel=\"canonical\" href=\"https:\/\/redleafaquascaping.com\/fr\/produit\/ada-cube-garden-nouveau-45f-aquarium-rimless-verre-ultra-haute-clarte\/\" \/>\n<meta property=\"og:locale\" content=\"fr_FR\" \/>\n<meta property=\"og:type\" content=\"article\" \/>\n<meta property=\"og:title\" content=\"ADA CUBE GARDEN NOUVEAU 45F AQUARIUM RIMLESS (VERRE ULTRA HAUTE CLART\u00c9) | Red Leaf Aquascaping\" \/>\n<meta property=\"og:description\" content=\"D\u00e9couvrez l&#039;excellence de l&#039;aquascaping avec Red Leaf Aquascaping et l&#039;aquarium sans bordure ADA Cube Garden 45F. Fabriqu\u00e9 avec un verre ultra haute clart\u00e9, cet aquarium offre une vue cristalline pour sublimer vos cr\u00e9ations aquatiques. Plongez dans un monde de beaut\u00e9 naturelle avec Red Leaf Aquascaping.\" \/>\n<meta property=\"og:url\" content=\"https:\/\/redleafaquascaping.com\/fr\/produit\/ada-cube-garden-nouveau-45f-aquarium-rimless-verre-ultra-haute-clarte\/\" \/>\n<meta property=\"og:site_name\" content=\"Red Leaf Aquascaping\" \/>\n<meta property=\"article:publisher\" content=\"https:\/\/www.facebook.com\/Redleafaqua\" \/>\n<meta property=\"article:modified_time\" content=\"2024-03-15T17:20:17+00:00\" \/>\n<meta property=\"og:image\" content=\"https:\/\/redleafaquascaping.com\/wp-content\/uploads\/2024\/02\/CubeGarden_45x27x20cm_1024x1024.webp\" \/>\n\t<meta property=\"og:image:width\" content=\"1024\" \/>\n\t<meta property=\"og:image:height\" content=\"1024\" \/>\n\t<meta property=\"og:image:type\" content=\"image\/webp\" \/>\n<meta name=\"twitter:card\" content=\"summary_large_image\" \/>\n<meta name=\"twitter:label1\" content=\"Dur\u00e9e de lecture estim\u00e9e\" \/>\n\t<meta name=\"twitter:data1\" content=\"2 minutes\" \/>\n<script type=\"application\/ld+json\" class=\"yoast-schema-graph\">{\"@context\":\"https:\/\/schema.org\",\"@graph\":[{\"@type\":\"WebPage\",\"@id\":\"https:\/\/redleafaquascaping.com\/fr\/produit\/ada-cube-garden-nouveau-45f-aquarium-rimless-verre-ultra-haute-clarte\/\",\"url\":\"https:\/\/redleafaquascaping.com\/fr\/produit\/ada-cube-garden-nouveau-45f-aquarium-rimless-verre-ultra-haute-clarte\/\",\"name\":\"ADA CUBE GARDEN NOUVEAU 45F AQUARIUM RIMLESS (VERRE ULTRA HAUTE CLART\u00c9) | Red Leaf Aquascaping\",\"isPartOf\":{\"@id\":\"https:\/\/redleafaquascaping.com\/#website\"},\"primaryImageOfPage\":{\"@id\":\"https:\/\/redleafaquascaping.com\/fr\/produit\/ada-cube-garden-nouveau-45f-aquarium-rimless-verre-ultra-haute-clarte\/#primaryimage\"},\"image\":{\"@id\":\"https:\/\/redleafaquascaping.com\/fr\/produit\/ada-cube-garden-nouveau-45f-aquarium-rimless-verre-ultra-haute-clarte\/#primaryimage\"},\"thumbnailUrl\":\"https:\/\/redleafaquascaping.com\/wp-content\/uploads\/2024\/02\/CubeGarden_45x27x20cm_1024x1024.webp\",\"datePublished\":\"2024-02-07T14:32:25+00:00\",\"dateModified\":\"2024-03-15T17:20:17+00:00\",\"description\":\"D\u00e9couvrez l'excellence de l'aquascaping avec Red Leaf Aquascaping et l'aquarium sans bordure ADA Cube Garden 45F. Fabriqu\u00e9 avec un verre ultra haute clart\u00e9, cet aquarium offre une vue cristalline pour sublimer vos cr\u00e9ations aquatiques. Plongez dans un monde de beaut\u00e9 naturelle avec Red Leaf Aquascaping.\",\"breadcrumb\":{\"@id\":\"https:\/\/redleafaquascaping.com\/fr\/produit\/ada-cube-garden-nouveau-45f-aquarium-rimless-verre-ultra-haute-clarte\/#breadcrumb\"},\"inLanguage\":\"fr-FR\",\"potentialAction\":[{\"@type\":\"ReadAction\",\"target\":[\"https:\/\/redleafaquascaping.com\/fr\/produit\/ada-cube-garden-nouveau-45f-aquarium-rimless-verre-ultra-haute-clarte\/\"]}]},{\"@type\":\"ImageObject\",\"inLanguage\":\"fr-FR\",\"@id\":\"https:\/\/redleafaquascaping.com\/fr\/produit\/ada-cube-garden-nouveau-45f-aquarium-rimless-verre-ultra-haute-clarte\/#primaryimage\",\"url\":\"https:\/\/redleafaquascaping.com\/wp-content\/uploads\/2024\/02\/CubeGarden_45x27x20cm_1024x1024.webp\",\"contentUrl\":\"https:\/\/redleafaquascaping.com\/wp-content\/uploads\/2024\/02\/CubeGarden_45x27x20cm_1024x1024.webp\",\"width\":1024,\"height\":1024},{\"@type\":\"BreadcrumbList\",\"@id\":\"https:\/\/redleafaquascaping.com\/fr\/produit\/ada-cube-garden-nouveau-45f-aquarium-rimless-verre-ultra-haute-clarte\/#breadcrumb\",\"itemListElement\":[{\"@type\":\"ListItem\",\"position\":1,\"name\":\"Home\",\"item\":\"https:\/\/redleafaquascaping.com\/fr\/\"},{\"@type\":\"ListItem\",\"position\":2,\"name\":\"Magasinez\",\"item\":\"https:\/\/redleafaquascaping.com\/fr\/magasinez\/\"},{\"@type\":\"ListItem\",\"position\":3,\"name\":\"ADA CUBE GARDEN NOUVEAU 45F AQUARIUM RIMLESS (VERRE ULTRA HAUTE CLART\u00c9)\"}]},{\"@type\":\"WebSite\",\"@id\":\"https:\/\/redleafaquascaping.com\/#website\",\"url\":\"https:\/\/redleafaquascaping.com\/\",\"name\":\"Red Leaf Aquascaping\",\"description\":\"Online Aquascaping Equipment Store\",\"publisher\":{\"@id\":\"https:\/\/redleafaquascaping.com\/#organization\"},\"potentialAction\":[{\"@type\":\"SearchAction\",\"target\":{\"@type\":\"EntryPoint\",\"urlTemplate\":\"https:\/\/redleafaquascaping.com\/?s={search_term_string}\"},\"query-input\":{\"@type\":\"PropertyValueSpecification\",\"valueRequired\":true,\"valueName\":\"search_term_string\"}}],\"inLanguage\":\"fr-FR\"},{\"@type\":\"Organization\",\"@id\":\"https:\/\/redleafaquascaping.com\/#organization\",\"name\":\"Aquascaping Red Leaf\",\"alternateName\":\"Red Leaf\",\"url\":\"https:\/\/redleafaquascaping.com\/\",\"logo\":{\"@type\":\"ImageObject\",\"inLanguage\":\"fr-FR\",\"@id\":\"https:\/\/redleafaquascaping.com\/#\/schema\/logo\/image\/\",\"url\":\"https:\/\/redleafaquascaping.com\/wp-content\/uploads\/2024\/08\/logo-seo.jpg\",\"contentUrl\":\"https:\/\/redleafaquascaping.com\/wp-content\/uploads\/2024\/08\/logo-seo.jpg\",\"width\":696,\"height\":696,\"caption\":\"Aquascaping Red Leaf\"},\"image\":{\"@id\":\"https:\/\/redleafaquascaping.com\/#\/schema\/logo\/image\/\"},\"sameAs\":[\"https:\/\/www.facebook.com\/Redleafaqua\"]}]}<\/script>\n<!-- \/ Yoast SEO plugin. -->","yoast_head_json":{"title":"ADA CUBE GARDEN NOUVEAU 45F AQUARIUM RIMLESS (VERRE ULTRA HAUTE CLART\u00c9) | Red Leaf Aquascaping","description":"D\u00e9couvrez l'excellence de l'aquascaping avec Red Leaf Aquascaping et l'aquarium sans bordure ADA Cube Garden 45F. Fabriqu\u00e9 avec un verre ultra haute clart\u00e9, cet aquarium offre une vue cristalline pour sublimer vos cr\u00e9ations aquatiques. Plongez dans un monde de beaut\u00e9 naturelle avec Red Leaf Aquascaping.","robots":{"index":"index","follow":"follow","max-snippet":"max-snippet:-1","max-image-preview":"max-image-preview:large","max-video-preview":"max-video-preview:-1"},"canonical":"https:\/\/redleafaquascaping.com\/fr\/produit\/ada-cube-garden-nouveau-45f-aquarium-rimless-verre-ultra-haute-clarte\/","og_locale":"fr_FR","og_type":"article","og_title":"ADA CUBE GARDEN NOUVEAU 45F AQUARIUM RIMLESS (VERRE ULTRA HAUTE CLART\u00c9) | Red Leaf Aquascaping","og_description":"D\u00e9couvrez l'excellence de l'aquascaping avec Red Leaf Aquascaping et l'aquarium sans bordure ADA Cube Garden 45F. Fabriqu\u00e9 avec un verre ultra haute clart\u00e9, cet aquarium offre une vue cristalline pour sublimer vos cr\u00e9ations aquatiques. Plongez dans un monde de beaut\u00e9 naturelle avec Red Leaf Aquascaping.","og_url":"https:\/\/redleafaquascaping.com\/fr\/produit\/ada-cube-garden-nouveau-45f-aquarium-rimless-verre-ultra-haute-clarte\/","og_site_name":"Red Leaf Aquascaping","article_publisher":"https:\/\/www.facebook.com\/Redleafaqua","article_modified_time":"2024-03-15T17:20:17+00:00","og_image":[{"width":1024,"height":1024,"url":"https:\/\/redleafaquascaping.com\/wp-content\/uploads\/2024\/02\/CubeGarden_45x27x20cm_1024x1024.webp","type":"image\/webp"}],"twitter_card":"summary_large_image","twitter_misc":{"Dur\u00e9e de lecture estim\u00e9e":"2 minutes"},"schema":{"@context":"https:\/\/schema.org","@graph":[{"@type":"WebPage","@id":"https:\/\/redleafaquascaping.com\/fr\/produit\/ada-cube-garden-nouveau-45f-aquarium-rimless-verre-ultra-haute-clarte\/","url":"https:\/\/redleafaquascaping.com\/fr\/produit\/ada-cube-garden-nouveau-45f-aquarium-rimless-verre-ultra-haute-clarte\/","name":"ADA CUBE GARDEN NOUVEAU 45F AQUARIUM RIMLESS (VERRE ULTRA HAUTE CLART\u00c9) | Red Leaf Aquascaping","isPartOf":{"@id":"https:\/\/redleafaquascaping.com\/#website"},"primaryImageOfPage":{"@id":"https:\/\/redleafaquascaping.com\/fr\/produit\/ada-cube-garden-nouveau-45f-aquarium-rimless-verre-ultra-haute-clarte\/#primaryimage"},"image":{"@id":"https:\/\/redleafaquascaping.com\/fr\/produit\/ada-cube-garden-nouveau-45f-aquarium-rimless-verre-ultra-haute-clarte\/#primaryimage"},"thumbnailUrl":"https:\/\/redleafaquascaping.com\/wp-content\/uploads\/2024\/02\/CubeGarden_45x27x20cm_1024x1024.webp","datePublished":"2024-02-07T14:32:25+00:00","dateModified":"2024-03-15T17:20:17+00:00","description":"D\u00e9couvrez l'excellence de l'aquascaping avec Red Leaf Aquascaping et l'aquarium sans bordure ADA Cube Garden 45F. Fabriqu\u00e9 avec un verre ultra haute clart\u00e9, cet aquarium offre une vue cristalline pour sublimer vos cr\u00e9ations aquatiques. Plongez dans un monde de beaut\u00e9 naturelle avec Red Leaf Aquascaping.","breadcrumb":{"@id":"https:\/\/redleafaquascaping.com\/fr\/produit\/ada-cube-garden-nouveau-45f-aquarium-rimless-verre-ultra-haute-clarte\/#breadcrumb"},"inLanguage":"fr-FR","potentialAction":[{"@type":"ReadAction","target":["https:\/\/redleafaquascaping.com\/fr\/produit\/ada-cube-garden-nouveau-45f-aquarium-rimless-verre-ultra-haute-clarte\/"]}]},{"@type":"ImageObject","inLanguage":"fr-FR","@id":"https:\/\/redleafaquascaping.com\/fr\/produit\/ada-cube-garden-nouveau-45f-aquarium-rimless-verre-ultra-haute-clarte\/#primaryimage","url":"https:\/\/redleafaquascaping.com\/wp-content\/uploads\/2024\/02\/CubeGarden_45x27x20cm_1024x1024.webp","contentUrl":"https:\/\/redleafaquascaping.com\/wp-content\/uploads\/2024\/02\/CubeGarden_45x27x20cm_1024x1024.webp","width":1024,"height":1024},{"@type":"BreadcrumbList","@id":"https:\/\/redleafaquascaping.com\/fr\/produit\/ada-cube-garden-nouveau-45f-aquarium-rimless-verre-ultra-haute-clarte\/#breadcrumb","itemListElement":[{"@type":"ListItem","position":1,"name":"Home","item":"https:\/\/redleafaquascaping.com\/fr\/"},{"@type":"ListItem","position":2,"name":"Magasinez","item":"https:\/\/redleafaquascaping.com\/fr\/magasinez\/"},{"@type":"ListItem","position":3,"name":"ADA CUBE GARDEN NOUVEAU 45F AQUARIUM RIMLESS (VERRE ULTRA HAUTE CLART\u00c9)"}]},{"@type":"WebSite","@id":"https:\/\/redleafaquascaping.com\/#website","url":"https:\/\/redleafaquascaping.com\/","name":"Red Leaf Aquascaping","description":"Online Aquascaping Equipment Store","publisher":{"@id":"https:\/\/redleafaquascaping.com\/#organization"},"potentialAction":[{"@type":"SearchAction","target":{"@type":"EntryPoint","urlTemplate":"https:\/\/redleafaquascaping.com\/?s={search_term_string}"},"query-input":{"@type":"PropertyValueSpecification","valueRequired":true,"valueName":"search_term_string"}}],"inLanguage":"fr-FR"},{"@type":"Organization","@id":"https:\/\/redleafaquascaping.com\/#organization","name":"Aquascaping Red Leaf","alternateName":"Red Leaf","url":"https:\/\/redleafaquascaping.com\/","logo":{"@type":"ImageObject","inLanguage":"fr-FR","@id":"https:\/\/redleafaquascaping.com\/#\/schema\/logo\/image\/","url":"https:\/\/redleafaquascaping.com\/wp-content\/uploads\/2024\/08\/logo-seo.jpg","contentUrl":"https:\/\/redleafaquascaping.com\/wp-content\/uploads\/2024\/08\/logo-seo.jpg","width":696,"height":696,"caption":"Aquascaping Red Leaf"},"image":{"@id":"https:\/\/redleafaquascaping.com\/#\/schema\/logo\/image\/"},"sameAs":["https:\/\/www.facebook.com\/Redleafaqua"]}]}},"_links":{"self":[{"href":"https:\/\/redleafaquascaping.com\/fr\/wp-json\/wp\/v2\/product\/10715","targetHints":{"allow":["GET"]}}],"collection":[{"href":"https:\/\/redleafaquascaping.com\/fr\/wp-json\/wp\/v2\/product"}],"about":[{"href":"https:\/\/redleafaquascaping.com\/fr\/wp-json\/wp\/v2\/types\/product"}],"wp:featuredmedia":[{"embeddable":true,"href":"https:\/\/redleafaquascaping.com\/fr\/wp-json\/wp\/v2\/media\/10712"}],"wp:attachment":[{"href":"https:\/\/redleafaquascaping.com\/fr\/wp-json\/wp\/v2\/media?parent=10715"}],"wp:term":[{"taxonomy":"product_brand","embeddable":true,"href":"https:\/\/redleafaquascaping.com\/fr\/wp-json\/wp\/v2\/product_brand?post=10715"},{"taxonomy":"product_cat","embeddable":true,"href":"https:\/\/redleafaquascaping.com\/fr\/wp-json\/wp\/v2\/product_cat?post=10715"},{"taxonomy":"product_tag","embeddable":true,"href":"https:\/\/redleafaquascaping.com\/fr\/wp-json\/wp\/v2\/product_tag?post=10715"}],"curies":[{"name":"wp","href":"https:\/\/api.w.org\/{rel}","templated":true}]}}