{"id":10877,"date":"2024-07-25T16:10:30","date_gmt":"2024-07-25T20:19:53","guid":{"rendered":"https:\/\/redleafaquascaping.com\/?post_type=product&#038;p=10877"},"modified":"2024-07-25T16:19:54","modified_gmt":"2024-07-25T20:19:54","slug":"snail-safe","status":"publish","type":"product","link":"https:\/\/redleafaquascaping.com\/fr\/produit\/snail-safe\/","title":{"rendered":"Snail Safe"},"content":{"rendered":"<p><strong>GlasGarten Snail Safe<\/strong><\/p>\n<p><strong>Protection pour vos escargots<\/strong><\/p>\n<p>GlasGarten Snail Safe garantit que vos escargots restent en s\u00e9curit\u00e9 dans votre aquarium, les emp\u00eachant de s&rsquo;aventurer \u00e0 l&rsquo;ext\u00e9rieur et de potentiellement se blesser ou se dess\u00e9cher. Les esp\u00e8ces d&rsquo;escargots comme le neritina ornemental, le neritina \u00e0 bandes oranges, le neritina z\u00e9br\u00e9, l&rsquo;escargot soleil et le neritina rouge\u2014appartenant aux genres Neritina, Clithon et Vittina\u2014sont connues pour leur tendance \u00e0 grimper hors des aquariums. Malheureusement, cela conduit souvent \u00e0 leur mort lorsqu&rsquo;ils sont trouv\u00e9s trop tard apr\u00e8s s&rsquo;\u00eatre \u00e9chapp\u00e9s.<\/p>\n<p><strong>Pr\u00e9vention facile avec Snail Safe<\/strong><\/p>\n<p>Avec Snail Safe, vous pouvez facilement pr\u00e9venir ces accidents. Cette protection contre les \u00e9vasions est inoffensive pour tous les habitants de l&rsquo;aquarium mais cr\u00e9e une barri\u00e8re inconfortable pour les escargots. Lorsqu&rsquo;ils touchent Snail Safe avec leurs pieds sensibles, ils font demi-tour et \u00e9vitent de continuer.<\/p>\n<p><strong>Application simple<\/strong><\/p>\n<p>L&rsquo;application de Snail Safe est simple. Il forme un film mince et transparent, cr\u00e9ant une barri\u00e8re l\u00e0 o\u00f9 les escargots ne doivent pas ramper. Snail Safe adh\u00e8re bien aux surfaces s\u00e8ches telles que le verre, le plastique, le bois et le m\u00e9tal, et est hydrofuge.<\/p>\n<p><strong>Instructions d&rsquo;utilisation<\/strong><\/p>\n<p>1. Prenez une petite quantit\u00e9 de Snail Safe sur votre doigt.<br \/>\n2. Appliquez une fine couche sur le bord sup\u00e9rieur sec de l&rsquo;aquarium, en couvrant tout autour.<br \/>\n3. Pour les ouvertures sp\u00e9cifiques du couvercle de l&rsquo;aquarium, appliquez Snail Safe directement autour des ouvertures.<br \/>\n4. Assurez-vous que la surface est s\u00e8che avant l&rsquo;application.<br \/>\n5. V\u00e9rifiez r\u00e9guli\u00e8rement que la barri\u00e8re de protection est intacte et qu&rsquo;il n&rsquo;y a pas de lacunes.<br \/>\n6. Enlevez les r\u00e9sidus facilement avec un essuie-tout sec.<\/p>\n<p>Contenu : 25 ml<\/p>\n","protected":false},"excerpt":{"rendered":"<ul>\n<li>Pr\u00e9vient les \u00e9vasions d&rsquo;escargots<\/li>\n<li>Sans danger pour les habitants de l&rsquo;aquarium<\/li>\n<li>Application facile<\/li>\n<li>Durable et hydrofuge<\/li>\n<\/ul>\n","protected":false},"featured_media":10873,"template":"","meta":{"site-sidebar-layout":"default","site-content-layout":"","ast-site-content-layout":"default","site-content-style":"default","site-sidebar-style":"default","ast-global-header-display":"","ast-banner-title-visibility":"","ast-main-header-display":"","ast-hfb-above-header-display":"","ast-hfb-below-header-display":"","ast-hfb-mobile-header-display":"","site-post-title":"","ast-breadcrumbs-content":"","ast-featured-img":"","footer-sml-layout":"","ast-disable-related-posts":"","theme-transparent-header-meta":"default","adv-header-id-meta":"","stick-header-meta":"","header-above-stick-meta":"","header-main-stick-meta":"","header-below-stick-meta":"","astra-migrate-meta-layouts":"set","ast-page-background-enabled":"default","ast-page-background-meta":{"desktop":{"background-color":"","background-image":"","background-repeat":"repeat","background-position":"center center","background-size":"auto","background-attachment":"scroll","background-type":"","background-media":"","overlay-type":"","overlay-color":"","overlay-opacity":"","overlay-gradient":""},"tablet":{"background-color":"","background-image":"","background-repeat":"repeat","background-position":"center center","background-size":"auto","background-attachment":"scroll","background-type":"","background-media":"","overlay-type":"","overlay-color":"","overlay-opacity":"","overlay-gradient":""},"mobile":{"background-color":"","background-image":"","background-repeat":"repeat","background-position":"center center","background-size":"auto","background-attachment":"scroll","background-type":"","background-media":"","overlay-type":"","overlay-color":"","overlay-opacity":"","overlay-gradient":""}},"ast-content-background-meta":{"desktop":{"background-color":"var(--ast-global-color-5)","background-image":"","background-repeat":"repeat","background-position":"center center","background-size":"auto","background-attachment":"scroll","background-type":"","background-media":"","overlay-type":"","overlay-color":"","overlay-opacity":"","overlay-gradient":""},"tablet":{"background-color":"var(--ast-global-color-5)","background-image":"","background-repeat":"repeat","background-position":"center center","background-size":"auto","background-attachment":"scroll","background-type":"","background-media":"","overlay-type":"","overlay-color":"","overlay-opacity":"","overlay-gradient":""},"mobile":{"background-color":"var(--ast-global-color-5)","background-image":"","background-repeat":"repeat","background-position":"center center","background-size":"auto","background-attachment":"scroll","background-type":"","background-media":"","overlay-type":"","overlay-color":"","overlay-opacity":"","overlay-gradient":""}}},"product_brand":[],"product_cat":[962,1371,369],"product_tag":[1161],"class_list":{"0":"post-10877","1":"product","2":"type-product","3":"status-publish","4":"has-post-thumbnail","6":"product_cat-crevettes","7":"product_cat-glas-garten-fr","8":"product_cat-outils-de-maintenance","9":"product_tag-snail-fr","10":"desktop-align-left","11":"tablet-align-left","12":"mobile-align-left","13":"ast-product-gallery-layout-horizontal-slider","14":"ast-product-tabs-layout-horizontal","16":"first","17":"outofstock","18":"taxable","19":"shipping-taxable","20":"purchasable","21":"product-type-simple"},"yoast_head":"<!-- This site is optimized with the Yoast SEO plugin v27.2 - https:\/\/yoast.com\/product\/yoast-seo-wordpress\/ -->\n<title>Snail Safe | Red Leaf Aquascaping<\/title>\n<meta name=\"robots\" content=\"index, follow, max-snippet:-1, max-image-preview:large, max-video-preview:-1\" \/>\n<link rel=\"canonical\" href=\"https:\/\/redleafaquascaping.com\/produit\/snail-safe\/\" \/>\n<meta property=\"og:locale\" content=\"fr_FR\" \/>\n<meta property=\"og:type\" content=\"article\" \/>\n<meta property=\"og:title\" content=\"Snail Safe | Red Leaf Aquascaping\" \/>\n<meta property=\"og:description\" content=\"Pr\u00e9vient les \u00e9vasions d&#039;escargots  Sans danger pour les habitants de l&#039;aquarium  Application facile  Durable et hydrofuge\" \/>\n<meta property=\"og:url\" content=\"https:\/\/redleafaquascaping.com\/produit\/snail-safe\/\" \/>\n<meta property=\"og:site_name\" content=\"Red Leaf Aquascaping\" \/>\n<meta property=\"article:publisher\" content=\"https:\/\/www.facebook.com\/Redleafaqua\" \/>\n<meta property=\"article:modified_time\" content=\"2024-07-25T20:19:54+00:00\" \/>\n<meta property=\"og:image\" content=\"https:\/\/redleafaquascaping.com\/wp-content\/uploads\/2024\/07\/snail-safe01.jpg\" \/>\n\t<meta property=\"og:image:width\" content=\"1200\" \/>\n\t<meta property=\"og:image:height\" content=\"900\" \/>\n\t<meta property=\"og:image:type\" content=\"image\/jpeg\" \/>\n<meta name=\"twitter:card\" content=\"summary_large_image\" \/>\n<meta name=\"twitter:label1\" content=\"Dur\u00e9e de lecture estim\u00e9e\" \/>\n\t<meta name=\"twitter:data1\" content=\"2 minutes\" \/>\n<script type=\"application\/ld+json\" class=\"yoast-schema-graph\">{\"@context\":\"https:\/\/schema.org\",\"@graph\":[{\"@type\":\"WebPage\",\"@id\":\"https:\/\/redleafaquascaping.com\/produit\/snail-safe\/\",\"url\":\"https:\/\/redleafaquascaping.com\/produit\/snail-safe\/\",\"name\":\"Snail Safe | Red Leaf Aquascaping\",\"isPartOf\":{\"@id\":\"https:\/\/redleafaquascaping.com\/#website\"},\"primaryImageOfPage\":{\"@id\":\"https:\/\/redleafaquascaping.com\/produit\/snail-safe\/#primaryimage\"},\"image\":{\"@id\":\"https:\/\/redleafaquascaping.com\/produit\/snail-safe\/#primaryimage\"},\"thumbnailUrl\":\"https:\/\/redleafaquascaping.com\/wp-content\/uploads\/2024\/07\/snail-safe01.jpg\",\"datePublished\":\"2024-07-25T20:19:53+00:00\",\"dateModified\":\"2024-07-25T20:19:54+00:00\",\"breadcrumb\":{\"@id\":\"https:\/\/redleafaquascaping.com\/produit\/snail-safe\/#breadcrumb\"},\"inLanguage\":\"fr-FR\",\"potentialAction\":[{\"@type\":\"ReadAction\",\"target\":[\"https:\/\/redleafaquascaping.com\/produit\/snail-safe\/\"]}]},{\"@type\":\"ImageObject\",\"inLanguage\":\"fr-FR\",\"@id\":\"https:\/\/redleafaquascaping.com\/produit\/snail-safe\/#primaryimage\",\"url\":\"https:\/\/redleafaquascaping.com\/wp-content\/uploads\/2024\/07\/snail-safe01.jpg\",\"contentUrl\":\"https:\/\/redleafaquascaping.com\/wp-content\/uploads\/2024\/07\/snail-safe01.jpg\",\"width\":1200,\"height\":900},{\"@type\":\"BreadcrumbList\",\"@id\":\"https:\/\/redleafaquascaping.com\/produit\/snail-safe\/#breadcrumb\",\"itemListElement\":[{\"@type\":\"ListItem\",\"position\":1,\"name\":\"Home\",\"item\":\"https:\/\/redleafaquascaping.com\/fr\/\"},{\"@type\":\"ListItem\",\"position\":2,\"name\":\"Magasinez\",\"item\":\"https:\/\/redleafaquascaping.com\/fr\/magasinez\/\"},{\"@type\":\"ListItem\",\"position\":3,\"name\":\"Snail Safe\"}]},{\"@type\":\"WebSite\",\"@id\":\"https:\/\/redleafaquascaping.com\/#website\",\"url\":\"https:\/\/redleafaquascaping.com\/\",\"name\":\"Red Leaf Aquascaping\",\"description\":\"Online Aquascaping Equipment Store\",\"publisher\":{\"@id\":\"https:\/\/redleafaquascaping.com\/#organization\"},\"potentialAction\":[{\"@type\":\"SearchAction\",\"target\":{\"@type\":\"EntryPoint\",\"urlTemplate\":\"https:\/\/redleafaquascaping.com\/?s={search_term_string}\"},\"query-input\":{\"@type\":\"PropertyValueSpecification\",\"valueRequired\":true,\"valueName\":\"search_term_string\"}}],\"inLanguage\":\"fr-FR\"},{\"@type\":\"Organization\",\"@id\":\"https:\/\/redleafaquascaping.com\/#organization\",\"name\":\"Aquascaping Red Leaf\",\"alternateName\":\"Red Leaf\",\"url\":\"https:\/\/redleafaquascaping.com\/\",\"logo\":{\"@type\":\"ImageObject\",\"inLanguage\":\"fr-FR\",\"@id\":\"https:\/\/redleafaquascaping.com\/#\/schema\/logo\/image\/\",\"url\":\"https:\/\/redleafaquascaping.com\/wp-content\/uploads\/2024\/08\/logo-seo.jpg\",\"contentUrl\":\"https:\/\/redleafaquascaping.com\/wp-content\/uploads\/2024\/08\/logo-seo.jpg\",\"width\":696,\"height\":696,\"caption\":\"Aquascaping Red Leaf\"},\"image\":{\"@id\":\"https:\/\/redleafaquascaping.com\/#\/schema\/logo\/image\/\"},\"sameAs\":[\"https:\/\/www.facebook.com\/Redleafaqua\"]}]}<\/script>\n<!-- \/ Yoast SEO plugin. -->","yoast_head_json":{"title":"Snail Safe | Red Leaf Aquascaping","robots":{"index":"index","follow":"follow","max-snippet":"max-snippet:-1","max-image-preview":"max-image-preview:large","max-video-preview":"max-video-preview:-1"},"canonical":"https:\/\/redleafaquascaping.com\/produit\/snail-safe\/","og_locale":"fr_FR","og_type":"article","og_title":"Snail Safe | Red Leaf Aquascaping","og_description":"Pr\u00e9vient les \u00e9vasions d'escargots  Sans danger pour les habitants de l'aquarium  Application facile  Durable et hydrofuge","og_url":"https:\/\/redleafaquascaping.com\/produit\/snail-safe\/","og_site_name":"Red Leaf Aquascaping","article_publisher":"https:\/\/www.facebook.com\/Redleafaqua","article_modified_time":"2024-07-25T20:19:54+00:00","og_image":[{"width":1200,"height":900,"url":"https:\/\/redleafaquascaping.com\/wp-content\/uploads\/2024\/07\/snail-safe01.jpg","type":"image\/jpeg"}],"twitter_card":"summary_large_image","twitter_misc":{"Dur\u00e9e de lecture estim\u00e9e":"2 minutes"},"schema":{"@context":"https:\/\/schema.org","@graph":[{"@type":"WebPage","@id":"https:\/\/redleafaquascaping.com\/produit\/snail-safe\/","url":"https:\/\/redleafaquascaping.com\/produit\/snail-safe\/","name":"Snail Safe | Red Leaf Aquascaping","isPartOf":{"@id":"https:\/\/redleafaquascaping.com\/#website"},"primaryImageOfPage":{"@id":"https:\/\/redleafaquascaping.com\/produit\/snail-safe\/#primaryimage"},"image":{"@id":"https:\/\/redleafaquascaping.com\/produit\/snail-safe\/#primaryimage"},"thumbnailUrl":"https:\/\/redleafaquascaping.com\/wp-content\/uploads\/2024\/07\/snail-safe01.jpg","datePublished":"2024-07-25T20:19:53+00:00","dateModified":"2024-07-25T20:19:54+00:00","breadcrumb":{"@id":"https:\/\/redleafaquascaping.com\/produit\/snail-safe\/#breadcrumb"},"inLanguage":"fr-FR","potentialAction":[{"@type":"ReadAction","target":["https:\/\/redleafaquascaping.com\/produit\/snail-safe\/"]}]},{"@type":"ImageObject","inLanguage":"fr-FR","@id":"https:\/\/redleafaquascaping.com\/produit\/snail-safe\/#primaryimage","url":"https:\/\/redleafaquascaping.com\/wp-content\/uploads\/2024\/07\/snail-safe01.jpg","contentUrl":"https:\/\/redleafaquascaping.com\/wp-content\/uploads\/2024\/07\/snail-safe01.jpg","width":1200,"height":900},{"@type":"BreadcrumbList","@id":"https:\/\/redleafaquascaping.com\/produit\/snail-safe\/#breadcrumb","itemListElement":[{"@type":"ListItem","position":1,"name":"Home","item":"https:\/\/redleafaquascaping.com\/fr\/"},{"@type":"ListItem","position":2,"name":"Magasinez","item":"https:\/\/redleafaquascaping.com\/fr\/magasinez\/"},{"@type":"ListItem","position":3,"name":"Snail Safe"}]},{"@type":"WebSite","@id":"https:\/\/redleafaquascaping.com\/#website","url":"https:\/\/redleafaquascaping.com\/","name":"Red Leaf Aquascaping","description":"Online Aquascaping Equipment Store","publisher":{"@id":"https:\/\/redleafaquascaping.com\/#organization"},"potentialAction":[{"@type":"SearchAction","target":{"@type":"EntryPoint","urlTemplate":"https:\/\/redleafaquascaping.com\/?s={search_term_string}"},"query-input":{"@type":"PropertyValueSpecification","valueRequired":true,"valueName":"search_term_string"}}],"inLanguage":"fr-FR"},{"@type":"Organization","@id":"https:\/\/redleafaquascaping.com\/#organization","name":"Aquascaping Red Leaf","alternateName":"Red Leaf","url":"https:\/\/redleafaquascaping.com\/","logo":{"@type":"ImageObject","inLanguage":"fr-FR","@id":"https:\/\/redleafaquascaping.com\/#\/schema\/logo\/image\/","url":"https:\/\/redleafaquascaping.com\/wp-content\/uploads\/2024\/08\/logo-seo.jpg","contentUrl":"https:\/\/redleafaquascaping.com\/wp-content\/uploads\/2024\/08\/logo-seo.jpg","width":696,"height":696,"caption":"Aquascaping Red Leaf"},"image":{"@id":"https:\/\/redleafaquascaping.com\/#\/schema\/logo\/image\/"},"sameAs":["https:\/\/www.facebook.com\/Redleafaqua"]}]}},"_links":{"self":[{"href":"https:\/\/redleafaquascaping.com\/fr\/wp-json\/wp\/v2\/product\/10877","targetHints":{"allow":["GET"]}}],"collection":[{"href":"https:\/\/redleafaquascaping.com\/fr\/wp-json\/wp\/v2\/product"}],"about":[{"href":"https:\/\/redleafaquascaping.com\/fr\/wp-json\/wp\/v2\/types\/product"}],"wp:featuredmedia":[{"embeddable":true,"href":"https:\/\/redleafaquascaping.com\/fr\/wp-json\/wp\/v2\/media\/10873"}],"wp:attachment":[{"href":"https:\/\/redleafaquascaping.com\/fr\/wp-json\/wp\/v2\/media?parent=10877"}],"wp:term":[{"taxonomy":"product_brand","embeddable":true,"href":"https:\/\/redleafaquascaping.com\/fr\/wp-json\/wp\/v2\/product_brand?post=10877"},{"taxonomy":"product_cat","embeddable":true,"href":"https:\/\/redleafaquascaping.com\/fr\/wp-json\/wp\/v2\/product_cat?post=10877"},{"taxonomy":"product_tag","embeddable":true,"href":"https:\/\/redleafaquascaping.com\/fr\/wp-json\/wp\/v2\/product_tag?post=10877"}],"curies":[{"name":"wp","href":"https:\/\/api.w.org\/{rel}","templated":true}]}}