{"id":10886,"date":"2024-07-30T16:17:35","date_gmt":"2024-07-30T20:26:56","guid":{"rendered":"https:\/\/redleafaquascaping.com\/?post_type=product&#038;p=10886"},"modified":"2024-07-30T16:26:56","modified_gmt":"2024-07-30T20:26:56","slug":"glasgarten-mineral-artemia-cubes","status":"publish","type":"product","link":"https:\/\/redleafaquascaping.com\/fr\/produit\/glasgarten-mineral-artemia-cubes\/","title":{"rendered":"GlasGarten Mineral Artemia Cubes"},"content":{"rendered":"<p><strong>Cubes de Min\u00e9raux et d&rsquo;Artemia GlasGarten<\/strong><\/p>\n<p><strong>Aliment Compl\u00e9mentaire pour Crevettes Ornementales, Escargots, \u00c9crevisses et Crabes<\/strong><\/p>\n<p>Nos cubes de min\u00e9raux et d&rsquo;artemia contiennent non seulement des min\u00e9raux essentiels, mais aussi des \u0153ufs d&rsquo;artemia d\u00e9capsul\u00e9s, offrant un suppl\u00e9ment de prot\u00e9ines que les crevettes et les escargots adorent. Cela aide \u00e0 am\u00e9liorer la r\u00e9g\u00e9n\u00e9ration et la forme physique de vos habitants d&rsquo;aquarium.<\/p>\n<p>Les min\u00e9raux pr\u00e9sents dans ces cubes se dissolvent progressivement dans l&rsquo;eau de l&rsquo;aquarium, am\u00e9liorant la microbiologie du filtre et du substrat. Ils sont essentiels pour une mue r\u00e9ussie chez les crevettes, les \u00e9crevisses et les crabes, et aident \u00e0 pr\u00e9venir les piq\u00fbres dans les coquilles des escargots. Les escargots utilisent \u00e9galement ces min\u00e9raux pour r\u00e9parer tout dommage existant sur leurs coquilles.<\/p>\n<p>Les cubes de min\u00e9raux et d&rsquo;artemia peuvent rester dans l&rsquo;aquarium jusqu&rsquo;\u00e0 \u00eatre enti\u00e8rement consomm\u00e9s ou dissous, sans polluer l&rsquo;eau.<\/p>\n<p><strong>Avantages Cl\u00e9s :<\/strong><br \/>\n&#8211; Fabriqu\u00e9s \u00e0 partir d&rsquo;ingr\u00e9dients 100% naturels<br \/>\n&#8211; Augmente progressivement la duret\u00e9 totale (GH) et la conductivit\u00e9 de l&rsquo;eau, ce qui est s\u00fbr et b\u00e9n\u00e9fique lorsqu&rsquo;ils sont utilis\u00e9s comme recommand\u00e9<br \/>\n&#8211; Am\u00e9liore la sant\u00e9 et la vitalit\u00e9 des crevettes, escargots, \u00e9crevisses et crabes<\/p>\n<p><strong>Recommandation d&rsquo;Alimentation :<\/strong><br \/>\nPlacez un cube dans l&rsquo;aquarium. Vos crevettes, escargots et \u00e9crevisses le grignoteront, lib\u00e9rant des min\u00e9raux dans l&rsquo;eau. Utilisez un cube par aquarium de 20 gallons.<\/p>\n<p><strong>Ingr\u00e9dients :<\/strong><br \/>\nMin\u00e9raux, art\u00e9mia, poivre<\/p>\n<p><strong>Contenu du Pot :<\/strong><br \/>\n8 cubes<\/p>\n<p><strong>Dimensions :<\/strong><br \/>\nCubes de Min\u00e9raux : env. 10 x 10 x 10 mm<\/p>\n<p>Am\u00e9liorez le bien-\u00eatre de vos animaux aquatiques avec les cubes de min\u00e9raux et d&rsquo;artemia GlasGarten d\u00e8s aujourd&rsquo;hui !<\/p>\n","protected":false},"excerpt":{"rendered":"<ul>\n<li>Boost Nutritionnel<\/li>\n<li>Soutient la Mue et la R\u00e9paration des Coquilles<\/li>\n<li>Utilisation Facile et S\u00fbre<\/li>\n<\/ul>\n","protected":false},"featured_media":10885,"template":"","meta":{"site-sidebar-layout":"default","site-content-layout":"","ast-site-content-layout":"default","site-content-style":"default","site-sidebar-style":"default","ast-global-header-display":"","ast-banner-title-visibility":"","ast-main-header-display":"","ast-hfb-above-header-display":"","ast-hfb-below-header-display":"","ast-hfb-mobile-header-display":"","site-post-title":"","ast-breadcrumbs-content":"","ast-featured-img":"","footer-sml-layout":"","ast-disable-related-posts":"","theme-transparent-header-meta":"default","adv-header-id-meta":"","stick-header-meta":"","header-above-stick-meta":"","header-main-stick-meta":"","header-below-stick-meta":"","astra-migrate-meta-layouts":"set","ast-page-background-enabled":"default","ast-page-background-meta":{"desktop":{"background-color":"","background-image":"","background-repeat":"repeat","background-position":"center center","background-size":"auto","background-attachment":"scroll","background-type":"","background-media":"","overlay-type":"","overlay-color":"","overlay-opacity":"","overlay-gradient":""},"tablet":{"background-color":"","background-image":"","background-repeat":"repeat","background-position":"center center","background-size":"auto","background-attachment":"scroll","background-type":"","background-media":"","overlay-type":"","overlay-color":"","overlay-opacity":"","overlay-gradient":""},"mobile":{"background-color":"","background-image":"","background-repeat":"repeat","background-position":"center center","background-size":"auto","background-attachment":"scroll","background-type":"","background-media":"","overlay-type":"","overlay-color":"","overlay-opacity":"","overlay-gradient":""}},"ast-content-background-meta":{"desktop":{"background-color":"var(--ast-global-color-5)","background-image":"","background-repeat":"repeat","background-position":"center center","background-size":"auto","background-attachment":"scroll","background-type":"","background-media":"","overlay-type":"","overlay-color":"","overlay-opacity":"","overlay-gradient":""},"tablet":{"background-color":"var(--ast-global-color-5)","background-image":"","background-repeat":"repeat","background-position":"center center","background-size":"auto","background-attachment":"scroll","background-type":"","background-media":"","overlay-type":"","overlay-color":"","overlay-opacity":"","overlay-gradient":""},"mobile":{"background-color":"var(--ast-global-color-5)","background-image":"","background-repeat":"repeat","background-position":"center center","background-size":"auto","background-attachment":"scroll","background-type":"","background-media":"","overlay-type":"","overlay-color":"","overlay-opacity":"","overlay-gradient":""}}},"product_brand":[],"product_cat":[962,1371,1389],"product_tag":[1088,1191,1474,1037],"class_list":{"0":"post-10886","1":"product","2":"type-product","3":"status-publish","4":"has-post-thumbnail","6":"product_cat-crevettes","7":"product_cat-glas-garten-fr","8":"product_cat-nutrition-pour-crevettes","9":"product_tag-artemia-fr","10":"product_tag-mineral-fr","11":"product_tag-nutrition-fr","12":"product_tag-shrimp-fr-2","13":"desktop-align-left","14":"tablet-align-left","15":"mobile-align-left","16":"ast-product-gallery-layout-horizontal-slider","17":"ast-product-gallery-with-no-image","18":"ast-product-tabs-layout-horizontal","20":"first","21":"instock","22":"taxable","23":"shipping-taxable","24":"purchasable","25":"product-type-simple"},"yoast_head":"<!-- This site is optimized with the Yoast SEO plugin v27.2 - https:\/\/yoast.com\/product\/yoast-seo-wordpress\/ -->\n<title>GlasGarten Mineral Artemia Cubes | Red Leaf Aquascaping<\/title>\n<meta name=\"robots\" content=\"index, follow, max-snippet:-1, max-image-preview:large, max-video-preview:-1\" \/>\n<link rel=\"canonical\" href=\"https:\/\/redleafaquascaping.com\/fr\/produit\/glasgarten-mineral-artemia-cubes\/\" \/>\n<meta property=\"og:locale\" content=\"fr_FR\" \/>\n<meta property=\"og:type\" content=\"article\" \/>\n<meta property=\"og:title\" content=\"GlasGarten Mineral Artemia Cubes | Red Leaf Aquascaping\" \/>\n<meta property=\"og:description\" content=\"Boost Nutritionnel  Soutient la Mue et la R\u00e9paration des Coquilles  Utilisation Facile et S\u00fbre\" \/>\n<meta property=\"og:url\" content=\"https:\/\/redleafaquascaping.com\/fr\/produit\/glasgarten-mineral-artemia-cubes\/\" \/>\n<meta property=\"og:site_name\" content=\"Red Leaf Aquascaping\" \/>\n<meta property=\"article:publisher\" content=\"https:\/\/www.facebook.com\/Redleafaqua\" \/>\n<meta property=\"og:image\" content=\"https:\/\/redleafaquascaping.com\/wp-content\/uploads\/2024\/07\/glasgarten-mineral-artemia-cubes-aquarium-garnelenfutter-shrimp-feed_600x600.jpg\" \/>\n\t<meta property=\"og:image:width\" content=\"600\" \/>\n\t<meta property=\"og:image:height\" content=\"450\" \/>\n\t<meta property=\"og:image:type\" content=\"image\/jpeg\" \/>\n<meta name=\"twitter:card\" content=\"summary_large_image\" \/>\n<meta name=\"twitter:label1\" content=\"Dur\u00e9e de lecture estim\u00e9e\" \/>\n\t<meta name=\"twitter:data1\" content=\"2 minutes\" \/>\n<script type=\"application\/ld+json\" class=\"yoast-schema-graph\">{\"@context\":\"https:\/\/schema.org\",\"@graph\":[{\"@type\":\"WebPage\",\"@id\":\"https:\/\/redleafaquascaping.com\/fr\/produit\/glasgarten-mineral-artemia-cubes\/\",\"url\":\"https:\/\/redleafaquascaping.com\/fr\/produit\/glasgarten-mineral-artemia-cubes\/\",\"name\":\"GlasGarten Mineral Artemia Cubes | Red Leaf Aquascaping\",\"isPartOf\":{\"@id\":\"https:\/\/redleafaquascaping.com\/#website\"},\"primaryImageOfPage\":{\"@id\":\"https:\/\/redleafaquascaping.com\/fr\/produit\/glasgarten-mineral-artemia-cubes\/#primaryimage\"},\"image\":{\"@id\":\"https:\/\/redleafaquascaping.com\/fr\/produit\/glasgarten-mineral-artemia-cubes\/#primaryimage\"},\"thumbnailUrl\":\"https:\/\/redleafaquascaping.com\/wp-content\/uploads\/2024\/07\/glasgarten-mineral-artemia-cubes-aquarium-garnelenfutter-shrimp-feed_600x600.jpg\",\"datePublished\":\"2024-07-30T20:26:56+00:00\",\"breadcrumb\":{\"@id\":\"https:\/\/redleafaquascaping.com\/fr\/produit\/glasgarten-mineral-artemia-cubes\/#breadcrumb\"},\"inLanguage\":\"fr-FR\",\"potentialAction\":[{\"@type\":\"ReadAction\",\"target\":[\"https:\/\/redleafaquascaping.com\/fr\/produit\/glasgarten-mineral-artemia-cubes\/\"]}]},{\"@type\":\"ImageObject\",\"inLanguage\":\"fr-FR\",\"@id\":\"https:\/\/redleafaquascaping.com\/fr\/produit\/glasgarten-mineral-artemia-cubes\/#primaryimage\",\"url\":\"https:\/\/redleafaquascaping.com\/wp-content\/uploads\/2024\/07\/glasgarten-mineral-artemia-cubes-aquarium-garnelenfutter-shrimp-feed_600x600.jpg\",\"contentUrl\":\"https:\/\/redleafaquascaping.com\/wp-content\/uploads\/2024\/07\/glasgarten-mineral-artemia-cubes-aquarium-garnelenfutter-shrimp-feed_600x600.jpg\",\"width\":600,\"height\":450},{\"@type\":\"BreadcrumbList\",\"@id\":\"https:\/\/redleafaquascaping.com\/fr\/produit\/glasgarten-mineral-artemia-cubes\/#breadcrumb\",\"itemListElement\":[{\"@type\":\"ListItem\",\"position\":1,\"name\":\"Home\",\"item\":\"https:\/\/redleafaquascaping.com\/fr\/\"},{\"@type\":\"ListItem\",\"position\":2,\"name\":\"Magasinez\",\"item\":\"https:\/\/redleafaquascaping.com\/fr\/magasinez\/\"},{\"@type\":\"ListItem\",\"position\":3,\"name\":\"GlasGarten Mineral Artemia Cubes\"}]},{\"@type\":\"WebSite\",\"@id\":\"https:\/\/redleafaquascaping.com\/#website\",\"url\":\"https:\/\/redleafaquascaping.com\/\",\"name\":\"Red Leaf Aquascaping\",\"description\":\"Online Aquascaping Equipment Store\",\"publisher\":{\"@id\":\"https:\/\/redleafaquascaping.com\/#organization\"},\"potentialAction\":[{\"@type\":\"SearchAction\",\"target\":{\"@type\":\"EntryPoint\",\"urlTemplate\":\"https:\/\/redleafaquascaping.com\/?s={search_term_string}\"},\"query-input\":{\"@type\":\"PropertyValueSpecification\",\"valueRequired\":true,\"valueName\":\"search_term_string\"}}],\"inLanguage\":\"fr-FR\"},{\"@type\":\"Organization\",\"@id\":\"https:\/\/redleafaquascaping.com\/#organization\",\"name\":\"Aquascaping Red Leaf\",\"alternateName\":\"Red Leaf\",\"url\":\"https:\/\/redleafaquascaping.com\/\",\"logo\":{\"@type\":\"ImageObject\",\"inLanguage\":\"fr-FR\",\"@id\":\"https:\/\/redleafaquascaping.com\/#\/schema\/logo\/image\/\",\"url\":\"https:\/\/redleafaquascaping.com\/wp-content\/uploads\/2024\/08\/logo-seo.jpg\",\"contentUrl\":\"https:\/\/redleafaquascaping.com\/wp-content\/uploads\/2024\/08\/logo-seo.jpg\",\"width\":696,\"height\":696,\"caption\":\"Aquascaping Red Leaf\"},\"image\":{\"@id\":\"https:\/\/redleafaquascaping.com\/#\/schema\/logo\/image\/\"},\"sameAs\":[\"https:\/\/www.facebook.com\/Redleafaqua\"]}]}<\/script>\n<!-- \/ Yoast SEO plugin. -->","yoast_head_json":{"title":"GlasGarten Mineral Artemia Cubes | Red Leaf Aquascaping","robots":{"index":"index","follow":"follow","max-snippet":"max-snippet:-1","max-image-preview":"max-image-preview:large","max-video-preview":"max-video-preview:-1"},"canonical":"https:\/\/redleafaquascaping.com\/fr\/produit\/glasgarten-mineral-artemia-cubes\/","og_locale":"fr_FR","og_type":"article","og_title":"GlasGarten Mineral Artemia Cubes | Red Leaf Aquascaping","og_description":"Boost Nutritionnel  Soutient la Mue et la R\u00e9paration des Coquilles  Utilisation Facile et S\u00fbre","og_url":"https:\/\/redleafaquascaping.com\/fr\/produit\/glasgarten-mineral-artemia-cubes\/","og_site_name":"Red Leaf Aquascaping","article_publisher":"https:\/\/www.facebook.com\/Redleafaqua","og_image":[{"width":600,"height":450,"url":"https:\/\/redleafaquascaping.com\/wp-content\/uploads\/2024\/07\/glasgarten-mineral-artemia-cubes-aquarium-garnelenfutter-shrimp-feed_600x600.jpg","type":"image\/jpeg"}],"twitter_card":"summary_large_image","twitter_misc":{"Dur\u00e9e de lecture estim\u00e9e":"2 minutes"},"schema":{"@context":"https:\/\/schema.org","@graph":[{"@type":"WebPage","@id":"https:\/\/redleafaquascaping.com\/fr\/produit\/glasgarten-mineral-artemia-cubes\/","url":"https:\/\/redleafaquascaping.com\/fr\/produit\/glasgarten-mineral-artemia-cubes\/","name":"GlasGarten Mineral Artemia Cubes | Red Leaf Aquascaping","isPartOf":{"@id":"https:\/\/redleafaquascaping.com\/#website"},"primaryImageOfPage":{"@id":"https:\/\/redleafaquascaping.com\/fr\/produit\/glasgarten-mineral-artemia-cubes\/#primaryimage"},"image":{"@id":"https:\/\/redleafaquascaping.com\/fr\/produit\/glasgarten-mineral-artemia-cubes\/#primaryimage"},"thumbnailUrl":"https:\/\/redleafaquascaping.com\/wp-content\/uploads\/2024\/07\/glasgarten-mineral-artemia-cubes-aquarium-garnelenfutter-shrimp-feed_600x600.jpg","datePublished":"2024-07-30T20:26:56+00:00","breadcrumb":{"@id":"https:\/\/redleafaquascaping.com\/fr\/produit\/glasgarten-mineral-artemia-cubes\/#breadcrumb"},"inLanguage":"fr-FR","potentialAction":[{"@type":"ReadAction","target":["https:\/\/redleafaquascaping.com\/fr\/produit\/glasgarten-mineral-artemia-cubes\/"]}]},{"@type":"ImageObject","inLanguage":"fr-FR","@id":"https:\/\/redleafaquascaping.com\/fr\/produit\/glasgarten-mineral-artemia-cubes\/#primaryimage","url":"https:\/\/redleafaquascaping.com\/wp-content\/uploads\/2024\/07\/glasgarten-mineral-artemia-cubes-aquarium-garnelenfutter-shrimp-feed_600x600.jpg","contentUrl":"https:\/\/redleafaquascaping.com\/wp-content\/uploads\/2024\/07\/glasgarten-mineral-artemia-cubes-aquarium-garnelenfutter-shrimp-feed_600x600.jpg","width":600,"height":450},{"@type":"BreadcrumbList","@id":"https:\/\/redleafaquascaping.com\/fr\/produit\/glasgarten-mineral-artemia-cubes\/#breadcrumb","itemListElement":[{"@type":"ListItem","position":1,"name":"Home","item":"https:\/\/redleafaquascaping.com\/fr\/"},{"@type":"ListItem","position":2,"name":"Magasinez","item":"https:\/\/redleafaquascaping.com\/fr\/magasinez\/"},{"@type":"ListItem","position":3,"name":"GlasGarten Mineral Artemia Cubes"}]},{"@type":"WebSite","@id":"https:\/\/redleafaquascaping.com\/#website","url":"https:\/\/redleafaquascaping.com\/","name":"Red Leaf Aquascaping","description":"Online Aquascaping Equipment Store","publisher":{"@id":"https:\/\/redleafaquascaping.com\/#organization"},"potentialAction":[{"@type":"SearchAction","target":{"@type":"EntryPoint","urlTemplate":"https:\/\/redleafaquascaping.com\/?s={search_term_string}"},"query-input":{"@type":"PropertyValueSpecification","valueRequired":true,"valueName":"search_term_string"}}],"inLanguage":"fr-FR"},{"@type":"Organization","@id":"https:\/\/redleafaquascaping.com\/#organization","name":"Aquascaping Red Leaf","alternateName":"Red Leaf","url":"https:\/\/redleafaquascaping.com\/","logo":{"@type":"ImageObject","inLanguage":"fr-FR","@id":"https:\/\/redleafaquascaping.com\/#\/schema\/logo\/image\/","url":"https:\/\/redleafaquascaping.com\/wp-content\/uploads\/2024\/08\/logo-seo.jpg","contentUrl":"https:\/\/redleafaquascaping.com\/wp-content\/uploads\/2024\/08\/logo-seo.jpg","width":696,"height":696,"caption":"Aquascaping Red Leaf"},"image":{"@id":"https:\/\/redleafaquascaping.com\/#\/schema\/logo\/image\/"},"sameAs":["https:\/\/www.facebook.com\/Redleafaqua"]}]}},"_links":{"self":[{"href":"https:\/\/redleafaquascaping.com\/fr\/wp-json\/wp\/v2\/product\/10886","targetHints":{"allow":["GET"]}}],"collection":[{"href":"https:\/\/redleafaquascaping.com\/fr\/wp-json\/wp\/v2\/product"}],"about":[{"href":"https:\/\/redleafaquascaping.com\/fr\/wp-json\/wp\/v2\/types\/product"}],"wp:featuredmedia":[{"embeddable":true,"href":"https:\/\/redleafaquascaping.com\/fr\/wp-json\/wp\/v2\/media\/10885"}],"wp:attachment":[{"href":"https:\/\/redleafaquascaping.com\/fr\/wp-json\/wp\/v2\/media?parent=10886"}],"wp:term":[{"taxonomy":"product_brand","embeddable":true,"href":"https:\/\/redleafaquascaping.com\/fr\/wp-json\/wp\/v2\/product_brand?post=10886"},{"taxonomy":"product_cat","embeddable":true,"href":"https:\/\/redleafaquascaping.com\/fr\/wp-json\/wp\/v2\/product_cat?post=10886"},{"taxonomy":"product_tag","embeddable":true,"href":"https:\/\/redleafaquascaping.com\/fr\/wp-json\/wp\/v2\/product_tag?post=10886"}],"curies":[{"name":"wp","href":"https:\/\/api.w.org\/{rel}","templated":true}]}}