{"id":10975,"date":"2024-09-10T12:14:16","date_gmt":"2024-09-12T20:22:54","guid":{"rendered":"https:\/\/redleafaquascaping.com\/?post_type=product&#038;p=10975"},"modified":"2024-09-12T16:22:54","modified_gmt":"2024-09-12T20:22:54","slug":"glasgarten-mineral-mix","status":"publish","type":"product","link":"https:\/\/redleafaquascaping.com\/fr\/produit\/glasgarten-mineral-mix\/","title":{"rendered":"GlasGarten Mineral Mix"},"content":{"rendered":"<p><strong>Le GlasGarten Mineral Mix<\/strong> est un aliment compl\u00e9mentaire id\u00e9al pour les aquariums et terrariums, sp\u00e9cialement formul\u00e9 pour r\u00e9pondre aux besoins alimentaires des crevettes, escargots, \u00e9crevisses et crabes. Ce m\u00e9lange comprend quatre vari\u00e9t\u00e9s uniques de min\u00e9raux : <strong>Woody<\/strong>, <strong>Artemia<\/strong>, <strong>Feuilles<\/strong>, et <strong>C\u0153urs de min\u00e9raux<\/strong>.<\/p>\n<p>Avec ce m\u00e9lange, vous assurez \u00e0 vos animaux aquatiques l&rsquo;apport de min\u00e9raux essentiels et de nutriments tels que les fibres, prot\u00e9ines, vitamines, potassium, fer et tanins pour une sant\u00e9 et une vitalit\u00e9 durables.<\/p>\n<h3>Comment l\u2019utiliser :<\/h3>\n<p>Il suffit de placer un morceau de min\u00e9ral dans l&rsquo;aquarium. Au fur et \u00e0 mesure que vos animaux le grignotent, les min\u00e9raux se lib\u00e8rent progressivement dans l&rsquo;eau.<\/p>\n<h3>Vari\u00e9t\u00e9s de min\u00e9raux :<\/h3>\n<ul>\n<li><strong>Cubes de min\u00e9raux Artemia<\/strong> : Contiennent des min\u00e9raux importants et des \u0153ufs d\u2019Artemia d\u00e9capsul\u00e9s, offrant un apport suppl\u00e9mentaire en prot\u00e9ines qui favorise la r\u00e9g\u00e9n\u00e9ration et am\u00e9liore la condition physique des crevettes et des escargots.<\/li>\n<li><strong>Cubes de min\u00e9raux Woody<\/strong> : Riches en fibres de bois, ces cubes favorisent une bonne digestion et sont naturellement appr\u00e9ci\u00e9s des crevettes et des escargots.<\/li>\n<li><strong>Feuilles de min\u00e9raux<\/strong> : Infus\u00e9es de feuilles d&rsquo;ortie, de pissenlit et de noyer, ces pi\u00e8ces sont riches en fibres b\u00e9n\u00e9fiques, potassium, fer et tanins.<\/li>\n<li><strong>C\u0153urs de min\u00e9raux<\/strong> : Morceaux de min\u00e9raux purs qui favorisent la mue r\u00e9ussie des crevettes, \u00e9crevisses et crabes, tout en pr\u00e9venant la d\u00e9gradation des coquilles chez les escargots.<\/li>\n<\/ul>\n<h3>Durable et sans danger pour l&rsquo;eau :<\/h3>\n<p>Les morceaux de <strong>GlasGarten Mineral Mix<\/strong> peuvent rester dans l&rsquo;aquarium jusqu&rsquo;\u00e0 \u00eatre enti\u00e8rement consomm\u00e9s ou dissous, sans polluer l&rsquo;eau. Compos\u00e9s d&rsquo;ingr\u00e9dients 100 % naturels, ils contribuent \u00e0 la duret\u00e9 totale (GH) et \u00e0 la conductivit\u00e9 de l&rsquo;eau, ce qui est sans danger et b\u00e9n\u00e9fique lorsqu&rsquo;ils sont utilis\u00e9s conform\u00e9ment aux recommandations.<\/p>\n<h3>Recommandations de nourrissage :<\/h3>\n<ul>\n<li>Utilisez 1 Cube\/Feuille\/C\u0153ur de min\u00e9raux pour 15 \u00e0 30 litres d&rsquo;eau d&rsquo;aquarium.<\/li>\n<\/ul>\n<h3>Ingr\u00e9dients :<\/h3>\n<p>Un m\u00e9lange naturel de min\u00e9raux, fibres de bois, Artemia, feuilles d&rsquo;ortie, feuilles de pissenlit, feuilles de noyer, algues, \u00e9pinards, poivrons, mollusques et crustac\u00e9s.<\/p>\n<h3>Contenu de l&#8217;emballage :<\/h3>\n<ul>\n<li>8 pi\u00e8ces au total : 2 cubes de min\u00e9raux Woody, 2 cubes de min\u00e9raux Artemia, 2 feuilles de min\u00e9raux et 2 c\u0153urs de min\u00e9raux.<\/li>\n<\/ul>\n","protected":false},"excerpt":{"rendered":"<ul>\n<li>Boost Min\u00e9ral<\/li>\n<li>Soutient la mue des crevettes<\/li>\n<li>Pour des coquilles d&rsquo;escargots solides<\/li>\n<li>Convient \u00e9galement comme nourriture de vacances<\/li>\n<\/ul>\n","protected":false},"featured_media":10972,"template":"","meta":{"site-sidebar-layout":"default","site-content-layout":"","ast-site-content-layout":"default","site-content-style":"default","site-sidebar-style":"default","ast-global-header-display":"","ast-banner-title-visibility":"","ast-main-header-display":"","ast-hfb-above-header-display":"","ast-hfb-below-header-display":"","ast-hfb-mobile-header-display":"","site-post-title":"","ast-breadcrumbs-content":"","ast-featured-img":"","footer-sml-layout":"","ast-disable-related-posts":"","theme-transparent-header-meta":"default","adv-header-id-meta":"","stick-header-meta":"","header-above-stick-meta":"","header-main-stick-meta":"","header-below-stick-meta":"","astra-migrate-meta-layouts":"set","ast-page-background-enabled":"default","ast-page-background-meta":{"desktop":{"background-color":"","background-image":"","background-repeat":"repeat","background-position":"center center","background-size":"auto","background-attachment":"scroll","background-type":"","background-media":"","overlay-type":"","overlay-color":"","overlay-opacity":"","overlay-gradient":""},"tablet":{"background-color":"","background-image":"","background-repeat":"repeat","background-position":"center center","background-size":"auto","background-attachment":"scroll","background-type":"","background-media":"","overlay-type":"","overlay-color":"","overlay-opacity":"","overlay-gradient":""},"mobile":{"background-color":"","background-image":"","background-repeat":"repeat","background-position":"center center","background-size":"auto","background-attachment":"scroll","background-type":"","background-media":"","overlay-type":"","overlay-color":"","overlay-opacity":"","overlay-gradient":""}},"ast-content-background-meta":{"desktop":{"background-color":"var(--ast-global-color-5)","background-image":"","background-repeat":"repeat","background-position":"center center","background-size":"auto","background-attachment":"scroll","background-type":"","background-media":"","overlay-type":"","overlay-color":"","overlay-opacity":"","overlay-gradient":""},"tablet":{"background-color":"var(--ast-global-color-5)","background-image":"","background-repeat":"repeat","background-position":"center center","background-size":"auto","background-attachment":"scroll","background-type":"","background-media":"","overlay-type":"","overlay-color":"","overlay-opacity":"","overlay-gradient":""},"mobile":{"background-color":"var(--ast-global-color-5)","background-image":"","background-repeat":"repeat","background-position":"center center","background-size":"auto","background-attachment":"scroll","background-type":"","background-media":"","overlay-type":"","overlay-color":"","overlay-opacity":"","overlay-gradient":""}}},"product_brand":[],"product_cat":[1371,1389],"product_tag":[1088,1191,1161],"class_list":{"0":"post-10975","1":"product","2":"type-product","3":"status-publish","4":"has-post-thumbnail","6":"product_cat-glas-garten-fr","7":"product_cat-nutrition-pour-crevettes","8":"product_tag-artemia-fr","9":"product_tag-mineral-fr","10":"product_tag-snail-fr","11":"desktop-align-left","12":"tablet-align-left","13":"mobile-align-left","14":"ast-product-gallery-layout-horizontal-slider","15":"ast-product-tabs-layout-horizontal","17":"first","18":"instock","19":"taxable","20":"shipping-taxable","21":"purchasable","22":"product-type-simple"},"yoast_head":"<!-- This site is optimized with the Yoast SEO plugin v27.2 - https:\/\/yoast.com\/product\/yoast-seo-wordpress\/ -->\n<title>GlasGarten Mineral Mix | Red Leaf Aquascaping<\/title>\n<meta name=\"robots\" content=\"index, follow, max-snippet:-1, max-image-preview:large, max-video-preview:-1\" \/>\n<link rel=\"canonical\" href=\"https:\/\/redleafaquascaping.com\/fr\/produit\/glasgarten-mineral-mix\/\" \/>\n<meta property=\"og:locale\" content=\"fr_FR\" \/>\n<meta property=\"og:type\" content=\"article\" \/>\n<meta property=\"og:title\" content=\"GlasGarten Mineral Mix | Red Leaf Aquascaping\" \/>\n<meta property=\"og:description\" content=\"Boost Min\u00e9ral  Soutient la mue des crevettes  Pour des coquilles d&#039;escargots solides  Convient \u00e9galement comme nourriture de vacances\" \/>\n<meta property=\"og:url\" content=\"https:\/\/redleafaquascaping.com\/fr\/produit\/glasgarten-mineral-mix\/\" \/>\n<meta property=\"og:site_name\" content=\"Red Leaf Aquascaping\" \/>\n<meta property=\"article:publisher\" content=\"https:\/\/www.facebook.com\/Redleafaqua\" \/>\n<meta property=\"og:image\" content=\"https:\/\/redleafaquascaping.com\/wp-content\/uploads\/2024\/09\/glasgarten-mineral-mix-aquarium-garnelenfutter-shrimp-feed_600x600-1.jpg\" \/>\n\t<meta property=\"og:image:width\" content=\"600\" \/>\n\t<meta property=\"og:image:height\" content=\"450\" \/>\n\t<meta property=\"og:image:type\" content=\"image\/jpeg\" \/>\n<meta name=\"twitter:card\" content=\"summary_large_image\" \/>\n<meta name=\"twitter:label1\" content=\"Dur\u00e9e de lecture estim\u00e9e\" \/>\n\t<meta name=\"twitter:data1\" content=\"2 minutes\" \/>\n<script type=\"application\/ld+json\" class=\"yoast-schema-graph\">{\"@context\":\"https:\/\/schema.org\",\"@graph\":[{\"@type\":\"WebPage\",\"@id\":\"https:\/\/redleafaquascaping.com\/fr\/produit\/glasgarten-mineral-mix\/\",\"url\":\"https:\/\/redleafaquascaping.com\/fr\/produit\/glasgarten-mineral-mix\/\",\"name\":\"GlasGarten Mineral Mix | Red Leaf Aquascaping\",\"isPartOf\":{\"@id\":\"https:\/\/redleafaquascaping.com\/#website\"},\"primaryImageOfPage\":{\"@id\":\"https:\/\/redleafaquascaping.com\/fr\/produit\/glasgarten-mineral-mix\/#primaryimage\"},\"image\":{\"@id\":\"https:\/\/redleafaquascaping.com\/fr\/produit\/glasgarten-mineral-mix\/#primaryimage\"},\"thumbnailUrl\":\"https:\/\/redleafaquascaping.com\/wp-content\/uploads\/2024\/09\/glasgarten-mineral-mix-aquarium-garnelenfutter-shrimp-feed_600x600-1.jpg\",\"datePublished\":\"2024-09-12T20:22:54+00:00\",\"breadcrumb\":{\"@id\":\"https:\/\/redleafaquascaping.com\/fr\/produit\/glasgarten-mineral-mix\/#breadcrumb\"},\"inLanguage\":\"fr-FR\",\"potentialAction\":[{\"@type\":\"ReadAction\",\"target\":[\"https:\/\/redleafaquascaping.com\/fr\/produit\/glasgarten-mineral-mix\/\"]}]},{\"@type\":\"ImageObject\",\"inLanguage\":\"fr-FR\",\"@id\":\"https:\/\/redleafaquascaping.com\/fr\/produit\/glasgarten-mineral-mix\/#primaryimage\",\"url\":\"https:\/\/redleafaquascaping.com\/wp-content\/uploads\/2024\/09\/glasgarten-mineral-mix-aquarium-garnelenfutter-shrimp-feed_600x600-1.jpg\",\"contentUrl\":\"https:\/\/redleafaquascaping.com\/wp-content\/uploads\/2024\/09\/glasgarten-mineral-mix-aquarium-garnelenfutter-shrimp-feed_600x600-1.jpg\",\"width\":600,\"height\":450},{\"@type\":\"BreadcrumbList\",\"@id\":\"https:\/\/redleafaquascaping.com\/fr\/produit\/glasgarten-mineral-mix\/#breadcrumb\",\"itemListElement\":[{\"@type\":\"ListItem\",\"position\":1,\"name\":\"Home\",\"item\":\"https:\/\/redleafaquascaping.com\/fr\/\"},{\"@type\":\"ListItem\",\"position\":2,\"name\":\"Magasinez\",\"item\":\"https:\/\/redleafaquascaping.com\/fr\/magasinez\/\"},{\"@type\":\"ListItem\",\"position\":3,\"name\":\"GlasGarten Mineral Mix\"}]},{\"@type\":\"WebSite\",\"@id\":\"https:\/\/redleafaquascaping.com\/#website\",\"url\":\"https:\/\/redleafaquascaping.com\/\",\"name\":\"Red Leaf Aquascaping\",\"description\":\"Online Aquascaping Equipment Store\",\"publisher\":{\"@id\":\"https:\/\/redleafaquascaping.com\/#organization\"},\"potentialAction\":[{\"@type\":\"SearchAction\",\"target\":{\"@type\":\"EntryPoint\",\"urlTemplate\":\"https:\/\/redleafaquascaping.com\/?s={search_term_string}\"},\"query-input\":{\"@type\":\"PropertyValueSpecification\",\"valueRequired\":true,\"valueName\":\"search_term_string\"}}],\"inLanguage\":\"fr-FR\"},{\"@type\":\"Organization\",\"@id\":\"https:\/\/redleafaquascaping.com\/#organization\",\"name\":\"Aquascaping Red Leaf\",\"alternateName\":\"Red Leaf\",\"url\":\"https:\/\/redleafaquascaping.com\/\",\"logo\":{\"@type\":\"ImageObject\",\"inLanguage\":\"fr-FR\",\"@id\":\"https:\/\/redleafaquascaping.com\/#\/schema\/logo\/image\/\",\"url\":\"https:\/\/redleafaquascaping.com\/wp-content\/uploads\/2024\/08\/logo-seo.jpg\",\"contentUrl\":\"https:\/\/redleafaquascaping.com\/wp-content\/uploads\/2024\/08\/logo-seo.jpg\",\"width\":696,\"height\":696,\"caption\":\"Aquascaping Red Leaf\"},\"image\":{\"@id\":\"https:\/\/redleafaquascaping.com\/#\/schema\/logo\/image\/\"},\"sameAs\":[\"https:\/\/www.facebook.com\/Redleafaqua\"]}]}<\/script>\n<!-- \/ Yoast SEO plugin. -->","yoast_head_json":{"title":"GlasGarten Mineral Mix | Red Leaf Aquascaping","robots":{"index":"index","follow":"follow","max-snippet":"max-snippet:-1","max-image-preview":"max-image-preview:large","max-video-preview":"max-video-preview:-1"},"canonical":"https:\/\/redleafaquascaping.com\/fr\/produit\/glasgarten-mineral-mix\/","og_locale":"fr_FR","og_type":"article","og_title":"GlasGarten Mineral Mix | Red Leaf Aquascaping","og_description":"Boost Min\u00e9ral  Soutient la mue des crevettes  Pour des coquilles d'escargots solides  Convient \u00e9galement comme nourriture de vacances","og_url":"https:\/\/redleafaquascaping.com\/fr\/produit\/glasgarten-mineral-mix\/","og_site_name":"Red Leaf Aquascaping","article_publisher":"https:\/\/www.facebook.com\/Redleafaqua","og_image":[{"width":600,"height":450,"url":"https:\/\/redleafaquascaping.com\/wp-content\/uploads\/2024\/09\/glasgarten-mineral-mix-aquarium-garnelenfutter-shrimp-feed_600x600-1.jpg","type":"image\/jpeg"}],"twitter_card":"summary_large_image","twitter_misc":{"Dur\u00e9e de lecture estim\u00e9e":"2 minutes"},"schema":{"@context":"https:\/\/schema.org","@graph":[{"@type":"WebPage","@id":"https:\/\/redleafaquascaping.com\/fr\/produit\/glasgarten-mineral-mix\/","url":"https:\/\/redleafaquascaping.com\/fr\/produit\/glasgarten-mineral-mix\/","name":"GlasGarten Mineral Mix | Red Leaf Aquascaping","isPartOf":{"@id":"https:\/\/redleafaquascaping.com\/#website"},"primaryImageOfPage":{"@id":"https:\/\/redleafaquascaping.com\/fr\/produit\/glasgarten-mineral-mix\/#primaryimage"},"image":{"@id":"https:\/\/redleafaquascaping.com\/fr\/produit\/glasgarten-mineral-mix\/#primaryimage"},"thumbnailUrl":"https:\/\/redleafaquascaping.com\/wp-content\/uploads\/2024\/09\/glasgarten-mineral-mix-aquarium-garnelenfutter-shrimp-feed_600x600-1.jpg","datePublished":"2024-09-12T20:22:54+00:00","breadcrumb":{"@id":"https:\/\/redleafaquascaping.com\/fr\/produit\/glasgarten-mineral-mix\/#breadcrumb"},"inLanguage":"fr-FR","potentialAction":[{"@type":"ReadAction","target":["https:\/\/redleafaquascaping.com\/fr\/produit\/glasgarten-mineral-mix\/"]}]},{"@type":"ImageObject","inLanguage":"fr-FR","@id":"https:\/\/redleafaquascaping.com\/fr\/produit\/glasgarten-mineral-mix\/#primaryimage","url":"https:\/\/redleafaquascaping.com\/wp-content\/uploads\/2024\/09\/glasgarten-mineral-mix-aquarium-garnelenfutter-shrimp-feed_600x600-1.jpg","contentUrl":"https:\/\/redleafaquascaping.com\/wp-content\/uploads\/2024\/09\/glasgarten-mineral-mix-aquarium-garnelenfutter-shrimp-feed_600x600-1.jpg","width":600,"height":450},{"@type":"BreadcrumbList","@id":"https:\/\/redleafaquascaping.com\/fr\/produit\/glasgarten-mineral-mix\/#breadcrumb","itemListElement":[{"@type":"ListItem","position":1,"name":"Home","item":"https:\/\/redleafaquascaping.com\/fr\/"},{"@type":"ListItem","position":2,"name":"Magasinez","item":"https:\/\/redleafaquascaping.com\/fr\/magasinez\/"},{"@type":"ListItem","position":3,"name":"GlasGarten Mineral Mix"}]},{"@type":"WebSite","@id":"https:\/\/redleafaquascaping.com\/#website","url":"https:\/\/redleafaquascaping.com\/","name":"Red Leaf Aquascaping","description":"Online Aquascaping Equipment Store","publisher":{"@id":"https:\/\/redleafaquascaping.com\/#organization"},"potentialAction":[{"@type":"SearchAction","target":{"@type":"EntryPoint","urlTemplate":"https:\/\/redleafaquascaping.com\/?s={search_term_string}"},"query-input":{"@type":"PropertyValueSpecification","valueRequired":true,"valueName":"search_term_string"}}],"inLanguage":"fr-FR"},{"@type":"Organization","@id":"https:\/\/redleafaquascaping.com\/#organization","name":"Aquascaping Red Leaf","alternateName":"Red Leaf","url":"https:\/\/redleafaquascaping.com\/","logo":{"@type":"ImageObject","inLanguage":"fr-FR","@id":"https:\/\/redleafaquascaping.com\/#\/schema\/logo\/image\/","url":"https:\/\/redleafaquascaping.com\/wp-content\/uploads\/2024\/08\/logo-seo.jpg","contentUrl":"https:\/\/redleafaquascaping.com\/wp-content\/uploads\/2024\/08\/logo-seo.jpg","width":696,"height":696,"caption":"Aquascaping Red Leaf"},"image":{"@id":"https:\/\/redleafaquascaping.com\/#\/schema\/logo\/image\/"},"sameAs":["https:\/\/www.facebook.com\/Redleafaqua"]}]}},"_links":{"self":[{"href":"https:\/\/redleafaquascaping.com\/fr\/wp-json\/wp\/v2\/product\/10975","targetHints":{"allow":["GET"]}}],"collection":[{"href":"https:\/\/redleafaquascaping.com\/fr\/wp-json\/wp\/v2\/product"}],"about":[{"href":"https:\/\/redleafaquascaping.com\/fr\/wp-json\/wp\/v2\/types\/product"}],"wp:featuredmedia":[{"embeddable":true,"href":"https:\/\/redleafaquascaping.com\/fr\/wp-json\/wp\/v2\/media\/10972"}],"wp:attachment":[{"href":"https:\/\/redleafaquascaping.com\/fr\/wp-json\/wp\/v2\/media?parent=10975"}],"wp:term":[{"taxonomy":"product_brand","embeddable":true,"href":"https:\/\/redleafaquascaping.com\/fr\/wp-json\/wp\/v2\/product_brand?post=10975"},{"taxonomy":"product_cat","embeddable":true,"href":"https:\/\/redleafaquascaping.com\/fr\/wp-json\/wp\/v2\/product_cat?post=10975"},{"taxonomy":"product_tag","embeddable":true,"href":"https:\/\/redleafaquascaping.com\/fr\/wp-json\/wp\/v2\/product_tag?post=10975"}],"curies":[{"name":"wp","href":"https:\/\/api.w.org\/{rel}","templated":true}]}}