{"id":7047,"date":"2021-09-15T14:32:25","date_gmt":"2021-09-15T18:32:25","guid":{"rendered":"https:\/\/redleafaquascaping.com\/?post_type=product&#038;p=7047"},"modified":"2025-01-09T10:20:38","modified_gmt":"2025-01-09T15:20:38","slug":"ada-bacter-100-100g-ada-bacter-100","status":"publish","type":"product","link":"https:\/\/redleafaquascaping.com\/fr\/produit\/ada-bacter-100-100g-ada-bacter-100\/","title":{"rendered":"ADA BACTER 100"},"content":{"rendered":"<p><strong>ADA Bacter 100<\/strong> est un suppl\u00e9ment avanc\u00e9 pour aquariums contenant plus de 100 types de micro-organismes dormants. Con\u00e7u pour am\u00e9liorer les conditions du substrat et la qualit\u00e9 de l\u2019eau, Bacter 100 stabilise l\u2019\u00e9cosyst\u00e8me de votre aquarium, favorisant un environnement sain et \u00e9quilibr\u00e9 pour la vie aquatique. Polyvalent, ce produit peut \u00eatre appliqu\u00e9 \u00e0 la base du substrat lors de l\u2019installation ou directement dans l\u2019eau de l\u2019aquarium en cas de besoin, faisant de lui un incontournable pour les passionn\u00e9s d\u2019aquariophilie et d\u2019aquascaping.<\/p>\n<h4><\/h4>\n<ul>\n<li><strong>Plus de 100 micro-organismes :<\/strong> Contient une vari\u00e9t\u00e9 de micro-organismes b\u00e9n\u00e9fiques qui s\u2019activent au contact de l\u2019eau.<\/li>\n<li><strong>Am\u00e9liore les conditions du substrat :<\/strong> Favorise la sant\u00e9 du substrat et le d\u00e9veloppement des racines des plantes.<\/li>\n<li><strong>Stabilise l\u2019\u00e9cosyst\u00e8me de l\u2019aquarium :<\/strong> Aide \u00e0 \u00e9tablir un environnement \u00e9quilibr\u00e9 pour les poissons, les plantes et les bact\u00e9ries.<\/li>\n<li><strong>Application polyvalente :<\/strong> \u00c0 utiliser \u00e0 la base du substrat lors de l\u2019installation ou ajout\u00e9 \u00e0 l\u2019eau en cas de besoin.<\/li>\n<li><strong>Am\u00e9liore la qualit\u00e9 de l\u2019eau :<\/strong> Favorise une eau plus claire et plus propre en r\u00e9duisant les d\u00e9chets organiques.<\/li>\n<\/ul>\n<h4><\/h4>\n<p>Pour utiliser <strong>ADA Bacter 100<\/strong>, saupoudrez une couche au fond du substrat avant d\u2019ajouter d\u2019autres mat\u00e9riaux. Vous pouvez \u00e9galement l\u2019ajouter directement dans l\u2019eau de l\u2019aquarium pour am\u00e9liorer la qualit\u00e9 de l\u2019eau. Respectez le dosage recommand\u00e9 pour des r\u00e9sultats optimaux et un \u00e9cosyst\u00e8me aquatique stable.<\/p>\n<h4><\/h4>\n<ul>\n<li><strong>Soutient la croissance des plantes :<\/strong> Cr\u00e9e un substrat plus sain, favorisant le d\u00e9veloppement robuste des racines.<\/li>\n<li><strong>\u00c9cologique et s\u00fbr :<\/strong> Contient des micro-organismes naturels non toxiques pour la vie aquatique.<\/li>\n<li><strong>R\u00e9duit l\u2019entretien :<\/strong> Am\u00e9liore la filtration biologique, r\u00e9duisant les besoins de nettoyage et les changements d\u2019eau.<\/li>\n<li><strong>Produit de confiance :<\/strong> D\u00e9velopp\u00e9 par ADA, un leader reconnu dans l\u2019innovation des produits pour aquariums.<\/li>\n<\/ul>\n<h4><\/h4>\n<p>Optimisez la sant\u00e9 de votre aquarium avec <strong>ADA Bacter 100<\/strong> ! Commandez d\u00e8s aujourd\u2019hui pour am\u00e9liorer les conditions du substrat, la qualit\u00e9 de l\u2019eau, et cr\u00e9er un \u00e9cosyst\u00e8me aquatique prosp\u00e8re et \u00e9quilibr\u00e9.<\/p>\n<p><a href=\"https:\/\/redleafaquascaping.com\/fr\/magasinez\/?product-categories=additifs-pour-substrat\">autre additifs pour gravier<\/a><\/p>\n<p><a href=\"https:\/\/www.adana.co.jp\/en\/contents\/products\/na_substrate\/detail05.html\">Site ADA<\/a><\/p>\n","protected":false},"excerpt":{"rendered":"<div class=\"flex max-w-full flex-col flex-grow\">\n<div class=\"min-h-8 text-message flex w-full flex-col items-end gap-2 whitespace-normal break-words text-start [.text-message+&amp;]:mt-5\" dir=\"auto\" data-message-author-role=\"assistant\" data-message-id=\"07a358e7-1fcd-4f27-a1ef-665642db9925\" data-message-model-slug=\"gpt-4o-canmore\">\n<div class=\"flex w-full flex-col gap-1 empty:hidden first:pt-[3px]\">\n<div class=\"markdown prose w-full break-words dark:prose-invert light\">\n<ul>\n<li>Compl\u00e8te de mani\u00e8re optimale le syst\u00e8me de substrat d&rsquo;ADA<\/li>\n<li>Contient 100 types diff\u00e9rents de bact\u00e9ries b\u00e9n\u00e9fiques<\/li>\n<li>Peut \u00e9galement \u00eatre utilis\u00e9 comme additif pour l&rsquo;eau<\/li>\n<li>Contribue \u00e0 la stabilit\u00e9 de l&rsquo;\u00e9cosyst\u00e8me dans l&rsquo;aquarium<\/li>\n<li>Favorise la d\u00e9gradation des mati\u00e8res organiques dans le substrat<\/li>\n<\/ul>\n<\/div>\n<\/div>\n<\/div>\n<\/div>\n<div class=\"mb-2 flex gap-3 empty:hidden -ml-2\"><\/div>\n<div class=\"pr-2 lg:pr-0\"><\/div>\n<div class=\"mt-3 w-full empty:hidden\">\n<div class=\"text-center\">\n<div class=\"mx-auto\">\n<div>\n<div class=\"inline-flex rounded-xl border border-gray-100 dark:border-gray-700\">\n<div class=\"flex items-center justify-center gap-4 px-4 py-3 text-sm text-token-text-secondary\"><\/div>\n<\/div>\n<\/div>\n<\/div>\n<\/div>\n<\/div>\n","protected":false},"featured_media":4036,"template":"","meta":{"site-sidebar-layout":"default","site-content-layout":"default","ast-site-content-layout":"default","site-content-style":"default","site-sidebar-style":"default","ast-global-header-display":"","ast-banner-title-visibility":"","ast-main-header-display":"","ast-hfb-above-header-display":"","ast-hfb-below-header-display":"","ast-hfb-mobile-header-display":"","site-post-title":"","ast-breadcrumbs-content":"","ast-featured-img":"","footer-sml-layout":"","ast-disable-related-posts":"","theme-transparent-header-meta":"default","adv-header-id-meta":"","stick-header-meta":"","header-above-stick-meta":"","header-main-stick-meta":"","header-below-stick-meta":"","astra-migrate-meta-layouts":"set","ast-page-background-enabled":"default","ast-page-background-meta":{"desktop":{"background-color":"","background-image":"","background-repeat":"repeat","background-position":"center center","background-size":"auto","background-attachment":"scroll","background-type":"","background-media":"","overlay-type":"","overlay-color":"","overlay-opacity":"","overlay-gradient":""},"tablet":{"background-color":"","background-image":"","background-repeat":"repeat","background-position":"center center","background-size":"auto","background-attachment":"scroll","background-type":"","background-media":"","overlay-type":"","overlay-color":"","overlay-opacity":"","overlay-gradient":""},"mobile":{"background-color":"","background-image":"","background-repeat":"repeat","background-position":"center center","background-size":"auto","background-attachment":"scroll","background-type":"","background-media":"","overlay-type":"","overlay-color":"","overlay-opacity":"","overlay-gradient":""}},"ast-content-background-meta":{"desktop":{"background-color":"var(--ast-global-color-5)","background-image":"","background-repeat":"repeat","background-position":"center center","background-size":"auto","background-attachment":"scroll","background-type":"","background-media":"","overlay-type":"","overlay-color":"","overlay-opacity":"","overlay-gradient":""},"tablet":{"background-color":"var(--ast-global-color-5)","background-image":"","background-repeat":"repeat","background-position":"center center","background-size":"auto","background-attachment":"scroll","background-type":"","background-media":"","overlay-type":"","overlay-color":"","overlay-opacity":"","overlay-gradient":""},"mobile":{"background-color":"var(--ast-global-color-5)","background-image":"","background-repeat":"repeat","background-position":"center center","background-size":"auto","background-attachment":"scroll","background-type":"","background-media":"","overlay-type":"","overlay-color":"","overlay-opacity":"","overlay-gradient":""}}},"product_brand":[],"product_cat":[1376,399,390],"product_tag":[1558,1098,1093,1559,1556],"class_list":{"0":"post-7047","1":"product","2":"type-product","3":"status-publish","4":"has-post-thumbnail","6":"product_cat-ada-amano-design-aquarium-fr","7":"product_cat-additifs-pour-substrat","8":"product_cat-substrat","9":"product_tag-100-fr","10":"product_tag-additive-fr","11":"product_tag-bacter-fr","12":"product_tag-bottom-fr","13":"product_tag-substrate-fr","14":"desktop-align-left","15":"tablet-align-left","16":"mobile-align-left","17":"ast-product-gallery-layout-horizontal-slider","18":"ast-product-tabs-layout-horizontal","20":"first","21":"outofstock","22":"taxable","23":"shipping-taxable","24":"purchasable","25":"product-type-simple"},"yoast_head":"<!-- This site is optimized with the Yoast SEO plugin v27.2 - https:\/\/yoast.com\/product\/yoast-seo-wordpress\/ -->\n<title>ADA BACTER 100 | Red Leaf Aquascaping ADA Bacter 100<\/title>\n<meta name=\"description\" content=\"ADA Bacter 100 contient plus de 100 types de micro-organismes pour am\u00e9liorer le substrat et stabiliser l\u2019\u00e9cosyst\u00e8me de l\u2019aquarium. Id\u00e9al pour optimiser la qualit\u00e9 de l\u2019eau et la croissance des plantes. Commandez ADA Bacter 100 d\u00e8s aujourd\u2019hui pour un aquarium plus sain et \u00e9quilibr\u00e9 !\" \/>\n<meta name=\"robots\" content=\"index, follow, max-snippet:-1, max-image-preview:large, max-video-preview:-1\" \/>\n<link rel=\"canonical\" href=\"https:\/\/redleafaquascaping.com\/fr\/produit\/ada-bacter-100-100g-ada-bacter-100\/\" \/>\n<meta property=\"og:locale\" content=\"fr_FR\" \/>\n<meta property=\"og:type\" content=\"article\" \/>\n<meta property=\"og:title\" content=\"ADA BACTER 100 | Red Leaf Aquascaping ADA Bacter 100\" \/>\n<meta property=\"og:description\" content=\"ADA Bacter 100 contient plus de 100 types de micro-organismes pour am\u00e9liorer le substrat et stabiliser l\u2019\u00e9cosyst\u00e8me de l\u2019aquarium. Id\u00e9al pour optimiser la qualit\u00e9 de l\u2019eau et la croissance des plantes. Commandez ADA Bacter 100 d\u00e8s aujourd\u2019hui pour un aquarium plus sain et \u00e9quilibr\u00e9 !\" \/>\n<meta property=\"og:url\" content=\"https:\/\/redleafaquascaping.com\/fr\/produit\/ada-bacter-100-100g-ada-bacter-100\/\" \/>\n<meta property=\"og:site_name\" content=\"Red Leaf Aquascaping\" \/>\n<meta property=\"article:publisher\" content=\"https:\/\/www.facebook.com\/Redleafaqua\" \/>\n<meta property=\"article:modified_time\" content=\"2025-01-09T15:20:38+00:00\" \/>\n<meta property=\"og:image\" content=\"https:\/\/redleafaquascaping.com\/wp-content\/uploads\/2021\/09\/Bacter100.jpg\" \/>\n\t<meta property=\"og:image:width\" content=\"1500\" \/>\n\t<meta property=\"og:image:height\" content=\"1500\" \/>\n\t<meta property=\"og:image:type\" content=\"image\/jpeg\" \/>\n<meta name=\"twitter:card\" content=\"summary_large_image\" \/>\n<meta name=\"twitter:label1\" content=\"Dur\u00e9e de lecture estim\u00e9e\" \/>\n\t<meta name=\"twitter:data1\" content=\"2 minutes\" \/>\n<script type=\"application\/ld+json\" class=\"yoast-schema-graph\">{\"@context\":\"https:\/\/schema.org\",\"@graph\":[{\"@type\":\"WebPage\",\"@id\":\"https:\/\/redleafaquascaping.com\/fr\/produit\/ada-bacter-100-100g-ada-bacter-100\/\",\"url\":\"https:\/\/redleafaquascaping.com\/fr\/produit\/ada-bacter-100-100g-ada-bacter-100\/\",\"name\":\"ADA BACTER 100 | Red Leaf Aquascaping ADA Bacter 100\",\"isPartOf\":{\"@id\":\"https:\/\/redleafaquascaping.com\/#website\"},\"primaryImageOfPage\":{\"@id\":\"https:\/\/redleafaquascaping.com\/fr\/produit\/ada-bacter-100-100g-ada-bacter-100\/#primaryimage\"},\"image\":{\"@id\":\"https:\/\/redleafaquascaping.com\/fr\/produit\/ada-bacter-100-100g-ada-bacter-100\/#primaryimage\"},\"thumbnailUrl\":\"https:\/\/redleafaquascaping.com\/wp-content\/uploads\/2021\/09\/Bacter100.jpg\",\"datePublished\":\"2021-09-15T18:32:25+00:00\",\"dateModified\":\"2025-01-09T15:20:38+00:00\",\"description\":\"ADA Bacter 100 contient plus de 100 types de micro-organismes pour am\u00e9liorer le substrat et stabiliser l\u2019\u00e9cosyst\u00e8me de l\u2019aquarium. Id\u00e9al pour optimiser la qualit\u00e9 de l\u2019eau et la croissance des plantes. Commandez ADA Bacter 100 d\u00e8s aujourd\u2019hui pour un aquarium plus sain et \u00e9quilibr\u00e9 !\",\"breadcrumb\":{\"@id\":\"https:\/\/redleafaquascaping.com\/fr\/produit\/ada-bacter-100-100g-ada-bacter-100\/#breadcrumb\"},\"inLanguage\":\"fr-FR\",\"potentialAction\":[{\"@type\":\"ReadAction\",\"target\":[\"https:\/\/redleafaquascaping.com\/fr\/produit\/ada-bacter-100-100g-ada-bacter-100\/\"]}]},{\"@type\":\"ImageObject\",\"inLanguage\":\"fr-FR\",\"@id\":\"https:\/\/redleafaquascaping.com\/fr\/produit\/ada-bacter-100-100g-ada-bacter-100\/#primaryimage\",\"url\":\"https:\/\/redleafaquascaping.com\/wp-content\/uploads\/2021\/09\/Bacter100.jpg\",\"contentUrl\":\"https:\/\/redleafaquascaping.com\/wp-content\/uploads\/2021\/09\/Bacter100.jpg\",\"width\":1500,\"height\":1500,\"caption\":\"ADA Bacter 100\"},{\"@type\":\"BreadcrumbList\",\"@id\":\"https:\/\/redleafaquascaping.com\/fr\/produit\/ada-bacter-100-100g-ada-bacter-100\/#breadcrumb\",\"itemListElement\":[{\"@type\":\"ListItem\",\"position\":1,\"name\":\"Home\",\"item\":\"https:\/\/redleafaquascaping.com\/fr\/\"},{\"@type\":\"ListItem\",\"position\":2,\"name\":\"Magasinez\",\"item\":\"https:\/\/redleafaquascaping.com\/fr\/magasinez\/\"},{\"@type\":\"ListItem\",\"position\":3,\"name\":\"ADA BACTER 100\"}]},{\"@type\":\"WebSite\",\"@id\":\"https:\/\/redleafaquascaping.com\/#website\",\"url\":\"https:\/\/redleafaquascaping.com\/\",\"name\":\"Red Leaf Aquascaping\",\"description\":\"Online Aquascaping Equipment Store\",\"publisher\":{\"@id\":\"https:\/\/redleafaquascaping.com\/#organization\"},\"potentialAction\":[{\"@type\":\"SearchAction\",\"target\":{\"@type\":\"EntryPoint\",\"urlTemplate\":\"https:\/\/redleafaquascaping.com\/?s={search_term_string}\"},\"query-input\":{\"@type\":\"PropertyValueSpecification\",\"valueRequired\":true,\"valueName\":\"search_term_string\"}}],\"inLanguage\":\"fr-FR\"},{\"@type\":\"Organization\",\"@id\":\"https:\/\/redleafaquascaping.com\/#organization\",\"name\":\"Aquascaping Red Leaf\",\"alternateName\":\"Red Leaf\",\"url\":\"https:\/\/redleafaquascaping.com\/\",\"logo\":{\"@type\":\"ImageObject\",\"inLanguage\":\"fr-FR\",\"@id\":\"https:\/\/redleafaquascaping.com\/#\/schema\/logo\/image\/\",\"url\":\"https:\/\/redleafaquascaping.com\/wp-content\/uploads\/2024\/08\/logo-seo.jpg\",\"contentUrl\":\"https:\/\/redleafaquascaping.com\/wp-content\/uploads\/2024\/08\/logo-seo.jpg\",\"width\":696,\"height\":696,\"caption\":\"Aquascaping Red Leaf\"},\"image\":{\"@id\":\"https:\/\/redleafaquascaping.com\/#\/schema\/logo\/image\/\"},\"sameAs\":[\"https:\/\/www.facebook.com\/Redleafaqua\"]}]}<\/script>\n<!-- \/ Yoast SEO plugin. -->","yoast_head_json":{"title":"ADA BACTER 100 | Red Leaf Aquascaping ADA Bacter 100","description":"ADA Bacter 100 contient plus de 100 types de micro-organismes pour am\u00e9liorer le substrat et stabiliser l\u2019\u00e9cosyst\u00e8me de l\u2019aquarium. Id\u00e9al pour optimiser la qualit\u00e9 de l\u2019eau et la croissance des plantes. Commandez ADA Bacter 100 d\u00e8s aujourd\u2019hui pour un aquarium plus sain et \u00e9quilibr\u00e9 !","robots":{"index":"index","follow":"follow","max-snippet":"max-snippet:-1","max-image-preview":"max-image-preview:large","max-video-preview":"max-video-preview:-1"},"canonical":"https:\/\/redleafaquascaping.com\/fr\/produit\/ada-bacter-100-100g-ada-bacter-100\/","og_locale":"fr_FR","og_type":"article","og_title":"ADA BACTER 100 | Red Leaf Aquascaping ADA Bacter 100","og_description":"ADA Bacter 100 contient plus de 100 types de micro-organismes pour am\u00e9liorer le substrat et stabiliser l\u2019\u00e9cosyst\u00e8me de l\u2019aquarium. Id\u00e9al pour optimiser la qualit\u00e9 de l\u2019eau et la croissance des plantes. Commandez ADA Bacter 100 d\u00e8s aujourd\u2019hui pour un aquarium plus sain et \u00e9quilibr\u00e9 !","og_url":"https:\/\/redleafaquascaping.com\/fr\/produit\/ada-bacter-100-100g-ada-bacter-100\/","og_site_name":"Red Leaf Aquascaping","article_publisher":"https:\/\/www.facebook.com\/Redleafaqua","article_modified_time":"2025-01-09T15:20:38+00:00","og_image":[{"width":1500,"height":1500,"url":"https:\/\/redleafaquascaping.com\/wp-content\/uploads\/2021\/09\/Bacter100.jpg","type":"image\/jpeg"}],"twitter_card":"summary_large_image","twitter_misc":{"Dur\u00e9e de lecture estim\u00e9e":"2 minutes"},"schema":{"@context":"https:\/\/schema.org","@graph":[{"@type":"WebPage","@id":"https:\/\/redleafaquascaping.com\/fr\/produit\/ada-bacter-100-100g-ada-bacter-100\/","url":"https:\/\/redleafaquascaping.com\/fr\/produit\/ada-bacter-100-100g-ada-bacter-100\/","name":"ADA BACTER 100 | Red Leaf Aquascaping ADA Bacter 100","isPartOf":{"@id":"https:\/\/redleafaquascaping.com\/#website"},"primaryImageOfPage":{"@id":"https:\/\/redleafaquascaping.com\/fr\/produit\/ada-bacter-100-100g-ada-bacter-100\/#primaryimage"},"image":{"@id":"https:\/\/redleafaquascaping.com\/fr\/produit\/ada-bacter-100-100g-ada-bacter-100\/#primaryimage"},"thumbnailUrl":"https:\/\/redleafaquascaping.com\/wp-content\/uploads\/2021\/09\/Bacter100.jpg","datePublished":"2021-09-15T18:32:25+00:00","dateModified":"2025-01-09T15:20:38+00:00","description":"ADA Bacter 100 contient plus de 100 types de micro-organismes pour am\u00e9liorer le substrat et stabiliser l\u2019\u00e9cosyst\u00e8me de l\u2019aquarium. Id\u00e9al pour optimiser la qualit\u00e9 de l\u2019eau et la croissance des plantes. Commandez ADA Bacter 100 d\u00e8s aujourd\u2019hui pour un aquarium plus sain et \u00e9quilibr\u00e9 !","breadcrumb":{"@id":"https:\/\/redleafaquascaping.com\/fr\/produit\/ada-bacter-100-100g-ada-bacter-100\/#breadcrumb"},"inLanguage":"fr-FR","potentialAction":[{"@type":"ReadAction","target":["https:\/\/redleafaquascaping.com\/fr\/produit\/ada-bacter-100-100g-ada-bacter-100\/"]}]},{"@type":"ImageObject","inLanguage":"fr-FR","@id":"https:\/\/redleafaquascaping.com\/fr\/produit\/ada-bacter-100-100g-ada-bacter-100\/#primaryimage","url":"https:\/\/redleafaquascaping.com\/wp-content\/uploads\/2021\/09\/Bacter100.jpg","contentUrl":"https:\/\/redleafaquascaping.com\/wp-content\/uploads\/2021\/09\/Bacter100.jpg","width":1500,"height":1500,"caption":"ADA Bacter 100"},{"@type":"BreadcrumbList","@id":"https:\/\/redleafaquascaping.com\/fr\/produit\/ada-bacter-100-100g-ada-bacter-100\/#breadcrumb","itemListElement":[{"@type":"ListItem","position":1,"name":"Home","item":"https:\/\/redleafaquascaping.com\/fr\/"},{"@type":"ListItem","position":2,"name":"Magasinez","item":"https:\/\/redleafaquascaping.com\/fr\/magasinez\/"},{"@type":"ListItem","position":3,"name":"ADA BACTER 100"}]},{"@type":"WebSite","@id":"https:\/\/redleafaquascaping.com\/#website","url":"https:\/\/redleafaquascaping.com\/","name":"Red Leaf Aquascaping","description":"Online Aquascaping Equipment Store","publisher":{"@id":"https:\/\/redleafaquascaping.com\/#organization"},"potentialAction":[{"@type":"SearchAction","target":{"@type":"EntryPoint","urlTemplate":"https:\/\/redleafaquascaping.com\/?s={search_term_string}"},"query-input":{"@type":"PropertyValueSpecification","valueRequired":true,"valueName":"search_term_string"}}],"inLanguage":"fr-FR"},{"@type":"Organization","@id":"https:\/\/redleafaquascaping.com\/#organization","name":"Aquascaping Red Leaf","alternateName":"Red Leaf","url":"https:\/\/redleafaquascaping.com\/","logo":{"@type":"ImageObject","inLanguage":"fr-FR","@id":"https:\/\/redleafaquascaping.com\/#\/schema\/logo\/image\/","url":"https:\/\/redleafaquascaping.com\/wp-content\/uploads\/2024\/08\/logo-seo.jpg","contentUrl":"https:\/\/redleafaquascaping.com\/wp-content\/uploads\/2024\/08\/logo-seo.jpg","width":696,"height":696,"caption":"Aquascaping Red Leaf"},"image":{"@id":"https:\/\/redleafaquascaping.com\/#\/schema\/logo\/image\/"},"sameAs":["https:\/\/www.facebook.com\/Redleafaqua"]}]}},"_links":{"self":[{"href":"https:\/\/redleafaquascaping.com\/fr\/wp-json\/wp\/v2\/product\/7047","targetHints":{"allow":["GET"]}}],"collection":[{"href":"https:\/\/redleafaquascaping.com\/fr\/wp-json\/wp\/v2\/product"}],"about":[{"href":"https:\/\/redleafaquascaping.com\/fr\/wp-json\/wp\/v2\/types\/product"}],"wp:featuredmedia":[{"embeddable":true,"href":"https:\/\/redleafaquascaping.com\/fr\/wp-json\/wp\/v2\/media\/4036"}],"wp:attachment":[{"href":"https:\/\/redleafaquascaping.com\/fr\/wp-json\/wp\/v2\/media?parent=7047"}],"wp:term":[{"taxonomy":"product_brand","embeddable":true,"href":"https:\/\/redleafaquascaping.com\/fr\/wp-json\/wp\/v2\/product_brand?post=7047"},{"taxonomy":"product_cat","embeddable":true,"href":"https:\/\/redleafaquascaping.com\/fr\/wp-json\/wp\/v2\/product_cat?post=7047"},{"taxonomy":"product_tag","embeddable":true,"href":"https:\/\/redleafaquascaping.com\/fr\/wp-json\/wp\/v2\/product_tag?post=7047"}],"curies":[{"name":"wp","href":"https:\/\/api.w.org\/{rel}","templated":true}]}}