{"id":9131,"date":"2022-03-03T14:02:22","date_gmt":"2022-12-01T18:09:44","guid":{"rendered":"https:\/\/redleafaquascaping.com\/?post_type=product&#038;p=9131"},"modified":"2023-11-22T13:32:38","modified_gmt":"2023-11-22T18:32:38","slug":"glas-garten-shrimp-lollies-artemia-power","status":"publish","type":"product","link":"https:\/\/redleafaquascaping.com\/fr\/produit\/glas-garten-shrimp-lollies-artemia-power\/","title":{"rendered":"Glas Garten &#8211; shrimp Lollies Artemia Power"},"content":{"rendered":"<p>Garnelenhaus Shrimp Lollies &#8211; Artemia Power est un r\u00e9gal savoureux pour les petites et les grandes crevettes.<\/p>\n<p>Il suffit de coller les Shrimp Lollies dans le substrat pour commencer la fr\u00e9n\u00e9sie alimentaire&#8230; vos crevettes vont adorer nos Shrimp Lollies &#8211; Artemia Power. Il ne faudra pas longtemps pour que le b\u00e2ton d&rsquo;Artemia soit recouvert de crevettes et vous pourrez les regarder grignoter leur nouvelle nourriture pr\u00e9f\u00e9r\u00e9e. La poudre d&rsquo;art\u00e9mia reste tr\u00e8s bien sur le b\u00e2ton et vos crevettes peuvent y manger longtemps. Nos Shrimp Lolliess &#8211; Artemia Power (b\u00e2tonnets d&rsquo;Artemia) contiennent beaucoup de vitamines et de min\u00e9raux importants, qui compl\u00e8tent tr\u00e8s bien votre nourriture principale de crevettes.<\/p>\n<p>Recommandation d&rsquo;alimentation<br \/>\n\u2022 1 Shrimp Lolly (Stick) pour environ 30\u00a0crevettes de temps en temps<\/p>\n<p>Ingr\u00e9dients<br \/>\nart\u00e9mia (40%), c\u00e9r\u00e9ales, poudre d&rsquo;oeuf d\u00e9shydrat\u00e9, poivre<\/p>\n<p>Garder hors de la port\u00e9e des enfants.<\/p>\n<p>Contenu : 8 pi\u00e8ces<br \/>\nForme : B\u00e2tonnets d&rsquo;Artemia<\/p>\n<p>Longueur : 20 cm (hors tout)<br \/>\nFabriqu\u00e9 en Allemagne<\/p>\n","protected":false},"excerpt":{"rendered":"<ul>\n<li>grande g\u00e2terie savoureuse pour vos crevettes<\/li>\n<li>Artemia reste sur le b\u00e2ton pendant longtemps<\/li>\n<li>les b\u00e2tons ne polluent pas l&rsquo;eau<\/li>\n<\/ul>\n","protected":false},"featured_media":9035,"template":"","meta":{"site-sidebar-layout":"default","site-content-layout":"default","ast-site-content-layout":"default","site-content-style":"default","site-sidebar-style":"default","ast-global-header-display":"","ast-banner-title-visibility":"","ast-main-header-display":"","ast-hfb-above-header-display":"","ast-hfb-below-header-display":"","ast-hfb-mobile-header-display":"","site-post-title":"","ast-breadcrumbs-content":"","ast-featured-img":"","footer-sml-layout":"","ast-disable-related-posts":"","theme-transparent-header-meta":"default","adv-header-id-meta":"","stick-header-meta":"","header-above-stick-meta":"","header-main-stick-meta":"","header-below-stick-meta":"","astra-migrate-meta-layouts":"set","ast-page-background-enabled":"default","ast-page-background-meta":{"desktop":{"background-color":"","background-image":"","background-repeat":"repeat","background-position":"center center","background-size":"auto","background-attachment":"scroll","background-type":"","background-media":"","overlay-type":"","overlay-color":"","overlay-opacity":"","overlay-gradient":""},"tablet":{"background-color":"","background-image":"","background-repeat":"repeat","background-position":"center center","background-size":"auto","background-attachment":"scroll","background-type":"","background-media":"","overlay-type":"","overlay-color":"","overlay-opacity":"","overlay-gradient":""},"mobile":{"background-color":"","background-image":"","background-repeat":"repeat","background-position":"center center","background-size":"auto","background-attachment":"scroll","background-type":"","background-media":"","overlay-type":"","overlay-color":"","overlay-opacity":"","overlay-gradient":""}},"ast-content-background-meta":{"desktop":{"background-color":"var(--ast-global-color-5)","background-image":"","background-repeat":"repeat","background-position":"center center","background-size":"auto","background-attachment":"scroll","background-type":"","background-media":"","overlay-type":"","overlay-color":"","overlay-opacity":"","overlay-gradient":""},"tablet":{"background-color":"var(--ast-global-color-5)","background-image":"","background-repeat":"repeat","background-position":"center center","background-size":"auto","background-attachment":"scroll","background-type":"","background-media":"","overlay-type":"","overlay-color":"","overlay-opacity":"","overlay-gradient":""},"mobile":{"background-color":"var(--ast-global-color-5)","background-image":"","background-repeat":"repeat","background-position":"center center","background-size":"auto","background-attachment":"scroll","background-type":"","background-media":"","overlay-type":"","overlay-color":"","overlay-opacity":"","overlay-gradient":""}}},"product_brand":[],"product_cat":[962,1371,1389],"product_tag":[1088,1047,1037],"class_list":{"0":"post-9131","1":"product","2":"type-product","3":"status-publish","4":"has-post-thumbnail","6":"product_cat-crevettes","7":"product_cat-glas-garten-fr","8":"product_cat-nutrition-pour-crevettes","9":"product_tag-artemia-fr","10":"product_tag-lollies-fr-2","11":"product_tag-shrimp-fr-2","12":"desktop-align-left","13":"tablet-align-left","14":"mobile-align-left","15":"ast-product-gallery-layout-horizontal-slider","16":"ast-product-tabs-layout-horizontal","18":"first","19":"instock","20":"taxable","21":"shipping-taxable","22":"purchasable","23":"product-type-simple"},"yoast_head":"<!-- This site is optimized with the Yoast SEO plugin v27.2 - https:\/\/yoast.com\/product\/yoast-seo-wordpress\/ -->\n<title>Glas Garten - shrimp Lollies Artemia Power | Red Leaf Aquascaping<\/title>\n<meta name=\"robots\" content=\"index, follow, max-snippet:-1, max-image-preview:large, max-video-preview:-1\" \/>\n<link rel=\"canonical\" href=\"https:\/\/redleafaquascaping.com\/fr\/produit\/glas-garten-shrimp-lollies-artemia-power\/\" \/>\n<meta property=\"og:locale\" content=\"fr_FR\" \/>\n<meta property=\"og:type\" content=\"article\" \/>\n<meta property=\"og:title\" content=\"Glas Garten - shrimp Lollies Artemia Power | Red Leaf Aquascaping\" \/>\n<meta property=\"og:description\" content=\"grande g\u00e2terie savoureuse pour vos crevettes  Artemia reste sur le b\u00e2ton pendant longtemps  les b\u00e2tons ne polluent pas l&#039;eau\" \/>\n<meta property=\"og:url\" content=\"https:\/\/redleafaquascaping.com\/fr\/produit\/glas-garten-shrimp-lollies-artemia-power\/\" \/>\n<meta property=\"og:site_name\" content=\"Red Leaf Aquascaping\" \/>\n<meta property=\"article:publisher\" content=\"https:\/\/www.facebook.com\/Redleafaqua\" \/>\n<meta property=\"article:modified_time\" content=\"2023-11-22T18:32:38+00:00\" \/>\n<meta property=\"og:image\" content=\"https:\/\/redleafaquascaping.com\/wp-content\/uploads\/2022\/03\/glasgarten-shrimp-lollies-garnelenlollie-artemialollie-artemiastick-1_600x600.jpg\" \/>\n\t<meta property=\"og:image:width\" content=\"600\" \/>\n\t<meta property=\"og:image:height\" content=\"450\" \/>\n\t<meta property=\"og:image:type\" content=\"image\/jpeg\" \/>\n<meta name=\"twitter:card\" content=\"summary_large_image\" \/>\n<meta name=\"twitter:label1\" content=\"Dur\u00e9e de lecture estim\u00e9e\" \/>\n\t<meta name=\"twitter:data1\" content=\"1 minute\" \/>\n<script type=\"application\/ld+json\" class=\"yoast-schema-graph\">{\"@context\":\"https:\/\/schema.org\",\"@graph\":[{\"@type\":\"WebPage\",\"@id\":\"https:\/\/redleafaquascaping.com\/fr\/produit\/glas-garten-shrimp-lollies-artemia-power\/\",\"url\":\"https:\/\/redleafaquascaping.com\/fr\/produit\/glas-garten-shrimp-lollies-artemia-power\/\",\"name\":\"Glas Garten - shrimp Lollies Artemia Power | Red Leaf Aquascaping\",\"isPartOf\":{\"@id\":\"https:\/\/redleafaquascaping.com\/#website\"},\"primaryImageOfPage\":{\"@id\":\"https:\/\/redleafaquascaping.com\/fr\/produit\/glas-garten-shrimp-lollies-artemia-power\/#primaryimage\"},\"image\":{\"@id\":\"https:\/\/redleafaquascaping.com\/fr\/produit\/glas-garten-shrimp-lollies-artemia-power\/#primaryimage\"},\"thumbnailUrl\":\"https:\/\/redleafaquascaping.com\/wp-content\/uploads\/2022\/03\/glasgarten-shrimp-lollies-garnelenlollie-artemialollie-artemiastick-1_600x600.jpg\",\"datePublished\":\"2022-12-01T18:09:44+00:00\",\"dateModified\":\"2023-11-22T18:32:38+00:00\",\"breadcrumb\":{\"@id\":\"https:\/\/redleafaquascaping.com\/fr\/produit\/glas-garten-shrimp-lollies-artemia-power\/#breadcrumb\"},\"inLanguage\":\"fr-FR\",\"potentialAction\":[{\"@type\":\"ReadAction\",\"target\":[\"https:\/\/redleafaquascaping.com\/fr\/produit\/glas-garten-shrimp-lollies-artemia-power\/\"]}]},{\"@type\":\"ImageObject\",\"inLanguage\":\"fr-FR\",\"@id\":\"https:\/\/redleafaquascaping.com\/fr\/produit\/glas-garten-shrimp-lollies-artemia-power\/#primaryimage\",\"url\":\"https:\/\/redleafaquascaping.com\/wp-content\/uploads\/2022\/03\/glasgarten-shrimp-lollies-garnelenlollie-artemialollie-artemiastick-1_600x600.jpg\",\"contentUrl\":\"https:\/\/redleafaquascaping.com\/wp-content\/uploads\/2022\/03\/glasgarten-shrimp-lollies-garnelenlollie-artemialollie-artemiastick-1_600x600.jpg\",\"width\":600,\"height\":450},{\"@type\":\"BreadcrumbList\",\"@id\":\"https:\/\/redleafaquascaping.com\/fr\/produit\/glas-garten-shrimp-lollies-artemia-power\/#breadcrumb\",\"itemListElement\":[{\"@type\":\"ListItem\",\"position\":1,\"name\":\"Home\",\"item\":\"https:\/\/redleafaquascaping.com\/fr\/\"},{\"@type\":\"ListItem\",\"position\":2,\"name\":\"Magasinez\",\"item\":\"https:\/\/redleafaquascaping.com\/fr\/magasinez\/\"},{\"@type\":\"ListItem\",\"position\":3,\"name\":\"Glas Garten &#8211; shrimp Lollies Artemia Power\"}]},{\"@type\":\"WebSite\",\"@id\":\"https:\/\/redleafaquascaping.com\/#website\",\"url\":\"https:\/\/redleafaquascaping.com\/\",\"name\":\"Red Leaf Aquascaping\",\"description\":\"Online Aquascaping Equipment Store\",\"publisher\":{\"@id\":\"https:\/\/redleafaquascaping.com\/#organization\"},\"potentialAction\":[{\"@type\":\"SearchAction\",\"target\":{\"@type\":\"EntryPoint\",\"urlTemplate\":\"https:\/\/redleafaquascaping.com\/?s={search_term_string}\"},\"query-input\":{\"@type\":\"PropertyValueSpecification\",\"valueRequired\":true,\"valueName\":\"search_term_string\"}}],\"inLanguage\":\"fr-FR\"},{\"@type\":\"Organization\",\"@id\":\"https:\/\/redleafaquascaping.com\/#organization\",\"name\":\"Aquascaping Red Leaf\",\"alternateName\":\"Red Leaf\",\"url\":\"https:\/\/redleafaquascaping.com\/\",\"logo\":{\"@type\":\"ImageObject\",\"inLanguage\":\"fr-FR\",\"@id\":\"https:\/\/redleafaquascaping.com\/#\/schema\/logo\/image\/\",\"url\":\"https:\/\/redleafaquascaping.com\/wp-content\/uploads\/2024\/08\/logo-seo.jpg\",\"contentUrl\":\"https:\/\/redleafaquascaping.com\/wp-content\/uploads\/2024\/08\/logo-seo.jpg\",\"width\":696,\"height\":696,\"caption\":\"Aquascaping Red Leaf\"},\"image\":{\"@id\":\"https:\/\/redleafaquascaping.com\/#\/schema\/logo\/image\/\"},\"sameAs\":[\"https:\/\/www.facebook.com\/Redleafaqua\"]}]}<\/script>\n<!-- \/ Yoast SEO plugin. -->","yoast_head_json":{"title":"Glas Garten - shrimp Lollies Artemia Power | Red Leaf Aquascaping","robots":{"index":"index","follow":"follow","max-snippet":"max-snippet:-1","max-image-preview":"max-image-preview:large","max-video-preview":"max-video-preview:-1"},"canonical":"https:\/\/redleafaquascaping.com\/fr\/produit\/glas-garten-shrimp-lollies-artemia-power\/","og_locale":"fr_FR","og_type":"article","og_title":"Glas Garten - shrimp Lollies Artemia Power | Red Leaf Aquascaping","og_description":"grande g\u00e2terie savoureuse pour vos crevettes  Artemia reste sur le b\u00e2ton pendant longtemps  les b\u00e2tons ne polluent pas l'eau","og_url":"https:\/\/redleafaquascaping.com\/fr\/produit\/glas-garten-shrimp-lollies-artemia-power\/","og_site_name":"Red Leaf Aquascaping","article_publisher":"https:\/\/www.facebook.com\/Redleafaqua","article_modified_time":"2023-11-22T18:32:38+00:00","og_image":[{"width":600,"height":450,"url":"https:\/\/redleafaquascaping.com\/wp-content\/uploads\/2022\/03\/glasgarten-shrimp-lollies-garnelenlollie-artemialollie-artemiastick-1_600x600.jpg","type":"image\/jpeg"}],"twitter_card":"summary_large_image","twitter_misc":{"Dur\u00e9e de lecture estim\u00e9e":"1 minute"},"schema":{"@context":"https:\/\/schema.org","@graph":[{"@type":"WebPage","@id":"https:\/\/redleafaquascaping.com\/fr\/produit\/glas-garten-shrimp-lollies-artemia-power\/","url":"https:\/\/redleafaquascaping.com\/fr\/produit\/glas-garten-shrimp-lollies-artemia-power\/","name":"Glas Garten - shrimp Lollies Artemia Power | Red Leaf Aquascaping","isPartOf":{"@id":"https:\/\/redleafaquascaping.com\/#website"},"primaryImageOfPage":{"@id":"https:\/\/redleafaquascaping.com\/fr\/produit\/glas-garten-shrimp-lollies-artemia-power\/#primaryimage"},"image":{"@id":"https:\/\/redleafaquascaping.com\/fr\/produit\/glas-garten-shrimp-lollies-artemia-power\/#primaryimage"},"thumbnailUrl":"https:\/\/redleafaquascaping.com\/wp-content\/uploads\/2022\/03\/glasgarten-shrimp-lollies-garnelenlollie-artemialollie-artemiastick-1_600x600.jpg","datePublished":"2022-12-01T18:09:44+00:00","dateModified":"2023-11-22T18:32:38+00:00","breadcrumb":{"@id":"https:\/\/redleafaquascaping.com\/fr\/produit\/glas-garten-shrimp-lollies-artemia-power\/#breadcrumb"},"inLanguage":"fr-FR","potentialAction":[{"@type":"ReadAction","target":["https:\/\/redleafaquascaping.com\/fr\/produit\/glas-garten-shrimp-lollies-artemia-power\/"]}]},{"@type":"ImageObject","inLanguage":"fr-FR","@id":"https:\/\/redleafaquascaping.com\/fr\/produit\/glas-garten-shrimp-lollies-artemia-power\/#primaryimage","url":"https:\/\/redleafaquascaping.com\/wp-content\/uploads\/2022\/03\/glasgarten-shrimp-lollies-garnelenlollie-artemialollie-artemiastick-1_600x600.jpg","contentUrl":"https:\/\/redleafaquascaping.com\/wp-content\/uploads\/2022\/03\/glasgarten-shrimp-lollies-garnelenlollie-artemialollie-artemiastick-1_600x600.jpg","width":600,"height":450},{"@type":"BreadcrumbList","@id":"https:\/\/redleafaquascaping.com\/fr\/produit\/glas-garten-shrimp-lollies-artemia-power\/#breadcrumb","itemListElement":[{"@type":"ListItem","position":1,"name":"Home","item":"https:\/\/redleafaquascaping.com\/fr\/"},{"@type":"ListItem","position":2,"name":"Magasinez","item":"https:\/\/redleafaquascaping.com\/fr\/magasinez\/"},{"@type":"ListItem","position":3,"name":"Glas Garten &#8211; shrimp Lollies Artemia Power"}]},{"@type":"WebSite","@id":"https:\/\/redleafaquascaping.com\/#website","url":"https:\/\/redleafaquascaping.com\/","name":"Red Leaf Aquascaping","description":"Online Aquascaping Equipment Store","publisher":{"@id":"https:\/\/redleafaquascaping.com\/#organization"},"potentialAction":[{"@type":"SearchAction","target":{"@type":"EntryPoint","urlTemplate":"https:\/\/redleafaquascaping.com\/?s={search_term_string}"},"query-input":{"@type":"PropertyValueSpecification","valueRequired":true,"valueName":"search_term_string"}}],"inLanguage":"fr-FR"},{"@type":"Organization","@id":"https:\/\/redleafaquascaping.com\/#organization","name":"Aquascaping Red Leaf","alternateName":"Red Leaf","url":"https:\/\/redleafaquascaping.com\/","logo":{"@type":"ImageObject","inLanguage":"fr-FR","@id":"https:\/\/redleafaquascaping.com\/#\/schema\/logo\/image\/","url":"https:\/\/redleafaquascaping.com\/wp-content\/uploads\/2024\/08\/logo-seo.jpg","contentUrl":"https:\/\/redleafaquascaping.com\/wp-content\/uploads\/2024\/08\/logo-seo.jpg","width":696,"height":696,"caption":"Aquascaping Red Leaf"},"image":{"@id":"https:\/\/redleafaquascaping.com\/#\/schema\/logo\/image\/"},"sameAs":["https:\/\/www.facebook.com\/Redleafaqua"]}]}},"_links":{"self":[{"href":"https:\/\/redleafaquascaping.com\/fr\/wp-json\/wp\/v2\/product\/9131","targetHints":{"allow":["GET"]}}],"collection":[{"href":"https:\/\/redleafaquascaping.com\/fr\/wp-json\/wp\/v2\/product"}],"about":[{"href":"https:\/\/redleafaquascaping.com\/fr\/wp-json\/wp\/v2\/types\/product"}],"wp:featuredmedia":[{"embeddable":true,"href":"https:\/\/redleafaquascaping.com\/fr\/wp-json\/wp\/v2\/media\/9035"}],"wp:attachment":[{"href":"https:\/\/redleafaquascaping.com\/fr\/wp-json\/wp\/v2\/media?parent=9131"}],"wp:term":[{"taxonomy":"product_brand","embeddable":true,"href":"https:\/\/redleafaquascaping.com\/fr\/wp-json\/wp\/v2\/product_brand?post=9131"},{"taxonomy":"product_cat","embeddable":true,"href":"https:\/\/redleafaquascaping.com\/fr\/wp-json\/wp\/v2\/product_cat?post=9131"},{"taxonomy":"product_tag","embeddable":true,"href":"https:\/\/redleafaquascaping.com\/fr\/wp-json\/wp\/v2\/product_tag?post=9131"}],"curies":[{"name":"wp","href":"https:\/\/api.w.org\/{rel}","templated":true}]}}