{"id":9135,"date":"2022-03-02T11:31:00","date_gmt":"2022-12-01T18:18:03","guid":{"rendered":"https:\/\/redleafaquascaping.com\/?post_type=product&#038;p=9135"},"modified":"2023-11-22T13:34:48","modified_gmt":"2023-11-22T18:34:48","slug":"glas-garten-shrimp-fit","status":"publish","type":"product","link":"https:\/\/redleafaquascaping.com\/fr\/produit\/glas-garten-shrimp-fit\/","title":{"rendered":"Glas Garten &#8211; Shrimp Fit+"},"content":{"rendered":"<p>Shrimp fit+ peut renforcer le syst\u00e8me immunitaire de vos crevettes et am\u00e9liorer leur capacit\u00e9 \u00e0 repousser les germes et les bact\u00e9ries nocives.<\/p>\n<p>Utilis\u00e9 de mani\u00e8re pr\u00e9ventive, il augmente l&rsquo;\u00e9tat de vigilance du syst\u00e8me immunitaire des crevettes. Ainsi, dans le cas d&rsquo;une r\u00e9ponse immunologique, les intrus peuvent \u00eatre combattus plus efficacement et plus rapidement.<\/p>\n<p>Les min\u00e9raux et oligo-\u00e9l\u00e9ments contenus dans cet aliment soutiennent le tube digestif et la microflore des crevettes, les extraits prot\u00e9iques contenant des immunoglobulines sont, en plus, riches en vitamines naturelles.<\/p>\n<p>Suggestion d&rsquo;alimentation (pour 100 litres)<br \/>\n\u2022 faiblement approvisionn\u00e9\u00a0: deux fois par semaine 1\/4 de cuill\u00e8re-mesure respectivement*<br \/>\n\u2022 normalement approvisionn\u00e9 : deux fois par semaine 1\/2 cuill\u00e8re-mesure respectivement*<br \/>\n\u2022 tr\u00e8s approvisionn\u00e9 : 2 fois par semaine 1 cuill\u00e8re doseuse respectivement*<\/p>\n<p>Nous recommandons quelques heures avant et apr\u00e8s la t\u00e9t\u00e9e de ne donner aucun autre aliment,<br \/>\nafin d&rsquo;exploiter au mieux l&rsquo;effet du b\u00eata-glucane.<br \/>\n* 1 cuill\u00e8re doseuse = environ 0,7g<\/p>\n<p>Ingr\u00e9dients<br \/>\nMin\u00e9raux, extraits prot\u00e9iques contenant de l&rsquo;immunoglobuline, b\u00eata-glucane<\/p>\n<p>Constituants analytiques<br \/>\n15,6 % de prot\u00e9ines brutes, 1,6 % de mati\u00e8res grasses brutes, 4 % de fibres brutes, 57 % de min\u00e9raux, 6 % d&rsquo;humidit\u00e9<\/p>\n","protected":false},"excerpt":{"rendered":"<ul>\n<li>renforce le syst\u00e8me immunitaire des crevettes dans votre aquarium<\/li>\n<li>Le b\u00e9taglucane augmente l&rsquo;\u00e9tat de vigilance du syst\u00e8me immunitaire des crevettes<\/li>\n<li>les min\u00e9raux et oligo-\u00e9l\u00e9ments soutiennent le tube digestif des crevettes<\/li>\n<li>extraits de prot\u00e9ines contenant des immunoglobulines, riches en vitamines naturelles<\/li>\n<\/ul>\n","protected":false},"featured_media":8998,"template":"","meta":{"site-sidebar-layout":"default","site-content-layout":"default","ast-site-content-layout":"default","site-content-style":"default","site-sidebar-style":"default","ast-global-header-display":"","ast-banner-title-visibility":"","ast-main-header-display":"","ast-hfb-above-header-display":"","ast-hfb-below-header-display":"","ast-hfb-mobile-header-display":"","site-post-title":"","ast-breadcrumbs-content":"","ast-featured-img":"","footer-sml-layout":"","ast-disable-related-posts":"","theme-transparent-header-meta":"","adv-header-id-meta":"","stick-header-meta":"","header-above-stick-meta":"","header-main-stick-meta":"","header-below-stick-meta":"","astra-migrate-meta-layouts":"set","ast-page-background-enabled":"default","ast-page-background-meta":{"desktop":{"background-color":"","background-image":"","background-repeat":"repeat","background-position":"center center","background-size":"auto","background-attachment":"scroll","background-type":"","background-media":"","overlay-type":"","overlay-color":"","overlay-opacity":"","overlay-gradient":""},"tablet":{"background-color":"","background-image":"","background-repeat":"repeat","background-position":"center center","background-size":"auto","background-attachment":"scroll","background-type":"","background-media":"","overlay-type":"","overlay-color":"","overlay-opacity":"","overlay-gradient":""},"mobile":{"background-color":"","background-image":"","background-repeat":"repeat","background-position":"center center","background-size":"auto","background-attachment":"scroll","background-type":"","background-media":"","overlay-type":"","overlay-color":"","overlay-opacity":"","overlay-gradient":""}},"ast-content-background-meta":{"desktop":{"background-color":"var(--ast-global-color-5)","background-image":"","background-repeat":"repeat","background-position":"center center","background-size":"auto","background-attachment":"scroll","background-type":"","background-media":"","overlay-type":"","overlay-color":"","overlay-opacity":"","overlay-gradient":""},"tablet":{"background-color":"var(--ast-global-color-5)","background-image":"","background-repeat":"repeat","background-position":"center center","background-size":"auto","background-attachment":"scroll","background-type":"","background-media":"","overlay-type":"","overlay-color":"","overlay-opacity":"","overlay-gradient":""},"mobile":{"background-color":"var(--ast-global-color-5)","background-image":"","background-repeat":"repeat","background-position":"center center","background-size":"auto","background-attachment":"scroll","background-type":"","background-media":"","overlay-type":"","overlay-color":"","overlay-opacity":"","overlay-gradient":""}}},"product_brand":[],"product_cat":[962,1371,1389],"product_tag":[1037,1038],"class_list":{"0":"post-9135","1":"product","2":"type-product","3":"status-publish","4":"has-post-thumbnail","6":"product_cat-crevettes","7":"product_cat-glas-garten-fr","8":"product_cat-nutrition-pour-crevettes","9":"product_tag-shrimp-fr-2","10":"product_tag-shrimps-fr","11":"desktop-align-left","12":"tablet-align-left","13":"mobile-align-left","14":"ast-product-gallery-layout-horizontal-slider","15":"ast-product-tabs-layout-horizontal","17":"first","18":"instock","19":"taxable","20":"shipping-taxable","21":"purchasable","22":"product-type-simple"},"yoast_head":"<!-- This site is optimized with the Yoast SEO plugin v27.2 - https:\/\/yoast.com\/product\/yoast-seo-wordpress\/ -->\n<title>Glas Garten - Shrimp Fit+ | Red Leaf Aquascaping<\/title>\n<meta name=\"robots\" content=\"index, follow, max-snippet:-1, max-image-preview:large, max-video-preview:-1\" \/>\n<link rel=\"canonical\" href=\"https:\/\/redleafaquascaping.com\/fr\/produit\/glas-garten-shrimp-fit\/\" \/>\n<meta property=\"og:locale\" content=\"fr_FR\" \/>\n<meta property=\"og:type\" content=\"article\" \/>\n<meta property=\"og:title\" content=\"Glas Garten - Shrimp Fit+ | Red Leaf Aquascaping\" \/>\n<meta property=\"og:description\" content=\"renforce le syst\u00e8me immunitaire des crevettes dans votre aquarium  Le b\u00e9taglucane augmente l&#039;\u00e9tat de vigilance du syst\u00e8me immunitaire des crevettes  les min\u00e9raux et oligo-\u00e9l\u00e9ments soutiennent le tube digestif des crevettes  extraits de prot\u00e9ines contenant des immunoglobulines, riches en vitamines naturelles\" \/>\n<meta property=\"og:url\" content=\"https:\/\/redleafaquascaping.com\/fr\/produit\/glas-garten-shrimp-fit\/\" \/>\n<meta property=\"og:site_name\" content=\"Red Leaf Aquascaping\" \/>\n<meta property=\"article:publisher\" content=\"https:\/\/www.facebook.com\/Redleafaqua\" \/>\n<meta property=\"article:modified_time\" content=\"2023-11-22T18:34:48+00:00\" \/>\n<meta property=\"og:image\" content=\"https:\/\/redleafaquascaping.com\/wp-content\/uploads\/2022\/03\/glasgarten-shrimpfit-garnelen-spezialfutter-shrimp-feed_600x600.jpg\" \/>\n\t<meta property=\"og:image:width\" content=\"600\" \/>\n\t<meta property=\"og:image:height\" content=\"458\" \/>\n\t<meta property=\"og:image:type\" content=\"image\/jpeg\" \/>\n<meta name=\"twitter:card\" content=\"summary_large_image\" \/>\n<meta name=\"twitter:label1\" content=\"Dur\u00e9e de lecture estim\u00e9e\" \/>\n\t<meta name=\"twitter:data1\" content=\"1 minute\" \/>\n<script type=\"application\/ld+json\" class=\"yoast-schema-graph\">{\"@context\":\"https:\/\/schema.org\",\"@graph\":[{\"@type\":\"WebPage\",\"@id\":\"https:\/\/redleafaquascaping.com\/fr\/produit\/glas-garten-shrimp-fit\/\",\"url\":\"https:\/\/redleafaquascaping.com\/fr\/produit\/glas-garten-shrimp-fit\/\",\"name\":\"Glas Garten - Shrimp Fit+ | Red Leaf Aquascaping\",\"isPartOf\":{\"@id\":\"https:\/\/redleafaquascaping.com\/#website\"},\"primaryImageOfPage\":{\"@id\":\"https:\/\/redleafaquascaping.com\/fr\/produit\/glas-garten-shrimp-fit\/#primaryimage\"},\"image\":{\"@id\":\"https:\/\/redleafaquascaping.com\/fr\/produit\/glas-garten-shrimp-fit\/#primaryimage\"},\"thumbnailUrl\":\"https:\/\/redleafaquascaping.com\/wp-content\/uploads\/2022\/03\/glasgarten-shrimpfit-garnelen-spezialfutter-shrimp-feed_600x600.jpg\",\"datePublished\":\"2022-12-01T18:18:03+00:00\",\"dateModified\":\"2023-11-22T18:34:48+00:00\",\"breadcrumb\":{\"@id\":\"https:\/\/redleafaquascaping.com\/fr\/produit\/glas-garten-shrimp-fit\/#breadcrumb\"},\"inLanguage\":\"fr-FR\",\"potentialAction\":[{\"@type\":\"ReadAction\",\"target\":[\"https:\/\/redleafaquascaping.com\/fr\/produit\/glas-garten-shrimp-fit\/\"]}]},{\"@type\":\"ImageObject\",\"inLanguage\":\"fr-FR\",\"@id\":\"https:\/\/redleafaquascaping.com\/fr\/produit\/glas-garten-shrimp-fit\/#primaryimage\",\"url\":\"https:\/\/redleafaquascaping.com\/wp-content\/uploads\/2022\/03\/glasgarten-shrimpfit-garnelen-spezialfutter-shrimp-feed_600x600.jpg\",\"contentUrl\":\"https:\/\/redleafaquascaping.com\/wp-content\/uploads\/2022\/03\/glasgarten-shrimpfit-garnelen-spezialfutter-shrimp-feed_600x600.jpg\",\"width\":600,\"height\":458},{\"@type\":\"BreadcrumbList\",\"@id\":\"https:\/\/redleafaquascaping.com\/fr\/produit\/glas-garten-shrimp-fit\/#breadcrumb\",\"itemListElement\":[{\"@type\":\"ListItem\",\"position\":1,\"name\":\"Home\",\"item\":\"https:\/\/redleafaquascaping.com\/fr\/\"},{\"@type\":\"ListItem\",\"position\":2,\"name\":\"Magasinez\",\"item\":\"https:\/\/redleafaquascaping.com\/fr\/magasinez\/\"},{\"@type\":\"ListItem\",\"position\":3,\"name\":\"Glas Garten &#8211; Shrimp Fit+\"}]},{\"@type\":\"WebSite\",\"@id\":\"https:\/\/redleafaquascaping.com\/#website\",\"url\":\"https:\/\/redleafaquascaping.com\/\",\"name\":\"Red Leaf Aquascaping\",\"description\":\"Online Aquascaping Equipment Store\",\"publisher\":{\"@id\":\"https:\/\/redleafaquascaping.com\/#organization\"},\"potentialAction\":[{\"@type\":\"SearchAction\",\"target\":{\"@type\":\"EntryPoint\",\"urlTemplate\":\"https:\/\/redleafaquascaping.com\/?s={search_term_string}\"},\"query-input\":{\"@type\":\"PropertyValueSpecification\",\"valueRequired\":true,\"valueName\":\"search_term_string\"}}],\"inLanguage\":\"fr-FR\"},{\"@type\":\"Organization\",\"@id\":\"https:\/\/redleafaquascaping.com\/#organization\",\"name\":\"Aquascaping Red Leaf\",\"alternateName\":\"Red Leaf\",\"url\":\"https:\/\/redleafaquascaping.com\/\",\"logo\":{\"@type\":\"ImageObject\",\"inLanguage\":\"fr-FR\",\"@id\":\"https:\/\/redleafaquascaping.com\/#\/schema\/logo\/image\/\",\"url\":\"https:\/\/redleafaquascaping.com\/wp-content\/uploads\/2024\/08\/logo-seo.jpg\",\"contentUrl\":\"https:\/\/redleafaquascaping.com\/wp-content\/uploads\/2024\/08\/logo-seo.jpg\",\"width\":696,\"height\":696,\"caption\":\"Aquascaping Red Leaf\"},\"image\":{\"@id\":\"https:\/\/redleafaquascaping.com\/#\/schema\/logo\/image\/\"},\"sameAs\":[\"https:\/\/www.facebook.com\/Redleafaqua\"]}]}<\/script>\n<!-- \/ Yoast SEO plugin. -->","yoast_head_json":{"title":"Glas Garten - Shrimp Fit+ | Red Leaf Aquascaping","robots":{"index":"index","follow":"follow","max-snippet":"max-snippet:-1","max-image-preview":"max-image-preview:large","max-video-preview":"max-video-preview:-1"},"canonical":"https:\/\/redleafaquascaping.com\/fr\/produit\/glas-garten-shrimp-fit\/","og_locale":"fr_FR","og_type":"article","og_title":"Glas Garten - Shrimp Fit+ | Red Leaf Aquascaping","og_description":"renforce le syst\u00e8me immunitaire des crevettes dans votre aquarium  Le b\u00e9taglucane augmente l'\u00e9tat de vigilance du syst\u00e8me immunitaire des crevettes  les min\u00e9raux et oligo-\u00e9l\u00e9ments soutiennent le tube digestif des crevettes  extraits de prot\u00e9ines contenant des immunoglobulines, riches en vitamines naturelles","og_url":"https:\/\/redleafaquascaping.com\/fr\/produit\/glas-garten-shrimp-fit\/","og_site_name":"Red Leaf Aquascaping","article_publisher":"https:\/\/www.facebook.com\/Redleafaqua","article_modified_time":"2023-11-22T18:34:48+00:00","og_image":[{"width":600,"height":458,"url":"https:\/\/redleafaquascaping.com\/wp-content\/uploads\/2022\/03\/glasgarten-shrimpfit-garnelen-spezialfutter-shrimp-feed_600x600.jpg","type":"image\/jpeg"}],"twitter_card":"summary_large_image","twitter_misc":{"Dur\u00e9e de lecture estim\u00e9e":"1 minute"},"schema":{"@context":"https:\/\/schema.org","@graph":[{"@type":"WebPage","@id":"https:\/\/redleafaquascaping.com\/fr\/produit\/glas-garten-shrimp-fit\/","url":"https:\/\/redleafaquascaping.com\/fr\/produit\/glas-garten-shrimp-fit\/","name":"Glas Garten - Shrimp Fit+ | Red Leaf Aquascaping","isPartOf":{"@id":"https:\/\/redleafaquascaping.com\/#website"},"primaryImageOfPage":{"@id":"https:\/\/redleafaquascaping.com\/fr\/produit\/glas-garten-shrimp-fit\/#primaryimage"},"image":{"@id":"https:\/\/redleafaquascaping.com\/fr\/produit\/glas-garten-shrimp-fit\/#primaryimage"},"thumbnailUrl":"https:\/\/redleafaquascaping.com\/wp-content\/uploads\/2022\/03\/glasgarten-shrimpfit-garnelen-spezialfutter-shrimp-feed_600x600.jpg","datePublished":"2022-12-01T18:18:03+00:00","dateModified":"2023-11-22T18:34:48+00:00","breadcrumb":{"@id":"https:\/\/redleafaquascaping.com\/fr\/produit\/glas-garten-shrimp-fit\/#breadcrumb"},"inLanguage":"fr-FR","potentialAction":[{"@type":"ReadAction","target":["https:\/\/redleafaquascaping.com\/fr\/produit\/glas-garten-shrimp-fit\/"]}]},{"@type":"ImageObject","inLanguage":"fr-FR","@id":"https:\/\/redleafaquascaping.com\/fr\/produit\/glas-garten-shrimp-fit\/#primaryimage","url":"https:\/\/redleafaquascaping.com\/wp-content\/uploads\/2022\/03\/glasgarten-shrimpfit-garnelen-spezialfutter-shrimp-feed_600x600.jpg","contentUrl":"https:\/\/redleafaquascaping.com\/wp-content\/uploads\/2022\/03\/glasgarten-shrimpfit-garnelen-spezialfutter-shrimp-feed_600x600.jpg","width":600,"height":458},{"@type":"BreadcrumbList","@id":"https:\/\/redleafaquascaping.com\/fr\/produit\/glas-garten-shrimp-fit\/#breadcrumb","itemListElement":[{"@type":"ListItem","position":1,"name":"Home","item":"https:\/\/redleafaquascaping.com\/fr\/"},{"@type":"ListItem","position":2,"name":"Magasinez","item":"https:\/\/redleafaquascaping.com\/fr\/magasinez\/"},{"@type":"ListItem","position":3,"name":"Glas Garten &#8211; Shrimp Fit+"}]},{"@type":"WebSite","@id":"https:\/\/redleafaquascaping.com\/#website","url":"https:\/\/redleafaquascaping.com\/","name":"Red Leaf Aquascaping","description":"Online Aquascaping Equipment Store","publisher":{"@id":"https:\/\/redleafaquascaping.com\/#organization"},"potentialAction":[{"@type":"SearchAction","target":{"@type":"EntryPoint","urlTemplate":"https:\/\/redleafaquascaping.com\/?s={search_term_string}"},"query-input":{"@type":"PropertyValueSpecification","valueRequired":true,"valueName":"search_term_string"}}],"inLanguage":"fr-FR"},{"@type":"Organization","@id":"https:\/\/redleafaquascaping.com\/#organization","name":"Aquascaping Red Leaf","alternateName":"Red Leaf","url":"https:\/\/redleafaquascaping.com\/","logo":{"@type":"ImageObject","inLanguage":"fr-FR","@id":"https:\/\/redleafaquascaping.com\/#\/schema\/logo\/image\/","url":"https:\/\/redleafaquascaping.com\/wp-content\/uploads\/2024\/08\/logo-seo.jpg","contentUrl":"https:\/\/redleafaquascaping.com\/wp-content\/uploads\/2024\/08\/logo-seo.jpg","width":696,"height":696,"caption":"Aquascaping Red Leaf"},"image":{"@id":"https:\/\/redleafaquascaping.com\/#\/schema\/logo\/image\/"},"sameAs":["https:\/\/www.facebook.com\/Redleafaqua"]}]}},"_links":{"self":[{"href":"https:\/\/redleafaquascaping.com\/fr\/wp-json\/wp\/v2\/product\/9135","targetHints":{"allow":["GET"]}}],"collection":[{"href":"https:\/\/redleafaquascaping.com\/fr\/wp-json\/wp\/v2\/product"}],"about":[{"href":"https:\/\/redleafaquascaping.com\/fr\/wp-json\/wp\/v2\/types\/product"}],"wp:featuredmedia":[{"embeddable":true,"href":"https:\/\/redleafaquascaping.com\/fr\/wp-json\/wp\/v2\/media\/8998"}],"wp:attachment":[{"href":"https:\/\/redleafaquascaping.com\/fr\/wp-json\/wp\/v2\/media?parent=9135"}],"wp:term":[{"taxonomy":"product_brand","embeddable":true,"href":"https:\/\/redleafaquascaping.com\/fr\/wp-json\/wp\/v2\/product_brand?post=9135"},{"taxonomy":"product_cat","embeddable":true,"href":"https:\/\/redleafaquascaping.com\/fr\/wp-json\/wp\/v2\/product_cat?post=9135"},{"taxonomy":"product_tag","embeddable":true,"href":"https:\/\/redleafaquascaping.com\/fr\/wp-json\/wp\/v2\/product_tag?post=9135"}],"curies":[{"name":"wp","href":"https:\/\/api.w.org\/{rel}","templated":true}]}}