{"id":9142,"date":"2022-03-01T15:05:32","date_gmt":"2023-09-13T18:01:20","guid":{"rendered":"https:\/\/redleafaquascaping.com\/?post_type=product&#038;p=9142"},"modified":"2024-12-29T20:49:57","modified_gmt":"2024-12-30T01:49:57","slug":"glas-garten-mineral-junkie","status":"publish","type":"product","link":"https:\/\/redleafaquascaping.com\/fr\/produit\/glas-garten-mineral-junkie\/","title":{"rendered":"Glas Garten &#8211; Mineral Junkie"},"content":{"rendered":"<p>Les min\u00e9raux sont essentiels pour les invert\u00e9br\u00e9s de nos aquariums. Ils ne peuvent pas \u00eatre produits par l&rsquo;organisme lui-m\u00eame, mais doivent \u00eatre ing\u00e9r\u00e9s avec la nourriture. Vous pouvez fournir \u00e0 vos invert\u00e9br\u00e9s d&rsquo;aquarium tous les min\u00e9raux dont ils ont besoin gr\u00e2ce aux \u00ab\u00a0Perles Mineral Junkie\u00a0\u00bb. Ces perles contiennent des min\u00e9raux inorganiques ainsi que des min\u00e9raux li\u00e9s de mani\u00e8re organique et pr\u00e9viennent les carences en min\u00e9raux, qui, chez les crevettes et autres crustac\u00e9s, provoquent souvent des probl\u00e8mes de mue, une croissance lente et un taux de mortalit\u00e9 \u00e9lev\u00e9, en particulier parmi les juv\u00e9niles.<\/p>\n<p>&nbsp;<\/p>\n<p>Les escargots peuvent recevoir les \u00ab\u00a0Perles Mineral Junkie\u00a0\u00bb pour \u00e9viter que des trous ne se forment dans leurs coquilles. Les escargots se d\u00e9veloppent \u00e9galement mieux lorsqu&rsquo;ils sont nourris avec une quantit\u00e9 suffisante de min\u00e9raux, et leurs coquilles ont tendance \u00e0 \u00eatre plus lisses et plus solides.<\/p>\n<p>&nbsp;<\/p>\n<p>Un apport suffisant en min\u00e9raux est un facteur crucial dans l&rsquo;\u00e9levage et la maintenance de crevettes, d&rsquo;\u00e9crevisses, de crabes et d&rsquo;escargots, ils sont \u00ab\u00a0accros\u00a0\u00bb (au sens figur\u00e9) \u00e0 ces substances. Tous les invert\u00e9br\u00e9s poss\u00e8dent un exosquelette, une partie importante duquel ils construisent \u00e0 partir de min\u00e9raux. Cependant, ce n&rsquo;est pas la seule chose dont ils ont besoin de min\u00e9raux, ils sont \u00e9galement essentiels pour de nombreuses fonctions de l&rsquo;organisme, comme l&rsquo;excitation des muscles et des nerfs. Comme nous le savons tous, les cellules de couleur des crevettes naines (les chromatophores) sont connect\u00e9es aux muscles. Un apport optimal en min\u00e9raux peut donc avoir un effet positif sur l&rsquo;intensit\u00e9 des couleurs sp\u00e9cifiques \u00e0 chaque esp\u00e8ce. De nombreux processus hormonaux seraient \u00e9galement impossibles sans les bons min\u00e9raux.<\/p>\n<p>&nbsp;<\/p>\n<p>Outre les min\u00e9raux, les \u00ab\u00a0Perles Mineral Junkie\u00a0\u00bb contiennent des ingr\u00e9dients d&rsquo;origine v\u00e9g\u00e9tale et des extraits de plantes riches en phytochimiques b\u00e9n\u00e9fiques, pour des invert\u00e9br\u00e9s agiles et en bonne sant\u00e9. Nous avons d\u00e9lib\u00e9r\u00e9ment maintenu une faible teneur en prot\u00e9ines et en mati\u00e8res grasses pour \u00e9viter une pollution excessive de l&rsquo;eau. Les \u00ab\u00a0Perles Mineral Junkie\u00a0\u00bb sont une alimentation de base id\u00e9ale pour l&rsquo;\u00e9t\u00e9 ou lorsque vous \u00eates absent pendant le week-end.<\/p>\n<p>&nbsp;<\/p>\n<p>Recommandations d&rsquo;alimentation :<\/p>\n<p>&#8211; Crevettes : 1 \u00e0 2 perles par jour pour environ 15 crevettes.<\/p>\n<p>&#8211; \u00c9crevisses \/ Crabes : 1 \u00e0 2 perles par jour par \u00e9crevisse\/crabe.<\/p>\n<p>&#8211; Escargots : 1 perle par jour pour 2 \u00e0 5 escargots.<\/p>\n<p>&nbsp;<\/p>\n<p>Ingr\u00e9dients :<\/p>\n<p>Min\u00e9raux, sous-produits v\u00e9g\u00e9taux, c\u00e9r\u00e9ales, extraits de plantes.<\/p>\n<p>&nbsp;<\/p>\n<p>Constituants analytiques :<\/p>\n<p>Prot\u00e9ines brutes : 4,04%<\/p>\n<p>Mati\u00e8res grasses brutes : 0,62%<\/p>\n<p>Fibres brutes : 0,68%<\/p>\n<p>Cendres brutes : 27,08%<\/p>\n","protected":false},"excerpt":{"rendered":"<ul>\n<li>Contient tous les min\u00e9raux essentiels et des extraits de plantes<\/li>\n<li>Aliment min\u00e9ral sp\u00e9cial pour les crevettes, les escargots et les \u00e9crevisses\/crabs<\/li>\n<li>Pr\u00e9vient les ph\u00e9nom\u00e8nes de carence li\u00e9s aux min\u00e9raux<\/li>\n<li>\u00c9vite les dommages par piquetage sur les coquilles d&rsquo;escargot<\/li>\n<\/ul>\n","protected":false},"featured_media":8964,"template":"","meta":{"site-sidebar-layout":"default","site-content-layout":"default","ast-site-content-layout":"default","site-content-style":"default","site-sidebar-style":"default","ast-global-header-display":"","ast-banner-title-visibility":"","ast-main-header-display":"","ast-hfb-above-header-display":"","ast-hfb-below-header-display":"","ast-hfb-mobile-header-display":"","site-post-title":"","ast-breadcrumbs-content":"","ast-featured-img":"","footer-sml-layout":"","ast-disable-related-posts":"","theme-transparent-header-meta":"","adv-header-id-meta":"","stick-header-meta":"","header-above-stick-meta":"","header-main-stick-meta":"","header-below-stick-meta":"","astra-migrate-meta-layouts":"set","ast-page-background-enabled":"default","ast-page-background-meta":{"desktop":{"background-color":"","background-image":"","background-repeat":"repeat","background-position":"center center","background-size":"auto","background-attachment":"scroll","background-type":"","background-media":"","overlay-type":"","overlay-color":"","overlay-opacity":"","overlay-gradient":""},"tablet":{"background-color":"","background-image":"","background-repeat":"repeat","background-position":"center center","background-size":"auto","background-attachment":"scroll","background-type":"","background-media":"","overlay-type":"","overlay-color":"","overlay-opacity":"","overlay-gradient":""},"mobile":{"background-color":"","background-image":"","background-repeat":"repeat","background-position":"center center","background-size":"auto","background-attachment":"scroll","background-type":"","background-media":"","overlay-type":"","overlay-color":"","overlay-opacity":"","overlay-gradient":""}},"ast-content-background-meta":{"desktop":{"background-color":"var(--ast-global-color-5)","background-image":"","background-repeat":"repeat","background-position":"center center","background-size":"auto","background-attachment":"scroll","background-type":"","background-media":"","overlay-type":"","overlay-color":"","overlay-opacity":"","overlay-gradient":""},"tablet":{"background-color":"var(--ast-global-color-5)","background-image":"","background-repeat":"repeat","background-position":"center center","background-size":"auto","background-attachment":"scroll","background-type":"","background-media":"","overlay-type":"","overlay-color":"","overlay-opacity":"","overlay-gradient":""},"mobile":{"background-color":"var(--ast-global-color-5)","background-image":"","background-repeat":"repeat","background-position":"center center","background-size":"auto","background-attachment":"scroll","background-type":"","background-media":"","overlay-type":"","overlay-color":"","overlay-opacity":"","overlay-gradient":""}}},"product_brand":[],"product_cat":[962,1371,1389],"product_tag":[1091,1191,1037,1038],"class_list":{"0":"post-9142","1":"product","2":"type-product","3":"status-publish","4":"has-post-thumbnail","6":"product_cat-crevettes","7":"product_cat-glas-garten-fr","8":"product_cat-nutrition-pour-crevettes","9":"product_tag-food-fr","10":"product_tag-mineral-fr","11":"product_tag-shrimp-fr-2","12":"product_tag-shrimps-fr","13":"desktop-align-left","14":"tablet-align-left","15":"mobile-align-left","16":"ast-product-gallery-layout-horizontal-slider","17":"ast-product-single-variable","18":"ast-product-tabs-layout-horizontal","20":"first","21":"outofstock","22":"taxable","23":"shipping-taxable","24":"purchasable","25":"product-type-variable"},"yoast_head":"<!-- This site is optimized with the Yoast SEO plugin v27.2 - https:\/\/yoast.com\/product\/yoast-seo-wordpress\/ -->\n<title>Glas Garten - Mineral Junkie | Red Leaf Aquascaping<\/title>\n<meta name=\"robots\" content=\"index, follow, max-snippet:-1, max-image-preview:large, max-video-preview:-1\" \/>\n<link rel=\"canonical\" href=\"https:\/\/redleafaquascaping.com\/fr\/produit\/glas-garten-mineral-junkie\/\" \/>\n<meta property=\"og:locale\" content=\"fr_FR\" \/>\n<meta property=\"og:type\" content=\"article\" \/>\n<meta property=\"og:title\" content=\"Glas Garten - Mineral Junkie | Red Leaf Aquascaping\" \/>\n<meta property=\"og:description\" content=\"Contient tous les min\u00e9raux essentiels et des extraits de plantes  Aliment min\u00e9ral sp\u00e9cial pour les crevettes, les escargots et les \u00e9crevisses\/crabs  Pr\u00e9vient les ph\u00e9nom\u00e8nes de carence li\u00e9s aux min\u00e9raux  \u00c9vite les dommages par piquetage sur les coquilles d&#039;escargot\" \/>\n<meta property=\"og:url\" content=\"https:\/\/redleafaquascaping.com\/fr\/produit\/glas-garten-mineral-junkie\/\" \/>\n<meta property=\"og:site_name\" content=\"Red Leaf Aquascaping\" \/>\n<meta property=\"article:publisher\" content=\"https:\/\/www.facebook.com\/Redleafaqua\" \/>\n<meta property=\"article:modified_time\" content=\"2024-12-30T01:49:57+00:00\" \/>\n<meta property=\"og:image\" content=\"https:\/\/redleafaquascaping.com\/wp-content\/uploads\/2022\/03\/glasgarten-mineral-junkie-bites-garnelen-ergaenzungsfutter-grosse-dose_600x600.jpg\" \/>\n\t<meta property=\"og:image:width\" content=\"600\" \/>\n\t<meta property=\"og:image:height\" content=\"450\" \/>\n\t<meta property=\"og:image:type\" content=\"image\/jpeg\" \/>\n<meta name=\"twitter:card\" content=\"summary_large_image\" \/>\n<meta name=\"twitter:label1\" content=\"Dur\u00e9e de lecture estim\u00e9e\" \/>\n\t<meta name=\"twitter:data1\" content=\"2 minutes\" \/>\n<script type=\"application\/ld+json\" class=\"yoast-schema-graph\">{\"@context\":\"https:\/\/schema.org\",\"@graph\":[{\"@type\":\"WebPage\",\"@id\":\"https:\/\/redleafaquascaping.com\/fr\/produit\/glas-garten-mineral-junkie\/\",\"url\":\"https:\/\/redleafaquascaping.com\/fr\/produit\/glas-garten-mineral-junkie\/\",\"name\":\"Glas Garten - Mineral Junkie | Red Leaf Aquascaping\",\"isPartOf\":{\"@id\":\"https:\/\/redleafaquascaping.com\/#website\"},\"primaryImageOfPage\":{\"@id\":\"https:\/\/redleafaquascaping.com\/fr\/produit\/glas-garten-mineral-junkie\/#primaryimage\"},\"image\":{\"@id\":\"https:\/\/redleafaquascaping.com\/fr\/produit\/glas-garten-mineral-junkie\/#primaryimage\"},\"thumbnailUrl\":\"https:\/\/redleafaquascaping.com\/wp-content\/uploads\/2022\/03\/glasgarten-mineral-junkie-bites-garnelen-ergaenzungsfutter-grosse-dose_600x600.jpg\",\"datePublished\":\"2023-09-13T18:01:20+00:00\",\"dateModified\":\"2024-12-30T01:49:57+00:00\",\"breadcrumb\":{\"@id\":\"https:\/\/redleafaquascaping.com\/fr\/produit\/glas-garten-mineral-junkie\/#breadcrumb\"},\"inLanguage\":\"fr-FR\",\"potentialAction\":[{\"@type\":\"ReadAction\",\"target\":[\"https:\/\/redleafaquascaping.com\/fr\/produit\/glas-garten-mineral-junkie\/\"]}]},{\"@type\":\"ImageObject\",\"inLanguage\":\"fr-FR\",\"@id\":\"https:\/\/redleafaquascaping.com\/fr\/produit\/glas-garten-mineral-junkie\/#primaryimage\",\"url\":\"https:\/\/redleafaquascaping.com\/wp-content\/uploads\/2022\/03\/glasgarten-mineral-junkie-bites-garnelen-ergaenzungsfutter-grosse-dose_600x600.jpg\",\"contentUrl\":\"https:\/\/redleafaquascaping.com\/wp-content\/uploads\/2022\/03\/glasgarten-mineral-junkie-bites-garnelen-ergaenzungsfutter-grosse-dose_600x600.jpg\",\"width\":600,\"height\":450},{\"@type\":\"BreadcrumbList\",\"@id\":\"https:\/\/redleafaquascaping.com\/fr\/produit\/glas-garten-mineral-junkie\/#breadcrumb\",\"itemListElement\":[{\"@type\":\"ListItem\",\"position\":1,\"name\":\"Home\",\"item\":\"https:\/\/redleafaquascaping.com\/fr\/\"},{\"@type\":\"ListItem\",\"position\":2,\"name\":\"Magasinez\",\"item\":\"https:\/\/redleafaquascaping.com\/fr\/magasinez\/\"},{\"@type\":\"ListItem\",\"position\":3,\"name\":\"Glas Garten &#8211; Mineral Junkie\"}]},{\"@type\":\"WebSite\",\"@id\":\"https:\/\/redleafaquascaping.com\/#website\",\"url\":\"https:\/\/redleafaquascaping.com\/\",\"name\":\"Red Leaf Aquascaping\",\"description\":\"Online Aquascaping Equipment Store\",\"publisher\":{\"@id\":\"https:\/\/redleafaquascaping.com\/#organization\"},\"potentialAction\":[{\"@type\":\"SearchAction\",\"target\":{\"@type\":\"EntryPoint\",\"urlTemplate\":\"https:\/\/redleafaquascaping.com\/?s={search_term_string}\"},\"query-input\":{\"@type\":\"PropertyValueSpecification\",\"valueRequired\":true,\"valueName\":\"search_term_string\"}}],\"inLanguage\":\"fr-FR\"},{\"@type\":\"Organization\",\"@id\":\"https:\/\/redleafaquascaping.com\/#organization\",\"name\":\"Aquascaping Red Leaf\",\"alternateName\":\"Red Leaf\",\"url\":\"https:\/\/redleafaquascaping.com\/\",\"logo\":{\"@type\":\"ImageObject\",\"inLanguage\":\"fr-FR\",\"@id\":\"https:\/\/redleafaquascaping.com\/#\/schema\/logo\/image\/\",\"url\":\"https:\/\/redleafaquascaping.com\/wp-content\/uploads\/2024\/08\/logo-seo.jpg\",\"contentUrl\":\"https:\/\/redleafaquascaping.com\/wp-content\/uploads\/2024\/08\/logo-seo.jpg\",\"width\":696,\"height\":696,\"caption\":\"Aquascaping Red Leaf\"},\"image\":{\"@id\":\"https:\/\/redleafaquascaping.com\/#\/schema\/logo\/image\/\"},\"sameAs\":[\"https:\/\/www.facebook.com\/Redleafaqua\"]}]}<\/script>\n<!-- \/ Yoast SEO plugin. -->","yoast_head_json":{"title":"Glas Garten - Mineral Junkie | Red Leaf Aquascaping","robots":{"index":"index","follow":"follow","max-snippet":"max-snippet:-1","max-image-preview":"max-image-preview:large","max-video-preview":"max-video-preview:-1"},"canonical":"https:\/\/redleafaquascaping.com\/fr\/produit\/glas-garten-mineral-junkie\/","og_locale":"fr_FR","og_type":"article","og_title":"Glas Garten - Mineral Junkie | Red Leaf Aquascaping","og_description":"Contient tous les min\u00e9raux essentiels et des extraits de plantes  Aliment min\u00e9ral sp\u00e9cial pour les crevettes, les escargots et les \u00e9crevisses\/crabs  Pr\u00e9vient les ph\u00e9nom\u00e8nes de carence li\u00e9s aux min\u00e9raux  \u00c9vite les dommages par piquetage sur les coquilles d'escargot","og_url":"https:\/\/redleafaquascaping.com\/fr\/produit\/glas-garten-mineral-junkie\/","og_site_name":"Red Leaf Aquascaping","article_publisher":"https:\/\/www.facebook.com\/Redleafaqua","article_modified_time":"2024-12-30T01:49:57+00:00","og_image":[{"width":600,"height":450,"url":"https:\/\/redleafaquascaping.com\/wp-content\/uploads\/2022\/03\/glasgarten-mineral-junkie-bites-garnelen-ergaenzungsfutter-grosse-dose_600x600.jpg","type":"image\/jpeg"}],"twitter_card":"summary_large_image","twitter_misc":{"Dur\u00e9e de lecture estim\u00e9e":"2 minutes"},"schema":{"@context":"https:\/\/schema.org","@graph":[{"@type":"WebPage","@id":"https:\/\/redleafaquascaping.com\/fr\/produit\/glas-garten-mineral-junkie\/","url":"https:\/\/redleafaquascaping.com\/fr\/produit\/glas-garten-mineral-junkie\/","name":"Glas Garten - Mineral Junkie | Red Leaf Aquascaping","isPartOf":{"@id":"https:\/\/redleafaquascaping.com\/#website"},"primaryImageOfPage":{"@id":"https:\/\/redleafaquascaping.com\/fr\/produit\/glas-garten-mineral-junkie\/#primaryimage"},"image":{"@id":"https:\/\/redleafaquascaping.com\/fr\/produit\/glas-garten-mineral-junkie\/#primaryimage"},"thumbnailUrl":"https:\/\/redleafaquascaping.com\/wp-content\/uploads\/2022\/03\/glasgarten-mineral-junkie-bites-garnelen-ergaenzungsfutter-grosse-dose_600x600.jpg","datePublished":"2023-09-13T18:01:20+00:00","dateModified":"2024-12-30T01:49:57+00:00","breadcrumb":{"@id":"https:\/\/redleafaquascaping.com\/fr\/produit\/glas-garten-mineral-junkie\/#breadcrumb"},"inLanguage":"fr-FR","potentialAction":[{"@type":"ReadAction","target":["https:\/\/redleafaquascaping.com\/fr\/produit\/glas-garten-mineral-junkie\/"]}]},{"@type":"ImageObject","inLanguage":"fr-FR","@id":"https:\/\/redleafaquascaping.com\/fr\/produit\/glas-garten-mineral-junkie\/#primaryimage","url":"https:\/\/redleafaquascaping.com\/wp-content\/uploads\/2022\/03\/glasgarten-mineral-junkie-bites-garnelen-ergaenzungsfutter-grosse-dose_600x600.jpg","contentUrl":"https:\/\/redleafaquascaping.com\/wp-content\/uploads\/2022\/03\/glasgarten-mineral-junkie-bites-garnelen-ergaenzungsfutter-grosse-dose_600x600.jpg","width":600,"height":450},{"@type":"BreadcrumbList","@id":"https:\/\/redleafaquascaping.com\/fr\/produit\/glas-garten-mineral-junkie\/#breadcrumb","itemListElement":[{"@type":"ListItem","position":1,"name":"Home","item":"https:\/\/redleafaquascaping.com\/fr\/"},{"@type":"ListItem","position":2,"name":"Magasinez","item":"https:\/\/redleafaquascaping.com\/fr\/magasinez\/"},{"@type":"ListItem","position":3,"name":"Glas Garten &#8211; Mineral Junkie"}]},{"@type":"WebSite","@id":"https:\/\/redleafaquascaping.com\/#website","url":"https:\/\/redleafaquascaping.com\/","name":"Red Leaf Aquascaping","description":"Online Aquascaping Equipment Store","publisher":{"@id":"https:\/\/redleafaquascaping.com\/#organization"},"potentialAction":[{"@type":"SearchAction","target":{"@type":"EntryPoint","urlTemplate":"https:\/\/redleafaquascaping.com\/?s={search_term_string}"},"query-input":{"@type":"PropertyValueSpecification","valueRequired":true,"valueName":"search_term_string"}}],"inLanguage":"fr-FR"},{"@type":"Organization","@id":"https:\/\/redleafaquascaping.com\/#organization","name":"Aquascaping Red Leaf","alternateName":"Red Leaf","url":"https:\/\/redleafaquascaping.com\/","logo":{"@type":"ImageObject","inLanguage":"fr-FR","@id":"https:\/\/redleafaquascaping.com\/#\/schema\/logo\/image\/","url":"https:\/\/redleafaquascaping.com\/wp-content\/uploads\/2024\/08\/logo-seo.jpg","contentUrl":"https:\/\/redleafaquascaping.com\/wp-content\/uploads\/2024\/08\/logo-seo.jpg","width":696,"height":696,"caption":"Aquascaping Red Leaf"},"image":{"@id":"https:\/\/redleafaquascaping.com\/#\/schema\/logo\/image\/"},"sameAs":["https:\/\/www.facebook.com\/Redleafaqua"]}]}},"_links":{"self":[{"href":"https:\/\/redleafaquascaping.com\/fr\/wp-json\/wp\/v2\/product\/9142","targetHints":{"allow":["GET"]}}],"collection":[{"href":"https:\/\/redleafaquascaping.com\/fr\/wp-json\/wp\/v2\/product"}],"about":[{"href":"https:\/\/redleafaquascaping.com\/fr\/wp-json\/wp\/v2\/types\/product"}],"wp:featuredmedia":[{"embeddable":true,"href":"https:\/\/redleafaquascaping.com\/fr\/wp-json\/wp\/v2\/media\/8964"}],"wp:attachment":[{"href":"https:\/\/redleafaquascaping.com\/fr\/wp-json\/wp\/v2\/media?parent=9142"}],"wp:term":[{"taxonomy":"product_brand","embeddable":true,"href":"https:\/\/redleafaquascaping.com\/fr\/wp-json\/wp\/v2\/product_brand?post=9142"},{"taxonomy":"product_cat","embeddable":true,"href":"https:\/\/redleafaquascaping.com\/fr\/wp-json\/wp\/v2\/product_cat?post=9142"},{"taxonomy":"product_tag","embeddable":true,"href":"https:\/\/redleafaquascaping.com\/fr\/wp-json\/wp\/v2\/product_tag?post=9142"}],"curies":[{"name":"wp","href":"https:\/\/api.w.org\/{rel}","templated":true}]}}