{"id":9333,"date":"2022-10-23T10:44:31","date_gmt":"2022-10-27T19:00:38","guid":{"rendered":"https:\/\/redleafaquascaping.com\/product\/tropica-1-2-grow-lobelia-cardinalis-mini\/"},"modified":"2022-10-27T15:20:23","modified_gmt":"2022-10-27T19:20:23","slug":"tropica-1-2-grow-lobelia-cardinalis-mini","status":"publish","type":"product","link":"https:\/\/redleafaquascaping.com\/fr\/produit\/tropica-1-2-grow-lobelia-cardinalis-mini\/","title":{"rendered":"Tropica 1-2-Grow! &#8211; Lobelia cardinalis &lsquo;Mini&rsquo;"},"content":{"rendered":"<p>Parfois, les plantes surprennent en s&rsquo;\u00e9cartant soudainement de la fa\u00e7on dont elles poussent normalement. C&rsquo;est ce qu&rsquo;on appelle une mutation, et Lobelia cardinalis &lsquo;Mini&rsquo; en est un bon exemple. Lobelia cardinalis \u2018Mini\u2019 est donc issue de la production g\u00e9n\u00e9rale de Lobelia cardinalis. Elle se caract\u00e9rise par ses belles feuilles vertes claires plus rapproch\u00e9es que sur la Lobelia d&rsquo;origine, puis elle est \u00e9galement nettement plus petite, d&rsquo;o\u00f9 l&rsquo;ajout de \u00ab\u00a0Mini\u00a0\u00bb au nom de la plante.<\/p>\n<p>La croissance est basse et dense, car la plante se ramifie volontiers, m\u00eame sans tailler. En outre, la version mini forme rarement des longues pousses verticales qui caract\u00e9risent autrement le Lobelia cardinalis.<\/p>\n<p>elle se propage facilement en plantant les pousses coup\u00e9es dans la couche inf\u00e9rieure. Lobelia cardinalis &lsquo;Mini&rsquo; devient plus compacte dans de bonnes conditions d&rsquo;\u00e9clairage et de CO2 ajout\u00e9, mais se d\u00e9veloppe \u00e9galement bien sans.<\/p>\n","protected":false},"excerpt":{"rendered":"<h3>Informations sur la plante<\/h3>\n<table class=\"specficationTable\">\n<tbody>\n<tr>\n<th>Type:<\/th>\n<td>Tige<\/td>\n<td class=\"helpTextExpander\"><\/td>\n<\/tr>\n<tr>\n<th>Origine:<\/th>\n<td>Am\u00e9rique du Nord<\/td>\n<td class=\"helpTextExpander\"><\/td>\n<\/tr>\n<tr>\n<th>Taux de croissance:<\/th>\n<td>M\u00e9dium<\/td>\n<td class=\"helpTextExpander\"><\/td>\n<\/tr>\n<tr>\n<th>Hauteur:<\/th>\n<td>3 &#8211; 15+<\/td>\n<td class=\"helpTextExpander\"><\/td>\n<\/tr>\n<tr>\n<th>Demande de lumi\u00e8re :<\/th>\n<td>Faible<\/td>\n<td class=\"helpTextExpander\"><\/td>\n<\/tr>\n<tr>\n<th>CO2 :<\/th>\n<td>Faible<\/td>\n<td class=\"helpTextExpander\"><\/td>\n<\/tr>\n<\/tbody>\n<\/table>\n","protected":false},"featured_media":9313,"template":"","meta":{"site-sidebar-layout":"default","site-content-layout":"default","ast-site-content-layout":"default","site-content-style":"default","site-sidebar-style":"default","ast-global-header-display":"","ast-banner-title-visibility":"","ast-main-header-display":"","ast-hfb-above-header-display":"","ast-hfb-below-header-display":"","ast-hfb-mobile-header-display":"","site-post-title":"","ast-breadcrumbs-content":"","ast-featured-img":"","footer-sml-layout":"","ast-disable-related-posts":"","theme-transparent-header-meta":"default","adv-header-id-meta":"","stick-header-meta":"","header-above-stick-meta":"","header-main-stick-meta":"","header-below-stick-meta":"","astra-migrate-meta-layouts":"default","ast-page-background-enabled":"default","ast-page-background-meta":{"desktop":{"background-color":"","background-image":"","background-repeat":"repeat","background-position":"center center","background-size":"auto","background-attachment":"scroll","background-type":"","background-media":"","overlay-type":"","overlay-color":"","overlay-opacity":"","overlay-gradient":""},"tablet":{"background-color":"","background-image":"","background-repeat":"repeat","background-position":"center center","background-size":"auto","background-attachment":"scroll","background-type":"","background-media":"","overlay-type":"","overlay-color":"","overlay-opacity":"","overlay-gradient":""},"mobile":{"background-color":"","background-image":"","background-repeat":"repeat","background-position":"center center","background-size":"auto","background-attachment":"scroll","background-type":"","background-media":"","overlay-type":"","overlay-color":"","overlay-opacity":"","overlay-gradient":""}},"ast-content-background-meta":{"desktop":{"background-color":"var(--ast-global-color-5)","background-image":"","background-repeat":"repeat","background-position":"center center","background-size":"auto","background-attachment":"scroll","background-type":"","background-media":"","overlay-type":"","overlay-color":"","overlay-opacity":"","overlay-gradient":""},"tablet":{"background-color":"var(--ast-global-color-5)","background-image":"","background-repeat":"repeat","background-position":"center center","background-size":"auto","background-attachment":"scroll","background-type":"","background-media":"","overlay-type":"","overlay-color":"","overlay-opacity":"","overlay-gradient":""},"mobile":{"background-color":"var(--ast-global-color-5)","background-image":"","background-repeat":"repeat","background-position":"center center","background-size":"auto","background-attachment":"scroll","background-type":"","background-media":"","overlay-type":"","overlay-color":"","overlay-opacity":"","overlay-gradient":""}}},"product_brand":[],"product_cat":[992,35,408],"product_tag":[993,996,995,997,994],"class_list":{"0":"post-9333","1":"product","2":"type-product","3":"status-publish","4":"has-post-thumbnail","6":"product_cat-1-2-grow-fr","7":"product_cat-plantes-naturelles","8":"product_cat-tropica-plantes-naturelles-fr","9":"product_tag-12grow-fr","10":"product_tag-cardinalis-fr","11":"product_tag-lobelia-fr","12":"product_tag-lobelia-cardinalis-mini-fr","13":"product_tag-tropica-fr","14":"desktop-align-left","15":"tablet-align-left","16":"mobile-align-left","17":"ast-product-gallery-layout-horizontal-slider","18":"ast-product-tabs-layout-horizontal","20":"first","21":"outofstock","22":"taxable","23":"shipping-taxable","24":"purchasable","25":"product-type-simple"},"yoast_head":"<!-- This site is optimized with the Yoast SEO plugin v27.2 - https:\/\/yoast.com\/product\/yoast-seo-wordpress\/ -->\n<title>Tropica 1-2-Grow! - Lobelia cardinalis &#039;Mini&#039; | Red Leaf Aquascaping<\/title>\n<meta name=\"robots\" content=\"index, follow, max-snippet:-1, max-image-preview:large, max-video-preview:-1\" \/>\n<link rel=\"canonical\" href=\"https:\/\/redleafaquascaping.com\/fr\/produit\/tropica-1-2-grow-lobelia-cardinalis-mini\/\" \/>\n<meta property=\"og:locale\" content=\"fr_FR\" \/>\n<meta property=\"og:type\" content=\"article\" \/>\n<meta property=\"og:title\" content=\"Tropica 1-2-Grow! - Lobelia cardinalis &#039;Mini&#039; | Red Leaf Aquascaping\" \/>\n<meta property=\"og:description\" content=\"Informations sur la plante  Type: Tige  Origine: Am\u00e9rique du Nord  Taux de croissance: M\u00e9dium  Hauteur: 3 - 15+  Demande de lumi\u00e8re : Faible  CO2 : Faible\" \/>\n<meta property=\"og:url\" content=\"https:\/\/redleafaquascaping.com\/fr\/produit\/tropica-1-2-grow-lobelia-cardinalis-mini\/\" \/>\n<meta property=\"og:site_name\" content=\"Red Leaf Aquascaping\" \/>\n<meta property=\"article:publisher\" content=\"https:\/\/www.facebook.com\/Redleafaqua\" \/>\n<meta property=\"article:modified_time\" content=\"2022-10-27T19:20:23+00:00\" \/>\n<meta property=\"og:image\" content=\"https:\/\/redleafaquascaping.com\/wp-content\/uploads\/2022\/10\/2.jpeg\" \/>\n\t<meta property=\"og:image:width\" content=\"380\" \/>\n\t<meta property=\"og:image:height\" content=\"380\" \/>\n\t<meta property=\"og:image:type\" content=\"image\/jpeg\" \/>\n<meta name=\"twitter:card\" content=\"summary_large_image\" \/>\n<meta name=\"twitter:label1\" content=\"Dur\u00e9e de lecture estim\u00e9e\" \/>\n\t<meta name=\"twitter:data1\" content=\"1 minute\" \/>\n<script type=\"application\/ld+json\" class=\"yoast-schema-graph\">{\"@context\":\"https:\/\/schema.org\",\"@graph\":[{\"@type\":\"WebPage\",\"@id\":\"https:\/\/redleafaquascaping.com\/fr\/produit\/tropica-1-2-grow-lobelia-cardinalis-mini\/\",\"url\":\"https:\/\/redleafaquascaping.com\/fr\/produit\/tropica-1-2-grow-lobelia-cardinalis-mini\/\",\"name\":\"Tropica 1-2-Grow! - Lobelia cardinalis 'Mini' | Red Leaf Aquascaping\",\"isPartOf\":{\"@id\":\"https:\/\/redleafaquascaping.com\/#website\"},\"primaryImageOfPage\":{\"@id\":\"https:\/\/redleafaquascaping.com\/fr\/produit\/tropica-1-2-grow-lobelia-cardinalis-mini\/#primaryimage\"},\"image\":{\"@id\":\"https:\/\/redleafaquascaping.com\/fr\/produit\/tropica-1-2-grow-lobelia-cardinalis-mini\/#primaryimage\"},\"thumbnailUrl\":\"https:\/\/redleafaquascaping.com\/wp-content\/uploads\/2022\/10\/2.jpeg\",\"datePublished\":\"2022-10-27T19:00:38+00:00\",\"dateModified\":\"2022-10-27T19:20:23+00:00\",\"breadcrumb\":{\"@id\":\"https:\/\/redleafaquascaping.com\/fr\/produit\/tropica-1-2-grow-lobelia-cardinalis-mini\/#breadcrumb\"},\"inLanguage\":\"fr-FR\",\"potentialAction\":[{\"@type\":\"ReadAction\",\"target\":[\"https:\/\/redleafaquascaping.com\/fr\/produit\/tropica-1-2-grow-lobelia-cardinalis-mini\/\"]}]},{\"@type\":\"ImageObject\",\"inLanguage\":\"fr-FR\",\"@id\":\"https:\/\/redleafaquascaping.com\/fr\/produit\/tropica-1-2-grow-lobelia-cardinalis-mini\/#primaryimage\",\"url\":\"https:\/\/redleafaquascaping.com\/wp-content\/uploads\/2022\/10\/2.jpeg\",\"contentUrl\":\"https:\/\/redleafaquascaping.com\/wp-content\/uploads\/2022\/10\/2.jpeg\",\"width\":380,\"height\":380},{\"@type\":\"BreadcrumbList\",\"@id\":\"https:\/\/redleafaquascaping.com\/fr\/produit\/tropica-1-2-grow-lobelia-cardinalis-mini\/#breadcrumb\",\"itemListElement\":[{\"@type\":\"ListItem\",\"position\":1,\"name\":\"Home\",\"item\":\"https:\/\/redleafaquascaping.com\/fr\/\"},{\"@type\":\"ListItem\",\"position\":2,\"name\":\"Magasinez\",\"item\":\"https:\/\/redleafaquascaping.com\/fr\/magasinez\/\"},{\"@type\":\"ListItem\",\"position\":3,\"name\":\"Tropica 1-2-Grow! &#8211; Lobelia cardinalis &#8216;Mini&#8217;\"}]},{\"@type\":\"WebSite\",\"@id\":\"https:\/\/redleafaquascaping.com\/#website\",\"url\":\"https:\/\/redleafaquascaping.com\/\",\"name\":\"Red Leaf Aquascaping\",\"description\":\"Online Aquascaping Equipment Store\",\"publisher\":{\"@id\":\"https:\/\/redleafaquascaping.com\/#organization\"},\"potentialAction\":[{\"@type\":\"SearchAction\",\"target\":{\"@type\":\"EntryPoint\",\"urlTemplate\":\"https:\/\/redleafaquascaping.com\/?s={search_term_string}\"},\"query-input\":{\"@type\":\"PropertyValueSpecification\",\"valueRequired\":true,\"valueName\":\"search_term_string\"}}],\"inLanguage\":\"fr-FR\"},{\"@type\":\"Organization\",\"@id\":\"https:\/\/redleafaquascaping.com\/#organization\",\"name\":\"Aquascaping Red Leaf\",\"alternateName\":\"Red Leaf\",\"url\":\"https:\/\/redleafaquascaping.com\/\",\"logo\":{\"@type\":\"ImageObject\",\"inLanguage\":\"fr-FR\",\"@id\":\"https:\/\/redleafaquascaping.com\/#\/schema\/logo\/image\/\",\"url\":\"https:\/\/redleafaquascaping.com\/wp-content\/uploads\/2024\/08\/logo-seo.jpg\",\"contentUrl\":\"https:\/\/redleafaquascaping.com\/wp-content\/uploads\/2024\/08\/logo-seo.jpg\",\"width\":696,\"height\":696,\"caption\":\"Aquascaping Red Leaf\"},\"image\":{\"@id\":\"https:\/\/redleafaquascaping.com\/#\/schema\/logo\/image\/\"},\"sameAs\":[\"https:\/\/www.facebook.com\/Redleafaqua\"]}]}<\/script>\n<!-- \/ Yoast SEO plugin. -->","yoast_head_json":{"title":"Tropica 1-2-Grow! - Lobelia cardinalis 'Mini' | Red Leaf Aquascaping","robots":{"index":"index","follow":"follow","max-snippet":"max-snippet:-1","max-image-preview":"max-image-preview:large","max-video-preview":"max-video-preview:-1"},"canonical":"https:\/\/redleafaquascaping.com\/fr\/produit\/tropica-1-2-grow-lobelia-cardinalis-mini\/","og_locale":"fr_FR","og_type":"article","og_title":"Tropica 1-2-Grow! - Lobelia cardinalis 'Mini' | Red Leaf Aquascaping","og_description":"Informations sur la plante  Type: Tige  Origine: Am\u00e9rique du Nord  Taux de croissance: M\u00e9dium  Hauteur: 3 - 15+  Demande de lumi\u00e8re : Faible  CO2 : Faible","og_url":"https:\/\/redleafaquascaping.com\/fr\/produit\/tropica-1-2-grow-lobelia-cardinalis-mini\/","og_site_name":"Red Leaf Aquascaping","article_publisher":"https:\/\/www.facebook.com\/Redleafaqua","article_modified_time":"2022-10-27T19:20:23+00:00","og_image":[{"width":380,"height":380,"url":"https:\/\/redleafaquascaping.com\/wp-content\/uploads\/2022\/10\/2.jpeg","type":"image\/jpeg"}],"twitter_card":"summary_large_image","twitter_misc":{"Dur\u00e9e de lecture estim\u00e9e":"1 minute"},"schema":{"@context":"https:\/\/schema.org","@graph":[{"@type":"WebPage","@id":"https:\/\/redleafaquascaping.com\/fr\/produit\/tropica-1-2-grow-lobelia-cardinalis-mini\/","url":"https:\/\/redleafaquascaping.com\/fr\/produit\/tropica-1-2-grow-lobelia-cardinalis-mini\/","name":"Tropica 1-2-Grow! - Lobelia cardinalis 'Mini' | Red Leaf Aquascaping","isPartOf":{"@id":"https:\/\/redleafaquascaping.com\/#website"},"primaryImageOfPage":{"@id":"https:\/\/redleafaquascaping.com\/fr\/produit\/tropica-1-2-grow-lobelia-cardinalis-mini\/#primaryimage"},"image":{"@id":"https:\/\/redleafaquascaping.com\/fr\/produit\/tropica-1-2-grow-lobelia-cardinalis-mini\/#primaryimage"},"thumbnailUrl":"https:\/\/redleafaquascaping.com\/wp-content\/uploads\/2022\/10\/2.jpeg","datePublished":"2022-10-27T19:00:38+00:00","dateModified":"2022-10-27T19:20:23+00:00","breadcrumb":{"@id":"https:\/\/redleafaquascaping.com\/fr\/produit\/tropica-1-2-grow-lobelia-cardinalis-mini\/#breadcrumb"},"inLanguage":"fr-FR","potentialAction":[{"@type":"ReadAction","target":["https:\/\/redleafaquascaping.com\/fr\/produit\/tropica-1-2-grow-lobelia-cardinalis-mini\/"]}]},{"@type":"ImageObject","inLanguage":"fr-FR","@id":"https:\/\/redleafaquascaping.com\/fr\/produit\/tropica-1-2-grow-lobelia-cardinalis-mini\/#primaryimage","url":"https:\/\/redleafaquascaping.com\/wp-content\/uploads\/2022\/10\/2.jpeg","contentUrl":"https:\/\/redleafaquascaping.com\/wp-content\/uploads\/2022\/10\/2.jpeg","width":380,"height":380},{"@type":"BreadcrumbList","@id":"https:\/\/redleafaquascaping.com\/fr\/produit\/tropica-1-2-grow-lobelia-cardinalis-mini\/#breadcrumb","itemListElement":[{"@type":"ListItem","position":1,"name":"Home","item":"https:\/\/redleafaquascaping.com\/fr\/"},{"@type":"ListItem","position":2,"name":"Magasinez","item":"https:\/\/redleafaquascaping.com\/fr\/magasinez\/"},{"@type":"ListItem","position":3,"name":"Tropica 1-2-Grow! &#8211; Lobelia cardinalis &#8216;Mini&#8217;"}]},{"@type":"WebSite","@id":"https:\/\/redleafaquascaping.com\/#website","url":"https:\/\/redleafaquascaping.com\/","name":"Red Leaf Aquascaping","description":"Online Aquascaping Equipment Store","publisher":{"@id":"https:\/\/redleafaquascaping.com\/#organization"},"potentialAction":[{"@type":"SearchAction","target":{"@type":"EntryPoint","urlTemplate":"https:\/\/redleafaquascaping.com\/?s={search_term_string}"},"query-input":{"@type":"PropertyValueSpecification","valueRequired":true,"valueName":"search_term_string"}}],"inLanguage":"fr-FR"},{"@type":"Organization","@id":"https:\/\/redleafaquascaping.com\/#organization","name":"Aquascaping Red Leaf","alternateName":"Red Leaf","url":"https:\/\/redleafaquascaping.com\/","logo":{"@type":"ImageObject","inLanguage":"fr-FR","@id":"https:\/\/redleafaquascaping.com\/#\/schema\/logo\/image\/","url":"https:\/\/redleafaquascaping.com\/wp-content\/uploads\/2024\/08\/logo-seo.jpg","contentUrl":"https:\/\/redleafaquascaping.com\/wp-content\/uploads\/2024\/08\/logo-seo.jpg","width":696,"height":696,"caption":"Aquascaping Red Leaf"},"image":{"@id":"https:\/\/redleafaquascaping.com\/#\/schema\/logo\/image\/"},"sameAs":["https:\/\/www.facebook.com\/Redleafaqua"]}]}},"_links":{"self":[{"href":"https:\/\/redleafaquascaping.com\/fr\/wp-json\/wp\/v2\/product\/9333","targetHints":{"allow":["GET"]}}],"collection":[{"href":"https:\/\/redleafaquascaping.com\/fr\/wp-json\/wp\/v2\/product"}],"about":[{"href":"https:\/\/redleafaquascaping.com\/fr\/wp-json\/wp\/v2\/types\/product"}],"wp:featuredmedia":[{"embeddable":true,"href":"https:\/\/redleafaquascaping.com\/fr\/wp-json\/wp\/v2\/media\/9313"}],"wp:attachment":[{"href":"https:\/\/redleafaquascaping.com\/fr\/wp-json\/wp\/v2\/media?parent=9333"}],"wp:term":[{"taxonomy":"product_brand","embeddable":true,"href":"https:\/\/redleafaquascaping.com\/fr\/wp-json\/wp\/v2\/product_brand?post=9333"},{"taxonomy":"product_cat","embeddable":true,"href":"https:\/\/redleafaquascaping.com\/fr\/wp-json\/wp\/v2\/product_cat?post=9333"},{"taxonomy":"product_tag","embeddable":true,"href":"https:\/\/redleafaquascaping.com\/fr\/wp-json\/wp\/v2\/product_tag?post=9333"}],"curies":[{"name":"wp","href":"https:\/\/api.w.org\/{rel}","templated":true}]}}