{"id":9335,"date":"2022-09-22T15:23:29","date_gmt":"2022-10-27T19:46:57","guid":{"rendered":"https:\/\/redleafaquascaping.com\/product\/tropica-1-2-grow-bucephalandra-pygmaea-bukit-kelam\/"},"modified":"2022-10-27T15:46:57","modified_gmt":"2022-10-27T19:46:57","slug":"tropica-1-2-grow-bucephalandra-pygmaea-bukit-kelam","status":"publish","type":"product","link":"https:\/\/redleafaquascaping.com\/fr\/produit\/tropica-1-2-grow-bucephalandra-pygmaea-bukit-kelam\/","title":{"rendered":"Tropica 1-2-Grow! &#8211; Bucephalandra pygmaea &lsquo;Bukit Kelam&rsquo;"},"content":{"rendered":"<p>Dans la nature, Bucephalandra pousse g\u00e9n\u00e9ralement sur des rochers ou du bois dans les rivi\u00e8res et les ruisseaux &#8211; un peu comme les Anubias, auxquels ils ressemblent en ce qui concerne l&rsquo;utilisation et les soins dans l&rsquo;aquarium.<\/p>\n<p>Bucephalandra &lsquo;Bukit Kalem&rsquo; est une plante facile \u00e0 croissance lente qui pr\u00e9f\u00e8re des niveaux de lumi\u00e8re plus faibles. Une belle apparence dense est assur\u00e9e par la volont\u00e9 de se ramifier, m\u00eame sans tailler.<\/p>\n<p>Les feuilles vertes mesurent 2 cm de large et 5 cm de long avec des bords ondul\u00e9s. De minuscules taches blanches appara\u00eetront sur les feuilles immerg\u00e9es.<\/p>\n<p>La tige rampante, rhizome, ne doit pas \u00eatre recouverte lors de la plantation. Cela entra\u00eenera la pourriture et la mort de la plante.<\/p>\n","protected":false},"excerpt":{"rendered":"<h3>Informations sur la plante<\/h3>\n<table class=\"specficationTable\">\n<tbody>\n<tr>\n<th>Type:<\/th>\n<td>Rhizomateux<\/td>\n<td class=\"helpTextExpander\"><\/td>\n<\/tr>\n<tr>\n<th>Origine:<\/th>\n<td>Asie<\/td>\n<td class=\"helpTextExpander\"><\/td>\n<\/tr>\n<tr>\n<th>Taux de croissance:<\/th>\n<td>Lent<\/td>\n<td class=\"helpTextExpander\"><\/td>\n<\/tr>\n<tr>\n<th>Hauteur:<\/th>\n<td>5 &#8211; 10+<\/td>\n<td class=\"helpTextExpander\"><\/td>\n<\/tr>\n<tr>\n<th>Demande de lumi\u00e8re :<\/th>\n<td>Faible<\/td>\n<td class=\"helpTextExpander\"><\/td>\n<\/tr>\n<tr>\n<th>CO2 :<\/th>\n<td>Faible<\/td>\n<td class=\"helpTextExpander\"><\/td>\n<\/tr>\n<\/tbody>\n<\/table>\n","protected":false},"featured_media":9291,"template":"","meta":{"site-sidebar-layout":"default","site-content-layout":"default","ast-site-content-layout":"default","site-content-style":"default","site-sidebar-style":"default","ast-global-header-display":"","ast-banner-title-visibility":"","ast-main-header-display":"","ast-hfb-above-header-display":"","ast-hfb-below-header-display":"","ast-hfb-mobile-header-display":"","site-post-title":"","ast-breadcrumbs-content":"","ast-featured-img":"","footer-sml-layout":"","ast-disable-related-posts":"","theme-transparent-header-meta":"default","adv-header-id-meta":"","stick-header-meta":"","header-above-stick-meta":"","header-main-stick-meta":"","header-below-stick-meta":"","astra-migrate-meta-layouts":"default","ast-page-background-enabled":"default","ast-page-background-meta":{"desktop":{"background-color":"","background-image":"","background-repeat":"repeat","background-position":"center center","background-size":"auto","background-attachment":"scroll","background-type":"","background-media":"","overlay-type":"","overlay-color":"","overlay-opacity":"","overlay-gradient":""},"tablet":{"background-color":"","background-image":"","background-repeat":"repeat","background-position":"center center","background-size":"auto","background-attachment":"scroll","background-type":"","background-media":"","overlay-type":"","overlay-color":"","overlay-opacity":"","overlay-gradient":""},"mobile":{"background-color":"","background-image":"","background-repeat":"repeat","background-position":"center center","background-size":"auto","background-attachment":"scroll","background-type":"","background-media":"","overlay-type":"","overlay-color":"","overlay-opacity":"","overlay-gradient":""}},"ast-content-background-meta":{"desktop":{"background-color":"var(--ast-global-color-5)","background-image":"","background-repeat":"repeat","background-position":"center center","background-size":"auto","background-attachment":"scroll","background-type":"","background-media":"","overlay-type":"","overlay-color":"","overlay-opacity":"","overlay-gradient":""},"tablet":{"background-color":"var(--ast-global-color-5)","background-image":"","background-repeat":"repeat","background-position":"center center","background-size":"auto","background-attachment":"scroll","background-type":"","background-media":"","overlay-type":"","overlay-color":"","overlay-opacity":"","overlay-gradient":""},"mobile":{"background-color":"var(--ast-global-color-5)","background-image":"","background-repeat":"repeat","background-position":"center center","background-size":"auto","background-attachment":"scroll","background-type":"","background-media":"","overlay-type":"","overlay-color":"","overlay-opacity":"","overlay-gradient":""}}},"product_brand":[],"product_cat":[992,35,408],"product_tag":[1005,993,1003,1006,1004,994],"class_list":{"0":"post-9335","1":"product","2":"type-product","3":"status-publish","4":"has-post-thumbnail","6":"product_cat-1-2-grow-fr","7":"product_cat-plantes-naturelles","8":"product_cat-tropica-plantes-naturelles-fr","9":"product_tag-bukit-fr","10":"product_tag-12grow-fr","11":"product_tag-bucephalandra-fr","12":"product_tag-kelam-fr","13":"product_tag-pygmaea-fr","14":"product_tag-tropica-fr","15":"desktop-align-left","16":"tablet-align-left","17":"mobile-align-left","18":"ast-product-gallery-layout-horizontal-slider","19":"ast-product-tabs-layout-horizontal","21":"first","22":"outofstock","23":"taxable","24":"shipping-taxable","25":"purchasable","26":"product-type-simple"},"yoast_head":"<!-- This site is optimized with the Yoast SEO plugin v27.2 - https:\/\/yoast.com\/product\/yoast-seo-wordpress\/ -->\n<title>Tropica 1-2-Grow! - Bucephalandra pygmaea &#039;Bukit Kelam&#039; | Red Leaf Aquascaping<\/title>\n<meta name=\"robots\" content=\"index, follow, max-snippet:-1, max-image-preview:large, max-video-preview:-1\" \/>\n<link rel=\"canonical\" href=\"https:\/\/redleafaquascaping.com\/fr\/produit\/tropica-1-2-grow-bucephalandra-pygmaea-bukit-kelam\/\" \/>\n<meta property=\"og:locale\" content=\"fr_FR\" \/>\n<meta property=\"og:type\" content=\"article\" \/>\n<meta property=\"og:title\" content=\"Tropica 1-2-Grow! - Bucephalandra pygmaea &#039;Bukit Kelam&#039; | Red Leaf Aquascaping\" \/>\n<meta property=\"og:description\" content=\"Informations sur la plante  Type: Rhizomateux  Origine: Asie  Taux de croissance: Lent  Hauteur: 5 - 10+  Demande de lumi\u00e8re : Faible  CO2 : Faible\" \/>\n<meta property=\"og:url\" content=\"https:\/\/redleafaquascaping.com\/fr\/produit\/tropica-1-2-grow-bucephalandra-pygmaea-bukit-kelam\/\" \/>\n<meta property=\"og:site_name\" content=\"Red Leaf Aquascaping\" \/>\n<meta property=\"article:publisher\" content=\"https:\/\/www.facebook.com\/Redleafaqua\" \/>\n<meta property=\"og:image\" content=\"https:\/\/redleafaquascaping.com\/wp-content\/uploads\/2024\/08\/def.jpg\" \/>\n\t<meta property=\"og:image:width\" content=\"1200\" \/>\n\t<meta property=\"og:image:height\" content=\"675\" \/>\n\t<meta property=\"og:image:type\" content=\"image\/jpeg\" \/>\n<meta name=\"twitter:card\" content=\"summary_large_image\" \/>\n<meta name=\"twitter:label1\" content=\"Dur\u00e9e de lecture estim\u00e9e\" \/>\n\t<meta name=\"twitter:data1\" content=\"1 minute\" \/>\n<script type=\"application\/ld+json\" class=\"yoast-schema-graph\">{\"@context\":\"https:\/\/schema.org\",\"@graph\":[{\"@type\":\"WebPage\",\"@id\":\"https:\/\/redleafaquascaping.com\/fr\/produit\/tropica-1-2-grow-bucephalandra-pygmaea-bukit-kelam\/\",\"url\":\"https:\/\/redleafaquascaping.com\/fr\/produit\/tropica-1-2-grow-bucephalandra-pygmaea-bukit-kelam\/\",\"name\":\"Tropica 1-2-Grow! - Bucephalandra pygmaea 'Bukit Kelam' | Red Leaf Aquascaping\",\"isPartOf\":{\"@id\":\"https:\/\/redleafaquascaping.com\/#website\"},\"primaryImageOfPage\":{\"@id\":\"https:\/\/redleafaquascaping.com\/fr\/produit\/tropica-1-2-grow-bucephalandra-pygmaea-bukit-kelam\/#primaryimage\"},\"image\":{\"@id\":\"https:\/\/redleafaquascaping.com\/fr\/produit\/tropica-1-2-grow-bucephalandra-pygmaea-bukit-kelam\/#primaryimage\"},\"thumbnailUrl\":\"https:\/\/redleafaquascaping.com\/wp-content\/uploads\/2022\/09\/2-6.jpeg\",\"datePublished\":\"2022-10-27T19:46:57+00:00\",\"breadcrumb\":{\"@id\":\"https:\/\/redleafaquascaping.com\/fr\/produit\/tropica-1-2-grow-bucephalandra-pygmaea-bukit-kelam\/#breadcrumb\"},\"inLanguage\":\"fr-FR\",\"potentialAction\":[{\"@type\":\"ReadAction\",\"target\":[\"https:\/\/redleafaquascaping.com\/fr\/produit\/tropica-1-2-grow-bucephalandra-pygmaea-bukit-kelam\/\"]}]},{\"@type\":\"ImageObject\",\"inLanguage\":\"fr-FR\",\"@id\":\"https:\/\/redleafaquascaping.com\/fr\/produit\/tropica-1-2-grow-bucephalandra-pygmaea-bukit-kelam\/#primaryimage\",\"url\":\"https:\/\/redleafaquascaping.com\/wp-content\/uploads\/2022\/09\/2-6.jpeg\",\"contentUrl\":\"https:\/\/redleafaquascaping.com\/wp-content\/uploads\/2022\/09\/2-6.jpeg\",\"width\":720,\"height\":720},{\"@type\":\"BreadcrumbList\",\"@id\":\"https:\/\/redleafaquascaping.com\/fr\/produit\/tropica-1-2-grow-bucephalandra-pygmaea-bukit-kelam\/#breadcrumb\",\"itemListElement\":[{\"@type\":\"ListItem\",\"position\":1,\"name\":\"Home\",\"item\":\"https:\/\/redleafaquascaping.com\/fr\/\"},{\"@type\":\"ListItem\",\"position\":2,\"name\":\"Magasinez\",\"item\":\"https:\/\/redleafaquascaping.com\/fr\/magasinez\/\"},{\"@type\":\"ListItem\",\"position\":3,\"name\":\"Tropica 1-2-Grow! &#8211; Bucephalandra pygmaea &#8216;Bukit Kelam&#8217;\"}]},{\"@type\":\"WebSite\",\"@id\":\"https:\/\/redleafaquascaping.com\/#website\",\"url\":\"https:\/\/redleafaquascaping.com\/\",\"name\":\"Red Leaf Aquascaping\",\"description\":\"Online Aquascaping Equipment Store\",\"publisher\":{\"@id\":\"https:\/\/redleafaquascaping.com\/#organization\"},\"potentialAction\":[{\"@type\":\"SearchAction\",\"target\":{\"@type\":\"EntryPoint\",\"urlTemplate\":\"https:\/\/redleafaquascaping.com\/?s={search_term_string}\"},\"query-input\":{\"@type\":\"PropertyValueSpecification\",\"valueRequired\":true,\"valueName\":\"search_term_string\"}}],\"inLanguage\":\"fr-FR\"},{\"@type\":\"Organization\",\"@id\":\"https:\/\/redleafaquascaping.com\/#organization\",\"name\":\"Aquascaping Red Leaf\",\"alternateName\":\"Red Leaf\",\"url\":\"https:\/\/redleafaquascaping.com\/\",\"logo\":{\"@type\":\"ImageObject\",\"inLanguage\":\"fr-FR\",\"@id\":\"https:\/\/redleafaquascaping.com\/#\/schema\/logo\/image\/\",\"url\":\"https:\/\/redleafaquascaping.com\/wp-content\/uploads\/2024\/08\/logo-seo.jpg\",\"contentUrl\":\"https:\/\/redleafaquascaping.com\/wp-content\/uploads\/2024\/08\/logo-seo.jpg\",\"width\":696,\"height\":696,\"caption\":\"Aquascaping Red Leaf\"},\"image\":{\"@id\":\"https:\/\/redleafaquascaping.com\/#\/schema\/logo\/image\/\"},\"sameAs\":[\"https:\/\/www.facebook.com\/Redleafaqua\"]}]}<\/script>\n<!-- \/ Yoast SEO plugin. -->","yoast_head_json":{"title":"Tropica 1-2-Grow! - Bucephalandra pygmaea 'Bukit Kelam' | Red Leaf Aquascaping","robots":{"index":"index","follow":"follow","max-snippet":"max-snippet:-1","max-image-preview":"max-image-preview:large","max-video-preview":"max-video-preview:-1"},"canonical":"https:\/\/redleafaquascaping.com\/fr\/produit\/tropica-1-2-grow-bucephalandra-pygmaea-bukit-kelam\/","og_locale":"fr_FR","og_type":"article","og_title":"Tropica 1-2-Grow! - Bucephalandra pygmaea 'Bukit Kelam' | Red Leaf Aquascaping","og_description":"Informations sur la plante  Type: Rhizomateux  Origine: Asie  Taux de croissance: Lent  Hauteur: 5 - 10+  Demande de lumi\u00e8re : Faible  CO2 : Faible","og_url":"https:\/\/redleafaquascaping.com\/fr\/produit\/tropica-1-2-grow-bucephalandra-pygmaea-bukit-kelam\/","og_site_name":"Red Leaf Aquascaping","article_publisher":"https:\/\/www.facebook.com\/Redleafaqua","og_image":[{"width":1200,"height":675,"url":"https:\/\/redleafaquascaping.com\/wp-content\/uploads\/2024\/08\/def.jpg","type":"image\/jpeg"}],"twitter_card":"summary_large_image","twitter_misc":{"Dur\u00e9e de lecture estim\u00e9e":"1 minute"},"schema":{"@context":"https:\/\/schema.org","@graph":[{"@type":"WebPage","@id":"https:\/\/redleafaquascaping.com\/fr\/produit\/tropica-1-2-grow-bucephalandra-pygmaea-bukit-kelam\/","url":"https:\/\/redleafaquascaping.com\/fr\/produit\/tropica-1-2-grow-bucephalandra-pygmaea-bukit-kelam\/","name":"Tropica 1-2-Grow! - Bucephalandra pygmaea 'Bukit Kelam' | Red Leaf Aquascaping","isPartOf":{"@id":"https:\/\/redleafaquascaping.com\/#website"},"primaryImageOfPage":{"@id":"https:\/\/redleafaquascaping.com\/fr\/produit\/tropica-1-2-grow-bucephalandra-pygmaea-bukit-kelam\/#primaryimage"},"image":{"@id":"https:\/\/redleafaquascaping.com\/fr\/produit\/tropica-1-2-grow-bucephalandra-pygmaea-bukit-kelam\/#primaryimage"},"thumbnailUrl":"https:\/\/redleafaquascaping.com\/wp-content\/uploads\/2022\/09\/2-6.jpeg","datePublished":"2022-10-27T19:46:57+00:00","breadcrumb":{"@id":"https:\/\/redleafaquascaping.com\/fr\/produit\/tropica-1-2-grow-bucephalandra-pygmaea-bukit-kelam\/#breadcrumb"},"inLanguage":"fr-FR","potentialAction":[{"@type":"ReadAction","target":["https:\/\/redleafaquascaping.com\/fr\/produit\/tropica-1-2-grow-bucephalandra-pygmaea-bukit-kelam\/"]}]},{"@type":"ImageObject","inLanguage":"fr-FR","@id":"https:\/\/redleafaquascaping.com\/fr\/produit\/tropica-1-2-grow-bucephalandra-pygmaea-bukit-kelam\/#primaryimage","url":"https:\/\/redleafaquascaping.com\/wp-content\/uploads\/2022\/09\/2-6.jpeg","contentUrl":"https:\/\/redleafaquascaping.com\/wp-content\/uploads\/2022\/09\/2-6.jpeg","width":720,"height":720},{"@type":"BreadcrumbList","@id":"https:\/\/redleafaquascaping.com\/fr\/produit\/tropica-1-2-grow-bucephalandra-pygmaea-bukit-kelam\/#breadcrumb","itemListElement":[{"@type":"ListItem","position":1,"name":"Home","item":"https:\/\/redleafaquascaping.com\/fr\/"},{"@type":"ListItem","position":2,"name":"Magasinez","item":"https:\/\/redleafaquascaping.com\/fr\/magasinez\/"},{"@type":"ListItem","position":3,"name":"Tropica 1-2-Grow! &#8211; Bucephalandra pygmaea &#8216;Bukit Kelam&#8217;"}]},{"@type":"WebSite","@id":"https:\/\/redleafaquascaping.com\/#website","url":"https:\/\/redleafaquascaping.com\/","name":"Red Leaf Aquascaping","description":"Online Aquascaping Equipment Store","publisher":{"@id":"https:\/\/redleafaquascaping.com\/#organization"},"potentialAction":[{"@type":"SearchAction","target":{"@type":"EntryPoint","urlTemplate":"https:\/\/redleafaquascaping.com\/?s={search_term_string}"},"query-input":{"@type":"PropertyValueSpecification","valueRequired":true,"valueName":"search_term_string"}}],"inLanguage":"fr-FR"},{"@type":"Organization","@id":"https:\/\/redleafaquascaping.com\/#organization","name":"Aquascaping Red Leaf","alternateName":"Red Leaf","url":"https:\/\/redleafaquascaping.com\/","logo":{"@type":"ImageObject","inLanguage":"fr-FR","@id":"https:\/\/redleafaquascaping.com\/#\/schema\/logo\/image\/","url":"https:\/\/redleafaquascaping.com\/wp-content\/uploads\/2024\/08\/logo-seo.jpg","contentUrl":"https:\/\/redleafaquascaping.com\/wp-content\/uploads\/2024\/08\/logo-seo.jpg","width":696,"height":696,"caption":"Aquascaping Red Leaf"},"image":{"@id":"https:\/\/redleafaquascaping.com\/#\/schema\/logo\/image\/"},"sameAs":["https:\/\/www.facebook.com\/Redleafaqua"]}]}},"_links":{"self":[{"href":"https:\/\/redleafaquascaping.com\/fr\/wp-json\/wp\/v2\/product\/9335","targetHints":{"allow":["GET"]}}],"collection":[{"href":"https:\/\/redleafaquascaping.com\/fr\/wp-json\/wp\/v2\/product"}],"about":[{"href":"https:\/\/redleafaquascaping.com\/fr\/wp-json\/wp\/v2\/types\/product"}],"wp:featuredmedia":[{"embeddable":true,"href":"https:\/\/redleafaquascaping.com\/fr\/wp-json\/wp\/v2\/media\/9291"}],"wp:attachment":[{"href":"https:\/\/redleafaquascaping.com\/fr\/wp-json\/wp\/v2\/media?parent=9335"}],"wp:term":[{"taxonomy":"product_brand","embeddable":true,"href":"https:\/\/redleafaquascaping.com\/fr\/wp-json\/wp\/v2\/product_brand?post=9335"},{"taxonomy":"product_cat","embeddable":true,"href":"https:\/\/redleafaquascaping.com\/fr\/wp-json\/wp\/v2\/product_cat?post=9335"},{"taxonomy":"product_tag","embeddable":true,"href":"https:\/\/redleafaquascaping.com\/fr\/wp-json\/wp\/v2\/product_tag?post=9335"}],"curies":[{"name":"wp","href":"https:\/\/api.w.org\/{rel}","templated":true}]}}