{"id":9341,"date":"2022-09-22T14:26:51","date_gmt":"2022-10-27T20:15:34","guid":{"rendered":"https:\/\/redleafaquascaping.com\/product\/tropica-1-2-grow-anubias-barteri-mini-coin\/"},"modified":"2022-10-27T16:15:34","modified_gmt":"2022-10-27T20:15:34","slug":"tropica-1-2-grow-anubias-barteri-mini-coin","status":"publish","type":"product","link":"https:\/\/redleafaquascaping.com\/fr\/produit\/tropica-1-2-grow-anubias-barteri-mini-coin\/","title":{"rendered":"Tropica 1-2-Grow! &#8211; Anubias barteri &lsquo;Mini Coin&rsquo;"},"content":{"rendered":"<p>Anubias &lsquo;Mini Coin&rsquo; est une vari\u00e9t\u00e9 d&rsquo;Anubias barteri trouv\u00e9e \u00e0 la p\u00e9pini\u00e8re aquatique Tropica au Danemark. La plante est parmi les plus petites Anubias, chaque feuille \u00e9tant plus petite qu&rsquo;un petit ongle. Il est aussi facile \u00e0 cultiver que son parent et n&rsquo;aime donc pas la lumi\u00e8re vive. Anubias &lsquo;Mini Coin&rsquo; se d\u00e9veloppe mieux attach\u00e9 aux rochers et aux racines des arbres dans l&rsquo;aquarium. Si elles sont plant\u00e9es dans le substrat, la tige rampante (rhizome) ne doit pas \u00eatre recouverte car cela peut entra\u00eener la pourriture et la mort de la plante. Anubias &lsquo;Mini Coin&rsquo; se ramifie facilement et forme un coussin dense de petites feuilles rondes d&rsquo;un vert profond. Si la plante devient trop dense, elle peut \u00eatre soigneusement divis\u00e9e et les nouvelles plantes plac\u00e9es ailleurs dans l&rsquo;aquarium. Il est id\u00e9al pour une utilisation dans les nano aquariums, mais peut \u00e9galement ajouter aux petits d\u00e9tails d&rsquo;un aquarium plus grand.  <\/p>\n","protected":false},"excerpt":{"rendered":"<h3>Informations sur la plante<\/h3>\n<table class=\"specficationTable\">\n<tbody>\n<tr>\n<th>Type:<\/th>\n<td>Rhizomateux<\/td>\n<td class=\"helpTextExpander\"><\/td>\n<\/tr>\n<tr>\n<th>Origine:<\/th>\n<td>Cultivar<\/td>\n<td class=\"helpTextExpander\"><\/td>\n<\/tr>\n<tr>\n<th>Taux de croissance:<\/th>\n<td>Lent<\/td>\n<td class=\"helpTextExpander\"><\/td>\n<\/tr>\n<tr>\n<th>Hauteur:<\/th>\n<td>3 &#8211; 10+<\/td>\n<td class=\"helpTextExpander\"><\/td>\n<\/tr>\n<tr>\n<th>Demande de lumi\u00e8re :<\/th>\n<td>Faible<\/td>\n<td class=\"helpTextExpander\"><\/td>\n<\/tr>\n<tr>\n<th>CO2 :<\/th>\n<td>Faible<\/td>\n<td class=\"helpTextExpander\"><\/td>\n<\/tr>\n<\/tbody>\n<\/table>\n","protected":false},"featured_media":9249,"template":"","meta":{"site-sidebar-layout":"default","site-content-layout":"default","ast-site-content-layout":"default","site-content-style":"default","site-sidebar-style":"default","ast-global-header-display":"","ast-banner-title-visibility":"","ast-main-header-display":"","ast-hfb-above-header-display":"","ast-hfb-below-header-display":"","ast-hfb-mobile-header-display":"","site-post-title":"","ast-breadcrumbs-content":"","ast-featured-img":"","footer-sml-layout":"","ast-disable-related-posts":"","theme-transparent-header-meta":"default","adv-header-id-meta":"","stick-header-meta":"","header-above-stick-meta":"","header-main-stick-meta":"","header-below-stick-meta":"","astra-migrate-meta-layouts":"default","ast-page-background-enabled":"default","ast-page-background-meta":{"desktop":{"background-color":"","background-image":"","background-repeat":"repeat","background-position":"center center","background-size":"auto","background-attachment":"scroll","background-type":"","background-media":"","overlay-type":"","overlay-color":"","overlay-opacity":"","overlay-gradient":""},"tablet":{"background-color":"","background-image":"","background-repeat":"repeat","background-position":"center center","background-size":"auto","background-attachment":"scroll","background-type":"","background-media":"","overlay-type":"","overlay-color":"","overlay-opacity":"","overlay-gradient":""},"mobile":{"background-color":"","background-image":"","background-repeat":"repeat","background-position":"center center","background-size":"auto","background-attachment":"scroll","background-type":"","background-media":"","overlay-type":"","overlay-color":"","overlay-opacity":"","overlay-gradient":""}},"ast-content-background-meta":{"desktop":{"background-color":"var(--ast-global-color-5)","background-image":"","background-repeat":"repeat","background-position":"center center","background-size":"auto","background-attachment":"scroll","background-type":"","background-media":"","overlay-type":"","overlay-color":"","overlay-opacity":"","overlay-gradient":""},"tablet":{"background-color":"var(--ast-global-color-5)","background-image":"","background-repeat":"repeat","background-position":"center center","background-size":"auto","background-attachment":"scroll","background-type":"","background-media":"","overlay-type":"","overlay-color":"","overlay-opacity":"","overlay-gradient":""},"mobile":{"background-color":"var(--ast-global-color-5)","background-image":"","background-repeat":"repeat","background-position":"center center","background-size":"auto","background-attachment":"scroll","background-type":"","background-media":"","overlay-type":"","overlay-color":"","overlay-opacity":"","overlay-gradient":""}}},"product_brand":[],"product_cat":[992,35,408],"product_tag":[993,1020,1019,994,1018],"class_list":{"0":"post-9341","1":"product","2":"type-product","3":"status-publish","4":"has-post-thumbnail","6":"product_cat-1-2-grow-fr","7":"product_cat-plantes-naturelles","8":"product_cat-tropica-plantes-naturelles-fr","9":"product_tag-12grow-fr","10":"product_tag-christmas-fr","11":"product_tag-montagnei-fr","12":"product_tag-tropica-fr","13":"product_tag-vesicularia-fr","14":"desktop-align-left","15":"tablet-align-left","16":"mobile-align-left","17":"ast-product-gallery-layout-horizontal-slider","18":"ast-product-tabs-layout-horizontal","20":"first","21":"outofstock","22":"taxable","23":"shipping-taxable","24":"purchasable","25":"product-type-simple"},"yoast_head":"<!-- This site is optimized with the Yoast SEO plugin v27.2 - https:\/\/yoast.com\/product\/yoast-seo-wordpress\/ -->\n<title>Tropica 1-2-Grow! - Anubias barteri &#039;Mini Coin&#039; | Red Leaf Aquascaping<\/title>\n<meta name=\"robots\" content=\"index, follow, max-snippet:-1, max-image-preview:large, max-video-preview:-1\" \/>\n<link rel=\"canonical\" href=\"https:\/\/redleafaquascaping.com\/fr\/produit\/tropica-1-2-grow-anubias-barteri-mini-coin\/\" \/>\n<meta property=\"og:locale\" content=\"fr_FR\" \/>\n<meta property=\"og:type\" content=\"article\" \/>\n<meta property=\"og:title\" content=\"Tropica 1-2-Grow! - Anubias barteri &#039;Mini Coin&#039; | Red Leaf Aquascaping\" \/>\n<meta property=\"og:description\" content=\"Informations sur la plante  Type: Rhizomateux  Origine: Cultivar  Taux de croissance: Lent  Hauteur: 3 - 10+  Demande de lumi\u00e8re : Faible  CO2 : Faible\" \/>\n<meta property=\"og:url\" content=\"https:\/\/redleafaquascaping.com\/fr\/produit\/tropica-1-2-grow-anubias-barteri-mini-coin\/\" \/>\n<meta property=\"og:site_name\" content=\"Red Leaf Aquascaping\" \/>\n<meta property=\"article:publisher\" content=\"https:\/\/www.facebook.com\/Redleafaqua\" \/>\n<meta property=\"og:image\" content=\"https:\/\/redleafaquascaping.com\/wp-content\/uploads\/2024\/08\/def.jpg\" \/>\n\t<meta property=\"og:image:width\" content=\"1200\" \/>\n\t<meta property=\"og:image:height\" content=\"675\" \/>\n\t<meta property=\"og:image:type\" content=\"image\/jpeg\" \/>\n<meta name=\"twitter:card\" content=\"summary_large_image\" \/>\n<meta name=\"twitter:label1\" content=\"Dur\u00e9e de lecture estim\u00e9e\" \/>\n\t<meta name=\"twitter:data1\" content=\"1 minute\" \/>\n<script type=\"application\/ld+json\" class=\"yoast-schema-graph\">{\"@context\":\"https:\/\/schema.org\",\"@graph\":[{\"@type\":\"WebPage\",\"@id\":\"https:\/\/redleafaquascaping.com\/fr\/produit\/tropica-1-2-grow-anubias-barteri-mini-coin\/\",\"url\":\"https:\/\/redleafaquascaping.com\/fr\/produit\/tropica-1-2-grow-anubias-barteri-mini-coin\/\",\"name\":\"Tropica 1-2-Grow! - Anubias barteri 'Mini Coin' | Red Leaf Aquascaping\",\"isPartOf\":{\"@id\":\"https:\/\/redleafaquascaping.com\/#website\"},\"primaryImageOfPage\":{\"@id\":\"https:\/\/redleafaquascaping.com\/fr\/produit\/tropica-1-2-grow-anubias-barteri-mini-coin\/#primaryimage\"},\"image\":{\"@id\":\"https:\/\/redleafaquascaping.com\/fr\/produit\/tropica-1-2-grow-anubias-barteri-mini-coin\/#primaryimage\"},\"thumbnailUrl\":\"https:\/\/redleafaquascaping.com\/wp-content\/uploads\/2022\/09\/2-1.jpeg\",\"datePublished\":\"2022-10-27T20:15:34+00:00\",\"breadcrumb\":{\"@id\":\"https:\/\/redleafaquascaping.com\/fr\/produit\/tropica-1-2-grow-anubias-barteri-mini-coin\/#breadcrumb\"},\"inLanguage\":\"fr-FR\",\"potentialAction\":[{\"@type\":\"ReadAction\",\"target\":[\"https:\/\/redleafaquascaping.com\/fr\/produit\/tropica-1-2-grow-anubias-barteri-mini-coin\/\"]}]},{\"@type\":\"ImageObject\",\"inLanguage\":\"fr-FR\",\"@id\":\"https:\/\/redleafaquascaping.com\/fr\/produit\/tropica-1-2-grow-anubias-barteri-mini-coin\/#primaryimage\",\"url\":\"https:\/\/redleafaquascaping.com\/wp-content\/uploads\/2022\/09\/2-1.jpeg\",\"contentUrl\":\"https:\/\/redleafaquascaping.com\/wp-content\/uploads\/2022\/09\/2-1.jpeg\",\"width\":720,\"height\":720},{\"@type\":\"BreadcrumbList\",\"@id\":\"https:\/\/redleafaquascaping.com\/fr\/produit\/tropica-1-2-grow-anubias-barteri-mini-coin\/#breadcrumb\",\"itemListElement\":[{\"@type\":\"ListItem\",\"position\":1,\"name\":\"Home\",\"item\":\"https:\/\/redleafaquascaping.com\/fr\/\"},{\"@type\":\"ListItem\",\"position\":2,\"name\":\"Magasinez\",\"item\":\"https:\/\/redleafaquascaping.com\/fr\/magasinez\/\"},{\"@type\":\"ListItem\",\"position\":3,\"name\":\"Tropica 1-2-Grow! &#8211; Anubias barteri &#8216;Mini Coin&#8217;\"}]},{\"@type\":\"WebSite\",\"@id\":\"https:\/\/redleafaquascaping.com\/#website\",\"url\":\"https:\/\/redleafaquascaping.com\/\",\"name\":\"Red Leaf Aquascaping\",\"description\":\"Online Aquascaping Equipment Store\",\"publisher\":{\"@id\":\"https:\/\/redleafaquascaping.com\/#organization\"},\"potentialAction\":[{\"@type\":\"SearchAction\",\"target\":{\"@type\":\"EntryPoint\",\"urlTemplate\":\"https:\/\/redleafaquascaping.com\/?s={search_term_string}\"},\"query-input\":{\"@type\":\"PropertyValueSpecification\",\"valueRequired\":true,\"valueName\":\"search_term_string\"}}],\"inLanguage\":\"fr-FR\"},{\"@type\":\"Organization\",\"@id\":\"https:\/\/redleafaquascaping.com\/#organization\",\"name\":\"Aquascaping Red Leaf\",\"alternateName\":\"Red Leaf\",\"url\":\"https:\/\/redleafaquascaping.com\/\",\"logo\":{\"@type\":\"ImageObject\",\"inLanguage\":\"fr-FR\",\"@id\":\"https:\/\/redleafaquascaping.com\/#\/schema\/logo\/image\/\",\"url\":\"https:\/\/redleafaquascaping.com\/wp-content\/uploads\/2024\/08\/logo-seo.jpg\",\"contentUrl\":\"https:\/\/redleafaquascaping.com\/wp-content\/uploads\/2024\/08\/logo-seo.jpg\",\"width\":696,\"height\":696,\"caption\":\"Aquascaping Red Leaf\"},\"image\":{\"@id\":\"https:\/\/redleafaquascaping.com\/#\/schema\/logo\/image\/\"},\"sameAs\":[\"https:\/\/www.facebook.com\/Redleafaqua\"]}]}<\/script>\n<!-- \/ Yoast SEO plugin. -->","yoast_head_json":{"title":"Tropica 1-2-Grow! - Anubias barteri 'Mini Coin' | Red Leaf Aquascaping","robots":{"index":"index","follow":"follow","max-snippet":"max-snippet:-1","max-image-preview":"max-image-preview:large","max-video-preview":"max-video-preview:-1"},"canonical":"https:\/\/redleafaquascaping.com\/fr\/produit\/tropica-1-2-grow-anubias-barteri-mini-coin\/","og_locale":"fr_FR","og_type":"article","og_title":"Tropica 1-2-Grow! - Anubias barteri 'Mini Coin' | Red Leaf Aquascaping","og_description":"Informations sur la plante  Type: Rhizomateux  Origine: Cultivar  Taux de croissance: Lent  Hauteur: 3 - 10+  Demande de lumi\u00e8re : Faible  CO2 : Faible","og_url":"https:\/\/redleafaquascaping.com\/fr\/produit\/tropica-1-2-grow-anubias-barteri-mini-coin\/","og_site_name":"Red Leaf Aquascaping","article_publisher":"https:\/\/www.facebook.com\/Redleafaqua","og_image":[{"width":1200,"height":675,"url":"https:\/\/redleafaquascaping.com\/wp-content\/uploads\/2024\/08\/def.jpg","type":"image\/jpeg"}],"twitter_card":"summary_large_image","twitter_misc":{"Dur\u00e9e de lecture estim\u00e9e":"1 minute"},"schema":{"@context":"https:\/\/schema.org","@graph":[{"@type":"WebPage","@id":"https:\/\/redleafaquascaping.com\/fr\/produit\/tropica-1-2-grow-anubias-barteri-mini-coin\/","url":"https:\/\/redleafaquascaping.com\/fr\/produit\/tropica-1-2-grow-anubias-barteri-mini-coin\/","name":"Tropica 1-2-Grow! - Anubias barteri 'Mini Coin' | Red Leaf Aquascaping","isPartOf":{"@id":"https:\/\/redleafaquascaping.com\/#website"},"primaryImageOfPage":{"@id":"https:\/\/redleafaquascaping.com\/fr\/produit\/tropica-1-2-grow-anubias-barteri-mini-coin\/#primaryimage"},"image":{"@id":"https:\/\/redleafaquascaping.com\/fr\/produit\/tropica-1-2-grow-anubias-barteri-mini-coin\/#primaryimage"},"thumbnailUrl":"https:\/\/redleafaquascaping.com\/wp-content\/uploads\/2022\/09\/2-1.jpeg","datePublished":"2022-10-27T20:15:34+00:00","breadcrumb":{"@id":"https:\/\/redleafaquascaping.com\/fr\/produit\/tropica-1-2-grow-anubias-barteri-mini-coin\/#breadcrumb"},"inLanguage":"fr-FR","potentialAction":[{"@type":"ReadAction","target":["https:\/\/redleafaquascaping.com\/fr\/produit\/tropica-1-2-grow-anubias-barteri-mini-coin\/"]}]},{"@type":"ImageObject","inLanguage":"fr-FR","@id":"https:\/\/redleafaquascaping.com\/fr\/produit\/tropica-1-2-grow-anubias-barteri-mini-coin\/#primaryimage","url":"https:\/\/redleafaquascaping.com\/wp-content\/uploads\/2022\/09\/2-1.jpeg","contentUrl":"https:\/\/redleafaquascaping.com\/wp-content\/uploads\/2022\/09\/2-1.jpeg","width":720,"height":720},{"@type":"BreadcrumbList","@id":"https:\/\/redleafaquascaping.com\/fr\/produit\/tropica-1-2-grow-anubias-barteri-mini-coin\/#breadcrumb","itemListElement":[{"@type":"ListItem","position":1,"name":"Home","item":"https:\/\/redleafaquascaping.com\/fr\/"},{"@type":"ListItem","position":2,"name":"Magasinez","item":"https:\/\/redleafaquascaping.com\/fr\/magasinez\/"},{"@type":"ListItem","position":3,"name":"Tropica 1-2-Grow! &#8211; Anubias barteri &#8216;Mini Coin&#8217;"}]},{"@type":"WebSite","@id":"https:\/\/redleafaquascaping.com\/#website","url":"https:\/\/redleafaquascaping.com\/","name":"Red Leaf Aquascaping","description":"Online Aquascaping Equipment Store","publisher":{"@id":"https:\/\/redleafaquascaping.com\/#organization"},"potentialAction":[{"@type":"SearchAction","target":{"@type":"EntryPoint","urlTemplate":"https:\/\/redleafaquascaping.com\/?s={search_term_string}"},"query-input":{"@type":"PropertyValueSpecification","valueRequired":true,"valueName":"search_term_string"}}],"inLanguage":"fr-FR"},{"@type":"Organization","@id":"https:\/\/redleafaquascaping.com\/#organization","name":"Aquascaping Red Leaf","alternateName":"Red Leaf","url":"https:\/\/redleafaquascaping.com\/","logo":{"@type":"ImageObject","inLanguage":"fr-FR","@id":"https:\/\/redleafaquascaping.com\/#\/schema\/logo\/image\/","url":"https:\/\/redleafaquascaping.com\/wp-content\/uploads\/2024\/08\/logo-seo.jpg","contentUrl":"https:\/\/redleafaquascaping.com\/wp-content\/uploads\/2024\/08\/logo-seo.jpg","width":696,"height":696,"caption":"Aquascaping Red Leaf"},"image":{"@id":"https:\/\/redleafaquascaping.com\/#\/schema\/logo\/image\/"},"sameAs":["https:\/\/www.facebook.com\/Redleafaqua"]}]}},"_links":{"self":[{"href":"https:\/\/redleafaquascaping.com\/fr\/wp-json\/wp\/v2\/product\/9341","targetHints":{"allow":["GET"]}}],"collection":[{"href":"https:\/\/redleafaquascaping.com\/fr\/wp-json\/wp\/v2\/product"}],"about":[{"href":"https:\/\/redleafaquascaping.com\/fr\/wp-json\/wp\/v2\/types\/product"}],"wp:featuredmedia":[{"embeddable":true,"href":"https:\/\/redleafaquascaping.com\/fr\/wp-json\/wp\/v2\/media\/9249"}],"wp:attachment":[{"href":"https:\/\/redleafaquascaping.com\/fr\/wp-json\/wp\/v2\/media?parent=9341"}],"wp:term":[{"taxonomy":"product_brand","embeddable":true,"href":"https:\/\/redleafaquascaping.com\/fr\/wp-json\/wp\/v2\/product_brand?post=9341"},{"taxonomy":"product_cat","embeddable":true,"href":"https:\/\/redleafaquascaping.com\/fr\/wp-json\/wp\/v2\/product_cat?post=9341"},{"taxonomy":"product_tag","embeddable":true,"href":"https:\/\/redleafaquascaping.com\/fr\/wp-json\/wp\/v2\/product_tag?post=9341"}],"curies":[{"name":"wp","href":"https:\/\/api.w.org\/{rel}","templated":true}]}}