{"id":9360,"date":"2022-07-28T16:36:15","date_gmt":"2022-11-03T18:55:14","guid":{"rendered":"https:\/\/redleafaquascaping.com\/product\/twinstar-light-ver-led-serie-iii-sp-version-suspendue\/"},"modified":"2022-11-03T14:55:14","modified_gmt":"2022-11-03T18:55:14","slug":"twinstar-light-ver-iii-sp-series-led-pendant-version-2","status":"publish","type":"product","link":"https:\/\/redleafaquascaping.com\/fr\/produit\/twinstar-light-ver-iii-sp-series-led-pendant-version-2\/","title":{"rendered":"TWINSTAR LIGHT VER. LED s\u00e9rie III SP (version suspendue)"},"content":{"rendered":"<p>La s\u00e9rie S Ver. 3 est la version mise \u00e0 jour du mod\u00e8le haut de gamme de la lumi\u00e8re LED d&rsquo;aquarium \u00e0 spectre complet avec la luminosit\u00e9 la plus \u00e9lev\u00e9e de Twinstar. Ces mises \u00e0 jour incluent les nouvelles fonctionnalit\u00e9s suivantes : 1.) L&rsquo;augmentation du rapport entre le nombre de lampes RVB et les lampes \u00e0 LED blanches (par exemple, 600S Vr. 2 a 100 RVB \/ 56 LED blanches, 600S Vr. 3 a 126 RVB \/ 14 LED blanches) rend le couleur des plantes plus rehauss\u00e9e dans les teintes rouge et verte. 2.) Conception du cadre de carrosserie repens\u00e9e avec l&rsquo;ajout d&rsquo;un dissipateur thermique sup\u00e9rieur pour augmenter l&rsquo;efficacit\u00e9 de la dissipation thermique. 3.) Trois largeurs de corps diff\u00e9rentes pour s&rsquo;adapter au mieux aux diff\u00e9rentes tailles de r\u00e9servoir. 4.) Fruit d&rsquo;une \u00e9troite collaboration avec des aquascapers et fleuristes renomm\u00e9s avec plus de 10 ans d&rsquo;exp\u00e9rience, le nouveau spectre montre les \u00a0\u00bb vraies couleurs\u00a0\u00bb de vos plantes, avec plus de \u00ab\u00a0Balance de Couleur\u00a0\u00bb et \u00ab\u00a0Luminosit\u00e9 optimal\u00a0\u00bb. Cette nouvelle LED Twinstar (s\u00e9rie S) offre une gamme optimale de longueurs d&rsquo;onde de 400 nm \u00e0 700 nm, ce qui est exactement ce dont les plantes ont besoin pour prosp\u00e9rer et s&rsquo;\u00e9panouir. Il peut rehausser la couleur des plantes et des poissons de la mani\u00e8re la plus naturelle. Votre aquarium sera incroyablement vif lors de l&rsquo;utilisation de cette lumi\u00e8re.<\/p>\n<p>&nbsp;<\/p>\n","protected":false},"excerpt":{"rendered":"<ul>\n<li>LED RVB \u00e0 spectre complet pour des couleurs vives<\/li>\n<li>Couleur de lumi\u00e8re attrayante de 6.700 K<\/li>\n<li>Favorise une croissance optimale des plantes<\/li>\n<li>Rend les couleurs du poisson plus lumineuses<\/li>\n<li>Version pendentif, adapt\u00e9e \u00e0 la suspension.<\/li>\n<\/ul>\n","protected":false},"featured_media":9202,"template":"","meta":{"site-sidebar-layout":"default","site-content-layout":"default","ast-site-content-layout":"default","site-content-style":"default","site-sidebar-style":"default","ast-global-header-display":"","ast-banner-title-visibility":"","ast-main-header-display":"","ast-hfb-above-header-display":"","ast-hfb-below-header-display":"","ast-hfb-mobile-header-display":"","site-post-title":"","ast-breadcrumbs-content":"","ast-featured-img":"","footer-sml-layout":"","ast-disable-related-posts":"","theme-transparent-header-meta":"default","adv-header-id-meta":"","stick-header-meta":"","header-above-stick-meta":"","header-main-stick-meta":"","header-below-stick-meta":"","astra-migrate-meta-layouts":"default","ast-page-background-enabled":"default","ast-page-background-meta":{"desktop":{"background-color":"","background-image":"","background-repeat":"repeat","background-position":"center center","background-size":"auto","background-attachment":"scroll","background-type":"","background-media":"","overlay-type":"","overlay-color":"","overlay-opacity":"","overlay-gradient":""},"tablet":{"background-color":"","background-image":"","background-repeat":"repeat","background-position":"center center","background-size":"auto","background-attachment":"scroll","background-type":"","background-media":"","overlay-type":"","overlay-color":"","overlay-opacity":"","overlay-gradient":""},"mobile":{"background-color":"","background-image":"","background-repeat":"repeat","background-position":"center center","background-size":"auto","background-attachment":"scroll","background-type":"","background-media":"","overlay-type":"","overlay-color":"","overlay-opacity":"","overlay-gradient":""}},"ast-content-background-meta":{"desktop":{"background-color":"var(--ast-global-color-5)","background-image":"","background-repeat":"repeat","background-position":"center center","background-size":"auto","background-attachment":"scroll","background-type":"","background-media":"","overlay-type":"","overlay-color":"","overlay-opacity":"","overlay-gradient":""},"tablet":{"background-color":"var(--ast-global-color-5)","background-image":"","background-repeat":"repeat","background-position":"center center","background-size":"auto","background-attachment":"scroll","background-type":"","background-media":"","overlay-type":"","overlay-color":"","overlay-opacity":"","overlay-gradient":""},"mobile":{"background-color":"var(--ast-global-color-5)","background-image":"","background-repeat":"repeat","background-position":"center center","background-size":"auto","background-attachment":"scroll","background-type":"","background-media":"","overlay-type":"","overlay-color":"","overlay-opacity":"","overlay-gradient":""}}},"product_brand":[],"product_cat":[415,1375,421],"product_tag":[1183,1180,1027,1028,1034,1033,1026,1032],"class_list":{"0":"post-9360","1":"product","2":"type-product","3":"status-publish","4":"has-post-thumbnail","6":"product_cat-eclairage","7":"product_cat-twinstar-fr","8":"product_cat-twinstar-eclairage-fr","9":"product_tag-led-fr","10":"product_tag-lighting-fr","11":"product_tag-lumens-fr","12":"product_tag-lumiere-fr","13":"product_tag-pendantif","14":"product_tag-rgbw-fr","15":"product_tag-twinstar-fr","16":"product_tag-wrgb-fr","17":"desktop-align-left","18":"tablet-align-left","19":"mobile-align-left","20":"ast-product-gallery-layout-horizontal-slider","21":"ast-product-single-variable","22":"ast-product-tabs-layout-horizontal","24":"first","25":"instock","26":"taxable","27":"shipping-taxable","28":"purchasable","29":"product-type-variable"},"yoast_head":"<!-- This site is optimized with the Yoast SEO plugin v27.2 - https:\/\/yoast.com\/product\/yoast-seo-wordpress\/ -->\n<title>TWINSTAR LIGHT VER. LED s\u00e9rie III SP (version suspendue) | Red Leaf Aquascaping<\/title>\n<meta name=\"robots\" content=\"index, follow, max-snippet:-1, max-image-preview:large, max-video-preview:-1\" \/>\n<link rel=\"canonical\" href=\"https:\/\/redleafaquascaping.com\/fr\/produit\/twinstar-light-ver-iii-sp-series-led-pendant-version-2\/\" \/>\n<meta property=\"og:locale\" content=\"fr_FR\" \/>\n<meta property=\"og:type\" content=\"article\" \/>\n<meta property=\"og:title\" content=\"TWINSTAR LIGHT VER. LED s\u00e9rie III SP (version suspendue) | Red Leaf Aquascaping\" \/>\n<meta property=\"og:description\" content=\"LED RVB \u00e0 spectre complet pour des couleurs vives  Couleur de lumi\u00e8re attrayante de 6.700 K  Favorise une croissance optimale des plantes  Rend les couleurs du poisson plus lumineuses  Version pendentif, adapt\u00e9e \u00e0 la suspension.\" \/>\n<meta property=\"og:url\" content=\"https:\/\/redleafaquascaping.com\/fr\/produit\/twinstar-light-ver-iii-sp-series-led-pendant-version-2\/\" \/>\n<meta property=\"og:site_name\" content=\"Red Leaf Aquascaping\" \/>\n<meta property=\"article:publisher\" content=\"https:\/\/www.facebook.com\/Redleafaqua\" \/>\n<meta property=\"og:image\" content=\"https:\/\/redleafaquascaping.com\/wp-content\/uploads\/2024\/08\/def.jpg\" \/>\n\t<meta property=\"og:image:width\" content=\"1200\" \/>\n\t<meta property=\"og:image:height\" content=\"675\" \/>\n\t<meta property=\"og:image:type\" content=\"image\/jpeg\" \/>\n<meta name=\"twitter:card\" content=\"summary_large_image\" \/>\n<meta name=\"twitter:label1\" content=\"Dur\u00e9e de lecture estim\u00e9e\" \/>\n\t<meta name=\"twitter:data1\" content=\"1 minute\" \/>\n<script type=\"application\/ld+json\" class=\"yoast-schema-graph\">{\"@context\":\"https:\/\/schema.org\",\"@graph\":[{\"@type\":\"WebPage\",\"@id\":\"https:\/\/redleafaquascaping.com\/fr\/produit\/twinstar-light-ver-iii-sp-series-led-pendant-version-2\/\",\"url\":\"https:\/\/redleafaquascaping.com\/fr\/produit\/twinstar-light-ver-iii-sp-series-led-pendant-version-2\/\",\"name\":\"TWINSTAR LIGHT VER. LED s\u00e9rie III SP (version suspendue) | Red Leaf Aquascaping\",\"isPartOf\":{\"@id\":\"https:\/\/redleafaquascaping.com\/#website\"},\"primaryImageOfPage\":{\"@id\":\"https:\/\/redleafaquascaping.com\/fr\/produit\/twinstar-light-ver-iii-sp-series-led-pendant-version-2\/#primaryimage\"},\"image\":{\"@id\":\"https:\/\/redleafaquascaping.com\/fr\/produit\/twinstar-light-ver-iii-sp-series-led-pendant-version-2\/#primaryimage\"},\"thumbnailUrl\":\"https:\/\/redleafaquascaping.com\/wp-content\/uploads\/2022\/07\/sp0001.webp\",\"datePublished\":\"2022-11-03T18:55:14+00:00\",\"breadcrumb\":{\"@id\":\"https:\/\/redleafaquascaping.com\/fr\/produit\/twinstar-light-ver-iii-sp-series-led-pendant-version-2\/#breadcrumb\"},\"inLanguage\":\"fr-FR\",\"potentialAction\":[{\"@type\":\"ReadAction\",\"target\":[\"https:\/\/redleafaquascaping.com\/fr\/produit\/twinstar-light-ver-iii-sp-series-led-pendant-version-2\/\"]}]},{\"@type\":\"ImageObject\",\"inLanguage\":\"fr-FR\",\"@id\":\"https:\/\/redleafaquascaping.com\/fr\/produit\/twinstar-light-ver-iii-sp-series-led-pendant-version-2\/#primaryimage\",\"url\":\"https:\/\/redleafaquascaping.com\/wp-content\/uploads\/2022\/07\/sp0001.webp\",\"contentUrl\":\"https:\/\/redleafaquascaping.com\/wp-content\/uploads\/2022\/07\/sp0001.webp\",\"width\":700,\"height\":700},{\"@type\":\"BreadcrumbList\",\"@id\":\"https:\/\/redleafaquascaping.com\/fr\/produit\/twinstar-light-ver-iii-sp-series-led-pendant-version-2\/#breadcrumb\",\"itemListElement\":[{\"@type\":\"ListItem\",\"position\":1,\"name\":\"Home\",\"item\":\"https:\/\/redleafaquascaping.com\/fr\/\"},{\"@type\":\"ListItem\",\"position\":2,\"name\":\"Magasinez\",\"item\":\"https:\/\/redleafaquascaping.com\/fr\/magasinez\/\"},{\"@type\":\"ListItem\",\"position\":3,\"name\":\"TWINSTAR LIGHT VER. LED s\u00e9rie III SP (version suspendue)\"}]},{\"@type\":\"WebSite\",\"@id\":\"https:\/\/redleafaquascaping.com\/#website\",\"url\":\"https:\/\/redleafaquascaping.com\/\",\"name\":\"Red Leaf Aquascaping\",\"description\":\"Online Aquascaping Equipment Store\",\"publisher\":{\"@id\":\"https:\/\/redleafaquascaping.com\/#organization\"},\"potentialAction\":[{\"@type\":\"SearchAction\",\"target\":{\"@type\":\"EntryPoint\",\"urlTemplate\":\"https:\/\/redleafaquascaping.com\/?s={search_term_string}\"},\"query-input\":{\"@type\":\"PropertyValueSpecification\",\"valueRequired\":true,\"valueName\":\"search_term_string\"}}],\"inLanguage\":\"fr-FR\"},{\"@type\":\"Organization\",\"@id\":\"https:\/\/redleafaquascaping.com\/#organization\",\"name\":\"Aquascaping Red Leaf\",\"alternateName\":\"Red Leaf\",\"url\":\"https:\/\/redleafaquascaping.com\/\",\"logo\":{\"@type\":\"ImageObject\",\"inLanguage\":\"fr-FR\",\"@id\":\"https:\/\/redleafaquascaping.com\/#\/schema\/logo\/image\/\",\"url\":\"https:\/\/redleafaquascaping.com\/wp-content\/uploads\/2024\/08\/logo-seo.jpg\",\"contentUrl\":\"https:\/\/redleafaquascaping.com\/wp-content\/uploads\/2024\/08\/logo-seo.jpg\",\"width\":696,\"height\":696,\"caption\":\"Aquascaping Red Leaf\"},\"image\":{\"@id\":\"https:\/\/redleafaquascaping.com\/#\/schema\/logo\/image\/\"},\"sameAs\":[\"https:\/\/www.facebook.com\/Redleafaqua\"]}]}<\/script>\n<!-- \/ Yoast SEO plugin. -->","yoast_head_json":{"title":"TWINSTAR LIGHT VER. LED s\u00e9rie III SP (version suspendue) | Red Leaf Aquascaping","robots":{"index":"index","follow":"follow","max-snippet":"max-snippet:-1","max-image-preview":"max-image-preview:large","max-video-preview":"max-video-preview:-1"},"canonical":"https:\/\/redleafaquascaping.com\/fr\/produit\/twinstar-light-ver-iii-sp-series-led-pendant-version-2\/","og_locale":"fr_FR","og_type":"article","og_title":"TWINSTAR LIGHT VER. LED s\u00e9rie III SP (version suspendue) | Red Leaf Aquascaping","og_description":"LED RVB \u00e0 spectre complet pour des couleurs vives  Couleur de lumi\u00e8re attrayante de 6.700 K  Favorise une croissance optimale des plantes  Rend les couleurs du poisson plus lumineuses  Version pendentif, adapt\u00e9e \u00e0 la suspension.","og_url":"https:\/\/redleafaquascaping.com\/fr\/produit\/twinstar-light-ver-iii-sp-series-led-pendant-version-2\/","og_site_name":"Red Leaf Aquascaping","article_publisher":"https:\/\/www.facebook.com\/Redleafaqua","og_image":[{"width":1200,"height":675,"url":"https:\/\/redleafaquascaping.com\/wp-content\/uploads\/2024\/08\/def.jpg","type":"image\/jpeg"}],"twitter_card":"summary_large_image","twitter_misc":{"Dur\u00e9e de lecture estim\u00e9e":"1 minute"},"schema":{"@context":"https:\/\/schema.org","@graph":[{"@type":"WebPage","@id":"https:\/\/redleafaquascaping.com\/fr\/produit\/twinstar-light-ver-iii-sp-series-led-pendant-version-2\/","url":"https:\/\/redleafaquascaping.com\/fr\/produit\/twinstar-light-ver-iii-sp-series-led-pendant-version-2\/","name":"TWINSTAR LIGHT VER. LED s\u00e9rie III SP (version suspendue) | Red Leaf Aquascaping","isPartOf":{"@id":"https:\/\/redleafaquascaping.com\/#website"},"primaryImageOfPage":{"@id":"https:\/\/redleafaquascaping.com\/fr\/produit\/twinstar-light-ver-iii-sp-series-led-pendant-version-2\/#primaryimage"},"image":{"@id":"https:\/\/redleafaquascaping.com\/fr\/produit\/twinstar-light-ver-iii-sp-series-led-pendant-version-2\/#primaryimage"},"thumbnailUrl":"https:\/\/redleafaquascaping.com\/wp-content\/uploads\/2022\/07\/sp0001.webp","datePublished":"2022-11-03T18:55:14+00:00","breadcrumb":{"@id":"https:\/\/redleafaquascaping.com\/fr\/produit\/twinstar-light-ver-iii-sp-series-led-pendant-version-2\/#breadcrumb"},"inLanguage":"fr-FR","potentialAction":[{"@type":"ReadAction","target":["https:\/\/redleafaquascaping.com\/fr\/produit\/twinstar-light-ver-iii-sp-series-led-pendant-version-2\/"]}]},{"@type":"ImageObject","inLanguage":"fr-FR","@id":"https:\/\/redleafaquascaping.com\/fr\/produit\/twinstar-light-ver-iii-sp-series-led-pendant-version-2\/#primaryimage","url":"https:\/\/redleafaquascaping.com\/wp-content\/uploads\/2022\/07\/sp0001.webp","contentUrl":"https:\/\/redleafaquascaping.com\/wp-content\/uploads\/2022\/07\/sp0001.webp","width":700,"height":700},{"@type":"BreadcrumbList","@id":"https:\/\/redleafaquascaping.com\/fr\/produit\/twinstar-light-ver-iii-sp-series-led-pendant-version-2\/#breadcrumb","itemListElement":[{"@type":"ListItem","position":1,"name":"Home","item":"https:\/\/redleafaquascaping.com\/fr\/"},{"@type":"ListItem","position":2,"name":"Magasinez","item":"https:\/\/redleafaquascaping.com\/fr\/magasinez\/"},{"@type":"ListItem","position":3,"name":"TWINSTAR LIGHT VER. LED s\u00e9rie III SP (version suspendue)"}]},{"@type":"WebSite","@id":"https:\/\/redleafaquascaping.com\/#website","url":"https:\/\/redleafaquascaping.com\/","name":"Red Leaf Aquascaping","description":"Online Aquascaping Equipment Store","publisher":{"@id":"https:\/\/redleafaquascaping.com\/#organization"},"potentialAction":[{"@type":"SearchAction","target":{"@type":"EntryPoint","urlTemplate":"https:\/\/redleafaquascaping.com\/?s={search_term_string}"},"query-input":{"@type":"PropertyValueSpecification","valueRequired":true,"valueName":"search_term_string"}}],"inLanguage":"fr-FR"},{"@type":"Organization","@id":"https:\/\/redleafaquascaping.com\/#organization","name":"Aquascaping Red Leaf","alternateName":"Red Leaf","url":"https:\/\/redleafaquascaping.com\/","logo":{"@type":"ImageObject","inLanguage":"fr-FR","@id":"https:\/\/redleafaquascaping.com\/#\/schema\/logo\/image\/","url":"https:\/\/redleafaquascaping.com\/wp-content\/uploads\/2024\/08\/logo-seo.jpg","contentUrl":"https:\/\/redleafaquascaping.com\/wp-content\/uploads\/2024\/08\/logo-seo.jpg","width":696,"height":696,"caption":"Aquascaping Red Leaf"},"image":{"@id":"https:\/\/redleafaquascaping.com\/#\/schema\/logo\/image\/"},"sameAs":["https:\/\/www.facebook.com\/Redleafaqua"]}]}},"_links":{"self":[{"href":"https:\/\/redleafaquascaping.com\/fr\/wp-json\/wp\/v2\/product\/9360","targetHints":{"allow":["GET"]}}],"collection":[{"href":"https:\/\/redleafaquascaping.com\/fr\/wp-json\/wp\/v2\/product"}],"about":[{"href":"https:\/\/redleafaquascaping.com\/fr\/wp-json\/wp\/v2\/types\/product"}],"wp:featuredmedia":[{"embeddable":true,"href":"https:\/\/redleafaquascaping.com\/fr\/wp-json\/wp\/v2\/media\/9202"}],"wp:attachment":[{"href":"https:\/\/redleafaquascaping.com\/fr\/wp-json\/wp\/v2\/media?parent=9360"}],"wp:term":[{"taxonomy":"product_brand","embeddable":true,"href":"https:\/\/redleafaquascaping.com\/fr\/wp-json\/wp\/v2\/product_brand?post=9360"},{"taxonomy":"product_cat","embeddable":true,"href":"https:\/\/redleafaquascaping.com\/fr\/wp-json\/wp\/v2\/product_cat?post=9360"},{"taxonomy":"product_tag","embeddable":true,"href":"https:\/\/redleafaquascaping.com\/fr\/wp-json\/wp\/v2\/product_tag?post=9360"}],"curies":[{"name":"wp","href":"https:\/\/api.w.org\/{rel}","templated":true}]}}