{"id":9363,"date":"2022-05-19T11:40:31","date_gmt":"2022-11-03T19:06:08","guid":{"rendered":"https:\/\/redleafaquascaping.com\/product\/salty-shrimp-bee-shrimp-mineral-gh\/"},"modified":"2023-11-22T13:30:27","modified_gmt":"2023-11-22T18:30:27","slug":"salty-shrimp-bee-shrimp-mineral-gh-2","status":"publish","type":"product","link":"https:\/\/redleafaquascaping.com\/fr\/produit\/salty-shrimp-bee-shrimp-mineral-gh-2\/","title":{"rendered":"Salty Shrimp &#8211; Bee Shrimp Mineral GH+"},"content":{"rendered":"<p><strong>Bee-Shrimp Mineral GH+<\/strong> a \u00e9t\u00e9 sp\u00e9cialement d\u00e9velopp\u00e9 pour la garde et l&rsquo;\u00e9levage de crevettes abeilles, crevettes bourdons et crevettes tigr\u00e9es en aquarium, pour min\u00e9raliser l&rsquo;eau osmos\u00e9e, l&rsquo;eau de pluie, l&rsquo;eau enti\u00e8rement dessal\u00e9e etc. Il augmente la duret\u00e9 totale (\u00b0dH) sans influen\u00e7ant la duret\u00e9 carbonat\u00e9e (KH). Ceci est particuli\u00e8rement important pour les crevettes provenant des habitats d&rsquo;eau douce (rapport KH\/\u00b0dH : 0,06\/1,0).<\/p>\n<p><strong>Bee-Shrimp Mineral GH+<\/strong> contient tous les min\u00e9raux et oligo-\u00e9l\u00e9ments importants dont vos crevettes ont besoin pour leur bien-\u00eatre, une coloration intense, une reproduction r\u00e9ussie et une croissance saine. Il favorise \u00e9galement la croissance des plantes et la r\u00e9g\u00e9n\u00e9ration microbienne des substrats filtrants biologiques. Le danger des bact\u00e9ries nocives est r\u00e9duit, car ces sels favorisent particuli\u00e8rement la croissance de la microflore antagoniste (b\u00e9n\u00e9fique).<\/p>\n<p><strong>Bee Shrimp Mineral GH+<\/strong> n&rsquo;influence pas directement le pH.<br \/>\nPour l&rsquo;\u00e9levage et l&rsquo;\u00e9levage de crevettes abeilles, visez un pH inf\u00e9rieur \u00e0 7. D\u00e8s que les processus de biod\u00e9gradation biologique commencent dans votre aquarium, cela peut se produire tout seul. Cependant, si le pH reste plus \u00e9lev\u00e9, la faible duret\u00e9 carbonat\u00e9e (KH) vous permet d&rsquo;influencer tr\u00e8s facilement le pH, par ex. par l&rsquo;utilisation de c\u00f4nes d&rsquo;aulne noir ou de tourbe (les deux contenant des acides fulviques), ou avec des additifs r\u00e9duisant le pH.<\/p>\n<p><strong><u>Instructions d&rsquo;utilisation<\/u><\/strong><br \/>\n<strong>M\u00e9langer avec de l&rsquo;eau \u00e0 l&rsquo;ext\u00e9rieur de l&rsquo;aquarium. Bee-Shrimp Mineral GH+ se dissout presque compl\u00e8tement en quelques secondes et l&rsquo;eau est imm\u00e9diatement pr\u00eate \u00e0 l&#8217;emploi.<\/strong> Veuillez vous assurer que toutes les particules non dissoutes entrent \u00e9galement dans votre r\u00e9servoir. Bien refermer le r\u00e9cipient apr\u00e8s utilisation.<\/p>\n<p><strong><u>Dosage<\/u><\/strong><br \/>\n<strong>Utilisez Bee-Shrimp Mineral GH+ pour remin\u00e9raliser l&rsquo;eau osmos\u00e9e, l&rsquo;eau de pluie, l&rsquo;eau enti\u00e8rement dessal\u00e9e, etc. pour atteindre une duret\u00e9 totale d&rsquo;environ 6 \u00b0dH et\/ou une conductance d&rsquo;environ 200 +\/- 50 \u00b5S (Microsiemens).<\/strong> Pour cela, une cuill\u00e8re doseuse uniform\u00e9ment pleine (environ 3 g) pour 20 litres d&rsquo;eau suffit.<\/p>\n<p>Cuill\u00e8re doseuse incluse.<\/p>\n","protected":false},"excerpt":{"rendered":"<ul>\n<li>Favorise la croissance des plantes et la r\u00e9g\u00e9n\u00e9ration microbienne<\/li>\n<li>Pour remin\u00e9raliser l&rsquo;eau osmos\u00e9e et l&rsquo;eau de pluie<\/li>\n<li>Contient tous les min\u00e9raux et oligo-\u00e9l\u00e9ments importants<\/li>\n<li>N&rsquo;influence pas de mani\u00e8re significative la duret\u00e9 carbonat\u00e9e (KH)<\/li>\n<\/ul>\n","protected":false},"featured_media":9187,"template":"","meta":{"site-sidebar-layout":"default","site-content-layout":"default","ast-site-content-layout":"default","site-content-style":"default","site-sidebar-style":"default","ast-global-header-display":"","ast-banner-title-visibility":"","ast-main-header-display":"","ast-hfb-above-header-display":"","ast-hfb-below-header-display":"","ast-hfb-mobile-header-display":"","site-post-title":"","ast-breadcrumbs-content":"","ast-featured-img":"","footer-sml-layout":"","ast-disable-related-posts":"","theme-transparent-header-meta":"default","adv-header-id-meta":"","stick-header-meta":"","header-above-stick-meta":"","header-main-stick-meta":"","header-below-stick-meta":"","astra-migrate-meta-layouts":"set","ast-page-background-enabled":"default","ast-page-background-meta":{"desktop":{"background-color":"","background-image":"","background-repeat":"repeat","background-position":"center center","background-size":"auto","background-attachment":"scroll","background-type":"","background-media":"","overlay-type":"","overlay-color":"","overlay-opacity":"","overlay-gradient":""},"tablet":{"background-color":"","background-image":"","background-repeat":"repeat","background-position":"center center","background-size":"auto","background-attachment":"scroll","background-type":"","background-media":"","overlay-type":"","overlay-color":"","overlay-opacity":"","overlay-gradient":""},"mobile":{"background-color":"","background-image":"","background-repeat":"repeat","background-position":"center center","background-size":"auto","background-attachment":"scroll","background-type":"","background-media":"","overlay-type":"","overlay-color":"","overlay-opacity":"","overlay-gradient":""}},"ast-content-background-meta":{"desktop":{"background-color":"var(--ast-global-color-5)","background-image":"","background-repeat":"repeat","background-position":"center center","background-size":"auto","background-attachment":"scroll","background-type":"","background-media":"","overlay-type":"","overlay-color":"","overlay-opacity":"","overlay-gradient":""},"tablet":{"background-color":"var(--ast-global-color-5)","background-image":"","background-repeat":"repeat","background-position":"center center","background-size":"auto","background-attachment":"scroll","background-type":"","background-media":"","overlay-type":"","overlay-color":"","overlay-opacity":"","overlay-gradient":""},"mobile":{"background-color":"var(--ast-global-color-5)","background-image":"","background-repeat":"repeat","background-position":"center center","background-size":"auto","background-attachment":"scroll","background-type":"","background-media":"","overlay-type":"","overlay-color":"","overlay-opacity":"","overlay-gradient":""}}},"product_brand":[],"product_cat":[1390,962,1371,496],"product_tag":[1041,1040,1035,1191,1039,1037,1038],"class_list":{"0":"post-9363","1":"product","2":"type-product","3":"status-publish","4":"has-post-thumbnail","6":"product_cat-chimie-de-leau-pour-les-crevettes","7":"product_cat-crevettes","8":"product_cat-glas-garten-fr","9":"product_cat-mineraux","10":"product_tag-abeille","11":"product_tag-caridina-fr","12":"product_tag-gh-fr","13":"product_tag-mineral-fr","14":"product_tag-salty-fr","15":"product_tag-shrimp-fr-2","16":"product_tag-shrimps-fr","17":"desktop-align-left","18":"tablet-align-left","19":"mobile-align-left","20":"ast-product-gallery-layout-horizontal-slider","21":"ast-product-gallery-with-no-image","22":"ast-product-single-variable","23":"ast-product-tabs-layout-horizontal","25":"first","26":"instock","27":"taxable","28":"shipping-taxable","29":"purchasable","30":"product-type-variable"},"yoast_head":"<!-- This site is optimized with the Yoast SEO plugin v27.2 - https:\/\/yoast.com\/product\/yoast-seo-wordpress\/ -->\n<title>Salty Shrimp - Bee Shrimp Mineral GH+ | Red Leaf Aquascaping<\/title>\n<meta name=\"robots\" content=\"index, follow, max-snippet:-1, max-image-preview:large, max-video-preview:-1\" \/>\n<link rel=\"canonical\" href=\"https:\/\/redleafaquascaping.com\/fr\/produit\/salty-shrimp-bee-shrimp-mineral-gh-2\/\" \/>\n<meta property=\"og:locale\" content=\"fr_FR\" \/>\n<meta property=\"og:type\" content=\"article\" \/>\n<meta property=\"og:title\" content=\"Salty Shrimp - Bee Shrimp Mineral GH+ | Red Leaf Aquascaping\" \/>\n<meta property=\"og:description\" content=\"Favorise la croissance des plantes et la r\u00e9g\u00e9n\u00e9ration microbienne  Pour remin\u00e9raliser l&#039;eau osmos\u00e9e et l&#039;eau de pluie  Contient tous les min\u00e9raux et oligo-\u00e9l\u00e9ments importants  N&#039;influence pas de mani\u00e8re significative la duret\u00e9 carbonat\u00e9e (KH)\" \/>\n<meta property=\"og:url\" content=\"https:\/\/redleafaquascaping.com\/fr\/produit\/salty-shrimp-bee-shrimp-mineral-gh-2\/\" \/>\n<meta property=\"og:site_name\" content=\"Red Leaf Aquascaping\" \/>\n<meta property=\"article:publisher\" content=\"https:\/\/www.facebook.com\/Redleafaqua\" \/>\n<meta property=\"article:modified_time\" content=\"2023-11-22T18:30:27+00:00\" \/>\n<meta property=\"og:image\" content=\"https:\/\/redleafaquascaping.com\/wp-content\/uploads\/2022\/05\/saltyshrimp-bee-shrimp-mineral-gh-.jpg\" \/>\n\t<meta property=\"og:image:width\" content=\"1600\" \/>\n\t<meta property=\"og:image:height\" content=\"1600\" \/>\n\t<meta property=\"og:image:type\" content=\"image\/jpeg\" \/>\n<meta name=\"twitter:card\" content=\"summary_large_image\" \/>\n<meta name=\"twitter:label1\" content=\"Dur\u00e9e de lecture estim\u00e9e\" \/>\n\t<meta name=\"twitter:data1\" content=\"2 minutes\" \/>\n<script type=\"application\/ld+json\" class=\"yoast-schema-graph\">{\"@context\":\"https:\/\/schema.org\",\"@graph\":[{\"@type\":\"WebPage\",\"@id\":\"https:\/\/redleafaquascaping.com\/fr\/produit\/salty-shrimp-bee-shrimp-mineral-gh-2\/\",\"url\":\"https:\/\/redleafaquascaping.com\/fr\/produit\/salty-shrimp-bee-shrimp-mineral-gh-2\/\",\"name\":\"Salty Shrimp - Bee Shrimp Mineral GH+ | Red Leaf Aquascaping\",\"isPartOf\":{\"@id\":\"https:\/\/redleafaquascaping.com\/#website\"},\"primaryImageOfPage\":{\"@id\":\"https:\/\/redleafaquascaping.com\/fr\/produit\/salty-shrimp-bee-shrimp-mineral-gh-2\/#primaryimage\"},\"image\":{\"@id\":\"https:\/\/redleafaquascaping.com\/fr\/produit\/salty-shrimp-bee-shrimp-mineral-gh-2\/#primaryimage\"},\"thumbnailUrl\":\"https:\/\/redleafaquascaping.com\/wp-content\/uploads\/2022\/05\/saltyshrimp-bee-shrimp-mineral-gh-.jpg\",\"datePublished\":\"2022-11-03T19:06:08+00:00\",\"dateModified\":\"2023-11-22T18:30:27+00:00\",\"breadcrumb\":{\"@id\":\"https:\/\/redleafaquascaping.com\/fr\/produit\/salty-shrimp-bee-shrimp-mineral-gh-2\/#breadcrumb\"},\"inLanguage\":\"fr-FR\",\"potentialAction\":[{\"@type\":\"ReadAction\",\"target\":[\"https:\/\/redleafaquascaping.com\/fr\/produit\/salty-shrimp-bee-shrimp-mineral-gh-2\/\"]}]},{\"@type\":\"ImageObject\",\"inLanguage\":\"fr-FR\",\"@id\":\"https:\/\/redleafaquascaping.com\/fr\/produit\/salty-shrimp-bee-shrimp-mineral-gh-2\/#primaryimage\",\"url\":\"https:\/\/redleafaquascaping.com\/wp-content\/uploads\/2022\/05\/saltyshrimp-bee-shrimp-mineral-gh-.jpg\",\"contentUrl\":\"https:\/\/redleafaquascaping.com\/wp-content\/uploads\/2022\/05\/saltyshrimp-bee-shrimp-mineral-gh-.jpg\",\"width\":1600,\"height\":1600},{\"@type\":\"BreadcrumbList\",\"@id\":\"https:\/\/redleafaquascaping.com\/fr\/produit\/salty-shrimp-bee-shrimp-mineral-gh-2\/#breadcrumb\",\"itemListElement\":[{\"@type\":\"ListItem\",\"position\":1,\"name\":\"Home\",\"item\":\"https:\/\/redleafaquascaping.com\/fr\/\"},{\"@type\":\"ListItem\",\"position\":2,\"name\":\"Magasinez\",\"item\":\"https:\/\/redleafaquascaping.com\/fr\/magasinez\/\"},{\"@type\":\"ListItem\",\"position\":3,\"name\":\"Salty Shrimp &#8211; Bee Shrimp Mineral GH+\"}]},{\"@type\":\"WebSite\",\"@id\":\"https:\/\/redleafaquascaping.com\/#website\",\"url\":\"https:\/\/redleafaquascaping.com\/\",\"name\":\"Red Leaf Aquascaping\",\"description\":\"Online Aquascaping Equipment Store\",\"publisher\":{\"@id\":\"https:\/\/redleafaquascaping.com\/#organization\"},\"potentialAction\":[{\"@type\":\"SearchAction\",\"target\":{\"@type\":\"EntryPoint\",\"urlTemplate\":\"https:\/\/redleafaquascaping.com\/?s={search_term_string}\"},\"query-input\":{\"@type\":\"PropertyValueSpecification\",\"valueRequired\":true,\"valueName\":\"search_term_string\"}}],\"inLanguage\":\"fr-FR\"},{\"@type\":\"Organization\",\"@id\":\"https:\/\/redleafaquascaping.com\/#organization\",\"name\":\"Aquascaping Red Leaf\",\"alternateName\":\"Red Leaf\",\"url\":\"https:\/\/redleafaquascaping.com\/\",\"logo\":{\"@type\":\"ImageObject\",\"inLanguage\":\"fr-FR\",\"@id\":\"https:\/\/redleafaquascaping.com\/#\/schema\/logo\/image\/\",\"url\":\"https:\/\/redleafaquascaping.com\/wp-content\/uploads\/2024\/08\/logo-seo.jpg\",\"contentUrl\":\"https:\/\/redleafaquascaping.com\/wp-content\/uploads\/2024\/08\/logo-seo.jpg\",\"width\":696,\"height\":696,\"caption\":\"Aquascaping Red Leaf\"},\"image\":{\"@id\":\"https:\/\/redleafaquascaping.com\/#\/schema\/logo\/image\/\"},\"sameAs\":[\"https:\/\/www.facebook.com\/Redleafaqua\"]}]}<\/script>\n<!-- \/ Yoast SEO plugin. -->","yoast_head_json":{"title":"Salty Shrimp - Bee Shrimp Mineral GH+ | Red Leaf Aquascaping","robots":{"index":"index","follow":"follow","max-snippet":"max-snippet:-1","max-image-preview":"max-image-preview:large","max-video-preview":"max-video-preview:-1"},"canonical":"https:\/\/redleafaquascaping.com\/fr\/produit\/salty-shrimp-bee-shrimp-mineral-gh-2\/","og_locale":"fr_FR","og_type":"article","og_title":"Salty Shrimp - Bee Shrimp Mineral GH+ | Red Leaf Aquascaping","og_description":"Favorise la croissance des plantes et la r\u00e9g\u00e9n\u00e9ration microbienne  Pour remin\u00e9raliser l'eau osmos\u00e9e et l'eau de pluie  Contient tous les min\u00e9raux et oligo-\u00e9l\u00e9ments importants  N'influence pas de mani\u00e8re significative la duret\u00e9 carbonat\u00e9e (KH)","og_url":"https:\/\/redleafaquascaping.com\/fr\/produit\/salty-shrimp-bee-shrimp-mineral-gh-2\/","og_site_name":"Red Leaf Aquascaping","article_publisher":"https:\/\/www.facebook.com\/Redleafaqua","article_modified_time":"2023-11-22T18:30:27+00:00","og_image":[{"width":1600,"height":1600,"url":"https:\/\/redleafaquascaping.com\/wp-content\/uploads\/2022\/05\/saltyshrimp-bee-shrimp-mineral-gh-.jpg","type":"image\/jpeg"}],"twitter_card":"summary_large_image","twitter_misc":{"Dur\u00e9e de lecture estim\u00e9e":"2 minutes"},"schema":{"@context":"https:\/\/schema.org","@graph":[{"@type":"WebPage","@id":"https:\/\/redleafaquascaping.com\/fr\/produit\/salty-shrimp-bee-shrimp-mineral-gh-2\/","url":"https:\/\/redleafaquascaping.com\/fr\/produit\/salty-shrimp-bee-shrimp-mineral-gh-2\/","name":"Salty Shrimp - Bee Shrimp Mineral GH+ | Red Leaf Aquascaping","isPartOf":{"@id":"https:\/\/redleafaquascaping.com\/#website"},"primaryImageOfPage":{"@id":"https:\/\/redleafaquascaping.com\/fr\/produit\/salty-shrimp-bee-shrimp-mineral-gh-2\/#primaryimage"},"image":{"@id":"https:\/\/redleafaquascaping.com\/fr\/produit\/salty-shrimp-bee-shrimp-mineral-gh-2\/#primaryimage"},"thumbnailUrl":"https:\/\/redleafaquascaping.com\/wp-content\/uploads\/2022\/05\/saltyshrimp-bee-shrimp-mineral-gh-.jpg","datePublished":"2022-11-03T19:06:08+00:00","dateModified":"2023-11-22T18:30:27+00:00","breadcrumb":{"@id":"https:\/\/redleafaquascaping.com\/fr\/produit\/salty-shrimp-bee-shrimp-mineral-gh-2\/#breadcrumb"},"inLanguage":"fr-FR","potentialAction":[{"@type":"ReadAction","target":["https:\/\/redleafaquascaping.com\/fr\/produit\/salty-shrimp-bee-shrimp-mineral-gh-2\/"]}]},{"@type":"ImageObject","inLanguage":"fr-FR","@id":"https:\/\/redleafaquascaping.com\/fr\/produit\/salty-shrimp-bee-shrimp-mineral-gh-2\/#primaryimage","url":"https:\/\/redleafaquascaping.com\/wp-content\/uploads\/2022\/05\/saltyshrimp-bee-shrimp-mineral-gh-.jpg","contentUrl":"https:\/\/redleafaquascaping.com\/wp-content\/uploads\/2022\/05\/saltyshrimp-bee-shrimp-mineral-gh-.jpg","width":1600,"height":1600},{"@type":"BreadcrumbList","@id":"https:\/\/redleafaquascaping.com\/fr\/produit\/salty-shrimp-bee-shrimp-mineral-gh-2\/#breadcrumb","itemListElement":[{"@type":"ListItem","position":1,"name":"Home","item":"https:\/\/redleafaquascaping.com\/fr\/"},{"@type":"ListItem","position":2,"name":"Magasinez","item":"https:\/\/redleafaquascaping.com\/fr\/magasinez\/"},{"@type":"ListItem","position":3,"name":"Salty Shrimp &#8211; Bee Shrimp Mineral GH+"}]},{"@type":"WebSite","@id":"https:\/\/redleafaquascaping.com\/#website","url":"https:\/\/redleafaquascaping.com\/","name":"Red Leaf Aquascaping","description":"Online Aquascaping Equipment Store","publisher":{"@id":"https:\/\/redleafaquascaping.com\/#organization"},"potentialAction":[{"@type":"SearchAction","target":{"@type":"EntryPoint","urlTemplate":"https:\/\/redleafaquascaping.com\/?s={search_term_string}"},"query-input":{"@type":"PropertyValueSpecification","valueRequired":true,"valueName":"search_term_string"}}],"inLanguage":"fr-FR"},{"@type":"Organization","@id":"https:\/\/redleafaquascaping.com\/#organization","name":"Aquascaping Red Leaf","alternateName":"Red Leaf","url":"https:\/\/redleafaquascaping.com\/","logo":{"@type":"ImageObject","inLanguage":"fr-FR","@id":"https:\/\/redleafaquascaping.com\/#\/schema\/logo\/image\/","url":"https:\/\/redleafaquascaping.com\/wp-content\/uploads\/2024\/08\/logo-seo.jpg","contentUrl":"https:\/\/redleafaquascaping.com\/wp-content\/uploads\/2024\/08\/logo-seo.jpg","width":696,"height":696,"caption":"Aquascaping Red Leaf"},"image":{"@id":"https:\/\/redleafaquascaping.com\/#\/schema\/logo\/image\/"},"sameAs":["https:\/\/www.facebook.com\/Redleafaqua"]}]}},"_links":{"self":[{"href":"https:\/\/redleafaquascaping.com\/fr\/wp-json\/wp\/v2\/product\/9363","targetHints":{"allow":["GET"]}}],"collection":[{"href":"https:\/\/redleafaquascaping.com\/fr\/wp-json\/wp\/v2\/product"}],"about":[{"href":"https:\/\/redleafaquascaping.com\/fr\/wp-json\/wp\/v2\/types\/product"}],"wp:featuredmedia":[{"embeddable":true,"href":"https:\/\/redleafaquascaping.com\/fr\/wp-json\/wp\/v2\/media\/9187"}],"wp:attachment":[{"href":"https:\/\/redleafaquascaping.com\/fr\/wp-json\/wp\/v2\/media?parent=9363"}],"wp:term":[{"taxonomy":"product_brand","embeddable":true,"href":"https:\/\/redleafaquascaping.com\/fr\/wp-json\/wp\/v2\/product_brand?post=9363"},{"taxonomy":"product_cat","embeddable":true,"href":"https:\/\/redleafaquascaping.com\/fr\/wp-json\/wp\/v2\/product_cat?post=9363"},{"taxonomy":"product_tag","embeddable":true,"href":"https:\/\/redleafaquascaping.com\/fr\/wp-json\/wp\/v2\/product_tag?post=9363"}],"curies":[{"name":"wp","href":"https:\/\/api.w.org\/{rel}","templated":true}]}}