{"id":9367,"date":"2022-05-19T11:23:21","date_gmt":"2022-11-03T19:10:08","guid":{"rendered":"https:\/\/redleafaquascaping.com\/product\/salty-shrimp-shrimp-mineral-gh-kh\/"},"modified":"2023-11-22T13:31:14","modified_gmt":"2023-11-22T18:31:14","slug":"salty-shrimp-shrimp-mineral-gh-kh-2","status":"publish","type":"product","link":"https:\/\/redleafaquascaping.com\/fr\/produit\/salty-shrimp-shrimp-mineral-gh-kh-2\/","title":{"rendered":"Salty Shrimp &#8211; Shrimp Mineral GH\/KH+"},"content":{"rendered":"<p><strong>Shrimp Mineral GH\/KH+ has been especially designed for the preparation of neutral aquarium water for keeping and breeding shrimp. It re-mineralises e.g. RO water, rainwater, fully desalinated water etc., raising total hardness (GH) and carbonate hardness (KH) at a ratio of GH\/KH: 1.0\/0.5. <\/strong><strong>Especially shrimp from habitats with a neutral pH do very well in water prepared with this mineral salt. Shrimp Mineral GH\/KH+ contains all the important minerals and trace elements your shrimp need for their well-being, an intensive colouration, successful breeding and healthy growth. It also furthers plant growth and the microbial regeneration of biological filter substrates.<\/strong><\/p>\n<p><strong>Mode d&#8217;emploi :<\/strong><br \/>\nM\u00e9langer avec de l&rsquo;eau \u00e0 l&rsquo;ext\u00e9rieur de l&rsquo;aquarium. Shrimp Mineral se dissout presque compl\u00e8tement en quelques secondes et l&rsquo;eau est imm\u00e9diatement pr\u00eate \u00e0 l&#8217;emploi. Veuillez vous assurer que toutes les particules non dissoutes entrent \u00e9galement dans votre r\u00e9servoir. Bien refermer le r\u00e9cipient apr\u00e8s chaque utilisation car ce sel min\u00e9ral absorbe l&rsquo;humidit\u00e9. Dosage : Utilisez Shrimp Mineral pour remin\u00e9raliser l&rsquo;eau osmos\u00e9e, l&rsquo;eau de pluie, l&rsquo;eau enti\u00e8rement dessal\u00e9e, etc. pour atteindre une duret\u00e9 totale d&rsquo;environ 6 GH et\/ou une conductance d&rsquo;environ 300 +\/- 50 uS (Microsiemens). Pour cela, une cuill\u00e8re doseuse uniform\u00e9ment pleine (environ 2 g) pour 10 litres d&rsquo;eau suffit.<\/p>\n<p>Cuill\u00e8re doseuse incluse.<\/p>\n","protected":false},"excerpt":{"rendered":"<ul>\n<li>Contient tous les min\u00e9raux importants pour les crevettes<\/li>\n<li>Pour remin\u00e9raliser l&rsquo;eau osmos\u00e9e et l&rsquo;eau de pluie<\/li>\n<li>Augmente GH et KH dans un rapport de 1,0 \u00e0 0,5<\/li>\n<li>Favorise la r\u00e9g\u00e9n\u00e9ration microbienne dans les substrats filtrants biologiques<\/li>\n<\/ul>\n","protected":false},"featured_media":9184,"template":"","meta":{"site-sidebar-layout":"default","site-content-layout":"default","ast-site-content-layout":"default","site-content-style":"default","site-sidebar-style":"default","ast-global-header-display":"","ast-banner-title-visibility":"","ast-main-header-display":"","ast-hfb-above-header-display":"","ast-hfb-below-header-display":"","ast-hfb-mobile-header-display":"","site-post-title":"","ast-breadcrumbs-content":"","ast-featured-img":"","footer-sml-layout":"","ast-disable-related-posts":"","theme-transparent-header-meta":"default","adv-header-id-meta":"","stick-header-meta":"","header-above-stick-meta":"","header-main-stick-meta":"","header-below-stick-meta":"","astra-migrate-meta-layouts":"set","ast-page-background-enabled":"default","ast-page-background-meta":{"desktop":{"background-color":"","background-image":"","background-repeat":"repeat","background-position":"center center","background-size":"auto","background-attachment":"scroll","background-type":"","background-media":"","overlay-type":"","overlay-color":"","overlay-opacity":"","overlay-gradient":""},"tablet":{"background-color":"","background-image":"","background-repeat":"repeat","background-position":"center center","background-size":"auto","background-attachment":"scroll","background-type":"","background-media":"","overlay-type":"","overlay-color":"","overlay-opacity":"","overlay-gradient":""},"mobile":{"background-color":"","background-image":"","background-repeat":"repeat","background-position":"center center","background-size":"auto","background-attachment":"scroll","background-type":"","background-media":"","overlay-type":"","overlay-color":"","overlay-opacity":"","overlay-gradient":""}},"ast-content-background-meta":{"desktop":{"background-color":"var(--ast-global-color-5)","background-image":"","background-repeat":"repeat","background-position":"center center","background-size":"auto","background-attachment":"scroll","background-type":"","background-media":"","overlay-type":"","overlay-color":"","overlay-opacity":"","overlay-gradient":""},"tablet":{"background-color":"var(--ast-global-color-5)","background-image":"","background-repeat":"repeat","background-position":"center center","background-size":"auto","background-attachment":"scroll","background-type":"","background-media":"","overlay-type":"","overlay-color":"","overlay-opacity":"","overlay-gradient":""},"mobile":{"background-color":"var(--ast-global-color-5)","background-image":"","background-repeat":"repeat","background-position":"center center","background-size":"auto","background-attachment":"scroll","background-type":"","background-media":"","overlay-type":"","overlay-color":"","overlay-opacity":"","overlay-gradient":""}}},"product_brand":[],"product_cat":[1390,962,1371,496],"product_tag":[1035,1043,1191,1042,1037],"class_list":{"0":"post-9367","1":"product","2":"type-product","3":"status-publish","4":"has-post-thumbnail","6":"product_cat-chimie-de-leau-pour-les-crevettes","7":"product_cat-crevettes","8":"product_cat-glas-garten-fr","9":"product_cat-mineraux","10":"product_tag-gh-fr","11":"product_tag-kh-fr","12":"product_tag-mineral-fr","13":"product_tag-salty-fr-2","14":"product_tag-shrimp-fr-2","15":"desktop-align-left","16":"tablet-align-left","17":"mobile-align-left","18":"ast-product-gallery-layout-horizontal-slider","19":"ast-product-gallery-with-no-image","20":"ast-product-single-variable","21":"ast-product-tabs-layout-horizontal","23":"first","24":"instock","25":"taxable","26":"shipping-taxable","27":"purchasable","28":"product-type-variable"},"yoast_head":"<!-- This site is optimized with the Yoast SEO plugin v27.2 - https:\/\/yoast.com\/product\/yoast-seo-wordpress\/ -->\n<title>Salty Shrimp - Shrimp Mineral GH\/KH+ | Red Leaf Aquascaping<\/title>\n<meta name=\"robots\" content=\"index, follow, max-snippet:-1, max-image-preview:large, max-video-preview:-1\" \/>\n<link rel=\"canonical\" href=\"https:\/\/redleafaquascaping.com\/fr\/produit\/salty-shrimp-shrimp-mineral-gh-kh-2\/\" \/>\n<meta property=\"og:locale\" content=\"fr_FR\" \/>\n<meta property=\"og:type\" content=\"article\" \/>\n<meta property=\"og:title\" content=\"Salty Shrimp - Shrimp Mineral GH\/KH+ | Red Leaf Aquascaping\" \/>\n<meta property=\"og:description\" content=\"Contient tous les min\u00e9raux importants pour les crevettes  Pour remin\u00e9raliser l&#039;eau osmos\u00e9e et l&#039;eau de pluie  Augmente GH et KH dans un rapport de 1,0 \u00e0 0,5  Favorise la r\u00e9g\u00e9n\u00e9ration microbienne dans les substrats filtrants biologiques\" \/>\n<meta property=\"og:url\" content=\"https:\/\/redleafaquascaping.com\/fr\/produit\/salty-shrimp-shrimp-mineral-gh-kh-2\/\" \/>\n<meta property=\"og:site_name\" content=\"Red Leaf Aquascaping\" \/>\n<meta property=\"article:publisher\" content=\"https:\/\/www.facebook.com\/Redleafaqua\" \/>\n<meta property=\"article:modified_time\" content=\"2023-11-22T18:31:14+00:00\" \/>\n<meta property=\"og:image\" content=\"https:\/\/redleafaquascaping.com\/wp-content\/uploads\/2022\/05\/saltyshrimp-shrimp-mineral-gh-kh-.jpg\" \/>\n\t<meta property=\"og:image:width\" content=\"1600\" \/>\n\t<meta property=\"og:image:height\" content=\"1600\" \/>\n\t<meta property=\"og:image:type\" content=\"image\/jpeg\" \/>\n<meta name=\"twitter:card\" content=\"summary_large_image\" \/>\n<meta name=\"twitter:label1\" content=\"Dur\u00e9e de lecture estim\u00e9e\" \/>\n\t<meta name=\"twitter:data1\" content=\"1 minute\" \/>\n<script type=\"application\/ld+json\" class=\"yoast-schema-graph\">{\"@context\":\"https:\/\/schema.org\",\"@graph\":[{\"@type\":\"WebPage\",\"@id\":\"https:\/\/redleafaquascaping.com\/fr\/produit\/salty-shrimp-shrimp-mineral-gh-kh-2\/\",\"url\":\"https:\/\/redleafaquascaping.com\/fr\/produit\/salty-shrimp-shrimp-mineral-gh-kh-2\/\",\"name\":\"Salty Shrimp - Shrimp Mineral GH\/KH+ | Red Leaf Aquascaping\",\"isPartOf\":{\"@id\":\"https:\/\/redleafaquascaping.com\/#website\"},\"primaryImageOfPage\":{\"@id\":\"https:\/\/redleafaquascaping.com\/fr\/produit\/salty-shrimp-shrimp-mineral-gh-kh-2\/#primaryimage\"},\"image\":{\"@id\":\"https:\/\/redleafaquascaping.com\/fr\/produit\/salty-shrimp-shrimp-mineral-gh-kh-2\/#primaryimage\"},\"thumbnailUrl\":\"https:\/\/redleafaquascaping.com\/wp-content\/uploads\/2022\/05\/saltyshrimp-shrimp-mineral-gh-kh-.jpg\",\"datePublished\":\"2022-11-03T19:10:08+00:00\",\"dateModified\":\"2023-11-22T18:31:14+00:00\",\"breadcrumb\":{\"@id\":\"https:\/\/redleafaquascaping.com\/fr\/produit\/salty-shrimp-shrimp-mineral-gh-kh-2\/#breadcrumb\"},\"inLanguage\":\"fr-FR\",\"potentialAction\":[{\"@type\":\"ReadAction\",\"target\":[\"https:\/\/redleafaquascaping.com\/fr\/produit\/salty-shrimp-shrimp-mineral-gh-kh-2\/\"]}]},{\"@type\":\"ImageObject\",\"inLanguage\":\"fr-FR\",\"@id\":\"https:\/\/redleafaquascaping.com\/fr\/produit\/salty-shrimp-shrimp-mineral-gh-kh-2\/#primaryimage\",\"url\":\"https:\/\/redleafaquascaping.com\/wp-content\/uploads\/2022\/05\/saltyshrimp-shrimp-mineral-gh-kh-.jpg\",\"contentUrl\":\"https:\/\/redleafaquascaping.com\/wp-content\/uploads\/2022\/05\/saltyshrimp-shrimp-mineral-gh-kh-.jpg\",\"width\":1600,\"height\":1600},{\"@type\":\"BreadcrumbList\",\"@id\":\"https:\/\/redleafaquascaping.com\/fr\/produit\/salty-shrimp-shrimp-mineral-gh-kh-2\/#breadcrumb\",\"itemListElement\":[{\"@type\":\"ListItem\",\"position\":1,\"name\":\"Home\",\"item\":\"https:\/\/redleafaquascaping.com\/fr\/\"},{\"@type\":\"ListItem\",\"position\":2,\"name\":\"Magasinez\",\"item\":\"https:\/\/redleafaquascaping.com\/fr\/magasinez\/\"},{\"@type\":\"ListItem\",\"position\":3,\"name\":\"Salty Shrimp &#8211; Shrimp Mineral GH\/KH+\"}]},{\"@type\":\"WebSite\",\"@id\":\"https:\/\/redleafaquascaping.com\/#website\",\"url\":\"https:\/\/redleafaquascaping.com\/\",\"name\":\"Red Leaf Aquascaping\",\"description\":\"Online Aquascaping Equipment Store\",\"publisher\":{\"@id\":\"https:\/\/redleafaquascaping.com\/#organization\"},\"potentialAction\":[{\"@type\":\"SearchAction\",\"target\":{\"@type\":\"EntryPoint\",\"urlTemplate\":\"https:\/\/redleafaquascaping.com\/?s={search_term_string}\"},\"query-input\":{\"@type\":\"PropertyValueSpecification\",\"valueRequired\":true,\"valueName\":\"search_term_string\"}}],\"inLanguage\":\"fr-FR\"},{\"@type\":\"Organization\",\"@id\":\"https:\/\/redleafaquascaping.com\/#organization\",\"name\":\"Aquascaping Red Leaf\",\"alternateName\":\"Red Leaf\",\"url\":\"https:\/\/redleafaquascaping.com\/\",\"logo\":{\"@type\":\"ImageObject\",\"inLanguage\":\"fr-FR\",\"@id\":\"https:\/\/redleafaquascaping.com\/#\/schema\/logo\/image\/\",\"url\":\"https:\/\/redleafaquascaping.com\/wp-content\/uploads\/2024\/08\/logo-seo.jpg\",\"contentUrl\":\"https:\/\/redleafaquascaping.com\/wp-content\/uploads\/2024\/08\/logo-seo.jpg\",\"width\":696,\"height\":696,\"caption\":\"Aquascaping Red Leaf\"},\"image\":{\"@id\":\"https:\/\/redleafaquascaping.com\/#\/schema\/logo\/image\/\"},\"sameAs\":[\"https:\/\/www.facebook.com\/Redleafaqua\"]}]}<\/script>\n<!-- \/ Yoast SEO plugin. -->","yoast_head_json":{"title":"Salty Shrimp - Shrimp Mineral GH\/KH+ | Red Leaf Aquascaping","robots":{"index":"index","follow":"follow","max-snippet":"max-snippet:-1","max-image-preview":"max-image-preview:large","max-video-preview":"max-video-preview:-1"},"canonical":"https:\/\/redleafaquascaping.com\/fr\/produit\/salty-shrimp-shrimp-mineral-gh-kh-2\/","og_locale":"fr_FR","og_type":"article","og_title":"Salty Shrimp - Shrimp Mineral GH\/KH+ | Red Leaf Aquascaping","og_description":"Contient tous les min\u00e9raux importants pour les crevettes  Pour remin\u00e9raliser l'eau osmos\u00e9e et l'eau de pluie  Augmente GH et KH dans un rapport de 1,0 \u00e0 0,5  Favorise la r\u00e9g\u00e9n\u00e9ration microbienne dans les substrats filtrants biologiques","og_url":"https:\/\/redleafaquascaping.com\/fr\/produit\/salty-shrimp-shrimp-mineral-gh-kh-2\/","og_site_name":"Red Leaf Aquascaping","article_publisher":"https:\/\/www.facebook.com\/Redleafaqua","article_modified_time":"2023-11-22T18:31:14+00:00","og_image":[{"width":1600,"height":1600,"url":"https:\/\/redleafaquascaping.com\/wp-content\/uploads\/2022\/05\/saltyshrimp-shrimp-mineral-gh-kh-.jpg","type":"image\/jpeg"}],"twitter_card":"summary_large_image","twitter_misc":{"Dur\u00e9e de lecture estim\u00e9e":"1 minute"},"schema":{"@context":"https:\/\/schema.org","@graph":[{"@type":"WebPage","@id":"https:\/\/redleafaquascaping.com\/fr\/produit\/salty-shrimp-shrimp-mineral-gh-kh-2\/","url":"https:\/\/redleafaquascaping.com\/fr\/produit\/salty-shrimp-shrimp-mineral-gh-kh-2\/","name":"Salty Shrimp - Shrimp Mineral GH\/KH+ | Red Leaf Aquascaping","isPartOf":{"@id":"https:\/\/redleafaquascaping.com\/#website"},"primaryImageOfPage":{"@id":"https:\/\/redleafaquascaping.com\/fr\/produit\/salty-shrimp-shrimp-mineral-gh-kh-2\/#primaryimage"},"image":{"@id":"https:\/\/redleafaquascaping.com\/fr\/produit\/salty-shrimp-shrimp-mineral-gh-kh-2\/#primaryimage"},"thumbnailUrl":"https:\/\/redleafaquascaping.com\/wp-content\/uploads\/2022\/05\/saltyshrimp-shrimp-mineral-gh-kh-.jpg","datePublished":"2022-11-03T19:10:08+00:00","dateModified":"2023-11-22T18:31:14+00:00","breadcrumb":{"@id":"https:\/\/redleafaquascaping.com\/fr\/produit\/salty-shrimp-shrimp-mineral-gh-kh-2\/#breadcrumb"},"inLanguage":"fr-FR","potentialAction":[{"@type":"ReadAction","target":["https:\/\/redleafaquascaping.com\/fr\/produit\/salty-shrimp-shrimp-mineral-gh-kh-2\/"]}]},{"@type":"ImageObject","inLanguage":"fr-FR","@id":"https:\/\/redleafaquascaping.com\/fr\/produit\/salty-shrimp-shrimp-mineral-gh-kh-2\/#primaryimage","url":"https:\/\/redleafaquascaping.com\/wp-content\/uploads\/2022\/05\/saltyshrimp-shrimp-mineral-gh-kh-.jpg","contentUrl":"https:\/\/redleafaquascaping.com\/wp-content\/uploads\/2022\/05\/saltyshrimp-shrimp-mineral-gh-kh-.jpg","width":1600,"height":1600},{"@type":"BreadcrumbList","@id":"https:\/\/redleafaquascaping.com\/fr\/produit\/salty-shrimp-shrimp-mineral-gh-kh-2\/#breadcrumb","itemListElement":[{"@type":"ListItem","position":1,"name":"Home","item":"https:\/\/redleafaquascaping.com\/fr\/"},{"@type":"ListItem","position":2,"name":"Magasinez","item":"https:\/\/redleafaquascaping.com\/fr\/magasinez\/"},{"@type":"ListItem","position":3,"name":"Salty Shrimp &#8211; Shrimp Mineral GH\/KH+"}]},{"@type":"WebSite","@id":"https:\/\/redleafaquascaping.com\/#website","url":"https:\/\/redleafaquascaping.com\/","name":"Red Leaf Aquascaping","description":"Online Aquascaping Equipment Store","publisher":{"@id":"https:\/\/redleafaquascaping.com\/#organization"},"potentialAction":[{"@type":"SearchAction","target":{"@type":"EntryPoint","urlTemplate":"https:\/\/redleafaquascaping.com\/?s={search_term_string}"},"query-input":{"@type":"PropertyValueSpecification","valueRequired":true,"valueName":"search_term_string"}}],"inLanguage":"fr-FR"},{"@type":"Organization","@id":"https:\/\/redleafaquascaping.com\/#organization","name":"Aquascaping Red Leaf","alternateName":"Red Leaf","url":"https:\/\/redleafaquascaping.com\/","logo":{"@type":"ImageObject","inLanguage":"fr-FR","@id":"https:\/\/redleafaquascaping.com\/#\/schema\/logo\/image\/","url":"https:\/\/redleafaquascaping.com\/wp-content\/uploads\/2024\/08\/logo-seo.jpg","contentUrl":"https:\/\/redleafaquascaping.com\/wp-content\/uploads\/2024\/08\/logo-seo.jpg","width":696,"height":696,"caption":"Aquascaping Red Leaf"},"image":{"@id":"https:\/\/redleafaquascaping.com\/#\/schema\/logo\/image\/"},"sameAs":["https:\/\/www.facebook.com\/Redleafaqua"]}]}},"_links":{"self":[{"href":"https:\/\/redleafaquascaping.com\/fr\/wp-json\/wp\/v2\/product\/9367","targetHints":{"allow":["GET"]}}],"collection":[{"href":"https:\/\/redleafaquascaping.com\/fr\/wp-json\/wp\/v2\/product"}],"about":[{"href":"https:\/\/redleafaquascaping.com\/fr\/wp-json\/wp\/v2\/types\/product"}],"wp:featuredmedia":[{"embeddable":true,"href":"https:\/\/redleafaquascaping.com\/fr\/wp-json\/wp\/v2\/media\/9184"}],"wp:attachment":[{"href":"https:\/\/redleafaquascaping.com\/fr\/wp-json\/wp\/v2\/media?parent=9367"}],"wp:term":[{"taxonomy":"product_brand","embeddable":true,"href":"https:\/\/redleafaquascaping.com\/fr\/wp-json\/wp\/v2\/product_brand?post=9367"},{"taxonomy":"product_cat","embeddable":true,"href":"https:\/\/redleafaquascaping.com\/fr\/wp-json\/wp\/v2\/product_cat?post=9367"},{"taxonomy":"product_tag","embeddable":true,"href":"https:\/\/redleafaquascaping.com\/fr\/wp-json\/wp\/v2\/product_tag?post=9367"}],"curies":[{"name":"wp","href":"https:\/\/api.w.org\/{rel}","templated":true}]}}