{"id":9379,"date":"2021-12-29T15:19:35","date_gmt":"2022-11-17T18:10:49","guid":{"rendered":"https:\/\/redleafaquascaping.com\/?post_type=product&#038;p=9379"},"modified":"2022-11-17T13:10:50","modified_gmt":"2022-11-17T18:10:50","slug":"seachem-equilibrium","status":"publish","type":"product","link":"https:\/\/redleafaquascaping.com\/fr\/produit\/seachem-equilibrium\/","title":{"rendered":"Seachem Equilibrium"},"content":{"rendered":"<p>Equilibrium\u2122 est sp\u00e9cifiquement con\u00e7u pour \u00e9tablir la teneur en min\u00e9raux id\u00e9ale pour l&rsquo;aquarium plant\u00e9. Equilibrium\u2122 ne contient ni sodium ni chlorure (ce qui peut \u00eatre pr\u00e9judiciable \u00e0 un aquarium plant\u00e9 \u00e0 des niveaux \u00e9lev\u00e9s). Equilibrium \u2122 est parfaitement adapt\u00e9 pour une utilisation avec de l&rsquo;eau RO (osmose inverse) ou DI (d\u00e9ionis\u00e9e) ou toute eau d\u00e9ficiente en min\u00e9raux. Equilibrium\u2122 augmente la teneur essentielle en min\u00e9raux\/\u00e9lectrolytes (duret\u00e9 g\u00e9n\u00e9rale) de l&rsquo;eau pour \u00e9quilibrer et favoriser la stabilit\u00e9 de la duret\u00e9 carbonat\u00e9e. Pour maintenir le KH, nous recommandons Alkaline Buffer\u2122.<\/p>\n<p>Contrairement aux produits concurrents, Equilibrium\u2122 ne contient AUCUN CHLORURE DE SODIUM. Le sodium et le chlorure ne sont pas des \u00e9l\u00e9ments rapidement \u00e9puis\u00e9s dans un aquarium plant\u00e9 et, dans le cas du chlorure, peuvent faire plus de mal que de bien. Les produits des concurrents contiennent g\u00e9n\u00e9ralement principalement du chlorure de sodium (parce qu&rsquo;il est peu co\u00fbteux), ce qui augmentera les niveaux d&rsquo;\u00e9lectrolytes pour les poissons, mais peut \u00eatre pr\u00e9judiciable \u00e0 la croissance des plantes. De plus, le sodium n&rsquo;est pas un cation contribuant aux niveaux de GH. Equilibrium\u2122 ne contient que des sels de calcium, de magn\u00e9sium et de potassium, qui contribuent au m\u00e9tabolisme des poissons, mais sont \u00e9galement tr\u00e8s b\u00e9n\u00e9fiques pour la croissance des plantes.<\/p>\n","protected":false},"excerpt":{"rendered":"<ul>\n<li>Restaure et maintient l&rsquo;\u00e9quilibre min\u00e9ral et GH<\/li>\n<li>Ne contient pas de sodium ou de chlorure comme les produits concurrents<\/li>\n<li>Id\u00e9al pour une utilisation avec de l&rsquo;eau RO ou DI ou toute eau d\u00e9ficiente en min\u00e9raux<\/li>\n<\/ul>\n<p>&nbsp;<\/p>\n","protected":false},"featured_media":7531,"template":"","meta":{"site-sidebar-layout":"default","site-content-layout":"","ast-site-content-layout":"default","site-content-style":"default","site-sidebar-style":"default","ast-global-header-display":"","ast-banner-title-visibility":"","ast-main-header-display":"","ast-hfb-above-header-display":"","ast-hfb-below-header-display":"","ast-hfb-mobile-header-display":"","site-post-title":"","ast-breadcrumbs-content":"","ast-featured-img":"","footer-sml-layout":"","ast-disable-related-posts":"","theme-transparent-header-meta":"","adv-header-id-meta":"","stick-header-meta":"","header-above-stick-meta":"","header-main-stick-meta":"","header-below-stick-meta":"","astra-migrate-meta-layouts":"default","ast-page-background-enabled":"default","ast-page-background-meta":{"desktop":{"background-color":"","background-image":"","background-repeat":"repeat","background-position":"center center","background-size":"auto","background-attachment":"scroll","background-type":"","background-media":"","overlay-type":"","overlay-color":"","overlay-opacity":"","overlay-gradient":""},"tablet":{"background-color":"","background-image":"","background-repeat":"repeat","background-position":"center center","background-size":"auto","background-attachment":"scroll","background-type":"","background-media":"","overlay-type":"","overlay-color":"","overlay-opacity":"","overlay-gradient":""},"mobile":{"background-color":"","background-image":"","background-repeat":"repeat","background-position":"center center","background-size":"auto","background-attachment":"scroll","background-type":"","background-media":"","overlay-type":"","overlay-color":"","overlay-opacity":"","overlay-gradient":""}},"ast-content-background-meta":{"desktop":{"background-color":"var(--ast-global-color-5)","background-image":"","background-repeat":"repeat","background-position":"center center","background-size":"auto","background-attachment":"scroll","background-type":"","background-media":"","overlay-type":"","overlay-color":"","overlay-opacity":"","overlay-gradient":""},"tablet":{"background-color":"var(--ast-global-color-5)","background-image":"","background-repeat":"repeat","background-position":"center center","background-size":"auto","background-attachment":"scroll","background-type":"","background-media":"","overlay-type":"","overlay-color":"","overlay-opacity":"","overlay-gradient":""},"mobile":{"background-color":"var(--ast-global-color-5)","background-image":"","background-repeat":"repeat","background-position":"center center","background-size":"auto","background-attachment":"scroll","background-type":"","background-media":"","overlay-type":"","overlay-color":"","overlay-opacity":"","overlay-gradient":""}}},"product_brand":[],"product_cat":[487,496,1373],"product_tag":[1035,1191,1160,1052],"class_list":{"0":"post-9379","1":"product","2":"type-product","3":"status-publish","4":"has-post-thumbnail","6":"product_cat-additifs","7":"product_cat-mineraux","8":"product_cat-seachem-fr","9":"product_tag-gh-fr","10":"product_tag-mineral-fr","11":"product_tag-minerals-fr","12":"product_tag-seachem-fr","13":"desktop-align-left","14":"tablet-align-left","15":"mobile-align-left","16":"ast-product-gallery-layout-horizontal-slider","17":"ast-product-gallery-with-no-image","18":"ast-product-single-variable","19":"ast-product-tabs-layout-horizontal","21":"first","22":"instock","23":"taxable","24":"shipping-taxable","25":"purchasable","26":"product-type-variable"},"yoast_head":"<!-- This site is optimized with the Yoast SEO plugin v27.2 - https:\/\/yoast.com\/product\/yoast-seo-wordpress\/ -->\n<title>Seachem Equilibrium | Red Leaf Aquascaping<\/title>\n<meta name=\"robots\" content=\"index, follow, max-snippet:-1, max-image-preview:large, max-video-preview:-1\" \/>\n<link rel=\"canonical\" href=\"https:\/\/redleafaquascaping.com\/fr\/produit\/seachem-equilibrium\/\" \/>\n<meta property=\"og:locale\" content=\"fr_FR\" \/>\n<meta property=\"og:type\" content=\"article\" \/>\n<meta property=\"og:title\" content=\"Seachem Equilibrium | Red Leaf Aquascaping\" \/>\n<meta property=\"og:description\" content=\"Restaure et maintient l&#039;\u00e9quilibre min\u00e9ral et GH  Ne contient pas de sodium ou de chlorure comme les produits concurrents  Id\u00e9al pour une utilisation avec de l&#039;eau RO ou DI ou toute eau d\u00e9ficiente en min\u00e9raux  &nbsp;\" \/>\n<meta property=\"og:url\" content=\"https:\/\/redleafaquascaping.com\/fr\/produit\/seachem-equilibrium\/\" \/>\n<meta property=\"og:site_name\" content=\"Red Leaf Aquascaping\" \/>\n<meta property=\"article:publisher\" content=\"https:\/\/www.facebook.com\/Redleafaqua\" \/>\n<meta property=\"article:modified_time\" content=\"2022-11-17T18:10:50+00:00\" \/>\n<meta property=\"og:image\" content=\"https:\/\/redleafaquascaping.com\/wp-content\/uploads\/2021\/12\/z0446-Equilibrium-300-g-1.jpg\" \/>\n\t<meta property=\"og:image:width\" content=\"200\" \/>\n\t<meta property=\"og:image:height\" content=\"424\" \/>\n\t<meta property=\"og:image:type\" content=\"image\/jpeg\" \/>\n<meta name=\"twitter:card\" content=\"summary_large_image\" \/>\n<meta name=\"twitter:label1\" content=\"Dur\u00e9e de lecture estim\u00e9e\" \/>\n\t<meta name=\"twitter:data1\" content=\"1 minute\" \/>\n<script type=\"application\/ld+json\" class=\"yoast-schema-graph\">{\"@context\":\"https:\/\/schema.org\",\"@graph\":[{\"@type\":\"WebPage\",\"@id\":\"https:\/\/redleafaquascaping.com\/fr\/produit\/seachem-equilibrium\/\",\"url\":\"https:\/\/redleafaquascaping.com\/fr\/produit\/seachem-equilibrium\/\",\"name\":\"Seachem Equilibrium | Red Leaf Aquascaping\",\"isPartOf\":{\"@id\":\"https:\/\/redleafaquascaping.com\/#website\"},\"primaryImageOfPage\":{\"@id\":\"https:\/\/redleafaquascaping.com\/fr\/produit\/seachem-equilibrium\/#primaryimage\"},\"image\":{\"@id\":\"https:\/\/redleafaquascaping.com\/fr\/produit\/seachem-equilibrium\/#primaryimage\"},\"thumbnailUrl\":\"https:\/\/redleafaquascaping.com\/wp-content\/uploads\/2021\/12\/z0446-Equilibrium-300-g-1.jpg\",\"datePublished\":\"2022-11-17T18:10:49+00:00\",\"dateModified\":\"2022-11-17T18:10:50+00:00\",\"breadcrumb\":{\"@id\":\"https:\/\/redleafaquascaping.com\/fr\/produit\/seachem-equilibrium\/#breadcrumb\"},\"inLanguage\":\"fr-FR\",\"potentialAction\":[{\"@type\":\"ReadAction\",\"target\":[\"https:\/\/redleafaquascaping.com\/fr\/produit\/seachem-equilibrium\/\"]}]},{\"@type\":\"ImageObject\",\"inLanguage\":\"fr-FR\",\"@id\":\"https:\/\/redleafaquascaping.com\/fr\/produit\/seachem-equilibrium\/#primaryimage\",\"url\":\"https:\/\/redleafaquascaping.com\/wp-content\/uploads\/2021\/12\/z0446-Equilibrium-300-g-1.jpg\",\"contentUrl\":\"https:\/\/redleafaquascaping.com\/wp-content\/uploads\/2021\/12\/z0446-Equilibrium-300-g-1.jpg\",\"width\":200,\"height\":424},{\"@type\":\"BreadcrumbList\",\"@id\":\"https:\/\/redleafaquascaping.com\/fr\/produit\/seachem-equilibrium\/#breadcrumb\",\"itemListElement\":[{\"@type\":\"ListItem\",\"position\":1,\"name\":\"Home\",\"item\":\"https:\/\/redleafaquascaping.com\/fr\/\"},{\"@type\":\"ListItem\",\"position\":2,\"name\":\"Magasinez\",\"item\":\"https:\/\/redleafaquascaping.com\/fr\/magasinez\/\"},{\"@type\":\"ListItem\",\"position\":3,\"name\":\"Seachem Equilibrium\"}]},{\"@type\":\"WebSite\",\"@id\":\"https:\/\/redleafaquascaping.com\/#website\",\"url\":\"https:\/\/redleafaquascaping.com\/\",\"name\":\"Red Leaf Aquascaping\",\"description\":\"Online Aquascaping Equipment Store\",\"publisher\":{\"@id\":\"https:\/\/redleafaquascaping.com\/#organization\"},\"potentialAction\":[{\"@type\":\"SearchAction\",\"target\":{\"@type\":\"EntryPoint\",\"urlTemplate\":\"https:\/\/redleafaquascaping.com\/?s={search_term_string}\"},\"query-input\":{\"@type\":\"PropertyValueSpecification\",\"valueRequired\":true,\"valueName\":\"search_term_string\"}}],\"inLanguage\":\"fr-FR\"},{\"@type\":\"Organization\",\"@id\":\"https:\/\/redleafaquascaping.com\/#organization\",\"name\":\"Aquascaping Red Leaf\",\"alternateName\":\"Red Leaf\",\"url\":\"https:\/\/redleafaquascaping.com\/\",\"logo\":{\"@type\":\"ImageObject\",\"inLanguage\":\"fr-FR\",\"@id\":\"https:\/\/redleafaquascaping.com\/#\/schema\/logo\/image\/\",\"url\":\"https:\/\/redleafaquascaping.com\/wp-content\/uploads\/2024\/08\/logo-seo.jpg\",\"contentUrl\":\"https:\/\/redleafaquascaping.com\/wp-content\/uploads\/2024\/08\/logo-seo.jpg\",\"width\":696,\"height\":696,\"caption\":\"Aquascaping Red Leaf\"},\"image\":{\"@id\":\"https:\/\/redleafaquascaping.com\/#\/schema\/logo\/image\/\"},\"sameAs\":[\"https:\/\/www.facebook.com\/Redleafaqua\"]}]}<\/script>\n<!-- \/ Yoast SEO plugin. -->","yoast_head_json":{"title":"Seachem Equilibrium | Red Leaf Aquascaping","robots":{"index":"index","follow":"follow","max-snippet":"max-snippet:-1","max-image-preview":"max-image-preview:large","max-video-preview":"max-video-preview:-1"},"canonical":"https:\/\/redleafaquascaping.com\/fr\/produit\/seachem-equilibrium\/","og_locale":"fr_FR","og_type":"article","og_title":"Seachem Equilibrium | Red Leaf Aquascaping","og_description":"Restaure et maintient l'\u00e9quilibre min\u00e9ral et GH  Ne contient pas de sodium ou de chlorure comme les produits concurrents  Id\u00e9al pour une utilisation avec de l'eau RO ou DI ou toute eau d\u00e9ficiente en min\u00e9raux  &nbsp;","og_url":"https:\/\/redleafaquascaping.com\/fr\/produit\/seachem-equilibrium\/","og_site_name":"Red Leaf Aquascaping","article_publisher":"https:\/\/www.facebook.com\/Redleafaqua","article_modified_time":"2022-11-17T18:10:50+00:00","og_image":[{"width":200,"height":424,"url":"https:\/\/redleafaquascaping.com\/wp-content\/uploads\/2021\/12\/z0446-Equilibrium-300-g-1.jpg","type":"image\/jpeg"}],"twitter_card":"summary_large_image","twitter_misc":{"Dur\u00e9e de lecture estim\u00e9e":"1 minute"},"schema":{"@context":"https:\/\/schema.org","@graph":[{"@type":"WebPage","@id":"https:\/\/redleafaquascaping.com\/fr\/produit\/seachem-equilibrium\/","url":"https:\/\/redleafaquascaping.com\/fr\/produit\/seachem-equilibrium\/","name":"Seachem Equilibrium | Red Leaf Aquascaping","isPartOf":{"@id":"https:\/\/redleafaquascaping.com\/#website"},"primaryImageOfPage":{"@id":"https:\/\/redleafaquascaping.com\/fr\/produit\/seachem-equilibrium\/#primaryimage"},"image":{"@id":"https:\/\/redleafaquascaping.com\/fr\/produit\/seachem-equilibrium\/#primaryimage"},"thumbnailUrl":"https:\/\/redleafaquascaping.com\/wp-content\/uploads\/2021\/12\/z0446-Equilibrium-300-g-1.jpg","datePublished":"2022-11-17T18:10:49+00:00","dateModified":"2022-11-17T18:10:50+00:00","breadcrumb":{"@id":"https:\/\/redleafaquascaping.com\/fr\/produit\/seachem-equilibrium\/#breadcrumb"},"inLanguage":"fr-FR","potentialAction":[{"@type":"ReadAction","target":["https:\/\/redleafaquascaping.com\/fr\/produit\/seachem-equilibrium\/"]}]},{"@type":"ImageObject","inLanguage":"fr-FR","@id":"https:\/\/redleafaquascaping.com\/fr\/produit\/seachem-equilibrium\/#primaryimage","url":"https:\/\/redleafaquascaping.com\/wp-content\/uploads\/2021\/12\/z0446-Equilibrium-300-g-1.jpg","contentUrl":"https:\/\/redleafaquascaping.com\/wp-content\/uploads\/2021\/12\/z0446-Equilibrium-300-g-1.jpg","width":200,"height":424},{"@type":"BreadcrumbList","@id":"https:\/\/redleafaquascaping.com\/fr\/produit\/seachem-equilibrium\/#breadcrumb","itemListElement":[{"@type":"ListItem","position":1,"name":"Home","item":"https:\/\/redleafaquascaping.com\/fr\/"},{"@type":"ListItem","position":2,"name":"Magasinez","item":"https:\/\/redleafaquascaping.com\/fr\/magasinez\/"},{"@type":"ListItem","position":3,"name":"Seachem Equilibrium"}]},{"@type":"WebSite","@id":"https:\/\/redleafaquascaping.com\/#website","url":"https:\/\/redleafaquascaping.com\/","name":"Red Leaf Aquascaping","description":"Online Aquascaping Equipment Store","publisher":{"@id":"https:\/\/redleafaquascaping.com\/#organization"},"potentialAction":[{"@type":"SearchAction","target":{"@type":"EntryPoint","urlTemplate":"https:\/\/redleafaquascaping.com\/?s={search_term_string}"},"query-input":{"@type":"PropertyValueSpecification","valueRequired":true,"valueName":"search_term_string"}}],"inLanguage":"fr-FR"},{"@type":"Organization","@id":"https:\/\/redleafaquascaping.com\/#organization","name":"Aquascaping Red Leaf","alternateName":"Red Leaf","url":"https:\/\/redleafaquascaping.com\/","logo":{"@type":"ImageObject","inLanguage":"fr-FR","@id":"https:\/\/redleafaquascaping.com\/#\/schema\/logo\/image\/","url":"https:\/\/redleafaquascaping.com\/wp-content\/uploads\/2024\/08\/logo-seo.jpg","contentUrl":"https:\/\/redleafaquascaping.com\/wp-content\/uploads\/2024\/08\/logo-seo.jpg","width":696,"height":696,"caption":"Aquascaping Red Leaf"},"image":{"@id":"https:\/\/redleafaquascaping.com\/#\/schema\/logo\/image\/"},"sameAs":["https:\/\/www.facebook.com\/Redleafaqua"]}]}},"_links":{"self":[{"href":"https:\/\/redleafaquascaping.com\/fr\/wp-json\/wp\/v2\/product\/9379","targetHints":{"allow":["GET"]}}],"collection":[{"href":"https:\/\/redleafaquascaping.com\/fr\/wp-json\/wp\/v2\/product"}],"about":[{"href":"https:\/\/redleafaquascaping.com\/fr\/wp-json\/wp\/v2\/types\/product"}],"wp:featuredmedia":[{"embeddable":true,"href":"https:\/\/redleafaquascaping.com\/fr\/wp-json\/wp\/v2\/media\/7531"}],"wp:attachment":[{"href":"https:\/\/redleafaquascaping.com\/fr\/wp-json\/wp\/v2\/media?parent=9379"}],"wp:term":[{"taxonomy":"product_brand","embeddable":true,"href":"https:\/\/redleafaquascaping.com\/fr\/wp-json\/wp\/v2\/product_brand?post=9379"},{"taxonomy":"product_cat","embeddable":true,"href":"https:\/\/redleafaquascaping.com\/fr\/wp-json\/wp\/v2\/product_cat?post=9379"},{"taxonomy":"product_tag","embeddable":true,"href":"https:\/\/redleafaquascaping.com\/fr\/wp-json\/wp\/v2\/product_tag?post=9379"}],"curies":[{"name":"wp","href":"https:\/\/api.w.org\/{rel}","templated":true}]}}