{"id":9395,"date":"2021-12-22T15:10:40","date_gmt":"2022-11-17T20:40:34","guid":{"rendered":"https:\/\/redleafaquascaping.com\/?post_type=product&#038;p=9395"},"modified":"2022-11-17T15:40:35","modified_gmt":"2022-11-17T20:40:35","slug":"seachem-stability","status":"publish","type":"product","link":"https:\/\/redleafaquascaping.com\/fr\/produit\/seachem-stability\/","title":{"rendered":"Seachem Stability"},"content":{"rendered":"<p>Stability\u00ae \u00e9tablira rapidement et en toute s\u00e9curit\u00e9 le biofiltre de l&rsquo;aquarium dans les syst\u00e8mes d&rsquo;eau douce et marins, pr\u00e9venant ainsi la cause n\u00b01 de la mort des poissons : le \u00ab\u00a0syndrome du nouvel aquarium\u00a0\u00bb. Stability\u00ae est formul\u00e9 sp\u00e9cifiquement pour l&rsquo;aquarium et contient un m\u00e9lange synergique de bact\u00e9ries a\u00e9robiques, ana\u00e9robiques et facultatives qui facilitent la d\u00e9composition des d\u00e9chets organiques, de l&rsquo;ammoniac, des nitrites et des nitrates. Les bact\u00e9ries employ\u00e9es par Stability\u00ae ne fixent pas le soufre et ne produisent pas de sulfure d&rsquo;hydrog\u00e8ne toxique. Stability\u00ae est totalement inoffensif pour tous les organismes aquatiques ainsi que pour les plantes aquatiques, il n&rsquo;y a donc aucun risque d&rsquo;utilisation excessive.<\/p>\n<p><strong>Stability\u00ae est l&rsquo;aboutissement de pr\u00e8s d&rsquo;une d\u00e9cennie de recherche et d\u00e9veloppement et repr\u00e9sente l&rsquo;\u00e9tat actuel de l&rsquo;art en mati\u00e8re de gestion biologique naturelle.<\/strong><\/p>\n<p>Les bact\u00e9ries utilis\u00e9es dans les produits concurrents sont intrins\u00e8quement instables. Les conditions n\u00e9cessaires \u00e0 leur croissance et \u00e0 leur d\u00e9veloppement se situent dans une plage tr\u00e8s \u00e9troite de temp\u00e9ratures, de pH, de charges organiques, etc. Lorsque l&rsquo;un de ces param\u00e8tres n&rsquo;est pas strictement dans la plage appropri\u00e9e, la culture bact\u00e9rienne s&rsquo;effondre rapidement et meurt. Stability\u00ae n&rsquo;est pas limit\u00e9 de cette fa\u00e7on. Les conditions n\u00e9cessaires \u00e0 la croissance des souches bact\u00e9riennes Stability&rsquo;s\u2122 englobent un tr\u00e8s large \u00e9ventail. Lorsque d&rsquo;autres bact\u00e9ries commencent \u00e0 mourir (g\u00e9n\u00e9ralement \u00e0 cause de charges organiques \u00e9lev\u00e9es caus\u00e9es par la mort non d\u00e9tect\u00e9e d&rsquo;un organisme), Stability\u2122 devient simplement plus efficace.<\/p>\n","protected":false},"excerpt":{"rendered":"<ul>\n<li>Nouveau syst\u00e8me de stabilisation de l&rsquo;aquarium pour eau de mer et eau douce<\/li>\n<li>\u00c9tablit rapidement et en toute s\u00e9curit\u00e9 un biofiltre<\/li>\n<li>Emp\u00eache le \u00ab\u00a0syndrome du nouvel aquarium\u00a0\u00bb<\/li>\n<\/ul>\n<p>&nbsp;<\/p>\n","protected":false},"featured_media":7370,"template":"","meta":{"site-sidebar-layout":"default","site-content-layout":"","ast-site-content-layout":"default","site-content-style":"default","site-sidebar-style":"default","ast-global-header-display":"","ast-banner-title-visibility":"","ast-main-header-display":"","ast-hfb-above-header-display":"","ast-hfb-below-header-display":"","ast-hfb-mobile-header-display":"","site-post-title":"","ast-breadcrumbs-content":"","ast-featured-img":"","footer-sml-layout":"","ast-disable-related-posts":"","theme-transparent-header-meta":"","adv-header-id-meta":"","stick-header-meta":"","header-above-stick-meta":"","header-main-stick-meta":"","header-below-stick-meta":"","astra-migrate-meta-layouts":"default","ast-page-background-enabled":"default","ast-page-background-meta":{"desktop":{"background-color":"","background-image":"","background-repeat":"repeat","background-position":"center center","background-size":"auto","background-attachment":"scroll","background-type":"","background-media":"","overlay-type":"","overlay-color":"","overlay-opacity":"","overlay-gradient":""},"tablet":{"background-color":"","background-image":"","background-repeat":"repeat","background-position":"center center","background-size":"auto","background-attachment":"scroll","background-type":"","background-media":"","overlay-type":"","overlay-color":"","overlay-opacity":"","overlay-gradient":""},"mobile":{"background-color":"","background-image":"","background-repeat":"repeat","background-position":"center center","background-size":"auto","background-attachment":"scroll","background-type":"","background-media":"","overlay-type":"","overlay-color":"","overlay-opacity":"","overlay-gradient":""}},"ast-content-background-meta":{"desktop":{"background-color":"var(--ast-global-color-5)","background-image":"","background-repeat":"repeat","background-position":"center center","background-size":"auto","background-attachment":"scroll","background-type":"","background-media":"","overlay-type":"","overlay-color":"","overlay-opacity":"","overlay-gradient":""},"tablet":{"background-color":"var(--ast-global-color-5)","background-image":"","background-repeat":"repeat","background-position":"center center","background-size":"auto","background-attachment":"scroll","background-type":"","background-media":"","overlay-type":"","overlay-color":"","overlay-opacity":"","overlay-gradient":""},"mobile":{"background-color":"var(--ast-global-color-5)","background-image":"","background-repeat":"repeat","background-position":"center center","background-size":"auto","background-attachment":"scroll","background-type":"","background-media":"","overlay-type":"","overlay-color":"","overlay-opacity":"","overlay-gradient":""}}},"product_brand":[],"product_cat":[487,493,1373],"product_tag":[1052,1058],"class_list":{"0":"post-9395","1":"product","2":"type-product","3":"status-publish","4":"has-post-thumbnail","6":"product_cat-additifs","7":"product_cat-conditionneurs","8":"product_cat-seachem-fr","9":"product_tag-seachem-fr","10":"product_tag-stability-fr","11":"desktop-align-left","12":"tablet-align-left","13":"mobile-align-left","14":"ast-product-gallery-layout-horizontal-slider","15":"ast-product-gallery-with-no-image","16":"ast-product-single-variable","17":"ast-product-tabs-layout-horizontal","19":"first","20":"instock","21":"taxable","22":"shipping-taxable","23":"purchasable","24":"product-type-variable"},"yoast_head":"<!-- This site is optimized with the Yoast SEO plugin v27.2 - https:\/\/yoast.com\/product\/yoast-seo-wordpress\/ -->\n<title>Seachem Stability | Red Leaf Aquascaping<\/title>\n<meta name=\"robots\" content=\"index, follow, max-snippet:-1, max-image-preview:large, max-video-preview:-1\" \/>\n<link rel=\"canonical\" href=\"https:\/\/redleafaquascaping.com\/fr\/produit\/seachem-stability\/\" \/>\n<meta property=\"og:locale\" content=\"fr_FR\" \/>\n<meta property=\"og:type\" content=\"article\" \/>\n<meta property=\"og:title\" content=\"Seachem Stability | Red Leaf Aquascaping\" \/>\n<meta property=\"og:description\" content=\"Nouveau syst\u00e8me de stabilisation de l&#039;aquarium pour eau de mer et eau douce  \u00c9tablit rapidement et en toute s\u00e9curit\u00e9 un biofiltre  Emp\u00eache le &quot;syndrome du nouvel aquarium&quot;  &nbsp;\" \/>\n<meta property=\"og:url\" content=\"https:\/\/redleafaquascaping.com\/fr\/produit\/seachem-stability\/\" \/>\n<meta property=\"og:site_name\" content=\"Red Leaf Aquascaping\" \/>\n<meta property=\"article:publisher\" content=\"https:\/\/www.facebook.com\/Redleafaqua\" \/>\n<meta property=\"article:modified_time\" content=\"2022-11-17T20:40:35+00:00\" \/>\n<meta property=\"og:image\" content=\"https:\/\/redleafaquascaping.com\/wp-content\/uploads\/2021\/12\/Stability.png\" \/>\n\t<meta property=\"og:image:width\" content=\"400\" \/>\n\t<meta property=\"og:image:height\" content=\"400\" \/>\n\t<meta property=\"og:image:type\" content=\"image\/png\" \/>\n<meta name=\"twitter:card\" content=\"summary_large_image\" \/>\n<meta name=\"twitter:label1\" content=\"Dur\u00e9e de lecture estim\u00e9e\" \/>\n\t<meta name=\"twitter:data1\" content=\"2 minutes\" \/>\n<script type=\"application\/ld+json\" class=\"yoast-schema-graph\">{\"@context\":\"https:\/\/schema.org\",\"@graph\":[{\"@type\":\"WebPage\",\"@id\":\"https:\/\/redleafaquascaping.com\/fr\/produit\/seachem-stability\/\",\"url\":\"https:\/\/redleafaquascaping.com\/fr\/produit\/seachem-stability\/\",\"name\":\"Seachem Stability | Red Leaf Aquascaping\",\"isPartOf\":{\"@id\":\"https:\/\/redleafaquascaping.com\/#website\"},\"primaryImageOfPage\":{\"@id\":\"https:\/\/redleafaquascaping.com\/fr\/produit\/seachem-stability\/#primaryimage\"},\"image\":{\"@id\":\"https:\/\/redleafaquascaping.com\/fr\/produit\/seachem-stability\/#primaryimage\"},\"thumbnailUrl\":\"https:\/\/redleafaquascaping.com\/wp-content\/uploads\/2021\/12\/Stability.png\",\"datePublished\":\"2022-11-17T20:40:34+00:00\",\"dateModified\":\"2022-11-17T20:40:35+00:00\",\"breadcrumb\":{\"@id\":\"https:\/\/redleafaquascaping.com\/fr\/produit\/seachem-stability\/#breadcrumb\"},\"inLanguage\":\"fr-FR\",\"potentialAction\":[{\"@type\":\"ReadAction\",\"target\":[\"https:\/\/redleafaquascaping.com\/fr\/produit\/seachem-stability\/\"]}]},{\"@type\":\"ImageObject\",\"inLanguage\":\"fr-FR\",\"@id\":\"https:\/\/redleafaquascaping.com\/fr\/produit\/seachem-stability\/#primaryimage\",\"url\":\"https:\/\/redleafaquascaping.com\/wp-content\/uploads\/2021\/12\/Stability.png\",\"contentUrl\":\"https:\/\/redleafaquascaping.com\/wp-content\/uploads\/2021\/12\/Stability.png\",\"width\":400,\"height\":400},{\"@type\":\"BreadcrumbList\",\"@id\":\"https:\/\/redleafaquascaping.com\/fr\/produit\/seachem-stability\/#breadcrumb\",\"itemListElement\":[{\"@type\":\"ListItem\",\"position\":1,\"name\":\"Home\",\"item\":\"https:\/\/redleafaquascaping.com\/fr\/\"},{\"@type\":\"ListItem\",\"position\":2,\"name\":\"Magasinez\",\"item\":\"https:\/\/redleafaquascaping.com\/fr\/magasinez\/\"},{\"@type\":\"ListItem\",\"position\":3,\"name\":\"Seachem Stability\"}]},{\"@type\":\"WebSite\",\"@id\":\"https:\/\/redleafaquascaping.com\/#website\",\"url\":\"https:\/\/redleafaquascaping.com\/\",\"name\":\"Red Leaf Aquascaping\",\"description\":\"Online Aquascaping Equipment Store\",\"publisher\":{\"@id\":\"https:\/\/redleafaquascaping.com\/#organization\"},\"potentialAction\":[{\"@type\":\"SearchAction\",\"target\":{\"@type\":\"EntryPoint\",\"urlTemplate\":\"https:\/\/redleafaquascaping.com\/?s={search_term_string}\"},\"query-input\":{\"@type\":\"PropertyValueSpecification\",\"valueRequired\":true,\"valueName\":\"search_term_string\"}}],\"inLanguage\":\"fr-FR\"},{\"@type\":\"Organization\",\"@id\":\"https:\/\/redleafaquascaping.com\/#organization\",\"name\":\"Aquascaping Red Leaf\",\"alternateName\":\"Red Leaf\",\"url\":\"https:\/\/redleafaquascaping.com\/\",\"logo\":{\"@type\":\"ImageObject\",\"inLanguage\":\"fr-FR\",\"@id\":\"https:\/\/redleafaquascaping.com\/#\/schema\/logo\/image\/\",\"url\":\"https:\/\/redleafaquascaping.com\/wp-content\/uploads\/2024\/08\/logo-seo.jpg\",\"contentUrl\":\"https:\/\/redleafaquascaping.com\/wp-content\/uploads\/2024\/08\/logo-seo.jpg\",\"width\":696,\"height\":696,\"caption\":\"Aquascaping Red Leaf\"},\"image\":{\"@id\":\"https:\/\/redleafaquascaping.com\/#\/schema\/logo\/image\/\"},\"sameAs\":[\"https:\/\/www.facebook.com\/Redleafaqua\"]}]}<\/script>\n<!-- \/ Yoast SEO plugin. -->","yoast_head_json":{"title":"Seachem Stability | Red Leaf Aquascaping","robots":{"index":"index","follow":"follow","max-snippet":"max-snippet:-1","max-image-preview":"max-image-preview:large","max-video-preview":"max-video-preview:-1"},"canonical":"https:\/\/redleafaquascaping.com\/fr\/produit\/seachem-stability\/","og_locale":"fr_FR","og_type":"article","og_title":"Seachem Stability | Red Leaf Aquascaping","og_description":"Nouveau syst\u00e8me de stabilisation de l'aquarium pour eau de mer et eau douce  \u00c9tablit rapidement et en toute s\u00e9curit\u00e9 un biofiltre  Emp\u00eache le \"syndrome du nouvel aquarium\"  &nbsp;","og_url":"https:\/\/redleafaquascaping.com\/fr\/produit\/seachem-stability\/","og_site_name":"Red Leaf Aquascaping","article_publisher":"https:\/\/www.facebook.com\/Redleafaqua","article_modified_time":"2022-11-17T20:40:35+00:00","og_image":[{"width":400,"height":400,"url":"https:\/\/redleafaquascaping.com\/wp-content\/uploads\/2021\/12\/Stability.png","type":"image\/png"}],"twitter_card":"summary_large_image","twitter_misc":{"Dur\u00e9e de lecture estim\u00e9e":"2 minutes"},"schema":{"@context":"https:\/\/schema.org","@graph":[{"@type":"WebPage","@id":"https:\/\/redleafaquascaping.com\/fr\/produit\/seachem-stability\/","url":"https:\/\/redleafaquascaping.com\/fr\/produit\/seachem-stability\/","name":"Seachem Stability | Red Leaf Aquascaping","isPartOf":{"@id":"https:\/\/redleafaquascaping.com\/#website"},"primaryImageOfPage":{"@id":"https:\/\/redleafaquascaping.com\/fr\/produit\/seachem-stability\/#primaryimage"},"image":{"@id":"https:\/\/redleafaquascaping.com\/fr\/produit\/seachem-stability\/#primaryimage"},"thumbnailUrl":"https:\/\/redleafaquascaping.com\/wp-content\/uploads\/2021\/12\/Stability.png","datePublished":"2022-11-17T20:40:34+00:00","dateModified":"2022-11-17T20:40:35+00:00","breadcrumb":{"@id":"https:\/\/redleafaquascaping.com\/fr\/produit\/seachem-stability\/#breadcrumb"},"inLanguage":"fr-FR","potentialAction":[{"@type":"ReadAction","target":["https:\/\/redleafaquascaping.com\/fr\/produit\/seachem-stability\/"]}]},{"@type":"ImageObject","inLanguage":"fr-FR","@id":"https:\/\/redleafaquascaping.com\/fr\/produit\/seachem-stability\/#primaryimage","url":"https:\/\/redleafaquascaping.com\/wp-content\/uploads\/2021\/12\/Stability.png","contentUrl":"https:\/\/redleafaquascaping.com\/wp-content\/uploads\/2021\/12\/Stability.png","width":400,"height":400},{"@type":"BreadcrumbList","@id":"https:\/\/redleafaquascaping.com\/fr\/produit\/seachem-stability\/#breadcrumb","itemListElement":[{"@type":"ListItem","position":1,"name":"Home","item":"https:\/\/redleafaquascaping.com\/fr\/"},{"@type":"ListItem","position":2,"name":"Magasinez","item":"https:\/\/redleafaquascaping.com\/fr\/magasinez\/"},{"@type":"ListItem","position":3,"name":"Seachem Stability"}]},{"@type":"WebSite","@id":"https:\/\/redleafaquascaping.com\/#website","url":"https:\/\/redleafaquascaping.com\/","name":"Red Leaf Aquascaping","description":"Online Aquascaping Equipment Store","publisher":{"@id":"https:\/\/redleafaquascaping.com\/#organization"},"potentialAction":[{"@type":"SearchAction","target":{"@type":"EntryPoint","urlTemplate":"https:\/\/redleafaquascaping.com\/?s={search_term_string}"},"query-input":{"@type":"PropertyValueSpecification","valueRequired":true,"valueName":"search_term_string"}}],"inLanguage":"fr-FR"},{"@type":"Organization","@id":"https:\/\/redleafaquascaping.com\/#organization","name":"Aquascaping Red Leaf","alternateName":"Red Leaf","url":"https:\/\/redleafaquascaping.com\/","logo":{"@type":"ImageObject","inLanguage":"fr-FR","@id":"https:\/\/redleafaquascaping.com\/#\/schema\/logo\/image\/","url":"https:\/\/redleafaquascaping.com\/wp-content\/uploads\/2024\/08\/logo-seo.jpg","contentUrl":"https:\/\/redleafaquascaping.com\/wp-content\/uploads\/2024\/08\/logo-seo.jpg","width":696,"height":696,"caption":"Aquascaping Red Leaf"},"image":{"@id":"https:\/\/redleafaquascaping.com\/#\/schema\/logo\/image\/"},"sameAs":["https:\/\/www.facebook.com\/Redleafaqua"]}]}},"_links":{"self":[{"href":"https:\/\/redleafaquascaping.com\/fr\/wp-json\/wp\/v2\/product\/9395","targetHints":{"allow":["GET"]}}],"collection":[{"href":"https:\/\/redleafaquascaping.com\/fr\/wp-json\/wp\/v2\/product"}],"about":[{"href":"https:\/\/redleafaquascaping.com\/fr\/wp-json\/wp\/v2\/types\/product"}],"wp:featuredmedia":[{"embeddable":true,"href":"https:\/\/redleafaquascaping.com\/fr\/wp-json\/wp\/v2\/media\/7370"}],"wp:attachment":[{"href":"https:\/\/redleafaquascaping.com\/fr\/wp-json\/wp\/v2\/media?parent=9395"}],"wp:term":[{"taxonomy":"product_brand","embeddable":true,"href":"https:\/\/redleafaquascaping.com\/fr\/wp-json\/wp\/v2\/product_brand?post=9395"},{"taxonomy":"product_cat","embeddable":true,"href":"https:\/\/redleafaquascaping.com\/fr\/wp-json\/wp\/v2\/product_cat?post=9395"},{"taxonomy":"product_tag","embeddable":true,"href":"https:\/\/redleafaquascaping.com\/fr\/wp-json\/wp\/v2\/product_tag?post=9395"}],"curies":[{"name":"wp","href":"https:\/\/api.w.org\/{rel}","templated":true}]}}