{"id":9493,"date":"2022-01-17T11:38:47","date_gmt":"2023-05-02T19:36:58","guid":{"rendered":"https:\/\/redleafaquascaping.com\/?post_type=product&#038;p=9493"},"modified":"2023-11-29T10:25:38","modified_gmt":"2023-11-29T15:25:38","slug":"aquario-neo-co2-recharge","status":"publish","type":"product","link":"https:\/\/redleafaquascaping.com\/fr\/produit\/aquario-neo-co2-recharge\/","title":{"rendered":"Aquario Neo CO2 Recharge"},"content":{"rendered":"<div>\n<p><strong>Recharge Neo CO2 par Aquario<\/strong><\/p>\n<p>La recharge Neo CO2 est destin\u00e9e \u00e0 \u00eatre utilis\u00e9e avec le kit Aquario Neo Co2.<\/p>\n<p>Chaque kit Aquario Neo CO2 peut fournir \u00e0 votre r\u00e9servoir jusqu&rsquo;\u00e0 50 jours de CO2 continu<\/p>\n<p>Veuillez noter que le kit Neo CO2 est vendu s\u00e9par\u00e9ment.<\/p>\n<p><strong>La recharge Neo CO2 comprend<\/strong><\/p>\n<p>1 x milieu de culture Neo CO2<br \/>\n5 x Pack N\u00e9o CO2 Bio<\/p>\n<p>&nbsp;<\/p>\n<p><strong>Pourquoi l&rsquo;injection de CO2 est importante dans un r\u00e9servoir plant\u00e9<\/strong><\/p>\n<p>&nbsp;<\/p>\n<p>Il existe 3 facteurs principaux pour une croissance optimale des plantes aquatiques,<br \/>\nLumi\u00e8re, dioxyde de carbone (CO2) et nutriments.<\/p>\n<p>Le manque ou la carence de l&rsquo;un de ces 3 facteurs entra\u00eenera la croissance d&rsquo;algues ou le fl\u00e9trissement de vos plantes aquatiques. L&rsquo;introduction de CO2 dans un aquarium plant\u00e9 permet aux plantes de prosp\u00e9rer et de cro\u00eetre \u00e0 leur meilleur potentiel, tout en leur donnant la capacit\u00e9 de surpasser les algues.<\/p>\n<p>Quel que soit le type de configuration d&rsquo;aquarium plant\u00e9 que vous avez, nous recommandons l&rsquo;injection de CO2 pour une meilleure croissance des plantes d&rsquo;aquarium.<\/p>\n<p>Les plantes dans la nature ont un acc\u00e8s continu au CO2 illimit\u00e9, \u00e0 l&rsquo;int\u00e9rieur d&rsquo;un aquarium leur acc\u00e8s est d\u00e9fini et limit\u00e9 par les param\u00e8tres de votre r\u00e9servoir, ce qui fait des syst\u00e8mes de CO2 sous pression un \u00e9l\u00e9ment essentiel \u00e0 la croissance des plantes aquatiques<\/p>\n<p><strong>Comment pr\u00e9parer le kit Aquario Neo Co2<\/strong><\/p>\n<p>1. Mettez 300 ml d&rsquo;eau ti\u00e8de (environ 40 ~ 50 \u2103.) dans le r\u00e9cipient.<\/p>\n<p>2. Apr\u00e8s avoir ferm\u00e9 le bouchon, secouez au moins 100 fois jusqu&rsquo;\u00e0 ce que le tout soit bien m\u00e9lang\u00e9.<\/p>\n<p>3. laissez-le reposer \u00e0 temp\u00e9rature ambiante pendant 24 heures, il se transforme en gel\u00e9e.<br \/>\n<strong>NE PAS secouer ni d\u00e9ranger la gel\u00e9e.<\/strong><\/p>\n<p>4. Mettre 2 paquets Neo co2 Bio. (1 pour les r\u00e9servoirs inf\u00e9rieurs \u00e0 10 gallons)<\/p>\n<p>5. Versez lentement 1 tasse (environ 200 ml) d&rsquo;eau ti\u00e8de (40 ~ 50 \u2103.) <strong>NE PAS SECOUER\u00a0!<\/strong><br \/>\nAttendre 10-15 minutes pour que la mousse disparaisse.<br \/>\nNettoyer le col du r\u00e9cipient avant de refermer le bouchon.<br \/>\nAssurez-vous qu&rsquo;aucun m\u00e9lange n&rsquo;est pouss\u00e9 dans la ligne.<\/p>\n<p>6. Placez la rondelle et le capuchon, fermez herm\u00e9tiquement, connectez la ligne de co2 fournie et le diffuseur.<\/p>\n<p>Lorsque vous constatez que moins de CO2 est produit (apr\u00e8s environ 15 \u00e0 20 jours), versez la partie sup\u00e9rieure du compteur<br \/>\nSeulement la section de l&rsquo;eau, <strong>NE PAS jeter la gel\u00e9e.<\/strong><br \/>\nR\u00e9p\u00e9tez les \u00e9tapes 4 \u00e0 6.<\/p>\n<\/div>\n","protected":false},"excerpt":{"rendered":"<ul>\n<li>Dure jusqu&rsquo;\u00e0 50 jours<\/li>\n<\/ul>\n","protected":false},"featured_media":7833,"template":"","meta":{"site-sidebar-layout":"default","site-content-layout":"default","ast-site-content-layout":"default","site-content-style":"default","site-sidebar-style":"default","ast-global-header-display":"","ast-banner-title-visibility":"","ast-main-header-display":"","ast-hfb-above-header-display":"","ast-hfb-below-header-display":"","ast-hfb-mobile-header-display":"","site-post-title":"","ast-breadcrumbs-content":"","ast-featured-img":"","footer-sml-layout":"","ast-disable-related-posts":"","theme-transparent-header-meta":"default","adv-header-id-meta":"","stick-header-meta":"","header-above-stick-meta":"","header-main-stick-meta":"","header-below-stick-meta":"","astra-migrate-meta-layouts":"set","ast-page-background-enabled":"default","ast-page-background-meta":{"desktop":{"background-color":"","background-image":"","background-repeat":"repeat","background-position":"center center","background-size":"auto","background-attachment":"scroll","background-type":"","background-media":"","overlay-type":"","overlay-color":"","overlay-opacity":"","overlay-gradient":""},"tablet":{"background-color":"","background-image":"","background-repeat":"repeat","background-position":"center center","background-size":"auto","background-attachment":"scroll","background-type":"","background-media":"","overlay-type":"","overlay-color":"","overlay-opacity":"","overlay-gradient":""},"mobile":{"background-color":"","background-image":"","background-repeat":"repeat","background-position":"center center","background-size":"auto","background-attachment":"scroll","background-type":"","background-media":"","overlay-type":"","overlay-color":"","overlay-opacity":"","overlay-gradient":""}},"ast-content-background-meta":{"desktop":{"background-color":"var(--ast-global-color-5)","background-image":"","background-repeat":"repeat","background-position":"center center","background-size":"auto","background-attachment":"scroll","background-type":"","background-media":"","overlay-type":"","overlay-color":"","overlay-opacity":"","overlay-gradient":""},"tablet":{"background-color":"var(--ast-global-color-5)","background-image":"","background-repeat":"repeat","background-position":"center center","background-size":"auto","background-attachment":"scroll","background-type":"","background-media":"","overlay-type":"","overlay-color":"","overlay-opacity":"","overlay-gradient":""},"mobile":{"background-color":"var(--ast-global-color-5)","background-image":"","background-repeat":"repeat","background-position":"center center","background-size":"auto","background-attachment":"scroll","background-type":"","background-media":"","overlay-type":"","overlay-color":"","overlay-opacity":"","overlay-gradient":""}}},"product_brand":[],"product_cat":[1365,484,469],"product_tag":[1125,1107],"class_list":{"0":"post-9493","1":"product","2":"type-product","3":"status-publish","4":"has-post-thumbnail","6":"product_cat-aquario","7":"product_cat-divers-co2","8":"product_cat-systemes-de-co2","9":"product_tag-aquario-fr","10":"product_tag-co2-fr","11":"desktop-align-left","12":"tablet-align-left","13":"mobile-align-left","14":"ast-product-gallery-layout-horizontal-slider","15":"ast-product-gallery-with-no-image","16":"ast-product-tabs-layout-horizontal","18":"first","19":"instock","20":"taxable","21":"shipping-taxable","22":"purchasable","23":"product-type-simple"},"yoast_head":"<!-- This site is optimized with the Yoast SEO plugin v27.2 - https:\/\/yoast.com\/product\/yoast-seo-wordpress\/ -->\n<title>Aquario Neo CO2 Recharge | Red Leaf Aquascaping<\/title>\n<meta name=\"robots\" content=\"index, follow, max-snippet:-1, max-image-preview:large, max-video-preview:-1\" \/>\n<link rel=\"canonical\" href=\"https:\/\/redleafaquascaping.com\/fr\/produit\/aquario-neo-co2-recharge\/\" \/>\n<meta property=\"og:locale\" content=\"fr_FR\" \/>\n<meta property=\"og:type\" content=\"article\" \/>\n<meta property=\"og:title\" content=\"Aquario Neo CO2 Recharge | Red Leaf Aquascaping\" \/>\n<meta property=\"og:description\" content=\"Dure jusqu&#039;\u00e0 50 jours\" \/>\n<meta property=\"og:url\" content=\"https:\/\/redleafaquascaping.com\/fr\/produit\/aquario-neo-co2-recharge\/\" \/>\n<meta property=\"og:site_name\" content=\"Red Leaf Aquascaping\" \/>\n<meta property=\"article:publisher\" content=\"https:\/\/www.facebook.com\/Redleafaqua\" \/>\n<meta property=\"article:modified_time\" content=\"2023-11-29T15:25:38+00:00\" \/>\n<meta property=\"og:image\" content=\"https:\/\/redleafaquascaping.com\/wp-content\/uploads\/2022\/01\/NeoRefill_600x.jpg\" \/>\n\t<meta property=\"og:image:width\" content=\"600\" \/>\n\t<meta property=\"og:image:height\" content=\"600\" \/>\n\t<meta property=\"og:image:type\" content=\"image\/jpeg\" \/>\n<meta name=\"twitter:card\" content=\"summary_large_image\" \/>\n<meta name=\"twitter:label1\" content=\"Dur\u00e9e de lecture estim\u00e9e\" \/>\n\t<meta name=\"twitter:data1\" content=\"2 minutes\" \/>\n<script type=\"application\/ld+json\" class=\"yoast-schema-graph\">{\"@context\":\"https:\/\/schema.org\",\"@graph\":[{\"@type\":\"WebPage\",\"@id\":\"https:\/\/redleafaquascaping.com\/fr\/produit\/aquario-neo-co2-recharge\/\",\"url\":\"https:\/\/redleafaquascaping.com\/fr\/produit\/aquario-neo-co2-recharge\/\",\"name\":\"Aquario Neo CO2 Recharge | Red Leaf Aquascaping\",\"isPartOf\":{\"@id\":\"https:\/\/redleafaquascaping.com\/#website\"},\"primaryImageOfPage\":{\"@id\":\"https:\/\/redleafaquascaping.com\/fr\/produit\/aquario-neo-co2-recharge\/#primaryimage\"},\"image\":{\"@id\":\"https:\/\/redleafaquascaping.com\/fr\/produit\/aquario-neo-co2-recharge\/#primaryimage\"},\"thumbnailUrl\":\"https:\/\/redleafaquascaping.com\/wp-content\/uploads\/2022\/01\/NeoRefill_600x.jpg\",\"datePublished\":\"2023-05-02T19:36:58+00:00\",\"dateModified\":\"2023-11-29T15:25:38+00:00\",\"breadcrumb\":{\"@id\":\"https:\/\/redleafaquascaping.com\/fr\/produit\/aquario-neo-co2-recharge\/#breadcrumb\"},\"inLanguage\":\"fr-FR\",\"potentialAction\":[{\"@type\":\"ReadAction\",\"target\":[\"https:\/\/redleafaquascaping.com\/fr\/produit\/aquario-neo-co2-recharge\/\"]}]},{\"@type\":\"ImageObject\",\"inLanguage\":\"fr-FR\",\"@id\":\"https:\/\/redleafaquascaping.com\/fr\/produit\/aquario-neo-co2-recharge\/#primaryimage\",\"url\":\"https:\/\/redleafaquascaping.com\/wp-content\/uploads\/2022\/01\/NeoRefill_600x.jpg\",\"contentUrl\":\"https:\/\/redleafaquascaping.com\/wp-content\/uploads\/2022\/01\/NeoRefill_600x.jpg\",\"width\":600,\"height\":600},{\"@type\":\"BreadcrumbList\",\"@id\":\"https:\/\/redleafaquascaping.com\/fr\/produit\/aquario-neo-co2-recharge\/#breadcrumb\",\"itemListElement\":[{\"@type\":\"ListItem\",\"position\":1,\"name\":\"Home\",\"item\":\"https:\/\/redleafaquascaping.com\/fr\/\"},{\"@type\":\"ListItem\",\"position\":2,\"name\":\"Magasinez\",\"item\":\"https:\/\/redleafaquascaping.com\/fr\/magasinez\/\"},{\"@type\":\"ListItem\",\"position\":3,\"name\":\"Aquario Neo CO2 Recharge\"}]},{\"@type\":\"WebSite\",\"@id\":\"https:\/\/redleafaquascaping.com\/#website\",\"url\":\"https:\/\/redleafaquascaping.com\/\",\"name\":\"Red Leaf Aquascaping\",\"description\":\"Online Aquascaping Equipment Store\",\"publisher\":{\"@id\":\"https:\/\/redleafaquascaping.com\/#organization\"},\"potentialAction\":[{\"@type\":\"SearchAction\",\"target\":{\"@type\":\"EntryPoint\",\"urlTemplate\":\"https:\/\/redleafaquascaping.com\/?s={search_term_string}\"},\"query-input\":{\"@type\":\"PropertyValueSpecification\",\"valueRequired\":true,\"valueName\":\"search_term_string\"}}],\"inLanguage\":\"fr-FR\"},{\"@type\":\"Organization\",\"@id\":\"https:\/\/redleafaquascaping.com\/#organization\",\"name\":\"Aquascaping Red Leaf\",\"alternateName\":\"Red Leaf\",\"url\":\"https:\/\/redleafaquascaping.com\/\",\"logo\":{\"@type\":\"ImageObject\",\"inLanguage\":\"fr-FR\",\"@id\":\"https:\/\/redleafaquascaping.com\/#\/schema\/logo\/image\/\",\"url\":\"https:\/\/redleafaquascaping.com\/wp-content\/uploads\/2024\/08\/logo-seo.jpg\",\"contentUrl\":\"https:\/\/redleafaquascaping.com\/wp-content\/uploads\/2024\/08\/logo-seo.jpg\",\"width\":696,\"height\":696,\"caption\":\"Aquascaping Red Leaf\"},\"image\":{\"@id\":\"https:\/\/redleafaquascaping.com\/#\/schema\/logo\/image\/\"},\"sameAs\":[\"https:\/\/www.facebook.com\/Redleafaqua\"]}]}<\/script>\n<!-- \/ Yoast SEO plugin. -->","yoast_head_json":{"title":"Aquario Neo CO2 Recharge | Red Leaf Aquascaping","robots":{"index":"index","follow":"follow","max-snippet":"max-snippet:-1","max-image-preview":"max-image-preview:large","max-video-preview":"max-video-preview:-1"},"canonical":"https:\/\/redleafaquascaping.com\/fr\/produit\/aquario-neo-co2-recharge\/","og_locale":"fr_FR","og_type":"article","og_title":"Aquario Neo CO2 Recharge | Red Leaf Aquascaping","og_description":"Dure jusqu'\u00e0 50 jours","og_url":"https:\/\/redleafaquascaping.com\/fr\/produit\/aquario-neo-co2-recharge\/","og_site_name":"Red Leaf Aquascaping","article_publisher":"https:\/\/www.facebook.com\/Redleafaqua","article_modified_time":"2023-11-29T15:25:38+00:00","og_image":[{"width":600,"height":600,"url":"https:\/\/redleafaquascaping.com\/wp-content\/uploads\/2022\/01\/NeoRefill_600x.jpg","type":"image\/jpeg"}],"twitter_card":"summary_large_image","twitter_misc":{"Dur\u00e9e de lecture estim\u00e9e":"2 minutes"},"schema":{"@context":"https:\/\/schema.org","@graph":[{"@type":"WebPage","@id":"https:\/\/redleafaquascaping.com\/fr\/produit\/aquario-neo-co2-recharge\/","url":"https:\/\/redleafaquascaping.com\/fr\/produit\/aquario-neo-co2-recharge\/","name":"Aquario Neo CO2 Recharge | Red Leaf Aquascaping","isPartOf":{"@id":"https:\/\/redleafaquascaping.com\/#website"},"primaryImageOfPage":{"@id":"https:\/\/redleafaquascaping.com\/fr\/produit\/aquario-neo-co2-recharge\/#primaryimage"},"image":{"@id":"https:\/\/redleafaquascaping.com\/fr\/produit\/aquario-neo-co2-recharge\/#primaryimage"},"thumbnailUrl":"https:\/\/redleafaquascaping.com\/wp-content\/uploads\/2022\/01\/NeoRefill_600x.jpg","datePublished":"2023-05-02T19:36:58+00:00","dateModified":"2023-11-29T15:25:38+00:00","breadcrumb":{"@id":"https:\/\/redleafaquascaping.com\/fr\/produit\/aquario-neo-co2-recharge\/#breadcrumb"},"inLanguage":"fr-FR","potentialAction":[{"@type":"ReadAction","target":["https:\/\/redleafaquascaping.com\/fr\/produit\/aquario-neo-co2-recharge\/"]}]},{"@type":"ImageObject","inLanguage":"fr-FR","@id":"https:\/\/redleafaquascaping.com\/fr\/produit\/aquario-neo-co2-recharge\/#primaryimage","url":"https:\/\/redleafaquascaping.com\/wp-content\/uploads\/2022\/01\/NeoRefill_600x.jpg","contentUrl":"https:\/\/redleafaquascaping.com\/wp-content\/uploads\/2022\/01\/NeoRefill_600x.jpg","width":600,"height":600},{"@type":"BreadcrumbList","@id":"https:\/\/redleafaquascaping.com\/fr\/produit\/aquario-neo-co2-recharge\/#breadcrumb","itemListElement":[{"@type":"ListItem","position":1,"name":"Home","item":"https:\/\/redleafaquascaping.com\/fr\/"},{"@type":"ListItem","position":2,"name":"Magasinez","item":"https:\/\/redleafaquascaping.com\/fr\/magasinez\/"},{"@type":"ListItem","position":3,"name":"Aquario Neo CO2 Recharge"}]},{"@type":"WebSite","@id":"https:\/\/redleafaquascaping.com\/#website","url":"https:\/\/redleafaquascaping.com\/","name":"Red Leaf Aquascaping","description":"Online Aquascaping Equipment Store","publisher":{"@id":"https:\/\/redleafaquascaping.com\/#organization"},"potentialAction":[{"@type":"SearchAction","target":{"@type":"EntryPoint","urlTemplate":"https:\/\/redleafaquascaping.com\/?s={search_term_string}"},"query-input":{"@type":"PropertyValueSpecification","valueRequired":true,"valueName":"search_term_string"}}],"inLanguage":"fr-FR"},{"@type":"Organization","@id":"https:\/\/redleafaquascaping.com\/#organization","name":"Aquascaping Red Leaf","alternateName":"Red Leaf","url":"https:\/\/redleafaquascaping.com\/","logo":{"@type":"ImageObject","inLanguage":"fr-FR","@id":"https:\/\/redleafaquascaping.com\/#\/schema\/logo\/image\/","url":"https:\/\/redleafaquascaping.com\/wp-content\/uploads\/2024\/08\/logo-seo.jpg","contentUrl":"https:\/\/redleafaquascaping.com\/wp-content\/uploads\/2024\/08\/logo-seo.jpg","width":696,"height":696,"caption":"Aquascaping Red Leaf"},"image":{"@id":"https:\/\/redleafaquascaping.com\/#\/schema\/logo\/image\/"},"sameAs":["https:\/\/www.facebook.com\/Redleafaqua"]}]}},"_links":{"self":[{"href":"https:\/\/redleafaquascaping.com\/fr\/wp-json\/wp\/v2\/product\/9493","targetHints":{"allow":["GET"]}}],"collection":[{"href":"https:\/\/redleafaquascaping.com\/fr\/wp-json\/wp\/v2\/product"}],"about":[{"href":"https:\/\/redleafaquascaping.com\/fr\/wp-json\/wp\/v2\/types\/product"}],"wp:featuredmedia":[{"embeddable":true,"href":"https:\/\/redleafaquascaping.com\/fr\/wp-json\/wp\/v2\/media\/7833"}],"wp:attachment":[{"href":"https:\/\/redleafaquascaping.com\/fr\/wp-json\/wp\/v2\/media?parent=9493"}],"wp:term":[{"taxonomy":"product_brand","embeddable":true,"href":"https:\/\/redleafaquascaping.com\/fr\/wp-json\/wp\/v2\/product_brand?post=9493"},{"taxonomy":"product_cat","embeddable":true,"href":"https:\/\/redleafaquascaping.com\/fr\/wp-json\/wp\/v2\/product_cat?post=9493"},{"taxonomy":"product_tag","embeddable":true,"href":"https:\/\/redleafaquascaping.com\/fr\/wp-json\/wp\/v2\/product_tag?post=9493"}],"curies":[{"name":"wp","href":"https:\/\/api.w.org\/{rel}","templated":true}]}}