{"id":9499,"date":"2022-01-17T11:34:55","date_gmt":"2023-05-03T18:21:33","guid":{"rendered":"https:\/\/redleafaquascaping.com\/?post_type=product&#038;p=9499"},"modified":"2023-05-03T14:21:33","modified_gmt":"2023-05-03T18:21:33","slug":"aquario-neo-co2-kit","status":"publish","type":"product","link":"https:\/\/redleafaquascaping.com\/fr\/produit\/aquario-neo-co2-kit\/","title":{"rendered":"Aquario Neo CO2 Kit"},"content":{"rendered":"<p><strong>N\u00e9o CO2 Kit par Aquario<\/strong><br \/>\nLa solution la plus simple et la plus \u00e9conomique pour introduire du CO2 sous pression dans votre bac plant\u00e9.<br \/>\nDes instructions de configuration faciles ainsi que tout l&rsquo;\u00e9quipement n\u00e9cessaire font du kit Aquario Neo CO2 une solution id\u00e9ale pour les r\u00e9servoirs plant\u00e9s jusqu&rsquo;\u00e0 30 gallons et pour ceux qui commencent tout juste \u00e0 utiliser du CO2 sous pression.<br \/>\nChaque kit Aquario Neo CO2 peut fournir \u00e0 votre r\u00e9servoir jusqu&rsquo;\u00e0 50 jours de CO2 continu.<\/p>\n<p><strong>Le kit Aquario Neo CO2 comprend<\/strong><\/p>\n<p>1 x Flacon Neo CO2 rempli de milieu de culture<br \/>\n5 x Pack N\u00e9o CO2 Bio<br \/>\n1 x diffuseur de CO2 Aquario Neo<br \/>\n1 tube<br \/>\n2 x ventouses<br \/>\n1 x joint torique<br \/>\n1 bouchon de bouteille.<\/p>\n<p><strong>Pourquoi l&rsquo;injection de CO2 est importante dans un bac plant\u00e9<\/strong><\/p>\n<p>Il existe 3 facteurs principaux pour une croissance optimale des plantes aquatiques,<br \/>\nLumi\u00e8re, dioxyde de carbone (CO2) et nutriments.<br \/>\nLe manque ou la carence de l&rsquo;un de ces 3 facteurs entra\u00eenera la croissance d&rsquo;algues ou le fl\u00e9trissement de vos plantes aquatiques. L&rsquo;introduction de CO2 dans un aquarium plant\u00e9 permet aux plantes de prosp\u00e9rer et de cro\u00eetre \u00e0 leur meilleur potentiel, tout en leur donnant la capacit\u00e9 de surpasser les algues.<br \/>\nQuel que soit le type de configuration d&rsquo;aquarium plant\u00e9 que vous avez, nous recommandons l&rsquo;injection de CO2 pour une meilleure croissance des plantes d&rsquo;aquarium.<br \/>\nLes plantes dans la nature ont un acc\u00e8s continu au CO2 illimit\u00e9, \u00e0 l&rsquo;int\u00e9rieur d&rsquo;un aquarium leur acc\u00e8s est d\u00e9fini et limit\u00e9 par les param\u00e8tres de votre r\u00e9servoir, ce qui fait des syst\u00e8mes de CO2 sous pression un \u00e9l\u00e9ment essentiel \u00e0 la croissance des plantes aquatiques<\/p>\n<p>&nbsp;<\/p>\n<p><strong>Comment pr\u00e9parer votre kit Aquario Neo Co2<\/strong><\/p>\n<p>1. Mettez 300 ml d&rsquo;eau ti\u00e8de (environ 40 ~ 50 \u2103.) dans le r\u00e9cipient.<br \/>\n2. Apr\u00e8s avoir ferm\u00e9 le bouchon, secouez au moins 100 fois jusqu&rsquo;\u00e0 ce que le tout soit bien m\u00e9lang\u00e9.<br \/>\n3. laissez-le reposer \u00e0 temp\u00e9rature ambiante pendant 24 heures, il se transforme en gel\u00e9e.<br \/>\n<strong>NE PAS secouer ni d\u00e9ranger la gel\u00e9e.<\/strong><br \/>\n4. Mettre en 2 colis Neo co2 Bio. (1 pour les r\u00e9servoirs inf\u00e9rieurs \u00e0 10 gallons)<br \/>\n5. Versez lentement 1 tasse (environ 200 ml) d&rsquo;eau ti\u00e8de (40 ~ 50 \u2103.) <strong>NE PAS SECOUER\u00a0!<\/strong><br \/>\nAttendre 10-15 minutes pour que la mousse disparaisse.<br \/>\nNettoyer le col du r\u00e9cipient avant de refermer le bouchon.<br \/>\nAssurez-vous qu&rsquo;aucun m\u00e9lange n&rsquo;est pouss\u00e9 dans la ligne.<br \/>\n6. Placez la rondelle et le capuchon, fermez herm\u00e9tiquement, connectez la ligne de co2 fournie et le diffuseur.<br \/>\nLorsque vous constatez que moins de CO2 est produit (apr\u00e8s environ 15 \u00e0 20 jours), versez la partie sup\u00e9rieure du compteur<br \/>\nSeulement la section de l&rsquo;eau, <strong>NE PAS jeter la gel\u00e9e.<\/strong><br \/>\nR\u00e9p\u00e9tez les \u00e9tapes 4 \u00e0 6.<\/p>\n<p><a href=\"https:\/\/youtu.be\/vJQAo9qApIQ\">Comment pr\u00e9parer le kit Aquario Neo CO2. (VID\u00c9O)<\/a><\/p>\n<p>Notes IMPORTANTES<br \/>\n\u2022 Faites tremper votre diffuseur dans de l&rsquo;eau ti\u00e8de pendant 30 min avant utilisation.<br \/>\n\u2022 Placez le r\u00e9cipient \u00e0 c\u00f4t\u00e9 ou en dessous du r\u00e9servoir.<br \/>\n\u2022 La temp\u00e9rature de travail id\u00e9ale est de 20~30\u2103.<br \/>\n\u2022 Aucun Co2 n&rsquo;est produit, soufflez 15\u2103.<br \/>\n\u2022 N&rsquo;utilisez pas de valve pour arr\u00eater le co2, cela peut endommager le r\u00e9cipient<br \/>\n\u2022 Utiliser avec une pompe \u00e0 air pour les r\u00e9servoirs tr\u00e8s remplis ou les r\u00e9servoirs de moins de 12 gallons pour \u00e9viter l&rsquo;\u00e9touffement des poissons pendant la nuit.<br \/>\n\u2022 Chaque bouteille durera 40 \u00e0 50 jours en fonction de la temp\u00e9rature, puis r\u00e9initialisez avec le kit de recharge disponible.<br \/>\nCe qui rend Neo CO2 diff\u00e9rent<\/p>\n<p><strong>1. Top-fermentation<\/strong><br \/>\nLe n\u00e9o CO2 est ferment\u00e9 uniquement du c\u00f4t\u00e9 de la gel\u00e9e et de l&rsquo;eau, ce qui prolonge la production de la bonne quantit\u00e9 de CO2, car le micro-organisme mange la gel\u00e9e nutritionnelle de haut en bas.<br \/>\n<strong>2. Technologie de stabilisation pour bact\u00e9ries et milieu de culture sp\u00e9cial<\/strong><br \/>\nGr\u00e2ce \u00e0 la haute technologie d&rsquo;AQUARIO Co., Neo CO2 a d\u00e9velopp\u00e9\/introduit la technologie de stabilisation des bact\u00e9ries, maintient la production de Co2 environ 50 jours.<br \/>\n<strong>3. R\u00e9utilisable<\/strong><br \/>\nVous pouvez acheter le kit de recharge disponible et r\u00e9utiliser votre kit Aquario Neo Co2 pendant tr\u00e8s longtemps<br \/>\n<strong>4. Accessoires d\u00e9licats<\/strong><br \/>\nLe kit Aquario Neo CO2 est livr\u00e9 avec tout le n\u00e9cessaire pour vous aider \u00e0 d\u00e9marrer avec le CO2 sous pression.<br \/>\n<strong>5. Diffuseur en c\u00e9ramique exclusif<\/strong><br \/>\nNeo CO2 offre un diffuseur en c\u00e9ramique exclusif, qui aide \u00e0 faire des bulles de Co2 sophistiqu\u00e9es<\/p>\n","protected":false},"excerpt":{"rendered":"<ul>\n<li>Lib\u00e9ration constante de CO2<\/li>\n<li>Livr\u00e9 avec diffuseur et tube<\/li>\n<li>Diffuseur en verre acrylique<\/li>\n<li>Produit les plus fines bulles de CO2<\/li>\n<li>Apr\u00e8s 24 \u00e0 48 heures, la production de CO2 commence<\/li>\n<\/ul>\n","protected":false},"featured_media":7828,"template":"","meta":{"site-sidebar-layout":"default","site-content-layout":"","ast-site-content-layout":"default","site-content-style":"default","site-sidebar-style":"default","ast-global-header-display":"","ast-banner-title-visibility":"","ast-main-header-display":"","ast-hfb-above-header-display":"","ast-hfb-below-header-display":"","ast-hfb-mobile-header-display":"","site-post-title":"","ast-breadcrumbs-content":"","ast-featured-img":"","footer-sml-layout":"","ast-disable-related-posts":"","theme-transparent-header-meta":"","adv-header-id-meta":"","stick-header-meta":"","header-above-stick-meta":"","header-main-stick-meta":"","header-below-stick-meta":"","astra-migrate-meta-layouts":"default","ast-page-background-enabled":"default","ast-page-background-meta":{"desktop":{"background-color":"","background-image":"","background-repeat":"repeat","background-position":"center center","background-size":"auto","background-attachment":"scroll","background-type":"","background-media":"","overlay-type":"","overlay-color":"","overlay-opacity":"","overlay-gradient":""},"tablet":{"background-color":"","background-image":"","background-repeat":"repeat","background-position":"center center","background-size":"auto","background-attachment":"scroll","background-type":"","background-media":"","overlay-type":"","overlay-color":"","overlay-opacity":"","overlay-gradient":""},"mobile":{"background-color":"","background-image":"","background-repeat":"repeat","background-position":"center center","background-size":"auto","background-attachment":"scroll","background-type":"","background-media":"","overlay-type":"","overlay-color":"","overlay-opacity":"","overlay-gradient":""}},"ast-content-background-meta":{"desktop":{"background-color":"var(--ast-global-color-5)","background-image":"","background-repeat":"repeat","background-position":"center center","background-size":"auto","background-attachment":"scroll","background-type":"","background-media":"","overlay-type":"","overlay-color":"","overlay-opacity":"","overlay-gradient":""},"tablet":{"background-color":"var(--ast-global-color-5)","background-image":"","background-repeat":"repeat","background-position":"center center","background-size":"auto","background-attachment":"scroll","background-type":"","background-media":"","overlay-type":"","overlay-color":"","overlay-opacity":"","overlay-gradient":""},"mobile":{"background-color":"var(--ast-global-color-5)","background-image":"","background-repeat":"repeat","background-position":"center center","background-size":"auto","background-attachment":"scroll","background-type":"","background-media":"","overlay-type":"","overlay-color":"","overlay-opacity":"","overlay-gradient":""}}},"product_brand":[],"product_cat":[1365,484,469],"product_tag":[1125,1113],"class_list":{"0":"post-9499","1":"product","2":"type-product","3":"status-publish","4":"has-post-thumbnail","6":"product_cat-aquario","7":"product_cat-divers-co2","8":"product_cat-systemes-de-co2","9":"product_tag-aquario-fr","10":"product_tag-neo-fr","11":"desktop-align-left","12":"tablet-align-left","13":"mobile-align-left","14":"ast-product-gallery-layout-horizontal-slider","15":"ast-product-tabs-layout-horizontal","17":"first","18":"instock","19":"taxable","20":"shipping-taxable","21":"purchasable","22":"product-type-simple"},"yoast_head":"<!-- This site is optimized with the Yoast SEO plugin v27.2 - https:\/\/yoast.com\/product\/yoast-seo-wordpress\/ -->\n<title>Aquario Neo CO2 Kit | Red Leaf Aquascaping<\/title>\n<meta name=\"robots\" content=\"index, follow, max-snippet:-1, max-image-preview:large, max-video-preview:-1\" \/>\n<link rel=\"canonical\" href=\"https:\/\/redleafaquascaping.com\/fr\/produit\/aquario-neo-co2-kit\/\" \/>\n<meta property=\"og:locale\" content=\"fr_FR\" \/>\n<meta property=\"og:type\" content=\"article\" \/>\n<meta property=\"og:title\" content=\"Aquario Neo CO2 Kit | Red Leaf Aquascaping\" \/>\n<meta property=\"og:description\" content=\"Lib\u00e9ration constante de CO2  Livr\u00e9 avec diffuseur et tube  Diffuseur en verre acrylique  Produit les plus fines bulles de CO2  Apr\u00e8s 24 \u00e0 48 heures, la production de CO2 commence\" \/>\n<meta property=\"og:url\" content=\"https:\/\/redleafaquascaping.com\/fr\/produit\/aquario-neo-co2-kit\/\" \/>\n<meta property=\"og:site_name\" content=\"Red Leaf Aquascaping\" \/>\n<meta property=\"article:publisher\" content=\"https:\/\/www.facebook.com\/Redleafaqua\" \/>\n<meta property=\"og:image\" content=\"https:\/\/redleafaquascaping.com\/wp-content\/uploads\/2022\/01\/NeoCo2_600x.jpg\" \/>\n\t<meta property=\"og:image:width\" content=\"600\" \/>\n\t<meta property=\"og:image:height\" content=\"600\" \/>\n\t<meta property=\"og:image:type\" content=\"image\/jpeg\" \/>\n<meta name=\"twitter:card\" content=\"summary_large_image\" \/>\n<meta name=\"twitter:label1\" content=\"Dur\u00e9e de lecture estim\u00e9e\" \/>\n\t<meta name=\"twitter:data1\" content=\"4 minutes\" \/>\n<script type=\"application\/ld+json\" class=\"yoast-schema-graph\">{\"@context\":\"https:\/\/schema.org\",\"@graph\":[{\"@type\":\"WebPage\",\"@id\":\"https:\/\/redleafaquascaping.com\/fr\/produit\/aquario-neo-co2-kit\/\",\"url\":\"https:\/\/redleafaquascaping.com\/fr\/produit\/aquario-neo-co2-kit\/\",\"name\":\"Aquario Neo CO2 Kit | Red Leaf Aquascaping\",\"isPartOf\":{\"@id\":\"https:\/\/redleafaquascaping.com\/#website\"},\"primaryImageOfPage\":{\"@id\":\"https:\/\/redleafaquascaping.com\/fr\/produit\/aquario-neo-co2-kit\/#primaryimage\"},\"image\":{\"@id\":\"https:\/\/redleafaquascaping.com\/fr\/produit\/aquario-neo-co2-kit\/#primaryimage\"},\"thumbnailUrl\":\"https:\/\/redleafaquascaping.com\/wp-content\/uploads\/2022\/01\/NeoCo2_600x.jpg\",\"datePublished\":\"2023-05-03T18:21:33+00:00\",\"breadcrumb\":{\"@id\":\"https:\/\/redleafaquascaping.com\/fr\/produit\/aquario-neo-co2-kit\/#breadcrumb\"},\"inLanguage\":\"fr-FR\",\"potentialAction\":[{\"@type\":\"ReadAction\",\"target\":[\"https:\/\/redleafaquascaping.com\/fr\/produit\/aquario-neo-co2-kit\/\"]}]},{\"@type\":\"ImageObject\",\"inLanguage\":\"fr-FR\",\"@id\":\"https:\/\/redleafaquascaping.com\/fr\/produit\/aquario-neo-co2-kit\/#primaryimage\",\"url\":\"https:\/\/redleafaquascaping.com\/wp-content\/uploads\/2022\/01\/NeoCo2_600x.jpg\",\"contentUrl\":\"https:\/\/redleafaquascaping.com\/wp-content\/uploads\/2022\/01\/NeoCo2_600x.jpg\",\"width\":600,\"height\":600},{\"@type\":\"BreadcrumbList\",\"@id\":\"https:\/\/redleafaquascaping.com\/fr\/produit\/aquario-neo-co2-kit\/#breadcrumb\",\"itemListElement\":[{\"@type\":\"ListItem\",\"position\":1,\"name\":\"Home\",\"item\":\"https:\/\/redleafaquascaping.com\/fr\/\"},{\"@type\":\"ListItem\",\"position\":2,\"name\":\"Magasinez\",\"item\":\"https:\/\/redleafaquascaping.com\/fr\/magasinez\/\"},{\"@type\":\"ListItem\",\"position\":3,\"name\":\"Aquario Neo CO2 Kit\"}]},{\"@type\":\"WebSite\",\"@id\":\"https:\/\/redleafaquascaping.com\/#website\",\"url\":\"https:\/\/redleafaquascaping.com\/\",\"name\":\"Red Leaf Aquascaping\",\"description\":\"Online Aquascaping Equipment Store\",\"publisher\":{\"@id\":\"https:\/\/redleafaquascaping.com\/#organization\"},\"potentialAction\":[{\"@type\":\"SearchAction\",\"target\":{\"@type\":\"EntryPoint\",\"urlTemplate\":\"https:\/\/redleafaquascaping.com\/?s={search_term_string}\"},\"query-input\":{\"@type\":\"PropertyValueSpecification\",\"valueRequired\":true,\"valueName\":\"search_term_string\"}}],\"inLanguage\":\"fr-FR\"},{\"@type\":\"Organization\",\"@id\":\"https:\/\/redleafaquascaping.com\/#organization\",\"name\":\"Aquascaping Red Leaf\",\"alternateName\":\"Red Leaf\",\"url\":\"https:\/\/redleafaquascaping.com\/\",\"logo\":{\"@type\":\"ImageObject\",\"inLanguage\":\"fr-FR\",\"@id\":\"https:\/\/redleafaquascaping.com\/#\/schema\/logo\/image\/\",\"url\":\"https:\/\/redleafaquascaping.com\/wp-content\/uploads\/2024\/08\/logo-seo.jpg\",\"contentUrl\":\"https:\/\/redleafaquascaping.com\/wp-content\/uploads\/2024\/08\/logo-seo.jpg\",\"width\":696,\"height\":696,\"caption\":\"Aquascaping Red Leaf\"},\"image\":{\"@id\":\"https:\/\/redleafaquascaping.com\/#\/schema\/logo\/image\/\"},\"sameAs\":[\"https:\/\/www.facebook.com\/Redleafaqua\"]}]}<\/script>\n<!-- \/ Yoast SEO plugin. -->","yoast_head_json":{"title":"Aquario Neo CO2 Kit | Red Leaf Aquascaping","robots":{"index":"index","follow":"follow","max-snippet":"max-snippet:-1","max-image-preview":"max-image-preview:large","max-video-preview":"max-video-preview:-1"},"canonical":"https:\/\/redleafaquascaping.com\/fr\/produit\/aquario-neo-co2-kit\/","og_locale":"fr_FR","og_type":"article","og_title":"Aquario Neo CO2 Kit | Red Leaf Aquascaping","og_description":"Lib\u00e9ration constante de CO2  Livr\u00e9 avec diffuseur et tube  Diffuseur en verre acrylique  Produit les plus fines bulles de CO2  Apr\u00e8s 24 \u00e0 48 heures, la production de CO2 commence","og_url":"https:\/\/redleafaquascaping.com\/fr\/produit\/aquario-neo-co2-kit\/","og_site_name":"Red Leaf Aquascaping","article_publisher":"https:\/\/www.facebook.com\/Redleafaqua","og_image":[{"width":600,"height":600,"url":"https:\/\/redleafaquascaping.com\/wp-content\/uploads\/2022\/01\/NeoCo2_600x.jpg","type":"image\/jpeg"}],"twitter_card":"summary_large_image","twitter_misc":{"Dur\u00e9e de lecture estim\u00e9e":"4 minutes"},"schema":{"@context":"https:\/\/schema.org","@graph":[{"@type":"WebPage","@id":"https:\/\/redleafaquascaping.com\/fr\/produit\/aquario-neo-co2-kit\/","url":"https:\/\/redleafaquascaping.com\/fr\/produit\/aquario-neo-co2-kit\/","name":"Aquario Neo CO2 Kit | Red Leaf Aquascaping","isPartOf":{"@id":"https:\/\/redleafaquascaping.com\/#website"},"primaryImageOfPage":{"@id":"https:\/\/redleafaquascaping.com\/fr\/produit\/aquario-neo-co2-kit\/#primaryimage"},"image":{"@id":"https:\/\/redleafaquascaping.com\/fr\/produit\/aquario-neo-co2-kit\/#primaryimage"},"thumbnailUrl":"https:\/\/redleafaquascaping.com\/wp-content\/uploads\/2022\/01\/NeoCo2_600x.jpg","datePublished":"2023-05-03T18:21:33+00:00","breadcrumb":{"@id":"https:\/\/redleafaquascaping.com\/fr\/produit\/aquario-neo-co2-kit\/#breadcrumb"},"inLanguage":"fr-FR","potentialAction":[{"@type":"ReadAction","target":["https:\/\/redleafaquascaping.com\/fr\/produit\/aquario-neo-co2-kit\/"]}]},{"@type":"ImageObject","inLanguage":"fr-FR","@id":"https:\/\/redleafaquascaping.com\/fr\/produit\/aquario-neo-co2-kit\/#primaryimage","url":"https:\/\/redleafaquascaping.com\/wp-content\/uploads\/2022\/01\/NeoCo2_600x.jpg","contentUrl":"https:\/\/redleafaquascaping.com\/wp-content\/uploads\/2022\/01\/NeoCo2_600x.jpg","width":600,"height":600},{"@type":"BreadcrumbList","@id":"https:\/\/redleafaquascaping.com\/fr\/produit\/aquario-neo-co2-kit\/#breadcrumb","itemListElement":[{"@type":"ListItem","position":1,"name":"Home","item":"https:\/\/redleafaquascaping.com\/fr\/"},{"@type":"ListItem","position":2,"name":"Magasinez","item":"https:\/\/redleafaquascaping.com\/fr\/magasinez\/"},{"@type":"ListItem","position":3,"name":"Aquario Neo CO2 Kit"}]},{"@type":"WebSite","@id":"https:\/\/redleafaquascaping.com\/#website","url":"https:\/\/redleafaquascaping.com\/","name":"Red Leaf Aquascaping","description":"Online Aquascaping Equipment Store","publisher":{"@id":"https:\/\/redleafaquascaping.com\/#organization"},"potentialAction":[{"@type":"SearchAction","target":{"@type":"EntryPoint","urlTemplate":"https:\/\/redleafaquascaping.com\/?s={search_term_string}"},"query-input":{"@type":"PropertyValueSpecification","valueRequired":true,"valueName":"search_term_string"}}],"inLanguage":"fr-FR"},{"@type":"Organization","@id":"https:\/\/redleafaquascaping.com\/#organization","name":"Aquascaping Red Leaf","alternateName":"Red Leaf","url":"https:\/\/redleafaquascaping.com\/","logo":{"@type":"ImageObject","inLanguage":"fr-FR","@id":"https:\/\/redleafaquascaping.com\/#\/schema\/logo\/image\/","url":"https:\/\/redleafaquascaping.com\/wp-content\/uploads\/2024\/08\/logo-seo.jpg","contentUrl":"https:\/\/redleafaquascaping.com\/wp-content\/uploads\/2024\/08\/logo-seo.jpg","width":696,"height":696,"caption":"Aquascaping Red Leaf"},"image":{"@id":"https:\/\/redleafaquascaping.com\/#\/schema\/logo\/image\/"},"sameAs":["https:\/\/www.facebook.com\/Redleafaqua"]}]}},"_links":{"self":[{"href":"https:\/\/redleafaquascaping.com\/fr\/wp-json\/wp\/v2\/product\/9499","targetHints":{"allow":["GET"]}}],"collection":[{"href":"https:\/\/redleafaquascaping.com\/fr\/wp-json\/wp\/v2\/product"}],"about":[{"href":"https:\/\/redleafaquascaping.com\/fr\/wp-json\/wp\/v2\/types\/product"}],"wp:featuredmedia":[{"embeddable":true,"href":"https:\/\/redleafaquascaping.com\/fr\/wp-json\/wp\/v2\/media\/7828"}],"wp:attachment":[{"href":"https:\/\/redleafaquascaping.com\/fr\/wp-json\/wp\/v2\/media?parent=9499"}],"wp:term":[{"taxonomy":"product_brand","embeddable":true,"href":"https:\/\/redleafaquascaping.com\/fr\/wp-json\/wp\/v2\/product_brand?post=9499"},{"taxonomy":"product_cat","embeddable":true,"href":"https:\/\/redleafaquascaping.com\/fr\/wp-json\/wp\/v2\/product_cat?post=9499"},{"taxonomy":"product_tag","embeddable":true,"href":"https:\/\/redleafaquascaping.com\/fr\/wp-json\/wp\/v2\/product_tag?post=9499"}],"curies":[{"name":"wp","href":"https:\/\/api.w.org\/{rel}","templated":true}]}}