{"id":9500,"date":"2022-01-17T10:47:49","date_gmt":"2023-05-03T18:31:39","guid":{"rendered":"https:\/\/redleafaquascaping.com\/?post_type=product&#038;p=9500"},"modified":"2023-05-03T14:31:40","modified_gmt":"2023-05-03T18:31:40","slug":"aquario-neo-co2-diffuser-special-curved","status":"publish","type":"product","link":"https:\/\/redleafaquascaping.com\/fr\/produit\/aquario-neo-co2-diffuser-special-curved\/","title":{"rendered":"Aquario Neo Co2 Diffuser Special Curved"},"content":{"rendered":"<div class=\"_2cuy _3dgx _2vxa\">\n<p><strong>Aquario Neo Co2 Diffuseur Sp\u00e9cial Courb\u00e9<\/strong><br \/>\nLe meilleur s&rsquo;est encore am\u00e9lior\u00e9\u00a0! Le diffuseur Neo Co2 d&rsquo;Aquario pr\u00e9sente des trous microscopiques permettant une diffusion de bulles tr\u00e8s fine et approfondie.<\/p>\n<p>Les microbulles produites permettent une meilleure dissolution du Co2 dans votre colonne d&rsquo;eau, permettant ainsi aux plantes aquatiques d&rsquo;absorber correctement le Co2.<\/p>\n<p>\u00c9l\u00e9gant et robuste, le diffuseur Neo est fabriqu\u00e9 en acrylique transparent et ne se brise pas facilement lors de l&rsquo;entretien de l&rsquo;aquarium. Les versions incurv\u00e9es Aquario Neo sont d\u00e9j\u00e0 pli\u00e9es et peuvent s&rsquo;asseoir sur le bord de votre aquarium\u00a0 sans avoir besoin de ventouses ! Vous pouvez utiliser les ventouses fournies pour fixer votre ligne de Co2 \u00e0 l&rsquo;ext\u00e9rieur de votre r\u00e9servoir.<br \/>\nFaites-le tremper dans l&rsquo;eau pendant 30 minutes avant utilisation pour produire des bulles plus petites.<\/p>\n<p><strong>Caract\u00e9ristiques du produit:<\/strong><\/p>\n<p>Compteur de bulles int\u00e9gr\u00e9<br \/>\nR\u00e9duction de la pression de refoulement<br \/>\nBulle plus petite que les produits existants<br \/>\nTuyau en PC (polycarbonate) \u00e9lastique et difficile \u00e0 casser<br \/>\nAm\u00e9lioration compl\u00e8te (ange, joint, longueur, zone de diffusion)<\/p>\n<\/div>\n<p><strong>Disponible en 3 tailles<\/strong><br \/>\nPetit Jusqu&rsquo;\u00e0 20 gallons (23 cm) Verre jusqu&rsquo;\u00e0 8 mm<br \/>\nMoyen 20-40 gallons (28 cm) Verre jusqu&rsquo;\u00e0 8 mm<br \/>\nGrand verre de 40+ gallons (34 cm) jusqu&rsquo;\u00e0 12 mm<\/p>\n<p>Longueur : S : 23cm \/ M : 28cm \/ L : 34cm<br \/>\nLargeur du clip : S &amp; M : 9mm \/ L : 13mm<\/p>\n<p>Des diffuseurs plus grands peuvent \u00eatre utilis\u00e9s dans des bacs plus petits.<\/p>\n<p><img decoding=\"async\" style=\"display: block; margin-left: auto; margin-right: auto;\" src=\"https:\/\/cdn.shopify.com\/s\/files\/1\/0020\/2745\/4522\/files\/curved_480x480.jpg?v=1627383532\" alt=\"\" \/><\/p>\n<div style=\"text-align: center;\">\n<div><strong>Meet the Aquario Neo Curved Co2 Diffuser Family.<\/strong><\/div>\n<div><\/div>\n<\/div>\n<p>&nbsp;<\/p>\n<p><strong>Notes IMPORTANTES:<\/strong><\/p>\n<p>La pression de travail id\u00e9ale est de 10-30 PSI (une pression plus \u00e9lev\u00e9e pourrait endommager le diffuseur)<br \/>\nFixez le diffuseur \u00e0 votre d\u00e9tendeur et augmentez lentement la pression jusqu&rsquo;au niveau souhait\u00e9 pour \u00e9viter d&rsquo;endommager votre diffuseur.<br \/>\nFaites-le tremper dans de l&rsquo;eau l\u00e9g\u00e8rement ti\u00e8de (PAS BOUILLANTE) pendant 30 minutes avant utilisation pour produire des bulles plus petites.<br \/>\nLorsque les bulles commencent \u00e0 grossir, placez-le dans une solution d&rsquo;eau de javel (1 partie d&rsquo;eau de javel pour 10 parties d&rsquo;eau) pendant 10 minutes et lavez \u00e0 l&rsquo;eau plusieurs fois en enlevant tout l&rsquo;eau de Javel \u00e0 l&rsquo;int\u00e9rieur avant utilisation.<\/p>\n<p>Assurez-vous d&rsquo;acheter le bon diffuseur pour le bon travail, vous ne pouvez pas utiliser le diffuseur d&rsquo;air pour le Co2 ou vice versa. Le joint de votre diffuseur est cass\u00e9\u00a0? Fuite sur les c\u00f4t\u00e9s ?<br \/>\nVous pouvez utiliser une petite quantit\u00e9 de Thin Superglue (n&rsquo;importe quelle colle cyanoacrylate fine) pour r\u00e9parer le joint cass\u00e9 en quelques secondes.<\/p>\n<p>NE PAS mettre de colle sur la surface du diffuseur.<br \/>\nPortez des gants et soyez tr\u00e8s prudent lorsque vous utilisez la colle, elle collera la peau instantan\u00e9ment\u00a0!<\/p>\n<p>&nbsp;<\/p>\n","protected":false},"excerpt":{"rendered":"<p>&nbsp;<\/p>\n<ul>\n<li>Produit une fine brume de CO2<\/li>\n<li>Facile \u00e0 accrocher sur le bord du r\u00e9servoir<\/li>\n<li>Pour un am\u00e9nagement d&rsquo;aquarium organis\u00e9 et sans tuyau<\/li>\n<\/ul>\n","protected":false},"featured_media":7818,"template":"","meta":{"site-sidebar-layout":"default","site-content-layout":"","ast-site-content-layout":"default","site-content-style":"default","site-sidebar-style":"default","ast-global-header-display":"","ast-banner-title-visibility":"","ast-main-header-display":"","ast-hfb-above-header-display":"","ast-hfb-below-header-display":"","ast-hfb-mobile-header-display":"","site-post-title":"","ast-breadcrumbs-content":"","ast-featured-img":"","footer-sml-layout":"","ast-disable-related-posts":"","theme-transparent-header-meta":"default","adv-header-id-meta":"","stick-header-meta":"","header-above-stick-meta":"","header-main-stick-meta":"","header-below-stick-meta":"","astra-migrate-meta-layouts":"default","ast-page-background-enabled":"default","ast-page-background-meta":{"desktop":{"background-color":"","background-image":"","background-repeat":"repeat","background-position":"center center","background-size":"auto","background-attachment":"scroll","background-type":"","background-media":"","overlay-type":"","overlay-color":"","overlay-opacity":"","overlay-gradient":""},"tablet":{"background-color":"","background-image":"","background-repeat":"repeat","background-position":"center center","background-size":"auto","background-attachment":"scroll","background-type":"","background-media":"","overlay-type":"","overlay-color":"","overlay-opacity":"","overlay-gradient":""},"mobile":{"background-color":"","background-image":"","background-repeat":"repeat","background-position":"center center","background-size":"auto","background-attachment":"scroll","background-type":"","background-media":"","overlay-type":"","overlay-color":"","overlay-opacity":"","overlay-gradient":""}},"ast-content-background-meta":{"desktop":{"background-color":"var(--ast-global-color-5)","background-image":"","background-repeat":"repeat","background-position":"center center","background-size":"auto","background-attachment":"scroll","background-type":"","background-media":"","overlay-type":"","overlay-color":"","overlay-opacity":"","overlay-gradient":""},"tablet":{"background-color":"var(--ast-global-color-5)","background-image":"","background-repeat":"repeat","background-position":"center center","background-size":"auto","background-attachment":"scroll","background-type":"","background-media":"","overlay-type":"","overlay-color":"","overlay-opacity":"","overlay-gradient":""},"mobile":{"background-color":"var(--ast-global-color-5)","background-image":"","background-repeat":"repeat","background-position":"center center","background-size":"auto","background-attachment":"scroll","background-type":"","background-media":"","overlay-type":"","overlay-color":"","overlay-opacity":"","overlay-gradient":""}}},"product_brand":[],"product_cat":[1365,475,469],"product_tag":[1125,1107,1169,1113],"class_list":{"0":"post-9500","1":"product","2":"type-product","3":"status-publish","4":"has-post-thumbnail","6":"product_cat-aquario","7":"product_cat-diffuseurs-de-co2","8":"product_cat-systemes-de-co2","9":"product_tag-aquario-fr","10":"product_tag-co2-fr","11":"product_tag-diffuser-fr","12":"product_tag-neo-fr","13":"desktop-align-left","14":"tablet-align-left","15":"mobile-align-left","16":"ast-product-gallery-layout-horizontal-slider","17":"ast-product-single-variable","18":"ast-product-tabs-layout-horizontal","20":"first","21":"outofstock","22":"taxable","23":"shipping-taxable","24":"purchasable","25":"product-type-variable"},"yoast_head":"<!-- This site is optimized with the Yoast SEO plugin v27.2 - https:\/\/yoast.com\/product\/yoast-seo-wordpress\/ -->\n<title>Aquario Neo Co2 Diffuser Special Curved | Red Leaf Aquascaping<\/title>\n<meta name=\"robots\" content=\"index, follow, max-snippet:-1, max-image-preview:large, max-video-preview:-1\" \/>\n<link rel=\"canonical\" href=\"https:\/\/redleafaquascaping.com\/fr\/produit\/aquario-neo-co2-diffuser-special-curved\/\" \/>\n<meta property=\"og:locale\" content=\"fr_FR\" \/>\n<meta property=\"og:type\" content=\"article\" \/>\n<meta property=\"og:title\" content=\"Aquario Neo Co2 Diffuser Special Curved | Red Leaf Aquascaping\" \/>\n<meta property=\"og:description\" content=\"&nbsp;   Produit une fine brume de CO2  Facile \u00e0 accrocher sur le bord du r\u00e9servoir  Pour un am\u00e9nagement d&#039;aquarium organis\u00e9 et sans tuyau\" \/>\n<meta property=\"og:url\" content=\"https:\/\/redleafaquascaping.com\/fr\/produit\/aquario-neo-co2-diffuser-special-curved\/\" \/>\n<meta property=\"og:site_name\" content=\"Red Leaf Aquascaping\" \/>\n<meta property=\"article:publisher\" content=\"https:\/\/www.facebook.com\/Redleafaqua\" \/>\n<meta property=\"article:modified_time\" content=\"2023-05-03T18:31:40+00:00\" \/>\n<meta property=\"og:image\" content=\"https:\/\/redleafaquascaping.com\/wp-content\/uploads\/2022\/01\/aquario-neo-co2-diffusor-curved-special.jpg\" \/>\n\t<meta property=\"og:image:width\" content=\"640\" \/>\n\t<meta property=\"og:image:height\" content=\"640\" \/>\n\t<meta property=\"og:image:type\" content=\"image\/jpeg\" \/>\n<meta name=\"twitter:card\" content=\"summary_large_image\" \/>\n<meta name=\"twitter:label1\" content=\"Dur\u00e9e de lecture estim\u00e9e\" \/>\n\t<meta name=\"twitter:data1\" content=\"3 minutes\" \/>\n<script type=\"application\/ld+json\" class=\"yoast-schema-graph\">{\"@context\":\"https:\/\/schema.org\",\"@graph\":[{\"@type\":\"WebPage\",\"@id\":\"https:\/\/redleafaquascaping.com\/fr\/produit\/aquario-neo-co2-diffuser-special-curved\/\",\"url\":\"https:\/\/redleafaquascaping.com\/fr\/produit\/aquario-neo-co2-diffuser-special-curved\/\",\"name\":\"Aquario Neo Co2 Diffuser Special Curved | Red Leaf Aquascaping\",\"isPartOf\":{\"@id\":\"https:\/\/redleafaquascaping.com\/#website\"},\"primaryImageOfPage\":{\"@id\":\"https:\/\/redleafaquascaping.com\/fr\/produit\/aquario-neo-co2-diffuser-special-curved\/#primaryimage\"},\"image\":{\"@id\":\"https:\/\/redleafaquascaping.com\/fr\/produit\/aquario-neo-co2-diffuser-special-curved\/#primaryimage\"},\"thumbnailUrl\":\"https:\/\/redleafaquascaping.com\/wp-content\/uploads\/2022\/01\/aquario-neo-co2-diffusor-curved-special.jpg\",\"datePublished\":\"2023-05-03T18:31:39+00:00\",\"dateModified\":\"2023-05-03T18:31:40+00:00\",\"breadcrumb\":{\"@id\":\"https:\/\/redleafaquascaping.com\/fr\/produit\/aquario-neo-co2-diffuser-special-curved\/#breadcrumb\"},\"inLanguage\":\"fr-FR\",\"potentialAction\":[{\"@type\":\"ReadAction\",\"target\":[\"https:\/\/redleafaquascaping.com\/fr\/produit\/aquario-neo-co2-diffuser-special-curved\/\"]}]},{\"@type\":\"ImageObject\",\"inLanguage\":\"fr-FR\",\"@id\":\"https:\/\/redleafaquascaping.com\/fr\/produit\/aquario-neo-co2-diffuser-special-curved\/#primaryimage\",\"url\":\"https:\/\/redleafaquascaping.com\/wp-content\/uploads\/2022\/01\/aquario-neo-co2-diffusor-curved-special.jpg\",\"contentUrl\":\"https:\/\/redleafaquascaping.com\/wp-content\/uploads\/2022\/01\/aquario-neo-co2-diffusor-curved-special.jpg\",\"width\":640,\"height\":640},{\"@type\":\"BreadcrumbList\",\"@id\":\"https:\/\/redleafaquascaping.com\/fr\/produit\/aquario-neo-co2-diffuser-special-curved\/#breadcrumb\",\"itemListElement\":[{\"@type\":\"ListItem\",\"position\":1,\"name\":\"Home\",\"item\":\"https:\/\/redleafaquascaping.com\/fr\/\"},{\"@type\":\"ListItem\",\"position\":2,\"name\":\"Magasinez\",\"item\":\"https:\/\/redleafaquascaping.com\/fr\/magasinez\/\"},{\"@type\":\"ListItem\",\"position\":3,\"name\":\"Aquario Neo Co2 Diffuser Special Curved\"}]},{\"@type\":\"WebSite\",\"@id\":\"https:\/\/redleafaquascaping.com\/#website\",\"url\":\"https:\/\/redleafaquascaping.com\/\",\"name\":\"Red Leaf Aquascaping\",\"description\":\"Online Aquascaping Equipment Store\",\"publisher\":{\"@id\":\"https:\/\/redleafaquascaping.com\/#organization\"},\"potentialAction\":[{\"@type\":\"SearchAction\",\"target\":{\"@type\":\"EntryPoint\",\"urlTemplate\":\"https:\/\/redleafaquascaping.com\/?s={search_term_string}\"},\"query-input\":{\"@type\":\"PropertyValueSpecification\",\"valueRequired\":true,\"valueName\":\"search_term_string\"}}],\"inLanguage\":\"fr-FR\"},{\"@type\":\"Organization\",\"@id\":\"https:\/\/redleafaquascaping.com\/#organization\",\"name\":\"Aquascaping Red Leaf\",\"alternateName\":\"Red Leaf\",\"url\":\"https:\/\/redleafaquascaping.com\/\",\"logo\":{\"@type\":\"ImageObject\",\"inLanguage\":\"fr-FR\",\"@id\":\"https:\/\/redleafaquascaping.com\/#\/schema\/logo\/image\/\",\"url\":\"https:\/\/redleafaquascaping.com\/wp-content\/uploads\/2024\/08\/logo-seo.jpg\",\"contentUrl\":\"https:\/\/redleafaquascaping.com\/wp-content\/uploads\/2024\/08\/logo-seo.jpg\",\"width\":696,\"height\":696,\"caption\":\"Aquascaping Red Leaf\"},\"image\":{\"@id\":\"https:\/\/redleafaquascaping.com\/#\/schema\/logo\/image\/\"},\"sameAs\":[\"https:\/\/www.facebook.com\/Redleafaqua\"]}]}<\/script>\n<!-- \/ Yoast SEO plugin. -->","yoast_head_json":{"title":"Aquario Neo Co2 Diffuser Special Curved | Red Leaf Aquascaping","robots":{"index":"index","follow":"follow","max-snippet":"max-snippet:-1","max-image-preview":"max-image-preview:large","max-video-preview":"max-video-preview:-1"},"canonical":"https:\/\/redleafaquascaping.com\/fr\/produit\/aquario-neo-co2-diffuser-special-curved\/","og_locale":"fr_FR","og_type":"article","og_title":"Aquario Neo Co2 Diffuser Special Curved | Red Leaf Aquascaping","og_description":"&nbsp;   Produit une fine brume de CO2  Facile \u00e0 accrocher sur le bord du r\u00e9servoir  Pour un am\u00e9nagement d'aquarium organis\u00e9 et sans tuyau","og_url":"https:\/\/redleafaquascaping.com\/fr\/produit\/aquario-neo-co2-diffuser-special-curved\/","og_site_name":"Red Leaf Aquascaping","article_publisher":"https:\/\/www.facebook.com\/Redleafaqua","article_modified_time":"2023-05-03T18:31:40+00:00","og_image":[{"width":640,"height":640,"url":"https:\/\/redleafaquascaping.com\/wp-content\/uploads\/2022\/01\/aquario-neo-co2-diffusor-curved-special.jpg","type":"image\/jpeg"}],"twitter_card":"summary_large_image","twitter_misc":{"Dur\u00e9e de lecture estim\u00e9e":"3 minutes"},"schema":{"@context":"https:\/\/schema.org","@graph":[{"@type":"WebPage","@id":"https:\/\/redleafaquascaping.com\/fr\/produit\/aquario-neo-co2-diffuser-special-curved\/","url":"https:\/\/redleafaquascaping.com\/fr\/produit\/aquario-neo-co2-diffuser-special-curved\/","name":"Aquario Neo Co2 Diffuser Special Curved | Red Leaf Aquascaping","isPartOf":{"@id":"https:\/\/redleafaquascaping.com\/#website"},"primaryImageOfPage":{"@id":"https:\/\/redleafaquascaping.com\/fr\/produit\/aquario-neo-co2-diffuser-special-curved\/#primaryimage"},"image":{"@id":"https:\/\/redleafaquascaping.com\/fr\/produit\/aquario-neo-co2-diffuser-special-curved\/#primaryimage"},"thumbnailUrl":"https:\/\/redleafaquascaping.com\/wp-content\/uploads\/2022\/01\/aquario-neo-co2-diffusor-curved-special.jpg","datePublished":"2023-05-03T18:31:39+00:00","dateModified":"2023-05-03T18:31:40+00:00","breadcrumb":{"@id":"https:\/\/redleafaquascaping.com\/fr\/produit\/aquario-neo-co2-diffuser-special-curved\/#breadcrumb"},"inLanguage":"fr-FR","potentialAction":[{"@type":"ReadAction","target":["https:\/\/redleafaquascaping.com\/fr\/produit\/aquario-neo-co2-diffuser-special-curved\/"]}]},{"@type":"ImageObject","inLanguage":"fr-FR","@id":"https:\/\/redleafaquascaping.com\/fr\/produit\/aquario-neo-co2-diffuser-special-curved\/#primaryimage","url":"https:\/\/redleafaquascaping.com\/wp-content\/uploads\/2022\/01\/aquario-neo-co2-diffusor-curved-special.jpg","contentUrl":"https:\/\/redleafaquascaping.com\/wp-content\/uploads\/2022\/01\/aquario-neo-co2-diffusor-curved-special.jpg","width":640,"height":640},{"@type":"BreadcrumbList","@id":"https:\/\/redleafaquascaping.com\/fr\/produit\/aquario-neo-co2-diffuser-special-curved\/#breadcrumb","itemListElement":[{"@type":"ListItem","position":1,"name":"Home","item":"https:\/\/redleafaquascaping.com\/fr\/"},{"@type":"ListItem","position":2,"name":"Magasinez","item":"https:\/\/redleafaquascaping.com\/fr\/magasinez\/"},{"@type":"ListItem","position":3,"name":"Aquario Neo Co2 Diffuser Special Curved"}]},{"@type":"WebSite","@id":"https:\/\/redleafaquascaping.com\/#website","url":"https:\/\/redleafaquascaping.com\/","name":"Red Leaf Aquascaping","description":"Online Aquascaping Equipment Store","publisher":{"@id":"https:\/\/redleafaquascaping.com\/#organization"},"potentialAction":[{"@type":"SearchAction","target":{"@type":"EntryPoint","urlTemplate":"https:\/\/redleafaquascaping.com\/?s={search_term_string}"},"query-input":{"@type":"PropertyValueSpecification","valueRequired":true,"valueName":"search_term_string"}}],"inLanguage":"fr-FR"},{"@type":"Organization","@id":"https:\/\/redleafaquascaping.com\/#organization","name":"Aquascaping Red Leaf","alternateName":"Red Leaf","url":"https:\/\/redleafaquascaping.com\/","logo":{"@type":"ImageObject","inLanguage":"fr-FR","@id":"https:\/\/redleafaquascaping.com\/#\/schema\/logo\/image\/","url":"https:\/\/redleafaquascaping.com\/wp-content\/uploads\/2024\/08\/logo-seo.jpg","contentUrl":"https:\/\/redleafaquascaping.com\/wp-content\/uploads\/2024\/08\/logo-seo.jpg","width":696,"height":696,"caption":"Aquascaping Red Leaf"},"image":{"@id":"https:\/\/redleafaquascaping.com\/#\/schema\/logo\/image\/"},"sameAs":["https:\/\/www.facebook.com\/Redleafaqua"]}]}},"_links":{"self":[{"href":"https:\/\/redleafaquascaping.com\/fr\/wp-json\/wp\/v2\/product\/9500","targetHints":{"allow":["GET"]}}],"collection":[{"href":"https:\/\/redleafaquascaping.com\/fr\/wp-json\/wp\/v2\/product"}],"about":[{"href":"https:\/\/redleafaquascaping.com\/fr\/wp-json\/wp\/v2\/types\/product"}],"wp:featuredmedia":[{"embeddable":true,"href":"https:\/\/redleafaquascaping.com\/fr\/wp-json\/wp\/v2\/media\/7818"}],"wp:attachment":[{"href":"https:\/\/redleafaquascaping.com\/fr\/wp-json\/wp\/v2\/media?parent=9500"}],"wp:term":[{"taxonomy":"product_brand","embeddable":true,"href":"https:\/\/redleafaquascaping.com\/fr\/wp-json\/wp\/v2\/product_brand?post=9500"},{"taxonomy":"product_cat","embeddable":true,"href":"https:\/\/redleafaquascaping.com\/fr\/wp-json\/wp\/v2\/product_cat?post=9500"},{"taxonomy":"product_tag","embeddable":true,"href":"https:\/\/redleafaquascaping.com\/fr\/wp-json\/wp\/v2\/product_tag?post=9500"}],"curies":[{"name":"wp","href":"https:\/\/api.w.org\/{rel}","templated":true}]}}