{"id":9509,"date":"2022-01-17T10:16:30","date_gmt":"2023-05-09T20:25:06","guid":{"rendered":"https:\/\/redleafaquascaping.com\/?post_type=product&#038;p=9509"},"modified":"2023-05-09T16:25:06","modified_gmt":"2023-05-09T20:25:06","slug":"aquario-neo-co2-diffuseur-tiny-normal","status":"publish","type":"product","link":"https:\/\/redleafaquascaping.com\/fr\/produit\/aquario-neo-co2-diffuseur-tiny-normal\/","title":{"rendered":"Aquario Neo Co2 Diffuseur Tiny Normal"},"content":{"rendered":"<div class=\"_2cuy _3dgx _2vxa\">\n<p>&nbsp;<\/p>\n<p><strong>Aquario Neo Co2 Diffuseur Minuscule<\/strong><\/p>\n<p>Le diffuseur Neo d&rsquo;Aquario pr\u00e9sente des trous microscopiques permettant une diffusion tr\u00e8s fine et compl\u00e8te des bulles.<\/p>\n<p>Les microbulles produites permettent une meilleure dissolution du Co2 dans votre colonne d&rsquo;eau, permettant ainsi aux plantes aquatiques d&rsquo;absorber correctement le Co2.<\/p>\n<p>\u00c9l\u00e9gant et robuste, le diffuseur Neo est fabriqu\u00e9 en acrylique transparent et ne se brise pas facilement lors de l&rsquo;entretien de l&rsquo;aquarium.<\/p>\n<p>Semblable \u00e0 d&rsquo;autres diffuseurs, les utilisateurs peuvent le placer dans le coin d&rsquo;un aquarium plant\u00e9 en toute s\u00e9curit\u00e9 avec la ventouse fournie.<\/p>\n<p>Faites-le tremper dans l&rsquo;eau pendant 30 minutes avant utilisation pour produire des bulles plus petites.<\/p>\n<p><strong>Caract\u00e9ristiques du produit:<\/strong><\/p>\n<p>Am\u00e9lioration compl\u00e8te (ange, joint, longueur, zone de diffusion)<\/p>\n<p>R\u00e9duction de la pression de refoulement<\/p>\n<p>Bulle plus petite que les produits existants<\/p>\n<p>Tuyau en PC (polycarbonate) \u00e9lastique et difficile \u00e0 casser<\/p>\n<p>Disponible en 1 taille<\/p>\n<p>Minuscule Jusqu&rsquo;\u00e0 10 gallons<\/p>\n<p>Des diffuseurs plus grands peuvent \u00eatre utilis\u00e9s dans des r\u00e9servoirs plus petits.<\/p>\n<p>D\u00e9couvrez la famille de diffuseurs Aquario Neo Normal Co2.<\/p>\n<\/div>\n<div><img decoding=\"async\" src=\"https:\/\/cdn.shopify.com\/s\/files\/1\/0020\/2745\/4522\/files\/Normal_Family_480x480.jpg?v=1627386312\" alt=\"\" \/><\/div>\n<p><strong>Notes IMPORTANTES<\/strong>:<\/p>\n<p>La pression de travail id\u00e9ale est de 10-30 PSI (une pression plus \u00e9lev\u00e9e pourrait endommager le diffuseur)<\/p>\n<p>Fixez le diffuseur \u00e0 votre d\u00e9tendeur et augmentez lentement la pression jusqu&rsquo;au niveau souhait\u00e9 pour \u00e9viter d&rsquo;endommager votre diffuseur.<\/p>\n<p>Faites-le tremper dans de l&rsquo;eau l\u00e9g\u00e8rement ti\u00e8de (PAS BOUILLANTE) pendant 30 minutes avant utilisation pour produire des bulles plus petites.<\/p>\n<p>Lorsque les bulles commencent \u00e0 grossir, placez-le dans une solution d&rsquo;eau de Javel (1 partie d&rsquo;eau de javel pour 10 parties d&rsquo;eau) pendant 10 minutes et lavez \u00e0 l&rsquo;eau plusieurs fois en enlevant tout l&rsquo;eau de Javel \u00e0 l&rsquo;int\u00e9rieur avant utilisation. Votre joint de diffuseur est cass\u00e9\u00a0? Fuite sur les c\u00f4t\u00e9s ?<\/p>\n<p>Vous pouvez utiliser une petite quantit\u00e9 de Thin Superglue (n&rsquo;importe quelle colle cyanoacrylate fine) pour r\u00e9parer le joint cass\u00e9 en quelques secondes. NE PAS mettre la colle sur la surface du diffuseur.<\/p>\n<p>Portez des gants et soyez tr\u00e8s prudent lorsque vous utilisez la colle, elle collera la peau instantan\u00e9ment\u00a0!<\/p>\n<p>&nbsp;<\/p>\n<div class=\"ast-oembed-container \" style=\"height: 100%;\"><iframe title=\"AQUARIO NEO DIFFUSER - FINE BUBBLE\" width=\"500\" height=\"281\" src=\"https:\/\/www.youtube.com\/embed\/zcTTNLIuMIY?feature=oembed\" frameborder=\"0\" allow=\"accelerometer; autoplay; clipboard-write; encrypted-media; gyroscope; picture-in-picture; web-share\" referrerpolicy=\"strict-origin-when-cross-origin\" allowfullscreen><\/iframe><\/div>\n","protected":false},"excerpt":{"rendered":"<p>&nbsp;<\/p>\n<ul>\n<li>membrane c\u00e9ramique sp\u00e9ciale pour le CO2<\/li>\n<li>Fabriqu\u00e9 en verre acrylique<\/li>\n<li>Ventouse et clip en U inclus<\/li>\n<\/ul>\n","protected":false},"featured_media":7780,"template":"","meta":{"site-sidebar-layout":"default","site-content-layout":"","ast-site-content-layout":"default","site-content-style":"default","site-sidebar-style":"default","ast-global-header-display":"","ast-banner-title-visibility":"","ast-main-header-display":"","ast-hfb-above-header-display":"","ast-hfb-below-header-display":"","ast-hfb-mobile-header-display":"","site-post-title":"","ast-breadcrumbs-content":"","ast-featured-img":"","footer-sml-layout":"","ast-disable-related-posts":"","theme-transparent-header-meta":"","adv-header-id-meta":"","stick-header-meta":"","header-above-stick-meta":"","header-main-stick-meta":"","header-below-stick-meta":"","astra-migrate-meta-layouts":"default","ast-page-background-enabled":"default","ast-page-background-meta":{"desktop":{"background-color":"","background-image":"","background-repeat":"repeat","background-position":"center center","background-size":"auto","background-attachment":"scroll","background-type":"","background-media":"","overlay-type":"","overlay-color":"","overlay-opacity":"","overlay-gradient":""},"tablet":{"background-color":"","background-image":"","background-repeat":"repeat","background-position":"center center","background-size":"auto","background-attachment":"scroll","background-type":"","background-media":"","overlay-type":"","overlay-color":"","overlay-opacity":"","overlay-gradient":""},"mobile":{"background-color":"","background-image":"","background-repeat":"repeat","background-position":"center center","background-size":"auto","background-attachment":"scroll","background-type":"","background-media":"","overlay-type":"","overlay-color":"","overlay-opacity":"","overlay-gradient":""}},"ast-content-background-meta":{"desktop":{"background-color":"var(--ast-global-color-5)","background-image":"","background-repeat":"repeat","background-position":"center center","background-size":"auto","background-attachment":"scroll","background-type":"","background-media":"","overlay-type":"","overlay-color":"","overlay-opacity":"","overlay-gradient":""},"tablet":{"background-color":"var(--ast-global-color-5)","background-image":"","background-repeat":"repeat","background-position":"center center","background-size":"auto","background-attachment":"scroll","background-type":"","background-media":"","overlay-type":"","overlay-color":"","overlay-opacity":"","overlay-gradient":""},"mobile":{"background-color":"var(--ast-global-color-5)","background-image":"","background-repeat":"repeat","background-position":"center center","background-size":"auto","background-attachment":"scroll","background-type":"","background-media":"","overlay-type":"","overlay-color":"","overlay-opacity":"","overlay-gradient":""}}},"product_brand":[],"product_cat":[1365,475,469],"product_tag":[1125,1169,1113],"class_list":{"0":"post-9509","1":"product","2":"type-product","3":"status-publish","4":"has-post-thumbnail","6":"product_cat-aquario","7":"product_cat-diffuseurs-de-co2","8":"product_cat-systemes-de-co2","9":"product_tag-aquario-fr","10":"product_tag-diffuser-fr","11":"product_tag-neo-fr","12":"desktop-align-left","13":"tablet-align-left","14":"mobile-align-left","15":"ast-product-gallery-layout-horizontal-slider","16":"ast-product-tabs-layout-horizontal","18":"first","19":"instock","20":"taxable","21":"shipping-taxable","22":"purchasable","23":"product-type-simple"},"yoast_head":"<!-- This site is optimized with the Yoast SEO plugin v27.2 - https:\/\/yoast.com\/product\/yoast-seo-wordpress\/ -->\n<title>Aquario Neo Co2 Diffuseur Tiny Normal | Red Leaf Aquascaping<\/title>\n<meta name=\"robots\" content=\"index, follow, max-snippet:-1, max-image-preview:large, max-video-preview:-1\" \/>\n<link rel=\"canonical\" href=\"https:\/\/redleafaquascaping.com\/fr\/produit\/aquario-neo-co2-diffuseur-tiny-normal\/\" \/>\n<meta property=\"og:locale\" content=\"fr_FR\" \/>\n<meta property=\"og:type\" content=\"article\" \/>\n<meta property=\"og:title\" content=\"Aquario Neo Co2 Diffuseur Tiny Normal | Red Leaf Aquascaping\" \/>\n<meta property=\"og:description\" content=\"&nbsp;   membrane c\u00e9ramique sp\u00e9ciale pour le CO2  Fabriqu\u00e9 en verre acrylique  Ventouse et clip en U inclus\" \/>\n<meta property=\"og:url\" content=\"https:\/\/redleafaquascaping.com\/fr\/produit\/aquario-neo-co2-diffuseur-tiny-normal\/\" \/>\n<meta property=\"og:site_name\" content=\"Red Leaf Aquascaping\" \/>\n<meta property=\"article:publisher\" content=\"https:\/\/www.facebook.com\/Redleafaqua\" \/>\n<meta property=\"og:image\" content=\"https:\/\/redleafaquascaping.com\/wp-content\/uploads\/2022\/01\/TinyNormal_500x.jpg\" \/>\n\t<meta property=\"og:image:width\" content=\"500\" \/>\n\t<meta property=\"og:image:height\" content=\"500\" \/>\n\t<meta property=\"og:image:type\" content=\"image\/jpeg\" \/>\n<meta name=\"twitter:card\" content=\"summary_large_image\" \/>\n<meta name=\"twitter:label1\" content=\"Dur\u00e9e de lecture estim\u00e9e\" \/>\n\t<meta name=\"twitter:data1\" content=\"2 minutes\" \/>\n<script type=\"application\/ld+json\" class=\"yoast-schema-graph\">{\"@context\":\"https:\/\/schema.org\",\"@graph\":[{\"@type\":\"WebPage\",\"@id\":\"https:\/\/redleafaquascaping.com\/fr\/produit\/aquario-neo-co2-diffuseur-tiny-normal\/\",\"url\":\"https:\/\/redleafaquascaping.com\/fr\/produit\/aquario-neo-co2-diffuseur-tiny-normal\/\",\"name\":\"Aquario Neo Co2 Diffuseur Tiny Normal | Red Leaf Aquascaping\",\"isPartOf\":{\"@id\":\"https:\/\/redleafaquascaping.com\/#website\"},\"primaryImageOfPage\":{\"@id\":\"https:\/\/redleafaquascaping.com\/fr\/produit\/aquario-neo-co2-diffuseur-tiny-normal\/#primaryimage\"},\"image\":{\"@id\":\"https:\/\/redleafaquascaping.com\/fr\/produit\/aquario-neo-co2-diffuseur-tiny-normal\/#primaryimage\"},\"thumbnailUrl\":\"https:\/\/redleafaquascaping.com\/wp-content\/uploads\/2022\/01\/TinyNormal_500x.jpg\",\"datePublished\":\"2023-05-09T20:25:06+00:00\",\"breadcrumb\":{\"@id\":\"https:\/\/redleafaquascaping.com\/fr\/produit\/aquario-neo-co2-diffuseur-tiny-normal\/#breadcrumb\"},\"inLanguage\":\"fr-FR\",\"potentialAction\":[{\"@type\":\"ReadAction\",\"target\":[\"https:\/\/redleafaquascaping.com\/fr\/produit\/aquario-neo-co2-diffuseur-tiny-normal\/\"]}]},{\"@type\":\"ImageObject\",\"inLanguage\":\"fr-FR\",\"@id\":\"https:\/\/redleafaquascaping.com\/fr\/produit\/aquario-neo-co2-diffuseur-tiny-normal\/#primaryimage\",\"url\":\"https:\/\/redleafaquascaping.com\/wp-content\/uploads\/2022\/01\/TinyNormal_500x.jpg\",\"contentUrl\":\"https:\/\/redleafaquascaping.com\/wp-content\/uploads\/2022\/01\/TinyNormal_500x.jpg\",\"width\":500,\"height\":500},{\"@type\":\"BreadcrumbList\",\"@id\":\"https:\/\/redleafaquascaping.com\/fr\/produit\/aquario-neo-co2-diffuseur-tiny-normal\/#breadcrumb\",\"itemListElement\":[{\"@type\":\"ListItem\",\"position\":1,\"name\":\"Home\",\"item\":\"https:\/\/redleafaquascaping.com\/fr\/\"},{\"@type\":\"ListItem\",\"position\":2,\"name\":\"Magasinez\",\"item\":\"https:\/\/redleafaquascaping.com\/fr\/magasinez\/\"},{\"@type\":\"ListItem\",\"position\":3,\"name\":\"Aquario Neo Co2 Diffuseur Tiny Normal\"}]},{\"@type\":\"WebSite\",\"@id\":\"https:\/\/redleafaquascaping.com\/#website\",\"url\":\"https:\/\/redleafaquascaping.com\/\",\"name\":\"Red Leaf Aquascaping\",\"description\":\"Online Aquascaping Equipment Store\",\"publisher\":{\"@id\":\"https:\/\/redleafaquascaping.com\/#organization\"},\"potentialAction\":[{\"@type\":\"SearchAction\",\"target\":{\"@type\":\"EntryPoint\",\"urlTemplate\":\"https:\/\/redleafaquascaping.com\/?s={search_term_string}\"},\"query-input\":{\"@type\":\"PropertyValueSpecification\",\"valueRequired\":true,\"valueName\":\"search_term_string\"}}],\"inLanguage\":\"fr-FR\"},{\"@type\":\"Organization\",\"@id\":\"https:\/\/redleafaquascaping.com\/#organization\",\"name\":\"Aquascaping Red Leaf\",\"alternateName\":\"Red Leaf\",\"url\":\"https:\/\/redleafaquascaping.com\/\",\"logo\":{\"@type\":\"ImageObject\",\"inLanguage\":\"fr-FR\",\"@id\":\"https:\/\/redleafaquascaping.com\/#\/schema\/logo\/image\/\",\"url\":\"https:\/\/redleafaquascaping.com\/wp-content\/uploads\/2024\/08\/logo-seo.jpg\",\"contentUrl\":\"https:\/\/redleafaquascaping.com\/wp-content\/uploads\/2024\/08\/logo-seo.jpg\",\"width\":696,\"height\":696,\"caption\":\"Aquascaping Red Leaf\"},\"image\":{\"@id\":\"https:\/\/redleafaquascaping.com\/#\/schema\/logo\/image\/\"},\"sameAs\":[\"https:\/\/www.facebook.com\/Redleafaqua\"]}]}<\/script>\n<!-- \/ Yoast SEO plugin. -->","yoast_head_json":{"title":"Aquario Neo Co2 Diffuseur Tiny Normal | Red Leaf Aquascaping","robots":{"index":"index","follow":"follow","max-snippet":"max-snippet:-1","max-image-preview":"max-image-preview:large","max-video-preview":"max-video-preview:-1"},"canonical":"https:\/\/redleafaquascaping.com\/fr\/produit\/aquario-neo-co2-diffuseur-tiny-normal\/","og_locale":"fr_FR","og_type":"article","og_title":"Aquario Neo Co2 Diffuseur Tiny Normal | Red Leaf Aquascaping","og_description":"&nbsp;   membrane c\u00e9ramique sp\u00e9ciale pour le CO2  Fabriqu\u00e9 en verre acrylique  Ventouse et clip en U inclus","og_url":"https:\/\/redleafaquascaping.com\/fr\/produit\/aquario-neo-co2-diffuseur-tiny-normal\/","og_site_name":"Red Leaf Aquascaping","article_publisher":"https:\/\/www.facebook.com\/Redleafaqua","og_image":[{"width":500,"height":500,"url":"https:\/\/redleafaquascaping.com\/wp-content\/uploads\/2022\/01\/TinyNormal_500x.jpg","type":"image\/jpeg"}],"twitter_card":"summary_large_image","twitter_misc":{"Dur\u00e9e de lecture estim\u00e9e":"2 minutes"},"schema":{"@context":"https:\/\/schema.org","@graph":[{"@type":"WebPage","@id":"https:\/\/redleafaquascaping.com\/fr\/produit\/aquario-neo-co2-diffuseur-tiny-normal\/","url":"https:\/\/redleafaquascaping.com\/fr\/produit\/aquario-neo-co2-diffuseur-tiny-normal\/","name":"Aquario Neo Co2 Diffuseur Tiny Normal | Red Leaf Aquascaping","isPartOf":{"@id":"https:\/\/redleafaquascaping.com\/#website"},"primaryImageOfPage":{"@id":"https:\/\/redleafaquascaping.com\/fr\/produit\/aquario-neo-co2-diffuseur-tiny-normal\/#primaryimage"},"image":{"@id":"https:\/\/redleafaquascaping.com\/fr\/produit\/aquario-neo-co2-diffuseur-tiny-normal\/#primaryimage"},"thumbnailUrl":"https:\/\/redleafaquascaping.com\/wp-content\/uploads\/2022\/01\/TinyNormal_500x.jpg","datePublished":"2023-05-09T20:25:06+00:00","breadcrumb":{"@id":"https:\/\/redleafaquascaping.com\/fr\/produit\/aquario-neo-co2-diffuseur-tiny-normal\/#breadcrumb"},"inLanguage":"fr-FR","potentialAction":[{"@type":"ReadAction","target":["https:\/\/redleafaquascaping.com\/fr\/produit\/aquario-neo-co2-diffuseur-tiny-normal\/"]}]},{"@type":"ImageObject","inLanguage":"fr-FR","@id":"https:\/\/redleafaquascaping.com\/fr\/produit\/aquario-neo-co2-diffuseur-tiny-normal\/#primaryimage","url":"https:\/\/redleafaquascaping.com\/wp-content\/uploads\/2022\/01\/TinyNormal_500x.jpg","contentUrl":"https:\/\/redleafaquascaping.com\/wp-content\/uploads\/2022\/01\/TinyNormal_500x.jpg","width":500,"height":500},{"@type":"BreadcrumbList","@id":"https:\/\/redleafaquascaping.com\/fr\/produit\/aquario-neo-co2-diffuseur-tiny-normal\/#breadcrumb","itemListElement":[{"@type":"ListItem","position":1,"name":"Home","item":"https:\/\/redleafaquascaping.com\/fr\/"},{"@type":"ListItem","position":2,"name":"Magasinez","item":"https:\/\/redleafaquascaping.com\/fr\/magasinez\/"},{"@type":"ListItem","position":3,"name":"Aquario Neo Co2 Diffuseur Tiny Normal"}]},{"@type":"WebSite","@id":"https:\/\/redleafaquascaping.com\/#website","url":"https:\/\/redleafaquascaping.com\/","name":"Red Leaf Aquascaping","description":"Online Aquascaping Equipment Store","publisher":{"@id":"https:\/\/redleafaquascaping.com\/#organization"},"potentialAction":[{"@type":"SearchAction","target":{"@type":"EntryPoint","urlTemplate":"https:\/\/redleafaquascaping.com\/?s={search_term_string}"},"query-input":{"@type":"PropertyValueSpecification","valueRequired":true,"valueName":"search_term_string"}}],"inLanguage":"fr-FR"},{"@type":"Organization","@id":"https:\/\/redleafaquascaping.com\/#organization","name":"Aquascaping Red Leaf","alternateName":"Red Leaf","url":"https:\/\/redleafaquascaping.com\/","logo":{"@type":"ImageObject","inLanguage":"fr-FR","@id":"https:\/\/redleafaquascaping.com\/#\/schema\/logo\/image\/","url":"https:\/\/redleafaquascaping.com\/wp-content\/uploads\/2024\/08\/logo-seo.jpg","contentUrl":"https:\/\/redleafaquascaping.com\/wp-content\/uploads\/2024\/08\/logo-seo.jpg","width":696,"height":696,"caption":"Aquascaping Red Leaf"},"image":{"@id":"https:\/\/redleafaquascaping.com\/#\/schema\/logo\/image\/"},"sameAs":["https:\/\/www.facebook.com\/Redleafaqua"]}]}},"_links":{"self":[{"href":"https:\/\/redleafaquascaping.com\/fr\/wp-json\/wp\/v2\/product\/9509","targetHints":{"allow":["GET"]}}],"collection":[{"href":"https:\/\/redleafaquascaping.com\/fr\/wp-json\/wp\/v2\/product"}],"about":[{"href":"https:\/\/redleafaquascaping.com\/fr\/wp-json\/wp\/v2\/types\/product"}],"wp:featuredmedia":[{"embeddable":true,"href":"https:\/\/redleafaquascaping.com\/fr\/wp-json\/wp\/v2\/media\/7780"}],"wp:attachment":[{"href":"https:\/\/redleafaquascaping.com\/fr\/wp-json\/wp\/v2\/media?parent=9509"}],"wp:term":[{"taxonomy":"product_brand","embeddable":true,"href":"https:\/\/redleafaquascaping.com\/fr\/wp-json\/wp\/v2\/product_brand?post=9509"},{"taxonomy":"product_cat","embeddable":true,"href":"https:\/\/redleafaquascaping.com\/fr\/wp-json\/wp\/v2\/product_cat?post=9509"},{"taxonomy":"product_tag","embeddable":true,"href":"https:\/\/redleafaquascaping.com\/fr\/wp-json\/wp\/v2\/product_tag?post=9509"}],"curies":[{"name":"wp","href":"https:\/\/api.w.org\/{rel}","templated":true}]}}