{"id":9539,"date":"2021-10-19T16:11:55","date_gmt":"2023-05-18T19:24:57","guid":{"rendered":"https:\/\/redleafaquascaping.com\/?post_type=product&#038;p=9539"},"modified":"2023-10-25T14:16:12","modified_gmt":"2023-10-25T18:16:12","slug":"dooa-glass-pot-shizuku","status":"publish","type":"product","link":"https:\/\/redleafaquascaping.com\/fr\/produit\/dooa-glass-pot-shizuku\/","title":{"rendered":"DOOA GLASS POT SHIZUKU"},"content":{"rendered":"<p>Le pot en verre SHIZUKU de DOOA est un r\u00e9cipient en verre fait main avec couvercle au design tr\u00e8s attrayant. Cette jardini\u00e8re sophistiqu\u00e9e en forme de larme est particuli\u00e8rement adapt\u00e9e \u00e0 la culture de plantes qui pr\u00e9f\u00e8rent une humidit\u00e9 \u00e9lev\u00e9e. Un \u00e9change gazeux ad\u00e9quat est assur\u00e9 par de petits trous dans la partie sup\u00e9rieure du corps du r\u00e9cipient en verre. L&rsquo;arrosage devient une t\u00e2che tr\u00e8s facile gr\u00e2ce \u00e0 un petit trou au centre du couvercle. L&rsquo;eau d&rsquo;irrigation est simplement vers\u00e9e dans le couvercle en verre et commence imm\u00e9diatement \u00e0 couler sur la plante. Le pot en verre SHIZUKU offre de nombreuses options de plantation. Qu&rsquo;il s&rsquo;agisse d&rsquo;orchid\u00e9es \u00e9piphytes attach\u00e9es \u00e0 un morceau de bois, d&rsquo;un wabi kusa en forme de boule avec des plantes \u00e9merg\u00e9es ou d&rsquo;un mini paludarium qui utilise \u00e9galement DOOA Jungle Soil comme substrat, il n&rsquo;y a pas de limites \u00e0 la conception de jardinage \u00e0 petite \u00e9chelle. Le pot en verre SHIZUKU est particuli\u00e8rement harmonieux lorsqu&rsquo;il est plac\u00e9 sur l&rsquo;\u00e9l\u00e9gante base en bois DOOA SHIZUKU. Compl\u00e9t\u00e9 par une huile essentielle DOOA assortie, vous pouvez cr\u00e9er une atmosph\u00e8re relaxante de for\u00eat tropicale dans vos espaces de vie. La base en bois et les huiles essentielles ne sont pas incluses et peuvent \u00eatre achet\u00e9es s\u00e9par\u00e9ment.<\/p>\n","protected":false},"excerpt":{"rendered":"<ul>\n<li>R\u00e9cipient en verre pour plantes avec couvercle<\/li>\n<li>Fait \u00e0 la main, haute qualit\u00e9<\/li>\n<li>Trous d&rsquo;a\u00e9ration<\/li>\n<li>L&rsquo;arrosage s&rsquo;effectue via le couvercle<\/li>\n<\/ul>\n","protected":false},"featured_media":5087,"template":"","meta":{"site-sidebar-layout":"default","site-content-layout":"","ast-site-content-layout":"default","site-content-style":"default","site-sidebar-style":"default","ast-global-header-display":"","ast-banner-title-visibility":"","ast-main-header-display":"","ast-hfb-above-header-display":"","ast-hfb-below-header-display":"","ast-hfb-mobile-header-display":"","site-post-title":"","ast-breadcrumbs-content":"","ast-featured-img":"","footer-sml-layout":"","ast-disable-related-posts":"","theme-transparent-header-meta":"","adv-header-id-meta":"","stick-header-meta":"","header-above-stick-meta":"","header-main-stick-meta":"","header-below-stick-meta":"","astra-migrate-meta-layouts":"set","ast-page-background-enabled":"default","ast-page-background-meta":{"desktop":{"background-color":"","background-image":"","background-repeat":"repeat","background-position":"center center","background-size":"auto","background-attachment":"scroll","background-type":"","background-media":"","overlay-type":"","overlay-color":"","overlay-opacity":"","overlay-gradient":""},"tablet":{"background-color":"","background-image":"","background-repeat":"repeat","background-position":"center center","background-size":"auto","background-attachment":"scroll","background-type":"","background-media":"","overlay-type":"","overlay-color":"","overlay-opacity":"","overlay-gradient":""},"mobile":{"background-color":"","background-image":"","background-repeat":"repeat","background-position":"center center","background-size":"auto","background-attachment":"scroll","background-type":"","background-media":"","overlay-type":"","overlay-color":"","overlay-opacity":"","overlay-gradient":""}},"ast-content-background-meta":{"desktop":{"background-color":"var(--ast-global-color-5)","background-image":"","background-repeat":"repeat","background-position":"center center","background-size":"auto","background-attachment":"scroll","background-type":"","background-media":"","overlay-type":"","overlay-color":"","overlay-opacity":"","overlay-gradient":""},"tablet":{"background-color":"var(--ast-global-color-5)","background-image":"","background-repeat":"repeat","background-position":"center center","background-size":"auto","background-attachment":"scroll","background-type":"","background-media":"","overlay-type":"","overlay-color":"","overlay-opacity":"","overlay-gradient":""},"mobile":{"background-color":"var(--ast-global-color-5)","background-image":"","background-repeat":"repeat","background-position":"center center","background-size":"auto","background-attachment":"scroll","background-type":"","background-media":"","overlay-type":"","overlay-color":"","overlay-opacity":"","overlay-gradient":""}}},"product_brand":[],"product_cat":[372,1369,378,1246],"product_tag":[1112,1129,1127,1128],"class_list":{"0":"post-9539","1":"product","2":"type-product","3":"status-publish","4":"has-post-thumbnail","6":"product_cat-aquarium","7":"product_cat-dooa-fr","8":"product_cat-dooa","9":"product_cat-wabi-kusa-fr","10":"product_tag-dooa-fr","11":"product_tag-glass-fr","12":"product_tag-pot-fr","13":"product_tag-shizuku-fr","14":"product_shipping_class-aquarium-fr","15":"desktop-align-left","16":"tablet-align-left","17":"mobile-align-left","18":"ast-product-gallery-layout-horizontal-slider","19":"ast-product-tabs-layout-horizontal","21":"first","22":"outofstock","23":"taxable","24":"shipping-taxable","25":"purchasable","26":"product-type-simple"},"yoast_head":"<!-- This site is optimized with the Yoast SEO plugin v27.2 - https:\/\/yoast.com\/product\/yoast-seo-wordpress\/ -->\n<title>DOOA GLASS POT SHIZUKU | Red Leaf Aquascaping<\/title>\n<meta name=\"robots\" content=\"index, follow, max-snippet:-1, max-image-preview:large, max-video-preview:-1\" \/>\n<link rel=\"canonical\" href=\"https:\/\/redleafaquascaping.com\/produit\/dooa-glass-pot-shizuku\/\" \/>\n<meta property=\"og:locale\" content=\"fr_FR\" \/>\n<meta property=\"og:type\" content=\"article\" \/>\n<meta property=\"og:title\" content=\"DOOA GLASS POT SHIZUKU | Red Leaf Aquascaping\" \/>\n<meta property=\"og:description\" content=\"R\u00e9cipient en verre pour plantes avec couvercle  Fait \u00e0 la main, haute qualit\u00e9  Trous d&#039;a\u00e9ration  L&#039;arrosage s&#039;effectue via le couvercle\" \/>\n<meta property=\"og:url\" content=\"https:\/\/redleafaquascaping.com\/produit\/dooa-glass-pot-shizuku\/\" \/>\n<meta property=\"og:site_name\" content=\"Red Leaf Aquascaping\" \/>\n<meta property=\"article:publisher\" content=\"https:\/\/www.facebook.com\/Redleafaqua\" \/>\n<meta property=\"article:modified_time\" content=\"2023-10-25T18:16:12+00:00\" \/>\n<meta property=\"og:image\" content=\"https:\/\/redleafaquascaping.com\/wp-content\/uploads\/2021\/10\/GLASSPOTSHIZUKU_086A4533_sml_1024x1024.jpg\" \/>\n\t<meta property=\"og:image:width\" content=\"1024\" \/>\n\t<meta property=\"og:image:height\" content=\"1024\" \/>\n\t<meta property=\"og:image:type\" content=\"image\/jpeg\" \/>\n<meta name=\"twitter:card\" content=\"summary_large_image\" \/>\n<meta name=\"twitter:label1\" content=\"Dur\u00e9e de lecture estim\u00e9e\" \/>\n\t<meta name=\"twitter:data1\" content=\"1 minute\" \/>\n<script type=\"application\/ld+json\" class=\"yoast-schema-graph\">{\"@context\":\"https:\/\/schema.org\",\"@graph\":[{\"@type\":\"WebPage\",\"@id\":\"https:\/\/redleafaquascaping.com\/produit\/dooa-glass-pot-shizuku\/\",\"url\":\"https:\/\/redleafaquascaping.com\/produit\/dooa-glass-pot-shizuku\/\",\"name\":\"DOOA GLASS POT SHIZUKU | Red Leaf Aquascaping\",\"isPartOf\":{\"@id\":\"https:\/\/redleafaquascaping.com\/#website\"},\"primaryImageOfPage\":{\"@id\":\"https:\/\/redleafaquascaping.com\/produit\/dooa-glass-pot-shizuku\/#primaryimage\"},\"image\":{\"@id\":\"https:\/\/redleafaquascaping.com\/produit\/dooa-glass-pot-shizuku\/#primaryimage\"},\"thumbnailUrl\":\"https:\/\/redleafaquascaping.com\/wp-content\/uploads\/2021\/10\/GLASSPOTSHIZUKU_086A4533_sml_1024x1024.jpg\",\"datePublished\":\"2023-05-18T19:24:57+00:00\",\"dateModified\":\"2023-10-25T18:16:12+00:00\",\"breadcrumb\":{\"@id\":\"https:\/\/redleafaquascaping.com\/produit\/dooa-glass-pot-shizuku\/#breadcrumb\"},\"inLanguage\":\"fr-FR\",\"potentialAction\":[{\"@type\":\"ReadAction\",\"target\":[\"https:\/\/redleafaquascaping.com\/produit\/dooa-glass-pot-shizuku\/\"]}]},{\"@type\":\"ImageObject\",\"inLanguage\":\"fr-FR\",\"@id\":\"https:\/\/redleafaquascaping.com\/produit\/dooa-glass-pot-shizuku\/#primaryimage\",\"url\":\"https:\/\/redleafaquascaping.com\/wp-content\/uploads\/2021\/10\/GLASSPOTSHIZUKU_086A4533_sml_1024x1024.jpg\",\"contentUrl\":\"https:\/\/redleafaquascaping.com\/wp-content\/uploads\/2021\/10\/GLASSPOTSHIZUKU_086A4533_sml_1024x1024.jpg\",\"width\":1024,\"height\":1024},{\"@type\":\"BreadcrumbList\",\"@id\":\"https:\/\/redleafaquascaping.com\/produit\/dooa-glass-pot-shizuku\/#breadcrumb\",\"itemListElement\":[{\"@type\":\"ListItem\",\"position\":1,\"name\":\"Home\",\"item\":\"https:\/\/redleafaquascaping.com\/fr\/\"},{\"@type\":\"ListItem\",\"position\":2,\"name\":\"Magasinez\",\"item\":\"https:\/\/redleafaquascaping.com\/fr\/magasinez\/\"},{\"@type\":\"ListItem\",\"position\":3,\"name\":\"DOOA GLASS POT SHIZUKU\"}]},{\"@type\":\"WebSite\",\"@id\":\"https:\/\/redleafaquascaping.com\/#website\",\"url\":\"https:\/\/redleafaquascaping.com\/\",\"name\":\"Red Leaf Aquascaping\",\"description\":\"Online Aquascaping Equipment Store\",\"publisher\":{\"@id\":\"https:\/\/redleafaquascaping.com\/#organization\"},\"potentialAction\":[{\"@type\":\"SearchAction\",\"target\":{\"@type\":\"EntryPoint\",\"urlTemplate\":\"https:\/\/redleafaquascaping.com\/?s={search_term_string}\"},\"query-input\":{\"@type\":\"PropertyValueSpecification\",\"valueRequired\":true,\"valueName\":\"search_term_string\"}}],\"inLanguage\":\"fr-FR\"},{\"@type\":\"Organization\",\"@id\":\"https:\/\/redleafaquascaping.com\/#organization\",\"name\":\"Aquascaping Red Leaf\",\"alternateName\":\"Red Leaf\",\"url\":\"https:\/\/redleafaquascaping.com\/\",\"logo\":{\"@type\":\"ImageObject\",\"inLanguage\":\"fr-FR\",\"@id\":\"https:\/\/redleafaquascaping.com\/#\/schema\/logo\/image\/\",\"url\":\"https:\/\/redleafaquascaping.com\/wp-content\/uploads\/2024\/08\/logo-seo.jpg\",\"contentUrl\":\"https:\/\/redleafaquascaping.com\/wp-content\/uploads\/2024\/08\/logo-seo.jpg\",\"width\":696,\"height\":696,\"caption\":\"Aquascaping Red Leaf\"},\"image\":{\"@id\":\"https:\/\/redleafaquascaping.com\/#\/schema\/logo\/image\/\"},\"sameAs\":[\"https:\/\/www.facebook.com\/Redleafaqua\"]}]}<\/script>\n<!-- \/ Yoast SEO plugin. -->","yoast_head_json":{"title":"DOOA GLASS POT SHIZUKU | Red Leaf Aquascaping","robots":{"index":"index","follow":"follow","max-snippet":"max-snippet:-1","max-image-preview":"max-image-preview:large","max-video-preview":"max-video-preview:-1"},"canonical":"https:\/\/redleafaquascaping.com\/produit\/dooa-glass-pot-shizuku\/","og_locale":"fr_FR","og_type":"article","og_title":"DOOA GLASS POT SHIZUKU | Red Leaf Aquascaping","og_description":"R\u00e9cipient en verre pour plantes avec couvercle  Fait \u00e0 la main, haute qualit\u00e9  Trous d'a\u00e9ration  L'arrosage s'effectue via le couvercle","og_url":"https:\/\/redleafaquascaping.com\/produit\/dooa-glass-pot-shizuku\/","og_site_name":"Red Leaf Aquascaping","article_publisher":"https:\/\/www.facebook.com\/Redleafaqua","article_modified_time":"2023-10-25T18:16:12+00:00","og_image":[{"width":1024,"height":1024,"url":"https:\/\/redleafaquascaping.com\/wp-content\/uploads\/2021\/10\/GLASSPOTSHIZUKU_086A4533_sml_1024x1024.jpg","type":"image\/jpeg"}],"twitter_card":"summary_large_image","twitter_misc":{"Dur\u00e9e de lecture estim\u00e9e":"1 minute"},"schema":{"@context":"https:\/\/schema.org","@graph":[{"@type":"WebPage","@id":"https:\/\/redleafaquascaping.com\/produit\/dooa-glass-pot-shizuku\/","url":"https:\/\/redleafaquascaping.com\/produit\/dooa-glass-pot-shizuku\/","name":"DOOA GLASS POT SHIZUKU | Red Leaf Aquascaping","isPartOf":{"@id":"https:\/\/redleafaquascaping.com\/#website"},"primaryImageOfPage":{"@id":"https:\/\/redleafaquascaping.com\/produit\/dooa-glass-pot-shizuku\/#primaryimage"},"image":{"@id":"https:\/\/redleafaquascaping.com\/produit\/dooa-glass-pot-shizuku\/#primaryimage"},"thumbnailUrl":"https:\/\/redleafaquascaping.com\/wp-content\/uploads\/2021\/10\/GLASSPOTSHIZUKU_086A4533_sml_1024x1024.jpg","datePublished":"2023-05-18T19:24:57+00:00","dateModified":"2023-10-25T18:16:12+00:00","breadcrumb":{"@id":"https:\/\/redleafaquascaping.com\/produit\/dooa-glass-pot-shizuku\/#breadcrumb"},"inLanguage":"fr-FR","potentialAction":[{"@type":"ReadAction","target":["https:\/\/redleafaquascaping.com\/produit\/dooa-glass-pot-shizuku\/"]}]},{"@type":"ImageObject","inLanguage":"fr-FR","@id":"https:\/\/redleafaquascaping.com\/produit\/dooa-glass-pot-shizuku\/#primaryimage","url":"https:\/\/redleafaquascaping.com\/wp-content\/uploads\/2021\/10\/GLASSPOTSHIZUKU_086A4533_sml_1024x1024.jpg","contentUrl":"https:\/\/redleafaquascaping.com\/wp-content\/uploads\/2021\/10\/GLASSPOTSHIZUKU_086A4533_sml_1024x1024.jpg","width":1024,"height":1024},{"@type":"BreadcrumbList","@id":"https:\/\/redleafaquascaping.com\/produit\/dooa-glass-pot-shizuku\/#breadcrumb","itemListElement":[{"@type":"ListItem","position":1,"name":"Home","item":"https:\/\/redleafaquascaping.com\/fr\/"},{"@type":"ListItem","position":2,"name":"Magasinez","item":"https:\/\/redleafaquascaping.com\/fr\/magasinez\/"},{"@type":"ListItem","position":3,"name":"DOOA GLASS POT SHIZUKU"}]},{"@type":"WebSite","@id":"https:\/\/redleafaquascaping.com\/#website","url":"https:\/\/redleafaquascaping.com\/","name":"Red Leaf Aquascaping","description":"Online Aquascaping Equipment Store","publisher":{"@id":"https:\/\/redleafaquascaping.com\/#organization"},"potentialAction":[{"@type":"SearchAction","target":{"@type":"EntryPoint","urlTemplate":"https:\/\/redleafaquascaping.com\/?s={search_term_string}"},"query-input":{"@type":"PropertyValueSpecification","valueRequired":true,"valueName":"search_term_string"}}],"inLanguage":"fr-FR"},{"@type":"Organization","@id":"https:\/\/redleafaquascaping.com\/#organization","name":"Aquascaping Red Leaf","alternateName":"Red Leaf","url":"https:\/\/redleafaquascaping.com\/","logo":{"@type":"ImageObject","inLanguage":"fr-FR","@id":"https:\/\/redleafaquascaping.com\/#\/schema\/logo\/image\/","url":"https:\/\/redleafaquascaping.com\/wp-content\/uploads\/2024\/08\/logo-seo.jpg","contentUrl":"https:\/\/redleafaquascaping.com\/wp-content\/uploads\/2024\/08\/logo-seo.jpg","width":696,"height":696,"caption":"Aquascaping Red Leaf"},"image":{"@id":"https:\/\/redleafaquascaping.com\/#\/schema\/logo\/image\/"},"sameAs":["https:\/\/www.facebook.com\/Redleafaqua"]}]}},"_links":{"self":[{"href":"https:\/\/redleafaquascaping.com\/fr\/wp-json\/wp\/v2\/product\/9539","targetHints":{"allow":["GET"]}}],"collection":[{"href":"https:\/\/redleafaquascaping.com\/fr\/wp-json\/wp\/v2\/product"}],"about":[{"href":"https:\/\/redleafaquascaping.com\/fr\/wp-json\/wp\/v2\/types\/product"}],"wp:featuredmedia":[{"embeddable":true,"href":"https:\/\/redleafaquascaping.com\/fr\/wp-json\/wp\/v2\/media\/5087"}],"wp:attachment":[{"href":"https:\/\/redleafaquascaping.com\/fr\/wp-json\/wp\/v2\/media?parent=9539"}],"wp:term":[{"taxonomy":"product_brand","embeddable":true,"href":"https:\/\/redleafaquascaping.com\/fr\/wp-json\/wp\/v2\/product_brand?post=9539"},{"taxonomy":"product_cat","embeddable":true,"href":"https:\/\/redleafaquascaping.com\/fr\/wp-json\/wp\/v2\/product_cat?post=9539"},{"taxonomy":"product_tag","embeddable":true,"href":"https:\/\/redleafaquascaping.com\/fr\/wp-json\/wp\/v2\/product_tag?post=9539"}],"curies":[{"name":"wp","href":"https:\/\/api.w.org\/{rel}","templated":true}]}}