{"id":9581,"date":"2021-10-14T14:44:04","date_gmt":"2023-09-13T17:48:45","guid":{"rendered":"https:\/\/redleafaquascaping.com\/?post_type=product&#038;p=9581"},"modified":"2023-10-25T14:58:43","modified_gmt":"2023-10-25T18:58:43","slug":"dooa-neo-glass-cover-w15xd15cm-for-neo-glass-air-tank","status":"publish","type":"product","link":"https:\/\/redleafaquascaping.com\/fr\/produit\/dooa-neo-glass-cover-w15xd15cm-for-neo-glass-air-tank\/","title":{"rendered":"COUVERCLE EN VERRE DOOA NEO (L15XP15CM) POUR R\u00c9SERVOIR D&rsquo;AIR EN VERRE NEO"},"content":{"rendered":"<p>Avec la couverture DOOA appropri\u00e9e, votre Wabi-Kusa est prot\u00e9g\u00e9 contre l&rsquo;\u00e9vaporation excessive. Elle emp\u00eache \u00e9galement la poussi\u00e8re et d&rsquo;autres impuret\u00e9s de p\u00e9n\u00e9trer dans votre aquarium et de nuire \u00e0 ses habitants. De plus, elle assure une isolation thermique, ce qui permet d&rsquo;\u00e9conomiser de l&rsquo;\u00e9lectricit\u00e9. Moins d&rsquo;eau s&rsquo;\u00e9vapore de mani\u00e8re visible, et l&rsquo;humidit\u00e9 de l&rsquo;air dans le r\u00e9servoir est maintenue \u00e0 un niveau id\u00e9al, en particulier pour le Wabi-Kusa. La fixation de la couverture est tr\u00e8s facile gr\u00e2ce \u00e0 l&rsquo;autocollant antid\u00e9rapant fourni avec la couverture.<\/p>\n","protected":false},"excerpt":{"rendered":"<ul>\n<li>Panneau de couverture de haute qualit\u00e9 pour les r\u00e9servoirs DOOA Neo<\/li>\n<li>Protection contre la poussi\u00e8re et la vaporisation<\/li>\n<li>Parfait pour Wabi-Kusa<\/li>\n<\/ul>\n","protected":false},"featured_media":4909,"template":"","meta":{"site-sidebar-layout":"default","site-content-layout":"","ast-site-content-layout":"default","site-content-style":"default","site-sidebar-style":"default","ast-global-header-display":"","ast-banner-title-visibility":"","ast-main-header-display":"","ast-hfb-above-header-display":"","ast-hfb-below-header-display":"","ast-hfb-mobile-header-display":"","site-post-title":"","ast-breadcrumbs-content":"","ast-featured-img":"","footer-sml-layout":"","ast-disable-related-posts":"","theme-transparent-header-meta":"","adv-header-id-meta":"","stick-header-meta":"","header-above-stick-meta":"","header-main-stick-meta":"","header-below-stick-meta":"","astra-migrate-meta-layouts":"set","ast-page-background-enabled":"default","ast-page-background-meta":{"desktop":{"background-color":"","background-image":"","background-repeat":"repeat","background-position":"center center","background-size":"auto","background-attachment":"scroll","background-type":"","background-media":"","overlay-type":"","overlay-color":"","overlay-opacity":"","overlay-gradient":""},"tablet":{"background-color":"","background-image":"","background-repeat":"repeat","background-position":"center center","background-size":"auto","background-attachment":"scroll","background-type":"","background-media":"","overlay-type":"","overlay-color":"","overlay-opacity":"","overlay-gradient":""},"mobile":{"background-color":"","background-image":"","background-repeat":"repeat","background-position":"center center","background-size":"auto","background-attachment":"scroll","background-type":"","background-media":"","overlay-type":"","overlay-color":"","overlay-opacity":"","overlay-gradient":""}},"ast-content-background-meta":{"desktop":{"background-color":"var(--ast-global-color-5)","background-image":"","background-repeat":"repeat","background-position":"center center","background-size":"auto","background-attachment":"scroll","background-type":"","background-media":"","overlay-type":"","overlay-color":"","overlay-opacity":"","overlay-gradient":""},"tablet":{"background-color":"var(--ast-global-color-5)","background-image":"","background-repeat":"repeat","background-position":"center center","background-size":"auto","background-attachment":"scroll","background-type":"","background-media":"","overlay-type":"","overlay-color":"","overlay-opacity":"","overlay-gradient":""},"mobile":{"background-color":"var(--ast-global-color-5)","background-image":"","background-repeat":"repeat","background-position":"center center","background-size":"auto","background-attachment":"scroll","background-type":"","background-media":"","overlay-type":"","overlay-color":"","overlay-opacity":"","overlay-gradient":""}}},"product_brand":[],"product_cat":[372,387,1369,1246],"product_tag":[1129,1177],"class_list":{"0":"post-9581","1":"product","2":"type-product","3":"status-publish","4":"has-post-thumbnail","6":"product_cat-aquarium","7":"product_cat-couvercles-de-verre","8":"product_cat-dooa-fr","9":"product_cat-wabi-kusa-fr","10":"product_tag-glass-fr","11":"product_tag-wabikusa-fr","12":"desktop-align-left","13":"tablet-align-left","14":"mobile-align-left","15":"ast-product-gallery-layout-horizontal-slider","16":"ast-product-gallery-with-no-image","17":"ast-product-tabs-layout-horizontal","19":"first","20":"instock","21":"taxable","22":"shipping-taxable","23":"purchasable","24":"product-type-simple"},"yoast_head":"<!-- This site is optimized with the Yoast SEO plugin v27.2 - https:\/\/yoast.com\/product\/yoast-seo-wordpress\/ -->\n<title>COUVERCLE EN VERRE DOOA NEO (L15XP15CM) POUR R\u00c9SERVOIR D&#039;AIR EN VERRE NEO | Red Leaf Aquascaping<\/title>\n<meta name=\"robots\" content=\"index, follow, max-snippet:-1, max-image-preview:large, max-video-preview:-1\" \/>\n<link rel=\"canonical\" href=\"https:\/\/redleafaquascaping.com\/fr\/produit\/dooa-neo-glass-cover-w15xd15cm-for-neo-glass-air-tank\/\" \/>\n<meta property=\"og:locale\" content=\"fr_FR\" \/>\n<meta property=\"og:type\" content=\"article\" \/>\n<meta property=\"og:title\" content=\"COUVERCLE EN VERRE DOOA NEO (L15XP15CM) POUR R\u00c9SERVOIR D&#039;AIR EN VERRE NEO | Red Leaf Aquascaping\" \/>\n<meta property=\"og:description\" content=\"Panneau de couverture de haute qualit\u00e9 pour les r\u00e9servoirs DOOA Neo  Protection contre la poussi\u00e8re et la vaporisation  Parfait pour Wabi-Kusa\" \/>\n<meta property=\"og:url\" content=\"https:\/\/redleafaquascaping.com\/fr\/produit\/dooa-neo-glass-cover-w15xd15cm-for-neo-glass-air-tank\/\" \/>\n<meta property=\"og:site_name\" content=\"Red Leaf Aquascaping\" \/>\n<meta property=\"article:publisher\" content=\"https:\/\/www.facebook.com\/Redleafaqua\" \/>\n<meta property=\"article:modified_time\" content=\"2023-10-25T18:58:43+00:00\" \/>\n<meta property=\"og:image\" content=\"https:\/\/redleafaquascaping.com\/wp-content\/uploads\/2021\/10\/1_00_793f232e-a9b7-46a1-a619-8859ee23ac65_1024x1024.jpg\" \/>\n\t<meta property=\"og:image:width\" content=\"800\" \/>\n\t<meta property=\"og:image:height\" content=\"490\" \/>\n\t<meta property=\"og:image:type\" content=\"image\/jpeg\" \/>\n<meta name=\"twitter:card\" content=\"summary_large_image\" \/>\n<meta name=\"twitter:label1\" content=\"Dur\u00e9e de lecture estim\u00e9e\" \/>\n\t<meta name=\"twitter:data1\" content=\"1 minute\" \/>\n<script type=\"application\/ld+json\" class=\"yoast-schema-graph\">{\"@context\":\"https:\/\/schema.org\",\"@graph\":[{\"@type\":\"WebPage\",\"@id\":\"https:\/\/redleafaquascaping.com\/fr\/produit\/dooa-neo-glass-cover-w15xd15cm-for-neo-glass-air-tank\/\",\"url\":\"https:\/\/redleafaquascaping.com\/fr\/produit\/dooa-neo-glass-cover-w15xd15cm-for-neo-glass-air-tank\/\",\"name\":\"COUVERCLE EN VERRE DOOA NEO (L15XP15CM) POUR R\u00c9SERVOIR D'AIR EN VERRE NEO | Red Leaf Aquascaping\",\"isPartOf\":{\"@id\":\"https:\/\/redleafaquascaping.com\/#website\"},\"primaryImageOfPage\":{\"@id\":\"https:\/\/redleafaquascaping.com\/fr\/produit\/dooa-neo-glass-cover-w15xd15cm-for-neo-glass-air-tank\/#primaryimage\"},\"image\":{\"@id\":\"https:\/\/redleafaquascaping.com\/fr\/produit\/dooa-neo-glass-cover-w15xd15cm-for-neo-glass-air-tank\/#primaryimage\"},\"thumbnailUrl\":\"https:\/\/redleafaquascaping.com\/wp-content\/uploads\/2021\/10\/1_00_793f232e-a9b7-46a1-a619-8859ee23ac65_1024x1024.jpg\",\"datePublished\":\"2023-09-13T17:48:45+00:00\",\"dateModified\":\"2023-10-25T18:58:43+00:00\",\"breadcrumb\":{\"@id\":\"https:\/\/redleafaquascaping.com\/fr\/produit\/dooa-neo-glass-cover-w15xd15cm-for-neo-glass-air-tank\/#breadcrumb\"},\"inLanguage\":\"fr-FR\",\"potentialAction\":[{\"@type\":\"ReadAction\",\"target\":[\"https:\/\/redleafaquascaping.com\/fr\/produit\/dooa-neo-glass-cover-w15xd15cm-for-neo-glass-air-tank\/\"]}]},{\"@type\":\"ImageObject\",\"inLanguage\":\"fr-FR\",\"@id\":\"https:\/\/redleafaquascaping.com\/fr\/produit\/dooa-neo-glass-cover-w15xd15cm-for-neo-glass-air-tank\/#primaryimage\",\"url\":\"https:\/\/redleafaquascaping.com\/wp-content\/uploads\/2021\/10\/1_00_793f232e-a9b7-46a1-a619-8859ee23ac65_1024x1024.jpg\",\"contentUrl\":\"https:\/\/redleafaquascaping.com\/wp-content\/uploads\/2021\/10\/1_00_793f232e-a9b7-46a1-a619-8859ee23ac65_1024x1024.jpg\",\"width\":800,\"height\":490},{\"@type\":\"BreadcrumbList\",\"@id\":\"https:\/\/redleafaquascaping.com\/fr\/produit\/dooa-neo-glass-cover-w15xd15cm-for-neo-glass-air-tank\/#breadcrumb\",\"itemListElement\":[{\"@type\":\"ListItem\",\"position\":1,\"name\":\"Home\",\"item\":\"https:\/\/redleafaquascaping.com\/fr\/\"},{\"@type\":\"ListItem\",\"position\":2,\"name\":\"Magasinez\",\"item\":\"https:\/\/redleafaquascaping.com\/fr\/magasinez\/\"},{\"@type\":\"ListItem\",\"position\":3,\"name\":\"COUVERCLE EN VERRE DOOA NEO (L15XP15CM) POUR R\u00c9SERVOIR D&#8217;AIR EN VERRE NEO\"}]},{\"@type\":\"WebSite\",\"@id\":\"https:\/\/redleafaquascaping.com\/#website\",\"url\":\"https:\/\/redleafaquascaping.com\/\",\"name\":\"Red Leaf Aquascaping\",\"description\":\"Online Aquascaping Equipment Store\",\"publisher\":{\"@id\":\"https:\/\/redleafaquascaping.com\/#organization\"},\"potentialAction\":[{\"@type\":\"SearchAction\",\"target\":{\"@type\":\"EntryPoint\",\"urlTemplate\":\"https:\/\/redleafaquascaping.com\/?s={search_term_string}\"},\"query-input\":{\"@type\":\"PropertyValueSpecification\",\"valueRequired\":true,\"valueName\":\"search_term_string\"}}],\"inLanguage\":\"fr-FR\"},{\"@type\":\"Organization\",\"@id\":\"https:\/\/redleafaquascaping.com\/#organization\",\"name\":\"Aquascaping Red Leaf\",\"alternateName\":\"Red Leaf\",\"url\":\"https:\/\/redleafaquascaping.com\/\",\"logo\":{\"@type\":\"ImageObject\",\"inLanguage\":\"fr-FR\",\"@id\":\"https:\/\/redleafaquascaping.com\/#\/schema\/logo\/image\/\",\"url\":\"https:\/\/redleafaquascaping.com\/wp-content\/uploads\/2024\/08\/logo-seo.jpg\",\"contentUrl\":\"https:\/\/redleafaquascaping.com\/wp-content\/uploads\/2024\/08\/logo-seo.jpg\",\"width\":696,\"height\":696,\"caption\":\"Aquascaping Red Leaf\"},\"image\":{\"@id\":\"https:\/\/redleafaquascaping.com\/#\/schema\/logo\/image\/\"},\"sameAs\":[\"https:\/\/www.facebook.com\/Redleafaqua\"]}]}<\/script>\n<!-- \/ Yoast SEO plugin. -->","yoast_head_json":{"title":"COUVERCLE EN VERRE DOOA NEO (L15XP15CM) POUR R\u00c9SERVOIR D'AIR EN VERRE NEO | Red Leaf Aquascaping","robots":{"index":"index","follow":"follow","max-snippet":"max-snippet:-1","max-image-preview":"max-image-preview:large","max-video-preview":"max-video-preview:-1"},"canonical":"https:\/\/redleafaquascaping.com\/fr\/produit\/dooa-neo-glass-cover-w15xd15cm-for-neo-glass-air-tank\/","og_locale":"fr_FR","og_type":"article","og_title":"COUVERCLE EN VERRE DOOA NEO (L15XP15CM) POUR R\u00c9SERVOIR D'AIR EN VERRE NEO | Red Leaf Aquascaping","og_description":"Panneau de couverture de haute qualit\u00e9 pour les r\u00e9servoirs DOOA Neo  Protection contre la poussi\u00e8re et la vaporisation  Parfait pour Wabi-Kusa","og_url":"https:\/\/redleafaquascaping.com\/fr\/produit\/dooa-neo-glass-cover-w15xd15cm-for-neo-glass-air-tank\/","og_site_name":"Red Leaf Aquascaping","article_publisher":"https:\/\/www.facebook.com\/Redleafaqua","article_modified_time":"2023-10-25T18:58:43+00:00","og_image":[{"width":800,"height":490,"url":"https:\/\/redleafaquascaping.com\/wp-content\/uploads\/2021\/10\/1_00_793f232e-a9b7-46a1-a619-8859ee23ac65_1024x1024.jpg","type":"image\/jpeg"}],"twitter_card":"summary_large_image","twitter_misc":{"Dur\u00e9e de lecture estim\u00e9e":"1 minute"},"schema":{"@context":"https:\/\/schema.org","@graph":[{"@type":"WebPage","@id":"https:\/\/redleafaquascaping.com\/fr\/produit\/dooa-neo-glass-cover-w15xd15cm-for-neo-glass-air-tank\/","url":"https:\/\/redleafaquascaping.com\/fr\/produit\/dooa-neo-glass-cover-w15xd15cm-for-neo-glass-air-tank\/","name":"COUVERCLE EN VERRE DOOA NEO (L15XP15CM) POUR R\u00c9SERVOIR D'AIR EN VERRE NEO | Red Leaf Aquascaping","isPartOf":{"@id":"https:\/\/redleafaquascaping.com\/#website"},"primaryImageOfPage":{"@id":"https:\/\/redleafaquascaping.com\/fr\/produit\/dooa-neo-glass-cover-w15xd15cm-for-neo-glass-air-tank\/#primaryimage"},"image":{"@id":"https:\/\/redleafaquascaping.com\/fr\/produit\/dooa-neo-glass-cover-w15xd15cm-for-neo-glass-air-tank\/#primaryimage"},"thumbnailUrl":"https:\/\/redleafaquascaping.com\/wp-content\/uploads\/2021\/10\/1_00_793f232e-a9b7-46a1-a619-8859ee23ac65_1024x1024.jpg","datePublished":"2023-09-13T17:48:45+00:00","dateModified":"2023-10-25T18:58:43+00:00","breadcrumb":{"@id":"https:\/\/redleafaquascaping.com\/fr\/produit\/dooa-neo-glass-cover-w15xd15cm-for-neo-glass-air-tank\/#breadcrumb"},"inLanguage":"fr-FR","potentialAction":[{"@type":"ReadAction","target":["https:\/\/redleafaquascaping.com\/fr\/produit\/dooa-neo-glass-cover-w15xd15cm-for-neo-glass-air-tank\/"]}]},{"@type":"ImageObject","inLanguage":"fr-FR","@id":"https:\/\/redleafaquascaping.com\/fr\/produit\/dooa-neo-glass-cover-w15xd15cm-for-neo-glass-air-tank\/#primaryimage","url":"https:\/\/redleafaquascaping.com\/wp-content\/uploads\/2021\/10\/1_00_793f232e-a9b7-46a1-a619-8859ee23ac65_1024x1024.jpg","contentUrl":"https:\/\/redleafaquascaping.com\/wp-content\/uploads\/2021\/10\/1_00_793f232e-a9b7-46a1-a619-8859ee23ac65_1024x1024.jpg","width":800,"height":490},{"@type":"BreadcrumbList","@id":"https:\/\/redleafaquascaping.com\/fr\/produit\/dooa-neo-glass-cover-w15xd15cm-for-neo-glass-air-tank\/#breadcrumb","itemListElement":[{"@type":"ListItem","position":1,"name":"Home","item":"https:\/\/redleafaquascaping.com\/fr\/"},{"@type":"ListItem","position":2,"name":"Magasinez","item":"https:\/\/redleafaquascaping.com\/fr\/magasinez\/"},{"@type":"ListItem","position":3,"name":"COUVERCLE EN VERRE DOOA NEO (L15XP15CM) POUR R\u00c9SERVOIR D&#8217;AIR EN VERRE NEO"}]},{"@type":"WebSite","@id":"https:\/\/redleafaquascaping.com\/#website","url":"https:\/\/redleafaquascaping.com\/","name":"Red Leaf Aquascaping","description":"Online Aquascaping Equipment Store","publisher":{"@id":"https:\/\/redleafaquascaping.com\/#organization"},"potentialAction":[{"@type":"SearchAction","target":{"@type":"EntryPoint","urlTemplate":"https:\/\/redleafaquascaping.com\/?s={search_term_string}"},"query-input":{"@type":"PropertyValueSpecification","valueRequired":true,"valueName":"search_term_string"}}],"inLanguage":"fr-FR"},{"@type":"Organization","@id":"https:\/\/redleafaquascaping.com\/#organization","name":"Aquascaping Red Leaf","alternateName":"Red Leaf","url":"https:\/\/redleafaquascaping.com\/","logo":{"@type":"ImageObject","inLanguage":"fr-FR","@id":"https:\/\/redleafaquascaping.com\/#\/schema\/logo\/image\/","url":"https:\/\/redleafaquascaping.com\/wp-content\/uploads\/2024\/08\/logo-seo.jpg","contentUrl":"https:\/\/redleafaquascaping.com\/wp-content\/uploads\/2024\/08\/logo-seo.jpg","width":696,"height":696,"caption":"Aquascaping Red Leaf"},"image":{"@id":"https:\/\/redleafaquascaping.com\/#\/schema\/logo\/image\/"},"sameAs":["https:\/\/www.facebook.com\/Redleafaqua"]}]}},"_links":{"self":[{"href":"https:\/\/redleafaquascaping.com\/fr\/wp-json\/wp\/v2\/product\/9581","targetHints":{"allow":["GET"]}}],"collection":[{"href":"https:\/\/redleafaquascaping.com\/fr\/wp-json\/wp\/v2\/product"}],"about":[{"href":"https:\/\/redleafaquascaping.com\/fr\/wp-json\/wp\/v2\/types\/product"}],"wp:featuredmedia":[{"embeddable":true,"href":"https:\/\/redleafaquascaping.com\/fr\/wp-json\/wp\/v2\/media\/4909"}],"wp:attachment":[{"href":"https:\/\/redleafaquascaping.com\/fr\/wp-json\/wp\/v2\/media?parent=9581"}],"wp:term":[{"taxonomy":"product_brand","embeddable":true,"href":"https:\/\/redleafaquascaping.com\/fr\/wp-json\/wp\/v2\/product_brand?post=9581"},{"taxonomy":"product_cat","embeddable":true,"href":"https:\/\/redleafaquascaping.com\/fr\/wp-json\/wp\/v2\/product_cat?post=9581"},{"taxonomy":"product_tag","embeddable":true,"href":"https:\/\/redleafaquascaping.com\/fr\/wp-json\/wp\/v2\/product_tag?post=9581"}],"curies":[{"name":"wp","href":"https:\/\/api.w.org\/{rel}","templated":true}]}}