{"id":9585,"date":"2022-03-01T14:35:09","date_gmt":"2023-09-13T18:08:43","guid":{"rendered":"https:\/\/redleafaquascaping.com\/?post_type=product&#038;p=9585"},"modified":"2023-11-22T13:38:34","modified_gmt":"2023-11-22T18:38:34","slug":"glas-garten-shrimp-dinner-2","status":"publish","type":"product","link":"https:\/\/redleafaquascaping.com\/fr\/produit\/glas-garten-shrimp-dinner-2\/","title":{"rendered":"Glas Garten &#8211; Shrimp Dinner 2"},"content":{"rendered":"<p>**Le <strong>Srimp Dinner<\/strong> est une nourriture principale quotidienne \u00e9quilibr\u00e9e pour vos crevettes ornementales, contenant tous les nutriments importants, les substances vitales et les vitamines naturelles dont elles ont besoin pour un d\u00e9veloppement sain, des mues r\u00e9ussies, une croissance optimale, des couleurs \u00e9clatantes et une reproduction accrue. Notre recette sp\u00e9ciale et la mani\u00e8re dont nous fabriquons nos aliments pour crevettes garantissent que vos crevettes trouvent toujours cette nourriture savoureuse m\u00eame apr\u00e8s un certain temps dans l&rsquo;eau, elle est donc enti\u00e8rement consomm\u00e9e. Les ingr\u00e9dients du **<strong>Shrimp Dinner<\/strong>** sont 100% naturels.<\/p>\n<p>**Ingr\u00e9dients**<\/p>\n<p>Algues Chlorella, extraits prot\u00e9iques d&rsquo;origine v\u00e9g\u00e9tale, calmar, fenouil, extrait de levure, chou asiatique, acides amin\u00e9s, extraits d&rsquo;algues, l\u00e9cithine, graines de moutarde<\/p>\n<p>**Recommandation d&rsquo;alimentation**<\/p>\n<p>1 \u00e0 2 fois par jour, 1 tampon par environ 25 crevettes<\/p>\n<p>**Contenu et leurs effets**<\/p>\n<p>&#8211; **Algues Chlorella**<br \/>\nLa micro-algue d&rsquo;eau douce Chlorella vulgaris est un excellent vecteur de nutriments pour les crevettes. M\u00eame si elle est plus co\u00fbteuse que les algues Spirulina, elle l&rsquo;a emport\u00e9 sur ces derni\u00e8res en raison de ses propri\u00e9t\u00e9s b\u00e9n\u00e9fiques. De nombreux \u00e9leveurs chevronn\u00e9s nourrissent leurs crevettes avec des algues Chlorella depuis des ann\u00e9es. L&rsquo;analyse suivante montre la large gamme de nutriments essentiels contenus dans ces algues dont les crevettes ont besoin pour rester vitales, color\u00e9es et productives.<\/p>\n<p>&#8211; **Calmar**<br \/>\nLes escargots et autres mollusques font partie de l&rsquo;alimentation naturelle des crevettes dans la nature. Ils fournissent une grande source de prot\u00e9ines vitales et d&rsquo;acides amin\u00e9s, mais surtout, les mollusques contiennent de la glucosamine (un sucre amin\u00e9). Les crustac\u00e9s ont besoin de cette substance pour la formation de leur exosquelette. Nous avons choisi le calmar comme source de ces nutriments essentiels pour notre recette d&rsquo;alimentation pour crevettes.<\/p>\n<p>&#8211; **Fenouil**<br \/>\nLe fenouil est utilis\u00e9 dans le monde entier comme l\u00e9gume, condiment ou plante m\u00e9dicinale. M\u00eame en m\u00e9decine chinoise ancienne, le fenouil \u00e9tait hautement estim\u00e9. Il a \u00e9galement prouv\u00e9 sa valeur en tant qu&rsquo;ingr\u00e9dient d&rsquo;alimentation pour crevettes. Le fenouil contient une grande quantit\u00e9 de substances v\u00e9g\u00e9tales secondaires, qui ont un effet tr\u00e8s positif sur les crevettes. Le fenouil contient des huiles essentielles telles que l&rsquo;an\u00e9thole et le fenchone, ainsi que d&rsquo;autres compos\u00e9s b\u00e9n\u00e9fiques.<\/p>\n<p>&#8211; **Vari\u00e9t\u00e9s de chou asiatique**<br \/>\nPour le **D\u00eener des Crevettes**, nous n&rsquo;utilisons que les vari\u00e9t\u00e9s de chou les plus appr\u00e9ci\u00e9es des \u00e9leveurs et des \u00e9leveurs japonais de crevettes. Leur teneur en vitamines, prot\u00e9ines, acides amin\u00e9s, min\u00e9raux et substances v\u00e9g\u00e9tales secondaires est bien sup\u00e9rieure \u00e0 la moyenne, ce qui rend ces choux tr\u00e8s populaires au Japon. Ils contiennent plus de vitamine A, de vitamine C et de vitamine K, plus d&rsquo;acide folique, de calcium, de potassium, de magn\u00e9sium et de fer, ainsi que plus d&rsquo;acides gras om\u00e9ga-3 et de fibres que d&rsquo;autres l\u00e9gumes, des substances v\u00e9g\u00e9tales secondaires antioxydantes ainsi que des niveaux \u00e9lev\u00e9s de chlorophylle.<\/p>\n<p>&#8211; **Acides amin\u00e9s**<br \/>\nLes acides amin\u00e9s sont les composants de base de la vie elle-m\u00eame. Seuls 22 acides amin\u00e9s sont n\u00e9cessaires pour former environ 100 000 prot\u00e9ines diff\u00e9rentes. Les prot\u00e9ines sont l&rsquo;un des principaux composants du corps d&rsquo;une crevette, repr\u00e9sentant environ 20% du poids total du corps. Les acides amin\u00e9s sont n\u00e9cessaires pour la formation des prot\u00e9ines. Ils ne sont pas seulement utilis\u00e9s pour la construction des tissus musculaires, des organes, des cellules, pour la r\u00e9paration des tissus, etc., mais ils forment \u00e9galement des anticorps contre les bact\u00e9ries et les virus. De plus, ils font partie du syst\u00e8me enzymatique et hormonal, forment les nucl\u00e9oprot\u00e9ines (ARN et ADN) et transportent l&rsquo;oxyg\u00e8ne \u00e0 travers le corps.<\/p>\n<p>&#8211; **L\u00e9cithine**<br \/>\nUne des substances n\u00e9cessaires au fonctionnement du syst\u00e8me nerveux (ganglions) est la phosphatidylcholine, mieux connue sous le nom de l\u00e9cithine. La l\u00e9cithine appartient au groupe des phospholipides, qui sont un composant important des membranes cellulaires, notamment celles des cellules nerveuses. Les phospholipides sont n\u00e9cessaires non seulement pour le transport des ions \u00e0 travers les membranes cellulaires, mais aussi pour isoler les dendrites (ou terminaisons nerveuses), garantissant ainsi que les influx nerveux sont transmis de mani\u00e8re s\u00e9curis\u00e9e. Une crevette transforme la l\u00e9cithine en ac\u00e9tylcholine, le neurotransmetteur le plus important du syst\u00e8me nerveux.<\/p>\n<p>&#8211; **Graines de moutarde**<br \/>\nLa substance la plus importante contenue dans la graine de moutarde est l&rsquo;huile de moutarde. Cette huile ne se forme que lors d&rsquo;un processus chimique qui a lieu lorsque la graine de moutarde est moulue puis m\u00e9lang\u00e9e avec de l&rsquo;eau. La sinalbine et la sinigrine qui se forment lors de ce processus donnent \u00e0 la moutarde son piquant et ont un effet app\u00e9tissant. Ces substances v\u00e9g\u00e9tales secondaires favorisent \u00e9galement la digestion et sont efficaces contre les bact\u00e9ries.<\/p>\n","protected":false},"excerpt":{"rendered":"<ul>\n<li>Une nutrition \u00e9quilibr\u00e9e et appropri\u00e9e pour les crevettes ornementales<\/li>\n<li>Des vitamines naturelles<\/li>\n<li>Pour un d\u00e9veloppement sain et des mues r\u00e9ussies<\/li>\n<li>Toujours savoureux m\u00eame apr\u00e8s un long s\u00e9jour dans l&rsquo;eau<\/li>\n<li>Shrimp Dinner est compos\u00e9 \u00e0 100% d&rsquo;ingr\u00e9dients naturels<\/li>\n<\/ul>\n","protected":false},"featured_media":8953,"template":"","meta":{"site-sidebar-layout":"default","site-content-layout":"default","ast-site-content-layout":"default","site-content-style":"default","site-sidebar-style":"default","ast-global-header-display":"","ast-banner-title-visibility":"","ast-main-header-display":"","ast-hfb-above-header-display":"","ast-hfb-below-header-display":"","ast-hfb-mobile-header-display":"","site-post-title":"","ast-breadcrumbs-content":"","ast-featured-img":"","footer-sml-layout":"","ast-disable-related-posts":"","theme-transparent-header-meta":"","adv-header-id-meta":"","stick-header-meta":"","header-above-stick-meta":"","header-main-stick-meta":"","header-below-stick-meta":"","astra-migrate-meta-layouts":"set","ast-page-background-enabled":"default","ast-page-background-meta":{"desktop":{"background-color":"","background-image":"","background-repeat":"repeat","background-position":"center center","background-size":"auto","background-attachment":"scroll","background-type":"","background-media":"","overlay-type":"","overlay-color":"","overlay-opacity":"","overlay-gradient":""},"tablet":{"background-color":"","background-image":"","background-repeat":"repeat","background-position":"center center","background-size":"auto","background-attachment":"scroll","background-type":"","background-media":"","overlay-type":"","overlay-color":"","overlay-opacity":"","overlay-gradient":""},"mobile":{"background-color":"","background-image":"","background-repeat":"repeat","background-position":"center center","background-size":"auto","background-attachment":"scroll","background-type":"","background-media":"","overlay-type":"","overlay-color":"","overlay-opacity":"","overlay-gradient":""}},"ast-content-background-meta":{"desktop":{"background-color":"var(--ast-global-color-5)","background-image":"","background-repeat":"repeat","background-position":"center center","background-size":"auto","background-attachment":"scroll","background-type":"","background-media":"","overlay-type":"","overlay-color":"","overlay-opacity":"","overlay-gradient":""},"tablet":{"background-color":"var(--ast-global-color-5)","background-image":"","background-repeat":"repeat","background-position":"center center","background-size":"auto","background-attachment":"scroll","background-type":"","background-media":"","overlay-type":"","overlay-color":"","overlay-opacity":"","overlay-gradient":""},"mobile":{"background-color":"var(--ast-global-color-5)","background-image":"","background-repeat":"repeat","background-position":"center center","background-size":"auto","background-attachment":"scroll","background-type":"","background-media":"","overlay-type":"","overlay-color":"","overlay-opacity":"","overlay-gradient":""}}},"product_brand":[],"product_cat":[962,1371,1389],"product_tag":[1163,1091,1037,1038],"class_list":{"0":"post-9585","1":"product","2":"type-product","3":"status-publish","4":"has-post-thumbnail","6":"product_cat-crevettes","7":"product_cat-glas-garten-fr","8":"product_cat-nutrition-pour-crevettes","9":"product_tag-dinner-fr","10":"product_tag-food-fr","11":"product_tag-shrimp-fr-2","12":"product_tag-shrimps-fr","13":"desktop-align-left","14":"tablet-align-left","15":"mobile-align-left","16":"ast-product-gallery-layout-horizontal-slider","17":"ast-product-single-variable","18":"ast-product-tabs-layout-horizontal","20":"first","21":"instock","22":"taxable","23":"shipping-taxable","24":"purchasable","25":"product-type-variable"},"yoast_head":"<!-- This site is optimized with the Yoast SEO plugin v27.2 - https:\/\/yoast.com\/product\/yoast-seo-wordpress\/ -->\n<title>Glas Garten - Shrimp Dinner 2 | Red Leaf Aquascaping<\/title>\n<meta name=\"robots\" content=\"index, follow, max-snippet:-1, max-image-preview:large, max-video-preview:-1\" \/>\n<link rel=\"canonical\" href=\"https:\/\/redleafaquascaping.com\/fr\/produit\/glas-garten-shrimp-dinner-2\/\" \/>\n<meta property=\"og:locale\" content=\"fr_FR\" \/>\n<meta property=\"og:type\" content=\"article\" \/>\n<meta property=\"og:title\" content=\"Glas Garten - Shrimp Dinner 2 | Red Leaf Aquascaping\" \/>\n<meta property=\"og:description\" content=\"Une nutrition \u00e9quilibr\u00e9e et appropri\u00e9e pour les crevettes ornementales  Des vitamines naturelles  Pour un d\u00e9veloppement sain et des mues r\u00e9ussies  Toujours savoureux m\u00eame apr\u00e8s un long s\u00e9jour dans l&#039;eau  Shrimp Dinner est compos\u00e9 \u00e0 100% d&#039;ingr\u00e9dients naturels\" \/>\n<meta property=\"og:url\" content=\"https:\/\/redleafaquascaping.com\/fr\/produit\/glas-garten-shrimp-dinner-2\/\" \/>\n<meta property=\"og:site_name\" content=\"Red Leaf Aquascaping\" \/>\n<meta property=\"article:publisher\" content=\"https:\/\/www.facebook.com\/Redleafaqua\" \/>\n<meta property=\"article:modified_time\" content=\"2023-11-22T18:38:34+00:00\" \/>\n<meta property=\"og:image\" content=\"https:\/\/redleafaquascaping.com\/wp-content\/uploads\/2022\/03\/glasgarten-shrimp-dinner-2-garnelenfutter-shrimp-feed_600x600.jpg\" \/>\n\t<meta property=\"og:image:width\" content=\"600\" \/>\n\t<meta property=\"og:image:height\" content=\"450\" \/>\n\t<meta property=\"og:image:type\" content=\"image\/jpeg\" \/>\n<meta name=\"twitter:card\" content=\"summary_large_image\" \/>\n<meta name=\"twitter:label1\" content=\"Dur\u00e9e de lecture estim\u00e9e\" \/>\n\t<meta name=\"twitter:data1\" content=\"4 minutes\" \/>\n<script type=\"application\/ld+json\" class=\"yoast-schema-graph\">{\"@context\":\"https:\/\/schema.org\",\"@graph\":[{\"@type\":\"WebPage\",\"@id\":\"https:\/\/redleafaquascaping.com\/fr\/produit\/glas-garten-shrimp-dinner-2\/\",\"url\":\"https:\/\/redleafaquascaping.com\/fr\/produit\/glas-garten-shrimp-dinner-2\/\",\"name\":\"Glas Garten - Shrimp Dinner 2 | Red Leaf Aquascaping\",\"isPartOf\":{\"@id\":\"https:\/\/redleafaquascaping.com\/#website\"},\"primaryImageOfPage\":{\"@id\":\"https:\/\/redleafaquascaping.com\/fr\/produit\/glas-garten-shrimp-dinner-2\/#primaryimage\"},\"image\":{\"@id\":\"https:\/\/redleafaquascaping.com\/fr\/produit\/glas-garten-shrimp-dinner-2\/#primaryimage\"},\"thumbnailUrl\":\"https:\/\/redleafaquascaping.com\/wp-content\/uploads\/2022\/03\/glasgarten-shrimp-dinner-2-garnelenfutter-shrimp-feed_600x600.jpg\",\"datePublished\":\"2023-09-13T18:08:43+00:00\",\"dateModified\":\"2023-11-22T18:38:34+00:00\",\"breadcrumb\":{\"@id\":\"https:\/\/redleafaquascaping.com\/fr\/produit\/glas-garten-shrimp-dinner-2\/#breadcrumb\"},\"inLanguage\":\"fr-FR\",\"potentialAction\":[{\"@type\":\"ReadAction\",\"target\":[\"https:\/\/redleafaquascaping.com\/fr\/produit\/glas-garten-shrimp-dinner-2\/\"]}]},{\"@type\":\"ImageObject\",\"inLanguage\":\"fr-FR\",\"@id\":\"https:\/\/redleafaquascaping.com\/fr\/produit\/glas-garten-shrimp-dinner-2\/#primaryimage\",\"url\":\"https:\/\/redleafaquascaping.com\/wp-content\/uploads\/2022\/03\/glasgarten-shrimp-dinner-2-garnelenfutter-shrimp-feed_600x600.jpg\",\"contentUrl\":\"https:\/\/redleafaquascaping.com\/wp-content\/uploads\/2022\/03\/glasgarten-shrimp-dinner-2-garnelenfutter-shrimp-feed_600x600.jpg\",\"width\":600,\"height\":450},{\"@type\":\"BreadcrumbList\",\"@id\":\"https:\/\/redleafaquascaping.com\/fr\/produit\/glas-garten-shrimp-dinner-2\/#breadcrumb\",\"itemListElement\":[{\"@type\":\"ListItem\",\"position\":1,\"name\":\"Home\",\"item\":\"https:\/\/redleafaquascaping.com\/fr\/\"},{\"@type\":\"ListItem\",\"position\":2,\"name\":\"Magasinez\",\"item\":\"https:\/\/redleafaquascaping.com\/fr\/magasinez\/\"},{\"@type\":\"ListItem\",\"position\":3,\"name\":\"Glas Garten &#8211; Shrimp Dinner 2\"}]},{\"@type\":\"WebSite\",\"@id\":\"https:\/\/redleafaquascaping.com\/#website\",\"url\":\"https:\/\/redleafaquascaping.com\/\",\"name\":\"Red Leaf Aquascaping\",\"description\":\"Online Aquascaping Equipment Store\",\"publisher\":{\"@id\":\"https:\/\/redleafaquascaping.com\/#organization\"},\"potentialAction\":[{\"@type\":\"SearchAction\",\"target\":{\"@type\":\"EntryPoint\",\"urlTemplate\":\"https:\/\/redleafaquascaping.com\/?s={search_term_string}\"},\"query-input\":{\"@type\":\"PropertyValueSpecification\",\"valueRequired\":true,\"valueName\":\"search_term_string\"}}],\"inLanguage\":\"fr-FR\"},{\"@type\":\"Organization\",\"@id\":\"https:\/\/redleafaquascaping.com\/#organization\",\"name\":\"Aquascaping Red Leaf\",\"alternateName\":\"Red Leaf\",\"url\":\"https:\/\/redleafaquascaping.com\/\",\"logo\":{\"@type\":\"ImageObject\",\"inLanguage\":\"fr-FR\",\"@id\":\"https:\/\/redleafaquascaping.com\/#\/schema\/logo\/image\/\",\"url\":\"https:\/\/redleafaquascaping.com\/wp-content\/uploads\/2024\/08\/logo-seo.jpg\",\"contentUrl\":\"https:\/\/redleafaquascaping.com\/wp-content\/uploads\/2024\/08\/logo-seo.jpg\",\"width\":696,\"height\":696,\"caption\":\"Aquascaping Red Leaf\"},\"image\":{\"@id\":\"https:\/\/redleafaquascaping.com\/#\/schema\/logo\/image\/\"},\"sameAs\":[\"https:\/\/www.facebook.com\/Redleafaqua\"]}]}<\/script>\n<!-- \/ Yoast SEO plugin. -->","yoast_head_json":{"title":"Glas Garten - Shrimp Dinner 2 | Red Leaf Aquascaping","robots":{"index":"index","follow":"follow","max-snippet":"max-snippet:-1","max-image-preview":"max-image-preview:large","max-video-preview":"max-video-preview:-1"},"canonical":"https:\/\/redleafaquascaping.com\/fr\/produit\/glas-garten-shrimp-dinner-2\/","og_locale":"fr_FR","og_type":"article","og_title":"Glas Garten - Shrimp Dinner 2 | Red Leaf Aquascaping","og_description":"Une nutrition \u00e9quilibr\u00e9e et appropri\u00e9e pour les crevettes ornementales  Des vitamines naturelles  Pour un d\u00e9veloppement sain et des mues r\u00e9ussies  Toujours savoureux m\u00eame apr\u00e8s un long s\u00e9jour dans l'eau  Shrimp Dinner est compos\u00e9 \u00e0 100% d'ingr\u00e9dients naturels","og_url":"https:\/\/redleafaquascaping.com\/fr\/produit\/glas-garten-shrimp-dinner-2\/","og_site_name":"Red Leaf Aquascaping","article_publisher":"https:\/\/www.facebook.com\/Redleafaqua","article_modified_time":"2023-11-22T18:38:34+00:00","og_image":[{"width":600,"height":450,"url":"https:\/\/redleafaquascaping.com\/wp-content\/uploads\/2022\/03\/glasgarten-shrimp-dinner-2-garnelenfutter-shrimp-feed_600x600.jpg","type":"image\/jpeg"}],"twitter_card":"summary_large_image","twitter_misc":{"Dur\u00e9e de lecture estim\u00e9e":"4 minutes"},"schema":{"@context":"https:\/\/schema.org","@graph":[{"@type":"WebPage","@id":"https:\/\/redleafaquascaping.com\/fr\/produit\/glas-garten-shrimp-dinner-2\/","url":"https:\/\/redleafaquascaping.com\/fr\/produit\/glas-garten-shrimp-dinner-2\/","name":"Glas Garten - Shrimp Dinner 2 | Red Leaf Aquascaping","isPartOf":{"@id":"https:\/\/redleafaquascaping.com\/#website"},"primaryImageOfPage":{"@id":"https:\/\/redleafaquascaping.com\/fr\/produit\/glas-garten-shrimp-dinner-2\/#primaryimage"},"image":{"@id":"https:\/\/redleafaquascaping.com\/fr\/produit\/glas-garten-shrimp-dinner-2\/#primaryimage"},"thumbnailUrl":"https:\/\/redleafaquascaping.com\/wp-content\/uploads\/2022\/03\/glasgarten-shrimp-dinner-2-garnelenfutter-shrimp-feed_600x600.jpg","datePublished":"2023-09-13T18:08:43+00:00","dateModified":"2023-11-22T18:38:34+00:00","breadcrumb":{"@id":"https:\/\/redleafaquascaping.com\/fr\/produit\/glas-garten-shrimp-dinner-2\/#breadcrumb"},"inLanguage":"fr-FR","potentialAction":[{"@type":"ReadAction","target":["https:\/\/redleafaquascaping.com\/fr\/produit\/glas-garten-shrimp-dinner-2\/"]}]},{"@type":"ImageObject","inLanguage":"fr-FR","@id":"https:\/\/redleafaquascaping.com\/fr\/produit\/glas-garten-shrimp-dinner-2\/#primaryimage","url":"https:\/\/redleafaquascaping.com\/wp-content\/uploads\/2022\/03\/glasgarten-shrimp-dinner-2-garnelenfutter-shrimp-feed_600x600.jpg","contentUrl":"https:\/\/redleafaquascaping.com\/wp-content\/uploads\/2022\/03\/glasgarten-shrimp-dinner-2-garnelenfutter-shrimp-feed_600x600.jpg","width":600,"height":450},{"@type":"BreadcrumbList","@id":"https:\/\/redleafaquascaping.com\/fr\/produit\/glas-garten-shrimp-dinner-2\/#breadcrumb","itemListElement":[{"@type":"ListItem","position":1,"name":"Home","item":"https:\/\/redleafaquascaping.com\/fr\/"},{"@type":"ListItem","position":2,"name":"Magasinez","item":"https:\/\/redleafaquascaping.com\/fr\/magasinez\/"},{"@type":"ListItem","position":3,"name":"Glas Garten &#8211; Shrimp Dinner 2"}]},{"@type":"WebSite","@id":"https:\/\/redleafaquascaping.com\/#website","url":"https:\/\/redleafaquascaping.com\/","name":"Red Leaf Aquascaping","description":"Online Aquascaping Equipment Store","publisher":{"@id":"https:\/\/redleafaquascaping.com\/#organization"},"potentialAction":[{"@type":"SearchAction","target":{"@type":"EntryPoint","urlTemplate":"https:\/\/redleafaquascaping.com\/?s={search_term_string}"},"query-input":{"@type":"PropertyValueSpecification","valueRequired":true,"valueName":"search_term_string"}}],"inLanguage":"fr-FR"},{"@type":"Organization","@id":"https:\/\/redleafaquascaping.com\/#organization","name":"Aquascaping Red Leaf","alternateName":"Red Leaf","url":"https:\/\/redleafaquascaping.com\/","logo":{"@type":"ImageObject","inLanguage":"fr-FR","@id":"https:\/\/redleafaquascaping.com\/#\/schema\/logo\/image\/","url":"https:\/\/redleafaquascaping.com\/wp-content\/uploads\/2024\/08\/logo-seo.jpg","contentUrl":"https:\/\/redleafaquascaping.com\/wp-content\/uploads\/2024\/08\/logo-seo.jpg","width":696,"height":696,"caption":"Aquascaping Red Leaf"},"image":{"@id":"https:\/\/redleafaquascaping.com\/#\/schema\/logo\/image\/"},"sameAs":["https:\/\/www.facebook.com\/Redleafaqua"]}]}},"_links":{"self":[{"href":"https:\/\/redleafaquascaping.com\/fr\/wp-json\/wp\/v2\/product\/9585","targetHints":{"allow":["GET"]}}],"collection":[{"href":"https:\/\/redleafaquascaping.com\/fr\/wp-json\/wp\/v2\/product"}],"about":[{"href":"https:\/\/redleafaquascaping.com\/fr\/wp-json\/wp\/v2\/types\/product"}],"wp:featuredmedia":[{"embeddable":true,"href":"https:\/\/redleafaquascaping.com\/fr\/wp-json\/wp\/v2\/media\/8953"}],"wp:attachment":[{"href":"https:\/\/redleafaquascaping.com\/fr\/wp-json\/wp\/v2\/media?parent=9585"}],"wp:term":[{"taxonomy":"product_brand","embeddable":true,"href":"https:\/\/redleafaquascaping.com\/fr\/wp-json\/wp\/v2\/product_brand?post=9585"},{"taxonomy":"product_cat","embeddable":true,"href":"https:\/\/redleafaquascaping.com\/fr\/wp-json\/wp\/v2\/product_cat?post=9585"},{"taxonomy":"product_tag","embeddable":true,"href":"https:\/\/redleafaquascaping.com\/fr\/wp-json\/wp\/v2\/product_tag?post=9585"}],"curies":[{"name":"wp","href":"https:\/\/api.w.org\/{rel}","templated":true}]}}