{"id":9592,"date":"2021-10-19T14:14:51","date_gmt":"2023-09-13T18:32:50","guid":{"rendered":"https:\/\/redleafaquascaping.com\/?post_type=product&#038;p=9592"},"modified":"2023-10-25T14:20:10","modified_gmt":"2023-10-25T18:20:10","slug":"dooa-huile-essentielle-kuromoji-1ml","status":"publish","type":"product","link":"https:\/\/redleafaquascaping.com\/fr\/produit\/dooa-huile-essentielle-kuromoji-1ml\/","title":{"rendered":"DOOA HUILE ESSENTIELLE KUROMOJI (1ML)"},"content":{"rendered":"<p>L&rsquo;huile essentielle a \u00e9t\u00e9 lanc\u00e9e par DOOA sp\u00e9cifiquement pour une utilisation avec le Socle en Bois SHIZUKU (vendu s\u00e9par\u00e9ment). Cette huile essentielle naturelle est extraite d&rsquo;arbres qui poussent \u00e0 Niigata, au Japon. Pour obtenir 1 ml de cette huile concentr\u00e9e, 1 kg de mati\u00e8re v\u00e9g\u00e9tale est utilis\u00e9. Toutes les \u00e9tapes de production, de l&rsquo;approvisionnement en mati\u00e8res premi\u00e8res \u00e0 la distillation et \u00e0 la mise en bouteille, sont soumises \u00e0 un strict contr\u00f4le de la qualit\u00e9. Le r\u00e9sultat est un parfum authentique et riche que les produits synth\u00e9tiques ne peuvent pas \u00e9galer.<br \/>\nEn utilisant ces huiles essentielles au parfum bois\u00e9 s\u00e9lectionn\u00e9es combin\u00e9es avec le mat\u00e9riau naturel du Socle en Bois DOOA et un Pot en Verre SHIZUKU joliment plant\u00e9, une atmosph\u00e8re harmonieuse pour les sens sera cr\u00e9\u00e9e.<\/p>\n<p>Les huiles sont pr\u00e9sent\u00e9es dans un \u00e9l\u00e9gant \u00e9tui en bois de c\u00e8dre japonais de la pr\u00e9fecture de Niigata.<\/p>\n","protected":false},"excerpt":{"rendered":"<ul>\n<li>Huiles essentielles japonaises de DOOA<\/li>\n<li>100% naturel<\/li>\n<li>Cr\u00e9e une atmosph\u00e8re relaxante<\/li>\n<li>Destin\u00e9 \u00e0 \u00eatre utilis\u00e9 avec la base en bois SHIZUKU (vendue s\u00e9par\u00e9ment)<\/li>\n<\/ul>\n<p><a href=\"https:\/\/www.adana.co.jp\/wp-content\/uploads\/sites\/3\/2020\/09\/essential_oil_s_en.pdf\" target=\"_blank\" rel=\"noopener\">Instruction Manual in PDF<\/a><\/p>\n","protected":false},"featured_media":5016,"template":"","meta":{"site-sidebar-layout":"default","site-content-layout":"","ast-site-content-layout":"default","site-content-style":"default","site-sidebar-style":"default","ast-global-header-display":"","ast-banner-title-visibility":"","ast-main-header-display":"","ast-hfb-above-header-display":"","ast-hfb-below-header-display":"","ast-hfb-mobile-header-display":"","site-post-title":"","ast-breadcrumbs-content":"","ast-featured-img":"","footer-sml-layout":"","ast-disable-related-posts":"","theme-transparent-header-meta":"","adv-header-id-meta":"","stick-header-meta":"","header-above-stick-meta":"","header-main-stick-meta":"","header-below-stick-meta":"","astra-migrate-meta-layouts":"set","ast-page-background-enabled":"default","ast-page-background-meta":{"desktop":{"background-color":"","background-image":"","background-repeat":"repeat","background-position":"center center","background-size":"auto","background-attachment":"scroll","background-type":"","background-media":"","overlay-type":"","overlay-color":"","overlay-opacity":"","overlay-gradient":""},"tablet":{"background-color":"","background-image":"","background-repeat":"repeat","background-position":"center center","background-size":"auto","background-attachment":"scroll","background-type":"","background-media":"","overlay-type":"","overlay-color":"","overlay-opacity":"","overlay-gradient":""},"mobile":{"background-color":"","background-image":"","background-repeat":"repeat","background-position":"center center","background-size":"auto","background-attachment":"scroll","background-type":"","background-media":"","overlay-type":"","overlay-color":"","overlay-opacity":"","overlay-gradient":""}},"ast-content-background-meta":{"desktop":{"background-color":"var(--ast-global-color-5)","background-image":"","background-repeat":"repeat","background-position":"center center","background-size":"auto","background-attachment":"scroll","background-type":"","background-media":"","overlay-type":"","overlay-color":"","overlay-opacity":"","overlay-gradient":""},"tablet":{"background-color":"var(--ast-global-color-5)","background-image":"","background-repeat":"repeat","background-position":"center center","background-size":"auto","background-attachment":"scroll","background-type":"","background-media":"","overlay-type":"","overlay-color":"","overlay-opacity":"","overlay-gradient":""},"mobile":{"background-color":"var(--ast-global-color-5)","background-image":"","background-repeat":"repeat","background-position":"center center","background-size":"auto","background-attachment":"scroll","background-type":"","background-media":"","overlay-type":"","overlay-color":"","overlay-opacity":"","overlay-gradient":""}}},"product_brand":[],"product_cat":[1369,1246],"product_tag":[1112,1172,1171],"class_list":{"0":"post-9592","1":"product","2":"type-product","3":"status-publish","4":"has-post-thumbnail","6":"product_cat-dooa-fr","7":"product_cat-wabi-kusa-fr","8":"product_tag-dooa-fr","9":"product_tag-essential-fr","10":"product_tag-oil-fr","11":"desktop-align-left","12":"tablet-align-left","13":"mobile-align-left","14":"ast-product-gallery-layout-horizontal-slider","15":"ast-product-tabs-layout-horizontal","17":"first","18":"instock","19":"taxable","20":"shipping-taxable","21":"purchasable","22":"product-type-simple"},"yoast_head":"<!-- This site is optimized with the Yoast SEO plugin v27.2 - https:\/\/yoast.com\/product\/yoast-seo-wordpress\/ -->\n<title>DOOA HUILE ESSENTIELLE KUROMOJI (1ML) | Red Leaf Aquascaping<\/title>\n<meta name=\"robots\" content=\"index, follow, max-snippet:-1, max-image-preview:large, max-video-preview:-1\" \/>\n<link rel=\"canonical\" href=\"https:\/\/redleafaquascaping.com\/fr\/produit\/dooa-huile-essentielle-kuromoji-1ml\/\" \/>\n<meta property=\"og:locale\" content=\"fr_FR\" \/>\n<meta property=\"og:type\" content=\"article\" \/>\n<meta property=\"og:title\" content=\"DOOA HUILE ESSENTIELLE KUROMOJI (1ML) | Red Leaf Aquascaping\" \/>\n<meta property=\"og:description\" content=\"Huiles essentielles japonaises de DOOA  100% naturel  Cr\u00e9e une atmosph\u00e8re relaxante  Destin\u00e9 \u00e0 \u00eatre utilis\u00e9 avec la base en bois SHIZUKU (vendue s\u00e9par\u00e9ment)  Instruction Manual in PDF\" \/>\n<meta property=\"og:url\" content=\"https:\/\/redleafaquascaping.com\/fr\/produit\/dooa-huile-essentielle-kuromoji-1ml\/\" \/>\n<meta property=\"og:site_name\" content=\"Red Leaf Aquascaping\" \/>\n<meta property=\"article:publisher\" content=\"https:\/\/www.facebook.com\/Redleafaqua\" \/>\n<meta property=\"article:modified_time\" content=\"2023-10-25T18:20:10+00:00\" \/>\n<meta property=\"og:image\" content=\"https:\/\/redleafaquascaping.com\/wp-content\/uploads\/2021\/10\/ESSENTIALOIL_KUROMOJI_086A3902_square_sml_1024x1024.jpg\" \/>\n\t<meta property=\"og:image:width\" content=\"1024\" \/>\n\t<meta property=\"og:image:height\" content=\"1024\" \/>\n\t<meta property=\"og:image:type\" content=\"image\/jpeg\" \/>\n<meta name=\"twitter:card\" content=\"summary_large_image\" \/>\n<meta name=\"twitter:label1\" content=\"Dur\u00e9e de lecture estim\u00e9e\" \/>\n\t<meta name=\"twitter:data1\" content=\"1 minute\" \/>\n<script type=\"application\/ld+json\" class=\"yoast-schema-graph\">{\"@context\":\"https:\/\/schema.org\",\"@graph\":[{\"@type\":\"WebPage\",\"@id\":\"https:\/\/redleafaquascaping.com\/fr\/produit\/dooa-huile-essentielle-kuromoji-1ml\/\",\"url\":\"https:\/\/redleafaquascaping.com\/fr\/produit\/dooa-huile-essentielle-kuromoji-1ml\/\",\"name\":\"DOOA HUILE ESSENTIELLE KUROMOJI (1ML) | Red Leaf Aquascaping\",\"isPartOf\":{\"@id\":\"https:\/\/redleafaquascaping.com\/#website\"},\"primaryImageOfPage\":{\"@id\":\"https:\/\/redleafaquascaping.com\/fr\/produit\/dooa-huile-essentielle-kuromoji-1ml\/#primaryimage\"},\"image\":{\"@id\":\"https:\/\/redleafaquascaping.com\/fr\/produit\/dooa-huile-essentielle-kuromoji-1ml\/#primaryimage\"},\"thumbnailUrl\":\"https:\/\/redleafaquascaping.com\/wp-content\/uploads\/2021\/10\/ESSENTIALOIL_KUROMOJI_086A3902_square_sml_1024x1024.jpg\",\"datePublished\":\"2023-09-13T18:32:50+00:00\",\"dateModified\":\"2023-10-25T18:20:10+00:00\",\"breadcrumb\":{\"@id\":\"https:\/\/redleafaquascaping.com\/fr\/produit\/dooa-huile-essentielle-kuromoji-1ml\/#breadcrumb\"},\"inLanguage\":\"fr-FR\",\"potentialAction\":[{\"@type\":\"ReadAction\",\"target\":[\"https:\/\/redleafaquascaping.com\/fr\/produit\/dooa-huile-essentielle-kuromoji-1ml\/\"]}]},{\"@type\":\"ImageObject\",\"inLanguage\":\"fr-FR\",\"@id\":\"https:\/\/redleafaquascaping.com\/fr\/produit\/dooa-huile-essentielle-kuromoji-1ml\/#primaryimage\",\"url\":\"https:\/\/redleafaquascaping.com\/wp-content\/uploads\/2021\/10\/ESSENTIALOIL_KUROMOJI_086A3902_square_sml_1024x1024.jpg\",\"contentUrl\":\"https:\/\/redleafaquascaping.com\/wp-content\/uploads\/2021\/10\/ESSENTIALOIL_KUROMOJI_086A3902_square_sml_1024x1024.jpg\",\"width\":1024,\"height\":1024},{\"@type\":\"BreadcrumbList\",\"@id\":\"https:\/\/redleafaquascaping.com\/fr\/produit\/dooa-huile-essentielle-kuromoji-1ml\/#breadcrumb\",\"itemListElement\":[{\"@type\":\"ListItem\",\"position\":1,\"name\":\"Home\",\"item\":\"https:\/\/redleafaquascaping.com\/fr\/\"},{\"@type\":\"ListItem\",\"position\":2,\"name\":\"Magasinez\",\"item\":\"https:\/\/redleafaquascaping.com\/fr\/magasinez\/\"},{\"@type\":\"ListItem\",\"position\":3,\"name\":\"DOOA HUILE ESSENTIELLE KUROMOJI (1ML)\"}]},{\"@type\":\"WebSite\",\"@id\":\"https:\/\/redleafaquascaping.com\/#website\",\"url\":\"https:\/\/redleafaquascaping.com\/\",\"name\":\"Red Leaf Aquascaping\",\"description\":\"Online Aquascaping Equipment Store\",\"publisher\":{\"@id\":\"https:\/\/redleafaquascaping.com\/#organization\"},\"potentialAction\":[{\"@type\":\"SearchAction\",\"target\":{\"@type\":\"EntryPoint\",\"urlTemplate\":\"https:\/\/redleafaquascaping.com\/?s={search_term_string}\"},\"query-input\":{\"@type\":\"PropertyValueSpecification\",\"valueRequired\":true,\"valueName\":\"search_term_string\"}}],\"inLanguage\":\"fr-FR\"},{\"@type\":\"Organization\",\"@id\":\"https:\/\/redleafaquascaping.com\/#organization\",\"name\":\"Aquascaping Red Leaf\",\"alternateName\":\"Red Leaf\",\"url\":\"https:\/\/redleafaquascaping.com\/\",\"logo\":{\"@type\":\"ImageObject\",\"inLanguage\":\"fr-FR\",\"@id\":\"https:\/\/redleafaquascaping.com\/#\/schema\/logo\/image\/\",\"url\":\"https:\/\/redleafaquascaping.com\/wp-content\/uploads\/2024\/08\/logo-seo.jpg\",\"contentUrl\":\"https:\/\/redleafaquascaping.com\/wp-content\/uploads\/2024\/08\/logo-seo.jpg\",\"width\":696,\"height\":696,\"caption\":\"Aquascaping Red Leaf\"},\"image\":{\"@id\":\"https:\/\/redleafaquascaping.com\/#\/schema\/logo\/image\/\"},\"sameAs\":[\"https:\/\/www.facebook.com\/Redleafaqua\"]}]}<\/script>\n<!-- \/ Yoast SEO plugin. -->","yoast_head_json":{"title":"DOOA HUILE ESSENTIELLE KUROMOJI (1ML) | Red Leaf Aquascaping","robots":{"index":"index","follow":"follow","max-snippet":"max-snippet:-1","max-image-preview":"max-image-preview:large","max-video-preview":"max-video-preview:-1"},"canonical":"https:\/\/redleafaquascaping.com\/fr\/produit\/dooa-huile-essentielle-kuromoji-1ml\/","og_locale":"fr_FR","og_type":"article","og_title":"DOOA HUILE ESSENTIELLE KUROMOJI (1ML) | Red Leaf Aquascaping","og_description":"Huiles essentielles japonaises de DOOA  100% naturel  Cr\u00e9e une atmosph\u00e8re relaxante  Destin\u00e9 \u00e0 \u00eatre utilis\u00e9 avec la base en bois SHIZUKU (vendue s\u00e9par\u00e9ment)  Instruction Manual in PDF","og_url":"https:\/\/redleafaquascaping.com\/fr\/produit\/dooa-huile-essentielle-kuromoji-1ml\/","og_site_name":"Red Leaf Aquascaping","article_publisher":"https:\/\/www.facebook.com\/Redleafaqua","article_modified_time":"2023-10-25T18:20:10+00:00","og_image":[{"width":1024,"height":1024,"url":"https:\/\/redleafaquascaping.com\/wp-content\/uploads\/2021\/10\/ESSENTIALOIL_KUROMOJI_086A3902_square_sml_1024x1024.jpg","type":"image\/jpeg"}],"twitter_card":"summary_large_image","twitter_misc":{"Dur\u00e9e de lecture estim\u00e9e":"1 minute"},"schema":{"@context":"https:\/\/schema.org","@graph":[{"@type":"WebPage","@id":"https:\/\/redleafaquascaping.com\/fr\/produit\/dooa-huile-essentielle-kuromoji-1ml\/","url":"https:\/\/redleafaquascaping.com\/fr\/produit\/dooa-huile-essentielle-kuromoji-1ml\/","name":"DOOA HUILE ESSENTIELLE KUROMOJI (1ML) | Red Leaf Aquascaping","isPartOf":{"@id":"https:\/\/redleafaquascaping.com\/#website"},"primaryImageOfPage":{"@id":"https:\/\/redleafaquascaping.com\/fr\/produit\/dooa-huile-essentielle-kuromoji-1ml\/#primaryimage"},"image":{"@id":"https:\/\/redleafaquascaping.com\/fr\/produit\/dooa-huile-essentielle-kuromoji-1ml\/#primaryimage"},"thumbnailUrl":"https:\/\/redleafaquascaping.com\/wp-content\/uploads\/2021\/10\/ESSENTIALOIL_KUROMOJI_086A3902_square_sml_1024x1024.jpg","datePublished":"2023-09-13T18:32:50+00:00","dateModified":"2023-10-25T18:20:10+00:00","breadcrumb":{"@id":"https:\/\/redleafaquascaping.com\/fr\/produit\/dooa-huile-essentielle-kuromoji-1ml\/#breadcrumb"},"inLanguage":"fr-FR","potentialAction":[{"@type":"ReadAction","target":["https:\/\/redleafaquascaping.com\/fr\/produit\/dooa-huile-essentielle-kuromoji-1ml\/"]}]},{"@type":"ImageObject","inLanguage":"fr-FR","@id":"https:\/\/redleafaquascaping.com\/fr\/produit\/dooa-huile-essentielle-kuromoji-1ml\/#primaryimage","url":"https:\/\/redleafaquascaping.com\/wp-content\/uploads\/2021\/10\/ESSENTIALOIL_KUROMOJI_086A3902_square_sml_1024x1024.jpg","contentUrl":"https:\/\/redleafaquascaping.com\/wp-content\/uploads\/2021\/10\/ESSENTIALOIL_KUROMOJI_086A3902_square_sml_1024x1024.jpg","width":1024,"height":1024},{"@type":"BreadcrumbList","@id":"https:\/\/redleafaquascaping.com\/fr\/produit\/dooa-huile-essentielle-kuromoji-1ml\/#breadcrumb","itemListElement":[{"@type":"ListItem","position":1,"name":"Home","item":"https:\/\/redleafaquascaping.com\/fr\/"},{"@type":"ListItem","position":2,"name":"Magasinez","item":"https:\/\/redleafaquascaping.com\/fr\/magasinez\/"},{"@type":"ListItem","position":3,"name":"DOOA HUILE ESSENTIELLE KUROMOJI (1ML)"}]},{"@type":"WebSite","@id":"https:\/\/redleafaquascaping.com\/#website","url":"https:\/\/redleafaquascaping.com\/","name":"Red Leaf Aquascaping","description":"Online Aquascaping Equipment Store","publisher":{"@id":"https:\/\/redleafaquascaping.com\/#organization"},"potentialAction":[{"@type":"SearchAction","target":{"@type":"EntryPoint","urlTemplate":"https:\/\/redleafaquascaping.com\/?s={search_term_string}"},"query-input":{"@type":"PropertyValueSpecification","valueRequired":true,"valueName":"search_term_string"}}],"inLanguage":"fr-FR"},{"@type":"Organization","@id":"https:\/\/redleafaquascaping.com\/#organization","name":"Aquascaping Red Leaf","alternateName":"Red Leaf","url":"https:\/\/redleafaquascaping.com\/","logo":{"@type":"ImageObject","inLanguage":"fr-FR","@id":"https:\/\/redleafaquascaping.com\/#\/schema\/logo\/image\/","url":"https:\/\/redleafaquascaping.com\/wp-content\/uploads\/2024\/08\/logo-seo.jpg","contentUrl":"https:\/\/redleafaquascaping.com\/wp-content\/uploads\/2024\/08\/logo-seo.jpg","width":696,"height":696,"caption":"Aquascaping Red Leaf"},"image":{"@id":"https:\/\/redleafaquascaping.com\/#\/schema\/logo\/image\/"},"sameAs":["https:\/\/www.facebook.com\/Redleafaqua"]}]}},"_links":{"self":[{"href":"https:\/\/redleafaquascaping.com\/fr\/wp-json\/wp\/v2\/product\/9592","targetHints":{"allow":["GET"]}}],"collection":[{"href":"https:\/\/redleafaquascaping.com\/fr\/wp-json\/wp\/v2\/product"}],"about":[{"href":"https:\/\/redleafaquascaping.com\/fr\/wp-json\/wp\/v2\/types\/product"}],"wp:featuredmedia":[{"embeddable":true,"href":"https:\/\/redleafaquascaping.com\/fr\/wp-json\/wp\/v2\/media\/5016"}],"wp:attachment":[{"href":"https:\/\/redleafaquascaping.com\/fr\/wp-json\/wp\/v2\/media?parent=9592"}],"wp:term":[{"taxonomy":"product_brand","embeddable":true,"href":"https:\/\/redleafaquascaping.com\/fr\/wp-json\/wp\/v2\/product_brand?post=9592"},{"taxonomy":"product_cat","embeddable":true,"href":"https:\/\/redleafaquascaping.com\/fr\/wp-json\/wp\/v2\/product_cat?post=9592"},{"taxonomy":"product_tag","embeddable":true,"href":"https:\/\/redleafaquascaping.com\/fr\/wp-json\/wp\/v2\/product_tag?post=9592"}],"curies":[{"name":"wp","href":"https:\/\/api.w.org\/{rel}","templated":true}]}}