{"id":9613,"date":"2021-10-19T14:36:52","date_gmt":"2023-09-20T14:46:41","guid":{"rendered":"https:\/\/redleafaquascaping.com\/?post_type=product&#038;p=9613"},"modified":"2023-10-03T11:53:12","modified_gmt":"2023-10-03T15:53:12","slug":"dooa-magnet-light-mounting-arm-for-wood-base","status":"publish","type":"product","link":"https:\/\/redleafaquascaping.com\/fr\/produit\/dooa-magnet-light-mounting-arm-for-wood-base\/","title":{"rendered":"DOOA MAGNET BRAS DE MONTAGE DE LUMI\u00c8RE (POUR BASE EN BOIS)"},"content":{"rendered":"<p>Le bras de montage DOOA Magnet Light est sp\u00e9cialement con\u00e7u pour \u00eatre viss\u00e9 sur la base en bois DOOA SHIZUKU, afin d&rsquo;am\u00e9liorer n&rsquo;importe quel projet DOOA Glass Pot SHIZUKU avec un \u00e9clairage optimal. Le DOOA Magnet Light G s&rsquo;adapte parfaitement sur le bras.<\/p>\n<p>Sur le bras de montage, il y a un trou pour le cordon d&rsquo;alimentation de la lumi\u00e8re, de sorte qu&rsquo;il puisse \u00eatre dissimul\u00e9 derri\u00e8re le bras largement, exquis\u00e9ment et intemporellement con\u00e7u. Pour maintenir le cordon en place, vous pouvez utiliser l&rsquo;autocollant de cordon fourni. Pour fixer le bras de montage sur la base en bois, il est livr\u00e9 avec quatre vis sp\u00e9ciales pour le bois. Il est recommand\u00e9 de pr\u00e9-percer des trous dans le bois pour une installation plus facile.<\/p>\n<p>Le Magnet Light, la base en bois et le Glass Pot SHIZUKU ne sont pas inclus dans la livraison et peuvent \u00eatre command\u00e9s s\u00e9par\u00e9ment.<\/p>\n<div class=\"ast-oembed-container \" style=\"height: 100%;\"><iframe title=\"[ADAview] MAGNET LIGHT G -\u30de\u30af\u3099\u30cd\u30c3\u30c8\u30e9\u30a4\u30c8G-\" width=\"500\" height=\"375\" src=\"https:\/\/www.youtube.com\/embed\/zCXkXbvYkRU?feature=oembed\" frameborder=\"0\" allow=\"accelerometer; autoplay; clipboard-write; encrypted-media; gyroscope; picture-in-picture; web-share\" referrerpolicy=\"strict-origin-when-cross-origin\" allowfullscreen><\/iframe><\/div>\n","protected":false},"excerpt":{"rendered":"<ul>\n<li>Bras pour fixer la lampe magn\u00e9tique DOOA sur la base en bois DOOA<\/li>\n<li>Accessoire original de DOOA<\/li>\n<li>Utiliser uniquement avec des r\u00e9servoirs d&rsquo;eau douce<\/li>\n<\/ul>\n","protected":false},"featured_media":5029,"template":"","meta":{"site-sidebar-layout":"default","site-content-layout":"","ast-site-content-layout":"default","site-content-style":"default","site-sidebar-style":"default","ast-global-header-display":"","ast-banner-title-visibility":"","ast-main-header-display":"","ast-hfb-above-header-display":"","ast-hfb-below-header-display":"","ast-hfb-mobile-header-display":"","site-post-title":"","ast-breadcrumbs-content":"","ast-featured-img":"","footer-sml-layout":"","ast-disable-related-posts":"","theme-transparent-header-meta":"","adv-header-id-meta":"","stick-header-meta":"","header-above-stick-meta":"","header-main-stick-meta":"","header-below-stick-meta":"","astra-migrate-meta-layouts":"set","ast-page-background-enabled":"default","ast-page-background-meta":{"desktop":{"background-color":"","background-image":"","background-repeat":"repeat","background-position":"center center","background-size":"auto","background-attachment":"scroll","background-type":"","background-media":"","overlay-type":"","overlay-color":"","overlay-opacity":"","overlay-gradient":""},"tablet":{"background-color":"","background-image":"","background-repeat":"repeat","background-position":"center center","background-size":"auto","background-attachment":"scroll","background-type":"","background-media":"","overlay-type":"","overlay-color":"","overlay-opacity":"","overlay-gradient":""},"mobile":{"background-color":"","background-image":"","background-repeat":"repeat","background-position":"center center","background-size":"auto","background-attachment":"scroll","background-type":"","background-media":"","overlay-type":"","overlay-color":"","overlay-opacity":"","overlay-gradient":""}},"ast-content-background-meta":{"desktop":{"background-color":"var(--ast-global-color-5)","background-image":"","background-repeat":"repeat","background-position":"center center","background-size":"auto","background-attachment":"scroll","background-type":"","background-media":"","overlay-type":"","overlay-color":"","overlay-opacity":"","overlay-gradient":""},"tablet":{"background-color":"var(--ast-global-color-5)","background-image":"","background-repeat":"repeat","background-position":"center center","background-size":"auto","background-attachment":"scroll","background-type":"","background-media":"","overlay-type":"","overlay-color":"","overlay-opacity":"","overlay-gradient":""},"mobile":{"background-color":"var(--ast-global-color-5)","background-image":"","background-repeat":"repeat","background-position":"center center","background-size":"auto","background-attachment":"scroll","background-type":"","background-media":"","overlay-type":"","overlay-color":"","overlay-opacity":"","overlay-gradient":""}}},"product_brand":[],"product_cat":[1249,1369,415,1246],"product_tag":[1112],"class_list":{"0":"post-9613","1":"product","2":"type-product","3":"status-publish","4":"has-post-thumbnail","6":"product_cat-dooa-lighting-fr","7":"product_cat-dooa-fr","8":"product_cat-eclairage","9":"product_cat-wabi-kusa-fr","10":"product_tag-dooa-fr","11":"desktop-align-left","12":"tablet-align-left","13":"mobile-align-left","14":"ast-product-gallery-layout-horizontal-slider","15":"ast-product-tabs-layout-horizontal","17":"first","18":"instock","19":"taxable","20":"shipping-taxable","21":"purchasable","22":"product-type-simple"},"yoast_head":"<!-- This site is optimized with the Yoast SEO plugin v27.2 - https:\/\/yoast.com\/product\/yoast-seo-wordpress\/ -->\n<title>DOOA MAGNET BRAS DE MONTAGE DE LUMI\u00c8RE (POUR BASE EN BOIS) | Red Leaf Aquascaping<\/title>\n<meta name=\"robots\" content=\"index, follow, max-snippet:-1, max-image-preview:large, max-video-preview:-1\" \/>\n<link rel=\"canonical\" href=\"https:\/\/redleafaquascaping.com\/produit\/dooa-magnet-light-mounting-arm-for-wood-base\/\" \/>\n<meta property=\"og:locale\" content=\"fr_FR\" \/>\n<meta property=\"og:type\" content=\"article\" \/>\n<meta property=\"og:title\" content=\"DOOA MAGNET BRAS DE MONTAGE DE LUMI\u00c8RE (POUR BASE EN BOIS) | Red Leaf Aquascaping\" \/>\n<meta property=\"og:description\" content=\"Bras pour fixer la lampe magn\u00e9tique DOOA sur la base en bois DOOA  Accessoire original de DOOA  Utiliser uniquement avec des r\u00e9servoirs d&#039;eau douce\" \/>\n<meta property=\"og:url\" content=\"https:\/\/redleafaquascaping.com\/produit\/dooa-magnet-light-mounting-arm-for-wood-base\/\" \/>\n<meta property=\"og:site_name\" content=\"Red Leaf Aquascaping\" \/>\n<meta property=\"article:publisher\" content=\"https:\/\/www.facebook.com\/Redleafaqua\" \/>\n<meta property=\"article:modified_time\" content=\"2023-10-03T15:53:12+00:00\" \/>\n<meta property=\"og:image\" content=\"https:\/\/redleafaquascaping.com\/wp-content\/uploads\/2021\/10\/MAGNETLIGHTMOUNTINGARM_086A3863_square_1024x1024.jpg\" \/>\n\t<meta property=\"og:image:width\" content=\"1024\" \/>\n\t<meta property=\"og:image:height\" content=\"1024\" \/>\n\t<meta property=\"og:image:type\" content=\"image\/jpeg\" \/>\n<meta name=\"twitter:card\" content=\"summary_large_image\" \/>\n<meta name=\"twitter:label1\" content=\"Dur\u00e9e de lecture estim\u00e9e\" \/>\n\t<meta name=\"twitter:data1\" content=\"1 minute\" \/>\n<script type=\"application\/ld+json\" class=\"yoast-schema-graph\">{\"@context\":\"https:\/\/schema.org\",\"@graph\":[{\"@type\":\"WebPage\",\"@id\":\"https:\/\/redleafaquascaping.com\/produit\/dooa-magnet-light-mounting-arm-for-wood-base\/\",\"url\":\"https:\/\/redleafaquascaping.com\/produit\/dooa-magnet-light-mounting-arm-for-wood-base\/\",\"name\":\"DOOA MAGNET BRAS DE MONTAGE DE LUMI\u00c8RE (POUR BASE EN BOIS) | Red Leaf Aquascaping\",\"isPartOf\":{\"@id\":\"https:\/\/redleafaquascaping.com\/#website\"},\"primaryImageOfPage\":{\"@id\":\"https:\/\/redleafaquascaping.com\/produit\/dooa-magnet-light-mounting-arm-for-wood-base\/#primaryimage\"},\"image\":{\"@id\":\"https:\/\/redleafaquascaping.com\/produit\/dooa-magnet-light-mounting-arm-for-wood-base\/#primaryimage\"},\"thumbnailUrl\":\"https:\/\/redleafaquascaping.com\/wp-content\/uploads\/2021\/10\/MAGNETLIGHTMOUNTINGARM_086A3863_square_1024x1024.jpg\",\"datePublished\":\"2023-09-20T14:46:41+00:00\",\"dateModified\":\"2023-10-03T15:53:12+00:00\",\"breadcrumb\":{\"@id\":\"https:\/\/redleafaquascaping.com\/produit\/dooa-magnet-light-mounting-arm-for-wood-base\/#breadcrumb\"},\"inLanguage\":\"fr-FR\",\"potentialAction\":[{\"@type\":\"ReadAction\",\"target\":[\"https:\/\/redleafaquascaping.com\/produit\/dooa-magnet-light-mounting-arm-for-wood-base\/\"]}]},{\"@type\":\"ImageObject\",\"inLanguage\":\"fr-FR\",\"@id\":\"https:\/\/redleafaquascaping.com\/produit\/dooa-magnet-light-mounting-arm-for-wood-base\/#primaryimage\",\"url\":\"https:\/\/redleafaquascaping.com\/wp-content\/uploads\/2021\/10\/MAGNETLIGHTMOUNTINGARM_086A3863_square_1024x1024.jpg\",\"contentUrl\":\"https:\/\/redleafaquascaping.com\/wp-content\/uploads\/2021\/10\/MAGNETLIGHTMOUNTINGARM_086A3863_square_1024x1024.jpg\",\"width\":1024,\"height\":1024},{\"@type\":\"BreadcrumbList\",\"@id\":\"https:\/\/redleafaquascaping.com\/produit\/dooa-magnet-light-mounting-arm-for-wood-base\/#breadcrumb\",\"itemListElement\":[{\"@type\":\"ListItem\",\"position\":1,\"name\":\"Home\",\"item\":\"https:\/\/redleafaquascaping.com\/fr\/\"},{\"@type\":\"ListItem\",\"position\":2,\"name\":\"Magasinez\",\"item\":\"https:\/\/redleafaquascaping.com\/fr\/magasinez\/\"},{\"@type\":\"ListItem\",\"position\":3,\"name\":\"DOOA MAGNET BRAS DE MONTAGE DE LUMI\u00c8RE (POUR BASE EN BOIS)\"}]},{\"@type\":\"WebSite\",\"@id\":\"https:\/\/redleafaquascaping.com\/#website\",\"url\":\"https:\/\/redleafaquascaping.com\/\",\"name\":\"Red Leaf Aquascaping\",\"description\":\"Online Aquascaping Equipment Store\",\"publisher\":{\"@id\":\"https:\/\/redleafaquascaping.com\/#organization\"},\"potentialAction\":[{\"@type\":\"SearchAction\",\"target\":{\"@type\":\"EntryPoint\",\"urlTemplate\":\"https:\/\/redleafaquascaping.com\/?s={search_term_string}\"},\"query-input\":{\"@type\":\"PropertyValueSpecification\",\"valueRequired\":true,\"valueName\":\"search_term_string\"}}],\"inLanguage\":\"fr-FR\"},{\"@type\":\"Organization\",\"@id\":\"https:\/\/redleafaquascaping.com\/#organization\",\"name\":\"Aquascaping Red Leaf\",\"alternateName\":\"Red Leaf\",\"url\":\"https:\/\/redleafaquascaping.com\/\",\"logo\":{\"@type\":\"ImageObject\",\"inLanguage\":\"fr-FR\",\"@id\":\"https:\/\/redleafaquascaping.com\/#\/schema\/logo\/image\/\",\"url\":\"https:\/\/redleafaquascaping.com\/wp-content\/uploads\/2024\/08\/logo-seo.jpg\",\"contentUrl\":\"https:\/\/redleafaquascaping.com\/wp-content\/uploads\/2024\/08\/logo-seo.jpg\",\"width\":696,\"height\":696,\"caption\":\"Aquascaping Red Leaf\"},\"image\":{\"@id\":\"https:\/\/redleafaquascaping.com\/#\/schema\/logo\/image\/\"},\"sameAs\":[\"https:\/\/www.facebook.com\/Redleafaqua\"]}]}<\/script>\n<!-- \/ Yoast SEO plugin. -->","yoast_head_json":{"title":"DOOA MAGNET BRAS DE MONTAGE DE LUMI\u00c8RE (POUR BASE EN BOIS) | Red Leaf Aquascaping","robots":{"index":"index","follow":"follow","max-snippet":"max-snippet:-1","max-image-preview":"max-image-preview:large","max-video-preview":"max-video-preview:-1"},"canonical":"https:\/\/redleafaquascaping.com\/produit\/dooa-magnet-light-mounting-arm-for-wood-base\/","og_locale":"fr_FR","og_type":"article","og_title":"DOOA MAGNET BRAS DE MONTAGE DE LUMI\u00c8RE (POUR BASE EN BOIS) | Red Leaf Aquascaping","og_description":"Bras pour fixer la lampe magn\u00e9tique DOOA sur la base en bois DOOA  Accessoire original de DOOA  Utiliser uniquement avec des r\u00e9servoirs d'eau douce","og_url":"https:\/\/redleafaquascaping.com\/produit\/dooa-magnet-light-mounting-arm-for-wood-base\/","og_site_name":"Red Leaf Aquascaping","article_publisher":"https:\/\/www.facebook.com\/Redleafaqua","article_modified_time":"2023-10-03T15:53:12+00:00","og_image":[{"width":1024,"height":1024,"url":"https:\/\/redleafaquascaping.com\/wp-content\/uploads\/2021\/10\/MAGNETLIGHTMOUNTINGARM_086A3863_square_1024x1024.jpg","type":"image\/jpeg"}],"twitter_card":"summary_large_image","twitter_misc":{"Dur\u00e9e de lecture estim\u00e9e":"1 minute"},"schema":{"@context":"https:\/\/schema.org","@graph":[{"@type":"WebPage","@id":"https:\/\/redleafaquascaping.com\/produit\/dooa-magnet-light-mounting-arm-for-wood-base\/","url":"https:\/\/redleafaquascaping.com\/produit\/dooa-magnet-light-mounting-arm-for-wood-base\/","name":"DOOA MAGNET BRAS DE MONTAGE DE LUMI\u00c8RE (POUR BASE EN BOIS) | Red Leaf Aquascaping","isPartOf":{"@id":"https:\/\/redleafaquascaping.com\/#website"},"primaryImageOfPage":{"@id":"https:\/\/redleafaquascaping.com\/produit\/dooa-magnet-light-mounting-arm-for-wood-base\/#primaryimage"},"image":{"@id":"https:\/\/redleafaquascaping.com\/produit\/dooa-magnet-light-mounting-arm-for-wood-base\/#primaryimage"},"thumbnailUrl":"https:\/\/redleafaquascaping.com\/wp-content\/uploads\/2021\/10\/MAGNETLIGHTMOUNTINGARM_086A3863_square_1024x1024.jpg","datePublished":"2023-09-20T14:46:41+00:00","dateModified":"2023-10-03T15:53:12+00:00","breadcrumb":{"@id":"https:\/\/redleafaquascaping.com\/produit\/dooa-magnet-light-mounting-arm-for-wood-base\/#breadcrumb"},"inLanguage":"fr-FR","potentialAction":[{"@type":"ReadAction","target":["https:\/\/redleafaquascaping.com\/produit\/dooa-magnet-light-mounting-arm-for-wood-base\/"]}]},{"@type":"ImageObject","inLanguage":"fr-FR","@id":"https:\/\/redleafaquascaping.com\/produit\/dooa-magnet-light-mounting-arm-for-wood-base\/#primaryimage","url":"https:\/\/redleafaquascaping.com\/wp-content\/uploads\/2021\/10\/MAGNETLIGHTMOUNTINGARM_086A3863_square_1024x1024.jpg","contentUrl":"https:\/\/redleafaquascaping.com\/wp-content\/uploads\/2021\/10\/MAGNETLIGHTMOUNTINGARM_086A3863_square_1024x1024.jpg","width":1024,"height":1024},{"@type":"BreadcrumbList","@id":"https:\/\/redleafaquascaping.com\/produit\/dooa-magnet-light-mounting-arm-for-wood-base\/#breadcrumb","itemListElement":[{"@type":"ListItem","position":1,"name":"Home","item":"https:\/\/redleafaquascaping.com\/fr\/"},{"@type":"ListItem","position":2,"name":"Magasinez","item":"https:\/\/redleafaquascaping.com\/fr\/magasinez\/"},{"@type":"ListItem","position":3,"name":"DOOA MAGNET BRAS DE MONTAGE DE LUMI\u00c8RE (POUR BASE EN BOIS)"}]},{"@type":"WebSite","@id":"https:\/\/redleafaquascaping.com\/#website","url":"https:\/\/redleafaquascaping.com\/","name":"Red Leaf Aquascaping","description":"Online Aquascaping Equipment Store","publisher":{"@id":"https:\/\/redleafaquascaping.com\/#organization"},"potentialAction":[{"@type":"SearchAction","target":{"@type":"EntryPoint","urlTemplate":"https:\/\/redleafaquascaping.com\/?s={search_term_string}"},"query-input":{"@type":"PropertyValueSpecification","valueRequired":true,"valueName":"search_term_string"}}],"inLanguage":"fr-FR"},{"@type":"Organization","@id":"https:\/\/redleafaquascaping.com\/#organization","name":"Aquascaping Red Leaf","alternateName":"Red Leaf","url":"https:\/\/redleafaquascaping.com\/","logo":{"@type":"ImageObject","inLanguage":"fr-FR","@id":"https:\/\/redleafaquascaping.com\/#\/schema\/logo\/image\/","url":"https:\/\/redleafaquascaping.com\/wp-content\/uploads\/2024\/08\/logo-seo.jpg","contentUrl":"https:\/\/redleafaquascaping.com\/wp-content\/uploads\/2024\/08\/logo-seo.jpg","width":696,"height":696,"caption":"Aquascaping Red Leaf"},"image":{"@id":"https:\/\/redleafaquascaping.com\/#\/schema\/logo\/image\/"},"sameAs":["https:\/\/www.facebook.com\/Redleafaqua"]}]}},"_links":{"self":[{"href":"https:\/\/redleafaquascaping.com\/fr\/wp-json\/wp\/v2\/product\/9613","targetHints":{"allow":["GET"]}}],"collection":[{"href":"https:\/\/redleafaquascaping.com\/fr\/wp-json\/wp\/v2\/product"}],"about":[{"href":"https:\/\/redleafaquascaping.com\/fr\/wp-json\/wp\/v2\/types\/product"}],"wp:featuredmedia":[{"embeddable":true,"href":"https:\/\/redleafaquascaping.com\/fr\/wp-json\/wp\/v2\/media\/5029"}],"wp:attachment":[{"href":"https:\/\/redleafaquascaping.com\/fr\/wp-json\/wp\/v2\/media?parent=9613"}],"wp:term":[{"taxonomy":"product_brand","embeddable":true,"href":"https:\/\/redleafaquascaping.com\/fr\/wp-json\/wp\/v2\/product_brand?post=9613"},{"taxonomy":"product_cat","embeddable":true,"href":"https:\/\/redleafaquascaping.com\/fr\/wp-json\/wp\/v2\/product_cat?post=9613"},{"taxonomy":"product_tag","embeddable":true,"href":"https:\/\/redleafaquascaping.com\/fr\/wp-json\/wp\/v2\/product_tag?post=9613"}],"curies":[{"name":"wp","href":"https:\/\/api.w.org\/{rel}","templated":true}]}}