{"id":9618,"date":"2021-09-16T15:35:45","date_gmt":"2023-09-20T15:19:09","guid":{"rendered":"https:\/\/redleafaquascaping.com\/?post_type=product&#038;p=9618"},"modified":"2025-01-01T23:00:38","modified_gmt":"2025-01-02T04:00:38","slug":"ada-green-brighty-k","status":"publish","type":"product","link":"https:\/\/redleafaquascaping.com\/fr\/produit\/ada-green-brighty-k\/","title":{"rendered":"ADA GREEN BRIGHTY K"},"content":{"rendered":"<p>BRIGHTY K est un engrais liquide con\u00e7u pour fournir du potassium \u00e0 un aquarium plant\u00e9. Lorsque le potassium est insuffisant, l&rsquo;activit\u00e9 de photosynth\u00e8se et la croissance des plantes aquatiques sont affect\u00e9es, ce qui peut entra\u00eener le jaunissement et le blanchiment des feuilles ainsi qu&rsquo;une plus grande sensibilit\u00e9 aux algues. L&rsquo;application quotidienne de BRIGHTY K dans l&rsquo;aquarium \u00e9limine ces probl\u00e8mes caus\u00e9s par le d\u00e9ficit en potassium et favorise la croissance des plantes aquatiques. BRIGHTY K a \u00e9galement pour effet d&rsquo;am\u00e9liorer la capacit\u00e9 tampon de l&rsquo;eau et de pr\u00e9venir une diminution du pH de l&rsquo;eau de l&rsquo;aquarium.<\/p>\n<p>*BRIGHTY K est fortement alcalin. Le pH de l&rsquo;eau de l&rsquo;aquarium peut temporairement augmenter imm\u00e9diatement apr\u00e8s l&rsquo;application de ce produit, mais il finira par revenir \u00e0 son niveau d&rsquo;origine.<\/p>\n<div class=\"ast-oembed-container \" style=\"height: 100%;\"><iframe title=\"[ADAview]  New ADA Liquid Fertilizers\" width=\"500\" height=\"281\" src=\"https:\/\/www.youtube.com\/embed\/BIeJDK6NRg0?feature=oembed\" frameborder=\"0\" allow=\"accelerometer; autoplay; clipboard-write; encrypted-media; gyroscope; picture-in-picture; web-share\" referrerpolicy=\"strict-origin-when-cross-origin\" allowfullscreen><\/iframe><\/div>\n","protected":false},"excerpt":{"rendered":"<ul>\n<li>L&rsquo;ajout de potassium stimule la photosynth\u00e8se<\/li>\n<li>Contient de l&rsquo;eau de mer profonde dessal\u00e9e<\/li>\n<li>Assure une croissance saine et vitale des plantes<\/li>\n<li>Pompe doseuse pratique incluse<\/li>\n<\/ul>\n<p><a href=\"https:\/\/www.adana.co.jp\/en\/contents\/support\/liquid\/manuals\/BRIGHTY-K_S_WEB_2.pdf\" target=\"_blank\" rel=\"noopener\">Green Brighty K &#8211; Manual Download<\/a> <a href=\"https:\/\/www.adana.co.jp\/en\/contents\/support\/liquid\/manuals\/BRIGHTY_K_Label.pdf\" target=\"_blank\" rel=\"noopener\">Product Label Information &#8211; PDF Download<\/a><\/p>\n","protected":false},"featured_media":4087,"template":"","meta":{"site-sidebar-layout":"default","site-content-layout":"default","ast-site-content-layout":"default","site-content-style":"default","site-sidebar-style":"default","ast-global-header-display":"","ast-banner-title-visibility":"","ast-main-header-display":"","ast-hfb-above-header-display":"","ast-hfb-below-header-display":"","ast-hfb-mobile-header-display":"","site-post-title":"","ast-breadcrumbs-content":"","ast-featured-img":"","footer-sml-layout":"","ast-disable-related-posts":"","theme-transparent-header-meta":"default","adv-header-id-meta":"","stick-header-meta":"","header-above-stick-meta":"","header-main-stick-meta":"","header-below-stick-meta":"","astra-migrate-meta-layouts":"set","ast-page-background-enabled":"default","ast-page-background-meta":{"desktop":{"background-color":"","background-image":"","background-repeat":"repeat","background-position":"center center","background-size":"auto","background-attachment":"scroll","background-type":"","background-media":"","overlay-type":"","overlay-color":"","overlay-opacity":"","overlay-gradient":""},"tablet":{"background-color":"","background-image":"","background-repeat":"repeat","background-position":"center center","background-size":"auto","background-attachment":"scroll","background-type":"","background-media":"","overlay-type":"","overlay-color":"","overlay-opacity":"","overlay-gradient":""},"mobile":{"background-color":"","background-image":"","background-repeat":"repeat","background-position":"center center","background-size":"auto","background-attachment":"scroll","background-type":"","background-media":"","overlay-type":"","overlay-color":"","overlay-opacity":"","overlay-gradient":""}},"ast-content-background-meta":{"desktop":{"background-color":"var(--ast-global-color-5)","background-image":"","background-repeat":"repeat","background-position":"center center","background-size":"auto","background-attachment":"scroll","background-type":"","background-media":"","overlay-type":"","overlay-color":"","overlay-opacity":"","overlay-gradient":""},"tablet":{"background-color":"var(--ast-global-color-5)","background-image":"","background-repeat":"repeat","background-position":"center center","background-size":"auto","background-attachment":"scroll","background-type":"","background-media":"","overlay-type":"","overlay-color":"","overlay-opacity":"","overlay-gradient":""},"mobile":{"background-color":"var(--ast-global-color-5)","background-image":"","background-repeat":"repeat","background-position":"center center","background-size":"auto","background-attachment":"scroll","background-type":"","background-media":"","overlay-type":"","overlay-color":"","overlay-opacity":"","overlay-gradient":""}}},"product_brand":[],"product_cat":[497,1376,466],"product_tag":[1010,1194],"class_list":{"0":"post-9618","1":"product","2":"type-product","3":"status-publish","4":"has-post-thumbnail","6":"product_cat-ada-engrais-fr","7":"product_cat-ada-amano-design-aquarium-fr","8":"product_cat-engrais","9":"product_tag-green-fr","10":"product_tag-potassium-fr","11":"desktop-align-left","12":"tablet-align-left","13":"mobile-align-left","14":"ast-product-gallery-layout-horizontal-slider","15":"ast-product-single-variable","16":"ast-product-tabs-layout-horizontal","18":"first","19":"instock","20":"taxable","21":"shipping-taxable","22":"purchasable","23":"product-type-variable"},"yoast_head":"<!-- This site is optimized with the Yoast SEO plugin v27.2 - https:\/\/yoast.com\/product\/yoast-seo-wordpress\/ -->\n<title>ADA GREEN BRIGHTY K | Red Leaf Aquascaping<\/title>\n<meta name=\"robots\" content=\"index, follow, max-snippet:-1, max-image-preview:large, max-video-preview:-1\" \/>\n<link rel=\"canonical\" href=\"https:\/\/redleafaquascaping.com\/fr\/produit\/ada-green-brighty-k\/\" \/>\n<meta property=\"og:locale\" content=\"fr_FR\" \/>\n<meta property=\"og:type\" content=\"article\" \/>\n<meta property=\"og:title\" content=\"ADA GREEN BRIGHTY K | Red Leaf Aquascaping\" \/>\n<meta property=\"og:description\" content=\"L&#039;ajout de potassium stimule la photosynth\u00e8se  Contient de l&#039;eau de mer profonde dessal\u00e9e  Assure une croissance saine et vitale des plantes  Pompe doseuse pratique incluse  Green Brighty K - Manual Download Product Label Information - PDF Download\" \/>\n<meta property=\"og:url\" content=\"https:\/\/redleafaquascaping.com\/fr\/produit\/ada-green-brighty-k\/\" \/>\n<meta property=\"og:site_name\" content=\"Red Leaf Aquascaping\" \/>\n<meta property=\"article:publisher\" content=\"https:\/\/www.facebook.com\/Redleafaqua\" \/>\n<meta property=\"article:modified_time\" content=\"2025-01-02T04:00:38+00:00\" \/>\n<meta property=\"og:image\" content=\"https:\/\/redleafaquascaping.com\/wp-content\/uploads\/2021\/09\/Brighty_K.jpg\" \/>\n\t<meta property=\"og:image:width\" content=\"1500\" \/>\n\t<meta property=\"og:image:height\" content=\"1500\" \/>\n\t<meta property=\"og:image:type\" content=\"image\/jpeg\" \/>\n<meta name=\"twitter:card\" content=\"summary_large_image\" \/>\n<meta name=\"twitter:label1\" content=\"Dur\u00e9e de lecture estim\u00e9e\" \/>\n\t<meta name=\"twitter:data1\" content=\"1 minute\" \/>\n<script type=\"application\/ld+json\" class=\"yoast-schema-graph\">{\"@context\":\"https:\/\/schema.org\",\"@graph\":[{\"@type\":\"WebPage\",\"@id\":\"https:\/\/redleafaquascaping.com\/fr\/produit\/ada-green-brighty-k\/\",\"url\":\"https:\/\/redleafaquascaping.com\/fr\/produit\/ada-green-brighty-k\/\",\"name\":\"ADA GREEN BRIGHTY K | Red Leaf Aquascaping\",\"isPartOf\":{\"@id\":\"https:\/\/redleafaquascaping.com\/#website\"},\"primaryImageOfPage\":{\"@id\":\"https:\/\/redleafaquascaping.com\/fr\/produit\/ada-green-brighty-k\/#primaryimage\"},\"image\":{\"@id\":\"https:\/\/redleafaquascaping.com\/fr\/produit\/ada-green-brighty-k\/#primaryimage\"},\"thumbnailUrl\":\"https:\/\/redleafaquascaping.com\/wp-content\/uploads\/2021\/09\/Brighty_K.jpg\",\"datePublished\":\"2023-09-20T15:19:09+00:00\",\"dateModified\":\"2025-01-02T04:00:38+00:00\",\"breadcrumb\":{\"@id\":\"https:\/\/redleafaquascaping.com\/fr\/produit\/ada-green-brighty-k\/#breadcrumb\"},\"inLanguage\":\"fr-FR\",\"potentialAction\":[{\"@type\":\"ReadAction\",\"target\":[\"https:\/\/redleafaquascaping.com\/fr\/produit\/ada-green-brighty-k\/\"]}]},{\"@type\":\"ImageObject\",\"inLanguage\":\"fr-FR\",\"@id\":\"https:\/\/redleafaquascaping.com\/fr\/produit\/ada-green-brighty-k\/#primaryimage\",\"url\":\"https:\/\/redleafaquascaping.com\/wp-content\/uploads\/2021\/09\/Brighty_K.jpg\",\"contentUrl\":\"https:\/\/redleafaquascaping.com\/wp-content\/uploads\/2021\/09\/Brighty_K.jpg\",\"width\":1500,\"height\":1500},{\"@type\":\"BreadcrumbList\",\"@id\":\"https:\/\/redleafaquascaping.com\/fr\/produit\/ada-green-brighty-k\/#breadcrumb\",\"itemListElement\":[{\"@type\":\"ListItem\",\"position\":1,\"name\":\"Home\",\"item\":\"https:\/\/redleafaquascaping.com\/fr\/\"},{\"@type\":\"ListItem\",\"position\":2,\"name\":\"Magasinez\",\"item\":\"https:\/\/redleafaquascaping.com\/fr\/magasinez\/\"},{\"@type\":\"ListItem\",\"position\":3,\"name\":\"ADA GREEN BRIGHTY K\"}]},{\"@type\":\"WebSite\",\"@id\":\"https:\/\/redleafaquascaping.com\/#website\",\"url\":\"https:\/\/redleafaquascaping.com\/\",\"name\":\"Red Leaf Aquascaping\",\"description\":\"Online Aquascaping Equipment Store\",\"publisher\":{\"@id\":\"https:\/\/redleafaquascaping.com\/#organization\"},\"potentialAction\":[{\"@type\":\"SearchAction\",\"target\":{\"@type\":\"EntryPoint\",\"urlTemplate\":\"https:\/\/redleafaquascaping.com\/?s={search_term_string}\"},\"query-input\":{\"@type\":\"PropertyValueSpecification\",\"valueRequired\":true,\"valueName\":\"search_term_string\"}}],\"inLanguage\":\"fr-FR\"},{\"@type\":\"Organization\",\"@id\":\"https:\/\/redleafaquascaping.com\/#organization\",\"name\":\"Aquascaping Red Leaf\",\"alternateName\":\"Red Leaf\",\"url\":\"https:\/\/redleafaquascaping.com\/\",\"logo\":{\"@type\":\"ImageObject\",\"inLanguage\":\"fr-FR\",\"@id\":\"https:\/\/redleafaquascaping.com\/#\/schema\/logo\/image\/\",\"url\":\"https:\/\/redleafaquascaping.com\/wp-content\/uploads\/2024\/08\/logo-seo.jpg\",\"contentUrl\":\"https:\/\/redleafaquascaping.com\/wp-content\/uploads\/2024\/08\/logo-seo.jpg\",\"width\":696,\"height\":696,\"caption\":\"Aquascaping Red Leaf\"},\"image\":{\"@id\":\"https:\/\/redleafaquascaping.com\/#\/schema\/logo\/image\/\"},\"sameAs\":[\"https:\/\/www.facebook.com\/Redleafaqua\"]}]}<\/script>\n<!-- \/ Yoast SEO plugin. -->","yoast_head_json":{"title":"ADA GREEN BRIGHTY K | Red Leaf Aquascaping","robots":{"index":"index","follow":"follow","max-snippet":"max-snippet:-1","max-image-preview":"max-image-preview:large","max-video-preview":"max-video-preview:-1"},"canonical":"https:\/\/redleafaquascaping.com\/fr\/produit\/ada-green-brighty-k\/","og_locale":"fr_FR","og_type":"article","og_title":"ADA GREEN BRIGHTY K | Red Leaf Aquascaping","og_description":"L'ajout de potassium stimule la photosynth\u00e8se  Contient de l'eau de mer profonde dessal\u00e9e  Assure une croissance saine et vitale des plantes  Pompe doseuse pratique incluse  Green Brighty K - Manual Download Product Label Information - PDF Download","og_url":"https:\/\/redleafaquascaping.com\/fr\/produit\/ada-green-brighty-k\/","og_site_name":"Red Leaf Aquascaping","article_publisher":"https:\/\/www.facebook.com\/Redleafaqua","article_modified_time":"2025-01-02T04:00:38+00:00","og_image":[{"width":1500,"height":1500,"url":"https:\/\/redleafaquascaping.com\/wp-content\/uploads\/2021\/09\/Brighty_K.jpg","type":"image\/jpeg"}],"twitter_card":"summary_large_image","twitter_misc":{"Dur\u00e9e de lecture estim\u00e9e":"1 minute"},"schema":{"@context":"https:\/\/schema.org","@graph":[{"@type":"WebPage","@id":"https:\/\/redleafaquascaping.com\/fr\/produit\/ada-green-brighty-k\/","url":"https:\/\/redleafaquascaping.com\/fr\/produit\/ada-green-brighty-k\/","name":"ADA GREEN BRIGHTY K | Red Leaf Aquascaping","isPartOf":{"@id":"https:\/\/redleafaquascaping.com\/#website"},"primaryImageOfPage":{"@id":"https:\/\/redleafaquascaping.com\/fr\/produit\/ada-green-brighty-k\/#primaryimage"},"image":{"@id":"https:\/\/redleafaquascaping.com\/fr\/produit\/ada-green-brighty-k\/#primaryimage"},"thumbnailUrl":"https:\/\/redleafaquascaping.com\/wp-content\/uploads\/2021\/09\/Brighty_K.jpg","datePublished":"2023-09-20T15:19:09+00:00","dateModified":"2025-01-02T04:00:38+00:00","breadcrumb":{"@id":"https:\/\/redleafaquascaping.com\/fr\/produit\/ada-green-brighty-k\/#breadcrumb"},"inLanguage":"fr-FR","potentialAction":[{"@type":"ReadAction","target":["https:\/\/redleafaquascaping.com\/fr\/produit\/ada-green-brighty-k\/"]}]},{"@type":"ImageObject","inLanguage":"fr-FR","@id":"https:\/\/redleafaquascaping.com\/fr\/produit\/ada-green-brighty-k\/#primaryimage","url":"https:\/\/redleafaquascaping.com\/wp-content\/uploads\/2021\/09\/Brighty_K.jpg","contentUrl":"https:\/\/redleafaquascaping.com\/wp-content\/uploads\/2021\/09\/Brighty_K.jpg","width":1500,"height":1500},{"@type":"BreadcrumbList","@id":"https:\/\/redleafaquascaping.com\/fr\/produit\/ada-green-brighty-k\/#breadcrumb","itemListElement":[{"@type":"ListItem","position":1,"name":"Home","item":"https:\/\/redleafaquascaping.com\/fr\/"},{"@type":"ListItem","position":2,"name":"Magasinez","item":"https:\/\/redleafaquascaping.com\/fr\/magasinez\/"},{"@type":"ListItem","position":3,"name":"ADA GREEN BRIGHTY K"}]},{"@type":"WebSite","@id":"https:\/\/redleafaquascaping.com\/#website","url":"https:\/\/redleafaquascaping.com\/","name":"Red Leaf Aquascaping","description":"Online Aquascaping Equipment Store","publisher":{"@id":"https:\/\/redleafaquascaping.com\/#organization"},"potentialAction":[{"@type":"SearchAction","target":{"@type":"EntryPoint","urlTemplate":"https:\/\/redleafaquascaping.com\/?s={search_term_string}"},"query-input":{"@type":"PropertyValueSpecification","valueRequired":true,"valueName":"search_term_string"}}],"inLanguage":"fr-FR"},{"@type":"Organization","@id":"https:\/\/redleafaquascaping.com\/#organization","name":"Aquascaping Red Leaf","alternateName":"Red Leaf","url":"https:\/\/redleafaquascaping.com\/","logo":{"@type":"ImageObject","inLanguage":"fr-FR","@id":"https:\/\/redleafaquascaping.com\/#\/schema\/logo\/image\/","url":"https:\/\/redleafaquascaping.com\/wp-content\/uploads\/2024\/08\/logo-seo.jpg","contentUrl":"https:\/\/redleafaquascaping.com\/wp-content\/uploads\/2024\/08\/logo-seo.jpg","width":696,"height":696,"caption":"Aquascaping Red Leaf"},"image":{"@id":"https:\/\/redleafaquascaping.com\/#\/schema\/logo\/image\/"},"sameAs":["https:\/\/www.facebook.com\/Redleafaqua"]}]}},"_links":{"self":[{"href":"https:\/\/redleafaquascaping.com\/fr\/wp-json\/wp\/v2\/product\/9618","targetHints":{"allow":["GET"]}}],"collection":[{"href":"https:\/\/redleafaquascaping.com\/fr\/wp-json\/wp\/v2\/product"}],"about":[{"href":"https:\/\/redleafaquascaping.com\/fr\/wp-json\/wp\/v2\/types\/product"}],"wp:featuredmedia":[{"embeddable":true,"href":"https:\/\/redleafaquascaping.com\/fr\/wp-json\/wp\/v2\/media\/4087"}],"wp:attachment":[{"href":"https:\/\/redleafaquascaping.com\/fr\/wp-json\/wp\/v2\/media?parent=9618"}],"wp:term":[{"taxonomy":"product_brand","embeddable":true,"href":"https:\/\/redleafaquascaping.com\/fr\/wp-json\/wp\/v2\/product_brand?post=9618"},{"taxonomy":"product_cat","embeddable":true,"href":"https:\/\/redleafaquascaping.com\/fr\/wp-json\/wp\/v2\/product_cat?post=9618"},{"taxonomy":"product_tag","embeddable":true,"href":"https:\/\/redleafaquascaping.com\/fr\/wp-json\/wp\/v2\/product_tag?post=9618"}],"curies":[{"name":"wp","href":"https:\/\/api.w.org\/{rel}","templated":true}]}}