{"id":9649,"date":"2021-12-29T10:54:55","date_gmt":"2023-09-20T18:13:56","guid":{"rendered":"https:\/\/redleafaquascaping.com\/?post_type=product&#038;p=9649"},"modified":"2023-09-20T14:29:07","modified_gmt":"2023-09-20T18:29:07","slug":"seachem-flourish-excel","status":"publish","type":"product","link":"https:\/\/redleafaquascaping.com\/fr\/produit\/seachem-flourish-excel\/","title":{"rendered":"Seachem Flourish Excel"},"content":{"rendered":"<p>Flourish Excel\u2122 est une source de carbone organique biodisponible. Toutes les plantes ont besoin d&rsquo;une source de carbone, g\u00e9n\u00e9ralement obtenue \u00e0 partir de CO2, mais qui peut \u00e9galement provenir de compos\u00e9s organiques simples (tels que les interm\u00e9diaires de la photosynth\u00e8se). L&rsquo;utilisation de l&rsquo;injection de CO2 ou de Flourish Excel\u2122 ne se contredit pas n\u00e9cessairement. \u00c9tant donn\u00e9 que les processus de production d&rsquo;interm\u00e9diaires photosynth\u00e9tiques et leur incorporation se produisent simultan\u00e9ment, l&rsquo;utilisation de Flourish Excel\u2122 seule ou en combinaison avec le CO2 peut apporter un b\u00e9n\u00e9fice substantiel. Cette combinaison est particuli\u00e8rement id\u00e9ale lorsque la poursuite de l&rsquo;ajout de CO2 pourrait entra\u00eener des niveaux de pH dangereusement bas. De plus, Flourish Excel\u2122 a des propri\u00e9t\u00e9s de r\u00e9duction du fer qui favorisent l&rsquo;\u00e9tat ferreux du fer (Fe+2), plus facilement utilis\u00e9 par les plantes que le fer ferrique (Fe+3).<\/p>\n<p>Les plantes ont besoin de CO2 pour produire des compos\u00e9s carbon\u00e9s \u00e0 cha\u00eenes plus longues, \u00e9galement connus sous le nom d&rsquo;interm\u00e9diaires de la photosynth\u00e8se. Les interm\u00e9diaires de la photosynth\u00e8se comprennent des compos\u00e9s tels que le ribulose 1,5-bisphosphate et le 2-carboxy-3-c\u00e9to-D-arabinitol 1,5-bisphosphate. Bien que les noms soient compliqu\u00e9s, les structures sont assez simples (cha\u00eenes carbon\u00e9es de 5 atomes). Flourish Excel\u2122 ne contient pas ces compos\u00e9s sp\u00e9cifiques en tant que tels, mais des compos\u00e9s similaires sur le plan structurel. En utilisant Flourish Excel\u2122, vous contournez le besoin de CO2 et introduisez des compos\u00e9s d\u00e9j\u00e0 finis et structurellement similaires. C&rsquo;est dans cette similarit\u00e9 structurelle que Flourish Excel\u2122 peut \u00eatre utilis\u00e9 dans le processus de construction de cha\u00eenes carbon\u00e9es de la photosynth\u00e8se. Des \u00e9tapes chimiques ou enzymatiques simples peuvent facilement le convertir en l&rsquo;un des compos\u00e9s nomm\u00e9s ci-dessus (ou en divers autres).<\/p>\n","protected":false},"excerpt":{"rendered":"<ul>\n<li>Source de carbone organique biodisponible pour l&rsquo;aquarium plant\u00e9<\/li>\n<li>Utiliser en alternative \u00e0 l&rsquo;injection de CO2 ou en compl\u00e9ment de celle-ci<\/li>\n<li>Introduit des interm\u00e9diaires photosynth\u00e9tiques<\/li>\n<\/ul>\n<p>&nbsp;<\/p>\n","protected":false},"featured_media":7447,"template":"","meta":{"site-sidebar-layout":"default","site-content-layout":"","ast-site-content-layout":"default","site-content-style":"default","site-sidebar-style":"default","ast-global-header-display":"","ast-banner-title-visibility":"","ast-main-header-display":"","ast-hfb-above-header-display":"","ast-hfb-below-header-display":"","ast-hfb-mobile-header-display":"","site-post-title":"","ast-breadcrumbs-content":"","ast-featured-img":"","footer-sml-layout":"","ast-disable-related-posts":"","theme-transparent-header-meta":"","adv-header-id-meta":"","stick-header-meta":"","header-above-stick-meta":"","header-main-stick-meta":"","header-below-stick-meta":"","astra-migrate-meta-layouts":"set","ast-page-background-enabled":"default","ast-page-background-meta":{"desktop":{"background-color":"","background-image":"","background-repeat":"repeat","background-position":"center center","background-size":"auto","background-attachment":"scroll","background-type":"","background-media":"","overlay-type":"","overlay-color":"","overlay-opacity":"","overlay-gradient":""},"tablet":{"background-color":"","background-image":"","background-repeat":"repeat","background-position":"center center","background-size":"auto","background-attachment":"scroll","background-type":"","background-media":"","overlay-type":"","overlay-color":"","overlay-opacity":"","overlay-gradient":""},"mobile":{"background-color":"","background-image":"","background-repeat":"repeat","background-position":"center center","background-size":"auto","background-attachment":"scroll","background-type":"","background-media":"","overlay-type":"","overlay-color":"","overlay-opacity":"","overlay-gradient":""}},"ast-content-background-meta":{"desktop":{"background-color":"var(--ast-global-color-5)","background-image":"","background-repeat":"repeat","background-position":"center center","background-size":"auto","background-attachment":"scroll","background-type":"","background-media":"","overlay-type":"","overlay-color":"","overlay-opacity":"","overlay-gradient":""},"tablet":{"background-color":"var(--ast-global-color-5)","background-image":"","background-repeat":"repeat","background-position":"center center","background-size":"auto","background-attachment":"scroll","background-type":"","background-media":"","overlay-type":"","overlay-color":"","overlay-opacity":"","overlay-gradient":""},"mobile":{"background-color":"var(--ast-global-color-5)","background-image":"","background-repeat":"repeat","background-position":"center center","background-size":"auto","background-attachment":"scroll","background-type":"","background-media":"","overlay-type":"","overlay-color":"","overlay-opacity":"","overlay-gradient":""}}},"product_brand":[],"product_cat":[466,1373,498],"product_tag":[1204,1203,1052],"class_list":{"0":"post-9649","1":"product","2":"type-product","3":"status-publish","4":"has-post-thumbnail","6":"product_cat-engrais","7":"product_cat-seachem-fr","8":"product_cat-seachem-eclairage-fr","9":"product_tag-excel-fr","10":"product_tag-flourish-fr","11":"product_tag-seachem-fr","12":"desktop-align-left","13":"tablet-align-left","14":"mobile-align-left","15":"ast-product-gallery-layout-horizontal-slider","16":"ast-product-gallery-with-no-image","17":"ast-product-single-variable","18":"ast-product-tabs-layout-horizontal","20":"first","21":"instock","22":"taxable","23":"shipping-taxable","24":"purchasable","25":"product-type-variable"},"yoast_head":"<!-- This site is optimized with the Yoast SEO plugin v27.2 - https:\/\/yoast.com\/product\/yoast-seo-wordpress\/ -->\n<title>Seachem Flourish Excel | Red Leaf Aquascaping<\/title>\n<meta name=\"robots\" content=\"index, follow, max-snippet:-1, max-image-preview:large, max-video-preview:-1\" \/>\n<link rel=\"canonical\" href=\"https:\/\/redleafaquascaping.com\/fr\/produit\/seachem-flourish-excel\/\" \/>\n<meta property=\"og:locale\" content=\"fr_FR\" \/>\n<meta property=\"og:type\" content=\"article\" \/>\n<meta property=\"og:title\" content=\"Seachem Flourish Excel | Red Leaf Aquascaping\" \/>\n<meta property=\"og:description\" content=\"Source de carbone organique biodisponible pour l&#039;aquarium plant\u00e9  Utiliser en alternative \u00e0 l&#039;injection de CO2 ou en compl\u00e9ment de celle-ci  Introduit des interm\u00e9diaires photosynth\u00e9tiques  &nbsp;\" \/>\n<meta property=\"og:url\" content=\"https:\/\/redleafaquascaping.com\/fr\/produit\/seachem-flourish-excel\/\" \/>\n<meta property=\"og:site_name\" content=\"Red Leaf Aquascaping\" \/>\n<meta property=\"article:publisher\" content=\"https:\/\/www.facebook.com\/Redleafaqua\" \/>\n<meta property=\"article:modified_time\" content=\"2023-09-20T18:29:07+00:00\" \/>\n<meta property=\"og:image\" content=\"https:\/\/redleafaquascaping.com\/wp-content\/uploads\/2021\/12\/z0456-Flourish-Excel-250-mL.png\" \/>\n\t<meta property=\"og:image:width\" content=\"200\" \/>\n\t<meta property=\"og:image:height\" content=\"711\" \/>\n\t<meta property=\"og:image:type\" content=\"image\/png\" \/>\n<meta name=\"twitter:card\" content=\"summary_large_image\" \/>\n<meta name=\"twitter:label1\" content=\"Dur\u00e9e de lecture estim\u00e9e\" \/>\n\t<meta name=\"twitter:data1\" content=\"2 minutes\" \/>\n<script type=\"application\/ld+json\" class=\"yoast-schema-graph\">{\"@context\":\"https:\/\/schema.org\",\"@graph\":[{\"@type\":\"WebPage\",\"@id\":\"https:\/\/redleafaquascaping.com\/fr\/produit\/seachem-flourish-excel\/\",\"url\":\"https:\/\/redleafaquascaping.com\/fr\/produit\/seachem-flourish-excel\/\",\"name\":\"Seachem Flourish Excel | Red Leaf Aquascaping\",\"isPartOf\":{\"@id\":\"https:\/\/redleafaquascaping.com\/#website\"},\"primaryImageOfPage\":{\"@id\":\"https:\/\/redleafaquascaping.com\/fr\/produit\/seachem-flourish-excel\/#primaryimage\"},\"image\":{\"@id\":\"https:\/\/redleafaquascaping.com\/fr\/produit\/seachem-flourish-excel\/#primaryimage\"},\"thumbnailUrl\":\"https:\/\/redleafaquascaping.com\/wp-content\/uploads\/2021\/12\/z0456-Flourish-Excel-250-mL.png\",\"datePublished\":\"2023-09-20T18:13:56+00:00\",\"dateModified\":\"2023-09-20T18:29:07+00:00\",\"breadcrumb\":{\"@id\":\"https:\/\/redleafaquascaping.com\/fr\/produit\/seachem-flourish-excel\/#breadcrumb\"},\"inLanguage\":\"fr-FR\",\"potentialAction\":[{\"@type\":\"ReadAction\",\"target\":[\"https:\/\/redleafaquascaping.com\/fr\/produit\/seachem-flourish-excel\/\"]}]},{\"@type\":\"ImageObject\",\"inLanguage\":\"fr-FR\",\"@id\":\"https:\/\/redleafaquascaping.com\/fr\/produit\/seachem-flourish-excel\/#primaryimage\",\"url\":\"https:\/\/redleafaquascaping.com\/wp-content\/uploads\/2021\/12\/z0456-Flourish-Excel-250-mL.png\",\"contentUrl\":\"https:\/\/redleafaquascaping.com\/wp-content\/uploads\/2021\/12\/z0456-Flourish-Excel-250-mL.png\",\"width\":200,\"height\":711},{\"@type\":\"BreadcrumbList\",\"@id\":\"https:\/\/redleafaquascaping.com\/fr\/produit\/seachem-flourish-excel\/#breadcrumb\",\"itemListElement\":[{\"@type\":\"ListItem\",\"position\":1,\"name\":\"Home\",\"item\":\"https:\/\/redleafaquascaping.com\/fr\/\"},{\"@type\":\"ListItem\",\"position\":2,\"name\":\"Magasinez\",\"item\":\"https:\/\/redleafaquascaping.com\/fr\/magasinez\/\"},{\"@type\":\"ListItem\",\"position\":3,\"name\":\"Seachem Flourish Excel\"}]},{\"@type\":\"WebSite\",\"@id\":\"https:\/\/redleafaquascaping.com\/#website\",\"url\":\"https:\/\/redleafaquascaping.com\/\",\"name\":\"Red Leaf Aquascaping\",\"description\":\"Online Aquascaping Equipment Store\",\"publisher\":{\"@id\":\"https:\/\/redleafaquascaping.com\/#organization\"},\"potentialAction\":[{\"@type\":\"SearchAction\",\"target\":{\"@type\":\"EntryPoint\",\"urlTemplate\":\"https:\/\/redleafaquascaping.com\/?s={search_term_string}\"},\"query-input\":{\"@type\":\"PropertyValueSpecification\",\"valueRequired\":true,\"valueName\":\"search_term_string\"}}],\"inLanguage\":\"fr-FR\"},{\"@type\":\"Organization\",\"@id\":\"https:\/\/redleafaquascaping.com\/#organization\",\"name\":\"Aquascaping Red Leaf\",\"alternateName\":\"Red Leaf\",\"url\":\"https:\/\/redleafaquascaping.com\/\",\"logo\":{\"@type\":\"ImageObject\",\"inLanguage\":\"fr-FR\",\"@id\":\"https:\/\/redleafaquascaping.com\/#\/schema\/logo\/image\/\",\"url\":\"https:\/\/redleafaquascaping.com\/wp-content\/uploads\/2024\/08\/logo-seo.jpg\",\"contentUrl\":\"https:\/\/redleafaquascaping.com\/wp-content\/uploads\/2024\/08\/logo-seo.jpg\",\"width\":696,\"height\":696,\"caption\":\"Aquascaping Red Leaf\"},\"image\":{\"@id\":\"https:\/\/redleafaquascaping.com\/#\/schema\/logo\/image\/\"},\"sameAs\":[\"https:\/\/www.facebook.com\/Redleafaqua\"]}]}<\/script>\n<!-- \/ Yoast SEO plugin. -->","yoast_head_json":{"title":"Seachem Flourish Excel | Red Leaf Aquascaping","robots":{"index":"index","follow":"follow","max-snippet":"max-snippet:-1","max-image-preview":"max-image-preview:large","max-video-preview":"max-video-preview:-1"},"canonical":"https:\/\/redleafaquascaping.com\/fr\/produit\/seachem-flourish-excel\/","og_locale":"fr_FR","og_type":"article","og_title":"Seachem Flourish Excel | Red Leaf Aquascaping","og_description":"Source de carbone organique biodisponible pour l'aquarium plant\u00e9  Utiliser en alternative \u00e0 l'injection de CO2 ou en compl\u00e9ment de celle-ci  Introduit des interm\u00e9diaires photosynth\u00e9tiques  &nbsp;","og_url":"https:\/\/redleafaquascaping.com\/fr\/produit\/seachem-flourish-excel\/","og_site_name":"Red Leaf Aquascaping","article_publisher":"https:\/\/www.facebook.com\/Redleafaqua","article_modified_time":"2023-09-20T18:29:07+00:00","og_image":[{"width":200,"height":711,"url":"https:\/\/redleafaquascaping.com\/wp-content\/uploads\/2021\/12\/z0456-Flourish-Excel-250-mL.png","type":"image\/png"}],"twitter_card":"summary_large_image","twitter_misc":{"Dur\u00e9e de lecture estim\u00e9e":"2 minutes"},"schema":{"@context":"https:\/\/schema.org","@graph":[{"@type":"WebPage","@id":"https:\/\/redleafaquascaping.com\/fr\/produit\/seachem-flourish-excel\/","url":"https:\/\/redleafaquascaping.com\/fr\/produit\/seachem-flourish-excel\/","name":"Seachem Flourish Excel | Red Leaf Aquascaping","isPartOf":{"@id":"https:\/\/redleafaquascaping.com\/#website"},"primaryImageOfPage":{"@id":"https:\/\/redleafaquascaping.com\/fr\/produit\/seachem-flourish-excel\/#primaryimage"},"image":{"@id":"https:\/\/redleafaquascaping.com\/fr\/produit\/seachem-flourish-excel\/#primaryimage"},"thumbnailUrl":"https:\/\/redleafaquascaping.com\/wp-content\/uploads\/2021\/12\/z0456-Flourish-Excel-250-mL.png","datePublished":"2023-09-20T18:13:56+00:00","dateModified":"2023-09-20T18:29:07+00:00","breadcrumb":{"@id":"https:\/\/redleafaquascaping.com\/fr\/produit\/seachem-flourish-excel\/#breadcrumb"},"inLanguage":"fr-FR","potentialAction":[{"@type":"ReadAction","target":["https:\/\/redleafaquascaping.com\/fr\/produit\/seachem-flourish-excel\/"]}]},{"@type":"ImageObject","inLanguage":"fr-FR","@id":"https:\/\/redleafaquascaping.com\/fr\/produit\/seachem-flourish-excel\/#primaryimage","url":"https:\/\/redleafaquascaping.com\/wp-content\/uploads\/2021\/12\/z0456-Flourish-Excel-250-mL.png","contentUrl":"https:\/\/redleafaquascaping.com\/wp-content\/uploads\/2021\/12\/z0456-Flourish-Excel-250-mL.png","width":200,"height":711},{"@type":"BreadcrumbList","@id":"https:\/\/redleafaquascaping.com\/fr\/produit\/seachem-flourish-excel\/#breadcrumb","itemListElement":[{"@type":"ListItem","position":1,"name":"Home","item":"https:\/\/redleafaquascaping.com\/fr\/"},{"@type":"ListItem","position":2,"name":"Magasinez","item":"https:\/\/redleafaquascaping.com\/fr\/magasinez\/"},{"@type":"ListItem","position":3,"name":"Seachem Flourish Excel"}]},{"@type":"WebSite","@id":"https:\/\/redleafaquascaping.com\/#website","url":"https:\/\/redleafaquascaping.com\/","name":"Red Leaf Aquascaping","description":"Online Aquascaping Equipment Store","publisher":{"@id":"https:\/\/redleafaquascaping.com\/#organization"},"potentialAction":[{"@type":"SearchAction","target":{"@type":"EntryPoint","urlTemplate":"https:\/\/redleafaquascaping.com\/?s={search_term_string}"},"query-input":{"@type":"PropertyValueSpecification","valueRequired":true,"valueName":"search_term_string"}}],"inLanguage":"fr-FR"},{"@type":"Organization","@id":"https:\/\/redleafaquascaping.com\/#organization","name":"Aquascaping Red Leaf","alternateName":"Red Leaf","url":"https:\/\/redleafaquascaping.com\/","logo":{"@type":"ImageObject","inLanguage":"fr-FR","@id":"https:\/\/redleafaquascaping.com\/#\/schema\/logo\/image\/","url":"https:\/\/redleafaquascaping.com\/wp-content\/uploads\/2024\/08\/logo-seo.jpg","contentUrl":"https:\/\/redleafaquascaping.com\/wp-content\/uploads\/2024\/08\/logo-seo.jpg","width":696,"height":696,"caption":"Aquascaping Red Leaf"},"image":{"@id":"https:\/\/redleafaquascaping.com\/#\/schema\/logo\/image\/"},"sameAs":["https:\/\/www.facebook.com\/Redleafaqua"]}]}},"_links":{"self":[{"href":"https:\/\/redleafaquascaping.com\/fr\/wp-json\/wp\/v2\/product\/9649","targetHints":{"allow":["GET"]}}],"collection":[{"href":"https:\/\/redleafaquascaping.com\/fr\/wp-json\/wp\/v2\/product"}],"about":[{"href":"https:\/\/redleafaquascaping.com\/fr\/wp-json\/wp\/v2\/types\/product"}],"wp:featuredmedia":[{"embeddable":true,"href":"https:\/\/redleafaquascaping.com\/fr\/wp-json\/wp\/v2\/media\/7447"}],"wp:attachment":[{"href":"https:\/\/redleafaquascaping.com\/fr\/wp-json\/wp\/v2\/media?parent=9649"}],"wp:term":[{"taxonomy":"product_brand","embeddable":true,"href":"https:\/\/redleafaquascaping.com\/fr\/wp-json\/wp\/v2\/product_brand?post=9649"},{"taxonomy":"product_cat","embeddable":true,"href":"https:\/\/redleafaquascaping.com\/fr\/wp-json\/wp\/v2\/product_cat?post=9649"},{"taxonomy":"product_tag","embeddable":true,"href":"https:\/\/redleafaquascaping.com\/fr\/wp-json\/wp\/v2\/product_tag?post=9649"}],"curies":[{"name":"wp","href":"https:\/\/api.w.org\/{rel}","templated":true}]}}