{"id":9716,"date":"2022-01-11T17:30:52","date_gmt":"2023-09-27T16:30:54","guid":{"rendered":"https:\/\/redleafaquascaping.com\/?post_type=product&#038;p=9716"},"modified":"2024-09-08T16:43:24","modified_gmt":"2024-09-08T20:43:24","slug":"aquario-neo-flow-premium-kit","status":"publish","type":"product","link":"https:\/\/redleafaquascaping.com\/fr\/produit\/aquario-neo-flow-premium-kit\/","title":{"rendered":"Aquario Neo Flow Premium Kit"},"content":{"rendered":"<div class=\"_2cuy _3dgx _2vxa\">\n<p>Neo Flow est un ensemble d&rsquo;entr\u00e9es et de sorties au design transparent, hautement \u00e9lastique et compact.<br \/>\nNeo Flow est fabriqu\u00e9 en PETG, pas en verre, et il est \u00e9galement plus r\u00e9sistant que l&rsquo;acrylique.<br \/>\nContrairement aux plastiques color\u00e9s ou aux mat\u00e9riaux en acier inoxydable, il offre une excellente transparence.<\/p>\n<p><strong>Design compact<\/strong><br \/>\nNeo Flow pr\u00e9sente un design plus compact gr\u00e2ce \u00e0 la derni\u00e8re m\u00e9thode de fabrication par rapport \u00e0 d&rsquo;autres produits.<\/p>\n<p><strong>Facilit\u00e9 de nettoyage<\/strong><br \/>\nContrairement aux produits en acier inoxydable et en verre, les parties d&rsquo;entr\u00e9e et de sortie peuvent \u00eatre s\u00e9par\u00e9es du tuyau, permettant un acc\u00e8s plus facile lors du nettoyage.<\/p>\n<p><strong>Facilit\u00e9 de coupe du tuyau<\/strong><br \/>\nContrairement aux produits en acier inoxydable et en verre, Neo Flow peut \u00eatre facilement coup\u00e9 avec une petite scie ou une pince coupe-tube ! Cela permet aux aquascapers d&rsquo;ajuster parfaitement la longueur de leurs tuyaux en fonction de la taille de leur r\u00e9servoir.<\/p>\n<p><strong>Changement de direction du flux d&rsquo;eau<\/strong><br \/>\n\u00c9tant donn\u00e9 que les parties de la sortie peuvent tourner \u00e0 360 degr\u00e9s dans les deux sens, contrairement aux produits en verre ou en acier inoxydable, vous pouvez changer le flux d&rsquo;eau dans votre r\u00e9servoir en une fraction de seconde, sans avoir \u00e0 d\u00e9placer vos tuyaux ou \u00e0 perturber votre installation.<\/p>\n<p><strong>Rayon de courbure plus petit<\/strong><br \/>\nCompar\u00e9 \u00e0 d&rsquo;autres produits, le rayon de courbure est petit, ce qui permet une installation plus proche du verre, en faisant le tuyau d&rsquo;entr\u00e9e et de sortie le plus minimaliste sur le march\u00e9 !<\/p>\n<p>Le design compact et le mat\u00e9riau transparent vous permettront de profiter pleinement de votre aquascape sans \u00eatre distrait par des tuyaux disgracieux !<\/p>\n<p style=\"text-align: center;\"><strong>Composants de l&rsquo;ensemble Neo Flow Normal : Neo Flow, Neo Holder (2 jeux), Skimmer, Reliever.<\/strong><\/p>\n<\/div>\n<div>\n<p style=\"text-align: center;\"><strong><img decoding=\"async\" src=\"https:\/\/cdn.shopify.com\/s\/files\/1\/0020\/2745\/4522\/files\/nfp11_480x480.jpg?v=1626370359\" alt=\"\" \/><\/strong><\/p>\n<p style=\"text-align: center;\">Disponible en 3 tailles<\/p>\n<p><strong>Neo Flow Premium M<\/strong><br \/>\n12\/16 mm de diam\u00e8tre ext\u00e9rieur 13 mm, y compris l&rsquo;\u00e9cumeur et le dispositif de soulagement<\/p>\n<p><strong>N\u00e9o Flow Premium L<\/strong><br \/>\n16\/22 mm de diam\u00e8tre ext\u00e9rieur 17 mm, y compris l&rsquo;\u00e9cumeur et le dispositif de soulagement<\/p>\n<p><strong>Neo Flow Premium Taille Mixte<\/strong><br \/>\nEntr\u00e9e 16\/22 mm (17 mm), sortie 12\/16 mm (13 mm), y compris \u00e9cumoire et soulagement. (Parfait pour le Eheim 2217)<\/p>\n<p><strong>Accessoires de remplacement disponibles<\/strong><\/p>\n<p>Neo Skimmer<br \/>\nNeo Reliever<br \/>\nNeo Holder<\/p>\n<\/div>\n","protected":false},"excerpt":{"rendered":"<ul>\n<li>Kit d&rsquo;entr\u00e9e\/sortie incassable en PETG<\/li>\n<li>Design compact<\/li>\n<li>Reste transparent en permanence<\/li>\n<li>L&rsquo;ensemble Premium comprend Neo Skimmer et Neo Reliever<\/li>\n<\/ul>\n","protected":false},"featured_media":7658,"template":"","meta":{"site-sidebar-layout":"default","site-content-layout":"","ast-site-content-layout":"default","site-content-style":"default","site-sidebar-style":"default","ast-global-header-display":"","ast-banner-title-visibility":"","ast-main-header-display":"","ast-hfb-above-header-display":"","ast-hfb-below-header-display":"","ast-hfb-mobile-header-display":"","site-post-title":"","ast-breadcrumbs-content":"","ast-featured-img":"","footer-sml-layout":"","ast-disable-related-posts":"","theme-transparent-header-meta":"default","adv-header-id-meta":"","stick-header-meta":"","header-above-stick-meta":"","header-main-stick-meta":"","header-below-stick-meta":"","astra-migrate-meta-layouts":"set","ast-page-background-enabled":"default","ast-page-background-meta":{"desktop":{"background-color":"","background-image":"","background-repeat":"repeat","background-position":"center center","background-size":"auto","background-attachment":"scroll","background-type":"","background-media":"","overlay-type":"","overlay-color":"","overlay-opacity":"","overlay-gradient":""},"tablet":{"background-color":"","background-image":"","background-repeat":"repeat","background-position":"center center","background-size":"auto","background-attachment":"scroll","background-type":"","background-media":"","overlay-type":"","overlay-color":"","overlay-opacity":"","overlay-gradient":""},"mobile":{"background-color":"","background-image":"","background-repeat":"repeat","background-position":"center center","background-size":"auto","background-attachment":"scroll","background-type":"","background-media":"","overlay-type":"","overlay-color":"","overlay-opacity":"","overlay-gradient":""}},"ast-content-background-meta":{"desktop":{"background-color":"var(--ast-global-color-5)","background-image":"","background-repeat":"repeat","background-position":"center center","background-size":"auto","background-attachment":"scroll","background-type":"","background-media":"","overlay-type":"","overlay-color":"","overlay-opacity":"","overlay-gradient":""},"tablet":{"background-color":"var(--ast-global-color-5)","background-image":"","background-repeat":"repeat","background-position":"center center","background-size":"auto","background-attachment":"scroll","background-type":"","background-media":"","overlay-type":"","overlay-color":"","overlay-opacity":"","overlay-gradient":""},"mobile":{"background-color":"var(--ast-global-color-5)","background-image":"","background-repeat":"repeat","background-position":"center center","background-size":"auto","background-attachment":"scroll","background-type":"","background-media":"","overlay-type":"","overlay-color":"","overlay-opacity":"","overlay-gradient":""}}},"product_brand":[],"product_cat":[1365,457,445],"product_tag":[1125,1228,1276,1113,1277],"class_list":{"0":"post-9716","1":"product","2":"type-product","3":"status-publish","4":"has-post-thumbnail","6":"product_cat-aquario","7":"product_cat-entrees-sorties-deau","8":"product_cat-filtration-fr","9":"product_tag-aquario-fr","10":"product_tag-flow-fr","11":"product_tag-lily-fr","12":"product_tag-neo-fr","13":"product_tag-pipe-fr","14":"desktop-align-left","15":"tablet-align-left","16":"mobile-align-left","17":"ast-product-gallery-layout-horizontal-slider","18":"ast-product-single-variable","19":"ast-product-tabs-layout-horizontal","21":"first","22":"instock","23":"taxable","24":"shipping-taxable","25":"purchasable","26":"product-type-variable"},"yoast_head":"<!-- This site is optimized with the Yoast SEO plugin v27.2 - https:\/\/yoast.com\/product\/yoast-seo-wordpress\/ -->\n<title>Aquario Neo Flow Premium Kit | Red Leaf Aquascaping<\/title>\n<meta name=\"robots\" content=\"index, follow, max-snippet:-1, max-image-preview:large, max-video-preview:-1\" \/>\n<link rel=\"canonical\" href=\"https:\/\/redleafaquascaping.com\/fr\/produit\/aquario-neo-flow-premium-kit\/\" \/>\n<meta property=\"og:locale\" content=\"fr_FR\" \/>\n<meta property=\"og:type\" content=\"article\" \/>\n<meta property=\"og:title\" content=\"Aquario Neo Flow Premium Kit | Red Leaf Aquascaping\" \/>\n<meta property=\"og:description\" content=\"Kit d&#039;entr\u00e9e\/sortie incassable en PETG  Design compact  Reste transparent en permanence  L&#039;ensemble Premium comprend Neo Skimmer et Neo Reliever\" \/>\n<meta property=\"og:url\" content=\"https:\/\/redleafaquascaping.com\/fr\/produit\/aquario-neo-flow-premium-kit\/\" \/>\n<meta property=\"og:site_name\" content=\"Red Leaf Aquascaping\" \/>\n<meta property=\"article:publisher\" content=\"https:\/\/www.facebook.com\/Redleafaqua\" \/>\n<meta property=\"article:modified_time\" content=\"2024-09-08T20:43:24+00:00\" \/>\n<meta property=\"og:image\" content=\"https:\/\/redleafaquascaping.com\/wp-content\/uploads\/2022\/01\/t-01L_500x.jpg\" \/>\n\t<meta property=\"og:image:width\" content=\"500\" \/>\n\t<meta property=\"og:image:height\" content=\"500\" \/>\n\t<meta property=\"og:image:type\" content=\"image\/jpeg\" \/>\n<meta name=\"twitter:card\" content=\"summary_large_image\" \/>\n<meta name=\"twitter:label1\" content=\"Dur\u00e9e de lecture estim\u00e9e\" \/>\n\t<meta name=\"twitter:data1\" content=\"2 minutes\" \/>\n<script type=\"application\/ld+json\" class=\"yoast-schema-graph\">{\"@context\":\"https:\/\/schema.org\",\"@graph\":[{\"@type\":\"WebPage\",\"@id\":\"https:\/\/redleafaquascaping.com\/fr\/produit\/aquario-neo-flow-premium-kit\/\",\"url\":\"https:\/\/redleafaquascaping.com\/fr\/produit\/aquario-neo-flow-premium-kit\/\",\"name\":\"Aquario Neo Flow Premium Kit | Red Leaf Aquascaping\",\"isPartOf\":{\"@id\":\"https:\/\/redleafaquascaping.com\/#website\"},\"primaryImageOfPage\":{\"@id\":\"https:\/\/redleafaquascaping.com\/fr\/produit\/aquario-neo-flow-premium-kit\/#primaryimage\"},\"image\":{\"@id\":\"https:\/\/redleafaquascaping.com\/fr\/produit\/aquario-neo-flow-premium-kit\/#primaryimage\"},\"thumbnailUrl\":\"https:\/\/redleafaquascaping.com\/wp-content\/uploads\/2022\/01\/t-01L_500x.jpg\",\"datePublished\":\"2023-09-27T16:30:54+00:00\",\"dateModified\":\"2024-09-08T20:43:24+00:00\",\"breadcrumb\":{\"@id\":\"https:\/\/redleafaquascaping.com\/fr\/produit\/aquario-neo-flow-premium-kit\/#breadcrumb\"},\"inLanguage\":\"fr-FR\",\"potentialAction\":[{\"@type\":\"ReadAction\",\"target\":[\"https:\/\/redleafaquascaping.com\/fr\/produit\/aquario-neo-flow-premium-kit\/\"]}]},{\"@type\":\"ImageObject\",\"inLanguage\":\"fr-FR\",\"@id\":\"https:\/\/redleafaquascaping.com\/fr\/produit\/aquario-neo-flow-premium-kit\/#primaryimage\",\"url\":\"https:\/\/redleafaquascaping.com\/wp-content\/uploads\/2022\/01\/t-01L_500x.jpg\",\"contentUrl\":\"https:\/\/redleafaquascaping.com\/wp-content\/uploads\/2022\/01\/t-01L_500x.jpg\",\"width\":500,\"height\":500},{\"@type\":\"BreadcrumbList\",\"@id\":\"https:\/\/redleafaquascaping.com\/fr\/produit\/aquario-neo-flow-premium-kit\/#breadcrumb\",\"itemListElement\":[{\"@type\":\"ListItem\",\"position\":1,\"name\":\"Home\",\"item\":\"https:\/\/redleafaquascaping.com\/fr\/\"},{\"@type\":\"ListItem\",\"position\":2,\"name\":\"Magasinez\",\"item\":\"https:\/\/redleafaquascaping.com\/fr\/magasinez\/\"},{\"@type\":\"ListItem\",\"position\":3,\"name\":\"Aquario Neo Flow Premium Kit\"}]},{\"@type\":\"WebSite\",\"@id\":\"https:\/\/redleafaquascaping.com\/#website\",\"url\":\"https:\/\/redleafaquascaping.com\/\",\"name\":\"Red Leaf Aquascaping\",\"description\":\"Online Aquascaping Equipment Store\",\"publisher\":{\"@id\":\"https:\/\/redleafaquascaping.com\/#organization\"},\"potentialAction\":[{\"@type\":\"SearchAction\",\"target\":{\"@type\":\"EntryPoint\",\"urlTemplate\":\"https:\/\/redleafaquascaping.com\/?s={search_term_string}\"},\"query-input\":{\"@type\":\"PropertyValueSpecification\",\"valueRequired\":true,\"valueName\":\"search_term_string\"}}],\"inLanguage\":\"fr-FR\"},{\"@type\":\"Organization\",\"@id\":\"https:\/\/redleafaquascaping.com\/#organization\",\"name\":\"Aquascaping Red Leaf\",\"alternateName\":\"Red Leaf\",\"url\":\"https:\/\/redleafaquascaping.com\/\",\"logo\":{\"@type\":\"ImageObject\",\"inLanguage\":\"fr-FR\",\"@id\":\"https:\/\/redleafaquascaping.com\/#\/schema\/logo\/image\/\",\"url\":\"https:\/\/redleafaquascaping.com\/wp-content\/uploads\/2024\/08\/logo-seo.jpg\",\"contentUrl\":\"https:\/\/redleafaquascaping.com\/wp-content\/uploads\/2024\/08\/logo-seo.jpg\",\"width\":696,\"height\":696,\"caption\":\"Aquascaping Red Leaf\"},\"image\":{\"@id\":\"https:\/\/redleafaquascaping.com\/#\/schema\/logo\/image\/\"},\"sameAs\":[\"https:\/\/www.facebook.com\/Redleafaqua\"]}]}<\/script>\n<!-- \/ Yoast SEO plugin. -->","yoast_head_json":{"title":"Aquario Neo Flow Premium Kit | Red Leaf Aquascaping","robots":{"index":"index","follow":"follow","max-snippet":"max-snippet:-1","max-image-preview":"max-image-preview:large","max-video-preview":"max-video-preview:-1"},"canonical":"https:\/\/redleafaquascaping.com\/fr\/produit\/aquario-neo-flow-premium-kit\/","og_locale":"fr_FR","og_type":"article","og_title":"Aquario Neo Flow Premium Kit | Red Leaf Aquascaping","og_description":"Kit d'entr\u00e9e\/sortie incassable en PETG  Design compact  Reste transparent en permanence  L'ensemble Premium comprend Neo Skimmer et Neo Reliever","og_url":"https:\/\/redleafaquascaping.com\/fr\/produit\/aquario-neo-flow-premium-kit\/","og_site_name":"Red Leaf Aquascaping","article_publisher":"https:\/\/www.facebook.com\/Redleafaqua","article_modified_time":"2024-09-08T20:43:24+00:00","og_image":[{"width":500,"height":500,"url":"https:\/\/redleafaquascaping.com\/wp-content\/uploads\/2022\/01\/t-01L_500x.jpg","type":"image\/jpeg"}],"twitter_card":"summary_large_image","twitter_misc":{"Dur\u00e9e de lecture estim\u00e9e":"2 minutes"},"schema":{"@context":"https:\/\/schema.org","@graph":[{"@type":"WebPage","@id":"https:\/\/redleafaquascaping.com\/fr\/produit\/aquario-neo-flow-premium-kit\/","url":"https:\/\/redleafaquascaping.com\/fr\/produit\/aquario-neo-flow-premium-kit\/","name":"Aquario Neo Flow Premium Kit | Red Leaf Aquascaping","isPartOf":{"@id":"https:\/\/redleafaquascaping.com\/#website"},"primaryImageOfPage":{"@id":"https:\/\/redleafaquascaping.com\/fr\/produit\/aquario-neo-flow-premium-kit\/#primaryimage"},"image":{"@id":"https:\/\/redleafaquascaping.com\/fr\/produit\/aquario-neo-flow-premium-kit\/#primaryimage"},"thumbnailUrl":"https:\/\/redleafaquascaping.com\/wp-content\/uploads\/2022\/01\/t-01L_500x.jpg","datePublished":"2023-09-27T16:30:54+00:00","dateModified":"2024-09-08T20:43:24+00:00","breadcrumb":{"@id":"https:\/\/redleafaquascaping.com\/fr\/produit\/aquario-neo-flow-premium-kit\/#breadcrumb"},"inLanguage":"fr-FR","potentialAction":[{"@type":"ReadAction","target":["https:\/\/redleafaquascaping.com\/fr\/produit\/aquario-neo-flow-premium-kit\/"]}]},{"@type":"ImageObject","inLanguage":"fr-FR","@id":"https:\/\/redleafaquascaping.com\/fr\/produit\/aquario-neo-flow-premium-kit\/#primaryimage","url":"https:\/\/redleafaquascaping.com\/wp-content\/uploads\/2022\/01\/t-01L_500x.jpg","contentUrl":"https:\/\/redleafaquascaping.com\/wp-content\/uploads\/2022\/01\/t-01L_500x.jpg","width":500,"height":500},{"@type":"BreadcrumbList","@id":"https:\/\/redleafaquascaping.com\/fr\/produit\/aquario-neo-flow-premium-kit\/#breadcrumb","itemListElement":[{"@type":"ListItem","position":1,"name":"Home","item":"https:\/\/redleafaquascaping.com\/fr\/"},{"@type":"ListItem","position":2,"name":"Magasinez","item":"https:\/\/redleafaquascaping.com\/fr\/magasinez\/"},{"@type":"ListItem","position":3,"name":"Aquario Neo Flow Premium Kit"}]},{"@type":"WebSite","@id":"https:\/\/redleafaquascaping.com\/#website","url":"https:\/\/redleafaquascaping.com\/","name":"Red Leaf Aquascaping","description":"Online Aquascaping Equipment Store","publisher":{"@id":"https:\/\/redleafaquascaping.com\/#organization"},"potentialAction":[{"@type":"SearchAction","target":{"@type":"EntryPoint","urlTemplate":"https:\/\/redleafaquascaping.com\/?s={search_term_string}"},"query-input":{"@type":"PropertyValueSpecification","valueRequired":true,"valueName":"search_term_string"}}],"inLanguage":"fr-FR"},{"@type":"Organization","@id":"https:\/\/redleafaquascaping.com\/#organization","name":"Aquascaping Red Leaf","alternateName":"Red Leaf","url":"https:\/\/redleafaquascaping.com\/","logo":{"@type":"ImageObject","inLanguage":"fr-FR","@id":"https:\/\/redleafaquascaping.com\/#\/schema\/logo\/image\/","url":"https:\/\/redleafaquascaping.com\/wp-content\/uploads\/2024\/08\/logo-seo.jpg","contentUrl":"https:\/\/redleafaquascaping.com\/wp-content\/uploads\/2024\/08\/logo-seo.jpg","width":696,"height":696,"caption":"Aquascaping Red Leaf"},"image":{"@id":"https:\/\/redleafaquascaping.com\/#\/schema\/logo\/image\/"},"sameAs":["https:\/\/www.facebook.com\/Redleafaqua"]}]}},"_links":{"self":[{"href":"https:\/\/redleafaquascaping.com\/fr\/wp-json\/wp\/v2\/product\/9716","targetHints":{"allow":["GET"]}}],"collection":[{"href":"https:\/\/redleafaquascaping.com\/fr\/wp-json\/wp\/v2\/product"}],"about":[{"href":"https:\/\/redleafaquascaping.com\/fr\/wp-json\/wp\/v2\/types\/product"}],"wp:featuredmedia":[{"embeddable":true,"href":"https:\/\/redleafaquascaping.com\/fr\/wp-json\/wp\/v2\/media\/7658"}],"wp:attachment":[{"href":"https:\/\/redleafaquascaping.com\/fr\/wp-json\/wp\/v2\/media?parent=9716"}],"wp:term":[{"taxonomy":"product_brand","embeddable":true,"href":"https:\/\/redleafaquascaping.com\/fr\/wp-json\/wp\/v2\/product_brand?post=9716"},{"taxonomy":"product_cat","embeddable":true,"href":"https:\/\/redleafaquascaping.com\/fr\/wp-json\/wp\/v2\/product_cat?post=9716"},{"taxonomy":"product_tag","embeddable":true,"href":"https:\/\/redleafaquascaping.com\/fr\/wp-json\/wp\/v2\/product_tag?post=9716"}],"curies":[{"name":"wp","href":"https:\/\/api.w.org\/{rel}","templated":true}]}}