{"id":9722,"date":"2022-01-17T09:51:49","date_gmt":"2023-09-27T16:41:57","guid":{"rendered":"https:\/\/redleafaquascaping.com\/?post_type=product&#038;p=9722"},"modified":"2023-09-27T12:41:59","modified_gmt":"2023-09-27T16:41:59","slug":"aquario-neo-reliever","status":"publish","type":"product","link":"https:\/\/redleafaquascaping.com\/fr\/produit\/aquario-neo-reliever\/","title":{"rendered":"Aquario Neo Reliever"},"content":{"rendered":"<div class=\"_2cuy _3dgx _2vxa\">Avec son design minimaliste, Neo Relievers peut ajuster librement la vitesse et la direction du flux de la chaussure.<img decoding=\"async\" src=\"https:\/\/cdn.shopify.com\/s\/files\/1\/0020\/2745\/4522\/files\/neoReliever1_480x480.jpg?v=1626288288\" alt=\"\" \/><\/div>\n<div class=\"_2cuy _3dgx _2vxa\"><strong>Il est temps de changer ces vilaines canalisations vertes et grises !<\/strong><\/div>\n<div class=\"_2cuy _3dgx _2vxa\"><\/div>\n<div class=\"_2cuy _3dgx _2vxa\">\n<p><strong>Design compact<\/strong><br \/>\nLe releveur Neo a un diam\u00e8tre de 40 mm et une \u00e9paisseur de 22 mm (M) et 26 mm (L).<\/p>\n<p>&nbsp;<\/p>\n<p><strong>R\u00e9duction parfaite du d\u00e9bit<\/strong><br \/>\nM\u00eame lorsqu&rsquo;il est utilis\u00e9 sans aile, il r\u00e9duit la vitesse d&rsquo;\u00e9coulement, mais lorsqu&rsquo;il est \u00e9quip\u00e9 d&rsquo;une aile, elle est compl\u00e8tement r\u00e9duite, vous permettant d&rsquo;utiliser un filtre plus grand sur des r\u00e9servoirs plus petits pour maximiser vos capacit\u00e9s de filtration biologique !<br \/>\n.<\/p>\n<p><strong>Changement de direction d&rsquo;\u00e9coulement libre<\/strong><br \/>\nVous pouvez changer librement la direction du d\u00e9bit d&rsquo;eau en utilisant une seule des ailes ou en faisant tourner le produit.<br \/>\nLe d\u00e9bit d&rsquo;eau peut \u00eatre personnalis\u00e9\u00a0!<br \/>\nLe d\u00e9bit d&rsquo;eau varie en fonction du nombre d&rsquo;ailes install\u00e9es ou du degr\u00e9 d&rsquo;insertion. Si une seule aile est mont\u00e9e, le flux d\u2019eau se forme dans une seule direction.<\/p>\n<\/div>\n<div class=\"_2cuy _3dgx _2vxa\"><img decoding=\"async\" src=\"https:\/\/cdn.shopify.com\/s\/files\/1\/0020\/2745\/4522\/files\/neoReliever3_480x480.jpg?v=1626288519\" alt=\"\" \/><\/div>\n<div style=\"text-align: center;\">\n<h4>COMPATIBLE AVEC NEO SKIMMER !<br \/>\n<img decoding=\"async\" src=\"https:\/\/cdn.shopify.com\/s\/files\/1\/0020\/2745\/4522\/files\/neoReliever4_480x480.jpg?v=1626288579\" alt=\"\" \/><\/h4>\n<p><strong><br \/>\n<\/strong>Disponible en 2 tailles<\/p>\n<\/div>\n<p><strong>Neo Reliever M<\/strong><br \/>\n(Pour Neo FLow 12\/16 mm, diam\u00e8tre ext\u00e9rieur 13 mm)<\/p>\n<p><strong>Neo Reliever L<\/strong><br \/>\n(Pour Neo FLow 16\/22 mm, diam\u00e8tre ext\u00e9rieur 17 mm)<\/p>\n<p>Il s&rsquo;agit d&rsquo;une pi\u00e8ce compl\u00e9mentaire pour Aquario Neo Flow (vendue s\u00e9par\u00e9ment).<\/p>\n<p>Pi\u00e8ces de rechange et accessoires disponibles<\/p>\n<p>Neo Flow<br \/>\nNeo Holder<br \/>\nNeo Skimmer<br \/>\n<strong>Neo Reliever<\/strong><\/p>\n<div class=\"ast-oembed-container \" style=\"height: 100%;\"><iframe title=\"neo Flow Skimmer &amp; Reliever(\ub124\uc624 \ud50c\ub85c\uc6b0 \uc2a4\ud0a4\uba38\uc640 \ub9b4\ub9ac\ubc84)\" width=\"500\" height=\"281\" src=\"https:\/\/www.youtube.com\/embed\/RU48z3AiMJQ?feature=oembed\" frameborder=\"0\" allow=\"accelerometer; autoplay; clipboard-write; encrypted-media; gyroscope; picture-in-picture; web-share\" referrerpolicy=\"strict-origin-when-cross-origin\" allowfullscreen><\/iframe><\/div>\n","protected":false},"excerpt":{"rendered":"<ul>\n<li>Fabriqu\u00e9 en mat\u00e9riau PETG<\/li>\n<li>D\u00e9bit d&rsquo;eau doux<\/li>\n<li>R\u00e9gulation suppl\u00e9mentaire avec ailes lat\u00e9rales<\/li>\n<li>Rotatif \u00e0 360\u00b0<\/li>\n<\/ul>\n","protected":false},"featured_media":7755,"template":"","meta":{"site-sidebar-layout":"default","site-content-layout":"","ast-site-content-layout":"default","site-content-style":"default","site-sidebar-style":"default","ast-global-header-display":"","ast-banner-title-visibility":"","ast-main-header-display":"","ast-hfb-above-header-display":"","ast-hfb-below-header-display":"","ast-hfb-mobile-header-display":"","site-post-title":"","ast-breadcrumbs-content":"","ast-featured-img":"","footer-sml-layout":"","ast-disable-related-posts":"","theme-transparent-header-meta":"","adv-header-id-meta":"","stick-header-meta":"","header-above-stick-meta":"","header-main-stick-meta":"","header-below-stick-meta":"","astra-migrate-meta-layouts":"set","ast-page-background-enabled":"default","ast-page-background-meta":{"desktop":{"background-color":"","background-image":"","background-repeat":"repeat","background-position":"center center","background-size":"auto","background-attachment":"scroll","background-type":"","background-media":"","overlay-type":"","overlay-color":"","overlay-opacity":"","overlay-gradient":""},"tablet":{"background-color":"","background-image":"","background-repeat":"repeat","background-position":"center center","background-size":"auto","background-attachment":"scroll","background-type":"","background-media":"","overlay-type":"","overlay-color":"","overlay-opacity":"","overlay-gradient":""},"mobile":{"background-color":"","background-image":"","background-repeat":"repeat","background-position":"center center","background-size":"auto","background-attachment":"scroll","background-type":"","background-media":"","overlay-type":"","overlay-color":"","overlay-opacity":"","overlay-gradient":""}},"ast-content-background-meta":{"desktop":{"background-color":"var(--ast-global-color-5)","background-image":"","background-repeat":"repeat","background-position":"center center","background-size":"auto","background-attachment":"scroll","background-type":"","background-media":"","overlay-type":"","overlay-color":"","overlay-opacity":"","overlay-gradient":""},"tablet":{"background-color":"var(--ast-global-color-5)","background-image":"","background-repeat":"repeat","background-position":"center center","background-size":"auto","background-attachment":"scroll","background-type":"","background-media":"","overlay-type":"","overlay-color":"","overlay-opacity":"","overlay-gradient":""},"mobile":{"background-color":"var(--ast-global-color-5)","background-image":"","background-repeat":"repeat","background-position":"center center","background-size":"auto","background-attachment":"scroll","background-type":"","background-media":"","overlay-type":"","overlay-color":"","overlay-opacity":"","overlay-gradient":""}}},"product_brand":[],"product_cat":[460,1365,445],"product_tag":[1125,1113],"class_list":{"0":"post-9722","1":"product","2":"type-product","3":"status-publish","4":"has-post-thumbnail","6":"product_cat-accessoires-pour-entrees-sorties-deau","7":"product_cat-aquario","8":"product_cat-filtration-fr","9":"product_tag-aquario-fr","10":"product_tag-neo-fr","11":"desktop-align-left","12":"tablet-align-left","13":"mobile-align-left","14":"ast-product-gallery-layout-horizontal-slider","15":"ast-product-single-variable","16":"ast-product-tabs-layout-horizontal","18":"first","19":"instock","20":"taxable","21":"shipping-taxable","22":"purchasable","23":"product-type-variable"},"yoast_head":"<!-- This site is optimized with the Yoast SEO plugin v27.2 - https:\/\/yoast.com\/product\/yoast-seo-wordpress\/ -->\n<title>Aquario Neo Reliever | Red Leaf Aquascaping<\/title>\n<meta name=\"robots\" content=\"index, follow, max-snippet:-1, max-image-preview:large, max-video-preview:-1\" \/>\n<link rel=\"canonical\" href=\"https:\/\/redleafaquascaping.com\/fr\/produit\/aquario-neo-reliever\/\" \/>\n<meta property=\"og:locale\" content=\"fr_FR\" \/>\n<meta property=\"og:type\" content=\"article\" \/>\n<meta property=\"og:title\" content=\"Aquario Neo Reliever | Red Leaf Aquascaping\" \/>\n<meta property=\"og:description\" content=\"Fabriqu\u00e9 en mat\u00e9riau PETG  D\u00e9bit d&#039;eau doux  R\u00e9gulation suppl\u00e9mentaire avec ailes lat\u00e9rales  Rotatif \u00e0 360\u00b0\" \/>\n<meta property=\"og:url\" content=\"https:\/\/redleafaquascaping.com\/fr\/produit\/aquario-neo-reliever\/\" \/>\n<meta property=\"og:site_name\" content=\"Red Leaf Aquascaping\" \/>\n<meta property=\"article:publisher\" content=\"https:\/\/www.facebook.com\/Redleafaqua\" \/>\n<meta property=\"article:modified_time\" content=\"2023-09-27T16:41:59+00:00\" \/>\n<meta property=\"og:image\" content=\"https:\/\/redleafaquascaping.com\/wp-content\/uploads\/2022\/01\/23_bc0e414a-bfff-4db6-8184-7d07f610e4e3_500x-1.jpg\" \/>\n\t<meta property=\"og:image:width\" content=\"500\" \/>\n\t<meta property=\"og:image:height\" content=\"500\" \/>\n\t<meta property=\"og:image:type\" content=\"image\/jpeg\" \/>\n<meta name=\"twitter:card\" content=\"summary_large_image\" \/>\n<meta name=\"twitter:label1\" content=\"Dur\u00e9e de lecture estim\u00e9e\" \/>\n\t<meta name=\"twitter:data1\" content=\"2 minutes\" \/>\n<script type=\"application\/ld+json\" class=\"yoast-schema-graph\">{\"@context\":\"https:\/\/schema.org\",\"@graph\":[{\"@type\":\"WebPage\",\"@id\":\"https:\/\/redleafaquascaping.com\/fr\/produit\/aquario-neo-reliever\/\",\"url\":\"https:\/\/redleafaquascaping.com\/fr\/produit\/aquario-neo-reliever\/\",\"name\":\"Aquario Neo Reliever | Red Leaf Aquascaping\",\"isPartOf\":{\"@id\":\"https:\/\/redleafaquascaping.com\/#website\"},\"primaryImageOfPage\":{\"@id\":\"https:\/\/redleafaquascaping.com\/fr\/produit\/aquario-neo-reliever\/#primaryimage\"},\"image\":{\"@id\":\"https:\/\/redleafaquascaping.com\/fr\/produit\/aquario-neo-reliever\/#primaryimage\"},\"thumbnailUrl\":\"https:\/\/redleafaquascaping.com\/wp-content\/uploads\/2022\/01\/23_bc0e414a-bfff-4db6-8184-7d07f610e4e3_500x-1.jpg\",\"datePublished\":\"2023-09-27T16:41:57+00:00\",\"dateModified\":\"2023-09-27T16:41:59+00:00\",\"breadcrumb\":{\"@id\":\"https:\/\/redleafaquascaping.com\/fr\/produit\/aquario-neo-reliever\/#breadcrumb\"},\"inLanguage\":\"fr-FR\",\"potentialAction\":[{\"@type\":\"ReadAction\",\"target\":[\"https:\/\/redleafaquascaping.com\/fr\/produit\/aquario-neo-reliever\/\"]}]},{\"@type\":\"ImageObject\",\"inLanguage\":\"fr-FR\",\"@id\":\"https:\/\/redleafaquascaping.com\/fr\/produit\/aquario-neo-reliever\/#primaryimage\",\"url\":\"https:\/\/redleafaquascaping.com\/wp-content\/uploads\/2022\/01\/23_bc0e414a-bfff-4db6-8184-7d07f610e4e3_500x-1.jpg\",\"contentUrl\":\"https:\/\/redleafaquascaping.com\/wp-content\/uploads\/2022\/01\/23_bc0e414a-bfff-4db6-8184-7d07f610e4e3_500x-1.jpg\",\"width\":500,\"height\":500},{\"@type\":\"BreadcrumbList\",\"@id\":\"https:\/\/redleafaquascaping.com\/fr\/produit\/aquario-neo-reliever\/#breadcrumb\",\"itemListElement\":[{\"@type\":\"ListItem\",\"position\":1,\"name\":\"Home\",\"item\":\"https:\/\/redleafaquascaping.com\/fr\/\"},{\"@type\":\"ListItem\",\"position\":2,\"name\":\"Magasinez\",\"item\":\"https:\/\/redleafaquascaping.com\/fr\/magasinez\/\"},{\"@type\":\"ListItem\",\"position\":3,\"name\":\"Aquario Neo Reliever\"}]},{\"@type\":\"WebSite\",\"@id\":\"https:\/\/redleafaquascaping.com\/#website\",\"url\":\"https:\/\/redleafaquascaping.com\/\",\"name\":\"Red Leaf Aquascaping\",\"description\":\"Online Aquascaping Equipment Store\",\"publisher\":{\"@id\":\"https:\/\/redleafaquascaping.com\/#organization\"},\"potentialAction\":[{\"@type\":\"SearchAction\",\"target\":{\"@type\":\"EntryPoint\",\"urlTemplate\":\"https:\/\/redleafaquascaping.com\/?s={search_term_string}\"},\"query-input\":{\"@type\":\"PropertyValueSpecification\",\"valueRequired\":true,\"valueName\":\"search_term_string\"}}],\"inLanguage\":\"fr-FR\"},{\"@type\":\"Organization\",\"@id\":\"https:\/\/redleafaquascaping.com\/#organization\",\"name\":\"Aquascaping Red Leaf\",\"alternateName\":\"Red Leaf\",\"url\":\"https:\/\/redleafaquascaping.com\/\",\"logo\":{\"@type\":\"ImageObject\",\"inLanguage\":\"fr-FR\",\"@id\":\"https:\/\/redleafaquascaping.com\/#\/schema\/logo\/image\/\",\"url\":\"https:\/\/redleafaquascaping.com\/wp-content\/uploads\/2024\/08\/logo-seo.jpg\",\"contentUrl\":\"https:\/\/redleafaquascaping.com\/wp-content\/uploads\/2024\/08\/logo-seo.jpg\",\"width\":696,\"height\":696,\"caption\":\"Aquascaping Red Leaf\"},\"image\":{\"@id\":\"https:\/\/redleafaquascaping.com\/#\/schema\/logo\/image\/\"},\"sameAs\":[\"https:\/\/www.facebook.com\/Redleafaqua\"]}]}<\/script>\n<!-- \/ Yoast SEO plugin. -->","yoast_head_json":{"title":"Aquario Neo Reliever | Red Leaf Aquascaping","robots":{"index":"index","follow":"follow","max-snippet":"max-snippet:-1","max-image-preview":"max-image-preview:large","max-video-preview":"max-video-preview:-1"},"canonical":"https:\/\/redleafaquascaping.com\/fr\/produit\/aquario-neo-reliever\/","og_locale":"fr_FR","og_type":"article","og_title":"Aquario Neo Reliever | Red Leaf Aquascaping","og_description":"Fabriqu\u00e9 en mat\u00e9riau PETG  D\u00e9bit d'eau doux  R\u00e9gulation suppl\u00e9mentaire avec ailes lat\u00e9rales  Rotatif \u00e0 360\u00b0","og_url":"https:\/\/redleafaquascaping.com\/fr\/produit\/aquario-neo-reliever\/","og_site_name":"Red Leaf Aquascaping","article_publisher":"https:\/\/www.facebook.com\/Redleafaqua","article_modified_time":"2023-09-27T16:41:59+00:00","og_image":[{"width":500,"height":500,"url":"https:\/\/redleafaquascaping.com\/wp-content\/uploads\/2022\/01\/23_bc0e414a-bfff-4db6-8184-7d07f610e4e3_500x-1.jpg","type":"image\/jpeg"}],"twitter_card":"summary_large_image","twitter_misc":{"Dur\u00e9e de lecture estim\u00e9e":"2 minutes"},"schema":{"@context":"https:\/\/schema.org","@graph":[{"@type":"WebPage","@id":"https:\/\/redleafaquascaping.com\/fr\/produit\/aquario-neo-reliever\/","url":"https:\/\/redleafaquascaping.com\/fr\/produit\/aquario-neo-reliever\/","name":"Aquario Neo Reliever | Red Leaf Aquascaping","isPartOf":{"@id":"https:\/\/redleafaquascaping.com\/#website"},"primaryImageOfPage":{"@id":"https:\/\/redleafaquascaping.com\/fr\/produit\/aquario-neo-reliever\/#primaryimage"},"image":{"@id":"https:\/\/redleafaquascaping.com\/fr\/produit\/aquario-neo-reliever\/#primaryimage"},"thumbnailUrl":"https:\/\/redleafaquascaping.com\/wp-content\/uploads\/2022\/01\/23_bc0e414a-bfff-4db6-8184-7d07f610e4e3_500x-1.jpg","datePublished":"2023-09-27T16:41:57+00:00","dateModified":"2023-09-27T16:41:59+00:00","breadcrumb":{"@id":"https:\/\/redleafaquascaping.com\/fr\/produit\/aquario-neo-reliever\/#breadcrumb"},"inLanguage":"fr-FR","potentialAction":[{"@type":"ReadAction","target":["https:\/\/redleafaquascaping.com\/fr\/produit\/aquario-neo-reliever\/"]}]},{"@type":"ImageObject","inLanguage":"fr-FR","@id":"https:\/\/redleafaquascaping.com\/fr\/produit\/aquario-neo-reliever\/#primaryimage","url":"https:\/\/redleafaquascaping.com\/wp-content\/uploads\/2022\/01\/23_bc0e414a-bfff-4db6-8184-7d07f610e4e3_500x-1.jpg","contentUrl":"https:\/\/redleafaquascaping.com\/wp-content\/uploads\/2022\/01\/23_bc0e414a-bfff-4db6-8184-7d07f610e4e3_500x-1.jpg","width":500,"height":500},{"@type":"BreadcrumbList","@id":"https:\/\/redleafaquascaping.com\/fr\/produit\/aquario-neo-reliever\/#breadcrumb","itemListElement":[{"@type":"ListItem","position":1,"name":"Home","item":"https:\/\/redleafaquascaping.com\/fr\/"},{"@type":"ListItem","position":2,"name":"Magasinez","item":"https:\/\/redleafaquascaping.com\/fr\/magasinez\/"},{"@type":"ListItem","position":3,"name":"Aquario Neo Reliever"}]},{"@type":"WebSite","@id":"https:\/\/redleafaquascaping.com\/#website","url":"https:\/\/redleafaquascaping.com\/","name":"Red Leaf Aquascaping","description":"Online Aquascaping Equipment Store","publisher":{"@id":"https:\/\/redleafaquascaping.com\/#organization"},"potentialAction":[{"@type":"SearchAction","target":{"@type":"EntryPoint","urlTemplate":"https:\/\/redleafaquascaping.com\/?s={search_term_string}"},"query-input":{"@type":"PropertyValueSpecification","valueRequired":true,"valueName":"search_term_string"}}],"inLanguage":"fr-FR"},{"@type":"Organization","@id":"https:\/\/redleafaquascaping.com\/#organization","name":"Aquascaping Red Leaf","alternateName":"Red Leaf","url":"https:\/\/redleafaquascaping.com\/","logo":{"@type":"ImageObject","inLanguage":"fr-FR","@id":"https:\/\/redleafaquascaping.com\/#\/schema\/logo\/image\/","url":"https:\/\/redleafaquascaping.com\/wp-content\/uploads\/2024\/08\/logo-seo.jpg","contentUrl":"https:\/\/redleafaquascaping.com\/wp-content\/uploads\/2024\/08\/logo-seo.jpg","width":696,"height":696,"caption":"Aquascaping Red Leaf"},"image":{"@id":"https:\/\/redleafaquascaping.com\/#\/schema\/logo\/image\/"},"sameAs":["https:\/\/www.facebook.com\/Redleafaqua"]}]}},"_links":{"self":[{"href":"https:\/\/redleafaquascaping.com\/fr\/wp-json\/wp\/v2\/product\/9722","targetHints":{"allow":["GET"]}}],"collection":[{"href":"https:\/\/redleafaquascaping.com\/fr\/wp-json\/wp\/v2\/product"}],"about":[{"href":"https:\/\/redleafaquascaping.com\/fr\/wp-json\/wp\/v2\/types\/product"}],"wp:featuredmedia":[{"embeddable":true,"href":"https:\/\/redleafaquascaping.com\/fr\/wp-json\/wp\/v2\/media\/7755"}],"wp:attachment":[{"href":"https:\/\/redleafaquascaping.com\/fr\/wp-json\/wp\/v2\/media?parent=9722"}],"wp:term":[{"taxonomy":"product_brand","embeddable":true,"href":"https:\/\/redleafaquascaping.com\/fr\/wp-json\/wp\/v2\/product_brand?post=9722"},{"taxonomy":"product_cat","embeddable":true,"href":"https:\/\/redleafaquascaping.com\/fr\/wp-json\/wp\/v2\/product_cat?post=9722"},{"taxonomy":"product_tag","embeddable":true,"href":"https:\/\/redleafaquascaping.com\/fr\/wp-json\/wp\/v2\/product_tag?post=9722"}],"curies":[{"name":"wp","href":"https:\/\/api.w.org\/{rel}","templated":true}]}}