{"id":9725,"date":"2022-01-11T17:48:18","date_gmt":"2023-09-27T16:51:02","guid":{"rendered":"https:\/\/redleafaquascaping.com\/?post_type=product&#038;p=9725"},"modified":"2023-09-27T12:51:04","modified_gmt":"2023-09-27T16:51:04","slug":"aquario-neo-skimmer","status":"publish","type":"product","link":"https:\/\/redleafaquascaping.com\/fr\/produit\/aquario-neo-skimmer\/","title":{"rendered":"Aquario Neo Skimmer"},"content":{"rendered":"<div class=\"_2cuy _3dgx _2vxa\">Neo Skimmer offre la meilleure capacit\u00e9 d&rsquo;\u00e9limination du film d&rsquo;huile avec un design minimal.<br \/>\nLorsque le film d&rsquo;huile traverse le Neo Skimmer, il est broy\u00e9 tr\u00e8s finement. perd sa capacit\u00e9 de flottation et se m\u00e9lange \u00e0 l&rsquo;eau, il finira par p\u00e9n\u00e9trer dans l&rsquo;entr\u00e9e de vos filtres et se d\u00e9composera biologiquement<img decoding=\"async\" style=\"font-style: inherit; font-weight: inherit;\" src=\"https:\/\/cdn.shopify.com\/s\/files\/1\/0020\/2745\/4522\/files\/7_884c7180-1466-4ff8-85e9-a117d1a81cac_480x480.jpg?v=1626284109\" alt=\"\" \/><\/div>\n<div class=\"_2cuy _3dgx _2vxa\"><strong>Il est temps de changer ces vilaines tuyauteries vertes et grises !<\/strong><\/div>\n<div class=\"_2cuy _3dgx _2vxa\"><\/div>\n<div class=\"_2cuy _3dgx _2vxa\"><strong>Design compact<\/strong><br \/>\nAquario Neo Skimmer ne prend pas de place.<br \/>\nLe plus grand produit, taille L, ne mesure que 4 cm de largeur et 4,5 cm de hauteur.<\/div>\n<div class=\"_2cuy _3dgx _2vxa\"><\/div>\n<div class=\"_2cuy _3dgx _2vxa\"><\/div>\n<div class=\"_2cuy _3dgx _2vxa\"><strong>Aquario Neo Skimmer n&rsquo;a pas besoin d&rsquo;\u00e9lectricit\u00e9 !<\/strong><br \/>\nBas\u00e9 sur le principe de Bernoulli, il utilise la corr\u00e9lation entre la vitesse d&rsquo;\u00e9coulement et la pression.<\/div>\n<div class=\"_2cuy _3dgx _2vxa\" style=\"padding-left: 30px;\"><span style=\"color: #ffffff;\">.<\/span><\/div>\n<div class=\"_2cuy _3dgx _2vxa\"><\/div>\n<div class=\"_2cuy _3dgx _2vxa\"><strong>Aquario Neo Skimmer ne pi\u00e8ge pas les cr\u00e9atures !<\/strong><br \/>\nL&rsquo;aspect le plus r\u00e9volutionnaire de l&rsquo;\u00e9cumeur Aquario Neo est probablement le fait qu&rsquo;il ne deviendra pas un pi\u00e8ge mortel pour vos petits poissons ou crevettes ! Puisqu&rsquo;il est situ\u00e9 \u00e0 la sortie, toute cr\u00e9ature qui entre dans le skimmer est imm\u00e9diatement \u00e9vacu\u00e9e.<\/div>\n<div class=\"_2cuy _3dgx _2vxa\"><span style=\"color: #ffffff;\">.<\/span><\/div>\n<div class=\"_2cuy _3dgx _2vxa\"><\/div>\n<div class=\"_2cuy _3dgx _2vxa\">\n<p><strong>Facile \u00e0 r\u00e9gler avec a\u00e9ration possible<\/strong><br \/>\nLa possibilit\u00e9 de retirer le film peut \u00eatre ajust\u00e9e en d\u00e9pla\u00e7ant la pi\u00e8ce de haut en bas et en tournant les c\u00f4t\u00e9s gauche et droit.<\/p>\n<p><strong>Comment utiliser N\u00e9o Skimmer ?<\/strong><br \/>\nNe placez pas la surface de coupe dans le sens oppos\u00e9 \u00e0 la sortie de l\u2019eau. Ins\u00e9rez profond\u00e9ment la partie verticale et ajustez la capacit\u00e9 d&rsquo;\u00e9limination du film d&rsquo;huile en tournant la partie verticale \u00e0 gauche et \u00e0 droite.<\/p>\n<p><img decoding=\"async\" style=\"font-style: inherit; font-weight: inherit;\" src=\"https:\/\/cdn.shopify.com\/s\/files\/1\/0020\/2745\/4522\/files\/neoSkimmer3_480x480.jpg?v=1626285720\" alt=\"\" \/><\/div>\n<div style=\"text-align: center;\"><strong>L&rsquo;a\u00e9ration est possible lorsqu&rsquo;elle est \u00e9lev\u00e9e<img decoding=\"async\" src=\"https:\/\/cdn.shopify.com\/s\/files\/1\/0020\/2745\/4522\/files\/neoSkimmer2_480x480.jpg?v=1626285217\" alt=\"\" \/><br \/>\nDisponible en 2 tailles<\/strong><\/div>\n<p><strong>Neo Skimmer M<\/strong><br \/>\n(Pour Neo FLow 12\/16 mm, diam\u00e8tre ext\u00e9rieur 13 mm)<\/p>\n<p><strong>Neo Skimmer L<\/strong><br \/>\n(Pour Neo FLow 16\/22 mm, diam\u00e8tre ext\u00e9rieur 17 mm)<\/p>\n<p>Il s&rsquo;agit d&rsquo;une pi\u00e8ce compl\u00e9mentaire pour Aquario Neo Flow (vendue s\u00e9par\u00e9ment).<\/p>\n<p><strong>Pi\u00e8ces de rechange et accessoires disponibles<\/strong><\/p>\n<p>Neo Flow<br \/>\nNeo Reliever<br \/>\nNeo Holder<br \/>\n<strong>Neo Skimmer<\/strong><\/p>\n<div class=\"ast-oembed-container \" style=\"height: 100%;\"><iframe title=\"neo Flow Skimmer &amp; Reliever(\ub124\uc624 \ud50c\ub85c\uc6b0 \uc2a4\ud0a4\uba38\uc640 \ub9b4\ub9ac\ubc84)\" width=\"500\" height=\"281\" src=\"https:\/\/www.youtube.com\/embed\/RU48z3AiMJQ?feature=oembed\" frameborder=\"0\" allow=\"accelerometer; autoplay; clipboard-write; encrypted-media; gyroscope; picture-in-picture; web-share\" referrerpolicy=\"strict-origin-when-cross-origin\" allowfullscreen><\/iframe><\/div>\n","protected":false},"excerpt":{"rendered":"<ul>\n<li>Skimmer de surface innovant pour la sortie du filtre<\/li>\n<li>\u00c9limine efficacement les r\u00e9sidus de surface<\/li>\n<li>Visuellement tr\u00e8s discret<\/li>\n<li>D\u00e9bit r\u00e9glable<\/li>\n<\/ul>\n","protected":false},"featured_media":7695,"template":"","meta":{"site-sidebar-layout":"default","site-content-layout":"","ast-site-content-layout":"default","site-content-style":"default","site-sidebar-style":"default","ast-global-header-display":"","ast-banner-title-visibility":"","ast-main-header-display":"","ast-hfb-above-header-display":"","ast-hfb-below-header-display":"","ast-hfb-mobile-header-display":"","site-post-title":"","ast-breadcrumbs-content":"","ast-featured-img":"","footer-sml-layout":"","ast-disable-related-posts":"","theme-transparent-header-meta":"","adv-header-id-meta":"","stick-header-meta":"","header-above-stick-meta":"","header-main-stick-meta":"","header-below-stick-meta":"","astra-migrate-meta-layouts":"set","ast-page-background-enabled":"default","ast-page-background-meta":{"desktop":{"background-color":"","background-image":"","background-repeat":"repeat","background-position":"center center","background-size":"auto","background-attachment":"scroll","background-type":"","background-media":"","overlay-type":"","overlay-color":"","overlay-opacity":"","overlay-gradient":""},"tablet":{"background-color":"","background-image":"","background-repeat":"repeat","background-position":"center center","background-size":"auto","background-attachment":"scroll","background-type":"","background-media":"","overlay-type":"","overlay-color":"","overlay-opacity":"","overlay-gradient":""},"mobile":{"background-color":"","background-image":"","background-repeat":"repeat","background-position":"center center","background-size":"auto","background-attachment":"scroll","background-type":"","background-media":"","overlay-type":"","overlay-color":"","overlay-opacity":"","overlay-gradient":""}},"ast-content-background-meta":{"desktop":{"background-color":"var(--ast-global-color-5)","background-image":"","background-repeat":"repeat","background-position":"center center","background-size":"auto","background-attachment":"scroll","background-type":"","background-media":"","overlay-type":"","overlay-color":"","overlay-opacity":"","overlay-gradient":""},"tablet":{"background-color":"var(--ast-global-color-5)","background-image":"","background-repeat":"repeat","background-position":"center center","background-size":"auto","background-attachment":"scroll","background-type":"","background-media":"","overlay-type":"","overlay-color":"","overlay-opacity":"","overlay-gradient":""},"mobile":{"background-color":"var(--ast-global-color-5)","background-image":"","background-repeat":"repeat","background-position":"center center","background-size":"auto","background-attachment":"scroll","background-type":"","background-media":"","overlay-type":"","overlay-color":"","overlay-opacity":"","overlay-gradient":""}}},"product_brand":[],"product_cat":[460,1365,445],"product_tag":[1125,1231],"class_list":{"0":"post-9725","1":"product","2":"type-product","3":"status-publish","4":"has-post-thumbnail","6":"product_cat-accessoires-pour-entrees-sorties-deau","7":"product_cat-aquario","8":"product_cat-filtration-fr","9":"product_tag-aquario-fr","10":"product_tag-skimmer-fr","11":"desktop-align-left","12":"tablet-align-left","13":"mobile-align-left","14":"ast-product-gallery-layout-horizontal-slider","15":"ast-product-single-variable","16":"ast-product-tabs-layout-horizontal","18":"first","19":"instock","20":"taxable","21":"shipping-taxable","22":"purchasable","23":"product-type-variable"},"yoast_head":"<!-- This site is optimized with the Yoast SEO plugin v27.2 - https:\/\/yoast.com\/product\/yoast-seo-wordpress\/ -->\n<title>Aquario Neo Skimmer | Red Leaf Aquascaping<\/title>\n<meta name=\"robots\" content=\"index, follow, max-snippet:-1, max-image-preview:large, max-video-preview:-1\" \/>\n<link rel=\"canonical\" href=\"https:\/\/redleafaquascaping.com\/fr\/produit\/aquario-neo-skimmer\/\" \/>\n<meta property=\"og:locale\" content=\"fr_FR\" \/>\n<meta property=\"og:type\" content=\"article\" \/>\n<meta property=\"og:title\" content=\"Aquario Neo Skimmer | Red Leaf Aquascaping\" \/>\n<meta property=\"og:description\" content=\"Skimmer de surface innovant pour la sortie du filtre  \u00c9limine efficacement les r\u00e9sidus de surface  Visuellement tr\u00e8s discret  D\u00e9bit r\u00e9glable\" \/>\n<meta property=\"og:url\" content=\"https:\/\/redleafaquascaping.com\/fr\/produit\/aquario-neo-skimmer\/\" \/>\n<meta property=\"og:site_name\" content=\"Red Leaf Aquascaping\" \/>\n<meta property=\"article:publisher\" content=\"https:\/\/www.facebook.com\/Redleafaqua\" \/>\n<meta property=\"article:modified_time\" content=\"2023-09-27T16:51:04+00:00\" \/>\n<meta property=\"og:image\" content=\"https:\/\/redleafaquascaping.com\/wp-content\/uploads\/2022\/01\/24_5803b111-06e8-4cbf-931a-5f3b7ad6c076_500x.jpg\" \/>\n\t<meta property=\"og:image:width\" content=\"500\" \/>\n\t<meta property=\"og:image:height\" content=\"500\" \/>\n\t<meta property=\"og:image:type\" content=\"image\/jpeg\" \/>\n<meta name=\"twitter:card\" content=\"summary_large_image\" \/>\n<meta name=\"twitter:label1\" content=\"Dur\u00e9e de lecture estim\u00e9e\" \/>\n\t<meta name=\"twitter:data1\" content=\"2 minutes\" \/>\n<script type=\"application\/ld+json\" class=\"yoast-schema-graph\">{\"@context\":\"https:\/\/schema.org\",\"@graph\":[{\"@type\":\"WebPage\",\"@id\":\"https:\/\/redleafaquascaping.com\/fr\/produit\/aquario-neo-skimmer\/\",\"url\":\"https:\/\/redleafaquascaping.com\/fr\/produit\/aquario-neo-skimmer\/\",\"name\":\"Aquario Neo Skimmer | Red Leaf Aquascaping\",\"isPartOf\":{\"@id\":\"https:\/\/redleafaquascaping.com\/#website\"},\"primaryImageOfPage\":{\"@id\":\"https:\/\/redleafaquascaping.com\/fr\/produit\/aquario-neo-skimmer\/#primaryimage\"},\"image\":{\"@id\":\"https:\/\/redleafaquascaping.com\/fr\/produit\/aquario-neo-skimmer\/#primaryimage\"},\"thumbnailUrl\":\"https:\/\/redleafaquascaping.com\/wp-content\/uploads\/2022\/01\/24_5803b111-06e8-4cbf-931a-5f3b7ad6c076_500x.jpg\",\"datePublished\":\"2023-09-27T16:51:02+00:00\",\"dateModified\":\"2023-09-27T16:51:04+00:00\",\"breadcrumb\":{\"@id\":\"https:\/\/redleafaquascaping.com\/fr\/produit\/aquario-neo-skimmer\/#breadcrumb\"},\"inLanguage\":\"fr-FR\",\"potentialAction\":[{\"@type\":\"ReadAction\",\"target\":[\"https:\/\/redleafaquascaping.com\/fr\/produit\/aquario-neo-skimmer\/\"]}]},{\"@type\":\"ImageObject\",\"inLanguage\":\"fr-FR\",\"@id\":\"https:\/\/redleafaquascaping.com\/fr\/produit\/aquario-neo-skimmer\/#primaryimage\",\"url\":\"https:\/\/redleafaquascaping.com\/wp-content\/uploads\/2022\/01\/24_5803b111-06e8-4cbf-931a-5f3b7ad6c076_500x.jpg\",\"contentUrl\":\"https:\/\/redleafaquascaping.com\/wp-content\/uploads\/2022\/01\/24_5803b111-06e8-4cbf-931a-5f3b7ad6c076_500x.jpg\",\"width\":500,\"height\":500},{\"@type\":\"BreadcrumbList\",\"@id\":\"https:\/\/redleafaquascaping.com\/fr\/produit\/aquario-neo-skimmer\/#breadcrumb\",\"itemListElement\":[{\"@type\":\"ListItem\",\"position\":1,\"name\":\"Home\",\"item\":\"https:\/\/redleafaquascaping.com\/fr\/\"},{\"@type\":\"ListItem\",\"position\":2,\"name\":\"Magasinez\",\"item\":\"https:\/\/redleafaquascaping.com\/fr\/magasinez\/\"},{\"@type\":\"ListItem\",\"position\":3,\"name\":\"Aquario Neo Skimmer\"}]},{\"@type\":\"WebSite\",\"@id\":\"https:\/\/redleafaquascaping.com\/#website\",\"url\":\"https:\/\/redleafaquascaping.com\/\",\"name\":\"Red Leaf Aquascaping\",\"description\":\"Online Aquascaping Equipment Store\",\"publisher\":{\"@id\":\"https:\/\/redleafaquascaping.com\/#organization\"},\"potentialAction\":[{\"@type\":\"SearchAction\",\"target\":{\"@type\":\"EntryPoint\",\"urlTemplate\":\"https:\/\/redleafaquascaping.com\/?s={search_term_string}\"},\"query-input\":{\"@type\":\"PropertyValueSpecification\",\"valueRequired\":true,\"valueName\":\"search_term_string\"}}],\"inLanguage\":\"fr-FR\"},{\"@type\":\"Organization\",\"@id\":\"https:\/\/redleafaquascaping.com\/#organization\",\"name\":\"Aquascaping Red Leaf\",\"alternateName\":\"Red Leaf\",\"url\":\"https:\/\/redleafaquascaping.com\/\",\"logo\":{\"@type\":\"ImageObject\",\"inLanguage\":\"fr-FR\",\"@id\":\"https:\/\/redleafaquascaping.com\/#\/schema\/logo\/image\/\",\"url\":\"https:\/\/redleafaquascaping.com\/wp-content\/uploads\/2024\/08\/logo-seo.jpg\",\"contentUrl\":\"https:\/\/redleafaquascaping.com\/wp-content\/uploads\/2024\/08\/logo-seo.jpg\",\"width\":696,\"height\":696,\"caption\":\"Aquascaping Red Leaf\"},\"image\":{\"@id\":\"https:\/\/redleafaquascaping.com\/#\/schema\/logo\/image\/\"},\"sameAs\":[\"https:\/\/www.facebook.com\/Redleafaqua\"]}]}<\/script>\n<!-- \/ Yoast SEO plugin. -->","yoast_head_json":{"title":"Aquario Neo Skimmer | Red Leaf Aquascaping","robots":{"index":"index","follow":"follow","max-snippet":"max-snippet:-1","max-image-preview":"max-image-preview:large","max-video-preview":"max-video-preview:-1"},"canonical":"https:\/\/redleafaquascaping.com\/fr\/produit\/aquario-neo-skimmer\/","og_locale":"fr_FR","og_type":"article","og_title":"Aquario Neo Skimmer | Red Leaf Aquascaping","og_description":"Skimmer de surface innovant pour la sortie du filtre  \u00c9limine efficacement les r\u00e9sidus de surface  Visuellement tr\u00e8s discret  D\u00e9bit r\u00e9glable","og_url":"https:\/\/redleafaquascaping.com\/fr\/produit\/aquario-neo-skimmer\/","og_site_name":"Red Leaf Aquascaping","article_publisher":"https:\/\/www.facebook.com\/Redleafaqua","article_modified_time":"2023-09-27T16:51:04+00:00","og_image":[{"width":500,"height":500,"url":"https:\/\/redleafaquascaping.com\/wp-content\/uploads\/2022\/01\/24_5803b111-06e8-4cbf-931a-5f3b7ad6c076_500x.jpg","type":"image\/jpeg"}],"twitter_card":"summary_large_image","twitter_misc":{"Dur\u00e9e de lecture estim\u00e9e":"2 minutes"},"schema":{"@context":"https:\/\/schema.org","@graph":[{"@type":"WebPage","@id":"https:\/\/redleafaquascaping.com\/fr\/produit\/aquario-neo-skimmer\/","url":"https:\/\/redleafaquascaping.com\/fr\/produit\/aquario-neo-skimmer\/","name":"Aquario Neo Skimmer | Red Leaf Aquascaping","isPartOf":{"@id":"https:\/\/redleafaquascaping.com\/#website"},"primaryImageOfPage":{"@id":"https:\/\/redleafaquascaping.com\/fr\/produit\/aquario-neo-skimmer\/#primaryimage"},"image":{"@id":"https:\/\/redleafaquascaping.com\/fr\/produit\/aquario-neo-skimmer\/#primaryimage"},"thumbnailUrl":"https:\/\/redleafaquascaping.com\/wp-content\/uploads\/2022\/01\/24_5803b111-06e8-4cbf-931a-5f3b7ad6c076_500x.jpg","datePublished":"2023-09-27T16:51:02+00:00","dateModified":"2023-09-27T16:51:04+00:00","breadcrumb":{"@id":"https:\/\/redleafaquascaping.com\/fr\/produit\/aquario-neo-skimmer\/#breadcrumb"},"inLanguage":"fr-FR","potentialAction":[{"@type":"ReadAction","target":["https:\/\/redleafaquascaping.com\/fr\/produit\/aquario-neo-skimmer\/"]}]},{"@type":"ImageObject","inLanguage":"fr-FR","@id":"https:\/\/redleafaquascaping.com\/fr\/produit\/aquario-neo-skimmer\/#primaryimage","url":"https:\/\/redleafaquascaping.com\/wp-content\/uploads\/2022\/01\/24_5803b111-06e8-4cbf-931a-5f3b7ad6c076_500x.jpg","contentUrl":"https:\/\/redleafaquascaping.com\/wp-content\/uploads\/2022\/01\/24_5803b111-06e8-4cbf-931a-5f3b7ad6c076_500x.jpg","width":500,"height":500},{"@type":"BreadcrumbList","@id":"https:\/\/redleafaquascaping.com\/fr\/produit\/aquario-neo-skimmer\/#breadcrumb","itemListElement":[{"@type":"ListItem","position":1,"name":"Home","item":"https:\/\/redleafaquascaping.com\/fr\/"},{"@type":"ListItem","position":2,"name":"Magasinez","item":"https:\/\/redleafaquascaping.com\/fr\/magasinez\/"},{"@type":"ListItem","position":3,"name":"Aquario Neo Skimmer"}]},{"@type":"WebSite","@id":"https:\/\/redleafaquascaping.com\/#website","url":"https:\/\/redleafaquascaping.com\/","name":"Red Leaf Aquascaping","description":"Online Aquascaping Equipment Store","publisher":{"@id":"https:\/\/redleafaquascaping.com\/#organization"},"potentialAction":[{"@type":"SearchAction","target":{"@type":"EntryPoint","urlTemplate":"https:\/\/redleafaquascaping.com\/?s={search_term_string}"},"query-input":{"@type":"PropertyValueSpecification","valueRequired":true,"valueName":"search_term_string"}}],"inLanguage":"fr-FR"},{"@type":"Organization","@id":"https:\/\/redleafaquascaping.com\/#organization","name":"Aquascaping Red Leaf","alternateName":"Red Leaf","url":"https:\/\/redleafaquascaping.com\/","logo":{"@type":"ImageObject","inLanguage":"fr-FR","@id":"https:\/\/redleafaquascaping.com\/#\/schema\/logo\/image\/","url":"https:\/\/redleafaquascaping.com\/wp-content\/uploads\/2024\/08\/logo-seo.jpg","contentUrl":"https:\/\/redleafaquascaping.com\/wp-content\/uploads\/2024\/08\/logo-seo.jpg","width":696,"height":696,"caption":"Aquascaping Red Leaf"},"image":{"@id":"https:\/\/redleafaquascaping.com\/#\/schema\/logo\/image\/"},"sameAs":["https:\/\/www.facebook.com\/Redleafaqua"]}]}},"_links":{"self":[{"href":"https:\/\/redleafaquascaping.com\/fr\/wp-json\/wp\/v2\/product\/9725","targetHints":{"allow":["GET"]}}],"collection":[{"href":"https:\/\/redleafaquascaping.com\/fr\/wp-json\/wp\/v2\/product"}],"about":[{"href":"https:\/\/redleafaquascaping.com\/fr\/wp-json\/wp\/v2\/types\/product"}],"wp:featuredmedia":[{"embeddable":true,"href":"https:\/\/redleafaquascaping.com\/fr\/wp-json\/wp\/v2\/media\/7695"}],"wp:attachment":[{"href":"https:\/\/redleafaquascaping.com\/fr\/wp-json\/wp\/v2\/media?parent=9725"}],"wp:term":[{"taxonomy":"product_brand","embeddable":true,"href":"https:\/\/redleafaquascaping.com\/fr\/wp-json\/wp\/v2\/product_brand?post=9725"},{"taxonomy":"product_cat","embeddable":true,"href":"https:\/\/redleafaquascaping.com\/fr\/wp-json\/wp\/v2\/product_cat?post=9725"},{"taxonomy":"product_tag","embeddable":true,"href":"https:\/\/redleafaquascaping.com\/fr\/wp-json\/wp\/v2\/product_tag?post=9725"}],"curies":[{"name":"wp","href":"https:\/\/api.w.org\/{rel}","templated":true}]}}