{"id":9763,"date":"2021-10-14T15:45:16","date_gmt":"2023-10-25T18:24:25","guid":{"rendered":"https:\/\/redleafaquascaping.com\/?post_type=product&#038;p=9763"},"modified":"2023-10-25T14:24:26","modified_gmt":"2023-10-25T18:24:26","slug":"dooa-jungle-base","status":"publish","type":"product","link":"https:\/\/redleafaquascaping.com\/fr\/produit\/dooa-jungle-base\/","title":{"rendered":"DOOA JUNGLE BASE"},"content":{"rendered":"<p>Jungle Base de DOOA est un substrat sp\u00e9cial pour une utilisation dans les paludariums et les aquaterrariums, qui est \u00e9tal\u00e9 comme couche inf\u00e9rieure dans l&rsquo;aquarium. Il est \u00e0 base de pierre ponce et de poudre de charbon de bois et contient \u00e9galement des bact\u00e9ries b\u00e9n\u00e9fiques du sol. Cette combinaison am\u00e9liore la perm\u00e9abilit\u00e9 \u00e0 l&rsquo;air du substrat, a un effet positif sur la croissance des plantes et pr\u00e9vient la pourriture des racines. Jungle Base est id\u00e9alement utilis\u00e9 comme couche de base sous une couche sup\u00e9rieure de Jungle Soil.<\/p>\n","protected":false},"excerpt":{"rendered":"<ul>\n<li>Substrat pour paludariums<\/li>\n<li>Contient de la pierre ponce et de la poudre de charbon de bois<\/li>\n<li>Pour une bonne perm\u00e9abilit\u00e9 \u00e0 l&rsquo;air dans la couche inf\u00e9rieure du sol<\/li>\n<li>Favorise une croissance efficace des plantes<\/li>\n<li>Pr\u00e9vient la pourriture des racines caus\u00e9e par l&rsquo;eau stagnante<\/li>\n<\/ul>\n","protected":false},"featured_media":4987,"template":"","meta":{"site-sidebar-layout":"default","site-content-layout":"","ast-site-content-layout":"default","site-content-style":"default","site-sidebar-style":"default","ast-global-header-display":"","ast-banner-title-visibility":"","ast-main-header-display":"","ast-hfb-above-header-display":"","ast-hfb-below-header-display":"","ast-hfb-mobile-header-display":"","site-post-title":"","ast-breadcrumbs-content":"","ast-featured-img":"","footer-sml-layout":"","ast-disable-related-posts":"","theme-transparent-header-meta":"default","adv-header-id-meta":"","stick-header-meta":"","header-above-stick-meta":"","header-main-stick-meta":"","header-below-stick-meta":"","astra-migrate-meta-layouts":"set","ast-page-background-enabled":"default","ast-page-background-meta":{"desktop":{"background-color":"","background-image":"","background-repeat":"repeat","background-position":"center center","background-size":"auto","background-attachment":"scroll","background-type":"","background-media":"","overlay-type":"","overlay-color":"","overlay-opacity":"","overlay-gradient":""},"tablet":{"background-color":"","background-image":"","background-repeat":"repeat","background-position":"center center","background-size":"auto","background-attachment":"scroll","background-type":"","background-media":"","overlay-type":"","overlay-color":"","overlay-opacity":"","overlay-gradient":""},"mobile":{"background-color":"","background-image":"","background-repeat":"repeat","background-position":"center center","background-size":"auto","background-attachment":"scroll","background-type":"","background-media":"","overlay-type":"","overlay-color":"","overlay-opacity":"","overlay-gradient":""}},"ast-content-background-meta":{"desktop":{"background-color":"var(--ast-global-color-5)","background-image":"","background-repeat":"repeat","background-position":"center center","background-size":"auto","background-attachment":"scroll","background-type":"","background-media":"","overlay-type":"","overlay-color":"","overlay-opacity":"","overlay-gradient":""},"tablet":{"background-color":"var(--ast-global-color-5)","background-image":"","background-repeat":"repeat","background-position":"center center","background-size":"auto","background-attachment":"scroll","background-type":"","background-media":"","overlay-type":"","overlay-color":"","overlay-opacity":"","overlay-gradient":""},"mobile":{"background-color":"var(--ast-global-color-5)","background-image":"","background-repeat":"repeat","background-position":"center center","background-size":"auto","background-attachment":"scroll","background-type":"","background-media":"","overlay-type":"","overlay-color":"","overlay-opacity":"","overlay-gradient":""}}},"product_brand":[],"product_cat":[1369,1244,390,1246],"product_tag":[1168,1559,1280,1556],"class_list":{"0":"post-9763","1":"product","2":"type-product","3":"status-publish","4":"has-post-thumbnail","6":"product_cat-dooa-fr","7":"product_cat-paludarium-soil-fr","8":"product_cat-substrat","9":"product_cat-wabi-kusa-fr","10":"product_tag-base-fr","11":"product_tag-bottom-fr","12":"product_tag-jungle-fr","13":"product_tag-substrate-fr","14":"desktop-align-left","15":"tablet-align-left","16":"mobile-align-left","17":"ast-product-gallery-layout-horizontal-slider","18":"ast-product-tabs-layout-horizontal","20":"first","21":"instock","22":"taxable","23":"shipping-taxable","24":"purchasable","25":"product-type-simple"},"yoast_head":"<!-- This site is optimized with the Yoast SEO plugin v27.2 - https:\/\/yoast.com\/product\/yoast-seo-wordpress\/ -->\n<title>DOOA JUNGLE BASE | Red Leaf Aquascaping<\/title>\n<meta name=\"robots\" content=\"index, follow, max-snippet:-1, max-image-preview:large, max-video-preview:-1\" \/>\n<link rel=\"canonical\" href=\"https:\/\/redleafaquascaping.com\/fr\/produit\/dooa-jungle-base\/\" \/>\n<meta property=\"og:locale\" content=\"fr_FR\" \/>\n<meta property=\"og:type\" content=\"article\" \/>\n<meta property=\"og:title\" content=\"DOOA JUNGLE BASE | Red Leaf Aquascaping\" \/>\n<meta property=\"og:description\" content=\"Substrat pour paludariums  Contient de la pierre ponce et de la poudre de charbon de bois  Pour une bonne perm\u00e9abilit\u00e9 \u00e0 l&#039;air dans la couche inf\u00e9rieure du sol  Favorise une croissance efficace des plantes  Pr\u00e9vient la pourriture des racines caus\u00e9e par l&#039;eau stagnante\" \/>\n<meta property=\"og:url\" content=\"https:\/\/redleafaquascaping.com\/fr\/produit\/dooa-jungle-base\/\" \/>\n<meta property=\"og:site_name\" content=\"Red Leaf Aquascaping\" \/>\n<meta property=\"article:publisher\" content=\"https:\/\/www.facebook.com\/Redleafaqua\" \/>\n<meta property=\"article:modified_time\" content=\"2023-10-25T18:24:26+00:00\" \/>\n<meta property=\"og:image\" content=\"https:\/\/redleafaquascaping.com\/wp-content\/uploads\/2021\/10\/JUNGLE-BASE_01.jpg\" \/>\n\t<meta property=\"og:image:width\" content=\"1500\" \/>\n\t<meta property=\"og:image:height\" content=\"1500\" \/>\n\t<meta property=\"og:image:type\" content=\"image\/jpeg\" \/>\n<meta name=\"twitter:card\" content=\"summary_large_image\" \/>\n<meta name=\"twitter:label1\" content=\"Dur\u00e9e de lecture estim\u00e9e\" \/>\n\t<meta name=\"twitter:data1\" content=\"1 minute\" \/>\n<script type=\"application\/ld+json\" class=\"yoast-schema-graph\">{\"@context\":\"https:\/\/schema.org\",\"@graph\":[{\"@type\":\"WebPage\",\"@id\":\"https:\/\/redleafaquascaping.com\/fr\/produit\/dooa-jungle-base\/\",\"url\":\"https:\/\/redleafaquascaping.com\/fr\/produit\/dooa-jungle-base\/\",\"name\":\"DOOA JUNGLE BASE | Red Leaf Aquascaping\",\"isPartOf\":{\"@id\":\"https:\/\/redleafaquascaping.com\/#website\"},\"primaryImageOfPage\":{\"@id\":\"https:\/\/redleafaquascaping.com\/fr\/produit\/dooa-jungle-base\/#primaryimage\"},\"image\":{\"@id\":\"https:\/\/redleafaquascaping.com\/fr\/produit\/dooa-jungle-base\/#primaryimage\"},\"thumbnailUrl\":\"https:\/\/redleafaquascaping.com\/wp-content\/uploads\/2021\/10\/JUNGLE-BASE_01.jpg\",\"datePublished\":\"2023-10-25T18:24:25+00:00\",\"dateModified\":\"2023-10-25T18:24:26+00:00\",\"breadcrumb\":{\"@id\":\"https:\/\/redleafaquascaping.com\/fr\/produit\/dooa-jungle-base\/#breadcrumb\"},\"inLanguage\":\"fr-FR\",\"potentialAction\":[{\"@type\":\"ReadAction\",\"target\":[\"https:\/\/redleafaquascaping.com\/fr\/produit\/dooa-jungle-base\/\"]}]},{\"@type\":\"ImageObject\",\"inLanguage\":\"fr-FR\",\"@id\":\"https:\/\/redleafaquascaping.com\/fr\/produit\/dooa-jungle-base\/#primaryimage\",\"url\":\"https:\/\/redleafaquascaping.com\/wp-content\/uploads\/2021\/10\/JUNGLE-BASE_01.jpg\",\"contentUrl\":\"https:\/\/redleafaquascaping.com\/wp-content\/uploads\/2021\/10\/JUNGLE-BASE_01.jpg\",\"width\":1500,\"height\":1500},{\"@type\":\"BreadcrumbList\",\"@id\":\"https:\/\/redleafaquascaping.com\/fr\/produit\/dooa-jungle-base\/#breadcrumb\",\"itemListElement\":[{\"@type\":\"ListItem\",\"position\":1,\"name\":\"Home\",\"item\":\"https:\/\/redleafaquascaping.com\/fr\/\"},{\"@type\":\"ListItem\",\"position\":2,\"name\":\"Magasinez\",\"item\":\"https:\/\/redleafaquascaping.com\/fr\/magasinez\/\"},{\"@type\":\"ListItem\",\"position\":3,\"name\":\"DOOA JUNGLE BASE\"}]},{\"@type\":\"WebSite\",\"@id\":\"https:\/\/redleafaquascaping.com\/#website\",\"url\":\"https:\/\/redleafaquascaping.com\/\",\"name\":\"Red Leaf Aquascaping\",\"description\":\"Online Aquascaping Equipment Store\",\"publisher\":{\"@id\":\"https:\/\/redleafaquascaping.com\/#organization\"},\"potentialAction\":[{\"@type\":\"SearchAction\",\"target\":{\"@type\":\"EntryPoint\",\"urlTemplate\":\"https:\/\/redleafaquascaping.com\/?s={search_term_string}\"},\"query-input\":{\"@type\":\"PropertyValueSpecification\",\"valueRequired\":true,\"valueName\":\"search_term_string\"}}],\"inLanguage\":\"fr-FR\"},{\"@type\":\"Organization\",\"@id\":\"https:\/\/redleafaquascaping.com\/#organization\",\"name\":\"Aquascaping Red Leaf\",\"alternateName\":\"Red Leaf\",\"url\":\"https:\/\/redleafaquascaping.com\/\",\"logo\":{\"@type\":\"ImageObject\",\"inLanguage\":\"fr-FR\",\"@id\":\"https:\/\/redleafaquascaping.com\/#\/schema\/logo\/image\/\",\"url\":\"https:\/\/redleafaquascaping.com\/wp-content\/uploads\/2024\/08\/logo-seo.jpg\",\"contentUrl\":\"https:\/\/redleafaquascaping.com\/wp-content\/uploads\/2024\/08\/logo-seo.jpg\",\"width\":696,\"height\":696,\"caption\":\"Aquascaping Red Leaf\"},\"image\":{\"@id\":\"https:\/\/redleafaquascaping.com\/#\/schema\/logo\/image\/\"},\"sameAs\":[\"https:\/\/www.facebook.com\/Redleafaqua\"]}]}<\/script>\n<!-- \/ Yoast SEO plugin. -->","yoast_head_json":{"title":"DOOA JUNGLE BASE | Red Leaf Aquascaping","robots":{"index":"index","follow":"follow","max-snippet":"max-snippet:-1","max-image-preview":"max-image-preview:large","max-video-preview":"max-video-preview:-1"},"canonical":"https:\/\/redleafaquascaping.com\/fr\/produit\/dooa-jungle-base\/","og_locale":"fr_FR","og_type":"article","og_title":"DOOA JUNGLE BASE | Red Leaf Aquascaping","og_description":"Substrat pour paludariums  Contient de la pierre ponce et de la poudre de charbon de bois  Pour une bonne perm\u00e9abilit\u00e9 \u00e0 l'air dans la couche inf\u00e9rieure du sol  Favorise une croissance efficace des plantes  Pr\u00e9vient la pourriture des racines caus\u00e9e par l'eau stagnante","og_url":"https:\/\/redleafaquascaping.com\/fr\/produit\/dooa-jungle-base\/","og_site_name":"Red Leaf Aquascaping","article_publisher":"https:\/\/www.facebook.com\/Redleafaqua","article_modified_time":"2023-10-25T18:24:26+00:00","og_image":[{"width":1500,"height":1500,"url":"https:\/\/redleafaquascaping.com\/wp-content\/uploads\/2021\/10\/JUNGLE-BASE_01.jpg","type":"image\/jpeg"}],"twitter_card":"summary_large_image","twitter_misc":{"Dur\u00e9e de lecture estim\u00e9e":"1 minute"},"schema":{"@context":"https:\/\/schema.org","@graph":[{"@type":"WebPage","@id":"https:\/\/redleafaquascaping.com\/fr\/produit\/dooa-jungle-base\/","url":"https:\/\/redleafaquascaping.com\/fr\/produit\/dooa-jungle-base\/","name":"DOOA JUNGLE BASE | Red Leaf Aquascaping","isPartOf":{"@id":"https:\/\/redleafaquascaping.com\/#website"},"primaryImageOfPage":{"@id":"https:\/\/redleafaquascaping.com\/fr\/produit\/dooa-jungle-base\/#primaryimage"},"image":{"@id":"https:\/\/redleafaquascaping.com\/fr\/produit\/dooa-jungle-base\/#primaryimage"},"thumbnailUrl":"https:\/\/redleafaquascaping.com\/wp-content\/uploads\/2021\/10\/JUNGLE-BASE_01.jpg","datePublished":"2023-10-25T18:24:25+00:00","dateModified":"2023-10-25T18:24:26+00:00","breadcrumb":{"@id":"https:\/\/redleafaquascaping.com\/fr\/produit\/dooa-jungle-base\/#breadcrumb"},"inLanguage":"fr-FR","potentialAction":[{"@type":"ReadAction","target":["https:\/\/redleafaquascaping.com\/fr\/produit\/dooa-jungle-base\/"]}]},{"@type":"ImageObject","inLanguage":"fr-FR","@id":"https:\/\/redleafaquascaping.com\/fr\/produit\/dooa-jungle-base\/#primaryimage","url":"https:\/\/redleafaquascaping.com\/wp-content\/uploads\/2021\/10\/JUNGLE-BASE_01.jpg","contentUrl":"https:\/\/redleafaquascaping.com\/wp-content\/uploads\/2021\/10\/JUNGLE-BASE_01.jpg","width":1500,"height":1500},{"@type":"BreadcrumbList","@id":"https:\/\/redleafaquascaping.com\/fr\/produit\/dooa-jungle-base\/#breadcrumb","itemListElement":[{"@type":"ListItem","position":1,"name":"Home","item":"https:\/\/redleafaquascaping.com\/fr\/"},{"@type":"ListItem","position":2,"name":"Magasinez","item":"https:\/\/redleafaquascaping.com\/fr\/magasinez\/"},{"@type":"ListItem","position":3,"name":"DOOA JUNGLE BASE"}]},{"@type":"WebSite","@id":"https:\/\/redleafaquascaping.com\/#website","url":"https:\/\/redleafaquascaping.com\/","name":"Red Leaf Aquascaping","description":"Online Aquascaping Equipment Store","publisher":{"@id":"https:\/\/redleafaquascaping.com\/#organization"},"potentialAction":[{"@type":"SearchAction","target":{"@type":"EntryPoint","urlTemplate":"https:\/\/redleafaquascaping.com\/?s={search_term_string}"},"query-input":{"@type":"PropertyValueSpecification","valueRequired":true,"valueName":"search_term_string"}}],"inLanguage":"fr-FR"},{"@type":"Organization","@id":"https:\/\/redleafaquascaping.com\/#organization","name":"Aquascaping Red Leaf","alternateName":"Red Leaf","url":"https:\/\/redleafaquascaping.com\/","logo":{"@type":"ImageObject","inLanguage":"fr-FR","@id":"https:\/\/redleafaquascaping.com\/#\/schema\/logo\/image\/","url":"https:\/\/redleafaquascaping.com\/wp-content\/uploads\/2024\/08\/logo-seo.jpg","contentUrl":"https:\/\/redleafaquascaping.com\/wp-content\/uploads\/2024\/08\/logo-seo.jpg","width":696,"height":696,"caption":"Aquascaping Red Leaf"},"image":{"@id":"https:\/\/redleafaquascaping.com\/#\/schema\/logo\/image\/"},"sameAs":["https:\/\/www.facebook.com\/Redleafaqua"]}]}},"_links":{"self":[{"href":"https:\/\/redleafaquascaping.com\/fr\/wp-json\/wp\/v2\/product\/9763","targetHints":{"allow":["GET"]}}],"collection":[{"href":"https:\/\/redleafaquascaping.com\/fr\/wp-json\/wp\/v2\/product"}],"about":[{"href":"https:\/\/redleafaquascaping.com\/fr\/wp-json\/wp\/v2\/types\/product"}],"wp:featuredmedia":[{"embeddable":true,"href":"https:\/\/redleafaquascaping.com\/fr\/wp-json\/wp\/v2\/media\/4987"}],"wp:attachment":[{"href":"https:\/\/redleafaquascaping.com\/fr\/wp-json\/wp\/v2\/media?parent=9763"}],"wp:term":[{"taxonomy":"product_brand","embeddable":true,"href":"https:\/\/redleafaquascaping.com\/fr\/wp-json\/wp\/v2\/product_brand?post=9763"},{"taxonomy":"product_cat","embeddable":true,"href":"https:\/\/redleafaquascaping.com\/fr\/wp-json\/wp\/v2\/product_cat?post=9763"},{"taxonomy":"product_tag","embeddable":true,"href":"https:\/\/redleafaquascaping.com\/fr\/wp-json\/wp\/v2\/product_tag?post=9763"}],"curies":[{"name":"wp","href":"https:\/\/api.w.org\/{rel}","templated":true}]}}